{"id":19626,"date":"2021-03-11T01:18:32","date_gmt":"2021-03-10T23:18:32","guid":{"rendered":"https:\/\/wifi.se\/?post_type=product&#038;p=19626"},"modified":"2025-02-24T04:20:28","modified_gmt":"2025-02-24T02:20:28","slug":"antena-5g-autoadhesiva-antena-de-parche-3g-4g-5g-conector-sma-macho","status":"publish","type":"product","link":"https:\/\/wifi.se\/es\/product\/antena-5g-autoadhesiva-antena-de-parche-3g-4g-5g-conector-sma-macho\/","title":{"rendered":"Antena 5G autoadhesiva \/ Antena de parche 3G\/4G\/5G &#8211; Conector SMA macho"},"content":{"rendered":"<p class=\"p1\"><b>ANTENA AUTOADHESIVA 5G CON CABLE DE 2,5 METROS<\/b><b><\/b><\/p>\n<p class=\"p3\">Esta antena patch autoadhesiva es completamente nueva y compatible con redes <span class=\"s1\"><b>5G<\/b><\/span>, adem\u00e1s de funcionar perfectamente con redes 3G y 4G. Tiene una banda de frecuencia muy amplia combinada con una excelente amplificaci\u00f3n de se\u00f1al.<\/p>\n<p class=\"p3\">Es una antena discreta con cable de 2,5 metros y conector <span class=\"s1\"><b>SMA macho<\/b><\/span>, espec\u00edficamente dise\u00f1ada para soportar redes 5G, algo poco habitual en antenas de este tipo. Puede instalarse f\u00e1cilmente tanto en interiores como en exteriores, adhiri\u00e9ndose r\u00e1pidamente a cualquier superficie para una instalaci\u00f3n discreta.<\/p>\n<p class=\"p3\"><span class=\"s1\"><b>Consejo:<\/b><\/span> Primero fija ligeramente la antena para comprobar que consigues la cobertura deseada antes de fijarla definitivamente.<\/p>\n<p class=\"p3\">Recomendamos esta antena 5G especialmente para quien quiera mejorar la recepci\u00f3n de se\u00f1al en interiores junto a su router.<\/p>\n","protected":false},"excerpt":{"rendered":"<p class=\"p1\">Una antena autoadhesiva 5G, premiada y compatible con todas las redes m\u00f3viles. Se adhiere f\u00e1cilmente a casi cualquier superficie. Incluye un cable de 2,5 metros y conector SMA macho. Esta antena obtuvo el premio <span class=\"s1\"><b>\u00abMejor en Pruebas\u00bb<\/b><\/span>(\u00abB\u00e4st i test\u00bb) en la evaluaci\u00f3n realizada por la revista <span class=\"s1\"><b>\u00abPC f\u00f6r alla\u00bb<\/b><\/span> para antenas 4G. Adem\u00e1s, es compatible con redes 5G y ofrece una velocidad excepcional. (Nota: necesitar\u00e1s dos antenas por cada router). Gracias a su discreci\u00f3n y facilidad para ocultarse, la recomendamos especialmente para veh\u00edculos y barcos.<\/p>\n","protected":false},"featured_media":30281,"template":"","meta":{"_acf_changed":false},"product_brand":[],"product_cat":[165,258],"product_tag":[167,243,352],"class_list":{"0":"post-19626","1":"product","2":"type-product","3":"status-publish","4":"has-post-thumbnail","6":"product_cat-cobertura-maxima","7":"product_cat-antena-de-parche","8":"product_tag-antenn","9":"product_tag-patchantenn","10":"product_tag-white_week","11":"product_shipping_class-antenner","13":"first","14":"instock","15":"taxable","16":"shipping-taxable","17":"purchasable","18":"product-type-simple"},"bundled_by":[],"bundle_stock_status":"instock","bundle_stock_quantity":null,"bundle_virtual":false,"bundle_layout":"","bundle_add_to_cart_form_location":"","bundle_editable_in_cart":false,"bundle_sold_individually_context":"","bundle_item_grouping":"","bundle_min_size":"","bundle_max_size":"","bundle_price":[],"bundled_items":[],"bundle_sell_ids":[],"acf":{"accounting_number":"1940","accounting_number_kopiera2":"2611","accounting_number_kopiera3":"3014","accounting_number_kopiera4":"3520","accounting_number_kopiera5":"1510","accounting_number_kopiera6":"1511"},"yoast_head":"<!-- This site is optimized with the Yoast SEO plugin v27.1.1 - https:\/\/yoast.com\/product\/yoast-seo-wordpress\/ -->\n<title>Antena autoadhesiva \/ patch 3G\/4G\/5G \u2013 conector SMA macho<\/title>\n<meta name=\"description\" content=\"Antena autoadhesiva \/ antena patch 5G \u2013 conector SMA macho. Compatible con todas las frecuencias, incluyendo soporte para redes 5G.\" \/>\n<meta name=\"robots\" content=\"index, follow, max-snippet:-1, max-image-preview:large, max-video-preview:-1\" \/>\n<link rel=\"canonical\" href=\"https:\/\/wifi.se\/es\/product\/antena-5g-autoadhesiva-antena-de-parche-3g-4g-5g-conector-sma-macho\/\" \/>\n<meta property=\"og:locale\" content=\"es_ES\" \/>\n<meta property=\"og:type\" content=\"article\" \/>\n<meta property=\"og:title\" content=\"Antena autoadhesiva \/ patch 3G\/4G\/5G \u2013 conector SMA macho\" \/>\n<meta property=\"og:description\" content=\"Antena autoadhesiva \/ antena patch 5G \u2013 conector SMA macho. Compatible con todas las frecuencias, incluyendo soporte para redes 5G.\" \/>\n<meta property=\"og:url\" content=\"https:\/\/wifi.se\/es\/product\/antena-5g-autoadhesiva-antena-de-parche-3g-4g-5g-conector-sma-macho\/\" \/>\n<meta property=\"og:site_name\" content=\"WIFI.SE\/ES\" \/>\n<meta property=\"article:modified_time\" content=\"2025-02-24T02:20:28+00:00\" \/>\n<meta property=\"og:image\" content=\"https:\/\/wifi.se\/es\/wp-content\/uploads\/sites\/5\/2021\/03\/patch_hon01.jpg\" \/>\n\t<meta property=\"og:image:width\" content=\"800\" \/>\n\t<meta property=\"og:image:height\" content=\"800\" \/>\n\t<meta property=\"og:image:type\" content=\"image\/jpeg\" \/>\n<meta name=\"twitter:card\" content=\"summary_large_image\" \/>\n<meta name=\"twitter:label1\" content=\"Tiempo de lectura\" \/>\n\t<meta name=\"twitter:data1\" content=\"1 minuto\" \/>\n<script type=\"application\/ld+json\" class=\"yoast-schema-graph\">{\"@context\":\"https:\/\/schema.org\",\"@graph\":[{\"@type\":\"WebPage\",\"@id\":\"https:\/\/wifi.se\/es\/product\/antena-5g-autoadhesiva-antena-de-parche-3g-4g-5g-conector-sma-macho\/\",\"url\":\"https:\/\/wifi.se\/es\/product\/antena-5g-autoadhesiva-antena-de-parche-3g-4g-5g-conector-sma-macho\/\",\"name\":\"Antena autoadhesiva \/ patch 3G\/4G\/5G \u2013 conector SMA macho\",\"isPartOf\":{\"@id\":\"https:\/\/wifi.se\/es\/#website\"},\"primaryImageOfPage\":{\"@id\":\"https:\/\/wifi.se\/es\/product\/antena-5g-autoadhesiva-antena-de-parche-3g-4g-5g-conector-sma-macho\/#primaryimage\"},\"image\":{\"@id\":\"https:\/\/wifi.se\/es\/product\/antena-5g-autoadhesiva-antena-de-parche-3g-4g-5g-conector-sma-macho\/#primaryimage\"},\"thumbnailUrl\":\"https:\/\/wifi.se\/es\/wp-content\/uploads\/sites\/5\/2021\/03\/patch_hon01.jpg\",\"datePublished\":\"2021-03-10T23:18:32+00:00\",\"dateModified\":\"2025-02-24T02:20:28+00:00\",\"description\":\"Antena autoadhesiva \/ antena patch 5G \u2013 conector SMA macho. Compatible con todas las frecuencias, incluyendo soporte para redes 5G.\",\"breadcrumb\":{\"@id\":\"https:\/\/wifi.se\/es\/product\/antena-5g-autoadhesiva-antena-de-parche-3g-4g-5g-conector-sma-macho\/#breadcrumb\"},\"inLanguage\":\"es\",\"potentialAction\":[{\"@type\":\"ReadAction\",\"target\":[\"https:\/\/wifi.se\/es\/product\/antena-5g-autoadhesiva-antena-de-parche-3g-4g-5g-conector-sma-macho\/\"]}]},{\"@type\":\"ImageObject\",\"inLanguage\":\"es\",\"@id\":\"https:\/\/wifi.se\/es\/product\/antena-5g-autoadhesiva-antena-de-parche-3g-4g-5g-conector-sma-macho\/#primaryimage\",\"url\":\"https:\/\/wifi.se\/es\/wp-content\/uploads\/sites\/5\/2021\/03\/patch_hon01.jpg\",\"contentUrl\":\"https:\/\/wifi.se\/es\/wp-content\/uploads\/sites\/5\/2021\/03\/patch_hon01.jpg\",\"width\":800,\"height\":800,\"caption\":\"PATCHANTENN 3G\/4G\/5G \u2013 SMA HANE\"},{\"@type\":\"BreadcrumbList\",\"@id\":\"https:\/\/wifi.se\/es\/product\/antena-5g-autoadhesiva-antena-de-parche-3g-4g-5g-conector-sma-macho\/#breadcrumb\",\"itemListElement\":[{\"@type\":\"ListItem\",\"position\":1,\"name\":\"Hem\",\"item\":\"https:\/\/wifi.se\/es\/\"},{\"@type\":\"ListItem\",\"position\":2,\"name\":\"Tienda\",\"item\":\"https:\/\/wifi.se\/es\/compra-en-nuestra-tienda-online\/\"},{\"@type\":\"ListItem\",\"position\":3,\"name\":\"Antena 5G autoadhesiva \/ Antena de parche 3G\/4G\/5G &#8211; Conector SMA macho\"}]},{\"@type\":\"WebSite\",\"@id\":\"https:\/\/wifi.se\/es\/#website\",\"url\":\"https:\/\/wifi.se\/es\/\",\"name\":\"WIFI.SE\/ES\",\"description\":\"INTERNET EN TODAS PARTES\",\"potentialAction\":[{\"@type\":\"SearchAction\",\"target\":{\"@type\":\"EntryPoint\",\"urlTemplate\":\"https:\/\/wifi.se\/es\/?s={search_term_string}\"},\"query-input\":{\"@type\":\"PropertyValueSpecification\",\"valueRequired\":true,\"valueName\":\"search_term_string\"}}],\"inLanguage\":\"es\"}]}<\/script>\n<!-- \/ Yoast SEO plugin. -->","yoast_head_json":{"title":"Antena autoadhesiva \/ patch 3G\/4G\/5G \u2013 conector SMA macho","description":"Antena autoadhesiva \/ antena patch 5G \u2013 conector SMA macho. Compatible con todas las frecuencias, incluyendo soporte para redes 5G.","robots":{"index":"index","follow":"follow","max-snippet":"max-snippet:-1","max-image-preview":"max-image-preview:large","max-video-preview":"max-video-preview:-1"},"canonical":"https:\/\/wifi.se\/es\/product\/antena-5g-autoadhesiva-antena-de-parche-3g-4g-5g-conector-sma-macho\/","og_locale":"es_ES","og_type":"article","og_title":"Antena autoadhesiva \/ patch 3G\/4G\/5G \u2013 conector SMA macho","og_description":"Antena autoadhesiva \/ antena patch 5G \u2013 conector SMA macho. Compatible con todas las frecuencias, incluyendo soporte para redes 5G.","og_url":"https:\/\/wifi.se\/es\/product\/antena-5g-autoadhesiva-antena-de-parche-3g-4g-5g-conector-sma-macho\/","og_site_name":"WIFI.SE\/ES","article_modified_time":"2025-02-24T02:20:28+00:00","og_image":[{"width":800,"height":800,"url":"https:\/\/wifi.se\/es\/wp-content\/uploads\/sites\/5\/2021\/03\/patch_hon01.jpg","type":"image\/jpeg"}],"twitter_card":"summary_large_image","twitter_misc":{"Tiempo de lectura":"1 minuto"},"schema":{"@context":"https:\/\/schema.org","@graph":[{"@type":"WebPage","@id":"https:\/\/wifi.se\/es\/product\/antena-5g-autoadhesiva-antena-de-parche-3g-4g-5g-conector-sma-macho\/","url":"https:\/\/wifi.se\/es\/product\/antena-5g-autoadhesiva-antena-de-parche-3g-4g-5g-conector-sma-macho\/","name":"Antena autoadhesiva \/ patch 3G\/4G\/5G \u2013 conector SMA macho","isPartOf":{"@id":"https:\/\/wifi.se\/es\/#website"},"primaryImageOfPage":{"@id":"https:\/\/wifi.se\/es\/product\/antena-5g-autoadhesiva-antena-de-parche-3g-4g-5g-conector-sma-macho\/#primaryimage"},"image":{"@id":"https:\/\/wifi.se\/es\/product\/antena-5g-autoadhesiva-antena-de-parche-3g-4g-5g-conector-sma-macho\/#primaryimage"},"thumbnailUrl":"https:\/\/wifi.se\/es\/wp-content\/uploads\/sites\/5\/2021\/03\/patch_hon01.jpg","datePublished":"2021-03-10T23:18:32+00:00","dateModified":"2025-02-24T02:20:28+00:00","description":"Antena autoadhesiva \/ antena patch 5G \u2013 conector SMA macho. Compatible con todas las frecuencias, incluyendo soporte para redes 5G.","breadcrumb":{"@id":"https:\/\/wifi.se\/es\/product\/antena-5g-autoadhesiva-antena-de-parche-3g-4g-5g-conector-sma-macho\/#breadcrumb"},"inLanguage":"es","potentialAction":[{"@type":"ReadAction","target":["https:\/\/wifi.se\/es\/product\/antena-5g-autoadhesiva-antena-de-parche-3g-4g-5g-conector-sma-macho\/"]}]},{"@type":"ImageObject","inLanguage":"es","@id":"https:\/\/wifi.se\/es\/product\/antena-5g-autoadhesiva-antena-de-parche-3g-4g-5g-conector-sma-macho\/#primaryimage","url":"https:\/\/wifi.se\/es\/wp-content\/uploads\/sites\/5\/2021\/03\/patch_hon01.jpg","contentUrl":"https:\/\/wifi.se\/es\/wp-content\/uploads\/sites\/5\/2021\/03\/patch_hon01.jpg","width":800,"height":800,"caption":"PATCHANTENN 3G\/4G\/5G \u2013 SMA HANE"},{"@type":"BreadcrumbList","@id":"https:\/\/wifi.se\/es\/product\/antena-5g-autoadhesiva-antena-de-parche-3g-4g-5g-conector-sma-macho\/#breadcrumb","itemListElement":[{"@type":"ListItem","position":1,"name":"Hem","item":"https:\/\/wifi.se\/es\/"},{"@type":"ListItem","position":2,"name":"Tienda","item":"https:\/\/wifi.se\/es\/compra-en-nuestra-tienda-online\/"},{"@type":"ListItem","position":3,"name":"Antena 5G autoadhesiva \/ Antena de parche 3G\/4G\/5G &#8211; Conector SMA macho"}]},{"@type":"WebSite","@id":"https:\/\/wifi.se\/es\/#website","url":"https:\/\/wifi.se\/es\/","name":"WIFI.SE\/ES","description":"INTERNET EN TODAS PARTES","potentialAction":[{"@type":"SearchAction","target":{"@type":"EntryPoint","urlTemplate":"https:\/\/wifi.se\/es\/?s={search_term_string}"},"query-input":{"@type":"PropertyValueSpecification","valueRequired":true,"valueName":"search_term_string"}}],"inLanguage":"es"}]}},"_links":{"self":[{"href":"https:\/\/wifi.se\/es\/wp-json\/wp\/v2\/product\/19626","targetHints":{"allow":["GET"]}}],"collection":[{"href":"https:\/\/wifi.se\/es\/wp-json\/wp\/v2\/product"}],"about":[{"href":"https:\/\/wifi.se\/es\/wp-json\/wp\/v2\/types\/product"}],"wp:featuredmedia":[{"embeddable":true,"href":"https:\/\/wifi.se\/es\/wp-json\/wp\/v2\/media\/30281"}],"wp:attachment":[{"href":"https:\/\/wifi.se\/es\/wp-json\/wp\/v2\/media?parent=19626"}],"wp:term":[{"taxonomy":"product_brand","embeddable":true,"href":"https:\/\/wifi.se\/es\/wp-json\/wp\/v2\/product_brand?post=19626"},{"taxonomy":"product_cat","embeddable":true,"href":"https:\/\/wifi.se\/es\/wp-json\/wp\/v2\/product_cat?post=19626"},{"taxonomy":"product_tag","embeddable":true,"href":"https:\/\/wifi.se\/es\/wp-json\/wp\/v2\/product_tag?post=19626"}],"curies":[{"name":"wp","href":"https:\/\/api.w.org\/{rel}","templated":true}]}}