{"id":16787,"date":"2022-05-11T22:29:34","date_gmt":"2022-05-11T20:29:34","guid":{"rendered":"https:\/\/wifi.se\/?post_type=product&#038;p=16787"},"modified":"2025-02-24T04:01:10","modified_gmt":"2025-02-24T02:01:10","slug":"antena-de-techo-5g-para-montaje-permanente-en-autocaravana-caravana-2g-3g-4g-5g-4-cables","status":"publish","type":"product","link":"https:\/\/wifi.se\/es\/product\/antena-de-techo-5g-para-montaje-permanente-en-autocaravana-caravana-2g-3g-4g-5g-4-cables\/","title":{"rendered":"Antena de techo 5G para montaje permanente en autocaravana\/caravana (2G\/3G\/4G\/5G) \u2013 4 cables"},"content":{"rendered":"<p class=\"p1\">Esta antena 5G MIMO omnidireccional funciona con todas las frecuencias m\u00f3viles: 2G\/3G\/4G\/5G. Ha sido especialmente dise\u00f1ada por nosotros para autocaravanas y caravanas.<\/p>\n<p class=\"p1\">La antena est\u00e1 equipada con 4 cables: 2 cables LTE y 2 cables WiFi, que se conectan directamente al router.<\/p>\n<p class=\"p1\">Cuenta con certificaci\u00f3n IP68, lo que significa que es completamente impermeable, caracter\u00edstica poco habitual en antenas similares. Puede sumergirse por completo sin perder rendimiento, adem\u00e1s es extremadamente robusta y resiste tanto el calor extremo como el fr\u00edo intenso.<\/p>\n<p class=\"p1\">Gracias a que esta antena soporta redes 5G, no tendr\u00e1s que cambiarla si en el futuro decides actualizar tu router a uno compatible con 5G.<\/p>\n<p class=\"p1\">Con esta antena tendr\u00e1s garantizada una excelente conexi\u00f3n a internet en todo momento.<\/p>\n<p class=\"p1\">La antena incluye un tornillo pasante de pl\u00e1stico de 80 mm que se puede cortar f\u00e1cilmente al tama\u00f1o que necesites. Tiene un di\u00e1metro de 13 cent\u00edmetros y una altura de 5 cent\u00edmetros.<\/p>\n<p class=\"p1\">Si tienes una autocaravana o caravana y buscas lo mejor, esta antena es la soluci\u00f3n ideal.<\/p>\n<p class=\"p3\"><b>ESPECIFICACIONES T\u00c9CNICAS<\/b><b><\/b><\/p>\n<p class=\"p4\"><b>Rango de frecuencias:<\/b><b><\/b><\/p>\n<p class=\"p1\">2600~6000 MHz (2G\/3G\/4G\/5G)<\/p>\n<p class=\"p4\"><b>Impedancia:<\/b><b><\/b><\/p>\n<p class=\"p1\">50 Ohmios<\/p>\n<p class=\"p4\"><b>Ganancia (dBi):<\/b><b><\/b><\/p>\n<p class=\"p1\">Antena 5G: 8 dBi<\/p>\n<p class=\"p4\"><b>Cables:<\/b><b><\/b><\/p>\n<p class=\"p5\">\u2022 LMR 200 para LTE<\/p>\n<p class=\"p5\">\u2022 LMR 100 para WiFi<\/p>\n<p class=\"p4\"><b>Conectores:<\/b><b><\/b><\/p>\n<p class=\"p1\">Tipo SMA<\/p>\n<p class=\"p4\"><b>Dimensiones:<\/b><b><\/b><\/p>\n<p class=\"p1\">130 \u00d7 130 \u00d7 50 mm<\/p>\n<p class=\"p4\"><b>Temperatura de operaci\u00f3n:<\/b><b><\/b><\/p>\n<p class=\"p1\">Desde -40 hasta +85 \u00b0C<\/p>\n<p class=\"p4\"><b>Totalmente impermeable (Certificaci\u00f3n IP68)<\/b><\/p>\n<p><img loading=\"lazy\" decoding=\"async\" class=\"alignnone size-full wp-image-16808\" src=\"https:\/\/wifi.se\/wp-content\/uploads\/2022\/05\/4-in-1-Antenna-80MM-screw-installation-nn.jpeg\" alt=\"\" width=\"1243\" height=\"961\" srcset=\"https:\/\/wifi.se\/es\/wp-content\/uploads\/sites\/5\/2022\/05\/4-in-1-Antenna-80MM-screw-installation-nn.jpeg 1243w, https:\/\/wifi.se\/es\/wp-content\/uploads\/sites\/5\/2022\/05\/4-in-1-Antenna-80MM-screw-installation-nn-510x394.jpeg 510w, https:\/\/wifi.se\/es\/wp-content\/uploads\/sites\/5\/2022\/05\/4-in-1-Antenna-80MM-screw-installation-nn-64x49.jpeg 64w, https:\/\/wifi.se\/es\/wp-content\/uploads\/sites\/5\/2022\/05\/4-in-1-Antenna-80MM-screw-installation-nn-300x232.jpeg 300w, https:\/\/wifi.se\/es\/wp-content\/uploads\/sites\/5\/2022\/05\/4-in-1-Antenna-80MM-screw-installation-nn-1024x792.jpeg 1024w, https:\/\/wifi.se\/es\/wp-content\/uploads\/sites\/5\/2022\/05\/4-in-1-Antenna-80MM-screw-installation-nn-768x594.jpeg 768w, https:\/\/wifi.se\/es\/wp-content\/uploads\/sites\/5\/2022\/05\/4-in-1-Antenna-80MM-screw-installation-nn-200x155.jpeg 200w, https:\/\/wifi.se\/es\/wp-content\/uploads\/sites\/5\/2022\/05\/4-in-1-Antenna-80MM-screw-installation-nn-400x309.jpeg 400w, https:\/\/wifi.se\/es\/wp-content\/uploads\/sites\/5\/2022\/05\/4-in-1-Antenna-80MM-screw-installation-nn-600x464.jpeg 600w, https:\/\/wifi.se\/es\/wp-content\/uploads\/sites\/5\/2022\/05\/4-in-1-Antenna-80MM-screw-installation-nn-800x619.jpeg 800w, https:\/\/wifi.se\/es\/wp-content\/uploads\/sites\/5\/2022\/05\/4-in-1-Antenna-80MM-screw-installation-nn-1200x928.jpeg 1200w, https:\/\/wifi.se\/es\/wp-content\/uploads\/sites\/5\/2022\/05\/4-in-1-Antenna-80MM-screw-installation-nn-500x387.jpeg 500w, https:\/\/wifi.se\/es\/wp-content\/uploads\/sites\/5\/2022\/05\/4-in-1-Antenna-80MM-screw-installation-nn-700x541.jpeg 700w\" sizes=\"auto, (max-width: 1243px) 100vw, 1243px\" \/><\/p>\n<p>&nbsp;<\/p>\n","protected":false},"excerpt":{"rendered":"<p class=\"p1\">Esta antena 5G MIMO omnidireccional es compatible con todas las frecuencias m\u00f3viles: 2G\/3G\/4G\/5G, y ha sido especialmente desarrollada por nosotros para autocaravanas y caravanas.<\/p>\n<p class=\"p1\">La antena est\u00e1 equipada con 4 cables: 2 LTE y 2 WiFi, que se conectan directamente al router.<\/p>\n<p class=\"p1\">Cuenta con certificaci\u00f3n IP68, lo que significa que es totalmente impermeable, algo poco habitual en antenas similares. Puede sumergirse por completo y seguir\u00e1 funcionando perfectamente. Adem\u00e1s, es extremadamente robusta, soportando tanto calor extremo como fr\u00edo intenso, desde el clima soleado de Espa\u00f1a hasta los inviernos n\u00f3rdicos.<\/p>\n<p class=\"p1\">Dado que la antena ya es compatible con redes 5G, no tendr\u00e1s que reemplazarla al actualizar tu router a uno con tecnolog\u00eda 5G.<\/p>\n<p class=\"p1\">Con esta antena tendr\u00e1s asegurada una conexi\u00f3n a internet fiable y estable.<\/p>\n<p class=\"p1\">La antena incluye un tornillo pasante de pl\u00e1stico de 80 mm, que puede cortarse f\u00e1cilmente seg\u00fan la longitud deseada. Sus dimensiones son 13 cent\u00edmetros de di\u00e1metro y 5 cent\u00edmetros de altura.<\/p>\n<p class=\"p1\">Si tienes una autocaravana o caravana y buscas la mejor soluci\u00f3n, esta antena es tu elecci\u00f3n ideal.<\/p>\n","protected":false},"featured_media":30294,"template":"","meta":{"_acf_changed":false},"product_brand":[],"product_cat":[165,470],"product_tag":[249,167,352],"class_list":{"0":"post-16787","1":"product","2":"type-product","3":"status-publish","4":"has-post-thumbnail","6":"product_cat-cobertura-maxima","7":"product_cat-antenas-de-techo","8":"product_tag-4g-antenn","9":"product_tag-antenn","10":"product_tag-white_week","11":"product_shipping_class-sim-kort-med-router","13":"first","14":"instock","15":"taxable","16":"shipping-taxable","17":"purchasable","18":"product-type-simple"},"bundled_by":[],"bundle_stock_status":"instock","bundle_stock_quantity":null,"bundle_virtual":false,"bundle_layout":"","bundle_add_to_cart_form_location":"","bundle_editable_in_cart":false,"bundle_sold_individually_context":"","bundle_item_grouping":"","bundle_min_size":"","bundle_max_size":"","bundle_price":[],"bundled_items":[],"bundle_sell_ids":[],"acf":{"accounting_number":"1940","accounting_number_kopiera2":"2611","accounting_number_kopiera3":"3014","accounting_number_kopiera4":"3520","accounting_number_kopiera5":"1510","accounting_number_kopiera6":"1511"},"yoast_head":"<!-- This site is optimized with the Yoast SEO plugin v27.1.1 - https:\/\/yoast.com\/product\/yoast-seo-wordpress\/ -->\n<title>Antena de techo para montaje permanente en autocaravanas<\/title>\n<meta name=\"description\" content=\"Esta antena 5G de techo funciona con todas las frecuencias m\u00f3viles: 3G, 4G y 5G. Es una antena excepcional, ideal para tener la mejor cobertura posible.\" \/>\n<meta name=\"robots\" content=\"index, follow, max-snippet:-1, max-image-preview:large, max-video-preview:-1\" \/>\n<link rel=\"canonical\" href=\"https:\/\/wifi.se\/es\/product\/antena-de-techo-5g-para-montaje-permanente-en-autocaravana-caravana-2g-3g-4g-5g-4-cables\/\" \/>\n<meta property=\"og:locale\" content=\"es_ES\" \/>\n<meta property=\"og:type\" content=\"article\" \/>\n<meta property=\"og:title\" content=\"Antena de techo para montaje permanente en autocaravanas\" \/>\n<meta property=\"og:description\" content=\"Esta antena 5G de techo funciona con todas las frecuencias m\u00f3viles: 3G, 4G y 5G. Es una antena excepcional, ideal para tener la mejor cobertura posible.\" \/>\n<meta property=\"og:url\" content=\"https:\/\/wifi.se\/es\/product\/antena-de-techo-5g-para-montaje-permanente-en-autocaravana-caravana-2g-3g-4g-5g-4-cables\/\" \/>\n<meta property=\"og:site_name\" content=\"WIFI.SE\/ES\" \/>\n<meta property=\"article:modified_time\" content=\"2025-02-24T02:01:10+00:00\" \/>\n<meta property=\"og:image\" content=\"https:\/\/wifi.se\/es\/wp-content\/uploads\/sites\/5\/2022\/07\/PUCK01.jpg\" \/>\n\t<meta property=\"og:image:width\" content=\"800\" \/>\n\t<meta property=\"og:image:height\" content=\"800\" \/>\n\t<meta property=\"og:image:type\" content=\"image\/jpeg\" \/>\n<meta name=\"twitter:card\" content=\"summary_large_image\" \/>\n<meta name=\"twitter:label1\" content=\"Tiempo de lectura\" \/>\n\t<meta name=\"twitter:data1\" content=\"2 minutos\" \/>\n<script type=\"application\/ld+json\" class=\"yoast-schema-graph\">{\"@context\":\"https:\/\/schema.org\",\"@graph\":[{\"@type\":\"WebPage\",\"@id\":\"https:\/\/wifi.se\/es\/product\/antena-de-techo-5g-para-montaje-permanente-en-autocaravana-caravana-2g-3g-4g-5g-4-cables\/\",\"url\":\"https:\/\/wifi.se\/es\/product\/antena-de-techo-5g-para-montaje-permanente-en-autocaravana-caravana-2g-3g-4g-5g-4-cables\/\",\"name\":\"Antena de techo para montaje permanente en autocaravanas\",\"isPartOf\":{\"@id\":\"https:\/\/wifi.se\/es\/#website\"},\"primaryImageOfPage\":{\"@id\":\"https:\/\/wifi.se\/es\/product\/antena-de-techo-5g-para-montaje-permanente-en-autocaravana-caravana-2g-3g-4g-5g-4-cables\/#primaryimage\"},\"image\":{\"@id\":\"https:\/\/wifi.se\/es\/product\/antena-de-techo-5g-para-montaje-permanente-en-autocaravana-caravana-2g-3g-4g-5g-4-cables\/#primaryimage\"},\"thumbnailUrl\":\"https:\/\/wifi.se\/es\/wp-content\/uploads\/sites\/5\/2022\/07\/PUCK01.jpg\",\"datePublished\":\"2022-05-11T20:29:34+00:00\",\"dateModified\":\"2025-02-24T02:01:10+00:00\",\"description\":\"Esta antena 5G de techo funciona con todas las frecuencias m\u00f3viles: 3G, 4G y 5G. Es una antena excepcional, ideal para tener la mejor cobertura posible.\",\"breadcrumb\":{\"@id\":\"https:\/\/wifi.se\/es\/product\/antena-de-techo-5g-para-montaje-permanente-en-autocaravana-caravana-2g-3g-4g-5g-4-cables\/#breadcrumb\"},\"inLanguage\":\"es\",\"potentialAction\":[{\"@type\":\"ReadAction\",\"target\":[\"https:\/\/wifi.se\/es\/product\/antena-de-techo-5g-para-montaje-permanente-en-autocaravana-caravana-2g-3g-4g-5g-4-cables\/\"]}]},{\"@type\":\"ImageObject\",\"inLanguage\":\"es\",\"@id\":\"https:\/\/wifi.se\/es\/product\/antena-de-techo-5g-para-montaje-permanente-en-autocaravana-caravana-2g-3g-4g-5g-4-cables\/#primaryimage\",\"url\":\"https:\/\/wifi.se\/es\/wp-content\/uploads\/sites\/5\/2022\/07\/PUCK01.jpg\",\"contentUrl\":\"https:\/\/wifi.se\/es\/wp-content\/uploads\/sites\/5\/2022\/07\/PUCK01.jpg\",\"width\":800,\"height\":800,\"caption\":\"5G takantenn platt f\u00f6r fast montering p\u00e5 husbil\/husvagn (2G\/3G\/4G\/5G) 4 Kablar\"},{\"@type\":\"BreadcrumbList\",\"@id\":\"https:\/\/wifi.se\/es\/product\/antena-de-techo-5g-para-montaje-permanente-en-autocaravana-caravana-2g-3g-4g-5g-4-cables\/#breadcrumb\",\"itemListElement\":[{\"@type\":\"ListItem\",\"position\":1,\"name\":\"Hem\",\"item\":\"https:\/\/wifi.se\/es\/\"},{\"@type\":\"ListItem\",\"position\":2,\"name\":\"Tienda\",\"item\":\"https:\/\/wifi.se\/es\/compra-en-nuestra-tienda-online\/\"},{\"@type\":\"ListItem\",\"position\":3,\"name\":\"Antena de techo 5G para montaje permanente en autocaravana\/caravana (2G\/3G\/4G\/5G) \u2013 4 cables\"}]},{\"@type\":\"WebSite\",\"@id\":\"https:\/\/wifi.se\/es\/#website\",\"url\":\"https:\/\/wifi.se\/es\/\",\"name\":\"WIFI.SE\/ES\",\"description\":\"INTERNET EN TODAS PARTES\",\"potentialAction\":[{\"@type\":\"SearchAction\",\"target\":{\"@type\":\"EntryPoint\",\"urlTemplate\":\"https:\/\/wifi.se\/es\/?s={search_term_string}\"},\"query-input\":{\"@type\":\"PropertyValueSpecification\",\"valueRequired\":true,\"valueName\":\"search_term_string\"}}],\"inLanguage\":\"es\"}]}<\/script>\n<!-- \/ Yoast SEO plugin. -->","yoast_head_json":{"title":"Antena de techo para montaje permanente en autocaravanas","description":"Esta antena 5G de techo funciona con todas las frecuencias m\u00f3viles: 3G, 4G y 5G. Es una antena excepcional, ideal para tener la mejor cobertura posible.","robots":{"index":"index","follow":"follow","max-snippet":"max-snippet:-1","max-image-preview":"max-image-preview:large","max-video-preview":"max-video-preview:-1"},"canonical":"https:\/\/wifi.se\/es\/product\/antena-de-techo-5g-para-montaje-permanente-en-autocaravana-caravana-2g-3g-4g-5g-4-cables\/","og_locale":"es_ES","og_type":"article","og_title":"Antena de techo para montaje permanente en autocaravanas","og_description":"Esta antena 5G de techo funciona con todas las frecuencias m\u00f3viles: 3G, 4G y 5G. Es una antena excepcional, ideal para tener la mejor cobertura posible.","og_url":"https:\/\/wifi.se\/es\/product\/antena-de-techo-5g-para-montaje-permanente-en-autocaravana-caravana-2g-3g-4g-5g-4-cables\/","og_site_name":"WIFI.SE\/ES","article_modified_time":"2025-02-24T02:01:10+00:00","og_image":[{"width":800,"height":800,"url":"https:\/\/wifi.se\/es\/wp-content\/uploads\/sites\/5\/2022\/07\/PUCK01.jpg","type":"image\/jpeg"}],"twitter_card":"summary_large_image","twitter_misc":{"Tiempo de lectura":"2 minutos"},"schema":{"@context":"https:\/\/schema.org","@graph":[{"@type":"WebPage","@id":"https:\/\/wifi.se\/es\/product\/antena-de-techo-5g-para-montaje-permanente-en-autocaravana-caravana-2g-3g-4g-5g-4-cables\/","url":"https:\/\/wifi.se\/es\/product\/antena-de-techo-5g-para-montaje-permanente-en-autocaravana-caravana-2g-3g-4g-5g-4-cables\/","name":"Antena de techo para montaje permanente en autocaravanas","isPartOf":{"@id":"https:\/\/wifi.se\/es\/#website"},"primaryImageOfPage":{"@id":"https:\/\/wifi.se\/es\/product\/antena-de-techo-5g-para-montaje-permanente-en-autocaravana-caravana-2g-3g-4g-5g-4-cables\/#primaryimage"},"image":{"@id":"https:\/\/wifi.se\/es\/product\/antena-de-techo-5g-para-montaje-permanente-en-autocaravana-caravana-2g-3g-4g-5g-4-cables\/#primaryimage"},"thumbnailUrl":"https:\/\/wifi.se\/es\/wp-content\/uploads\/sites\/5\/2022\/07\/PUCK01.jpg","datePublished":"2022-05-11T20:29:34+00:00","dateModified":"2025-02-24T02:01:10+00:00","description":"Esta antena 5G de techo funciona con todas las frecuencias m\u00f3viles: 3G, 4G y 5G. Es una antena excepcional, ideal para tener la mejor cobertura posible.","breadcrumb":{"@id":"https:\/\/wifi.se\/es\/product\/antena-de-techo-5g-para-montaje-permanente-en-autocaravana-caravana-2g-3g-4g-5g-4-cables\/#breadcrumb"},"inLanguage":"es","potentialAction":[{"@type":"ReadAction","target":["https:\/\/wifi.se\/es\/product\/antena-de-techo-5g-para-montaje-permanente-en-autocaravana-caravana-2g-3g-4g-5g-4-cables\/"]}]},{"@type":"ImageObject","inLanguage":"es","@id":"https:\/\/wifi.se\/es\/product\/antena-de-techo-5g-para-montaje-permanente-en-autocaravana-caravana-2g-3g-4g-5g-4-cables\/#primaryimage","url":"https:\/\/wifi.se\/es\/wp-content\/uploads\/sites\/5\/2022\/07\/PUCK01.jpg","contentUrl":"https:\/\/wifi.se\/es\/wp-content\/uploads\/sites\/5\/2022\/07\/PUCK01.jpg","width":800,"height":800,"caption":"5G takantenn platt f\u00f6r fast montering p\u00e5 husbil\/husvagn (2G\/3G\/4G\/5G) 4 Kablar"},{"@type":"BreadcrumbList","@id":"https:\/\/wifi.se\/es\/product\/antena-de-techo-5g-para-montaje-permanente-en-autocaravana-caravana-2g-3g-4g-5g-4-cables\/#breadcrumb","itemListElement":[{"@type":"ListItem","position":1,"name":"Hem","item":"https:\/\/wifi.se\/es\/"},{"@type":"ListItem","position":2,"name":"Tienda","item":"https:\/\/wifi.se\/es\/compra-en-nuestra-tienda-online\/"},{"@type":"ListItem","position":3,"name":"Antena de techo 5G para montaje permanente en autocaravana\/caravana (2G\/3G\/4G\/5G) \u2013 4 cables"}]},{"@type":"WebSite","@id":"https:\/\/wifi.se\/es\/#website","url":"https:\/\/wifi.se\/es\/","name":"WIFI.SE\/ES","description":"INTERNET EN TODAS PARTES","potentialAction":[{"@type":"SearchAction","target":{"@type":"EntryPoint","urlTemplate":"https:\/\/wifi.se\/es\/?s={search_term_string}"},"query-input":{"@type":"PropertyValueSpecification","valueRequired":true,"valueName":"search_term_string"}}],"inLanguage":"es"}]}},"_links":{"self":[{"href":"https:\/\/wifi.se\/es\/wp-json\/wp\/v2\/product\/16787","targetHints":{"allow":["GET"]}}],"collection":[{"href":"https:\/\/wifi.se\/es\/wp-json\/wp\/v2\/product"}],"about":[{"href":"https:\/\/wifi.se\/es\/wp-json\/wp\/v2\/types\/product"}],"wp:featuredmedia":[{"embeddable":true,"href":"https:\/\/wifi.se\/es\/wp-json\/wp\/v2\/media\/30294"}],"wp:attachment":[{"href":"https:\/\/wifi.se\/es\/wp-json\/wp\/v2\/media?parent=16787"}],"wp:term":[{"taxonomy":"product_brand","embeddable":true,"href":"https:\/\/wifi.se\/es\/wp-json\/wp\/v2\/product_brand?post=16787"},{"taxonomy":"product_cat","embeddable":true,"href":"https:\/\/wifi.se\/es\/wp-json\/wp\/v2\/product_cat?post=16787"},{"taxonomy":"product_tag","embeddable":true,"href":"https:\/\/wifi.se\/es\/wp-json\/wp\/v2\/product_tag?post=16787"}],"curies":[{"name":"wp","href":"https:\/\/api.w.org\/{rel}","templated":true}]}}