{"id":14514,"date":"2021-08-24T21:24:00","date_gmt":"2021-08-24T19:24:00","guid":{"rendered":"https:\/\/wifi.se\/?post_type=product&#038;p=14514"},"modified":"2025-02-24T04:05:14","modified_gmt":"2025-02-24T02:05:14","slug":"antena-de-techo-5g-plana-para-instalacion-permanente-en-autocaravanas-caravanas-2g-3g-4g-5g-2-cables","status":"publish","type":"product","link":"https:\/\/wifi.se\/es\/product\/antena-de-techo-5g-plana-para-instalacion-permanente-en-autocaravanas-caravanas-2g-3g-4g-5g-2-cables\/","title":{"rendered":"Antena de techo 5G plana para instalaci\u00f3n permanente en autocaravanas\/caravanas (2G\/3G\/4G\/5G) \u2013 2 cables"},"content":{"rendered":"<p class=\"p1\">Esta antena 5G MIMO omnidireccional funciona con todas las frecuencias m\u00f3viles: 2G\/3G\/4G\/5G. Ha sido especialmente dise\u00f1ada por nosotros para autocaravanas y caravanas.<\/p>\n<p class=\"p1\">La antena est\u00e1 equipada con <span class=\"s1\"><b>2 cables LTE<\/b><\/span> que se conectan directamente al router. <i>(Si tienes un router RUT 850, necesitar\u00e1s dos cables adaptadores de SMA hembra a Fakra D, que puedes encontrar en nuestra tienda online.)<\/i><i><\/i><\/p>\n<p class=\"p1\">Cuenta con certificaci\u00f3n <span class=\"s1\"><b>IP68<\/b><\/span>, lo que significa que es completamente impermeable, algo poco habitual en antenas similares. Puede sumergirse totalmente sin perder rendimiento. Adem\u00e1s, es extremadamente robusta y resistente a temperaturas extremas, tanto al calor como al fr\u00edo.<\/p>\n<p class=\"p1\">Como es compatible con redes <span class=\"s1\"><b>5G<\/b><\/span>, no tendr\u00e1s que cambiar la antena al actualizar tu router a uno con esta tecnolog\u00eda.<\/p>\n<p class=\"p1\">Con esta antena tendr\u00e1s asegurada una conexi\u00f3n estable y fiable a internet.<\/p>\n<p class=\"p1\">La antena se entrega con cinta adhesiva extra fuerte de 3M, aunque recomendamos reforzarla con pegamento, ya que no todas las superficies son completamente lisas. Tiene un di\u00e1metro de <span class=\"s1\"><b>13 cm<\/b><\/span> y una altura de <span class=\"s1\"><b>5 cm<\/b><\/span>.<\/p>\n<p class=\"p1\">Si tienes una autocaravana o caravana y buscas lo mejor, esta antena es la soluci\u00f3n ideal.<\/p>\n<p class=\"p3\"><b>ESPECIFICACIONES<\/b><b><\/b><\/p>\n<p class=\"p4\"><b>Rango de frecuencias:<\/b><b><\/b><\/p>\n<p class=\"p1\">2600~6000 MHz (2G\/3G\/4G\/5G)<\/p>\n<p class=\"p4\"><b>Impedancia:<\/b><b><\/b><\/p>\n<p class=\"p1\">50 Ohmios<\/p>\n<p class=\"p4\"><b>Ganancia:<\/b><b><\/b><\/p>\n<p class=\"p1\">Antena 5G: 8 dBi<\/p>\n<p class=\"p4\"><b>Cables:<\/b><b><\/b><\/p>\n<p class=\"p1\">LMR 200<\/p>\n<p class=\"p4\"><b>Conectores:<\/b><b><\/b><\/p>\n<p class=\"p1\">SMA<\/p>\n<p class=\"p4\"><b>Dimensiones:<\/b><b><\/b><\/p>\n<p class=\"p1\">130 \u00d7 130 \u00d7 50 mm<\/p>\n<p class=\"p4\"><b>Rango de temperatura:<\/b><b><\/b><\/p>\n<p class=\"p1\">-40 \u00baC ~ +85 \u00baC<\/p>\n<p class=\"p4\"><b>Impermeabilidad:<\/b><b><\/b><\/p>\n<p class=\"p1\">Certificaci\u00f3n IP68<\/p>\n<p><img loading=\"lazy\" decoding=\"async\" class=\"alignnone size-full wp-image-16816\" src=\"https:\/\/wifi.se\/wp-content\/uploads\/2021\/08\/2_02.jpeg\" alt=\"\" width=\"1242\" height=\"960\" srcset=\"https:\/\/wifi.se\/es\/wp-content\/uploads\/sites\/5\/2021\/08\/2_02.jpeg 1242w, https:\/\/wifi.se\/es\/wp-content\/uploads\/sites\/5\/2021\/08\/2_02-510x394.jpeg 510w, https:\/\/wifi.se\/es\/wp-content\/uploads\/sites\/5\/2021\/08\/2_02-64x49.jpeg 64w, https:\/\/wifi.se\/es\/wp-content\/uploads\/sites\/5\/2021\/08\/2_02-300x232.jpeg 300w, https:\/\/wifi.se\/es\/wp-content\/uploads\/sites\/5\/2021\/08\/2_02-1024x791.jpeg 1024w, https:\/\/wifi.se\/es\/wp-content\/uploads\/sites\/5\/2021\/08\/2_02-768x594.jpeg 768w, https:\/\/wifi.se\/es\/wp-content\/uploads\/sites\/5\/2021\/08\/2_02-200x155.jpeg 200w, https:\/\/wifi.se\/es\/wp-content\/uploads\/sites\/5\/2021\/08\/2_02-400x309.jpeg 400w, https:\/\/wifi.se\/es\/wp-content\/uploads\/sites\/5\/2021\/08\/2_02-600x464.jpeg 600w, https:\/\/wifi.se\/es\/wp-content\/uploads\/sites\/5\/2021\/08\/2_02-800x618.jpeg 800w, https:\/\/wifi.se\/es\/wp-content\/uploads\/sites\/5\/2021\/08\/2_02-1200x928.jpeg 1200w, https:\/\/wifi.se\/es\/wp-content\/uploads\/sites\/5\/2021\/08\/2_02-500x386.jpeg 500w, https:\/\/wifi.se\/es\/wp-content\/uploads\/sites\/5\/2021\/08\/2_02-700x541.jpeg 700w\" sizes=\"auto, (max-width: 1242px) 100vw, 1242px\" \/><\/p>\n<p>&nbsp;<\/p>\n","protected":false},"excerpt":{"rendered":"<p class=\"p1\">Esta antena 5G omnidireccional de techo funciona con todas las frecuencias m\u00f3viles: 2G\/3G\/4G\/5G. Ha sido especialmente desarrollada por nosotros para autocaravanas y caravanas, con montaje plano gracias a que los cables salen verticalmente por el lateral.<\/p>\n<p class=\"p1\">La antena est\u00e1 equipada con dos cables 4G\/5G que se conectan directamente al router.<\/p>\n<p class=\"p1\">Cuenta con certificaci\u00f3n IP68, lo que significa que es totalmente impermeable, algo poco habitual en antenas similares. Puede sumergirse por completo sin que pierda rendimiento, adem\u00e1s de ser extremadamente robusta y soportar temperaturas desde el clima soleado de Espa\u00f1a hasta los fr\u00edos inviernos del norte.<\/p>\n<p class=\"p1\">Gracias a su compatibilidad con redes 5G, no tendr\u00e1s que reemplazarla al actualizar a un router 5G en el futuro.<\/p>\n<p class=\"p1\">La antena se entrega con adhesivos s\u00faper resistentes de 3M. Sin embargo, dado que no todas las superficies son perfectamente lisas, recomendamos reforzar el montaje con pegamento adicional. Sus dimensiones son 13 cm de di\u00e1metro y 5 cm de altura.<\/p>\n<p class=\"p1\">Si tienes una autocaravana o caravana y buscas la mejor soluci\u00f3n posible, esta antena es tu elecci\u00f3n ideal.<\/p>\n","protected":false},"featured_media":30295,"template":"","meta":{"_acf_changed":false},"product_brand":[],"product_cat":[165],"product_tag":[249,167],"class_list":{"0":"post-14514","1":"product","2":"type-product","3":"status-publish","4":"has-post-thumbnail","6":"product_cat-cobertura-maxima","7":"product_tag-4g-antenn","8":"product_tag-antenn","9":"product_shipping_class-sim-kort-med-router","11":"first","12":"instock","13":"taxable","14":"shipping-taxable","15":"purchasable","16":"product-type-simple"},"bundled_by":[],"bundle_stock_status":"instock","bundle_stock_quantity":null,"bundle_virtual":false,"bundle_layout":"","bundle_add_to_cart_form_location":"","bundle_editable_in_cart":false,"bundle_sold_individually_context":"","bundle_item_grouping":"","bundle_min_size":"","bundle_max_size":"","bundle_price":[],"bundled_items":[],"bundle_sell_ids":[],"acf":{"accounting_number":"1940","accounting_number_kopiera2":"2611","accounting_number_kopiera3":"3014","accounting_number_kopiera4":"3520","accounting_number_kopiera5":"1510","accounting_number_kopiera6":"1511"},"yoast_head":"<!-- This site is optimized with the Yoast SEO plugin v27.1.1 - https:\/\/yoast.com\/product\/yoast-seo-wordpress\/ -->\n<title>Antena plana de techo 5G para instalaci\u00f3n en autocaravanas<\/title>\n<meta name=\"description\" content=\"Antena de techo 5G compatible con todas las frecuencias m\u00f3viles: 2G\/3G\/4G\/5G. Ideal para tener siempre una excelente conexi\u00f3n. Montaje plano con dos cables.\" \/>\n<meta name=\"robots\" content=\"index, follow, max-snippet:-1, max-image-preview:large, max-video-preview:-1\" \/>\n<link rel=\"canonical\" href=\"https:\/\/wifi.se\/es\/product\/antena-de-techo-5g-plana-para-instalacion-permanente-en-autocaravanas-caravanas-2g-3g-4g-5g-2-cables\/\" \/>\n<meta property=\"og:locale\" content=\"es_ES\" \/>\n<meta property=\"og:type\" content=\"article\" \/>\n<meta property=\"og:title\" content=\"Antena plana de techo 5G para instalaci\u00f3n en autocaravanas\" \/>\n<meta property=\"og:description\" content=\"Antena de techo 5G compatible con todas las frecuencias m\u00f3viles: 2G\/3G\/4G\/5G. Ideal para tener siempre una excelente conexi\u00f3n. Montaje plano con dos cables.\" \/>\n<meta property=\"og:url\" content=\"https:\/\/wifi.se\/es\/product\/antena-de-techo-5g-plana-para-instalacion-permanente-en-autocaravanas-caravanas-2g-3g-4g-5g-2-cables\/\" \/>\n<meta property=\"og:site_name\" content=\"WIFI.SE\/ES\" \/>\n<meta property=\"article:modified_time\" content=\"2025-02-24T02:05:14+00:00\" \/>\n<meta property=\"og:image\" content=\"https:\/\/wifi.se\/es\/wp-content\/uploads\/sites\/5\/2022\/07\/puck2.jpg\" \/>\n\t<meta property=\"og:image:width\" content=\"800\" \/>\n\t<meta property=\"og:image:height\" content=\"800\" \/>\n\t<meta property=\"og:image:type\" content=\"image\/jpeg\" \/>\n<meta name=\"twitter:card\" content=\"summary_large_image\" \/>\n<meta name=\"twitter:label1\" content=\"Tiempo de lectura\" \/>\n\t<meta name=\"twitter:data1\" content=\"2 minutos\" \/>\n<script type=\"application\/ld+json\" class=\"yoast-schema-graph\">{\"@context\":\"https:\/\/schema.org\",\"@graph\":[{\"@type\":\"WebPage\",\"@id\":\"https:\/\/wifi.se\/es\/product\/antena-de-techo-5g-plana-para-instalacion-permanente-en-autocaravanas-caravanas-2g-3g-4g-5g-2-cables\/\",\"url\":\"https:\/\/wifi.se\/es\/product\/antena-de-techo-5g-plana-para-instalacion-permanente-en-autocaravanas-caravanas-2g-3g-4g-5g-2-cables\/\",\"name\":\"Antena plana de techo 5G para instalaci\u00f3n en autocaravanas\",\"isPartOf\":{\"@id\":\"https:\/\/wifi.se\/es\/#website\"},\"primaryImageOfPage\":{\"@id\":\"https:\/\/wifi.se\/es\/product\/antena-de-techo-5g-plana-para-instalacion-permanente-en-autocaravanas-caravanas-2g-3g-4g-5g-2-cables\/#primaryimage\"},\"image\":{\"@id\":\"https:\/\/wifi.se\/es\/product\/antena-de-techo-5g-plana-para-instalacion-permanente-en-autocaravanas-caravanas-2g-3g-4g-5g-2-cables\/#primaryimage\"},\"thumbnailUrl\":\"https:\/\/wifi.se\/es\/wp-content\/uploads\/sites\/5\/2022\/07\/puck2.jpg\",\"datePublished\":\"2021-08-24T19:24:00+00:00\",\"dateModified\":\"2025-02-24T02:05:14+00:00\",\"description\":\"Antena de techo 5G compatible con todas las frecuencias m\u00f3viles: 2G\/3G\/4G\/5G. Ideal para tener siempre una excelente conexi\u00f3n. Montaje plano con dos cables.\",\"breadcrumb\":{\"@id\":\"https:\/\/wifi.se\/es\/product\/antena-de-techo-5g-plana-para-instalacion-permanente-en-autocaravanas-caravanas-2g-3g-4g-5g-2-cables\/#breadcrumb\"},\"inLanguage\":\"es\",\"potentialAction\":[{\"@type\":\"ReadAction\",\"target\":[\"https:\/\/wifi.se\/es\/product\/antena-de-techo-5g-plana-para-instalacion-permanente-en-autocaravanas-caravanas-2g-3g-4g-5g-2-cables\/\"]}]},{\"@type\":\"ImageObject\",\"inLanguage\":\"es\",\"@id\":\"https:\/\/wifi.se\/es\/product\/antena-de-techo-5g-plana-para-instalacion-permanente-en-autocaravanas-caravanas-2g-3g-4g-5g-2-cables\/#primaryimage\",\"url\":\"https:\/\/wifi.se\/es\/wp-content\/uploads\/sites\/5\/2022\/07\/puck2.jpg\",\"contentUrl\":\"https:\/\/wifi.se\/es\/wp-content\/uploads\/sites\/5\/2022\/07\/puck2.jpg\",\"width\":800,\"height\":800,\"caption\":\"5G takantenn platt f\u00f6r fast montering p\u00e5 husbil\/husvagn (2G\/3G\/4G\/5G) 4 Kablar\"},{\"@type\":\"BreadcrumbList\",\"@id\":\"https:\/\/wifi.se\/es\/product\/antena-de-techo-5g-plana-para-instalacion-permanente-en-autocaravanas-caravanas-2g-3g-4g-5g-2-cables\/#breadcrumb\",\"itemListElement\":[{\"@type\":\"ListItem\",\"position\":1,\"name\":\"Hem\",\"item\":\"https:\/\/wifi.se\/es\/\"},{\"@type\":\"ListItem\",\"position\":2,\"name\":\"Tienda\",\"item\":\"https:\/\/wifi.se\/es\/compra-en-nuestra-tienda-online\/\"},{\"@type\":\"ListItem\",\"position\":3,\"name\":\"Antena de techo 5G plana para instalaci\u00f3n permanente en autocaravanas\/caravanas (2G\/3G\/4G\/5G) \u2013 2 cables\"}]},{\"@type\":\"WebSite\",\"@id\":\"https:\/\/wifi.se\/es\/#website\",\"url\":\"https:\/\/wifi.se\/es\/\",\"name\":\"WIFI.SE\/ES\",\"description\":\"INTERNET EN TODAS PARTES\",\"potentialAction\":[{\"@type\":\"SearchAction\",\"target\":{\"@type\":\"EntryPoint\",\"urlTemplate\":\"https:\/\/wifi.se\/es\/?s={search_term_string}\"},\"query-input\":{\"@type\":\"PropertyValueSpecification\",\"valueRequired\":true,\"valueName\":\"search_term_string\"}}],\"inLanguage\":\"es\"}]}<\/script>\n<!-- \/ Yoast SEO plugin. -->","yoast_head_json":{"title":"Antena plana de techo 5G para instalaci\u00f3n en autocaravanas","description":"Antena de techo 5G compatible con todas las frecuencias m\u00f3viles: 2G\/3G\/4G\/5G. Ideal para tener siempre una excelente conexi\u00f3n. Montaje plano con dos cables.","robots":{"index":"index","follow":"follow","max-snippet":"max-snippet:-1","max-image-preview":"max-image-preview:large","max-video-preview":"max-video-preview:-1"},"canonical":"https:\/\/wifi.se\/es\/product\/antena-de-techo-5g-plana-para-instalacion-permanente-en-autocaravanas-caravanas-2g-3g-4g-5g-2-cables\/","og_locale":"es_ES","og_type":"article","og_title":"Antena plana de techo 5G para instalaci\u00f3n en autocaravanas","og_description":"Antena de techo 5G compatible con todas las frecuencias m\u00f3viles: 2G\/3G\/4G\/5G. Ideal para tener siempre una excelente conexi\u00f3n. Montaje plano con dos cables.","og_url":"https:\/\/wifi.se\/es\/product\/antena-de-techo-5g-plana-para-instalacion-permanente-en-autocaravanas-caravanas-2g-3g-4g-5g-2-cables\/","og_site_name":"WIFI.SE\/ES","article_modified_time":"2025-02-24T02:05:14+00:00","og_image":[{"width":800,"height":800,"url":"https:\/\/wifi.se\/es\/wp-content\/uploads\/sites\/5\/2022\/07\/puck2.jpg","type":"image\/jpeg"}],"twitter_card":"summary_large_image","twitter_misc":{"Tiempo de lectura":"2 minutos"},"schema":{"@context":"https:\/\/schema.org","@graph":[{"@type":"WebPage","@id":"https:\/\/wifi.se\/es\/product\/antena-de-techo-5g-plana-para-instalacion-permanente-en-autocaravanas-caravanas-2g-3g-4g-5g-2-cables\/","url":"https:\/\/wifi.se\/es\/product\/antena-de-techo-5g-plana-para-instalacion-permanente-en-autocaravanas-caravanas-2g-3g-4g-5g-2-cables\/","name":"Antena plana de techo 5G para instalaci\u00f3n en autocaravanas","isPartOf":{"@id":"https:\/\/wifi.se\/es\/#website"},"primaryImageOfPage":{"@id":"https:\/\/wifi.se\/es\/product\/antena-de-techo-5g-plana-para-instalacion-permanente-en-autocaravanas-caravanas-2g-3g-4g-5g-2-cables\/#primaryimage"},"image":{"@id":"https:\/\/wifi.se\/es\/product\/antena-de-techo-5g-plana-para-instalacion-permanente-en-autocaravanas-caravanas-2g-3g-4g-5g-2-cables\/#primaryimage"},"thumbnailUrl":"https:\/\/wifi.se\/es\/wp-content\/uploads\/sites\/5\/2022\/07\/puck2.jpg","datePublished":"2021-08-24T19:24:00+00:00","dateModified":"2025-02-24T02:05:14+00:00","description":"Antena de techo 5G compatible con todas las frecuencias m\u00f3viles: 2G\/3G\/4G\/5G. Ideal para tener siempre una excelente conexi\u00f3n. Montaje plano con dos cables.","breadcrumb":{"@id":"https:\/\/wifi.se\/es\/product\/antena-de-techo-5g-plana-para-instalacion-permanente-en-autocaravanas-caravanas-2g-3g-4g-5g-2-cables\/#breadcrumb"},"inLanguage":"es","potentialAction":[{"@type":"ReadAction","target":["https:\/\/wifi.se\/es\/product\/antena-de-techo-5g-plana-para-instalacion-permanente-en-autocaravanas-caravanas-2g-3g-4g-5g-2-cables\/"]}]},{"@type":"ImageObject","inLanguage":"es","@id":"https:\/\/wifi.se\/es\/product\/antena-de-techo-5g-plana-para-instalacion-permanente-en-autocaravanas-caravanas-2g-3g-4g-5g-2-cables\/#primaryimage","url":"https:\/\/wifi.se\/es\/wp-content\/uploads\/sites\/5\/2022\/07\/puck2.jpg","contentUrl":"https:\/\/wifi.se\/es\/wp-content\/uploads\/sites\/5\/2022\/07\/puck2.jpg","width":800,"height":800,"caption":"5G takantenn platt f\u00f6r fast montering p\u00e5 husbil\/husvagn (2G\/3G\/4G\/5G) 4 Kablar"},{"@type":"BreadcrumbList","@id":"https:\/\/wifi.se\/es\/product\/antena-de-techo-5g-plana-para-instalacion-permanente-en-autocaravanas-caravanas-2g-3g-4g-5g-2-cables\/#breadcrumb","itemListElement":[{"@type":"ListItem","position":1,"name":"Hem","item":"https:\/\/wifi.se\/es\/"},{"@type":"ListItem","position":2,"name":"Tienda","item":"https:\/\/wifi.se\/es\/compra-en-nuestra-tienda-online\/"},{"@type":"ListItem","position":3,"name":"Antena de techo 5G plana para instalaci\u00f3n permanente en autocaravanas\/caravanas (2G\/3G\/4G\/5G) \u2013 2 cables"}]},{"@type":"WebSite","@id":"https:\/\/wifi.se\/es\/#website","url":"https:\/\/wifi.se\/es\/","name":"WIFI.SE\/ES","description":"INTERNET EN TODAS PARTES","potentialAction":[{"@type":"SearchAction","target":{"@type":"EntryPoint","urlTemplate":"https:\/\/wifi.se\/es\/?s={search_term_string}"},"query-input":{"@type":"PropertyValueSpecification","valueRequired":true,"valueName":"search_term_string"}}],"inLanguage":"es"}]}},"_links":{"self":[{"href":"https:\/\/wifi.se\/es\/wp-json\/wp\/v2\/product\/14514","targetHints":{"allow":["GET"]}}],"collection":[{"href":"https:\/\/wifi.se\/es\/wp-json\/wp\/v2\/product"}],"about":[{"href":"https:\/\/wifi.se\/es\/wp-json\/wp\/v2\/types\/product"}],"wp:featuredmedia":[{"embeddable":true,"href":"https:\/\/wifi.se\/es\/wp-json\/wp\/v2\/media\/30295"}],"wp:attachment":[{"href":"https:\/\/wifi.se\/es\/wp-json\/wp\/v2\/media?parent=14514"}],"wp:term":[{"taxonomy":"product_brand","embeddable":true,"href":"https:\/\/wifi.se\/es\/wp-json\/wp\/v2\/product_brand?post=14514"},{"taxonomy":"product_cat","embeddable":true,"href":"https:\/\/wifi.se\/es\/wp-json\/wp\/v2\/product_cat?post=14514"},{"taxonomy":"product_tag","embeddable":true,"href":"https:\/\/wifi.se\/es\/wp-json\/wp\/v2\/product_tag?post=14514"}],"curies":[{"name":"wp","href":"https:\/\/api.w.org\/{rel}","templated":true}]}}