{"id":13328,"date":"2021-04-29T21:10:04","date_gmt":"2021-04-29T19:10:04","guid":{"rendered":"https:\/\/wifi.se\/?post_type=product&#038;p=13328"},"modified":"2025-02-24T04:13:29","modified_gmt":"2025-02-24T02:13:29","slug":"antena-autoadhesiva-antena-patch-para-wifi-conector-rp-sma","status":"publish","type":"product","link":"https:\/\/wifi.se\/es\/product\/antena-autoadhesiva-antena-patch-para-wifi-conector-rp-sma\/","title":{"rendered":"Antena autoadhesiva \/ antena patch para WiFi &#8211; Conector RP-SMA"},"content":{"rendered":"<p class=\"p1\">Esta antena patch autoadhesiva est\u00e1 dise\u00f1ada para mejorar la se\u00f1al WiFi y cuenta con un conector SMA macho inverso. Tiene un amplio rango de frecuencias combinado con buena amplificaci\u00f3n.<\/p>\n<p class=\"p3\"><b>ANTENA AUTOADHESIVA CON CABLE DE 2,5 m<\/b><b><\/b><\/p>\n<p class=\"p1\">Es una antena discreta con cable de 2,5 metros y conector SMA macho inverso, compatible con routers que disponen de antenas WiFi externas. Soporta siete bandas de frecuencia, funcionando con GSM, GPRS, 3G, WiFi y 4G. Puede instalarse tanto en interiores como en exteriores, adhiri\u00e9ndose r\u00e1pidamente a la superficie para una instalaci\u00f3n discreta.<\/p>\n<p class=\"p1\"><span class=\"s1\"><b>Consejo:<\/b><\/span> Primero fija ligeramente la antena en el lugar elegido antes de adherirla de forma permanente, para asegurarte de obtener la cobertura deseada.<\/p>\n","protected":false},"excerpt":{"rendered":"<p class=\"p1\">Esta antena patch autoadhesiva est\u00e1 dise\u00f1ada para mejorar la se\u00f1al WiFi y cuenta con un conector SMA macho inverso. Tiene un amplio rango de frecuencias combinado con buena amplificaci\u00f3n.<\/p>\n<p class=\"p3\"><b>ANTENA AUTOADHESIVA CON CABLE DE 2,5 m<\/b><b><\/b><\/p>\n<p class=\"p1\">Es una antena discreta con cable de 2,5 metros y conector SMA macho inverso, compatible con routers que disponen de antenas WiFi externas. Soporta siete bandas de frecuencia, funcionando con GSM, GPRS, 3G, WiFi y 4G. Puede instalarse tanto en interiores como en exteriores, adhiri\u00e9ndose r\u00e1pidamente a la superficie para una instalaci\u00f3n discreta.<\/p>\n<p class=\"p1\"><span class=\"s1\"><b>Consejo:<\/b><\/span> Primero fija ligeramente la antena en el lugar elegido antes de adherirla de forma permanente, para asegurarte de obtener la cobertura deseada.<\/p>\n","protected":false},"featured_media":30277,"template":"","meta":{"_acf_changed":false},"product_brand":[],"product_cat":[165,258],"product_tag":[167,243,352],"class_list":{"0":"post-13328","1":"product","2":"type-product","3":"status-publish","4":"has-post-thumbnail","6":"product_cat-cobertura-maxima","7":"product_cat-antena-de-parche","8":"product_tag-antenn","9":"product_tag-patchantenn","10":"product_tag-white_week","11":"product_shipping_class-antenner","13":"first","14":"instock","15":"taxable","16":"shipping-taxable","17":"purchasable","18":"product-type-simple"},"bundled_by":[],"bundle_stock_status":"instock","bundle_stock_quantity":null,"bundle_virtual":false,"bundle_layout":"","bundle_add_to_cart_form_location":"","bundle_editable_in_cart":false,"bundle_sold_individually_context":"","bundle_item_grouping":"","bundle_min_size":"","bundle_max_size":"","bundle_price":[],"bundled_items":[],"bundle_sell_ids":[],"acf":{"accounting_number":"1940","accounting_number_kopiera2":"2611","accounting_number_kopiera3":"3014","accounting_number_kopiera4":"3520","accounting_number_kopiera5":"1510","accounting_number_kopiera6":"1511"},"yoast_head":"<!-- This site is optimized with the Yoast SEO plugin v27.1.1 - https:\/\/yoast.com\/product\/yoast-seo-wordpress\/ -->\n<title>Antena autoadhesiva<\/title>\n<meta name=\"robots\" content=\"index, follow, max-snippet:-1, max-image-preview:large, max-video-preview:-1\" \/>\n<link rel=\"canonical\" href=\"https:\/\/wifi.se\/es\/product\/antena-autoadhesiva-antena-patch-para-wifi-conector-rp-sma\/\" \/>\n<meta property=\"og:locale\" content=\"es_ES\" \/>\n<meta property=\"og:type\" content=\"article\" \/>\n<meta property=\"og:title\" content=\"Antena autoadhesiva\" \/>\n<meta property=\"og:description\" content=\"Esta antena patch autoadhesiva est\u00e1 dise\u00f1ada para mejorar la se\u00f1al WiFi y cuenta con un conector SMA macho inverso. Tiene un amplio rango de frecuencias combinado con buena amplificaci\u00f3n. ANTENA AUTOADHESIVA CON CABLE DE 2,5 m Es una antena discreta con cable de 2,5 metros y conector SMA macho inverso, compatible con routers que disponen de antenas WiFi externas. Soporta siete bandas de frecuencia, funcionando con GSM, GPRS, 3G, WiFi y 4G. Puede instalarse tanto en interiores como en exteriores, adhiri\u00e9ndose r\u00e1pidamente a la superficie para una instalaci\u00f3n discreta. Consejo: Primero fija ligeramente la antena en el lugar elegido antes de adherirla de forma permanente, para asegurarte de obtener la cobertura deseada.\" \/>\n<meta property=\"og:url\" content=\"https:\/\/wifi.se\/es\/product\/antena-autoadhesiva-antena-patch-para-wifi-conector-rp-sma\/\" \/>\n<meta property=\"og:site_name\" content=\"WIFI.SE\/ES\" \/>\n<meta property=\"article:modified_time\" content=\"2025-02-24T02:13:29+00:00\" \/>\n<meta property=\"og:image\" content=\"https:\/\/wifi.se\/es\/wp-content\/uploads\/sites\/5\/2021\/04\/patch_sma2.jpg\" \/>\n\t<meta property=\"og:image:width\" content=\"800\" \/>\n\t<meta property=\"og:image:height\" content=\"800\" \/>\n\t<meta property=\"og:image:type\" content=\"image\/jpeg\" \/>\n<meta name=\"twitter:card\" content=\"summary_large_image\" \/>\n<meta name=\"twitter:label1\" content=\"Tiempo de lectura\" \/>\n\t<meta name=\"twitter:data1\" content=\"1 minuto\" \/>\n<script type=\"application\/ld+json\" class=\"yoast-schema-graph\">{\"@context\":\"https:\/\/schema.org\",\"@graph\":[{\"@type\":\"WebPage\",\"@id\":\"https:\/\/wifi.se\/es\/product\/antena-autoadhesiva-antena-patch-para-wifi-conector-rp-sma\/\",\"url\":\"https:\/\/wifi.se\/es\/product\/antena-autoadhesiva-antena-patch-para-wifi-conector-rp-sma\/\",\"name\":\"Antena autoadhesiva\",\"isPartOf\":{\"@id\":\"https:\/\/wifi.se\/es\/#website\"},\"primaryImageOfPage\":{\"@id\":\"https:\/\/wifi.se\/es\/product\/antena-autoadhesiva-antena-patch-para-wifi-conector-rp-sma\/#primaryimage\"},\"image\":{\"@id\":\"https:\/\/wifi.se\/es\/product\/antena-autoadhesiva-antena-patch-para-wifi-conector-rp-sma\/#primaryimage\"},\"thumbnailUrl\":\"https:\/\/wifi.se\/es\/wp-content\/uploads\/sites\/5\/2021\/04\/patch_sma2.jpg\",\"datePublished\":\"2021-04-29T19:10:04+00:00\",\"dateModified\":\"2025-02-24T02:13:29+00:00\",\"breadcrumb\":{\"@id\":\"https:\/\/wifi.se\/es\/product\/antena-autoadhesiva-antena-patch-para-wifi-conector-rp-sma\/#breadcrumb\"},\"inLanguage\":\"es\",\"potentialAction\":[{\"@type\":\"ReadAction\",\"target\":[\"https:\/\/wifi.se\/es\/product\/antena-autoadhesiva-antena-patch-para-wifi-conector-rp-sma\/\"]}]},{\"@type\":\"ImageObject\",\"inLanguage\":\"es\",\"@id\":\"https:\/\/wifi.se\/es\/product\/antena-autoadhesiva-antena-patch-para-wifi-conector-rp-sma\/#primaryimage\",\"url\":\"https:\/\/wifi.se\/es\/wp-content\/uploads\/sites\/5\/2021\/04\/patch_sma2.jpg\",\"contentUrl\":\"https:\/\/wifi.se\/es\/wp-content\/uploads\/sites\/5\/2021\/04\/patch_sma2.jpg\",\"width\":800,\"height\":800,\"caption\":\"SJ\u00c4LVH\u00c4FTANDE ANTENN \/ PATCHANTENN F\u00d6R WIFI \u2013 RP SMA KONTAKT\"},{\"@type\":\"BreadcrumbList\",\"@id\":\"https:\/\/wifi.se\/es\/product\/antena-autoadhesiva-antena-patch-para-wifi-conector-rp-sma\/#breadcrumb\",\"itemListElement\":[{\"@type\":\"ListItem\",\"position\":1,\"name\":\"Hem\",\"item\":\"https:\/\/wifi.se\/es\/\"},{\"@type\":\"ListItem\",\"position\":2,\"name\":\"Tienda\",\"item\":\"https:\/\/wifi.se\/es\/compra-en-nuestra-tienda-online\/\"},{\"@type\":\"ListItem\",\"position\":3,\"name\":\"Antena autoadhesiva \/ antena patch para WiFi &#8211; Conector RP-SMA\"}]},{\"@type\":\"WebSite\",\"@id\":\"https:\/\/wifi.se\/es\/#website\",\"url\":\"https:\/\/wifi.se\/es\/\",\"name\":\"WIFI.SE\/ES\",\"description\":\"INTERNET EN TODAS PARTES\",\"potentialAction\":[{\"@type\":\"SearchAction\",\"target\":{\"@type\":\"EntryPoint\",\"urlTemplate\":\"https:\/\/wifi.se\/es\/?s={search_term_string}\"},\"query-input\":{\"@type\":\"PropertyValueSpecification\",\"valueRequired\":true,\"valueName\":\"search_term_string\"}}],\"inLanguage\":\"es\"}]}<\/script>\n<!-- \/ Yoast SEO plugin. -->","yoast_head_json":{"title":"Antena autoadhesiva","robots":{"index":"index","follow":"follow","max-snippet":"max-snippet:-1","max-image-preview":"max-image-preview:large","max-video-preview":"max-video-preview:-1"},"canonical":"https:\/\/wifi.se\/es\/product\/antena-autoadhesiva-antena-patch-para-wifi-conector-rp-sma\/","og_locale":"es_ES","og_type":"article","og_title":"Antena autoadhesiva","og_description":"Esta antena patch autoadhesiva est\u00e1 dise\u00f1ada para mejorar la se\u00f1al WiFi y cuenta con un conector SMA macho inverso. Tiene un amplio rango de frecuencias combinado con buena amplificaci\u00f3n. ANTENA AUTOADHESIVA CON CABLE DE 2,5 m Es una antena discreta con cable de 2,5 metros y conector SMA macho inverso, compatible con routers que disponen de antenas WiFi externas. Soporta siete bandas de frecuencia, funcionando con GSM, GPRS, 3G, WiFi y 4G. Puede instalarse tanto en interiores como en exteriores, adhiri\u00e9ndose r\u00e1pidamente a la superficie para una instalaci\u00f3n discreta. Consejo: Primero fija ligeramente la antena en el lugar elegido antes de adherirla de forma permanente, para asegurarte de obtener la cobertura deseada.","og_url":"https:\/\/wifi.se\/es\/product\/antena-autoadhesiva-antena-patch-para-wifi-conector-rp-sma\/","og_site_name":"WIFI.SE\/ES","article_modified_time":"2025-02-24T02:13:29+00:00","og_image":[{"width":800,"height":800,"url":"https:\/\/wifi.se\/es\/wp-content\/uploads\/sites\/5\/2021\/04\/patch_sma2.jpg","type":"image\/jpeg"}],"twitter_card":"summary_large_image","twitter_misc":{"Tiempo de lectura":"1 minuto"},"schema":{"@context":"https:\/\/schema.org","@graph":[{"@type":"WebPage","@id":"https:\/\/wifi.se\/es\/product\/antena-autoadhesiva-antena-patch-para-wifi-conector-rp-sma\/","url":"https:\/\/wifi.se\/es\/product\/antena-autoadhesiva-antena-patch-para-wifi-conector-rp-sma\/","name":"Antena autoadhesiva","isPartOf":{"@id":"https:\/\/wifi.se\/es\/#website"},"primaryImageOfPage":{"@id":"https:\/\/wifi.se\/es\/product\/antena-autoadhesiva-antena-patch-para-wifi-conector-rp-sma\/#primaryimage"},"image":{"@id":"https:\/\/wifi.se\/es\/product\/antena-autoadhesiva-antena-patch-para-wifi-conector-rp-sma\/#primaryimage"},"thumbnailUrl":"https:\/\/wifi.se\/es\/wp-content\/uploads\/sites\/5\/2021\/04\/patch_sma2.jpg","datePublished":"2021-04-29T19:10:04+00:00","dateModified":"2025-02-24T02:13:29+00:00","breadcrumb":{"@id":"https:\/\/wifi.se\/es\/product\/antena-autoadhesiva-antena-patch-para-wifi-conector-rp-sma\/#breadcrumb"},"inLanguage":"es","potentialAction":[{"@type":"ReadAction","target":["https:\/\/wifi.se\/es\/product\/antena-autoadhesiva-antena-patch-para-wifi-conector-rp-sma\/"]}]},{"@type":"ImageObject","inLanguage":"es","@id":"https:\/\/wifi.se\/es\/product\/antena-autoadhesiva-antena-patch-para-wifi-conector-rp-sma\/#primaryimage","url":"https:\/\/wifi.se\/es\/wp-content\/uploads\/sites\/5\/2021\/04\/patch_sma2.jpg","contentUrl":"https:\/\/wifi.se\/es\/wp-content\/uploads\/sites\/5\/2021\/04\/patch_sma2.jpg","width":800,"height":800,"caption":"SJ\u00c4LVH\u00c4FTANDE ANTENN \/ PATCHANTENN F\u00d6R WIFI \u2013 RP SMA KONTAKT"},{"@type":"BreadcrumbList","@id":"https:\/\/wifi.se\/es\/product\/antena-autoadhesiva-antena-patch-para-wifi-conector-rp-sma\/#breadcrumb","itemListElement":[{"@type":"ListItem","position":1,"name":"Hem","item":"https:\/\/wifi.se\/es\/"},{"@type":"ListItem","position":2,"name":"Tienda","item":"https:\/\/wifi.se\/es\/compra-en-nuestra-tienda-online\/"},{"@type":"ListItem","position":3,"name":"Antena autoadhesiva \/ antena patch para WiFi &#8211; Conector RP-SMA"}]},{"@type":"WebSite","@id":"https:\/\/wifi.se\/es\/#website","url":"https:\/\/wifi.se\/es\/","name":"WIFI.SE\/ES","description":"INTERNET EN TODAS PARTES","potentialAction":[{"@type":"SearchAction","target":{"@type":"EntryPoint","urlTemplate":"https:\/\/wifi.se\/es\/?s={search_term_string}"},"query-input":{"@type":"PropertyValueSpecification","valueRequired":true,"valueName":"search_term_string"}}],"inLanguage":"es"}]}},"_links":{"self":[{"href":"https:\/\/wifi.se\/es\/wp-json\/wp\/v2\/product\/13328","targetHints":{"allow":["GET"]}}],"collection":[{"href":"https:\/\/wifi.se\/es\/wp-json\/wp\/v2\/product"}],"about":[{"href":"https:\/\/wifi.se\/es\/wp-json\/wp\/v2\/types\/product"}],"wp:featuredmedia":[{"embeddable":true,"href":"https:\/\/wifi.se\/es\/wp-json\/wp\/v2\/media\/30277"}],"wp:attachment":[{"href":"https:\/\/wifi.se\/es\/wp-json\/wp\/v2\/media?parent=13328"}],"wp:term":[{"taxonomy":"product_brand","embeddable":true,"href":"https:\/\/wifi.se\/es\/wp-json\/wp\/v2\/product_brand?post=13328"},{"taxonomy":"product_cat","embeddable":true,"href":"https:\/\/wifi.se\/es\/wp-json\/wp\/v2\/product_cat?post=13328"},{"taxonomy":"product_tag","embeddable":true,"href":"https:\/\/wifi.se\/es\/wp-json\/wp\/v2\/product_tag?post=13328"}],"curies":[{"name":"wp","href":"https:\/\/api.w.org\/{rel}","templated":true}]}}