{"id":1182,"date":"2019-09-13T06:31:02","date_gmt":"2019-09-13T04:31:02","guid":{"rendered":"https:\/\/wifi.se\/?post_type=product&#038;p=1182"},"modified":"2025-02-24T04:47:21","modified_gmt":"2025-02-24T02:47:21","slug":"cable-de-alimentacion-de-12-voltios-para-routers-teltonika-conexion-para-vehiculo","status":"publish","type":"product","link":"https:\/\/wifi.se\/es\/product\/cable-de-alimentacion-de-12-voltios-para-routers-teltonika-conexion-para-vehiculo\/","title":{"rendered":"Cable de alimentaci\u00f3n de 12 voltios para routers Teltonika &#8211; Conexi\u00f3n para veh\u00edculo"},"content":{"rendered":"<p class=\"p1\">Cable de alimentaci\u00f3n de 12 voltios para Teltonika con cable de 1,5 metros para conexi\u00f3n en veh\u00edculos. Fuente de alimentaci\u00f3n EU con conector de 4 pines.<\/p>\n<p class=\"p1\">Compatible con los siguientes routers Teltonika: <span class=\"s1\"><b>RUT230, RUT240, RUT850, RUT950, RUT955<\/b><\/span>.<\/p>\n<p>&nbsp;<\/p>\n","protected":false},"excerpt":{"rendered":"<p class=\"p1\">Cable de alimentaci\u00f3n de 12 voltios para Teltonika con cable de 1,5 metros para conexi\u00f3n en veh\u00edculos. Fuente de alimentaci\u00f3n EU con conector de 4 pines.<\/p>\n<p class=\"p1\">Compatible con los siguientes routers Teltonika: <span class=\"s1\"><b>RUT230, RUT240, RUT850, RUT950, RUT955<\/b><\/span>.<\/p>\n","protected":false},"featured_media":30225,"template":"","meta":{"_acf_changed":false},"product_brand":[],"product_cat":[74],"product_tag":[77],"class_list":{"0":"post-1182","1":"product","2":"type-product","3":"status-publish","4":"has-post-thumbnail","6":"product_cat-cables-de-alimentacion","7":"product_tag-stromforsorjning","8":"product_shipping_class-tillbehor","10":"first","11":"instock","12":"taxable","13":"shipping-taxable","14":"purchasable","15":"product-type-simple"},"bundled_by":[],"bundle_stock_status":"instock","bundle_stock_quantity":null,"bundle_virtual":false,"bundle_layout":"","bundle_add_to_cart_form_location":"","bundle_editable_in_cart":false,"bundle_sold_individually_context":"","bundle_item_grouping":"","bundle_min_size":"","bundle_max_size":"","bundle_price":[],"bundled_items":[],"bundle_sell_ids":[],"acf":{"accounting_number":"1940","accounting_number_kopiera2":"2611","accounting_number_kopiera3":"3016","accounting_number_kopiera4":"3520","accounting_number_kopiera5":"1510","accounting_number_kopiera6":"1511"},"yoast_head":"<!-- This site is optimized with the Yoast SEO plugin v27.1.1 - https:\/\/yoast.com\/product\/yoast-seo-wordpress\/ -->\n<title>Cable de alimentaci\u00f3n de 12 voltios para Teltonika<\/title>\n<meta name=\"description\" content=\"Cable de alimentaci\u00f3n de 12 voltios para Teltonika con cable de 1,5 metros para conexi\u00f3n en veh\u00edculos. Compatible con todos los modelos Teltonika\" \/>\n<meta name=\"robots\" content=\"index, follow, max-snippet:-1, max-image-preview:large, max-video-preview:-1\" \/>\n<link rel=\"canonical\" href=\"https:\/\/wifi.se\/es\/product\/cable-de-alimentacion-de-12-voltios-para-routers-teltonika-conexion-para-vehiculo\/\" \/>\n<meta property=\"og:locale\" content=\"es_ES\" \/>\n<meta property=\"og:type\" content=\"article\" \/>\n<meta property=\"og:title\" content=\"Cable de alimentaci\u00f3n de 12 voltios para Teltonika\" \/>\n<meta property=\"og:description\" content=\"Cable de alimentaci\u00f3n de 12 voltios para Teltonika con cable de 1,5 metros para conexi\u00f3n en veh\u00edculos. Compatible con todos los modelos Teltonika\" \/>\n<meta property=\"og:url\" content=\"https:\/\/wifi.se\/es\/product\/cable-de-alimentacion-de-12-voltios-para-routers-teltonika-conexion-para-vehiculo\/\" \/>\n<meta property=\"og:site_name\" content=\"WIFI.SE\/ES\" \/>\n<meta property=\"article:modified_time\" content=\"2025-02-24T02:47:21+00:00\" \/>\n<meta property=\"og:image\" content=\"https:\/\/wifi.se\/es\/wp-content\/uploads\/sites\/5\/2019\/09\/cigg01.jpg\" \/>\n\t<meta property=\"og:image:width\" content=\"800\" \/>\n\t<meta property=\"og:image:height\" content=\"800\" \/>\n\t<meta property=\"og:image:type\" content=\"image\/jpeg\" \/>\n<meta name=\"twitter:card\" content=\"summary_large_image\" \/>\n<meta name=\"twitter:label1\" content=\"Tiempo de lectura\" \/>\n\t<meta name=\"twitter:data1\" content=\"1 minuto\" \/>\n<script type=\"application\/ld+json\" class=\"yoast-schema-graph\">{\"@context\":\"https:\/\/schema.org\",\"@graph\":[{\"@type\":\"WebPage\",\"@id\":\"https:\/\/wifi.se\/es\/product\/cable-de-alimentacion-de-12-voltios-para-routers-teltonika-conexion-para-vehiculo\/\",\"url\":\"https:\/\/wifi.se\/es\/product\/cable-de-alimentacion-de-12-voltios-para-routers-teltonika-conexion-para-vehiculo\/\",\"name\":\"Cable de alimentaci\u00f3n de 12 voltios para Teltonika\",\"isPartOf\":{\"@id\":\"https:\/\/wifi.se\/es\/#website\"},\"primaryImageOfPage\":{\"@id\":\"https:\/\/wifi.se\/es\/product\/cable-de-alimentacion-de-12-voltios-para-routers-teltonika-conexion-para-vehiculo\/#primaryimage\"},\"image\":{\"@id\":\"https:\/\/wifi.se\/es\/product\/cable-de-alimentacion-de-12-voltios-para-routers-teltonika-conexion-para-vehiculo\/#primaryimage\"},\"thumbnailUrl\":\"https:\/\/wifi.se\/es\/wp-content\/uploads\/sites\/5\/2019\/09\/cigg01.jpg\",\"datePublished\":\"2019-09-13T04:31:02+00:00\",\"dateModified\":\"2025-02-24T02:47:21+00:00\",\"description\":\"Cable de alimentaci\u00f3n de 12 voltios para Teltonika con cable de 1,5 metros para conexi\u00f3n en veh\u00edculos. Compatible con todos los modelos Teltonika\",\"breadcrumb\":{\"@id\":\"https:\/\/wifi.se\/es\/product\/cable-de-alimentacion-de-12-voltios-para-routers-teltonika-conexion-para-vehiculo\/#breadcrumb\"},\"inLanguage\":\"es\",\"potentialAction\":[{\"@type\":\"ReadAction\",\"target\":[\"https:\/\/wifi.se\/es\/product\/cable-de-alimentacion-de-12-voltios-para-routers-teltonika-conexion-para-vehiculo\/\"]}]},{\"@type\":\"ImageObject\",\"inLanguage\":\"es\",\"@id\":\"https:\/\/wifi.se\/es\/product\/cable-de-alimentacion-de-12-voltios-para-routers-teltonika-conexion-para-vehiculo\/#primaryimage\",\"url\":\"https:\/\/wifi.se\/es\/wp-content\/uploads\/sites\/5\/2019\/09\/cigg01.jpg\",\"contentUrl\":\"https:\/\/wifi.se\/es\/wp-content\/uploads\/sites\/5\/2019\/09\/cigg01.jpg\",\"width\":800,\"height\":800,\"caption\":\"Str\u00f6mkabel 12 volt\"},{\"@type\":\"BreadcrumbList\",\"@id\":\"https:\/\/wifi.se\/es\/product\/cable-de-alimentacion-de-12-voltios-para-routers-teltonika-conexion-para-vehiculo\/#breadcrumb\",\"itemListElement\":[{\"@type\":\"ListItem\",\"position\":1,\"name\":\"Hem\",\"item\":\"https:\/\/wifi.se\/es\/\"},{\"@type\":\"ListItem\",\"position\":2,\"name\":\"Tienda\",\"item\":\"https:\/\/wifi.se\/es\/compra-en-nuestra-tienda-online\/\"},{\"@type\":\"ListItem\",\"position\":3,\"name\":\"Cable de alimentaci\u00f3n de 12 voltios para routers Teltonika &#8211; Conexi\u00f3n para veh\u00edculo\"}]},{\"@type\":\"WebSite\",\"@id\":\"https:\/\/wifi.se\/es\/#website\",\"url\":\"https:\/\/wifi.se\/es\/\",\"name\":\"WIFI.SE\/ES\",\"description\":\"INTERNET EN TODAS PARTES\",\"potentialAction\":[{\"@type\":\"SearchAction\",\"target\":{\"@type\":\"EntryPoint\",\"urlTemplate\":\"https:\/\/wifi.se\/es\/?s={search_term_string}\"},\"query-input\":{\"@type\":\"PropertyValueSpecification\",\"valueRequired\":true,\"valueName\":\"search_term_string\"}}],\"inLanguage\":\"es\"}]}<\/script>\n<!-- \/ Yoast SEO plugin. -->","yoast_head_json":{"title":"Cable de alimentaci\u00f3n de 12 voltios para Teltonika","description":"Cable de alimentaci\u00f3n de 12 voltios para Teltonika con cable de 1,5 metros para conexi\u00f3n en veh\u00edculos. Compatible con todos los modelos Teltonika","robots":{"index":"index","follow":"follow","max-snippet":"max-snippet:-1","max-image-preview":"max-image-preview:large","max-video-preview":"max-video-preview:-1"},"canonical":"https:\/\/wifi.se\/es\/product\/cable-de-alimentacion-de-12-voltios-para-routers-teltonika-conexion-para-vehiculo\/","og_locale":"es_ES","og_type":"article","og_title":"Cable de alimentaci\u00f3n de 12 voltios para Teltonika","og_description":"Cable de alimentaci\u00f3n de 12 voltios para Teltonika con cable de 1,5 metros para conexi\u00f3n en veh\u00edculos. Compatible con todos los modelos Teltonika","og_url":"https:\/\/wifi.se\/es\/product\/cable-de-alimentacion-de-12-voltios-para-routers-teltonika-conexion-para-vehiculo\/","og_site_name":"WIFI.SE\/ES","article_modified_time":"2025-02-24T02:47:21+00:00","og_image":[{"width":800,"height":800,"url":"https:\/\/wifi.se\/es\/wp-content\/uploads\/sites\/5\/2019\/09\/cigg01.jpg","type":"image\/jpeg"}],"twitter_card":"summary_large_image","twitter_misc":{"Tiempo de lectura":"1 minuto"},"schema":{"@context":"https:\/\/schema.org","@graph":[{"@type":"WebPage","@id":"https:\/\/wifi.se\/es\/product\/cable-de-alimentacion-de-12-voltios-para-routers-teltonika-conexion-para-vehiculo\/","url":"https:\/\/wifi.se\/es\/product\/cable-de-alimentacion-de-12-voltios-para-routers-teltonika-conexion-para-vehiculo\/","name":"Cable de alimentaci\u00f3n de 12 voltios para Teltonika","isPartOf":{"@id":"https:\/\/wifi.se\/es\/#website"},"primaryImageOfPage":{"@id":"https:\/\/wifi.se\/es\/product\/cable-de-alimentacion-de-12-voltios-para-routers-teltonika-conexion-para-vehiculo\/#primaryimage"},"image":{"@id":"https:\/\/wifi.se\/es\/product\/cable-de-alimentacion-de-12-voltios-para-routers-teltonika-conexion-para-vehiculo\/#primaryimage"},"thumbnailUrl":"https:\/\/wifi.se\/es\/wp-content\/uploads\/sites\/5\/2019\/09\/cigg01.jpg","datePublished":"2019-09-13T04:31:02+00:00","dateModified":"2025-02-24T02:47:21+00:00","description":"Cable de alimentaci\u00f3n de 12 voltios para Teltonika con cable de 1,5 metros para conexi\u00f3n en veh\u00edculos. Compatible con todos los modelos Teltonika","breadcrumb":{"@id":"https:\/\/wifi.se\/es\/product\/cable-de-alimentacion-de-12-voltios-para-routers-teltonika-conexion-para-vehiculo\/#breadcrumb"},"inLanguage":"es","potentialAction":[{"@type":"ReadAction","target":["https:\/\/wifi.se\/es\/product\/cable-de-alimentacion-de-12-voltios-para-routers-teltonika-conexion-para-vehiculo\/"]}]},{"@type":"ImageObject","inLanguage":"es","@id":"https:\/\/wifi.se\/es\/product\/cable-de-alimentacion-de-12-voltios-para-routers-teltonika-conexion-para-vehiculo\/#primaryimage","url":"https:\/\/wifi.se\/es\/wp-content\/uploads\/sites\/5\/2019\/09\/cigg01.jpg","contentUrl":"https:\/\/wifi.se\/es\/wp-content\/uploads\/sites\/5\/2019\/09\/cigg01.jpg","width":800,"height":800,"caption":"Str\u00f6mkabel 12 volt"},{"@type":"BreadcrumbList","@id":"https:\/\/wifi.se\/es\/product\/cable-de-alimentacion-de-12-voltios-para-routers-teltonika-conexion-para-vehiculo\/#breadcrumb","itemListElement":[{"@type":"ListItem","position":1,"name":"Hem","item":"https:\/\/wifi.se\/es\/"},{"@type":"ListItem","position":2,"name":"Tienda","item":"https:\/\/wifi.se\/es\/compra-en-nuestra-tienda-online\/"},{"@type":"ListItem","position":3,"name":"Cable de alimentaci\u00f3n de 12 voltios para routers Teltonika &#8211; Conexi\u00f3n para veh\u00edculo"}]},{"@type":"WebSite","@id":"https:\/\/wifi.se\/es\/#website","url":"https:\/\/wifi.se\/es\/","name":"WIFI.SE\/ES","description":"INTERNET EN TODAS PARTES","potentialAction":[{"@type":"SearchAction","target":{"@type":"EntryPoint","urlTemplate":"https:\/\/wifi.se\/es\/?s={search_term_string}"},"query-input":{"@type":"PropertyValueSpecification","valueRequired":true,"valueName":"search_term_string"}}],"inLanguage":"es"}]}},"_links":{"self":[{"href":"https:\/\/wifi.se\/es\/wp-json\/wp\/v2\/product\/1182","targetHints":{"allow":["GET"]}}],"collection":[{"href":"https:\/\/wifi.se\/es\/wp-json\/wp\/v2\/product"}],"about":[{"href":"https:\/\/wifi.se\/es\/wp-json\/wp\/v2\/types\/product"}],"wp:featuredmedia":[{"embeddable":true,"href":"https:\/\/wifi.se\/es\/wp-json\/wp\/v2\/media\/30225"}],"wp:attachment":[{"href":"https:\/\/wifi.se\/es\/wp-json\/wp\/v2\/media?parent=1182"}],"wp:term":[{"taxonomy":"product_brand","embeddable":true,"href":"https:\/\/wifi.se\/es\/wp-json\/wp\/v2\/product_brand?post=1182"},{"taxonomy":"product_cat","embeddable":true,"href":"https:\/\/wifi.se\/es\/wp-json\/wp\/v2\/product_cat?post=1182"},{"taxonomy":"product_tag","embeddable":true,"href":"https:\/\/wifi.se\/es\/wp-json\/wp\/v2\/product_tag?post=1182"}],"curies":[{"name":"wp","href":"https:\/\/api.w.org\/{rel}","templated":true}]}}