{"id":486,"date":"2019-08-30T18:38:34","date_gmt":"2019-08-30T18:38:34","guid":{"rendered":"https:\/\/wifi.se\/?page_id=486"},"modified":"2025-02-17T22:05:18","modified_gmt":"2025-02-17T20:05:18","slug":"politica-de-cookies","status":"publish","type":"page","link":"https:\/\/wifi.se\/es\/politica-de-cookies\/","title":{"rendered":"Pol\u00edtica de Cookies"},"content":{"rendered":"<div id=\"pageSection_0\" class=\"tsWrap--Background--RightTop--NoRepeat--Contain none tsPageSection-Wrapper tsPageSection-Wrapper--NoSpecialCase tsPaddingLeft--None tsPaddingRight--None\" data-background-optimizer=\"\" data-image-small=\"\" data-image-large=\"\/dam\/jcr:6130819e-56a4-4e97-abcf-2958e874cb31\/Informa_PebbleHero_1680x550.png\" data-page-section=\"\" data-youtube-start-time=\"0\">\n<div class=\"tsWrapInner tsPaddingLeft--None tsPaddingRight--None tsWrap--Background--CenterBottom--NoRepeat--Contain tsPaddingBottom--None background-color_transparent\">\n<div class=\"tsWrapInner tsPageSection-Body\">\n<div class=\"disc-textarea disc-textarea_columnify\">\n<div class=\"disc-textarea__column disc-textarea__column_width-66\">\n<h1 class=\"p1\">Pol\u00edtica de Cookies<\/h1>\n<\/div>\n<\/div>\n<\/div>\n<\/div>\n<\/div>\n<div id=\"pageSection_019\" class=\"tsWrap--Background--CenterBottom--NoRepeat--Contain none tsPageSection-Wrapper tsPageSection-Wrapper--NoSpecialCase tsPaddingLeft--None tsPaddingRight--None background-color_transparent\" data-page-section=\"\" data-youtube-start-time=\"0\">\n<div class=\"tsWrapInner tsPaddingLeft--None tsPaddingRight--None tsWrap--Background--CenterBottom--NoRepeat--Contain tsPaddingBottom--None background-color_transparent\">\n<div class=\"tsWrapInner tsPageSection-Body\">\n<div class=\"disc-textarea disc-textarea_columnify\">\n<div class=\"disc-textarea__column disc-textarea__column_width-66\">\n<p class=\"p1\">En nuestros sitios web utilizamos <span class=\"s1\"><b>cookies y tecnolog\u00edas similares<\/b><\/span>. Estas cookies recopilan informaci\u00f3n sobre c\u00f3mo usas nuestras p\u00e1ginas y almacenan los datos en tu dispositivo. Hacemos esto para:<\/p>\n<ul>\n<li class=\"p3\"><b>Garantizar el correcto funcionamiento de nuestros sitios web.<\/b><\/li>\n<li class=\"p3\"><b>Mejorar tu experiencia de usuario.<\/b><\/li>\n<li class=\"p3\"><b>Ofrecerte contenido y ofertas relevantes.<\/b><\/li>\n<\/ul>\n<h3 class=\"p1\">Tu consentimiento es necesario<\/h3>\n<p class=\"p3\"><span class=\"s1\">Puedes decidir si deseas aceptar cookies en tu dispositivo. <\/span><b>Tu consentimiento es obligatorio para todas las cookies, excepto aquellas esenciales para el funcionamiento del servicio que has solicitado.<\/b><\/p>\n<p class=\"p3\"><b>C\u00f3mo das tu consentimiento:<\/b><\/p>\n<ul>\n<li class=\"p3\"><b>Si contin\u00faas usando nuestro sitio web, aceptas el uso de cookies.<\/b><\/li>\n<li class=\"p3\"><b style=\"color: #555555; font-size: 14.4px;\">Si no est\u00e1s de acuerdo o cambias de opini\u00f3n, puedes modificar la configuraci\u00f3n de cookies en cualquier momento.<\/b><\/li>\n<\/ul>\n<p class=\"p4\">Recomendamos <span class=\"s2\"><b>leer nuestra pol\u00edtica de cookies antes de decidir<\/b><\/span>, donde tambi\u00e9n encontrar\u00e1s informaci\u00f3n sobre c\u00f3mo cambiar la configuraci\u00f3n f\u00e1cilmente.<\/p>\n<\/div>\n<\/div>\n<h3 class=\"p1\">\u00bfQu\u00e9 son las cookies?<\/h3>\n<p class=\"p3\">Las <span class=\"s1\"><b>cookies<\/b><\/span> son peque\u00f1os archivos de texto que se almacenan en tu navegador cuando visitas un sitio web.<\/p>\n<p class=\"p4\"><b>Tipos de cookies:<\/b><\/p>\n<ul>\n<li class=\"p5\"><span class=\"s1\"><b>Cookies esenciales<\/b><\/span>: Necesarias para que nuestro sitio web funcione correctamente y sea f\u00e1cil de usar.<\/li>\n<li class=\"p5\"><span class=\"s1\"><b>Cookies de an\u00e1lisis<\/b><\/span>: Recogen informaci\u00f3n sobre tu actividad en nuestra p\u00e1gina para mejorar nuestros servicios y personalizar tu experiencia.<\/li>\n<\/ul>\n<\/div>\n<\/div>\n<\/div>\n<h3 class=\"p1\">\u00bfPara qu\u00e9 usamos las cookies?<b><\/b><\/h3>\n<p class=\"p3\">Queremos que nuestro sitio web <span class=\"s1\"><b>\u201cte recuerde\u201d<\/b><\/span> y <span class=\"s1\"><b>\u201cte reconozca\u201d<\/b><\/span>, para mejorar tu experiencia de usuario:<\/p>\n<ul>\n<li class=\"p4\"><b>Guardar tus preferencias y ajustes<\/b><span class=\"s2\"> (como el idioma).<\/span><\/li>\n<li class=\"p4\"><b>Facilitar la navegaci\u00f3n y hacerla m\u00e1s r\u00e1pida.<\/b><\/li>\n<li class=\"p4\"><b style=\"color: #555555; font-size: 14.4px;\">Entender qu\u00e9 p\u00e1ginas visitas y ofrecerte contenido personalizado.<\/b><\/li>\n<li class=\"p4\"><b style=\"color: #555555; font-size: 14.4px;\">Optimizar nuestros servicios bas\u00e1ndonos en c\u00f3mo usas la web.<\/b><\/li>\n<\/ul>\n<h3 class=\"p1\">Duraci\u00f3n de las cookies<b><\/b><\/h3>\n<p class=\"p3\"><span class=\"s1\">Las cookies pueden <\/span><b>recordarte de dos maneras:<\/b><b><\/b><\/p>\n<ul>\n<li class=\"p4\"><span class=\"s2\"><b>Temporalmente<\/b><\/span> \u2013 Hasta que cierres el navegador (<span class=\"s2\"><b>cookies de sesi\u00f3n<\/b><\/span>).<\/li>\n<li class=\"p4\"><span class=\"s2\" style=\"color: #555555; font-size: 14.4px;\"><b>Permanentemente<\/b><\/span><span style=\"color: #555555; font-size: 14.4px;\"> \u2013 Hasta que cambies la configuraci\u00f3n de tu navegador, elimines las cookies o ajustes tus preferencias (<\/span><span class=\"s2\" style=\"color: #555555; font-size: 14.4px;\"><b>cookies permanentes<\/b><\/span><span style=\"color: #555555; font-size: 14.4px;\">).<\/span><\/li>\n<\/ul>\n<p class=\"p4\">Cuando mencionamos cookies en esta pol\u00edtica, tambi\u00e9n nos referimos a <span class=\"s2\"><b>otras tecnolog\u00edas similares<\/b><\/span> que almacenan informaci\u00f3n en tu navegador de forma similar a las cookies.<\/p>\n<p class=\"p3\"><b>Para m\u00e1s informaci\u00f3n sobre c\u00f3mo administrar tus cookies, consulta nuestra pol\u00edtica de privacidad o la configuraci\u00f3n de tu navegador.<\/b><b><\/b><\/p>\n<p class=\"p3\"><b>Tu privacidad es importante para nosotros.<\/b><span class=\"s1\"> \u00a1T\u00fa decides c\u00f3mo quieres navegar! <\/span><\/p>\n<p>&nbsp;<\/p>\n","protected":false},"excerpt":{"rendered":"<p>Pol\u00edtica de Cookies En nuestros sitios web utilizamos cookies y tecnolog\u00edas similares. Estas cookies recopilan informaci\u00f3n sobre c\u00f3mo usas nuestras p\u00e1ginas y almacenan los datos en tu dispositivo. Hacemos esto para: Garantizar el correcto funcionamiento de nuestros sitios web. Mejorar tu experiencia de usuario. Ofrecerte contenido y ofertas relevantes. Tu consentimiento es necesario Puedes decidir [&#8230;]\n","protected":false},"author":1,"featured_media":0,"parent":0,"menu_order":0,"comment_status":"closed","ping_status":"closed","template":"","meta":{"_acf_changed":false,"footnotes":""},"class_list":["post-486","page","type-page","status-publish","hentry"],"acf":[],"yoast_head":"<!-- This site is optimized with the Yoast SEO plugin v27.1.1 - https:\/\/yoast.com\/product\/yoast-seo-wordpress\/ -->\n<title>Pol\u00edtica de Cookies - WIfi.se<\/title>\n<meta name=\"robots\" content=\"index, follow, max-snippet:-1, max-image-preview:large, max-video-preview:-1\" \/>\n<link rel=\"canonical\" href=\"https:\/\/wifi.se\/es\/politica-de-cookies\/\" \/>\n<meta property=\"og:locale\" content=\"es_ES\" \/>\n<meta property=\"og:type\" content=\"article\" \/>\n<meta property=\"og:title\" content=\"Pol\u00edtica de Cookies - WIfi.se\" \/>\n<meta property=\"og:description\" content=\"Pol\u00edtica de Cookies En nuestros sitios web utilizamos cookies y tecnolog\u00edas similares. Estas cookies recopilan informaci\u00f3n sobre c\u00f3mo usas nuestras p\u00e1ginas y almacenan los datos en tu dispositivo. Hacemos esto para: Garantizar el correcto funcionamiento de nuestros sitios web. Mejorar tu experiencia de usuario. Ofrecerte contenido y ofertas relevantes. Tu consentimiento es necesario Puedes decidir [...]\" \/>\n<meta property=\"og:url\" content=\"https:\/\/wifi.se\/es\/politica-de-cookies\/\" \/>\n<meta property=\"og:site_name\" content=\"WIFI.SE\/ES\" \/>\n<meta property=\"article:modified_time\" content=\"2025-02-17T20:05:18+00:00\" \/>\n<meta name=\"twitter:card\" content=\"summary_large_image\" \/>\n<meta name=\"twitter:label1\" content=\"Tiempo de lectura\" \/>\n\t<meta name=\"twitter:data1\" content=\"2 minutos\" \/>\n<script type=\"application\/ld+json\" class=\"yoast-schema-graph\">{\"@context\":\"https:\/\/schema.org\",\"@graph\":[{\"@type\":\"WebPage\",\"@id\":\"https:\/\/wifi.se\/es\/politica-de-cookies\/\",\"url\":\"https:\/\/wifi.se\/es\/politica-de-cookies\/\",\"name\":\"Pol\u00edtica de Cookies - WIfi.se\",\"isPartOf\":{\"@id\":\"https:\/\/wifi.se\/es\/#website\"},\"datePublished\":\"2019-08-30T18:38:34+00:00\",\"dateModified\":\"2025-02-17T20:05:18+00:00\",\"breadcrumb\":{\"@id\":\"https:\/\/wifi.se\/es\/politica-de-cookies\/#breadcrumb\"},\"inLanguage\":\"es\",\"potentialAction\":[{\"@type\":\"ReadAction\",\"target\":[\"https:\/\/wifi.se\/es\/politica-de-cookies\/\"]}]},{\"@type\":\"BreadcrumbList\",\"@id\":\"https:\/\/wifi.se\/es\/politica-de-cookies\/#breadcrumb\",\"itemListElement\":[{\"@type\":\"ListItem\",\"position\":1,\"name\":\"Hem\",\"item\":\"https:\/\/wifi.se\/es\/\"},{\"@type\":\"ListItem\",\"position\":2,\"name\":\"Pol\u00edtica de Cookies\"}]},{\"@type\":\"WebSite\",\"@id\":\"https:\/\/wifi.se\/es\/#website\",\"url\":\"https:\/\/wifi.se\/es\/\",\"name\":\"WIFI.SE\/ES\",\"description\":\"INTERNET EN TODAS PARTES\",\"potentialAction\":[{\"@type\":\"SearchAction\",\"target\":{\"@type\":\"EntryPoint\",\"urlTemplate\":\"https:\/\/wifi.se\/es\/?s={search_term_string}\"},\"query-input\":{\"@type\":\"PropertyValueSpecification\",\"valueRequired\":true,\"valueName\":\"search_term_string\"}}],\"inLanguage\":\"es\"}]}<\/script>\n<!-- \/ Yoast SEO plugin. -->","yoast_head_json":{"title":"Pol\u00edtica de Cookies - WIfi.se","robots":{"index":"index","follow":"follow","max-snippet":"max-snippet:-1","max-image-preview":"max-image-preview:large","max-video-preview":"max-video-preview:-1"},"canonical":"https:\/\/wifi.se\/es\/politica-de-cookies\/","og_locale":"es_ES","og_type":"article","og_title":"Pol\u00edtica de Cookies - WIfi.se","og_description":"Pol\u00edtica de Cookies En nuestros sitios web utilizamos cookies y tecnolog\u00edas similares. Estas cookies recopilan informaci\u00f3n sobre c\u00f3mo usas nuestras p\u00e1ginas y almacenan los datos en tu dispositivo. Hacemos esto para: Garantizar el correcto funcionamiento de nuestros sitios web. Mejorar tu experiencia de usuario. Ofrecerte contenido y ofertas relevantes. Tu consentimiento es necesario Puedes decidir [...]","og_url":"https:\/\/wifi.se\/es\/politica-de-cookies\/","og_site_name":"WIFI.SE\/ES","article_modified_time":"2025-02-17T20:05:18+00:00","twitter_card":"summary_large_image","twitter_misc":{"Tiempo de lectura":"2 minutos"},"schema":{"@context":"https:\/\/schema.org","@graph":[{"@type":"WebPage","@id":"https:\/\/wifi.se\/es\/politica-de-cookies\/","url":"https:\/\/wifi.se\/es\/politica-de-cookies\/","name":"Pol\u00edtica de Cookies - WIfi.se","isPartOf":{"@id":"https:\/\/wifi.se\/es\/#website"},"datePublished":"2019-08-30T18:38:34+00:00","dateModified":"2025-02-17T20:05:18+00:00","breadcrumb":{"@id":"https:\/\/wifi.se\/es\/politica-de-cookies\/#breadcrumb"},"inLanguage":"es","potentialAction":[{"@type":"ReadAction","target":["https:\/\/wifi.se\/es\/politica-de-cookies\/"]}]},{"@type":"BreadcrumbList","@id":"https:\/\/wifi.se\/es\/politica-de-cookies\/#breadcrumb","itemListElement":[{"@type":"ListItem","position":1,"name":"Hem","item":"https:\/\/wifi.se\/es\/"},{"@type":"ListItem","position":2,"name":"Pol\u00edtica de Cookies"}]},{"@type":"WebSite","@id":"https:\/\/wifi.se\/es\/#website","url":"https:\/\/wifi.se\/es\/","name":"WIFI.SE\/ES","description":"INTERNET EN TODAS PARTES","potentialAction":[{"@type":"SearchAction","target":{"@type":"EntryPoint","urlTemplate":"https:\/\/wifi.se\/es\/?s={search_term_string}"},"query-input":{"@type":"PropertyValueSpecification","valueRequired":true,"valueName":"search_term_string"}}],"inLanguage":"es"}]}},"_links":{"self":[{"href":"https:\/\/wifi.se\/es\/wp-json\/wp\/v2\/pages\/486","targetHints":{"allow":["GET"]}}],"collection":[{"href":"https:\/\/wifi.se\/es\/wp-json\/wp\/v2\/pages"}],"about":[{"href":"https:\/\/wifi.se\/es\/wp-json\/wp\/v2\/types\/page"}],"author":[{"embeddable":true,"href":"https:\/\/wifi.se\/es\/wp-json\/wp\/v2\/users\/1"}],"replies":[{"embeddable":true,"href":"https:\/\/wifi.se\/es\/wp-json\/wp\/v2\/comments?post=486"}],"version-history":[{"count":5,"href":"https:\/\/wifi.se\/es\/wp-json\/wp\/v2\/pages\/486\/revisions"}],"predecessor-version":[{"id":32270,"href":"https:\/\/wifi.se\/es\/wp-json\/wp\/v2\/pages\/486\/revisions\/32270"}],"wp:attachment":[{"href":"https:\/\/wifi.se\/es\/wp-json\/wp\/v2\/media?parent=486"}],"curies":[{"name":"wp","href":"https:\/\/api.w.org\/{rel}","templated":true}]}}