{"id":31629,"date":"2024-12-07T17:17:07","date_gmt":"2024-12-07T15:17:07","guid":{"rendered":"https:\/\/wifi.se\/?page_id=31629"},"modified":"2025-02-18T21:18:00","modified_gmt":"2025-02-18T19:18:00","slug":"manual-router-wifi-performance-5g","status":"publish","type":"page","link":"https:\/\/wifi.se\/es\/manual-router-wifi-performance-5g\/","title":{"rendered":"Manual Router WiFi Performance 5G con antena de techo"},"content":{"rendered":"<section>\n<h1 class=\"p1\">Router WiFi Performance 5G y Antena de Techo<\/h1>\n<h4 class=\"p1\"><b>1. Informaci\u00f3n General<\/b><\/h4>\n<p class=\"p3\">Este router est\u00e1 dise\u00f1ado para proporcionar <span class=\"s1\"><b>internet de alta velocidad con tecnolog\u00eda 5G<\/b><\/span> y conectividad estable en entornos m\u00f3viles o remotos.<\/p>\n<p class=\"p4\"><b>Opciones de entrega seg\u00fan tu pedido:<\/b><\/p>\n<ul>\n<li class=\"p4\"><b>Con SIM preinstalada y activada<\/b><span class=\"s2\">, lista para su uso.<\/span><\/li>\n<li class=\"p3\"><span class=\"s1\"><b>Sin SIM<\/b><\/span>, lo que significa que deber\u00e1s insertarla y activarla manualmente <i>(ver secciones 8 y 12).<\/i><\/li>\n<\/ul>\n<p class=\"p4\"><b>Este manual incluye instrucciones detalladas sobre la instalaci\u00f3n y configuraci\u00f3n del router con una antena de techo<\/b><span class=\"s2\"> para garantizar la mejor recepci\u00f3n de se\u00f1al y durabilidad.<\/span><\/p>\n<\/section>\n<h4 class=\"p1\"><b>2. Accesorios Incluidos<\/b><b><\/b><\/h4>\n<p class=\"p3\"><b>El paquete del router incluye:<\/b><b><\/b><\/p>\n<p class=\"p3\"><span class=\"s1\">\u2714\ufe0f <\/span><b>Antena de techo:<\/b><b><\/b><\/p>\n<p class=\"p4\">\u2022 4 cables para <span class=\"s2\"><b>5G<\/b><\/span> <i>(conectar a puertos \u201cMobile D4\u201d)<\/i>.<\/p>\n<p class=\"p4\">\u2022 2 cables para <span class=\"s2\"><b>Wi-Fi<\/b><\/span> <i>(conectar a puertos \u201cWi-Fi\u201d)<\/i>.<\/p>\n<p class=\"p4\">\u2022 1 cable para <span class=\"s2\"><b>GPS<\/b><\/span> <i>(conectar al puerto \u201cGPS\u201d, incluso si no se usa).<\/i><i><\/i><\/p>\n<p class=\"p3\"><span class=\"s1\">\u2714\ufe0f <\/span><b>Unidad del router<\/b><b><\/b><\/p>\n<p class=\"p3\"><span class=\"s1\">\u2714\ufe0f <\/span><b>Cable LAN<\/b><b><\/b><\/p>\n<p class=\"p3\"><span class=\"s1\">\u2714\ufe0f <\/span><b>Cables de alimentaci\u00f3n (seg\u00fan el pedido):<\/b><b><\/b><\/p>\n<p class=\"p5\"><span class=\"s1\">\u2022 <\/span><b>Cable de encendedor de 12V<\/b><span class=\"s1\">\u00a0<\/span><\/p>\n<p class=\"p5\"><span class=\"s1\">\u2022 <\/span><b>Adaptador de corriente de 230V<\/b><span class=\"s1\">\u00a0<\/span><\/p>\n<p class=\"p5\"><span class=\"s1\">\u2022 <\/span><b>Cable de conexi\u00f3n a bater\u00eda<\/b><span class=\"s1\">\u00a0<\/span><\/p>\n<p class=\"p3\"><span class=\"s1\">\u2714\ufe0f <\/span><b>Tarjeta SIM preinstalada (si aplica)<\/b><\/p>\n<h4 class=\"p1\"><b>3. Para Routers con SIM Preinstalada<\/b><b><\/b><\/h4>\n<p class=\"p3\">Si tu router ya incluye una <span class=\"s1\"><b>tarjeta SIM activada<\/b><\/span>, sigue estos pasos:<\/p>\n<ol>\n<li class=\"p4\"><b>Conecta el cable de alimentaci\u00f3n al router.<\/b><\/li>\n<li class=\"p4\"><span class=\"s1\" style=\"color: #555555; font-size: 14.4px;\"><b>Conecta los cables de la antena de techo<\/b><\/span><span style=\"color: #555555; font-size: 14.4px;\"> a los puertos correspondientes del router.<\/span><\/li>\n<li class=\"p4\"><b style=\"color: #555555; font-size: 14.4px;\">Enciende el router.<\/b><\/li>\n<li class=\"p4\"><span class=\"s1\" style=\"color: #555555; font-size: 14.4px;\"><b>El router estar\u00e1 listo para usar<\/b><\/span><span style=\"color: #555555; font-size: 14.4px;\"> y el internet funcionar\u00e1 si la SIM est\u00e1 activada.<\/span><\/li>\n<\/ol>\n<h4 class=\"p1\"><b>4. Para Routers Sin SIM Preinstalada<\/b><b><\/b><\/h4>\n<p class=\"p3\">Si el router <span class=\"s1\"><b>NO incluye una SIM<\/b><\/span>, sigue estos pasos:<\/p>\n<ol>\n<li class=\"p3\"><span class=\"s1\"><b>Inserta una SIM en la ranura SIM 1<\/b><\/span> <i>(ver instrucciones en la secci\u00f3n 8).<\/i><\/li>\n<li class=\"p3\"><b style=\"color: #555555; font-size: 14.4px;\">Verifica si la SIM est\u00e1 activada<\/b><span class=\"s2\" style=\"color: #555555; font-size: 14.4px;\"> <i>(ver secci\u00f3n 12).<\/i><\/span><\/li>\n<li class=\"p3\"><b style=\"color: #555555; font-size: 14.4px;\">Conecta el router a la corriente y los cables de la antena de techo.<\/b><\/li>\n<li class=\"p3\"><span class=\"s1\" style=\"color: #555555; font-size: 14.4px;\"><b>Enciende el router<\/b><\/span><span style=\"color: #555555; font-size: 14.4px;\"> y verifica que el internet funcione.<\/span><\/li>\n<\/ol>\n<h4 class=\"p1\"><b>5. Instalaci\u00f3n de la Antena de Techo<\/b><b><\/b><\/h4>\n<p class=\"p3\"><b>Conexiones de cables:<\/b><b><\/b><\/p>\n<ul>\n<li class=\"p4\">Conecta los <span class=\"s1\"><b>4 cables para 5G<\/b><\/span> <i>(etiquetados \u201c5G\u201d)<\/i> a los puertos <span class=\"s1\"><b>\u201cMobile D4\u201d<\/b><\/span>.<\/li>\n<li class=\"p4\"><span style=\"color: #555555; font-size: 14.4px;\">Conecta los <\/span><span class=\"s1\" style=\"color: #555555; font-size: 14.4px;\"><b>2 cables para Wi-Fi<\/b><\/span> <i style=\"color: #555555; font-size: 14.4px;\">(etiquetados \u201cWi-Fi\u201d)<\/i><span style=\"color: #555555; font-size: 14.4px;\"> a los puertos <\/span><span class=\"s1\" style=\"color: #555555; font-size: 14.4px;\"><b>\u201cWi-Fi\u201d<\/b><\/span><span style=\"color: #555555; font-size: 14.4px;\">.<\/span><\/li>\n<li class=\"p4\"><span style=\"color: #555555; font-size: 14.4px;\">Conecta el <\/span><span class=\"s1\" style=\"color: #555555; font-size: 14.4px;\"><b>cable GPS<\/b><\/span><span style=\"color: #555555; font-size: 14.4px;\"> al puerto <\/span><span class=\"s1\" style=\"color: #555555; font-size: 14.4px;\"><b>\u201cGPS\u201d<\/b><\/span> <i style=\"color: #555555; font-size: 14.4px;\">(incluso si no se usa).<\/i><\/li>\n<\/ul>\n<p class=\"p3\"><b>Ubicaci\u00f3n recomendada de la antena:<\/b><b><\/b><\/p>\n<ul>\n<li class=\"p5\"><b>Evita colocar la antena debajo de un panel solar<\/b><span class=\"s2\">, ya que puede bloquear la se\u00f1al.<\/span><\/li>\n<li class=\"p5\"><span style=\"color: #555555; font-size: 14.4px;\">La antena puede ubicarse <\/span><span class=\"s1\" style=\"color: #555555; font-size: 14.4px;\"><b>en cualquier parte del techo<\/b><\/span><span style=\"color: #555555; font-size: 14.4px;\">, incluso cerca de objetos iluminados.<\/span><\/li>\n<li class=\"p5\"><b style=\"color: #555555; font-size: 14.4px;\">Aseg\u00farate de que la longitud del cable (2.5 metros) sea suficiente<\/b><span class=\"s2\" style=\"color: #555555; font-size: 14.4px;\"> para la ubicaci\u00f3n deseada.<\/span><\/li>\n<\/ul>\n<p class=\"p3\"><b>Pasos de instalaci\u00f3n:<\/b><b><\/b><\/p>\n<ol>\n<li class=\"p5\"><b>Perforar un agujero en el techo:<\/b><b><\/b><\/li>\n<\/ol>\n<p class=\"p6\">\u2022 Elige un lugar donde la antena quede estable.<\/p>\n<p class=\"p6\">\u2022 Aseg\u00farate de que el di\u00e1metro del agujero sea adecuado para los cables.<\/p>\n<p class=\"p5\">\u00a0 \u00a0 2. <b>Fijar la base de la antena:<\/b><b><\/b><\/p>\n<p class=\"p6\">\u2022 Retira la cinta adhesiva <span class=\"s1\"><b>3M<\/b><\/span> de la base de la antena.<\/p>\n<p class=\"p6\">\u2022 Aplica <span class=\"s1\"><b>SikaFlex<\/b><\/span> alrededor del agujero perforado y en la base de los tornillos para sellado herm\u00e9tico.<\/p>\n<p class=\"p5\">\u00a0 \u00a03. <b>Colocar la antena:<\/b><b><\/b><\/p>\n<p class=\"p6\">\u2022 Instala la antena sobre el agujero perforado.<\/p>\n<p class=\"p6\">\u2022 Aprieta los tornillos y aplica <span class=\"s1\"><b>SikaFlex<\/b><\/span> alrededor para evitar filtraciones de agua.<\/p>\n<p class=\"p5\">\u00a0 4. <b>Comprobar la estabilidad:<\/b><b><\/b><\/p>\n<p class=\"p6\">\u2022 Aseg\u00farate de que la antena <span class=\"s1\"><b>no se mueva<\/b><\/span> despu\u00e9s de la instalaci\u00f3n.<\/p>\n<p class=\"p6\">\u2022 Aplica m\u00e1s <span class=\"s1\"><b>SikaFlex<\/b><\/span> si es necesario para fijarla mejor.<\/p>\n<h4 class=\"p1\"><b>6. Ubicaci\u00f3n Recomendada del Router<\/b><b><\/b><\/h4>\n<p class=\"p3\"><b>D\u00f3nde colocar el router:<\/b><b><\/b><\/p>\n<ul>\n<li class=\"p4\"><span class=\"s2\"><b>M\u00f3ntalo en un armario o en la pared<\/b><\/span> con las tiras de velcro incluidas.<\/li>\n<li class=\"p4\"><span class=\"s2\" style=\"color: #555555; font-size: 14.4px;\"><b>No cubras la etiqueta del router<\/b><\/span><span style=\"color: #555555; font-size: 14.4px;\">, ya que contiene el SSID y la contrase\u00f1a de Wi-Fi.<\/span><\/li>\n<li class=\"p4\"><b style=\"color: #555555; font-size: 14.4px;\">El Wi-Fi cubre tanto \u00e1reas interiores como exteriores.<\/b><\/li>\n<\/ul>\n<p class=\"p4\"><span class=\"s2\"><b>\u00bfNecesitas mover el router?<\/b><\/span> Usa un tenedor o cuchillo para despegar el velcro con cuidado.<\/p>\n<h4 class=\"p1\"><b>7. Configuraci\u00f3n de Wi-Fi<\/b><b><\/b><\/h4>\n<p class=\"p3\"><span class=\"s1\"><b>Nombre de la red (SSID):<\/b><\/span> Lo encontrar\u00e1s en la etiqueta en la parte trasera del router.<\/p>\n<p class=\"p3\"><span class=\"s1\"><b>Contrase\u00f1a de Wi-Fi:<\/b><\/span> Tambi\u00e9n est\u00e1 impresa en la etiqueta.<\/p>\n<h4 class=\"p1\"><b>8. C\u00f3mo Insertar una Tarjeta SIM<\/b><b><\/b><\/h4>\n<ol>\n<li class=\"p3\"><b>Apaga el router.<\/b><\/li>\n<li class=\"p3\"><b style=\"color: #555555; font-size: 14.4px;\">Inserta la SIM en la ranura SIM 1<\/b><span class=\"s1\" style=\"color: #555555; font-size: 14.4px;\">:<\/span><\/li>\n<\/ol>\n<ul>\n<li class=\"p4\">Aseg\u00farate de que est\u00e9 correctamente orientada y se deslice suavemente.<\/li>\n<li class=\"p4\"><span style=\"color: #555555; font-size: 14.4px;\">No presiones demasiado para evitar da\u00f1os.<\/span><\/li>\n<\/ul>\n<p class=\"p4\"><span class=\"s2\">\u00a0 \u00a0 3. <b>Enciende el router<\/b><\/span> y espera <span class=\"s2\"><b>1\u20131.5 minutos<\/b><\/span> para que se inicie.<\/p>\n<p class=\"p4\"><span class=\"s2\">\u00a0 \u00a0 4. <b>Las luces del router parpadear\u00e1n<\/b><\/span> mientras busca se\u00f1al 3G, 4G o 5G.<\/p>\n<p class=\"p4\">\u00a0 \u00a0 5. <b>Cuando la conexi\u00f3n est\u00e9 establecida, la luz de 4G o 5G se quedar\u00e1 fija.<\/b><\/p>\n<p class=\"p1\"><b>Con estos pasos, tu router estar\u00e1 listo para ofrecerte una conexi\u00f3n 5G r\u00e1pida y estable.<\/b><\/p>\n","protected":false},"excerpt":{"rendered":"<p>Router WiFi Performance 5G y Antena de Techo 1. Informaci\u00f3n General Este router est\u00e1 dise\u00f1ado para proporcionar internet de alta velocidad con tecnolog\u00eda 5G y conectividad estable en entornos m\u00f3viles o remotos. Opciones de entrega seg\u00fan tu pedido: Con SIM preinstalada y activada, lista para su uso. Sin SIM, lo que significa que deber\u00e1s insertarla [&#8230;]\n","protected":false},"author":153,"featured_media":0,"parent":0,"menu_order":0,"comment_status":"closed","ping_status":"closed","template":"","meta":{"_acf_changed":false,"footnotes":""},"class_list":["post-31629","page","type-page","status-publish","hentry"],"acf":[],"yoast_head":"<!-- This site is optimized with the Yoast SEO plugin v27.1.1 - https:\/\/yoast.com\/product\/yoast-seo-wordpress\/ -->\n<title>Manual Router WiFi Performance 5G con antena de techo - WIFI.SE\/ES<\/title>\n<meta name=\"robots\" content=\"index, follow, max-snippet:-1, max-image-preview:large, max-video-preview:-1\" \/>\n<link rel=\"canonical\" href=\"https:\/\/wifi.se\/es\/manual-router-wifi-performance-5g\/\" \/>\n<meta property=\"og:locale\" content=\"es_ES\" \/>\n<meta property=\"og:type\" content=\"article\" \/>\n<meta property=\"og:title\" content=\"Manual Router WiFi Performance 5G con antena de techo - WIFI.SE\/ES\" \/>\n<meta property=\"og:description\" content=\"Router WiFi Performance 5G y Antena de Techo 1. Informaci\u00f3n General Este router est\u00e1 dise\u00f1ado para proporcionar internet de alta velocidad con tecnolog\u00eda 5G y conectividad estable en entornos m\u00f3viles o remotos. Opciones de entrega seg\u00fan tu pedido: Con SIM preinstalada y activada, lista para su uso. Sin SIM, lo que significa que deber\u00e1s insertarla [...]\" \/>\n<meta property=\"og:url\" content=\"https:\/\/wifi.se\/es\/manual-router-wifi-performance-5g\/\" \/>\n<meta property=\"og:site_name\" content=\"WIFI.SE\/ES\" \/>\n<meta property=\"article:modified_time\" content=\"2025-02-18T19:18:00+00:00\" \/>\n<meta name=\"twitter:card\" content=\"summary_large_image\" \/>\n<meta name=\"twitter:label1\" content=\"Tiempo de lectura\" \/>\n\t<meta name=\"twitter:data1\" content=\"4 minutos\" \/>\n<script type=\"application\/ld+json\" class=\"yoast-schema-graph\">{\"@context\":\"https:\/\/schema.org\",\"@graph\":[{\"@type\":\"WebPage\",\"@id\":\"https:\/\/wifi.se\/es\/manual-router-wifi-performance-5g\/\",\"url\":\"https:\/\/wifi.se\/es\/manual-router-wifi-performance-5g\/\",\"name\":\"Manual Router WiFi Performance 5G con antena de techo - WIFI.SE\/ES\",\"isPartOf\":{\"@id\":\"https:\/\/wifi.se\/es\/#website\"},\"datePublished\":\"2024-12-07T15:17:07+00:00\",\"dateModified\":\"2025-02-18T19:18:00+00:00\",\"breadcrumb\":{\"@id\":\"https:\/\/wifi.se\/es\/manual-router-wifi-performance-5g\/#breadcrumb\"},\"inLanguage\":\"es\",\"potentialAction\":[{\"@type\":\"ReadAction\",\"target\":[\"https:\/\/wifi.se\/es\/manual-router-wifi-performance-5g\/\"]}]},{\"@type\":\"BreadcrumbList\",\"@id\":\"https:\/\/wifi.se\/es\/manual-router-wifi-performance-5g\/#breadcrumb\",\"itemListElement\":[{\"@type\":\"ListItem\",\"position\":1,\"name\":\"Hem\",\"item\":\"https:\/\/wifi.se\/es\/\"},{\"@type\":\"ListItem\",\"position\":2,\"name\":\"Manual Router WiFi Performance 5G con antena de techo\"}]},{\"@type\":\"WebSite\",\"@id\":\"https:\/\/wifi.se\/es\/#website\",\"url\":\"https:\/\/wifi.se\/es\/\",\"name\":\"WIFI.SE\/ES\",\"description\":\"INTERNET EN TODAS PARTES\",\"potentialAction\":[{\"@type\":\"SearchAction\",\"target\":{\"@type\":\"EntryPoint\",\"urlTemplate\":\"https:\/\/wifi.se\/es\/?s={search_term_string}\"},\"query-input\":{\"@type\":\"PropertyValueSpecification\",\"valueRequired\":true,\"valueName\":\"search_term_string\"}}],\"inLanguage\":\"es\"}]}<\/script>\n<!-- \/ Yoast SEO plugin. -->","yoast_head_json":{"title":"Manual Router WiFi Performance 5G con antena de techo - WIFI.SE\/ES","robots":{"index":"index","follow":"follow","max-snippet":"max-snippet:-1","max-image-preview":"max-image-preview:large","max-video-preview":"max-video-preview:-1"},"canonical":"https:\/\/wifi.se\/es\/manual-router-wifi-performance-5g\/","og_locale":"es_ES","og_type":"article","og_title":"Manual Router WiFi Performance 5G con antena de techo - WIFI.SE\/ES","og_description":"Router WiFi Performance 5G y Antena de Techo 1. Informaci\u00f3n General Este router est\u00e1 dise\u00f1ado para proporcionar internet de alta velocidad con tecnolog\u00eda 5G y conectividad estable en entornos m\u00f3viles o remotos. Opciones de entrega seg\u00fan tu pedido: Con SIM preinstalada y activada, lista para su uso. Sin SIM, lo que significa que deber\u00e1s insertarla [...]","og_url":"https:\/\/wifi.se\/es\/manual-router-wifi-performance-5g\/","og_site_name":"WIFI.SE\/ES","article_modified_time":"2025-02-18T19:18:00+00:00","twitter_card":"summary_large_image","twitter_misc":{"Tiempo de lectura":"4 minutos"},"schema":{"@context":"https:\/\/schema.org","@graph":[{"@type":"WebPage","@id":"https:\/\/wifi.se\/es\/manual-router-wifi-performance-5g\/","url":"https:\/\/wifi.se\/es\/manual-router-wifi-performance-5g\/","name":"Manual Router WiFi Performance 5G con antena de techo - WIFI.SE\/ES","isPartOf":{"@id":"https:\/\/wifi.se\/es\/#website"},"datePublished":"2024-12-07T15:17:07+00:00","dateModified":"2025-02-18T19:18:00+00:00","breadcrumb":{"@id":"https:\/\/wifi.se\/es\/manual-router-wifi-performance-5g\/#breadcrumb"},"inLanguage":"es","potentialAction":[{"@type":"ReadAction","target":["https:\/\/wifi.se\/es\/manual-router-wifi-performance-5g\/"]}]},{"@type":"BreadcrumbList","@id":"https:\/\/wifi.se\/es\/manual-router-wifi-performance-5g\/#breadcrumb","itemListElement":[{"@type":"ListItem","position":1,"name":"Hem","item":"https:\/\/wifi.se\/es\/"},{"@type":"ListItem","position":2,"name":"Manual Router WiFi Performance 5G con antena de techo"}]},{"@type":"WebSite","@id":"https:\/\/wifi.se\/es\/#website","url":"https:\/\/wifi.se\/es\/","name":"WIFI.SE\/ES","description":"INTERNET EN TODAS PARTES","potentialAction":[{"@type":"SearchAction","target":{"@type":"EntryPoint","urlTemplate":"https:\/\/wifi.se\/es\/?s={search_term_string}"},"query-input":{"@type":"PropertyValueSpecification","valueRequired":true,"valueName":"search_term_string"}}],"inLanguage":"es"}]}},"_links":{"self":[{"href":"https:\/\/wifi.se\/es\/wp-json\/wp\/v2\/pages\/31629","targetHints":{"allow":["GET"]}}],"collection":[{"href":"https:\/\/wifi.se\/es\/wp-json\/wp\/v2\/pages"}],"about":[{"href":"https:\/\/wifi.se\/es\/wp-json\/wp\/v2\/types\/page"}],"author":[{"embeddable":true,"href":"https:\/\/wifi.se\/es\/wp-json\/wp\/v2\/users\/153"}],"replies":[{"embeddable":true,"href":"https:\/\/wifi.se\/es\/wp-json\/wp\/v2\/comments?post=31629"}],"version-history":[{"count":9,"href":"https:\/\/wifi.se\/es\/wp-json\/wp\/v2\/pages\/31629\/revisions"}],"predecessor-version":[{"id":32299,"href":"https:\/\/wifi.se\/es\/wp-json\/wp\/v2\/pages\/31629\/revisions\/32299"}],"wp:attachment":[{"href":"https:\/\/wifi.se\/es\/wp-json\/wp\/v2\/media?parent=31629"}],"curies":[{"name":"wp","href":"https:\/\/api.w.org\/{rel}","templated":true}]}}