{"id":30007,"date":"2024-09-24T12:02:45","date_gmt":"2024-09-24T10:02:45","guid":{"rendered":"https:\/\/wifi.se\/?page_id=30007"},"modified":"2025-02-26T02:06:39","modified_gmt":"2025-02-26T00:06:39","slug":"router-5g-portatil-conectate-en-cualquier-lugar","status":"publish","type":"page","link":"https:\/\/wifi.se\/es\/router-5g-portatil-conectate-en-cualquier-lugar\/","title":{"rendered":"Router 5G Port\u00e1til \u2013 Con\u00e9ctate en Cualquier Lugar"},"content":{"rendered":"\n  <div class=\"banner has-hover\" id=\"banner-556759836\">\n          <div class=\"banner-inner fill\">\n        <div class=\"banner-bg fill\" >\n            <img loading=\"lazy\" decoding=\"async\" width=\"1920\" height=\"705\" src=\"https:\/\/wifi.se\/es\/wp-content\/uploads\/sites\/5\/2024\/08\/bg_hybrid3.jpg\" class=\"bg attachment-original size-original\" alt=\"Ny 5G-router med egentillverkad takantenn \u2013 F\u00f6r dig som vill ha det snabbaste och stabilaste systemet som g\u00e5r att k\u00f6pa. Caravan Router har tagit fram en ny 5G-router med tillh\u00f6rande takantenn. Antennen \u00e4r IP68-certifierad vilket inneb\u00e4r att den \u00e4r av h\u00f6gsta kvalitet och \u00e4r speciellt anpassad f\u00f6r denna router. 5G-antennen har totalt sex kablar, fyra 5G-kablar och tv\u00e5 WiFi-kablar. M\u00e4tresultaten f\u00f6r routern med denna antenn \u00e4r otroliga, det \u00e4r inte ovanligt att man f\u00e5r nedladdningar p\u00e5 \u00f6ver 400 Mbit\/sek via Wifi.\" \/>                        <div class=\"overlay\"><\/div>            \n                    <\/div>\n\t\t\n        <div class=\"banner-layers container\">\n            <div class=\"fill banner-link\"><\/div>            \n   <div id=\"text-box-369719233\" class=\"text-box banner-layer x50 md-x50 lg-x50 y30 md-y30 lg-y35 res-text\">\n                                <div class=\"text-box-content text dark\">\n              \n              <div class=\"text-inner text-center\">\n                  \n<h1>Router 5G Hybrid Traveller<\/h1>\n<p>\n<div class=\"row\"  id=\"row-120688670\">\n\n\t<div id=\"col-1163565651\" class=\"col medium-3 small-12 large-3\"  >\n\t\t\t\t<div class=\"col-inner\"  >\n\t\t\t\n\t\t\t\n\t<div class=\"img has-hover x md-x lg-x y md-y lg-y\" id=\"image_62239908\">\n\t\t\t\t\t\t\t\t<div class=\"img-inner dark\" >\n\t\t\t\t\t\t\t\t\t\n\t\t\t\t\t<\/div>\n\t\t\t\t\t\t\t\t\n<style>\n#image_62239908 {\n  width: 100%;\n}\n<\/style>\n\t<\/div>\n\t\n\t\t<\/div>\n\t\t\t\t\t<\/div>\n\n\t\n<\/div>\n              <\/div>\n           <\/div>\n                            \n<style>\n#text-box-369719233 {\n  width: 85%;\n}\n#text-box-369719233 .text-box-content {\n  font-size: 100%;\n}\n@media (min-width:550px) {\n  #text-box-369719233 {\n    width: 51%;\n  }\n}\n@media (min-width:850px) {\n  #text-box-369719233 {\n    width: 49%;\n  }\n}\n<\/style>\n    <\/div>\n \n        <\/div>\n      <\/div>\n\n            \n<style>\n#banner-556759836 {\n  padding-top: 450px;\n}\n#banner-556759836 .overlay {\n  background-color: rgba(0, 0, 0, 0.314);\n}\n#banner-556759836 .banner-bg img {\n  object-position: 0% 91%;\n}\n@media (min-width:550px) {\n  #banner-556759836 {\n    padding-top: 690px;\n  }\n}\n<\/style>\n  <\/div>\n\n\n\n<div class=\"scrolling-text-container\">\n<div class=\"scrolling-text-inner\" style=\"--marquee-speed: 110s; --direction: scroll-left;\" role=\"marquee\">\n<div class=\"scrolling-text\">\n<div class=\"scrolling-text-item\">\n<p class=\"p1\"><b>\u00a1Novedad! Router 5G Port\u00e1til Ultrar\u00e1pido<\/b><\/p>\n<p class=\"p1\"><b>\u00a1Novedad! Router 5G Port\u00e1til Ultrar\u00e1pido<\/b><\/p>\n<p class=\"p1\"><b>\u00a1Novedad! Router 5G Port\u00e1til Ultrar\u00e1pido<\/b><\/p>\n<p class=\"p1\"><b>\u00a1Novedad! Router 5G Port\u00e1til Ultrar\u00e1pido<\/b><\/p>\n<p class=\"p1\"><b>\u00a1Novedad! Router 5G Port\u00e1til Ultrar\u00e1pido<\/b><\/p>\n<p class=\"p1\"><b>\u00a1Novedad! Router 5G Port\u00e1til Ultrar\u00e1pido<\/b><\/p>\n<p class=\"p1\"><b>\u00a1Novedad! Router 5G Port\u00e1til Ultrar\u00e1pido<\/b><\/p>\n<p class=\"p1\"><b>\u00a1Novedad! Router 5G Port\u00e1til Ultrar\u00e1pido<\/b><\/p>\n<p class=\"p1\"><b>\u00a1Novedad! Router 5G Port\u00e1til Ultrar\u00e1pido<\/b><\/p>\n<p class=\"p1\"><b>\u00a1Novedad! Router 5G Port\u00e1til Ultrar\u00e1pido<\/b><\/p>\n<p class=\"p1\"><b>\u00a1Novedad! Router 5G Port\u00e1til Ultrar\u00e1pido<\/b><\/p>\n<p class=\"p1\"><b>\u00a1Novedad! Router 5G Port\u00e1til Ultrar\u00e1pido<\/b><\/p>\n<p class=\"p1\"><b>\u00a1Novedad! Router 5G Port\u00e1til Ultrar\u00e1pido<\/b><\/p>\n<p class=\"p1\"><b>\u00a1Novedad! Router 5G Port\u00e1til Ultrar\u00e1pido<\/b><\/p>\n<p class=\"p1\"><b>\u00a1Novedad! Router 5G Port\u00e1til Ultrar\u00e1pido<\/b><\/p>\n<p class=\"p1\"><b>\u00a1Novedad! Router 5G Port\u00e1til Ultrar\u00e1pido<\/b><\/p>\n<p class=\"p1\"><b>\u00a1Novedad! Router 5G Port\u00e1til Ultrar\u00e1pido<\/b><\/p>\n<p class=\"p1\"><b>\u00a1Novedad! Router 5G Port\u00e1til Ultrar\u00e1pido<\/b><\/p>\n<p class=\"p1\"><b>\u00a1Novedad! Router 5G Port\u00e1til Ultrar\u00e1pido<\/b><\/p>\n<p class=\"p1\"><b>\u00a1Novedad! Router 5G Port\u00e1til Ultrar\u00e1pido<\/b><\/p>\n<\/div>\n<p><!-- Add More Items Here --><\/div>\n<\/div>\n<\/div>\n<p>\n\n\n\t<section class=\"section\" id=\"section_1950489183\">\n\t\t<div class=\"section-bg fill\" >\n\t\t\t\t\t\t\t\t\t\n\t\t\t\n\n\t\t<\/div>\n\n\t\t\n\n\t\t<div class=\"section-content relative\">\n\t\t\t\n<div class=\"row\"  id=\"row-636084692\">\n\n\t<div id=\"col-1820125921\" class=\"col small-12 large-12\"  >\n\t\t\t\t<div class=\"col-inner\"  >\n\t\t\t\n\t\t\t\n\t<div id=\"text-2331208027\" class=\"text\">\n\t\t\n<h2>5G Hybrid Traveller<\/h2>\n<p class=\"p1\"><b>5G Hybrid Traveller \u2013 La Mejor Conectividad para tu Autocaravana, Caravana o Barco\u00a0<\/b><b><\/b><\/p>\n<p class=\"p3\">El <span class=\"s1\"><b>5G Hybrid Traveller<\/b><\/span> es el router definitivo para quienes buscan <span class=\"s1\"><b>m\u00e1xima velocidad y estabilidad<\/b><\/span> en cualquier entorno.<\/p>\n<p><span class=\"s1\"><b>Tecnolog\u00eda 5G ultrarr\u00e1pida<\/b><\/span> para una conexi\u00f3n sin interrupciones\u00a0<\/p>\n<p><b style=\"color: #555555; font-size: 14.4px;\">Dise\u00f1ado para autocaravanas, caravanas y embarcaciones<\/b><\/p>\n<p><b style=\"color: #555555; font-size: 14.4px;\">Compatible con SIM 5G \u2013 sin necesidad de instalaci\u00f3n compleja<\/b><\/p>\n<p><b style=\"color: #555555; font-size: 14.4px;\">Conecta m\u00faltiples dispositivos simult\u00e1neamente<\/b><\/p>\n<p><b style=\"color: #555555; font-size: 14.4px;\">Resistente a condiciones extremas y vibraciones<\/b><span class=\"s2\" style=\"color: #555555; font-size: 14.4px;\">\u00a0<\/span><\/p>\n<p class=\"p4\"><b>Viaja con total tranquilidad y disfruta de internet como en casa, sin importar d\u00f3nde est\u00e9s.<\/b><\/p>\n<p class=\"p1\"><b>\u00a1Consigue el tuyo ahora y experimenta la mejor conectividad m\u00f3vil!<\/b><\/p>\n<p>\u00a0<\/p>\n\t\t\n<style>\n#text-2331208027 {\n  text-align: center;\n}\n<\/style>\n\t<\/div>\n\t\n<div class=\"row\"  id=\"row-730074363\">\n\n\t<div id=\"col-958279274\" class=\"col medium-3 small-6 large-3\"  >\n\t\t\t\t<div class=\"col-inner\"  >\n\t\t\t\n\t\t\t\n\n\t\t<div class=\"icon-box featured-box icon-box-left text-left\"  >\n\t\t\t\t\t<div class=\"icon-box-img\" style=\"width: 23px\">\n\t\t\t\t<div class=\"icon\">\n\t\t\t\t\t<div class=\"icon-inner\" >\n\t\t\t\t\t\t<?xml version=\"1.0\" encoding=\"UTF-8\"?> <svg xmlns=\"http:\/\/www.w3.org\/2000\/svg\" viewBox=\"0 0 448 512\"><path fill=\"#286092\" d=\"M443.3 100.7c6.2 6.2 6.2 16.4 0 22.6l-272 272c-6.2 6.2-16.4 6.2-22.6 0l-144-144c-6.2-6.2-6.2-16.4 0-22.6s16.4-6.2 22.6 0L160 361.4 420.7 100.7c6.2-6.2 16.4-6.2 22.6 0z\"><\/path><\/svg> \t\t\t\t\t<\/div>\n\t\t\t\t<\/div>\n\t\t\t<\/div>\n\t\t\t\t<div class=\"icon-box-text last-reset\">\n\t\t\t\t\t\t\t\t\t\n<p class=\"p1\"><span class=\"s1\"><b>Bater\u00eda de hasta 8 horas de duraci\u00f3n<\/b><\/span> para una conexi\u00f3n sin interrupciones<\/p>\n\t\t<\/div>\n\t<\/div>\n\t\n\t\n\t\t<\/div>\n\t\t\t\t\t<\/div>\n\n\t\n\n\t<div id=\"col-513264596\" class=\"col medium-3 small-6 large-3\"  >\n\t\t\t\t<div class=\"col-inner\"  >\n\t\t\t\n\t\t\t\n\n\t\t<div class=\"icon-box featured-box icon-box-left text-left\"  >\n\t\t\t\t\t<div class=\"icon-box-img\" style=\"width: 23px\">\n\t\t\t\t<div class=\"icon\">\n\t\t\t\t\t<div class=\"icon-inner\" >\n\t\t\t\t\t\t<?xml version=\"1.0\" encoding=\"UTF-8\"?> <svg xmlns=\"http:\/\/www.w3.org\/2000\/svg\" viewBox=\"0 0 448 512\"><path fill=\"#286092\" d=\"M443.3 100.7c6.2 6.2 6.2 16.4 0 22.6l-272 272c-6.2 6.2-16.4 6.2-22.6 0l-144-144c-6.2-6.2-6.2-16.4 0-22.6s16.4-6.2 22.6 0L160 361.4 420.7 100.7c6.2-6.2 16.4-6.2 22.6 0z\"><\/path><\/svg> \t\t\t\t\t<\/div>\n\t\t\t\t<\/div>\n\t\t\t<\/div>\n\t\t\t\t<div class=\"icon-box-text last-reset\">\n\t\t\t\t\t\t\t\t\t\n<p class=\"p1\"><span class=\"s1\"><b>Compatible con alimentaci\u00f3n de 230V y 12V<\/b><\/span>, perfecto para veh\u00edculos, embarcaciones y casas de verano<\/p>\n\t\t<\/div>\n\t<\/div>\n\t\n\t\n\t\t<\/div>\n\t\t\t\t\t<\/div>\n\n\t\n\n\t<div id=\"col-2109192880\" class=\"col medium-3 small-6 large-3\"  >\n\t\t\t\t<div class=\"col-inner\"  >\n\t\t\t\n\t\t\t\n\n\t\t<div class=\"icon-box featured-box icon-box-left text-left\"  >\n\t\t\t\t\t<div class=\"icon-box-img\" style=\"width: 23px\">\n\t\t\t\t<div class=\"icon\">\n\t\t\t\t\t<div class=\"icon-inner\" >\n\t\t\t\t\t\t<?xml version=\"1.0\" encoding=\"UTF-8\"?> <svg xmlns=\"http:\/\/www.w3.org\/2000\/svg\" viewBox=\"0 0 448 512\"><path fill=\"#286092\" d=\"M443.3 100.7c6.2 6.2 6.2 16.4 0 22.6l-272 272c-6.2 6.2-16.4 6.2-22.6 0l-144-144c-6.2-6.2-6.2-16.4 0-22.6s16.4-6.2 22.6 0L160 361.4 420.7 100.7c6.2-6.2 16.4-6.2 22.6 0z\"><\/path><\/svg> \t\t\t\t\t<\/div>\n\t\t\t\t<\/div>\n\t\t\t<\/div>\n\t\t\t\t<div class=\"icon-box-text last-reset\">\n\t\t\t\t\t\t\t\t\t\n<p class=\"p1\"><span class=\"s1\"><b>Compatible con eSIM <\/b><\/span>\u00a0\u2013 activaci\u00f3n instant\u00e1nea, sin necesidad de tarjetas f\u00edsicas<\/p>\n\t\t<\/div>\n\t<\/div>\n\t\n\t\n\t\t<\/div>\n\t\t\t\t\t<\/div>\n\n\t\n\n\t<div id=\"col-96495149\" class=\"col medium-3 small-6 large-3\"  >\n\t\t\t\t<div class=\"col-inner\"  >\n\t\t\t\n\t\t\t\n\n\t\t<div class=\"icon-box featured-box icon-box-left text-left\"  >\n\t\t\t\t\t<div class=\"icon-box-img\" style=\"width: 23px\">\n\t\t\t\t<div class=\"icon\">\n\t\t\t\t\t<div class=\"icon-inner\" >\n\t\t\t\t\t\t<?xml version=\"1.0\" encoding=\"UTF-8\"?> <svg xmlns=\"http:\/\/www.w3.org\/2000\/svg\" viewBox=\"0 0 448 512\"><path fill=\"#286092\" d=\"M443.3 100.7c6.2 6.2 6.2 16.4 0 22.6l-272 272c-6.2 6.2-16.4 6.2-22.6 0l-144-144c-6.2-6.2-6.2-16.4 0-22.6s16.4-6.2 22.6 0L160 361.4 420.7 100.7c6.2-6.2 16.4-6.2 22.6 0z\"><\/path><\/svg> \t\t\t\t\t<\/div>\n\t\t\t\t<\/div>\n\t\t\t<\/div>\n\t\t\t\t<div class=\"icon-box-text last-reset\">\n\t\t\t\t\t\t\t\t\t\n<p class=\"p1\"><span class=\"s1\"><b>Conectividad 5G ultrarr\u00e1pida<\/b><\/span> para streaming, trabajo remoto y entretenimiento sin interrupciones<\/p>\n\t\t<\/div>\n\t<\/div>\n\t\n\t\n\t\t<\/div>\n\t\t\t\t\t<\/div>\n\n\t\n<\/div>\n<div class=\"row align-middle align-center\"  id=\"row-1136455926\">\n\n\t<div id=\"col-154443830\" class=\"col medium-3 small-12 large-3\"  >\n\t\t\t\t<div class=\"col-inner\"  >\n\t\t\t\n\t\t\t\n\t\n  \n    <div class=\"row large-columns-1 medium-columns-2 small-columns-1 row-large\" >\n  \n\t     <div class=\"product-small col has-hover product type-product post-28920 status-publish first instock product_cat-router product_cat-router-5g-hybrid-traveller product_tag-100-gb product_tag-hybrid-traveller has-post-thumbnail taxable shipping-taxable purchasable product-type-simple\">\n\t<div class=\"col-inner\">\n\t\n<div class=\"badge-container absolute left top z-1\">\n\n<\/div>\n\t<div class=\"product-small box \">\n\t\t<div class=\"box-image\">\n\t\t\t<div class=\"image-fade_in_back\">\n\t\t\t\t<a href=\"https:\/\/wifi.se\/es\/product\/hybrid-traveller-router-5g-portatil-con-bateria-de-respaldo-hasta-8-horas\/\">\n\t\t\t\t\t<img loading=\"lazy\" decoding=\"async\" width=\"300\" height=\"300\" src=\"https:\/\/wifi.se\/es\/wp-content\/uploads\/sites\/5\/2024\/08\/hybrid32-300x300.jpg\" class=\"attachment-woocommerce_thumbnail size-woocommerce_thumbnail\" alt=\"Hybrid Traveller\" srcset=\"https:\/\/wifi.se\/es\/wp-content\/uploads\/sites\/5\/2024\/08\/hybrid32-300x300.jpg 300w, https:\/\/wifi.se\/es\/wp-content\/uploads\/sites\/5\/2024\/08\/hybrid32-100x100.jpg 100w, https:\/\/wifi.se\/es\/wp-content\/uploads\/sites\/5\/2024\/08\/hybrid32-510x510.jpg 510w, https:\/\/wifi.se\/es\/wp-content\/uploads\/sites\/5\/2024\/08\/hybrid32-64x64.jpg 64w, https:\/\/wifi.se\/es\/wp-content\/uploads\/sites\/5\/2024\/08\/hybrid32-150x150.jpg 150w, https:\/\/wifi.se\/es\/wp-content\/uploads\/sites\/5\/2024\/08\/hybrid32-768x768.jpg 768w, https:\/\/wifi.se\/es\/wp-content\/uploads\/sites\/5\/2024\/08\/hybrid32-66x66.jpg 66w, https:\/\/wifi.se\/es\/wp-content\/uploads\/sites\/5\/2024\/08\/hybrid32-200x200.jpg 200w, https:\/\/wifi.se\/es\/wp-content\/uploads\/sites\/5\/2024\/08\/hybrid32-400x400.jpg 400w, https:\/\/wifi.se\/es\/wp-content\/uploads\/sites\/5\/2024\/08\/hybrid32-600x600.jpg 600w, https:\/\/wifi.se\/es\/wp-content\/uploads\/sites\/5\/2024\/08\/hybrid32-50x50.jpg 50w, https:\/\/wifi.se\/es\/wp-content\/uploads\/sites\/5\/2024\/08\/hybrid32.jpg 800w\" sizes=\"auto, (max-width: 300px) 100vw, 300px\" \/><img loading=\"lazy\" decoding=\"async\" width=\"300\" height=\"300\" src=\"https:\/\/wifi.se\/es\/wp-content\/uploads\/sites\/5\/2024\/10\/Hybrid_4-300x300.jpg\" class=\"show-on-hover absolute fill hide-for-small back-image\" alt=\"Hybrid Traveller\" aria-hidden=\"true\" srcset=\"https:\/\/wifi.se\/es\/wp-content\/uploads\/sites\/5\/2024\/10\/Hybrid_4-300x300.jpg 300w, https:\/\/wifi.se\/es\/wp-content\/uploads\/sites\/5\/2024\/10\/Hybrid_4-100x100.jpg 100w, https:\/\/wifi.se\/es\/wp-content\/uploads\/sites\/5\/2024\/10\/Hybrid_4-510x510.jpg 510w, https:\/\/wifi.se\/es\/wp-content\/uploads\/sites\/5\/2024\/10\/Hybrid_4-64x64.jpg 64w, https:\/\/wifi.se\/es\/wp-content\/uploads\/sites\/5\/2024\/10\/Hybrid_4-150x150.jpg 150w, https:\/\/wifi.se\/es\/wp-content\/uploads\/sites\/5\/2024\/10\/Hybrid_4-768x768.jpg 768w, https:\/\/wifi.se\/es\/wp-content\/uploads\/sites\/5\/2024\/10\/Hybrid_4-66x66.jpg 66w, https:\/\/wifi.se\/es\/wp-content\/uploads\/sites\/5\/2024\/10\/Hybrid_4-200x200.jpg 200w, https:\/\/wifi.se\/es\/wp-content\/uploads\/sites\/5\/2024\/10\/Hybrid_4-400x400.jpg 400w, https:\/\/wifi.se\/es\/wp-content\/uploads\/sites\/5\/2024\/10\/Hybrid_4-600x600.jpg 600w, https:\/\/wifi.se\/es\/wp-content\/uploads\/sites\/5\/2024\/10\/Hybrid_4-50x50.jpg 50w, https:\/\/wifi.se\/es\/wp-content\/uploads\/sites\/5\/2024\/10\/Hybrid_4.jpg 800w\" sizes=\"auto, (max-width: 300px) 100vw, 300px\" \/>\t\t\t\t<\/a>\n\t\t\t<\/div>\n\t\t\t<div class=\"image-tools is-small top right show-on-hover\">\n\t\t\t\t\t\t\t<\/div>\n\t\t\t<div class=\"image-tools is-small hide-for-small bottom left show-on-hover\">\n\t\t\t\t\t\t\t<\/div>\n\t\t\t<div class=\"image-tools grid-tools text-center hide-for-small bottom hover-slide-in show-on-hover\">\n\t\t\t\t\t\t\t<\/div>\n\t\t\t\t\t<\/div>\n\n\t\t<div class=\"box-text box-text-products text-center grid-style-2\">\n\t\t\t<div class=\"title-wrapper\"><p class=\"name product-title woocommerce-loop-product__title\"><a href=\"https:\/\/wifi.se\/es\/product\/hybrid-traveller-router-5g-portatil-con-bateria-de-respaldo-hasta-8-horas\/\" class=\"woocommerce-LoopProduct-link woocommerce-loop-product__link\">Hybrid Traveller &#8211; Router 5G port\u00e1til con bater\u00eda de respaldo hasta 8 horas<\/a><\/p><\/div><div class=\"price-wrapper\">\n\t<span class=\"price\"><span class=\"woocommerce-Price-amount amount\"><bdi>396,00&nbsp;<span class=\"woocommerce-Price-currencySymbol\">&euro;<\/span><\/bdi><\/span> <small class=\"woocommerce-price-suffix\">inc. tax<\/small><\/span>\n<\/div><div class=\"add-to-cart-button\"><a href=\"\/es\/wp-json\/wp\/v2\/pages\/30007?add-to-cart=28920\" aria-describedby=\"woocommerce_loop_add_to_cart_link_describedby_28920\" data-quantity=\"1\" class=\"primary is-small mb-0 button product_type_simple add_to_cart_button ajax_add_to_cart is-outline\" data-product_id=\"28920\" data-product_sku=\"80220\" aria-label=\"A\u00f1adir al carrito: &ldquo;Hybrid Traveller - Router 5G port\u00e1til con bater\u00eda de respaldo hasta 8 horas&rdquo;\" rel=\"nofollow\" data-success_message=\"\u00abHybrid Traveller - Router 5G port\u00e1til con bater\u00eda de respaldo hasta 8 horas\u00bb se ha a\u00f1adido a tu carrito\">A\u00f1adir al carrito<\/a><\/div>\t<span id=\"woocommerce_loop_add_to_cart_link_describedby_28920\" class=\"screen-reader-text\">\n\t\t\t<\/span>\n\t\t<\/div>\n\t<\/div>\n\t\t<\/div>\n<\/div><\/div>\n\t\t<\/div>\n\t\t\t\t\t<\/div>\n\n\t\n<\/div>\n\t\t<\/div>\n\t\t\t\t\t<\/div>\n\n\t\n<\/div>\n\t\t<\/div>\n\n\t\t\n<style>\n#section_1950489183 {\n  padding-top: 50px;\n  padding-bottom: 50px;\n}\n@media (min-width:550px) {\n  #section_1950489183 {\n    padding-top: 80px;\n    padding-bottom: 80px;\n  }\n}\n<\/style>\n\t<\/section>\n\t\n\n\t<section class=\"section\" id=\"section_718408864\">\n\t\t<div class=\"section-bg fill\" >\n\t\t\t\t\t\t\t\t\t\n\t\t\t\n\n\t\t<\/div>\n\n\t\t\n\n\t\t<div class=\"section-content relative\">\n\t\t\t\n<div class=\"row align-middle align-center\"  id=\"row-1863542280\">\n\n\t<div id=\"col-1471046523\" class=\"col small-12 large-12\"  >\n\t\t\t\t<div class=\"col-inner text-center\"  >\n\t\t\t\n\t\t\t\n\t<div id=\"text-3341318830\" class=\"text\">\n\t\t\n<h4 class=\"p1\"><b>Conexi\u00f3n 5G Ultrarr\u00e1pida<\/b><b><\/b><\/h4>\n<p class=\"p3\"><span class=\"s1\">Disfruta de la <\/span><b>velocidad impresionante del 5G<\/b><span class=\"s1\"> con el <\/span><b>5G Hybrid Traveller<\/b><span class=\"s1\">. Este router ha sido dise\u00f1ado para ofrecer un <\/span><b>rendimiento superior<\/b><span class=\"s1\">, permiti\u00e9ndote <\/span><b>navegar, trabajar y mantenerte conectado sin interrupciones<\/b><span class=\"s1\">.<\/span><\/p>\n<ul>\n<li class=\"p4\"><span class=\"s2\"><b>Velocidades 5G ultrarr\u00e1pidas<\/b><\/span> para una conexi\u00f3n estable y sin cortes<\/li>\n<li class=\"p4\"><b style=\"color: #555555; font-size: 14.4px;\">Streaming fluido y videollamadas en alta definici\u00f3n<\/b><\/li>\n<li class=\"p4\"><b style=\"color: #555555; font-size: 14.4px;\">Descargas y carga de archivos en segundos<\/b><\/li>\n<li class=\"p4\"><b style=\"color: #555555; font-size: 14.4px;\">Funciona incluso en ubicaciones remotas<\/b><\/li>\n<\/ul>\n<p><b style=\"color: #555555; font-size: 14.4px;\">Lleva la mejor conexi\u00f3n contigo y disfruta de internet sin l\u00edmites, est\u00e9s donde est\u00e9s<\/b><\/p>\n<p>\n\t\t\n<style>\n#text-3341318830 {\n  text-align: center;\n}\n<\/style>\n\t<\/div>\n\t\n<a href=\"\/produkt\/hybrid-traveller\/\" class=\"button primary\" >\n\t\t<span>A\u00d1ADIR 5G Router AL CARRITO<\/span>\n\t<\/a>\n\n\t\t<\/div>\n\t\t\t\t\t<\/div>\n\n\t\n\n\t<div id=\"col-1062221086\" class=\"col medium-1 small-12 large-1\"  >\n\t\t\t\t<div class=\"col-inner\"  >\n\t\t\t\n\t\t\t\n\t<div class=\"img has-hover x md-x lg-x y md-y lg-y\" id=\"image_1586285934\">\n\t\t\t\t\t\t\t\t<div class=\"img-inner dark\" >\n\t\t\t\t\t\t\t\t\t\n\t\t\t\t\t<\/div>\n\t\t\t\t\t\t\t\t\n<style>\n#image_1586285934 {\n  width: 100%;\n}\n<\/style>\n\t<\/div>\n\t\n\t\t<\/div>\n\t\t\t\t\t<\/div>\n\n\t\n<\/div>\n\t\t<\/div>\n\n\t\t\n<style>\n#section_718408864 {\n  padding-top: 30px;\n  padding-bottom: 30px;\n}\n<\/style>\n\t<\/section>\n\t\n","protected":false},"excerpt":{"rendered":"","protected":false},"author":1,"featured_media":0,"parent":0,"menu_order":0,"comment_status":"closed","ping_status":"closed","template":"page-blank.php","meta":{"_acf_changed":false,"footnotes":""},"class_list":["post-30007","page","type-page","status-publish","hentry"],"acf":[],"yoast_head":"<!-- This site is optimized with the Yoast SEO plugin v27.1.1 - https:\/\/yoast.com\/product\/yoast-seo-wordpress\/ -->\n<title>Router 5G Port\u00e1til \u2013 Con\u00e9ctate en Cualquier Lugar - WIFI.SE\/ES<\/title>\n<meta name=\"description\" content=\"5G Hybrid Traveller \u2013 La Mejor Conectividad para tu Autocaravana, Caravana o Barco, Streaming fluido y videollamadas en alta definici\u00f3n\u00a0\" \/>\n<meta name=\"robots\" content=\"index, follow, max-snippet:-1, max-image-preview:large, max-video-preview:-1\" \/>\n<link rel=\"canonical\" href=\"https:\/\/wifi.se\/es\/router-5g-portatil-conectate-en-cualquier-lugar\/\" \/>\n<meta property=\"og:locale\" content=\"es_ES\" \/>\n<meta property=\"og:type\" content=\"article\" \/>\n<meta property=\"og:title\" content=\"Router 5G Port\u00e1til \u2013 Con\u00e9ctate en Cualquier Lugar - WIFI.SE\/ES\" \/>\n<meta property=\"og:description\" content=\"5G Hybrid Traveller \u2013 La Mejor Conectividad para tu Autocaravana, Caravana o Barco, Streaming fluido y videollamadas en alta definici\u00f3n\u00a0\" \/>\n<meta property=\"og:url\" content=\"https:\/\/wifi.se\/es\/router-5g-portatil-conectate-en-cualquier-lugar\/\" \/>\n<meta property=\"og:site_name\" content=\"WIFI.SE\/ES\" \/>\n<meta property=\"article:modified_time\" content=\"2025-02-26T00:06:39+00:00\" \/>\n<meta name=\"twitter:card\" content=\"summary_large_image\" \/>\n<meta name=\"twitter:label1\" content=\"Tiempo de lectura\" \/>\n\t<meta name=\"twitter:data1\" content=\"3 minutos\" \/>\n<script type=\"application\/ld+json\" class=\"yoast-schema-graph\">{\"@context\":\"https:\/\/schema.org\",\"@graph\":[{\"@type\":\"WebPage\",\"@id\":\"https:\/\/wifi.se\/es\/router-5g-portatil-conectate-en-cualquier-lugar\/\",\"url\":\"https:\/\/wifi.se\/es\/router-5g-portatil-conectate-en-cualquier-lugar\/\",\"name\":\"Router 5G Port\u00e1til \u2013 Con\u00e9ctate en Cualquier Lugar - WIFI.SE\/ES\",\"isPartOf\":{\"@id\":\"https:\/\/wifi.se\/es\/#website\"},\"datePublished\":\"2024-09-24T10:02:45+00:00\",\"dateModified\":\"2025-02-26T00:06:39+00:00\",\"description\":\"5G Hybrid Traveller \u2013 La Mejor Conectividad para tu Autocaravana, Caravana o Barco, Streaming fluido y videollamadas en alta definici\u00f3n\u00a0\",\"breadcrumb\":{\"@id\":\"https:\/\/wifi.se\/es\/router-5g-portatil-conectate-en-cualquier-lugar\/#breadcrumb\"},\"inLanguage\":\"es\",\"potentialAction\":[{\"@type\":\"ReadAction\",\"target\":[\"https:\/\/wifi.se\/es\/router-5g-portatil-conectate-en-cualquier-lugar\/\"]}]},{\"@type\":\"BreadcrumbList\",\"@id\":\"https:\/\/wifi.se\/es\/router-5g-portatil-conectate-en-cualquier-lugar\/#breadcrumb\",\"itemListElement\":[{\"@type\":\"ListItem\",\"position\":1,\"name\":\"Hem\",\"item\":\"https:\/\/wifi.se\/es\/\"},{\"@type\":\"ListItem\",\"position\":2,\"name\":\"Router 5G Port\u00e1til \u2013 Con\u00e9ctate en Cualquier Lugar\"}]},{\"@type\":\"WebSite\",\"@id\":\"https:\/\/wifi.se\/es\/#website\",\"url\":\"https:\/\/wifi.se\/es\/\",\"name\":\"WIFI.SE\/ES\",\"description\":\"INTERNET EN TODAS PARTES\",\"potentialAction\":[{\"@type\":\"SearchAction\",\"target\":{\"@type\":\"EntryPoint\",\"urlTemplate\":\"https:\/\/wifi.se\/es\/?s={search_term_string}\"},\"query-input\":{\"@type\":\"PropertyValueSpecification\",\"valueRequired\":true,\"valueName\":\"search_term_string\"}}],\"inLanguage\":\"es\"}]}<\/script>\n<!-- \/ Yoast SEO plugin. -->","yoast_head_json":{"title":"Router 5G Port\u00e1til \u2013 Con\u00e9ctate en Cualquier Lugar - WIFI.SE\/ES","description":"5G Hybrid Traveller \u2013 La Mejor Conectividad para tu Autocaravana, Caravana o Barco, Streaming fluido y videollamadas en alta definici\u00f3n\u00a0","robots":{"index":"index","follow":"follow","max-snippet":"max-snippet:-1","max-image-preview":"max-image-preview:large","max-video-preview":"max-video-preview:-1"},"canonical":"https:\/\/wifi.se\/es\/router-5g-portatil-conectate-en-cualquier-lugar\/","og_locale":"es_ES","og_type":"article","og_title":"Router 5G Port\u00e1til \u2013 Con\u00e9ctate en Cualquier Lugar - WIFI.SE\/ES","og_description":"5G Hybrid Traveller \u2013 La Mejor Conectividad para tu Autocaravana, Caravana o Barco, Streaming fluido y videollamadas en alta definici\u00f3n\u00a0","og_url":"https:\/\/wifi.se\/es\/router-5g-portatil-conectate-en-cualquier-lugar\/","og_site_name":"WIFI.SE\/ES","article_modified_time":"2025-02-26T00:06:39+00:00","twitter_card":"summary_large_image","twitter_misc":{"Tiempo de lectura":"3 minutos"},"schema":{"@context":"https:\/\/schema.org","@graph":[{"@type":"WebPage","@id":"https:\/\/wifi.se\/es\/router-5g-portatil-conectate-en-cualquier-lugar\/","url":"https:\/\/wifi.se\/es\/router-5g-portatil-conectate-en-cualquier-lugar\/","name":"Router 5G Port\u00e1til \u2013 Con\u00e9ctate en Cualquier Lugar - WIFI.SE\/ES","isPartOf":{"@id":"https:\/\/wifi.se\/es\/#website"},"datePublished":"2024-09-24T10:02:45+00:00","dateModified":"2025-02-26T00:06:39+00:00","description":"5G Hybrid Traveller \u2013 La Mejor Conectividad para tu Autocaravana, Caravana o Barco, Streaming fluido y videollamadas en alta definici\u00f3n\u00a0","breadcrumb":{"@id":"https:\/\/wifi.se\/es\/router-5g-portatil-conectate-en-cualquier-lugar\/#breadcrumb"},"inLanguage":"es","potentialAction":[{"@type":"ReadAction","target":["https:\/\/wifi.se\/es\/router-5g-portatil-conectate-en-cualquier-lugar\/"]}]},{"@type":"BreadcrumbList","@id":"https:\/\/wifi.se\/es\/router-5g-portatil-conectate-en-cualquier-lugar\/#breadcrumb","itemListElement":[{"@type":"ListItem","position":1,"name":"Hem","item":"https:\/\/wifi.se\/es\/"},{"@type":"ListItem","position":2,"name":"Router 5G Port\u00e1til \u2013 Con\u00e9ctate en Cualquier Lugar"}]},{"@type":"WebSite","@id":"https:\/\/wifi.se\/es\/#website","url":"https:\/\/wifi.se\/es\/","name":"WIFI.SE\/ES","description":"INTERNET EN TODAS PARTES","potentialAction":[{"@type":"SearchAction","target":{"@type":"EntryPoint","urlTemplate":"https:\/\/wifi.se\/es\/?s={search_term_string}"},"query-input":{"@type":"PropertyValueSpecification","valueRequired":true,"valueName":"search_term_string"}}],"inLanguage":"es"}]}},"_links":{"self":[{"href":"https:\/\/wifi.se\/es\/wp-json\/wp\/v2\/pages\/30007","targetHints":{"allow":["GET"]}}],"collection":[{"href":"https:\/\/wifi.se\/es\/wp-json\/wp\/v2\/pages"}],"about":[{"href":"https:\/\/wifi.se\/es\/wp-json\/wp\/v2\/types\/page"}],"author":[{"embeddable":true,"href":"https:\/\/wifi.se\/es\/wp-json\/wp\/v2\/users\/1"}],"replies":[{"embeddable":true,"href":"https:\/\/wifi.se\/es\/wp-json\/wp\/v2\/comments?post=30007"}],"version-history":[{"count":7,"href":"https:\/\/wifi.se\/es\/wp-json\/wp\/v2\/pages\/30007\/revisions"}],"predecessor-version":[{"id":32460,"href":"https:\/\/wifi.se\/es\/wp-json\/wp\/v2\/pages\/30007\/revisions\/32460"}],"wp:attachment":[{"href":"https:\/\/wifi.se\/es\/wp-json\/wp\/v2\/media?parent=30007"}],"curies":[{"name":"wp","href":"https:\/\/api.w.org\/{rel}","templated":true}]}}