{"id":29233,"date":"2024-08-23T09:00:23","date_gmt":"2024-08-23T07:00:23","guid":{"rendered":"https:\/\/wifi.se\/?page_id=29233"},"modified":"2025-04-15T13:28:19","modified_gmt":"2025-04-15T11:28:19","slug":"sobre-nosotros-2","status":"publish","type":"page","link":"https:\/\/wifi.se\/es\/sobre-nosotros-2\/","title":{"rendered":"Sobre Nosotros"},"content":{"rendered":"<h4><strong>Sobre Nosotros<\/strong><\/h4>\n<p class=\"p1\"><b>Wifi.se \u2013 Innovaci\u00f3n y liderazgo en telecomunicaciones<\/b><b><\/b><\/p>\n<p class=\"p3\">En <span class=\"s1\">Wifi.se<\/span>, somos <span class=\"s1\">innovadores y l\u00edderes<\/span> en la industria de las telecomunicaciones, especializados en productos y servicios tecnol\u00f3gicos <span class=\"s1\">de alto rendimiento<\/span>, dise\u00f1ados espec\u00edficamente para el <span class=\"s1\">viajero moderno<\/span>.<\/p>\n<ul>\n<li class=\"p3\"><span class=\"s1\">Soluciones avanzadas y personalizadas<\/span> para garantizar la mejor conexi\u00f3n.<\/li>\n<li class=\"p3\">Cobertura sin interrupciones en toda Europa<span class=\"s2\" style=\"color: #555555; font-size: 14.4px;\">, est\u00e9s donde est\u00e9s.<\/span><\/li>\n<li class=\"p3\"><span class=\"s1\" style=\"color: #555555; font-size: 14.4px;\">Tecnolog\u00eda de \u00faltima generaci\u00f3n<\/span><span style=\"color: #555555; font-size: 14.4px;\"> para una conectividad estable y r\u00e1pida.<\/span><\/li>\n<\/ul>\n<p class=\"p4\">Nuestro compromiso es ofrecer soluciones innovadoras que te mantengan siempre conectado.<\/p>\n<h4 class=\"p1\"><b>Routers Personalizados: Velocidad, Seguridad y Confiabilidad\u00a0<\/b><b><\/b><\/h4>\n<p class=\"p3\"><span class=\"s1\">Nuestros <\/span>routers est\u00e1n dise\u00f1ados para ofrecer el m\u00e1ximo rendimiento<span class=\"s1\">, garantizando <\/span>velocidad, seguridad y estabilidad<span class=\"s1\"> en cualquier entorno.<\/span><\/p>\n<ul>\n<li class=\"p3\">\u00d3ptimos para viajes, autocaravanas, la oficina y el hogar<\/li>\n<li class=\"p3\">Alta velocidad y conectividad estable<\/li>\n<li class=\"p3\">Protecci\u00f3n avanzada para una navegaci\u00f3n segura<span class=\"s1\" style=\"color: #555555; font-size: 14.4px;\">\u00a0<\/span><\/li>\n<\/ul>\n<p class=\"p3\">Siempre conectado, sin importar d\u00f3nde est\u00e9s.<\/p>\n<h4 class=\"p1\"><b>Antenas Avanzadas: M\u00e1xima potencia y claridad de se\u00f1al\u00a0<\/b><b><\/b><\/h4>\n<p class=\"p3\"><span class=\"s1\">Nuestras <\/span>antenas est\u00e1n dise\u00f1adas para ofrecer una se\u00f1al potente y estable<span class=\"s1\">, permiti\u00e9ndote estar conectado incluso en <\/span>entornos desafiantes<span class=\"s1\">.<\/span><\/p>\n<ul>\n<li class=\"p3\">Recepci\u00f3n de se\u00f1al superior para una conexi\u00f3n sin interrupciones<\/li>\n<li class=\"p3\">\u00d3ptimas para \u00e1reas con cobertura limitada o dif\u00edciles de alcanzar<\/li>\n<li class=\"p3\">Dise\u00f1adas para garantizar una conexi\u00f3n estable y confiable en cualquier situaci\u00f3n<span class=\"s1\" style=\"color: #555555; font-size: 14.4px;\">\u00a0<\/span><\/li>\n<\/ul>\n<p class=\"p3\">Mantente siempre conectado con nuestras antenas de alto rendimiento.<\/p>\n<h4 class=\"p1\"><b>Cables Premium &amp; Adaptadores Especializados\u00a0<\/b><b><\/b><\/h4>\n<p class=\"p3\">Nuestros <span class=\"s1\">cables premium<\/span> est\u00e1n dise\u00f1ados para ofrecer <span class=\"s1\">m\u00e1xima durabilidad y rendimiento excepcional<\/span>, convirti\u00e9ndolos en el compa\u00f1ero perfecto para <span class=\"s1\">tus dispositivos electr\u00f3nicos<\/span>.<\/p>\n<ul>\n<li class=\"p4\">Materiales de alta calidad para mayor resistencia y vida \u00fatil prolongada<\/li>\n<li class=\"p4\">Cables y adaptadores dise\u00f1ados para viajeros<span class=\"s2\" style=\"color: #555555; font-size: 14.4px;\">, eliminando la necesidad de 230V <\/span><\/li>\n<li class=\"p4\">Soluciones innovadoras, como nuestra exclusiva Chromecast Adapter<span class=\"s2\" style=\"color: #555555; font-size: 14.4px;\">, desarrollada en colaboraci\u00f3n con <\/span>Mission (EE.UU.)<\/li>\n<li class=\"p4\"><span class=\"s1\" style=\"color: #555555; font-size: 14.4px;\">Adaptador especial para Apple TV<\/span><span style=\"color: #555555; font-size: 14.4px;\">, que permite conectarlo directamente a la TV sin enchufe adicional\u00a0<\/span><\/li>\n<\/ul>\n<p class=\"p4\">Descubre nuestras soluciones dise\u00f1adas para facilitar tu conectividad en cualquier lugar.<\/p>\n<h4 class=\"p1\"><b>Puertos USB y Adaptadores Especializados\u00a0<\/b><b><\/b><\/h4>\n<p class=\"p3\"><span class=\"s1\">Nuestros adaptadores y cables premium est\u00e1n dise\u00f1ados para ofrecer <\/span>una experiencia mejorada sin necesidad de fuentes de alimentaci\u00f3n externas<span class=\"s1\">.<\/span><\/p>\n<ul>\n<li class=\"p3\">Adaptadores especiales que permiten conectar dispositivos directamente a puertos USB<\/li>\n<li class=\"p3\">Soluciones dise\u00f1adas para viajeros, sin necesidad de enchufes de 230V<\/li>\n<li class=\"p3\"><span class=\"s2\" style=\"color: #555555; font-size: 14.4px;\">Productos exclusivos como el adaptador para Chromecast y el adaptador para Apple TV<\/span><span style=\"color: #555555; font-size: 14.4px;\">, que funcionan directamente con la TV sin necesidad de cargadores adicionales\u00a0<\/span><\/li>\n<\/ul>\n<p class=\"p3\">Mayor comodidad y conectividad sin complicaciones, est\u00e9s donde est\u00e9s.<\/p>\n<h4 class=\"p3\"><b>Calidad sin compromisos\u00a0<\/b><b><\/b><\/h4>\n<p class=\"p3\"><span class=\"s1\">Todas nuestras <\/span>productos est\u00e1n dise\u00f1ados y desarrollados<span class=\"s1\"> bajo los <\/span>m\u00e1s altos est\u00e1ndares de calidad<span class=\"s1\">, garantizando que nuestros clientes <\/span>reciban solo lo mejor<span class=\"s1\">.<\/span><\/p>\n<ul>\n<li class=\"p3\">Materiales de primera calidad para m\u00e1xima durabilidad<\/li>\n<li class=\"p3\">Rendimiento \u00f3ptimo en cualquier entorno<\/li>\n<li class=\"p3\">Soluciones innovadoras y fiables para una conectividad sin fallos<span class=\"s1\" style=\"color: #555555; font-size: 14.4px;\">\u00a0<\/span><\/li>\n<\/ul>\n<p class=\"p3\">Elige lo mejor en tecnolog\u00eda y disfruta de una experiencia superior.<\/p>\n<h4 class=\"p1\"><b>Distribuidor Exclusivo de Chromecast Adapter en Europa<\/b><b><\/b><\/h4>\n<p class=\"p3\">Somos el <span class=\"s1\"><b>distribuidor exclusivo y \u00fanico revendedor autorizado<\/b><\/span> de la <span class=\"s1\"><b>Chromecast Adapter en Europa<\/b><\/span>, lo que nos otorga <span class=\"s1\"><b>derechos exclusivos<\/b><\/span> para distribuir esta innovadora soluci\u00f3n en todos los mercados europeos.<\/p>\n<p class=\"p4\"><b>Disponibilidad en grandes tiendas<\/b><b><\/b><\/p>\n<p class=\"p4\"><span class=\"s2\">Nuestra <\/span>Chromecast Adapter<span class=\"s2\"> ya est\u00e1 a la venta en tiendas reconocidas como <a style=\"font-size: 14.4px;\" href=\"https:\/\/www.clasohlson.com\/se\">Clas Ohlson<\/a><\/span>, <a style=\"font-size: 14.4px;\" href=\"https:\/\/www.teknikproffset.se\">Teknikproffset<\/a><span style=\"font-size: 14.4px;\">,<\/span> y <a style=\"font-size: 14.4px;\" href=\"https:\/\/www.campingvaruhuset.se\">Campingvaruhuset<\/a><span class=\"s2\">, convirti\u00e9ndose en un <\/span>\u00e9xito de ventas en Suecia y Europa<span class=\"s2\">.<\/span><\/p>\n<p class=\"p4\"><b>Garant\u00eda de autenticidad y soporte<\/b><b><\/b><\/p>\n<ul>\n<li class=\"p4\">Solo vendemos productos 100% originales<span class=\"s2\"> con <\/span>soporte completo del fabricante<span class=\"s2\">.<\/span><\/li>\n<li class=\"p3\"><span class=\"s1\">Para distribuidores, minoristas y revendedores<\/span>, todas las compras deben realizarse <span class=\"s1\">directamente con nosotros<\/span>para garantizar autenticidad, calidad y servicio posventa.<\/li>\n<\/ul>\n<p class=\"p4\"><b>\u00bfInteresado en una asociaci\u00f3n o en convertirte en revendedor?<\/b><b><\/b><\/p>\n<p class=\"p4\">Cont\u00e1ctanos hoy mismo y \u00fanete a nuestra red de distribuci\u00f3n.<\/p>\n<p class=\"p1\"><b>\u00bfTienes algo interesante que presentar?\u00a0<\/b><b><\/b><\/p>\n<p class=\"p3\">Si tienes un producto innovador o una idea emocionante, <span class=\"s1\"><b>cont\u00e1ctanos<\/b><\/span> y te ayudaremos a encontrar la mejor soluci\u00f3n.<\/p>\n<p class=\"p4\">Hablemos y exploremos nuevas oportunidades juntos.<\/p>\n<h4 class=\"p1\"><b>WiFi.se \u2013 Liderando la nueva era de la conectividad con eSIM\u00a0<\/b><b><\/b><\/h4>\n<p class=\"p3\"><span class=\"s1\">En <\/span>WiFi.se<span class=\"s1\">, estamos a la vanguardia de la <\/span>pr\u00f3xima generaci\u00f3n de conectividad m\u00f3vil<span class=\"s1\"> con nuestras <\/span>soluciones eSIM<span class=\"s1\">.<\/span><\/p>\n<p class=\"p3\">Mientras el mundo avanza hacia soluciones m\u00e1s flexibles y sin complicaciones<span class=\"s1\">, estamos orgullosos de ofrecer un <\/span>eSIM<span class=\"s1\"> que combina:<\/span><\/p>\n<ul>\n<li class=\"p4\"><span class=\"s2\">M\u00e1xima comodidad<\/span> \u2013 Sin necesidad de tarjetas f\u00edsicas.<\/li>\n<li class=\"p4\"><span class=\"s2\" style=\"color: #555555; font-size: 14.4px;\">Planes de datos robustos<\/span><span style=\"color: #555555; font-size: 14.4px;\"> \u2013 Dise\u00f1ados para viajeros en toda Europa.<\/span><\/li>\n<li class=\"p4\"><span class=\"s2\" style=\"color: #555555; font-size: 14.4px;\">Conexi\u00f3n instant\u00e1nea y sin interrupciones<\/span><span style=\"color: #555555; font-size: 14.4px;\"> \u2013 Act\u00edvalo en minutos y empieza a navegar.<\/span><\/li>\n<\/ul>\n<p class=\"p3\">Descubre la libertad de viajar con la mejor conectividad, sin tarjetas SIM f\u00edsicas ni preocupaciones.<\/p>\n<p class=\"p1\"><b>\u00bfQu\u00e9 es un eSIM?\u00a0<\/b><b><\/b><\/p>\n<p class=\"p3\">Un <span class=\"s1\">eSIM (embedded SIM)<\/span> es una <span class=\"s1\">tarjeta SIM digital<\/span> integrada directamente en tu dispositivo m\u00f3vil.<\/p>\n<p class=\"p4\">A diferencia de las SIM f\u00edsicas tradicionales<span class=\"s2\">, un <\/span>eSIM se activa de forma remota<span class=\"s2\">, permiti\u00e9ndote:<\/span><\/p>\n<ul>\n<li class=\"p3\">Cambiar entre diferentes redes y planes de datos sin necesidad de intercambiar tarjetas.<\/li>\n<li class=\"p3\"><span style=\"color: #555555; font-size: 14.4px;\">Disfrutar de <\/span><span class=\"s1\" style=\"color: #555555; font-size: 14.4px;\">una configuraci\u00f3n r\u00e1pida y sencilla<\/span><span style=\"color: #555555; font-size: 14.4px;\">, sin esperas ni env\u00edos f\u00edsicos.<\/span><\/li>\n<li class=\"p3\"><span style=\"color: #555555; font-size: 14.4px;\">Activarlo con <\/span><span class=\"s1\" style=\"color: #555555; font-size: 14.4px;\">solo escanear un c\u00f3digo QR<\/span><span style=\"color: #555555; font-size: 14.4px;\"> y comenzar a navegar <\/span><span class=\"s1\" style=\"color: #555555; font-size: 14.4px;\">al instante<\/span><span style=\"color: #555555; font-size: 14.4px;\">.<\/span><\/li>\n<\/ul>\n<p class=\"p4\">Mayor flexibilidad, comodidad y conectividad en cualquier parte del mun<b>do.<\/b><\/p>\n<p class=\"p1\"><b>Nuestro eSIM para Europa\u00a0<\/b><b><\/b><\/p>\n<p class=\"p3\"><span class=\"s1\">Nuestro <\/span><b>eSIM<\/b><span class=\"s1\"> est\u00e1 vinculado a <\/span><b>planes especializados de roaming<\/b><span class=\"s1\">, ofreciendo <\/span><b>los mismos paquetes de datos generosos <\/b><span class=\"s1\">que nuestras SIM f\u00edsicas:<\/span><\/p>\n<ul>\n<li>200 GB o 400 GB por mes<\/li>\n<li>Alta velocidad y conexi\u00f3n estable en toda Europa<\/li>\n<li class=\"p3\">Activaci\u00f3n instant\u00e1nea a trav\u00e9s de un c\u00f3digo QR<span class=\"s1\" style=\"color: #555555; font-size: 14.4px;\">\u00a0<\/span><\/li>\n<\/ul>\n<p class=\"p3\"><b>La soluci\u00f3n perfecta para:<\/b><\/p>\n<ul>\n<li class=\"p3\"><b><\/b><span class=\"s2\">Viajeros de negocios<\/span> que necesitan conectividad sin interrupciones.<\/li>\n<li class=\"p3\">Autocaravanistas y aventureros<span class=\"s1\" style=\"color: #555555; font-size: 14.4px;\"> que recorren Europa.\u00a0<\/span><\/li>\n<li class=\"p3\">Personas que se desplazan frecuentemente entre pa\u00edses<span class=\"s1\" style=\"color: #555555; font-size: 14.4px;\">.<\/span><\/li>\n<\/ul>\n<p class=\"p3\">Con nuestro eSIM, tendr\u00e1s la m\u00e1xima flexibilidad y datos casi ilimitados para tu viaje.<\/p>\n<p class=\"p1\"><b>eSIM: El Futuro de la Conectividad M\u00f3vil\u00a0<\/b><b><\/b><\/p>\n<p class=\"p3\">La tecnolog\u00eda <span class=\"s1\">eSIM<\/span> revoluciona la conectividad m\u00f3vil al ofrecer <span class=\"s1\">comodidad y flexibilidad inigualables<\/span>.<\/p>\n<ul>\n<li class=\"p3\"><span class=\"s1\">Sin necesidad de una SIM f\u00edsica<\/span> \u2013 Olv\u00eddate de cambiar tarjetas.<\/li>\n<li class=\"p3\"><span class=\"s1\">Activaci\u00f3n instant\u00e1nea<\/span> \u2013 Solo escanea un <span class=\"s1\">c\u00f3digo QR<\/span> recibido en tu correo electr\u00f3nico.<\/li>\n<li class=\"p3\"><span class=\"s1\" style=\"color: #555555; font-size: 14.4px;\">Con\u00e9ctate en segundos<\/span><span style=\"color: #555555; font-size: 14.4px;\">, sin importar d\u00f3nde est\u00e9s.<\/span><\/li>\n<\/ul>\n<p class=\"p3\"><span class=\"s1\">Di adi\u00f3s a las esperas y direcciones f\u00edsicas.<\/span> Con <span class=\"s1\">eSIM<\/span>, accedes a internet al instante y sin complicaciones.<\/p>\n<p class=\"p1\"><b>Roaming eSIM: La soluci\u00f3n perfecta para viajeros\u00a0<\/b><b><\/b><\/p>\n<p class=\"p3\"><span class=\"s1\">Nuestros <\/span>roaming-SIM<span class=\"s1\"> est\u00e1n dise\u00f1ados especialmente para la <\/span>tecnolog\u00eda eSIM<span class=\"s1\">, ofreciendo <\/span>una experiencia de usuario excepcional<span class=\"s1\"> con <\/span>paquetes de datos de gran capacidad<span class=\"s1\"> y <\/span>conectividad casi ilimitada en toda Europa<span class=\"s1\">.<\/span><\/p>\n<ul>\n<li class=\"p3\">Planes de datos de 200GB y 400GB por mes<span class=\"s1\">\u00a0<\/span><\/li>\n<li class=\"p3\">Activaci\u00f3n instant\u00e1nea sin SIM f\u00edsica<span class=\"s1\"> \u2013 Solo escanea un c\u00f3digo QR\u00a0<\/span><\/li>\n<li class=\"p3\">Con\u00e9ctate en segundos y navega sin l\u00edmites<span class=\"s1\">\u00a0<\/span><\/li>\n<\/ul>\n<p class=\"p3\">Con las soluciones eSIM de WiFi.se, siempre estar\u00e1s listo para tu pr\u00f3xima aventura, sin importar en qu\u00e9 parte del mundo te encuentres.<\/p>\n<h4 class=\"p1\"><b>WiFi.se \u2013 L\u00edder en Innovaci\u00f3n y Conectividad Global\u00a0<\/b><b><\/b><\/h4>\n<p class=\"p3\">En <span class=\"s1\">WiFi.se<\/span>, estamos orgullosos de ser una de las empresas l\u00edderes en la industria de las telecomunicaciones, con un <span class=\"s1\">compromiso constante en ofrecer productos innovadores y de alta calidad<\/span>, dise\u00f1ados para satisfacer las necesidades del viajero moderno.<\/p>\n<p class=\"p4\"><b>Soluciones dise\u00f1adas para una conectividad sin l\u00edmites:<\/b><b><\/b><\/p>\n<ul>\n<li class=\"p3\"><span class=\"s1\">Routers y antenas especializadas<\/span> para m\u00e1xima se\u00f1al y estabilidad.<\/li>\n<li class=\"p4\">Cables premium y adaptadores exclusivos<span class=\"s2\"> para Chromecast y Apple TV.<\/span><\/li>\n<li class=\"p3\"><span class=\"s1\">SIM y eSIM personalizadas<\/span> para m\u00e1xima flexibilidad y conectividad global.<\/li>\n<\/ul>\n<p class=\"p3\"><span class=\"s1\">Colaboramos con m\u00e1s de 35 operadores en todo el mundo<\/span>, garantizando la mejor cobertura y servicios m\u00f3viles para nuestros clientes.<\/p>\n<p class=\"p4\">\u00bfTe gustar\u00eda ser distribuidor o colaborar con nosotros?<\/p>\n<p class=\"p3\">Escr\u00edbenos a <a href=\"mailto:info@wifi.se\">info@wifi.se<\/a>\u00a0y cu\u00e9ntanos qu\u00e9 necesitas. \u00a1Nos aseguraremos de ponerte en contacto con la persona adecuada!<\/p>\n<p class=\"p4\">En WiFi.se estamos siempre abiertos a nuevas oportunidades y emocionantes asociaciones. \u00a1Esperamos tu mensaje!<\/p>\n<p>&nbsp;<\/p>\n","protected":false},"excerpt":{"rendered":"<p>Sobre Nosotros Wifi.se \u2013 Innovaci\u00f3n y liderazgo en telecomunicaciones En Wifi.se, somos innovadores y l\u00edderes en la industria de las telecomunicaciones, especializados en productos y servicios tecnol\u00f3gicos de alto rendimiento, dise\u00f1ados espec\u00edficamente para el viajero moderno. Soluciones avanzadas y personalizadas para garantizar la mejor conexi\u00f3n. Cobertura sin interrupciones en toda Europa, est\u00e9s donde est\u00e9s. Tecnolog\u00eda [&#8230;]\n","protected":false},"author":153,"featured_media":0,"parent":0,"menu_order":0,"comment_status":"closed","ping_status":"closed","template":"","meta":{"_acf_changed":false,"footnotes":""},"class_list":["post-29233","page","type-page","status-publish","hentry"],"acf":[],"yoast_head":"<!-- This site is optimized with the Yoast SEO plugin v27.1.1 - https:\/\/yoast.com\/product\/yoast-seo-wordpress\/ -->\n<title>Sobre Nosotros - WIFI.SE\/ES<\/title>\n<meta name=\"robots\" content=\"index, follow, max-snippet:-1, max-image-preview:large, max-video-preview:-1\" \/>\n<link rel=\"canonical\" href=\"https:\/\/wifi.se\/es\/sobre-nosotros-2\/\" \/>\n<meta property=\"og:locale\" content=\"es_ES\" \/>\n<meta property=\"og:type\" content=\"article\" \/>\n<meta property=\"og:title\" content=\"Sobre Nosotros - WIFI.SE\/ES\" \/>\n<meta property=\"og:description\" content=\"Sobre Nosotros Wifi.se \u2013 Innovaci\u00f3n y liderazgo en telecomunicaciones En Wifi.se, somos innovadores y l\u00edderes en la industria de las telecomunicaciones, especializados en productos y servicios tecnol\u00f3gicos de alto rendimiento, dise\u00f1ados espec\u00edficamente para el viajero moderno. Soluciones avanzadas y personalizadas para garantizar la mejor conexi\u00f3n. Cobertura sin interrupciones en toda Europa, est\u00e9s donde est\u00e9s. Tecnolog\u00eda [...]\" \/>\n<meta property=\"og:url\" content=\"https:\/\/wifi.se\/es\/sobre-nosotros-2\/\" \/>\n<meta property=\"og:site_name\" content=\"WIFI.SE\/ES\" \/>\n<meta property=\"article:modified_time\" content=\"2025-04-15T11:28:19+00:00\" \/>\n<meta name=\"twitter:card\" content=\"summary_large_image\" \/>\n<meta name=\"twitter:label1\" content=\"Tiempo de lectura\" \/>\n\t<meta name=\"twitter:data1\" content=\"6 minutos\" \/>\n<script type=\"application\/ld+json\" class=\"yoast-schema-graph\">{\"@context\":\"https:\/\/schema.org\",\"@graph\":[{\"@type\":\"WebPage\",\"@id\":\"https:\/\/wifi.se\/es\/sobre-nosotros-2\/\",\"url\":\"https:\/\/wifi.se\/es\/sobre-nosotros-2\/\",\"name\":\"Sobre Nosotros - WIFI.SE\/ES\",\"isPartOf\":{\"@id\":\"https:\/\/wifi.se\/es\/#website\"},\"datePublished\":\"2024-08-23T07:00:23+00:00\",\"dateModified\":\"2025-04-15T11:28:19+00:00\",\"breadcrumb\":{\"@id\":\"https:\/\/wifi.se\/es\/sobre-nosotros-2\/#breadcrumb\"},\"inLanguage\":\"es\",\"potentialAction\":[{\"@type\":\"ReadAction\",\"target\":[\"https:\/\/wifi.se\/es\/sobre-nosotros-2\/\"]}]},{\"@type\":\"BreadcrumbList\",\"@id\":\"https:\/\/wifi.se\/es\/sobre-nosotros-2\/#breadcrumb\",\"itemListElement\":[{\"@type\":\"ListItem\",\"position\":1,\"name\":\"Hem\",\"item\":\"https:\/\/wifi.se\/es\/\"},{\"@type\":\"ListItem\",\"position\":2,\"name\":\"Sobre Nosotros\"}]},{\"@type\":\"WebSite\",\"@id\":\"https:\/\/wifi.se\/es\/#website\",\"url\":\"https:\/\/wifi.se\/es\/\",\"name\":\"WIFI.SE\/ES\",\"description\":\"INTERNET EN TODAS PARTES\",\"potentialAction\":[{\"@type\":\"SearchAction\",\"target\":{\"@type\":\"EntryPoint\",\"urlTemplate\":\"https:\/\/wifi.se\/es\/?s={search_term_string}\"},\"query-input\":{\"@type\":\"PropertyValueSpecification\",\"valueRequired\":true,\"valueName\":\"search_term_string\"}}],\"inLanguage\":\"es\"}]}<\/script>\n<!-- \/ Yoast SEO plugin. -->","yoast_head_json":{"title":"Sobre Nosotros - WIFI.SE\/ES","robots":{"index":"index","follow":"follow","max-snippet":"max-snippet:-1","max-image-preview":"max-image-preview:large","max-video-preview":"max-video-preview:-1"},"canonical":"https:\/\/wifi.se\/es\/sobre-nosotros-2\/","og_locale":"es_ES","og_type":"article","og_title":"Sobre Nosotros - WIFI.SE\/ES","og_description":"Sobre Nosotros Wifi.se \u2013 Innovaci\u00f3n y liderazgo en telecomunicaciones En Wifi.se, somos innovadores y l\u00edderes en la industria de las telecomunicaciones, especializados en productos y servicios tecnol\u00f3gicos de alto rendimiento, dise\u00f1ados espec\u00edficamente para el viajero moderno. Soluciones avanzadas y personalizadas para garantizar la mejor conexi\u00f3n. Cobertura sin interrupciones en toda Europa, est\u00e9s donde est\u00e9s. Tecnolog\u00eda [...]","og_url":"https:\/\/wifi.se\/es\/sobre-nosotros-2\/","og_site_name":"WIFI.SE\/ES","article_modified_time":"2025-04-15T11:28:19+00:00","twitter_card":"summary_large_image","twitter_misc":{"Tiempo de lectura":"6 minutos"},"schema":{"@context":"https:\/\/schema.org","@graph":[{"@type":"WebPage","@id":"https:\/\/wifi.se\/es\/sobre-nosotros-2\/","url":"https:\/\/wifi.se\/es\/sobre-nosotros-2\/","name":"Sobre Nosotros - WIFI.SE\/ES","isPartOf":{"@id":"https:\/\/wifi.se\/es\/#website"},"datePublished":"2024-08-23T07:00:23+00:00","dateModified":"2025-04-15T11:28:19+00:00","breadcrumb":{"@id":"https:\/\/wifi.se\/es\/sobre-nosotros-2\/#breadcrumb"},"inLanguage":"es","potentialAction":[{"@type":"ReadAction","target":["https:\/\/wifi.se\/es\/sobre-nosotros-2\/"]}]},{"@type":"BreadcrumbList","@id":"https:\/\/wifi.se\/es\/sobre-nosotros-2\/#breadcrumb","itemListElement":[{"@type":"ListItem","position":1,"name":"Hem","item":"https:\/\/wifi.se\/es\/"},{"@type":"ListItem","position":2,"name":"Sobre Nosotros"}]},{"@type":"WebSite","@id":"https:\/\/wifi.se\/es\/#website","url":"https:\/\/wifi.se\/es\/","name":"WIFI.SE\/ES","description":"INTERNET EN TODAS PARTES","potentialAction":[{"@type":"SearchAction","target":{"@type":"EntryPoint","urlTemplate":"https:\/\/wifi.se\/es\/?s={search_term_string}"},"query-input":{"@type":"PropertyValueSpecification","valueRequired":true,"valueName":"search_term_string"}}],"inLanguage":"es"}]}},"_links":{"self":[{"href":"https:\/\/wifi.se\/es\/wp-json\/wp\/v2\/pages\/29233","targetHints":{"allow":["GET"]}}],"collection":[{"href":"https:\/\/wifi.se\/es\/wp-json\/wp\/v2\/pages"}],"about":[{"href":"https:\/\/wifi.se\/es\/wp-json\/wp\/v2\/types\/page"}],"author":[{"embeddable":true,"href":"https:\/\/wifi.se\/es\/wp-json\/wp\/v2\/users\/153"}],"replies":[{"embeddable":true,"href":"https:\/\/wifi.se\/es\/wp-json\/wp\/v2\/comments?post=29233"}],"version-history":[{"count":8,"href":"https:\/\/wifi.se\/es\/wp-json\/wp\/v2\/pages\/29233\/revisions"}],"predecessor-version":[{"id":32527,"href":"https:\/\/wifi.se\/es\/wp-json\/wp\/v2\/pages\/29233\/revisions\/32527"}],"wp:attachment":[{"href":"https:\/\/wifi.se\/es\/wp-json\/wp\/v2\/media?parent=29233"}],"curies":[{"name":"wp","href":"https:\/\/api.w.org\/{rel}","templated":true}]}}