{"id":29104,"date":"2024-08-18T18:12:15","date_gmt":"2024-08-18T16:12:15","guid":{"rendered":"https:\/\/wifi.se\/?page_id=29104"},"modified":"2024-10-08T15:25:30","modified_gmt":"2024-10-08T13:25:30","slug":"pikaopas","status":"publish","type":"page","link":"https:\/\/wifi.se\/es\/pikaopas\/","title":{"rendered":"Pikaopas"},"content":{"rendered":"\n\n\t<section class=\"section\" id=\"section_1674725728\">\n\t\t<div class=\"section-bg fill\" >\n\t\t\t\t\t\t\t\t\t\n\t\t\t\n\n\t\t<\/div>\n\n\t\t\n\n\t\t<div class=\"section-content relative\">\n\t\t\t\n\n<div class=\"row\"  id=\"row-1008044765\">\n\n\n\t<div id=\"col-1246138931\" class=\"col small-12 large-12\"  >\n\t\t\t\t<div class=\"col-inner\"  >\n\t\t\t\n\t\t\t\n\n<div class=\"container section-title-container guide_title\" ><h1 class=\"section-title section-title-center\"><b aria-hidden=\"true\"><\/b><span class=\"section-title-main\" >Pikaopas<\/span><b aria-hidden=\"true\"><\/b><\/h1><\/div>\n\n\n\t\t<\/div>\n\t\t\t\t\t<\/div>\n\n\t\n\n<\/div>\n<div class=\"row\"  id=\"row-2076203524\">\n\n\n\t<div id=\"col-2025583640\" class=\"col small-12 large-12\"  >\n\t\t\t\t<div class=\"col-inner\"  >\n\t\t\t\n\t\t\t\n\n\n\n<meta charset=\"UTF-8\">\n    <meta name=\"viewport\" content=\"width=device-width, initial-scale=1.0\">\n    <title>Button Styles<\/title>\n    <style>\n        \n    <\/style>\n\n\n\n    <!-- Button with Link -->\n    <a href=\"\/hurtigstartveiledning\/\" class=\"link-button\">\n        Dansk\n    <\/a>\n<a href=\"\/schnellstartanleitung\/\" class=\"link-button\">\n        Deutsch\n    <\/a>\n <a href=\"\/quick-start-guide\/\" class=\"link-button\">\n         English\n    <\/a>\n <a href=\"\/guia-de-inicio-rapido\/\" class=\"link-button\">\n         Espa\u00f1ol\n    <\/a>\n <a href=\"\/guide-de-demarrage-rapide\/\" class=\"link-button\">\n        Fran\u00e7ais\n    <\/a>\n <a href=\"\/guida-rapida\/\" class=\"link-button\">\n        Italiano\n    <\/a>\n <a href=\"\/snelstartgids\/\" class=\"link-button\">\n        Nederlands\n    <\/a> <a href=\"\/hurtigstartvejledning\/\" class=\"link-button\">\n        Norsk\n    <\/a>\n\n<a href=\"\/pikaopas\/\" class=\"link-button-active\">\n        Suomen kielt\u00e4\n    <\/a>\n<a href=\"\/snabbstartsguide\/\" class=\"link-button\">\n        Svenska\n    <\/a>\n<a href=\"\/przewodnik-szybkiego-startu\/\" class=\"link-button\">\n        Polski\n    <\/a>\n\n\n\t\t<\/div>\n\t\t\t\t\t<\/div>\n\n\t\n\n<\/div>\n\n\t\t<\/div>\n\n\t\t\n<style>\n#section_1674725728 {\n  padding-top: 30px;\n  padding-bottom: 30px;\n}\n<\/style>\n\t<\/section>\n\t\n\n\t<section class=\"section\" id=\"section_98640445\">\n\t\t<div class=\"section-bg fill\" >\n\t\t\t\t\t\t\t\t\t\n\t\t\t\n\n\t\t<\/div>\n\n\t\t\n\n\t\t<div class=\"section-content relative\">\n\t\t\t\n\n<div class=\"row align-center\"  id=\"row-1779147649\">\n\n\n\t<div id=\"col-513396579\" class=\"col medium-8 small-12 large-8\"  >\n\t\t\t\t<div class=\"col-inner\"  >\n\t\t\t\n\t\t\t\n\n\t<div class=\"img has-hover x md-x lg-x y md-y lg-y\" id=\"image_1048910804\">\n\t\t\t\t\t\t\t\t<div class=\"img-inner dark\" >\n\t\t\t<img loading=\"lazy\" decoding=\"async\" width=\"800\" height=\"800\" src=\"https:\/\/wifi.se\/es\/wp-content\/uploads\/sites\/5\/2024\/08\/hybrid32.jpg\" class=\"attachment-original size-original\" alt=\"Hybrid Traveller\" srcset=\"https:\/\/wifi.se\/es\/wp-content\/uploads\/sites\/5\/2024\/08\/hybrid32.jpg 800w, https:\/\/wifi.se\/es\/wp-content\/uploads\/sites\/5\/2024\/08\/hybrid32-300x300.jpg 300w, https:\/\/wifi.se\/es\/wp-content\/uploads\/sites\/5\/2024\/08\/hybrid32-100x100.jpg 100w, https:\/\/wifi.se\/es\/wp-content\/uploads\/sites\/5\/2024\/08\/hybrid32-510x510.jpg 510w, https:\/\/wifi.se\/es\/wp-content\/uploads\/sites\/5\/2024\/08\/hybrid32-64x64.jpg 64w, https:\/\/wifi.se\/es\/wp-content\/uploads\/sites\/5\/2024\/08\/hybrid32-150x150.jpg 150w, https:\/\/wifi.se\/es\/wp-content\/uploads\/sites\/5\/2024\/08\/hybrid32-768x768.jpg 768w, https:\/\/wifi.se\/es\/wp-content\/uploads\/sites\/5\/2024\/08\/hybrid32-66x66.jpg 66w, https:\/\/wifi.se\/es\/wp-content\/uploads\/sites\/5\/2024\/08\/hybrid32-200x200.jpg 200w, https:\/\/wifi.se\/es\/wp-content\/uploads\/sites\/5\/2024\/08\/hybrid32-400x400.jpg 400w, https:\/\/wifi.se\/es\/wp-content\/uploads\/sites\/5\/2024\/08\/hybrid32-600x600.jpg 600w, https:\/\/wifi.se\/es\/wp-content\/uploads\/sites\/5\/2024\/08\/hybrid32-50x50.jpg 50w\" sizes=\"auto, (max-width: 800px) 100vw, 800px\" \/>\t\t\t\t\t\t\n\t\t\t\t\t<\/div>\n\t\t\t\t\t\t\t\t\n<style>\n#image_1048910804 {\n  width: 100%;\n}\n<\/style>\n\t<\/div>\n\t\n\n\n\t\t<\/div>\n\t\t\t\t\t<\/div>\n\n\t\n\n<\/div>\n\n\t\t<\/div>\n\n\t\t\n<style>\n#section_98640445 {\n  padding-top: 30px;\n  padding-bottom: 30px;\n}\n<\/style>\n\t<\/section>\n\t\n<div class=\"row\"  id=\"row-1508428057\">\n\n\n\t<div id=\"col-523748060\" class=\"col small-12 large-12\"  >\n\t\t\t\t<div class=\"col-inner\"  >\n\t\t\t\n\t\t\t\n\n<p>T\u00e4m\u00e4 reititin toimii hyvin kaikissa maissa, koska se ei ole lukittu roamingiin. Voit k\u00e4ytt\u00e4\u00e4 mink\u00e4 tahansa operaattorin SIM-korttia. Reititin voidaan kytke\u00e4 12V, 110V tai 230V pistorasiaan tai USB-virtakaapeliin. T\u00e4m\u00e4 tekee reitittimest\u00e4 sopivan sek\u00e4 koti- ett\u00e4 matkak\u00e4ytt\u00f6\u00f6n.<\/p>\n<p><strong>5G-reititin HybridTraveller<\/strong><\/p>\n<p>T\u00e4m\u00e4 reititin tukee Nano-SIM-kortteja ja on my\u00f6s valmisteltu tulevaisuuden eSIM-toiminnallisuutta varten. Voit ostaa SIM-kortin meilt\u00e4 tai milt\u00e4 tahansa muulta operaattorilta. Reitittimemme ei ole lukittu millek\u00e4\u00e4n operaattorille, joten voit k\u00e4ytt\u00e4\u00e4 mit\u00e4 tahansa SIM-korttia. Varmista, ett\u00e4 SIM-kortissa ei ole PIN-koodia.<\/p>\n<p><strong>LED-merkkivalot<\/strong><\/p>\n<ul>\n<li>DC-virta<\/li>\n<li>LAN-portti<\/li>\n<li>USB-C-portti (vain valmistuspalveluk\u00e4ytt\u00f6\u00f6n, ei lataamiseen)<\/li>\n<li>SIM-korttipaikka<\/li>\n<li>Nollauspainike<\/li>\n<li>WPS-painike<\/li>\n<li>Virtapainike<\/li>\n<\/ul>\n<p><strong>Asennus<\/strong><\/p>\n<p>Ole varovainen asentaessasi SIM-korttia varmistaaksesi, ett\u00e4 se on oikein kohdistettu ja asetettu varovasti. \u00c4l\u00e4 k\u00e4yt\u00e4 voimaa asentaessasi SIM-korttia, sill\u00e4 se voi juuttua. Katso reitittimen kuvaa oikean SIM-kortin asennuksen varmistamiseksi. SIM-kortin leikatun kulman tulee olla alasp\u00e4in. Se voidaan asettaa vain yhdell\u00e4 tavalla.<\/p>\n<p>K\u00e4yt\u00e4 oikeaa SIM-korttia: Nano-SIM (pienin SIM-kortti). Aseta SIM-kortti varovasti SIM-korttipaikkaan, kunnes se napsahtaa paikalleen.<\/p>\n<p>Poistaaksesi SIM-kortin, paina SIM-korttia varovasti, kunnes se napsahtaa ja kortti ponnahtaa automaattisesti ulos. \u00c4l\u00e4 aseta tai poista SIM-korttia, kun reititin on p\u00e4\u00e4ll\u00e4. T\u00e4m\u00e4 voi vaikuttaa suorituskykyyn ja vahingoittaa SIM-korttia.<\/p>\n<p>Kytke virtal\u00e4hde tai USB-kaapeli reitittimeen. Paina virtapainiketta yli 3 sekuntia, kunnes merkkivalo alkaa vilkkua ja reititin k\u00e4ynnistyy. Kun merkkivalo lakkaa vilkkumasta, reititin on suorittanut alustuksen ja alkaa toimia.<\/p>\n<div class=\"table-1\">\n<table style=\"height: 184px;\" width=\"1152\">\n<thead>\n<tr>\n<th align=\"left\">Merkkivalo<\/th>\n<th align=\"left\">Kuvaus<\/th>\n<th align=\"left\">V\u00e4ri<\/th>\n<\/tr>\n<\/thead>\n<tbody>\n<tr>\n<td align=\"left\">5G-verkon tila:<\/td>\n<td align=\"left\">5G-verkko yhdistetty<\/td>\n<td align=\"left\">Vihre\u00e4<\/td>\n<\/tr>\n<tr>\n<td align=\"left\">&nbsp;<\/td>\n<td align=\"left\">5G-verkko ei yhdistetty<\/td>\n<td align=\"left\">Pois<\/td>\n<\/tr>\n<tr>\n<td align=\"left\">Wi-Fi-tila:<\/td>\n<td align=\"left\">Wi-Fi toimii<\/td>\n<td align=\"left\">Vihre\u00e4<\/td>\n<\/tr>\n<tr>\n<td align=\"left\">&nbsp;<\/td>\n<td align=\"left\">Wi-Fi ei toimi<\/td>\n<td align=\"left\">Pois<\/td>\n<\/tr>\n<tr>\n<td align=\"left\">&nbsp;<\/td>\n<td align=\"left\">WPS-toiminto<\/td>\n<td align=\"left\">Vilkkuva vihre\u00e4<\/td>\n<\/tr>\n<tr>\n<td align=\"left\">LAN-portin tila:<\/td>\n<td align=\"left\">LAN-portti toimii<\/td>\n<td align=\"left\">Vihre\u00e4<\/td>\n<\/tr>\n<tr>\n<td align=\"left\">&nbsp;<\/td>\n<td align=\"left\">LAN-portti ei yhdistetty<\/td>\n<td align=\"left\">Pois<\/td>\n<\/tr>\n<tr>\n<td align=\"left\">Virta:<\/td>\n<td align=\"left\">Reititin on p\u00e4\u00e4ll\u00e4<\/td>\n<td align=\"left\">Vihre\u00e4<\/td>\n<\/tr>\n<tr>\n<td align=\"left\">&nbsp;<\/td>\n<td align=\"left\">Reititin on pois p\u00e4\u00e4lt\u00e4<\/td>\n<td align=\"left\">Pois<\/td>\n<\/tr>\n<\/tbody>\n<\/table>\n<\/div>\n<p><strong>Painikkeiden toiminnot<\/strong><\/p>\n<ul>\n<li>Virtapainike<br \/>* Paina painiketta 3 sekuntia: Reititin kytkeytyy p\u00e4\u00e4lle<br \/>* Paina painiketta uudelleen 3 sekuntia: Reititin sammuu<\/li>\n<li>Nollauspainike<br \/>* Paina painiketta 3 sekuntia: Reititin alkaa nollautua<\/li>\n<li>WPS-painike<br \/>* Paina painiketta 3 sekuntia: WPS-toiminto alkaa toimia<\/li>\n<\/ul>\n<p><strong>Yhdist\u00e4minen reitittimeen<\/strong><\/p>\n<p><strong>Yhdist\u00e4 Wi-Fi kautta<\/strong><\/p>\n<p>Yhdist\u00e4 matkapuhelimesi tai tietokoneesi reitittimen Wi-Fi-verkkoon. (Katso reitittimen alapuolella olevaa tarraa Wi-Fi SSID:n ja salasanan l\u00f6yt\u00e4miseksi). Voit my\u00f6s l\u00f6yt\u00e4\u00e4 saman tarran akun alta.<\/p>\n<p><strong>Yhdist\u00e4 Ethernetin kautta<\/strong><\/p>\n<p>Yhdist\u00e4 tietokoneesi reitittimeen Ethernet-kaapelilla saadaksesi Internet-yhteyden.<\/p>\n<p><strong>Reitittimen hallintakokoonpano \u2013 Vain kokeneille k\u00e4ytt\u00e4jille!<\/strong><\/p>\n<ol>\n<li>Yhdist\u00e4 matkapuhelimesi tai tietokoneesi reitittimeen Ethernet-kaapelilla tai Wi-Fi kautta.<\/li>\n<li>Kirjoita selaimeesi 192.168.8.1. K\u00e4yt\u00e4 oletusk\u00e4ytt\u00e4j\u00e4nime\u00e4 ja -salasanaa. K\u00e4ytt\u00e4j\u00e4nimi on admin ja salasana on admin.<\/li>\n<li>Voit muuttaa asetuksia reitittimen hallintak\u00e4ytt\u00f6liittym\u00e4ss\u00e4. Suosittelemme pit\u00e4m\u00e4\u00e4n oletusasetukset.<\/li>\n<\/ol>\n<p><strong>Usein kysytyt kysymykset<\/strong><\/p>\n<p><strong>Miten palautan tehdasasetukset?<\/strong><\/p>\n<p>Kun reititin on p\u00e4\u00e4ll\u00e4, paina nollauspainiketta 3 sekuntia, kunnes merkkivalo alkaa vilkkua. Noin 60 sekunnin kuluttua merkkivalo lakkaa vilkkumasta, mik\u00e4 tarkoittaa, ett\u00e4 reititin on suorittanut nollauksen.<\/p>\n<p><strong>Mit\u00e4 teen, jos unohdin Wi-Fi-salasanan tai kirjautumissalasanan?<\/strong><\/p>\n<p>Palauta reititin tehdasasetuksiin ja k\u00e4yt\u00e4 oletus Wi-Fi-salasanaa ja kirjautumistietoja.<\/p>\n<p><strong>Mit\u00e4 teen, jos reititin ei voi yhdist\u00e4\u00e4 Internetiin?<\/strong><\/p>\n<ul>\n<li>Varmista, ett\u00e4 SIM-kortti on asennettu oikein.<\/li>\n<li>Tarkista, ett\u00e4 SIM-korttisi on aktiivinen.<\/li>\n<li>Varmista, ett\u00e4 reititin on p\u00e4\u00e4ll\u00e4.<\/li>\n<li>Tarkista, ett\u00e4 reitittimen virtavalo palaa.<\/li>\n<\/ul>\n<p><strong>Mit\u00e4 teen, jos reititin ei voi yhdist\u00e4\u00e4 5G-verkkoon?<\/strong><\/p>\n<ul>\n<li>Tarkista, onko SIM-korttisi aktiivinen.<\/li>\n<li>Varmista, ett\u00e4 alueellasi on mobiiliverkkoyhteys.<\/li>\n<\/ul>\n<p><strong>Miten tied\u00e4n, ett\u00e4 reititin on yhdistetty 5G-verkkoon?<\/strong><\/p>\n<p>Jos 5G-valo on vihre\u00e4, 5G-verkko on yhdistetty.<\/p>\n<p><strong>Mit\u00e4 teen, jos en p\u00e4\u00e4se k\u00e4siksi reitittimen hallintak\u00e4ytt\u00f6liittym\u00e4\u00e4n?<\/strong><\/p>\n<ul>\n<li>Varmista, ett\u00e4 tietokoneesi on yhdistetty reitittimeen Ethernet-kaapelilla tai Wi-Fi kautta.<\/li>\n<li>Varmista, ett\u00e4 tietokoneesi on asetettu saamaan IP-osoite ja DNS-palvelinosoite automaattisesti.<\/li>\n<li>K\u00e4ynnist\u00e4 selain uudelleen tai kokeile toista selainta.<\/li>\n<li>Jos ongelma jatkuu, palauta reititin tehdasasetuksiin.<\/li>\n<li>K\u00e4ynnist\u00e4 tietokone uudelleen.<\/li>\n<\/ul>\n\n\t\t<\/div>\n\t\t\t\t\t<\/div>\n\n\t\n\n<\/div>\n\n","protected":false},"excerpt":{"rendered":"","protected":false},"author":153,"featured_media":0,"parent":0,"menu_order":0,"comment_status":"closed","ping_status":"closed","template":"","meta":{"_acf_changed":false,"footnotes":""},"class_list":["post-29104","page","type-page","status-publish","hentry"],"acf":[],"yoast_head":"<!-- This site is optimized with the Yoast SEO plugin v27.1.1 - https:\/\/yoast.com\/product\/yoast-seo-wordpress\/ -->\n<title>Pikaopas - WIFI.SE\/ES<\/title>\n<meta name=\"robots\" content=\"index, follow, max-snippet:-1, max-image-preview:large, max-video-preview:-1\" \/>\n<link rel=\"canonical\" href=\"https:\/\/wifi.se\/es\/pikaopas\/\" \/>\n<meta property=\"og:locale\" content=\"es_ES\" \/>\n<meta property=\"og:type\" content=\"article\" \/>\n<meta property=\"og:title\" content=\"Pikaopas - WIFI.SE\/ES\" \/>\n<meta property=\"og:url\" content=\"https:\/\/wifi.se\/es\/pikaopas\/\" \/>\n<meta property=\"og:site_name\" content=\"WIFI.SE\/ES\" \/>\n<meta property=\"article:modified_time\" content=\"2024-10-08T13:25:30+00:00\" \/>\n<meta name=\"twitter:card\" content=\"summary_large_image\" \/>\n<script type=\"application\/ld+json\" class=\"yoast-schema-graph\">{\"@context\":\"https:\/\/schema.org\",\"@graph\":[{\"@type\":\"WebPage\",\"@id\":\"https:\/\/wifi.se\/es\/pikaopas\/\",\"url\":\"https:\/\/wifi.se\/es\/pikaopas\/\",\"name\":\"Pikaopas - WIFI.SE\/ES\",\"isPartOf\":{\"@id\":\"https:\/\/wifi.se\/es\/#website\"},\"datePublished\":\"2024-08-18T16:12:15+00:00\",\"dateModified\":\"2024-10-08T13:25:30+00:00\",\"breadcrumb\":{\"@id\":\"https:\/\/wifi.se\/es\/pikaopas\/#breadcrumb\"},\"inLanguage\":\"es\",\"potentialAction\":[{\"@type\":\"ReadAction\",\"target\":[\"https:\/\/wifi.se\/es\/pikaopas\/\"]}]},{\"@type\":\"BreadcrumbList\",\"@id\":\"https:\/\/wifi.se\/es\/pikaopas\/#breadcrumb\",\"itemListElement\":[{\"@type\":\"ListItem\",\"position\":1,\"name\":\"Hem\",\"item\":\"https:\/\/wifi.se\/es\/\"},{\"@type\":\"ListItem\",\"position\":2,\"name\":\"Pikaopas\"}]},{\"@type\":\"WebSite\",\"@id\":\"https:\/\/wifi.se\/es\/#website\",\"url\":\"https:\/\/wifi.se\/es\/\",\"name\":\"WIFI.SE\/ES\",\"description\":\"INTERNET EN TODAS PARTES\",\"potentialAction\":[{\"@type\":\"SearchAction\",\"target\":{\"@type\":\"EntryPoint\",\"urlTemplate\":\"https:\/\/wifi.se\/es\/?s={search_term_string}\"},\"query-input\":{\"@type\":\"PropertyValueSpecification\",\"valueRequired\":true,\"valueName\":\"search_term_string\"}}],\"inLanguage\":\"es\"}]}<\/script>\n<!-- \/ Yoast SEO plugin. -->","yoast_head_json":{"title":"Pikaopas - WIFI.SE\/ES","robots":{"index":"index","follow":"follow","max-snippet":"max-snippet:-1","max-image-preview":"max-image-preview:large","max-video-preview":"max-video-preview:-1"},"canonical":"https:\/\/wifi.se\/es\/pikaopas\/","og_locale":"es_ES","og_type":"article","og_title":"Pikaopas - WIFI.SE\/ES","og_url":"https:\/\/wifi.se\/es\/pikaopas\/","og_site_name":"WIFI.SE\/ES","article_modified_time":"2024-10-08T13:25:30+00:00","twitter_card":"summary_large_image","schema":{"@context":"https:\/\/schema.org","@graph":[{"@type":"WebPage","@id":"https:\/\/wifi.se\/es\/pikaopas\/","url":"https:\/\/wifi.se\/es\/pikaopas\/","name":"Pikaopas - WIFI.SE\/ES","isPartOf":{"@id":"https:\/\/wifi.se\/es\/#website"},"datePublished":"2024-08-18T16:12:15+00:00","dateModified":"2024-10-08T13:25:30+00:00","breadcrumb":{"@id":"https:\/\/wifi.se\/es\/pikaopas\/#breadcrumb"},"inLanguage":"es","potentialAction":[{"@type":"ReadAction","target":["https:\/\/wifi.se\/es\/pikaopas\/"]}]},{"@type":"BreadcrumbList","@id":"https:\/\/wifi.se\/es\/pikaopas\/#breadcrumb","itemListElement":[{"@type":"ListItem","position":1,"name":"Hem","item":"https:\/\/wifi.se\/es\/"},{"@type":"ListItem","position":2,"name":"Pikaopas"}]},{"@type":"WebSite","@id":"https:\/\/wifi.se\/es\/#website","url":"https:\/\/wifi.se\/es\/","name":"WIFI.SE\/ES","description":"INTERNET EN TODAS PARTES","potentialAction":[{"@type":"SearchAction","target":{"@type":"EntryPoint","urlTemplate":"https:\/\/wifi.se\/es\/?s={search_term_string}"},"query-input":{"@type":"PropertyValueSpecification","valueRequired":true,"valueName":"search_term_string"}}],"inLanguage":"es"}]}},"_links":{"self":[{"href":"https:\/\/wifi.se\/es\/wp-json\/wp\/v2\/pages\/29104","targetHints":{"allow":["GET"]}}],"collection":[{"href":"https:\/\/wifi.se\/es\/wp-json\/wp\/v2\/pages"}],"about":[{"href":"https:\/\/wifi.se\/es\/wp-json\/wp\/v2\/types\/page"}],"author":[{"embeddable":true,"href":"https:\/\/wifi.se\/es\/wp-json\/wp\/v2\/users\/153"}],"replies":[{"embeddable":true,"href":"https:\/\/wifi.se\/es\/wp-json\/wp\/v2\/comments?post=29104"}],"version-history":[{"count":2,"href":"https:\/\/wifi.se\/es\/wp-json\/wp\/v2\/pages\/29104\/revisions"}],"predecessor-version":[{"id":30549,"href":"https:\/\/wifi.se\/es\/wp-json\/wp\/v2\/pages\/29104\/revisions\/30549"}],"wp:attachment":[{"href":"https:\/\/wifi.se\/es\/wp-json\/wp\/v2\/media?parent=29104"}],"curies":[{"name":"wp","href":"https:\/\/api.w.org\/{rel}","templated":true}]}}