{"id":28853,"date":"2024-08-09T13:48:02","date_gmt":"2024-08-09T11:48:02","guid":{"rendered":"https:\/\/wifi.se\/?page_id=28853"},"modified":"2025-02-26T00:38:53","modified_gmt":"2025-02-25T22:38:53","slug":"esim","status":"publish","type":"page","link":"https:\/\/wifi.se\/es\/esim\/","title":{"rendered":"eSIM"},"content":{"rendered":"\n\t<section class=\"section\" id=\"section_1456237335\">\n\t\t<div class=\"section-bg fill\" >\n\t\t\t<img loading=\"lazy\" decoding=\"async\" width=\"1920\" height=\"1080\" src=\"https:\/\/wifi.se\/es\/wp-content\/uploads\/sites\/5\/2024\/08\/esim_bg2.jpg\" class=\"bg attachment-original size-original\" alt=\"\" \/>\t\t\t\t\t\t\n\t\t\t\n\n\t\t<\/div>\n\n\t\t\n\n\t\t<div class=\"section-content relative\">\n\t\t\t\n<div class=\"row align-center\"  id=\"row-142025087\">\n\n\t<div id=\"col-314538754\" class=\"col small-12 large-12\"  >\n\t\t\t\t<div class=\"col-inner\"  >\n\t\t\t\n\t\t\t\n\t<div id=\"gap-1293109391\" class=\"gap-element clearfix\" style=\"display:block; height:auto;\">\n\t\t\n<style>\n#gap-1293109391 {\n  padding-top: 29px;\n}\n@media (min-width:550px) {\n  #gap-1293109391 {\n    padding-top: 75px;\n  }\n}\n<\/style>\n\t<\/div>\n\t\n\t<div id=\"text-1196052075\" class=\"text\">\n\t\t\n<h1 class=\"p1\">\u00a1Descubre nuestras nuevas soluciones eSIM para un roaming sin interrupciones en Europa!<\/h1>\n\t\t\n<style>\n#text-1196052075 {\n  text-align: center;\n}\n<\/style>\n\t<\/div>\n\t\n<div class=\"row align-center\"  id=\"row-2007203971\">\n\n\t<div id=\"col-1539648482\" class=\"col medium-8 small-12 large-8\"  >\n\t\t\t\t<div class=\"col-inner\"  >\n\t\t\t\n\t\t\t\n\t<div id=\"text-3058202286\" class=\"text\">\n\t\t\n<p class=\"p1\"><b>\u00a1En Wifi.se ahora ofrecemos nuestras populares SIMs de roaming en formato eSIM!<\/b><span class=\"s1\">\u00a0<\/span><\/p>\n<p class=\"p3\">Con nuestras <span class=\"s2\">eSIMs<\/span>, disfrutas de los mismos <span class=\"s2\">servicios y paquetes de datos<\/span> que con nuestras SIMs f\u00edsicas, pero con <span class=\"s2\">mayor comodidad y facilidad de uso<\/span>.<\/p>\n<ul>\n<li class=\"p1\">Sin necesidad de una SIM f\u00edsica<\/li>\n<li class=\"p1\">Activaci\u00f3n instant\u00e1nea<\/li>\n<li class=\"p1\">Ideal para viajeros y usuarios de m\u00faltiples dispositivos<b><\/b><\/li>\n<\/ul>\n<p class=\"p3\">\u00a1Con\u00e9ctate sin l\u00edmites en Europa con nuestra eSIM!<\/p>\n\t\t\n<style>\n#text-3058202286 {\n  text-align: center;\n}\n<\/style>\n\t<\/div>\n\t\n<div class=\"row align-center\"  id=\"row-345073551\">\n\n\t<div id=\"col-303181787\" class=\"col medium-4 small-9 large-4\"  >\n\t\t\t\t<div class=\"col-inner\"  >\n\t\t\t\n\t\t\t\n\n\t\t<div class=\"icon-box featured-box icon-box-left text-left\"  >\n\t\t\t\t\t<div class=\"icon-box-img\" style=\"width: 20px\">\n\t\t\t\t<div class=\"icon\">\n\t\t\t\t\t<div class=\"icon-inner\" style=\"color:#22537f;\">\n\t\t\t\t\t\t<?xml version=\"1.0\" encoding=\"UTF-8\"?> <svg xmlns=\"http:\/\/www.w3.org\/2000\/svg\" viewBox=\"0 0 448 512\"><path fill=\"#286092\" d=\"M443.3 100.7c6.2 6.2 6.2 16.4 0 22.6l-272 272c-6.2 6.2-16.4 6.2-22.6 0l-144-144c-6.2-6.2-6.2-16.4 0-22.6s16.4-6.2 22.6 0L160 361.4 420.7 100.7c6.2-6.2 16.4-6.2 22.6 0z\"><\/path><\/svg> \t\t\t\t\t<\/div>\n\t\t\t\t<\/div>\n\t\t\t<\/div>\n\t\t\t\t<div class=\"icon-box-text last-reset\">\n\t\t\t\t\t\t\t\t\t\n<h4 class=\"p1\"><b>\u00a1No necesitas tarjetas f\u00edsicas!<\/b><\/h4>\n\t\t<\/div>\n\t<\/div>\n\t\n\t\n\t\t<\/div>\n\t\t\t\t\t<\/div>\n\n\t\n\n\t<div id=\"col-1748125989\" class=\"col medium-3 small-9 large-3\"  >\n\t\t\t\t<div class=\"col-inner\"  >\n\t\t\t\n\t\t\t\n\n\t\t<div class=\"icon-box featured-box icon-box-left text-left\"  >\n\t\t\t\t\t<div class=\"icon-box-img\" style=\"width: 20px\">\n\t\t\t\t<div class=\"icon\">\n\t\t\t\t\t<div class=\"icon-inner\" style=\"color:#22537f;\">\n\t\t\t\t\t\t<?xml version=\"1.0\" encoding=\"UTF-8\"?> <svg xmlns=\"http:\/\/www.w3.org\/2000\/svg\" viewBox=\"0 0 448 512\"><path fill=\"#286092\" d=\"M443.3 100.7c6.2 6.2 6.2 16.4 0 22.6l-272 272c-6.2 6.2-16.4 6.2-22.6 0l-144-144c-6.2-6.2-6.2-16.4 0-22.6s16.4-6.2 22.6 0L160 361.4 420.7 100.7c6.2-6.2 16.4-6.2 22.6 0z\"><\/path><\/svg> \t\t\t\t\t<\/div>\n\t\t\t\t<\/div>\n\t\t\t<\/div>\n\t\t\t\t<div class=\"icon-box-text last-reset\">\n\t\t\t\t\t\t\t\t\t\n<h4 class=\"p1\"><b>Activaci\u00f3n sencilla<\/b><\/h4>\n\t\t<\/div>\n\t<\/div>\n\t\n\t\n\t\t<\/div>\n\t\t\t\t\t<\/div>\n\n\t\n\n\t<div id=\"col-677939682\" class=\"col medium-4 small-9 large-4\"  >\n\t\t\t\t<div class=\"col-inner\"  >\n\t\t\t\n\t\t\t\n\n\t\t<div class=\"icon-box featured-box icon-box-left text-left\"  >\n\t\t\t\t\t<div class=\"icon-box-img\" style=\"width: 20px\">\n\t\t\t\t<div class=\"icon\">\n\t\t\t\t\t<div class=\"icon-inner\" style=\"color:#22537f;\">\n\t\t\t\t\t\t<?xml version=\"1.0\" encoding=\"UTF-8\"?> <svg xmlns=\"http:\/\/www.w3.org\/2000\/svg\" viewBox=\"0 0 448 512\"><path fill=\"#286092\" d=\"M443.3 100.7c6.2 6.2 6.2 16.4 0 22.6l-272 272c-6.2 6.2-16.4 6.2-22.6 0l-144-144c-6.2-6.2-6.2-16.4 0-22.6s16.4-6.2 22.6 0L160 361.4 420.7 100.7c6.2-6.2 16.4-6.2 22.6 0z\"><\/path><\/svg> \t\t\t\t\t<\/div>\n\t\t\t\t<\/div>\n\t\t\t<\/div>\n\t\t\t\t<div class=\"icon-box-text last-reset\">\n\t\t\t\t\t\t\t\t\t\n<h4 class=\"p1\"><b>Disponible en gran parte de Europa<\/b><\/h4>\n\t\t<\/div>\n\t<\/div>\n\t\n\t\n\t\t<\/div>\n\t\t\t\t\t<\/div>\n\n\t\n<\/div>\n<div class=\"row align-center\"  id=\"row-1145159197\">\n\n\t<div id=\"col-1810246550\" class=\"col medium-5 small-12 large-5\"  >\n\t\t\t\t<div class=\"col-inner\"  >\n\t\t\t\n\t\t\t\n\t\n  \n    <div class=\"row large-columns-1 medium-columns- small-columns- row-small slider row-slider slider-nav-reveal slider-nav-push\"  data-flickity-options='{&quot;imagesLoaded&quot;: true, &quot;groupCells&quot;: &quot;100%&quot;, &quot;dragThreshold&quot; : 5, &quot;cellAlign&quot;: &quot;left&quot;,&quot;wrapAround&quot;: true,&quot;prevNextButtons&quot;: true,&quot;percentPosition&quot;: true,&quot;pageDots&quot;: false, &quot;rightToLeft&quot;: false, &quot;autoPlay&quot; : false}' >\n\n  \n\t     <div class=\"product-small col has-hover product type-product post-31077 status-publish first instock product_cat-esim-5g product_cat-sim-5g-roaming-europa product_tag-400-gb product_tag-esim has-post-thumbnail virtual taxable purchasable product-type-simple\">\n\t<div class=\"col-inner\">\n\t\n<div class=\"badge-container absolute left top z-1\">\n\n<\/div>\n\t<div class=\"product-small box \">\n\t\t<div class=\"box-image\">\n\t\t\t<div class=\"image-fade_in_back\">\n\t\t\t\t<a href=\"https:\/\/wifi.se\/es\/product\/esim-de-roaming-para-europa-con-400-gb-de-datos-5g-a-maxima-velocidad-sin-limites-diarios-activalo-cuando-quieras\/\">\n\t\t\t\t\t<img loading=\"lazy\" decoding=\"async\" width=\"300\" height=\"300\" src=\"https:\/\/wifi.se\/es\/wp-content\/uploads\/sites\/5\/2024\/02\/eSIM_400_ES-300x300.png\" class=\"attachment-woocommerce_thumbnail size-woocommerce_thumbnail\" alt=\"eSIM de roaming para Europa con 400 GB de datos. 5G a m\u00e1xima velocidad, sin l\u00edmites diarios, act\u00edvalo cuando quieras.\" srcset=\"https:\/\/wifi.se\/es\/wp-content\/uploads\/sites\/5\/2024\/02\/eSIM_400_ES-300x300.png 300w, https:\/\/wifi.se\/es\/wp-content\/uploads\/sites\/5\/2024\/02\/eSIM_400_ES-150x150.png 150w, https:\/\/wifi.se\/es\/wp-content\/uploads\/sites\/5\/2024\/02\/eSIM_400_ES-768x768.png 768w, https:\/\/wifi.se\/es\/wp-content\/uploads\/sites\/5\/2024\/02\/eSIM_400_ES-600x600.png 600w, https:\/\/wifi.se\/es\/wp-content\/uploads\/sites\/5\/2024\/02\/eSIM_400_ES-100x100.png 100w, https:\/\/wifi.se\/es\/wp-content\/uploads\/sites\/5\/2024\/02\/eSIM_400_ES-50x50.png 50w, https:\/\/wifi.se\/es\/wp-content\/uploads\/sites\/5\/2024\/02\/eSIM_400_ES-64x64.png 64w, https:\/\/wifi.se\/es\/wp-content\/uploads\/sites\/5\/2024\/02\/eSIM_400_ES.png 800w\" sizes=\"auto, (max-width: 300px) 100vw, 300px\" \/>\t\t\t\t<\/a>\n\t\t\t<\/div>\n\t\t\t<div class=\"image-tools is-small top right show-on-hover\">\n\t\t\t\t\t\t\t<\/div>\n\t\t\t<div class=\"image-tools is-small hide-for-small bottom left show-on-hover\">\n\t\t\t\t\t\t\t<\/div>\n\t\t\t<div class=\"image-tools grid-tools text-center hide-for-small bottom hover-slide-in show-on-hover\">\n\t\t\t\t\t\t\t<\/div>\n\t\t\t\t\t<\/div>\n\n\t\t<div class=\"box-text box-text-products text-center grid-style-2\">\n\t\t\t<div class=\"title-wrapper\"><p class=\"name product-title woocommerce-loop-product__title\"><a href=\"https:\/\/wifi.se\/es\/product\/esim-de-roaming-para-europa-con-400-gb-de-datos-5g-a-maxima-velocidad-sin-limites-diarios-activalo-cuando-quieras\/\" class=\"woocommerce-LoopProduct-link woocommerce-loop-product__link\">eSIM de roaming para Europa con 400 GB de datos. 5G a m\u00e1xima velocidad, sin l\u00edmites diarios, act\u00edvalo cuando quieras.<\/a><\/p><\/div><div class=\"price-wrapper\">\n\t<span class=\"price\"><span class=\"woocommerce-Price-amount amount\"><bdi>4,00&nbsp;<span class=\"woocommerce-Price-currencySymbol\">&euro;<\/span><\/bdi><\/span> <small class=\"woocommerce-price-suffix\">inc. tax<\/small><\/span>\n<\/div><div class=\"add-to-cart-button\"><a href=\"\/es\/wp-json\/wp\/v2\/pages\/28853?add-to-cart=31077\" aria-describedby=\"woocommerce_loop_add_to_cart_link_describedby_31077\" data-quantity=\"1\" class=\"primary is-small mb-0 button product_type_simple add_to_cart_button ajax_add_to_cart is-outline\" data-product_id=\"31077\" data-product_sku=\"\" aria-label=\"A\u00f1adir al carrito: &ldquo;eSIM de roaming para Europa con 400 GB de datos. 5G a m\u00e1xima velocidad, sin l\u00edmites diarios, act\u00edvalo cuando quieras.&rdquo;\" rel=\"nofollow\" data-success_message=\"\u00abeSIM de roaming para Europa con 400 GB de datos. 5G a m\u00e1xima velocidad, sin l\u00edmites diarios, act\u00edvalo cuando quieras.\u00bb se ha a\u00f1adido a tu carrito\">A\u00f1adir al carrito<\/a><\/div>\t<span id=\"woocommerce_loop_add_to_cart_link_describedby_31077\" class=\"screen-reader-text\">\n\t\t\t<\/span>\n\t\t<\/div>\n\t<\/div>\n\t\t<\/div>\n<\/div><\/div>\n\t\t<\/div>\n\t\t\t\t\t<\/div>\n\n\t\n<\/div>\n\t\t<\/div>\n\t\t\t\t\t<\/div>\n\n\t\n<\/div>\n\t<div id=\"text-2643106968\" class=\"text\">\n\t\t\n<h3 class=\"p1\">\u00bfQuieres saber m\u00e1s sobre este servicio?<\/h3>\n\t\t\n<style>\n#text-2643106968 {\n  text-align: center;\n}\n<\/style>\n\t<\/div>\n\t\n<div class=\"row align-center\"  id=\"row-1733976942\">\n\n\t<div id=\"col-861865420\" class=\"col medium-4 small-12 large-4\"  >\n\t\t\t\t<div class=\"col-inner text-center\"  >\n\t\t\t\n\t\t\t\n<a href=\"https:\/\/wifi.se\/es\/contact-us\/\" class=\"button primary\" >\n\t\t<span>cont\u00e1ctanos<\/span>\n\t<\/a>\n\n\t\t<\/div>\n\t\t\t\t\t<\/div>\n\n\t\n<\/div>\n\t<div id=\"gap-665020390\" class=\"gap-element clearfix\" style=\"display:block; height:auto;\">\n\t\t\n<style>\n#gap-665020390 {\n  padding-top: 83px;\n}\n@media (min-width:550px) {\n  #gap-665020390 {\n    padding-top: 145px;\n  }\n}\n@media (min-width:850px) {\n  #gap-665020390 {\n    padding-top: 98px;\n  }\n}\n<\/style>\n\t<\/div>\n\t\n\t\t<\/div>\n\t\t\t\t\t<\/div>\n\n\t\n<\/div>\n\t\t<\/div>\n\n\t\t\n<style>\n#section_1456237335 {\n  padding-top: 0px;\n  padding-bottom: 0px;\n}\n<\/style>\n\t<\/section>\n\t\n","protected":false},"excerpt":{"rendered":"","protected":false},"author":153,"featured_media":0,"parent":0,"menu_order":0,"comment_status":"closed","ping_status":"closed","template":"page-blank.php","meta":{"_acf_changed":false,"footnotes":""},"class_list":["post-28853","page","type-page","status-publish","hentry"],"acf":[],"yoast_head":"<!-- This site is optimized with the Yoast SEO plugin v27.1.1 - https:\/\/yoast.com\/product\/yoast-seo-wordpress\/ -->\n<title>eSIM - WIFI.SE\/ES<\/title>\n<meta name=\"robots\" content=\"index, follow, max-snippet:-1, max-image-preview:large, max-video-preview:-1\" \/>\n<link rel=\"canonical\" href=\"https:\/\/wifi.se\/es\/esim\/\" \/>\n<meta property=\"og:locale\" content=\"es_ES\" \/>\n<meta property=\"og:type\" content=\"article\" \/>\n<meta property=\"og:title\" content=\"eSIM - WIFI.SE\/ES\" \/>\n<meta property=\"og:url\" content=\"https:\/\/wifi.se\/es\/esim\/\" \/>\n<meta property=\"og:site_name\" content=\"WIFI.SE\/ES\" \/>\n<meta property=\"article:modified_time\" content=\"2025-02-25T22:38:53+00:00\" \/>\n<meta name=\"twitter:card\" content=\"summary_large_image\" \/>\n<meta name=\"twitter:label1\" content=\"Tiempo de lectura\" \/>\n\t<meta name=\"twitter:data1\" content=\"1 minuto\" \/>\n<script type=\"application\/ld+json\" class=\"yoast-schema-graph\">{\"@context\":\"https:\/\/schema.org\",\"@graph\":[{\"@type\":\"WebPage\",\"@id\":\"https:\/\/wifi.se\/es\/esim\/\",\"url\":\"https:\/\/wifi.se\/es\/esim\/\",\"name\":\"eSIM - WIFI.SE\/ES\",\"isPartOf\":{\"@id\":\"https:\/\/wifi.se\/es\/#website\"},\"datePublished\":\"2024-08-09T11:48:02+00:00\",\"dateModified\":\"2025-02-25T22:38:53+00:00\",\"breadcrumb\":{\"@id\":\"https:\/\/wifi.se\/es\/esim\/#breadcrumb\"},\"inLanguage\":\"es\",\"potentialAction\":[{\"@type\":\"ReadAction\",\"target\":[\"https:\/\/wifi.se\/es\/esim\/\"]}]},{\"@type\":\"BreadcrumbList\",\"@id\":\"https:\/\/wifi.se\/es\/esim\/#breadcrumb\",\"itemListElement\":[{\"@type\":\"ListItem\",\"position\":1,\"name\":\"Hem\",\"item\":\"https:\/\/wifi.se\/es\/\"},{\"@type\":\"ListItem\",\"position\":2,\"name\":\"eSIM\"}]},{\"@type\":\"WebSite\",\"@id\":\"https:\/\/wifi.se\/es\/#website\",\"url\":\"https:\/\/wifi.se\/es\/\",\"name\":\"WIFI.SE\/ES\",\"description\":\"INTERNET EN TODAS PARTES\",\"potentialAction\":[{\"@type\":\"SearchAction\",\"target\":{\"@type\":\"EntryPoint\",\"urlTemplate\":\"https:\/\/wifi.se\/es\/?s={search_term_string}\"},\"query-input\":{\"@type\":\"PropertyValueSpecification\",\"valueRequired\":true,\"valueName\":\"search_term_string\"}}],\"inLanguage\":\"es\"}]}<\/script>\n<!-- \/ Yoast SEO plugin. -->","yoast_head_json":{"title":"eSIM - WIFI.SE\/ES","robots":{"index":"index","follow":"follow","max-snippet":"max-snippet:-1","max-image-preview":"max-image-preview:large","max-video-preview":"max-video-preview:-1"},"canonical":"https:\/\/wifi.se\/es\/esim\/","og_locale":"es_ES","og_type":"article","og_title":"eSIM - WIFI.SE\/ES","og_url":"https:\/\/wifi.se\/es\/esim\/","og_site_name":"WIFI.SE\/ES","article_modified_time":"2025-02-25T22:38:53+00:00","twitter_card":"summary_large_image","twitter_misc":{"Tiempo de lectura":"1 minuto"},"schema":{"@context":"https:\/\/schema.org","@graph":[{"@type":"WebPage","@id":"https:\/\/wifi.se\/es\/esim\/","url":"https:\/\/wifi.se\/es\/esim\/","name":"eSIM - WIFI.SE\/ES","isPartOf":{"@id":"https:\/\/wifi.se\/es\/#website"},"datePublished":"2024-08-09T11:48:02+00:00","dateModified":"2025-02-25T22:38:53+00:00","breadcrumb":{"@id":"https:\/\/wifi.se\/es\/esim\/#breadcrumb"},"inLanguage":"es","potentialAction":[{"@type":"ReadAction","target":["https:\/\/wifi.se\/es\/esim\/"]}]},{"@type":"BreadcrumbList","@id":"https:\/\/wifi.se\/es\/esim\/#breadcrumb","itemListElement":[{"@type":"ListItem","position":1,"name":"Hem","item":"https:\/\/wifi.se\/es\/"},{"@type":"ListItem","position":2,"name":"eSIM"}]},{"@type":"WebSite","@id":"https:\/\/wifi.se\/es\/#website","url":"https:\/\/wifi.se\/es\/","name":"WIFI.SE\/ES","description":"INTERNET EN TODAS PARTES","potentialAction":[{"@type":"SearchAction","target":{"@type":"EntryPoint","urlTemplate":"https:\/\/wifi.se\/es\/?s={search_term_string}"},"query-input":{"@type":"PropertyValueSpecification","valueRequired":true,"valueName":"search_term_string"}}],"inLanguage":"es"}]}},"_links":{"self":[{"href":"https:\/\/wifi.se\/es\/wp-json\/wp\/v2\/pages\/28853","targetHints":{"allow":["GET"]}}],"collection":[{"href":"https:\/\/wifi.se\/es\/wp-json\/wp\/v2\/pages"}],"about":[{"href":"https:\/\/wifi.se\/es\/wp-json\/wp\/v2\/types\/page"}],"author":[{"embeddable":true,"href":"https:\/\/wifi.se\/es\/wp-json\/wp\/v2\/users\/153"}],"replies":[{"embeddable":true,"href":"https:\/\/wifi.se\/es\/wp-json\/wp\/v2\/comments?post=28853"}],"version-history":[{"count":8,"href":"https:\/\/wifi.se\/es\/wp-json\/wp\/v2\/pages\/28853\/revisions"}],"predecessor-version":[{"id":32451,"href":"https:\/\/wifi.se\/es\/wp-json\/wp\/v2\/pages\/28853\/revisions\/32451"}],"wp:attachment":[{"href":"https:\/\/wifi.se\/es\/wp-json\/wp\/v2\/media?parent=28853"}],"curies":[{"name":"wp","href":"https:\/\/api.w.org\/{rel}","templated":true}]}}