{"id":26931,"date":"2024-06-05T14:01:55","date_gmt":"2024-06-05T12:01:55","guid":{"rendered":"https:\/\/wifi.se\/?page_id=26931"},"modified":"2025-02-25T22:04:17","modified_gmt":"2025-02-25T20:04:17","slug":"especial-espana","status":"publish","type":"page","link":"https:\/\/wifi.se\/es\/home\/especial-espana\/","title":{"rendered":"Especial Espa\u00f1a"},"content":{"rendered":"\n\t<section class=\"section\" id=\"section_368569718\">\n\t\t<div class=\"section-bg fill\" >\n\t\t\t\t\t\t\t\t\t\n\t\t\t\n\n\t\t<\/div>\n\n\t\t\n\n\t\t<div class=\"section-content relative\">\n\t\t\t\n<div class=\"row align-center\"  id=\"row-1294843569\">\n\n\t<div id=\"col-1469579250\" class=\"col medium-6 small-12 large-6\"  >\n\t\t\t\t<div class=\"col-inner\"  >\n\t\t\t\n\t\t\t\n<h2 class=\"p1\">Tarjeta SIM 5G para Europa<\/h2>\n<p class=\"p1\"><b>Descubre nuestra SIM dise\u00f1ada para toda Europa<\/b><span class=\"s1\">, con <\/span><b>conexi\u00f3n 5G ultrarr\u00e1pida<\/b><span class=\"s1\"> y opciones de datos flexibles. <\/span><\/p>\n<a href=\"https:\/\/wifi.se\/es\/product-category\/sim-kort\/sim-roaming-europa\/\" class=\"button primary\" >\n\t\t<span>a\u00f1adir al carrito<\/span>\n\t<\/a>\n\n\t\t<\/div>\n\t\t\t\t\t<\/div>\n\n\t\n\n\t<div id=\"col-1744404447\" class=\"col medium-4 small-12 large-4\"  >\n\t\t\t\t<div class=\"col-inner\"  >\n\t\t\t\n\t\t\t\n\t<div class=\"img has-hover x md-x lg-x y md-y lg-y\" id=\"image_7500525\">\n\t\t\t\t\t\t\t\t<div class=\"img-inner dark\" >\n\t\t\t<img loading=\"lazy\" decoding=\"async\" width=\"1024\" height=\"768\" src=\"https:\/\/wifi.se\/es\/wp-content\/uploads\/sites\/5\/2024\/04\/PRODUCT_SPAIN.png\" class=\"attachment-original size-original\" alt=\"400 GB SPECIAL SPAIN\" srcset=\"https:\/\/wifi.se\/es\/wp-content\/uploads\/sites\/5\/2024\/04\/PRODUCT_SPAIN.png 1024w, https:\/\/wifi.se\/es\/wp-content\/uploads\/sites\/5\/2024\/04\/PRODUCT_SPAIN-510x383.png 510w, https:\/\/wifi.se\/es\/wp-content\/uploads\/sites\/5\/2024\/04\/PRODUCT_SPAIN-64x48.png 64w, https:\/\/wifi.se\/es\/wp-content\/uploads\/sites\/5\/2024\/04\/PRODUCT_SPAIN-300x225.png 300w, https:\/\/wifi.se\/es\/wp-content\/uploads\/sites\/5\/2024\/04\/PRODUCT_SPAIN-768x576.png 768w, https:\/\/wifi.se\/es\/wp-content\/uploads\/sites\/5\/2024\/04\/PRODUCT_SPAIN-200x150.png 200w, https:\/\/wifi.se\/es\/wp-content\/uploads\/sites\/5\/2024\/04\/PRODUCT_SPAIN-400x300.png 400w, https:\/\/wifi.se\/es\/wp-content\/uploads\/sites\/5\/2024\/04\/PRODUCT_SPAIN-600x450.png 600w, https:\/\/wifi.se\/es\/wp-content\/uploads\/sites\/5\/2024\/04\/PRODUCT_SPAIN-800x600.png 800w\" sizes=\"auto, (max-width: 1024px) 100vw, 1024px\" \/>\t\t\t\t\t\t\n\t\t\t\t\t<\/div>\n\t\t\t\t\t\t\t\t\n<style>\n#image_7500525 {\n  width: 100%;\n}\n<\/style>\n\t<\/div>\n\t\n\t\t<\/div>\n\t\t\t\t\t<\/div>\n\n\t\n<\/div>\n\t\t<\/div>\n\n\t\t\n<style>\n#section_368569718 {\n  padding-top: 76px;\n  padding-bottom: 76px;\n}\n<\/style>\n\t<\/section>\n\t\n","protected":false},"excerpt":{"rendered":"","protected":false},"author":153,"featured_media":0,"parent":398,"menu_order":0,"comment_status":"closed","ping_status":"closed","template":"page-blank.php","meta":{"_acf_changed":false,"footnotes":""},"class_list":["post-26931","page","type-page","status-publish","hentry"],"acf":[],"yoast_head":"<!-- This site is optimized with the Yoast SEO plugin v27.1.1 - https:\/\/yoast.com\/product\/yoast-seo-wordpress\/ -->\n<title>Especial Espa\u00f1a - WIFI.SE\/ES<\/title>\n<meta name=\"description\" content=\"Descubre nuestra tarjeta SIM 5G dise\u00f1ada para toda Europa, con conexi\u00f3n 5G ultrarr\u00e1pida y opciones de datos flexibles.\" \/>\n<meta name=\"robots\" content=\"index, follow, max-snippet:-1, max-image-preview:large, max-video-preview:-1\" \/>\n<link rel=\"canonical\" href=\"https:\/\/wifi.se\/es\/home\/especial-espana\/\" \/>\n<meta property=\"og:locale\" content=\"es_ES\" \/>\n<meta property=\"og:type\" content=\"article\" \/>\n<meta property=\"og:title\" content=\"Especial Espa\u00f1a - WIFI.SE\/ES\" \/>\n<meta property=\"og:description\" content=\"Descubre nuestra tarjeta SIM 5G dise\u00f1ada para toda Europa, con conexi\u00f3n 5G ultrarr\u00e1pida y opciones de datos flexibles.\" \/>\n<meta property=\"og:url\" content=\"https:\/\/wifi.se\/es\/home\/especial-espana\/\" \/>\n<meta property=\"og:site_name\" content=\"WIFI.SE\/ES\" \/>\n<meta property=\"article:modified_time\" content=\"2025-02-25T20:04:17+00:00\" \/>\n<meta name=\"twitter:card\" content=\"summary_large_image\" \/>\n<meta name=\"twitter:label1\" content=\"Tiempo de lectura\" \/>\n\t<meta name=\"twitter:data1\" content=\"1 minuto\" \/>\n<script type=\"application\/ld+json\" class=\"yoast-schema-graph\">{\"@context\":\"https:\/\/schema.org\",\"@graph\":[{\"@type\":\"WebPage\",\"@id\":\"https:\/\/wifi.se\/es\/home\/especial-espana\/\",\"url\":\"https:\/\/wifi.se\/es\/home\/especial-espana\/\",\"name\":\"Especial Espa\u00f1a - WIFI.SE\/ES\",\"isPartOf\":{\"@id\":\"https:\/\/wifi.se\/es\/#website\"},\"datePublished\":\"2024-06-05T12:01:55+00:00\",\"dateModified\":\"2025-02-25T20:04:17+00:00\",\"description\":\"Descubre nuestra tarjeta SIM 5G dise\u00f1ada para toda Europa, con conexi\u00f3n 5G ultrarr\u00e1pida y opciones de datos flexibles.\",\"breadcrumb\":{\"@id\":\"https:\/\/wifi.se\/es\/home\/especial-espana\/#breadcrumb\"},\"inLanguage\":\"es\",\"potentialAction\":[{\"@type\":\"ReadAction\",\"target\":[\"https:\/\/wifi.se\/es\/home\/especial-espana\/\"]}]},{\"@type\":\"BreadcrumbList\",\"@id\":\"https:\/\/wifi.se\/es\/home\/especial-espana\/#breadcrumb\",\"itemListElement\":[{\"@type\":\"ListItem\",\"position\":1,\"name\":\"Hem\",\"item\":\"https:\/\/wifi.se\/es\/\"},{\"@type\":\"ListItem\",\"position\":2,\"name\":\"Banda ancha m\u00f3vil 5G para Europa &#8211; Roaming y datos sin fronteras en el extranjero\",\"item\":\"https:\/\/wifi.se\/es\/\"},{\"@type\":\"ListItem\",\"position\":3,\"name\":\"Especial Espa\u00f1a\"}]},{\"@type\":\"WebSite\",\"@id\":\"https:\/\/wifi.se\/es\/#website\",\"url\":\"https:\/\/wifi.se\/es\/\",\"name\":\"WIFI.SE\/ES\",\"description\":\"INTERNET EN TODAS PARTES\",\"potentialAction\":[{\"@type\":\"SearchAction\",\"target\":{\"@type\":\"EntryPoint\",\"urlTemplate\":\"https:\/\/wifi.se\/es\/?s={search_term_string}\"},\"query-input\":{\"@type\":\"PropertyValueSpecification\",\"valueRequired\":true,\"valueName\":\"search_term_string\"}}],\"inLanguage\":\"es\"}]}<\/script>\n<!-- \/ Yoast SEO plugin. -->","yoast_head_json":{"title":"Especial Espa\u00f1a - WIFI.SE\/ES","description":"Descubre nuestra tarjeta SIM 5G dise\u00f1ada para toda Europa, con conexi\u00f3n 5G ultrarr\u00e1pida y opciones de datos flexibles.","robots":{"index":"index","follow":"follow","max-snippet":"max-snippet:-1","max-image-preview":"max-image-preview:large","max-video-preview":"max-video-preview:-1"},"canonical":"https:\/\/wifi.se\/es\/home\/especial-espana\/","og_locale":"es_ES","og_type":"article","og_title":"Especial Espa\u00f1a - WIFI.SE\/ES","og_description":"Descubre nuestra tarjeta SIM 5G dise\u00f1ada para toda Europa, con conexi\u00f3n 5G ultrarr\u00e1pida y opciones de datos flexibles.","og_url":"https:\/\/wifi.se\/es\/home\/especial-espana\/","og_site_name":"WIFI.SE\/ES","article_modified_time":"2025-02-25T20:04:17+00:00","twitter_card":"summary_large_image","twitter_misc":{"Tiempo de lectura":"1 minuto"},"schema":{"@context":"https:\/\/schema.org","@graph":[{"@type":"WebPage","@id":"https:\/\/wifi.se\/es\/home\/especial-espana\/","url":"https:\/\/wifi.se\/es\/home\/especial-espana\/","name":"Especial Espa\u00f1a - WIFI.SE\/ES","isPartOf":{"@id":"https:\/\/wifi.se\/es\/#website"},"datePublished":"2024-06-05T12:01:55+00:00","dateModified":"2025-02-25T20:04:17+00:00","description":"Descubre nuestra tarjeta SIM 5G dise\u00f1ada para toda Europa, con conexi\u00f3n 5G ultrarr\u00e1pida y opciones de datos flexibles.","breadcrumb":{"@id":"https:\/\/wifi.se\/es\/home\/especial-espana\/#breadcrumb"},"inLanguage":"es","potentialAction":[{"@type":"ReadAction","target":["https:\/\/wifi.se\/es\/home\/especial-espana\/"]}]},{"@type":"BreadcrumbList","@id":"https:\/\/wifi.se\/es\/home\/especial-espana\/#breadcrumb","itemListElement":[{"@type":"ListItem","position":1,"name":"Hem","item":"https:\/\/wifi.se\/es\/"},{"@type":"ListItem","position":2,"name":"Banda ancha m\u00f3vil 5G para Europa &#8211; Roaming y datos sin fronteras en el extranjero","item":"https:\/\/wifi.se\/es\/"},{"@type":"ListItem","position":3,"name":"Especial Espa\u00f1a"}]},{"@type":"WebSite","@id":"https:\/\/wifi.se\/es\/#website","url":"https:\/\/wifi.se\/es\/","name":"WIFI.SE\/ES","description":"INTERNET EN TODAS PARTES","potentialAction":[{"@type":"SearchAction","target":{"@type":"EntryPoint","urlTemplate":"https:\/\/wifi.se\/es\/?s={search_term_string}"},"query-input":{"@type":"PropertyValueSpecification","valueRequired":true,"valueName":"search_term_string"}}],"inLanguage":"es"}]}},"_links":{"self":[{"href":"https:\/\/wifi.se\/es\/wp-json\/wp\/v2\/pages\/26931","targetHints":{"allow":["GET"]}}],"collection":[{"href":"https:\/\/wifi.se\/es\/wp-json\/wp\/v2\/pages"}],"about":[{"href":"https:\/\/wifi.se\/es\/wp-json\/wp\/v2\/types\/page"}],"author":[{"embeddable":true,"href":"https:\/\/wifi.se\/es\/wp-json\/wp\/v2\/users\/153"}],"replies":[{"embeddable":true,"href":"https:\/\/wifi.se\/es\/wp-json\/wp\/v2\/comments?post=26931"}],"version-history":[{"count":6,"href":"https:\/\/wifi.se\/es\/wp-json\/wp\/v2\/pages\/26931\/revisions"}],"predecessor-version":[{"id":32440,"href":"https:\/\/wifi.se\/es\/wp-json\/wp\/v2\/pages\/26931\/revisions\/32440"}],"up":[{"embeddable":true,"href":"https:\/\/wifi.se\/es\/wp-json\/wp\/v2\/pages\/398"}],"wp:attachment":[{"href":"https:\/\/wifi.se\/es\/wp-json\/wp\/v2\/media?parent=26931"}],"curies":[{"name":"wp","href":"https:\/\/api.w.org\/{rel}","templated":true}]}}