{"id":30327,"date":"2024-10-08T10:48:45","date_gmt":"2024-10-08T08:48:45","guid":{"rendered":"https:\/\/wifi.se\/?page_id=30327"},"modified":"2024-10-08T10:49:34","modified_gmt":"2024-10-08T08:49:34","slug":"maintence-mode","status":"publish","type":"page","link":"https:\/\/wifi.se\/en\/maintence-mode\/","title":{"rendered":"Maintence mode"},"content":{"rendered":"\n\t<section class=\"section\" id=\"section_1942876967\">\n\t\t<div class=\"section-bg fill\" >\n\t\t\t\t\t\t\t\t\t\n\t\t\t\n\n\t\t<\/div>\n\n\t\t\n\n\t\t<div class=\"section-content relative\">\n\t\t\t\n<div class=\"row align-center\"  id=\"row-226232017\">\n\n\t<div id=\"col-635009397\" class=\"col medium-2 small-4 large-2\"  >\n\t\t\t\t<div class=\"col-inner\"  >\n\t\t\t\n\t\t\t\n\t<div class=\"img has-hover x md-x lg-x y md-y lg-y\" id=\"image_1994142010\">\n\t\t\t\t\t\t\t\t<div class=\"img-inner dark\" >\n\t\t\t<img loading=\"lazy\" decoding=\"async\" width=\"512\" height=\"512\" src=\"https:\/\/wifi.se\/en\/wp-content\/uploads\/sites\/4\/2024\/08\/logo.png\" class=\"attachment-original size-original\" alt=\"\" srcset=\"https:\/\/wifi.se\/en\/wp-content\/uploads\/sites\/4\/2024\/08\/logo.png 512w, https:\/\/wifi.se\/en\/wp-content\/uploads\/sites\/4\/2024\/08\/logo-100x100.png 100w, https:\/\/wifi.se\/en\/wp-content\/uploads\/sites\/4\/2024\/08\/logo-510x510.png 510w, https:\/\/wifi.se\/en\/wp-content\/uploads\/sites\/4\/2024\/08\/logo-64x64.png 64w, https:\/\/wifi.se\/en\/wp-content\/uploads\/sites\/4\/2024\/08\/logo-300x300.png 300w, https:\/\/wifi.se\/en\/wp-content\/uploads\/sites\/4\/2024\/08\/logo-150x150.png 150w, https:\/\/wifi.se\/en\/wp-content\/uploads\/sites\/4\/2024\/08\/logo-66x66.png 66w, https:\/\/wifi.se\/en\/wp-content\/uploads\/sites\/4\/2024\/08\/logo-200x200.png 200w, https:\/\/wifi.se\/en\/wp-content\/uploads\/sites\/4\/2024\/08\/logo-400x400.png 400w\" sizes=\"auto, (max-width: 512px) 100vw, 512px\" \/>\t\t\t\t\t\t\n\t\t\t\t\t<\/div>\n\t\t\t\t\t\t\t\t\n<style>\n#image_1994142010 {\n  width: 100%;\n}\n<\/style>\n\t<\/div>\n\t\n\t\t<\/div>\n\t\t\t\t\t<\/div>\n\n\t\n<\/div>\n<div class=\"row align-center\"  id=\"row-1261640310\">\n\n\t<div id=\"col-593885267\" class=\"col medium-8 small-12 large-8\"  >\n\t\t\t\t<div class=\"col-inner\"  >\n\t\t\t\n\t\t\t\n\t<div id=\"text-4179267404\" class=\"text\">\n\t\t\n<h2>Uppdatering p\u00e5g\u00e5r!<\/h2>\n<p>Just nu p\u00e5g\u00e5r en st\u00f6rre uppdatering av Wifi.se. Var v\u00e4nligen \u00e5terkom senare under dagen.<br \/>\nNi kan fortfarande komma \u00e5t Mina sidor. Det g\u00f6r ni via knappen nedan<\/p>\n\t\t\n<style>\n#text-4179267404 {\n  text-align: center;\n}\n<\/style>\n\t<\/div>\n\t\n<div class=\"row\"  id=\"row-1967051765\">\n\n\t<div id=\"col-1721806253\" class=\"col small-12 large-12\"  >\n\t\t\t\t<div class=\"col-inner text-center\"  >\n\t\t\t\n\t\t\t\n<a href=\"https:\/\/my.wifi.se\/login?next=\/\" target=\"_blank\" class=\"button primary\" rel=\"noopener\" >\n\t\t<span>Till mina sidor<\/span>\n\t<\/a>\n\n\t\t<\/div>\n\t\t\t\t\t<\/div>\n\n\t\n<\/div>\n<div class=\"row\"  id=\"row-1966718170\">\n\n\t<div id=\"col-1866202603\" class=\"col small-12 large-12\"  >\n\t\t\t\t<div class=\"col-inner\"  >\n\t\t\t\n\t\t\t\n\t<div id=\"text-1519103199\" class=\"text\">\n\t\t\n<p>Har ni n\u00e5gra fr\u00e5gor? Kontakta oss p\u00e5 <a href=\"mailto:info@wifi.se\"><span style=\"text-decoration: underline;\">info@wifi.se<\/span><\/a><\/p>\n\t\t\n<style>\n#text-1519103199 {\n  text-align: center;\n}\n<\/style>\n\t<\/div>\n\t\n\t\t<\/div>\n\t\t\t\t\t<\/div>\n\n\t\n<\/div>\n\t\t<\/div>\n\t\t\t\t\t<\/div>\n\n\t\n<\/div>\n\t\t<\/div>\n\n\t\t\n<style>\n#section_1942876967 {\n  padding-top: 83px;\n  padding-bottom: 83px;\n}\n@media (min-width:550px) {\n  #section_1942876967 {\n    padding-top: 149px;\n    padding-bottom: 149px;\n  }\n}\n<\/style>\n\t<\/section>\n\t\n","protected":false},"excerpt":{"rendered":"","protected":false},"author":158,"featured_media":0,"parent":0,"menu_order":0,"comment_status":"closed","ping_status":"closed","template":"page-blank-landingpage.php","meta":{"_acf_changed":false,"footnotes":""},"class_list":["post-30327","page","type-page","status-publish","hentry"],"acf":[],"yoast_head":"<!-- This site is optimized with the Yoast SEO plugin v27.1.1 - https:\/\/yoast.com\/product\/yoast-seo-wordpress\/ -->\n<title>Maintence mode - WIFI.SE\/EN<\/title>\n<meta name=\"robots\" content=\"index, follow, max-snippet:-1, max-image-preview:large, max-video-preview:-1\" \/>\n<link rel=\"canonical\" href=\"https:\/\/wifi.se\/en\/maintence-mode\/\" \/>\n<meta property=\"og:locale\" content=\"en_US\" \/>\n<meta property=\"og:type\" content=\"article\" \/>\n<meta property=\"og:title\" content=\"Maintence mode - WIFI.SE\/EN\" \/>\n<meta property=\"og:url\" content=\"https:\/\/wifi.se\/en\/maintence-mode\/\" \/>\n<meta property=\"og:site_name\" content=\"WIFI.SE\/EN\" \/>\n<meta property=\"article:modified_time\" content=\"2024-10-08T08:49:34+00:00\" \/>\n<meta name=\"twitter:card\" content=\"summary_large_image\" \/>\n<script type=\"application\/ld+json\" class=\"yoast-schema-graph\">{\"@context\":\"https:\/\/schema.org\",\"@graph\":[{\"@type\":\"WebPage\",\"@id\":\"https:\/\/wifi.se\/en\/maintence-mode\/\",\"url\":\"https:\/\/wifi.se\/en\/maintence-mode\/\",\"name\":\"Maintence mode - WIFI.SE\/EN\",\"isPartOf\":{\"@id\":\"https:\/\/wifi.se\/en\/#website\"},\"datePublished\":\"2024-10-08T08:48:45+00:00\",\"dateModified\":\"2024-10-08T08:49:34+00:00\",\"breadcrumb\":{\"@id\":\"https:\/\/wifi.se\/en\/maintence-mode\/#breadcrumb\"},\"inLanguage\":\"en-US\",\"potentialAction\":[{\"@type\":\"ReadAction\",\"target\":[\"https:\/\/wifi.se\/en\/maintence-mode\/\"]}]},{\"@type\":\"BreadcrumbList\",\"@id\":\"https:\/\/wifi.se\/en\/maintence-mode\/#breadcrumb\",\"itemListElement\":[{\"@type\":\"ListItem\",\"position\":1,\"name\":\"Hem\",\"item\":\"https:\/\/wifi.se\/en\/\"},{\"@type\":\"ListItem\",\"position\":2,\"name\":\"Maintence mode\"}]},{\"@type\":\"WebSite\",\"@id\":\"https:\/\/wifi.se\/en\/#website\",\"url\":\"https:\/\/wifi.se\/en\/\",\"name\":\"WIFI.SE\/EN\",\"description\":\"INTERNET \u00d6VERALLT\",\"potentialAction\":[{\"@type\":\"SearchAction\",\"target\":{\"@type\":\"EntryPoint\",\"urlTemplate\":\"https:\/\/wifi.se\/en\/?s={search_term_string}\"},\"query-input\":{\"@type\":\"PropertyValueSpecification\",\"valueRequired\":true,\"valueName\":\"search_term_string\"}}],\"inLanguage\":\"en-US\"}]}<\/script>\n<!-- \/ Yoast SEO plugin. -->","yoast_head_json":{"title":"Maintence mode - WIFI.SE\/EN","robots":{"index":"index","follow":"follow","max-snippet":"max-snippet:-1","max-image-preview":"max-image-preview:large","max-video-preview":"max-video-preview:-1"},"canonical":"https:\/\/wifi.se\/en\/maintence-mode\/","og_locale":"en_US","og_type":"article","og_title":"Maintence mode - WIFI.SE\/EN","og_url":"https:\/\/wifi.se\/en\/maintence-mode\/","og_site_name":"WIFI.SE\/EN","article_modified_time":"2024-10-08T08:49:34+00:00","twitter_card":"summary_large_image","schema":{"@context":"https:\/\/schema.org","@graph":[{"@type":"WebPage","@id":"https:\/\/wifi.se\/en\/maintence-mode\/","url":"https:\/\/wifi.se\/en\/maintence-mode\/","name":"Maintence mode - WIFI.SE\/EN","isPartOf":{"@id":"https:\/\/wifi.se\/en\/#website"},"datePublished":"2024-10-08T08:48:45+00:00","dateModified":"2024-10-08T08:49:34+00:00","breadcrumb":{"@id":"https:\/\/wifi.se\/en\/maintence-mode\/#breadcrumb"},"inLanguage":"en-US","potentialAction":[{"@type":"ReadAction","target":["https:\/\/wifi.se\/en\/maintence-mode\/"]}]},{"@type":"BreadcrumbList","@id":"https:\/\/wifi.se\/en\/maintence-mode\/#breadcrumb","itemListElement":[{"@type":"ListItem","position":1,"name":"Hem","item":"https:\/\/wifi.se\/en\/"},{"@type":"ListItem","position":2,"name":"Maintence mode"}]},{"@type":"WebSite","@id":"https:\/\/wifi.se\/en\/#website","url":"https:\/\/wifi.se\/en\/","name":"WIFI.SE\/EN","description":"INTERNET \u00d6VERALLT","potentialAction":[{"@type":"SearchAction","target":{"@type":"EntryPoint","urlTemplate":"https:\/\/wifi.se\/en\/?s={search_term_string}"},"query-input":{"@type":"PropertyValueSpecification","valueRequired":true,"valueName":"search_term_string"}}],"inLanguage":"en-US"}]}},"_links":{"self":[{"href":"https:\/\/wifi.se\/en\/wp-json\/wp\/v2\/pages\/30327","targetHints":{"allow":["GET"]}}],"collection":[{"href":"https:\/\/wifi.se\/en\/wp-json\/wp\/v2\/pages"}],"about":[{"href":"https:\/\/wifi.se\/en\/wp-json\/wp\/v2\/types\/page"}],"author":[{"embeddable":true,"href":"https:\/\/wifi.se\/en\/wp-json\/wp\/v2\/users\/158"}],"replies":[{"embeddable":true,"href":"https:\/\/wifi.se\/en\/wp-json\/wp\/v2\/comments?post=30327"}],"version-history":[{"count":2,"href":"https:\/\/wifi.se\/en\/wp-json\/wp\/v2\/pages\/30327\/revisions"}],"predecessor-version":[{"id":30329,"href":"https:\/\/wifi.se\/en\/wp-json\/wp\/v2\/pages\/30327\/revisions\/30329"}],"wp:attachment":[{"href":"https:\/\/wifi.se\/en\/wp-json\/wp\/v2\/media?parent=30327"}],"curies":[{"name":"wp","href":"https:\/\/api.w.org\/{rel}","templated":true}]}}