{"id":8910,"date":"2021-04-28T15:45:14","date_gmt":"2021-04-28T13:45:14","guid":{"rendered":"https:\/\/wifi.se\/?post_type=product&#038;p=8910"},"modified":"2025-04-08T18:52:46","modified_gmt":"2025-04-08T16:52:46","slug":"self-adhesive-antenna-patch-antenna-fakra","status":"publish","type":"product","link":"https:\/\/wifi.se\/de\/product\/self-adhesive-antenna-patch-antenna-fakra\/","title":{"rendered":"Selbstklebende antenne \/ patchantenne fakra"},"content":{"rendered":"<p><strong>ELBSTKLEBENDE ANTENNE MIT 2,5M KABEL<br \/>\n<\/strong><br \/>\nEine sehr dezente, selbstklebende Antenne mit 2,5 Meter Antennenkabel und Fakra-Anschluss. Es unterst\u00fctzt sieben Frequenzb\u00e4nder und funktioniert mit allem von GSM, GPRS, 3G, WiFi und 4G. Die Antenne kann im Innen- und Au\u00dfenbereich installiert werden, l\u00e4sst sich schnell an der Oberfl\u00e4che befestigen und erm\u00f6glicht eine diskrete Installation. Ein Tipp: Um den gew\u00fcnschten Effekt zu erzielen, befestigen Sie die Antenne zun\u00e4chst locker, bevor Sie sie dauerhaft an der Oberfl\u00e4che befestigen.<\/p>\n<p>Beim 4G-Antennen-Test von \u201ePC f\u00fcr alle\u201c erhielt die Antenne die Auszeichnung \u201eTestsieger\u201c.<\/p>\n<p>Wir empfehlen diese Art von 3G- und 4G-Antenne f\u00fcr alle Router mit Fakra-Anschluss.<\/p>\n<p>Sagen Sie mir Bescheid, wenn Sie noch etwas brauchen!<br \/>\nBeim 4G-Antennen-Test von \u201ePC f\u00fcr alle\u201c erhielt die Antenne die Auszeichnung \u201eTestsieger\u201c.<\/p>\n<p>Wir empfehlen diese Art von 3G- und 4G-Antenne f\u00fcr alle Router, die \u00fcber einen Fakra-Anschluss verf\u00fcgen.<\/p>\n","protected":false},"excerpt":{"rendered":"<p>Eine selbstklebende, preisgekr\u00f6nte Antenne f\u00fcr Mobilfunknetze und WLAN. Es haftet auf den meisten Oberfl\u00e4chen. Die Antenne wird mit einem 2,5 Meter langen Kabel und einem Fakra-Anschluss geliefert. Beim Test von 4G-Antennen durch \u201ePC f\u00fcr alle\u201c wurde diese Antenne als \u201eBest in Test\u201c ausgezeichnet. Es l\u00e4sst sich sehr leicht verstecken und wir empfehlen es f\u00fcr Fahrzeuge und Boote.<\/p>\n","protected":false},"featured_media":30278,"template":"","meta":{"_acf_changed":false},"product_brand":[],"product_cat":[165,258],"product_tag":[167,243,352],"class_list":{"0":"post-8910","1":"product","2":"type-product","3":"status-publish","4":"has-post-thumbnail","6":"product_cat-antenner","7":"product_cat-patchantenn","8":"product_tag-antenn","9":"product_tag-patchantenn","10":"product_tag-white_week","11":"product_shipping_class-antenner","13":"first","14":"instock","15":"taxable","16":"shipping-taxable","17":"purchasable","18":"product-type-simple"},"bundled_by":[],"bundle_stock_status":"instock","bundle_stock_quantity":null,"bundle_virtual":false,"bundle_layout":"","bundle_add_to_cart_form_location":"","bundle_editable_in_cart":false,"bundle_sold_individually_context":"","bundle_item_grouping":"","bundle_min_size":"","bundle_max_size":"","bundle_price":[],"bundled_items":[],"bundle_sell_ids":[],"acf":{"accounting_number":"1940","accounting_number_kopiera2":"2611","accounting_number_kopiera3":"3014","accounting_number_kopiera4":"3520","accounting_number_kopiera5":"1510","accounting_number_kopiera6":"1511"},"yoast_head":"<!-- This site is optimized with the Yoast SEO plugin v27.1.1 - https:\/\/yoast.com\/product\/yoast-seo-wordpress\/ -->\n<title>SELF-ADHESIVE ANTENNA \/ PATCH ANTENNA FAKRA<\/title>\n<meta name=\"description\" content=\"A self-adhesive, award-winning antenna with a Fakra connection. This antenna won &quot;Best in Test&quot; when &quot;PC f\u00f6r alla&quot; tested 4G antennas.\" \/>\n<meta name=\"robots\" content=\"index, follow, max-snippet:-1, max-image-preview:large, max-video-preview:-1\" \/>\n<link rel=\"canonical\" href=\"https:\/\/wifi.se\/de\/product\/self-adhesive-antenna-patch-antenna-fakra\/\" \/>\n<meta property=\"og:locale\" content=\"de_DE\" \/>\n<meta property=\"og:type\" content=\"article\" \/>\n<meta property=\"og:title\" content=\"SELF-ADHESIVE ANTENNA \/ PATCH ANTENNA FAKRA\" \/>\n<meta property=\"og:description\" content=\"A self-adhesive, award-winning antenna with a Fakra connection. This antenna won &quot;Best in Test&quot; when &quot;PC f\u00f6r alla&quot; tested 4G antennas.\" \/>\n<meta property=\"og:url\" content=\"https:\/\/wifi.se\/de\/product\/self-adhesive-antenna-patch-antenna-fakra\/\" \/>\n<meta property=\"og:site_name\" content=\"WIFI.SE\/DE\" \/>\n<meta property=\"article:modified_time\" content=\"2025-04-08T16:52:46+00:00\" \/>\n<meta property=\"og:image\" content=\"https:\/\/wifi.se\/de\/wp-content\/uploads\/sites\/7\/2021\/04\/patch_fakra2.jpg\" \/>\n\t<meta property=\"og:image:width\" content=\"800\" \/>\n\t<meta property=\"og:image:height\" content=\"800\" \/>\n\t<meta property=\"og:image:type\" content=\"image\/jpeg\" \/>\n<meta name=\"twitter:card\" content=\"summary_large_image\" \/>\n<meta name=\"twitter:label1\" content=\"Gesch\u00e4tzte Lesezeit\" \/>\n\t<meta name=\"twitter:data1\" content=\"1\u00a0Minute\" \/>\n<script type=\"application\/ld+json\" class=\"yoast-schema-graph\">{\"@context\":\"https:\/\/schema.org\",\"@graph\":[{\"@type\":\"WebPage\",\"@id\":\"https:\/\/wifi.se\/de\/product\/self-adhesive-antenna-patch-antenna-fakra\/\",\"url\":\"https:\/\/wifi.se\/de\/product\/self-adhesive-antenna-patch-antenna-fakra\/\",\"name\":\"SELF-ADHESIVE ANTENNA \/ PATCH ANTENNA FAKRA\",\"isPartOf\":{\"@id\":\"https:\/\/wifi.se\/de\/#website\"},\"primaryImageOfPage\":{\"@id\":\"https:\/\/wifi.se\/de\/product\/self-adhesive-antenna-patch-antenna-fakra\/#primaryimage\"},\"image\":{\"@id\":\"https:\/\/wifi.se\/de\/product\/self-adhesive-antenna-patch-antenna-fakra\/#primaryimage\"},\"thumbnailUrl\":\"https:\/\/wifi.se\/de\/wp-content\/uploads\/sites\/7\/2021\/04\/patch_fakra2.jpg\",\"datePublished\":\"2021-04-28T13:45:14+00:00\",\"dateModified\":\"2025-04-08T16:52:46+00:00\",\"description\":\"A self-adhesive, award-winning antenna with a Fakra connection. This antenna won \\\"Best in Test\\\" when \\\"PC f\u00f6r alla\\\" tested 4G antennas.\",\"breadcrumb\":{\"@id\":\"https:\/\/wifi.se\/de\/product\/self-adhesive-antenna-patch-antenna-fakra\/#breadcrumb\"},\"inLanguage\":\"de\",\"potentialAction\":[{\"@type\":\"ReadAction\",\"target\":[\"https:\/\/wifi.se\/de\/product\/self-adhesive-antenna-patch-antenna-fakra\/\"]}]},{\"@type\":\"ImageObject\",\"inLanguage\":\"de\",\"@id\":\"https:\/\/wifi.se\/de\/product\/self-adhesive-antenna-patch-antenna-fakra\/#primaryimage\",\"url\":\"https:\/\/wifi.se\/de\/wp-content\/uploads\/sites\/7\/2021\/04\/patch_fakra2.jpg\",\"contentUrl\":\"https:\/\/wifi.se\/de\/wp-content\/uploads\/sites\/7\/2021\/04\/patch_fakra2.jpg\",\"width\":800,\"height\":800,\"caption\":\"SJ\u00c4LVH\u00c4FTANDE ANTENN \/ PATCHANTENN FAKRA\"},{\"@type\":\"BreadcrumbList\",\"@id\":\"https:\/\/wifi.se\/de\/product\/self-adhesive-antenna-patch-antenna-fakra\/#breadcrumb\",\"itemListElement\":[{\"@type\":\"ListItem\",\"position\":1,\"name\":\"Hem\",\"item\":\"https:\/\/wifi.se\/de\/\"},{\"@type\":\"ListItem\",\"position\":2,\"name\":\"BUTIK\",\"item\":\"https:\/\/wifi.se\/de\/butik\/\"},{\"@type\":\"ListItem\",\"position\":3,\"name\":\"Selbstklebende antenne \/ patchantenne fakra\"}]},{\"@type\":\"WebSite\",\"@id\":\"https:\/\/wifi.se\/de\/#website\",\"url\":\"https:\/\/wifi.se\/de\/\",\"name\":\"WIFI.SE\/DE\",\"description\":\"INTERNET \u00dcBERALL\",\"potentialAction\":[{\"@type\":\"SearchAction\",\"target\":{\"@type\":\"EntryPoint\",\"urlTemplate\":\"https:\/\/wifi.se\/de\/?s={search_term_string}\"},\"query-input\":{\"@type\":\"PropertyValueSpecification\",\"valueRequired\":true,\"valueName\":\"search_term_string\"}}],\"inLanguage\":\"de\"}]}<\/script>\n<!-- \/ Yoast SEO plugin. -->","yoast_head_json":{"title":"SELF-ADHESIVE ANTENNA \/ PATCH ANTENNA FAKRA","description":"A self-adhesive, award-winning antenna with a Fakra connection. This antenna won \"Best in Test\" when \"PC f\u00f6r alla\" tested 4G antennas.","robots":{"index":"index","follow":"follow","max-snippet":"max-snippet:-1","max-image-preview":"max-image-preview:large","max-video-preview":"max-video-preview:-1"},"canonical":"https:\/\/wifi.se\/de\/product\/self-adhesive-antenna-patch-antenna-fakra\/","og_locale":"de_DE","og_type":"article","og_title":"SELF-ADHESIVE ANTENNA \/ PATCH ANTENNA FAKRA","og_description":"A self-adhesive, award-winning antenna with a Fakra connection. This antenna won \"Best in Test\" when \"PC f\u00f6r alla\" tested 4G antennas.","og_url":"https:\/\/wifi.se\/de\/product\/self-adhesive-antenna-patch-antenna-fakra\/","og_site_name":"WIFI.SE\/DE","article_modified_time":"2025-04-08T16:52:46+00:00","og_image":[{"width":800,"height":800,"url":"https:\/\/wifi.se\/de\/wp-content\/uploads\/sites\/7\/2021\/04\/patch_fakra2.jpg","type":"image\/jpeg"}],"twitter_card":"summary_large_image","twitter_misc":{"Gesch\u00e4tzte Lesezeit":"1\u00a0Minute"},"schema":{"@context":"https:\/\/schema.org","@graph":[{"@type":"WebPage","@id":"https:\/\/wifi.se\/de\/product\/self-adhesive-antenna-patch-antenna-fakra\/","url":"https:\/\/wifi.se\/de\/product\/self-adhesive-antenna-patch-antenna-fakra\/","name":"SELF-ADHESIVE ANTENNA \/ PATCH ANTENNA FAKRA","isPartOf":{"@id":"https:\/\/wifi.se\/de\/#website"},"primaryImageOfPage":{"@id":"https:\/\/wifi.se\/de\/product\/self-adhesive-antenna-patch-antenna-fakra\/#primaryimage"},"image":{"@id":"https:\/\/wifi.se\/de\/product\/self-adhesive-antenna-patch-antenna-fakra\/#primaryimage"},"thumbnailUrl":"https:\/\/wifi.se\/de\/wp-content\/uploads\/sites\/7\/2021\/04\/patch_fakra2.jpg","datePublished":"2021-04-28T13:45:14+00:00","dateModified":"2025-04-08T16:52:46+00:00","description":"A self-adhesive, award-winning antenna with a Fakra connection. This antenna won \"Best in Test\" when \"PC f\u00f6r alla\" tested 4G antennas.","breadcrumb":{"@id":"https:\/\/wifi.se\/de\/product\/self-adhesive-antenna-patch-antenna-fakra\/#breadcrumb"},"inLanguage":"de","potentialAction":[{"@type":"ReadAction","target":["https:\/\/wifi.se\/de\/product\/self-adhesive-antenna-patch-antenna-fakra\/"]}]},{"@type":"ImageObject","inLanguage":"de","@id":"https:\/\/wifi.se\/de\/product\/self-adhesive-antenna-patch-antenna-fakra\/#primaryimage","url":"https:\/\/wifi.se\/de\/wp-content\/uploads\/sites\/7\/2021\/04\/patch_fakra2.jpg","contentUrl":"https:\/\/wifi.se\/de\/wp-content\/uploads\/sites\/7\/2021\/04\/patch_fakra2.jpg","width":800,"height":800,"caption":"SJ\u00c4LVH\u00c4FTANDE ANTENN \/ PATCHANTENN FAKRA"},{"@type":"BreadcrumbList","@id":"https:\/\/wifi.se\/de\/product\/self-adhesive-antenna-patch-antenna-fakra\/#breadcrumb","itemListElement":[{"@type":"ListItem","position":1,"name":"Hem","item":"https:\/\/wifi.se\/de\/"},{"@type":"ListItem","position":2,"name":"BUTIK","item":"https:\/\/wifi.se\/de\/butik\/"},{"@type":"ListItem","position":3,"name":"Selbstklebende antenne \/ patchantenne fakra"}]},{"@type":"WebSite","@id":"https:\/\/wifi.se\/de\/#website","url":"https:\/\/wifi.se\/de\/","name":"WIFI.SE\/DE","description":"INTERNET \u00dcBERALL","potentialAction":[{"@type":"SearchAction","target":{"@type":"EntryPoint","urlTemplate":"https:\/\/wifi.se\/de\/?s={search_term_string}"},"query-input":{"@type":"PropertyValueSpecification","valueRequired":true,"valueName":"search_term_string"}}],"inLanguage":"de"}]}},"_links":{"self":[{"href":"https:\/\/wifi.se\/de\/wp-json\/wp\/v2\/product\/8910","targetHints":{"allow":["GET"]}}],"collection":[{"href":"https:\/\/wifi.se\/de\/wp-json\/wp\/v2\/product"}],"about":[{"href":"https:\/\/wifi.se\/de\/wp-json\/wp\/v2\/types\/product"}],"wp:featuredmedia":[{"embeddable":true,"href":"https:\/\/wifi.se\/de\/wp-json\/wp\/v2\/media\/30278"}],"wp:attachment":[{"href":"https:\/\/wifi.se\/de\/wp-json\/wp\/v2\/media?parent=8910"}],"wp:term":[{"taxonomy":"product_brand","embeddable":true,"href":"https:\/\/wifi.se\/de\/wp-json\/wp\/v2\/product_brand?post=8910"},{"taxonomy":"product_cat","embeddable":true,"href":"https:\/\/wifi.se\/de\/wp-json\/wp\/v2\/product_cat?post=8910"},{"taxonomy":"product_tag","embeddable":true,"href":"https:\/\/wifi.se\/de\/wp-json\/wp\/v2\/product_tag?post=8910"}],"curies":[{"name":"wp","href":"https:\/\/api.w.org\/{rel}","templated":true}]}}