{"id":7910,"date":"2020-04-08T15:22:29","date_gmt":"2020-04-08T13:22:29","guid":{"rendered":"https:\/\/wifi.se\/?post_type=product&#038;p=7910"},"modified":"2025-04-08T19:02:04","modified_gmt":"2025-04-08T17:02:04","slug":"marine-omnidirectional-5g-4g-3g-antenna-in-fiberglass-robust-5g-antenna-for-boat","status":"publish","type":"product","link":"https:\/\/wifi.se\/de\/product\/marine-omnidirectional-5g-4g-3g-antenna-in-fiberglass-robust-5g-antenna-for-boat\/","title":{"rendered":"Marine omnidirektionale 5g\/4g\/3g Antenne aus Fiberglas &#8211; robuste 5g Antenne f\u00fcr Boote"},"content":{"rendered":"<h3 class=\"\" data-start=\"88\" data-end=\"163\"><strong data-start=\"92\" data-end=\"163\">OMNIDIREKTIONALE 5G-ANTENNE AUS FIBERGLAS F\u00dcR DEN MARITIMEN EINSATZ<\/strong><\/h3>\n<p class=\"\" data-start=\"165\" data-end=\"564\">Diese Antenne wurde mit einem durchdachten Design entwickelt und ist ideal f\u00fcr den <strong data-start=\"248\" data-end=\"264\">Au\u00dfeneinsatz<\/strong>, insbesondere auf <strong data-start=\"283\" data-end=\"295\">Schiffen<\/strong> oder in <strong data-start=\"304\" data-end=\"328\">K\u00fcsteninstallationen<\/strong>.<br data-start=\"329\" data-end=\"332\" \/>Das Antennenelement und die Halterung bestehen aus <strong data-start=\"383\" data-end=\"413\">hochbest\u00e4ndigem Kunststoff<\/strong>, w\u00e4hrend die <strong data-start=\"427\" data-end=\"454\">Mastschellen aus Metall<\/strong> gefertigt sind.<br data-start=\"470\" data-end=\"473\" \/>Die Montage kann sowohl an einem <strong data-start=\"506\" data-end=\"514\">Mast<\/strong> als auch an einer <strong data-start=\"533\" data-end=\"554\">Wand oder Fassade<\/strong> erfolgen.<\/p>\n<hr class=\"\" data-start=\"566\" data-end=\"569\" \/>\n<h3 class=\"\" data-start=\"571\" data-end=\"622\"><strong data-start=\"575\" data-end=\"622\">Technische Daten \u2013 Wifi.se 5G MIMO Antenne:<\/strong><\/h3>\n<p class=\"\" data-start=\"624\" data-end=\"703\"><strong data-start=\"624\" data-end=\"644\">Frequenzbereich:<\/strong><br data-start=\"644\" data-end=\"647\" \/>698\u2013960 MHz, 1710\u20132700 MHz, 3400\u20133800 MHz, 3800\u20134200 MHz<\/p>\n<p class=\"\" data-start=\"705\" data-end=\"733\"><strong data-start=\"705\" data-end=\"726\">Eingangsimpedanz:<\/strong><br data-start=\"726\" data-end=\"729\" \/>50 \u03a9<\/p>\n<p class=\"\" data-start=\"735\" data-end=\"775\"><strong data-start=\"735\" data-end=\"767\">VSWR (Stehwellenverh\u00e4ltnis):<\/strong><br data-start=\"767\" data-end=\"770\" \/>\u2264 1,5<\/p>\n<p class=\"\" data-start=\"777\" data-end=\"841\"><strong data-start=\"777\" data-end=\"800\">Verst\u00e4rkung (Gain):<\/strong><br data-start=\"800\" data-end=\"803\" \/>2 \u00d7 8 dBi<br data-start=\"812\" data-end=\"815\" \/>(Omnidirektionale Antenne)<\/p>\n<p class=\"\" data-start=\"843\" data-end=\"890\"><strong data-start=\"843\" data-end=\"879\">Horizontales Strahlungsdiagramm:<\/strong><br data-start=\"879\" data-end=\"882\" \/>360 Grad<\/p>\n<p class=\"\" data-start=\"892\" data-end=\"936\"><strong data-start=\"892\" data-end=\"926\">Vertikales Strahlungsdiagramm:<\/strong><br data-start=\"926\" data-end=\"929\" \/>30 Grad<\/p>\n<p class=\"\" data-start=\"938\" data-end=\"982\"><strong data-start=\"938\" data-end=\"955\">Polarisation:<\/strong><br data-start=\"955\" data-end=\"958\" \/>Vertikal oder horizontal<\/p>\n<p class=\"\" data-start=\"984\" data-end=\"1014\"><strong data-start=\"984\" data-end=\"1006\">Maximale Leistung:<\/strong><br data-start=\"1006\" data-end=\"1009\" \/>100 W<\/p>\n<p class=\"\" data-start=\"1016\" data-end=\"1045\"><strong data-start=\"1016\" data-end=\"1032\">Blitzschutz:<\/strong><br data-start=\"1032\" data-end=\"1035\" \/>DC-geerdet<\/p>\n<p class=\"\" data-start=\"1047\" data-end=\"1073\"><strong data-start=\"1047\" data-end=\"1067\">Geh\u00e4usematerial:<\/strong><br data-start=\"1067\" data-end=\"1070\" \/>PVC<\/p>\n<p class=\"\" data-start=\"1075\" data-end=\"1108\"><strong data-start=\"1075\" data-end=\"1090\">Anschl\u00fcsse:<\/strong><br data-start=\"1090\" data-end=\"1093\" \/>2 \u00d7 SMA-Stecker<\/p>\n<p class=\"\" data-start=\"1110\" data-end=\"1132\"><strong data-start=\"1110\" data-end=\"1123\">Kabeltyp:<\/strong><br data-start=\"1123\" data-end=\"1126\" \/>LMR240<\/p>\n<p class=\"\" data-start=\"1134\" data-end=\"1161\"><strong data-start=\"1134\" data-end=\"1149\">Kabell\u00e4nge:<\/strong><br data-start=\"1149\" data-end=\"1152\" \/>2 \u00d7 30 cm<\/p>\n<p class=\"\" data-start=\"1163\" data-end=\"1202\"><strong data-start=\"1163\" data-end=\"1186\">Betriebstemperatur:<\/strong><br data-start=\"1186\" data-end=\"1189\" \/>-40\u2103 bis +65\u2103<\/p>\n<p class=\"\" data-start=\"1204\" data-end=\"1247\"><strong data-start=\"1204\" data-end=\"1232\">Abmessungen der Antenne:<\/strong><br data-start=\"1232\" data-end=\"1235\" \/>\u03a680 \u00d7 370 mm<\/p>\n<p class=\"\" data-start=\"1249\" data-end=\"1282\"><strong data-start=\"1249\" data-end=\"1273\">Gewicht der Antenne:<\/strong><br data-start=\"1273\" data-end=\"1276\" \/>0,9 kg<\/p>\n<p class=\"\" data-start=\"1284\" data-end=\"1355\"><strong data-start=\"1284\" data-end=\"1296\">Montage:<\/strong><br data-start=\"1296\" data-end=\"1299\" \/>Geeignet f\u00fcr Masten mit einem Durchmesser von \u03a635\u2013\u03a650 mm<\/p>\n<p class=\"\" data-start=\"1357\" data-end=\"1374\"><strong data-start=\"1357\" data-end=\"1367\">Farbe:<\/strong><br data-start=\"1367\" data-end=\"1370\" \/>Wei\u00df<\/p>\n<p class=\"\" data-start=\"1376\" data-end=\"1416\"><strong data-start=\"1376\" data-end=\"1398\">Windbest\u00e4ndigkeit:<\/strong><br data-start=\"1398\" data-end=\"1401\" \/>Bis zu 210 km\/h<\/p>\n<p class=\"\" data-start=\"1418\" data-end=\"1442\"><strong data-start=\"1418\" data-end=\"1435\">Paketgewicht:<\/strong><br data-start=\"1435\" data-end=\"1438\" \/>1 kg<\/p>\n<p class=\"\" data-start=\"1444\" data-end=\"1482\"><strong data-start=\"1444\" data-end=\"1464\">Verpackungsma\u00dfe:<\/strong><br data-start=\"1464\" data-end=\"1467\" \/>40 \u00d7 11 \u00d7 11 cm<\/p>\n","protected":false},"excerpt":{"rendered":"<p>Professionelle 5G-Antenne f\u00fcr den maritimen Einsatz f\u00fcr alle, die das Beste wollen. Die Antenne ist MIMO und hat zwei SMA-Anschl\u00fcsse. Rundstrahlantenne, die alle 2\/3\/4\/5G-B\u00e4nder abdeckt. Eine sehr robuste und schnelle Antenne, wenn Sie maximale Leistung f\u00fcr Ihre Verbindung w\u00fcnschen. Es hat eine Reichweite von bis zu 20 Seemeilen und ist IP67-zertifiziert.<\/p>\n<p>Mit einem 4G LTE-Router k\u00f6nnen Geschwindigkeiten von \u00fcber 200 Megabit\/Sekunde erreicht werden. Mit einem 5G-Router haben wir Geschwindigkeiten von bis zu 500 Megabit\/Sekunde gemessen.<\/p>\n<p>Die Antenne verf\u00fcgt \u00fcber eine sehr stabile Stahlhalterung. Es ist prim\u00e4r f\u00fcr die Montage an Mastrohren vorgesehen, kann aber auch an der Wand montiert werden. F\u00fcr eine omnidirektionale Mehrbandantenne verf\u00fcgt dieses Modell \u00fcber eine sehr hohe Verst\u00e4rkung und verwendet Kupfermaterialien f\u00fcr minimale Verluste.<\/p>\n<p>Ein klarer Favorit unter Bootsbesitzern und IP67-zertifiziert. Dies ist die neueste und aktualisierte Version und unterst\u00fctzt jetzt auch das 5G-Band.<\/p>\n<p>Beachten Sie, dass die Kabel der Antenne 30 cm lang sind. Sie m\u00fcssen durch Verl\u00e4ngerungskabel erg\u00e4nzt werden, vorzugsweise durch verlustarme Kabel. Diese finden Sie in unserem Webshop. Sie werden einen minimalen LTE-Signalverlust feststellen. Wir haben L\u00e4ngen von 5, 10 und 15 Metern.<\/p>\n","protected":false},"featured_media":30292,"template":"","meta":{"_acf_changed":false},"product_brand":[],"product_cat":[165,469],"product_tag":[249,167],"class_list":{"0":"post-7910","1":"product","2":"type-product","3":"status-publish","4":"has-post-thumbnail","6":"product_cat-antenner","7":"product_cat-batantenner","8":"product_tag-4g-antenn","9":"product_tag-antenn","10":"product_shipping_class-stor-antenn","12":"first","13":"instock","14":"taxable","15":"shipping-taxable","16":"purchasable","17":"product-type-simple"},"bundled_by":[],"bundle_stock_status":"instock","bundle_stock_quantity":null,"bundle_virtual":false,"bundle_layout":"","bundle_add_to_cart_form_location":"","bundle_editable_in_cart":false,"bundle_sold_individually_context":"","bundle_item_grouping":"","bundle_min_size":"","bundle_max_size":"","bundle_price":[],"bundled_items":[],"bundle_sell_ids":[],"acf":{"accounting_number":"1940","accounting_number_kopiera2":"2611","accounting_number_kopiera3":"3014","accounting_number_kopiera4":"3520","accounting_number_kopiera5":"1510","accounting_number_kopiera6":"1511"},"yoast_head":"<!-- This site is optimized with the Yoast SEO plugin v27.1.1 - https:\/\/yoast.com\/product\/yoast-seo-wordpress\/ -->\n<title>OMNIDIRECTIONAL 5G ANTENNA IN FIBERGLASS FOR MARINE USE<\/title>\n<meta name=\"description\" content=\"Professional omnidirectional 5G MIMO antenna for marine use with two SMA connectors. Omnidirectional antenna covering all 2\/3\/4\/5G bands.\" \/>\n<meta name=\"robots\" content=\"index, follow, max-snippet:-1, max-image-preview:large, max-video-preview:-1\" \/>\n<link rel=\"canonical\" href=\"https:\/\/wifi.se\/de\/product\/marine-omnidirectional-5g-4g-3g-antenna-in-fiberglass-robust-5g-antenna-for-boat\/\" \/>\n<meta property=\"og:locale\" content=\"de_DE\" \/>\n<meta property=\"og:type\" content=\"article\" \/>\n<meta property=\"og:title\" content=\"OMNIDIRECTIONAL 5G ANTENNA IN FIBERGLASS FOR MARINE USE\" \/>\n<meta property=\"og:description\" content=\"Professional omnidirectional 5G MIMO antenna for marine use with two SMA connectors. Omnidirectional antenna covering all 2\/3\/4\/5G bands.\" \/>\n<meta property=\"og:url\" content=\"https:\/\/wifi.se\/de\/product\/marine-omnidirectional-5g-4g-3g-antenna-in-fiberglass-robust-5g-antenna-for-boat\/\" \/>\n<meta property=\"og:site_name\" content=\"WIFI.SE\/DE\" \/>\n<meta property=\"article:modified_time\" content=\"2025-04-08T17:02:04+00:00\" \/>\n<meta property=\"og:image\" content=\"https:\/\/wifi.se\/de\/wp-content\/uploads\/sites\/7\/2020\/04\/antenn_round.jpg\" \/>\n\t<meta property=\"og:image:width\" content=\"800\" \/>\n\t<meta property=\"og:image:height\" content=\"800\" \/>\n\t<meta property=\"og:image:type\" content=\"image\/jpeg\" \/>\n<meta name=\"twitter:card\" content=\"summary_large_image\" \/>\n<meta name=\"twitter:label1\" content=\"Gesch\u00e4tzte Lesezeit\" \/>\n\t<meta name=\"twitter:data1\" content=\"2\u00a0Minuten\" \/>\n<script type=\"application\/ld+json\" class=\"yoast-schema-graph\">{\"@context\":\"https:\/\/schema.org\",\"@graph\":[{\"@type\":\"WebPage\",\"@id\":\"https:\/\/wifi.se\/de\/product\/marine-omnidirectional-5g-4g-3g-antenna-in-fiberglass-robust-5g-antenna-for-boat\/\",\"url\":\"https:\/\/wifi.se\/de\/product\/marine-omnidirectional-5g-4g-3g-antenna-in-fiberglass-robust-5g-antenna-for-boat\/\",\"name\":\"OMNIDIRECTIONAL 5G ANTENNA IN FIBERGLASS FOR MARINE USE\",\"isPartOf\":{\"@id\":\"https:\/\/wifi.se\/de\/#website\"},\"primaryImageOfPage\":{\"@id\":\"https:\/\/wifi.se\/de\/product\/marine-omnidirectional-5g-4g-3g-antenna-in-fiberglass-robust-5g-antenna-for-boat\/#primaryimage\"},\"image\":{\"@id\":\"https:\/\/wifi.se\/de\/product\/marine-omnidirectional-5g-4g-3g-antenna-in-fiberglass-robust-5g-antenna-for-boat\/#primaryimage\"},\"thumbnailUrl\":\"https:\/\/wifi.se\/de\/wp-content\/uploads\/sites\/7\/2020\/04\/antenn_round.jpg\",\"datePublished\":\"2020-04-08T13:22:29+00:00\",\"dateModified\":\"2025-04-08T17:02:04+00:00\",\"description\":\"Professional omnidirectional 5G MIMO antenna for marine use with two SMA connectors. Omnidirectional antenna covering all 2\/3\/4\/5G bands.\",\"breadcrumb\":{\"@id\":\"https:\/\/wifi.se\/de\/product\/marine-omnidirectional-5g-4g-3g-antenna-in-fiberglass-robust-5g-antenna-for-boat\/#breadcrumb\"},\"inLanguage\":\"de\",\"potentialAction\":[{\"@type\":\"ReadAction\",\"target\":[\"https:\/\/wifi.se\/de\/product\/marine-omnidirectional-5g-4g-3g-antenna-in-fiberglass-robust-5g-antenna-for-boat\/\"]}]},{\"@type\":\"ImageObject\",\"inLanguage\":\"de\",\"@id\":\"https:\/\/wifi.se\/de\/product\/marine-omnidirectional-5g-4g-3g-antenna-in-fiberglass-robust-5g-antenna-for-boat\/#primaryimage\",\"url\":\"https:\/\/wifi.se\/de\/wp-content\/uploads\/sites\/7\/2020\/04\/antenn_round.jpg\",\"contentUrl\":\"https:\/\/wifi.se\/de\/wp-content\/uploads\/sites\/7\/2020\/04\/antenn_round.jpg\",\"width\":800,\"height\":800,\"caption\":\"RUNDSTR\u00c5LANDE 5G ANTENN I GLASFIBER F\u00d6R MARINT BRUK\"},{\"@type\":\"BreadcrumbList\",\"@id\":\"https:\/\/wifi.se\/de\/product\/marine-omnidirectional-5g-4g-3g-antenna-in-fiberglass-robust-5g-antenna-for-boat\/#breadcrumb\",\"itemListElement\":[{\"@type\":\"ListItem\",\"position\":1,\"name\":\"Hem\",\"item\":\"https:\/\/wifi.se\/de\/\"},{\"@type\":\"ListItem\",\"position\":2,\"name\":\"BUTIK\",\"item\":\"https:\/\/wifi.se\/de\/butik\/\"},{\"@type\":\"ListItem\",\"position\":3,\"name\":\"Marine omnidirektionale 5g\/4g\/3g Antenne aus Fiberglas &#8211; robuste 5g Antenne f\u00fcr Boote\"}]},{\"@type\":\"WebSite\",\"@id\":\"https:\/\/wifi.se\/de\/#website\",\"url\":\"https:\/\/wifi.se\/de\/\",\"name\":\"WIFI.SE\/DE\",\"description\":\"INTERNET \u00dcBERALL\",\"potentialAction\":[{\"@type\":\"SearchAction\",\"target\":{\"@type\":\"EntryPoint\",\"urlTemplate\":\"https:\/\/wifi.se\/de\/?s={search_term_string}\"},\"query-input\":{\"@type\":\"PropertyValueSpecification\",\"valueRequired\":true,\"valueName\":\"search_term_string\"}}],\"inLanguage\":\"de\"}]}<\/script>\n<!-- \/ Yoast SEO plugin. -->","yoast_head_json":{"title":"OMNIDIRECTIONAL 5G ANTENNA IN FIBERGLASS FOR MARINE USE","description":"Professional omnidirectional 5G MIMO antenna for marine use with two SMA connectors. Omnidirectional antenna covering all 2\/3\/4\/5G bands.","robots":{"index":"index","follow":"follow","max-snippet":"max-snippet:-1","max-image-preview":"max-image-preview:large","max-video-preview":"max-video-preview:-1"},"canonical":"https:\/\/wifi.se\/de\/product\/marine-omnidirectional-5g-4g-3g-antenna-in-fiberglass-robust-5g-antenna-for-boat\/","og_locale":"de_DE","og_type":"article","og_title":"OMNIDIRECTIONAL 5G ANTENNA IN FIBERGLASS FOR MARINE USE","og_description":"Professional omnidirectional 5G MIMO antenna for marine use with two SMA connectors. Omnidirectional antenna covering all 2\/3\/4\/5G bands.","og_url":"https:\/\/wifi.se\/de\/product\/marine-omnidirectional-5g-4g-3g-antenna-in-fiberglass-robust-5g-antenna-for-boat\/","og_site_name":"WIFI.SE\/DE","article_modified_time":"2025-04-08T17:02:04+00:00","og_image":[{"width":800,"height":800,"url":"https:\/\/wifi.se\/de\/wp-content\/uploads\/sites\/7\/2020\/04\/antenn_round.jpg","type":"image\/jpeg"}],"twitter_card":"summary_large_image","twitter_misc":{"Gesch\u00e4tzte Lesezeit":"2\u00a0Minuten"},"schema":{"@context":"https:\/\/schema.org","@graph":[{"@type":"WebPage","@id":"https:\/\/wifi.se\/de\/product\/marine-omnidirectional-5g-4g-3g-antenna-in-fiberglass-robust-5g-antenna-for-boat\/","url":"https:\/\/wifi.se\/de\/product\/marine-omnidirectional-5g-4g-3g-antenna-in-fiberglass-robust-5g-antenna-for-boat\/","name":"OMNIDIRECTIONAL 5G ANTENNA IN FIBERGLASS FOR MARINE USE","isPartOf":{"@id":"https:\/\/wifi.se\/de\/#website"},"primaryImageOfPage":{"@id":"https:\/\/wifi.se\/de\/product\/marine-omnidirectional-5g-4g-3g-antenna-in-fiberglass-robust-5g-antenna-for-boat\/#primaryimage"},"image":{"@id":"https:\/\/wifi.se\/de\/product\/marine-omnidirectional-5g-4g-3g-antenna-in-fiberglass-robust-5g-antenna-for-boat\/#primaryimage"},"thumbnailUrl":"https:\/\/wifi.se\/de\/wp-content\/uploads\/sites\/7\/2020\/04\/antenn_round.jpg","datePublished":"2020-04-08T13:22:29+00:00","dateModified":"2025-04-08T17:02:04+00:00","description":"Professional omnidirectional 5G MIMO antenna for marine use with two SMA connectors. Omnidirectional antenna covering all 2\/3\/4\/5G bands.","breadcrumb":{"@id":"https:\/\/wifi.se\/de\/product\/marine-omnidirectional-5g-4g-3g-antenna-in-fiberglass-robust-5g-antenna-for-boat\/#breadcrumb"},"inLanguage":"de","potentialAction":[{"@type":"ReadAction","target":["https:\/\/wifi.se\/de\/product\/marine-omnidirectional-5g-4g-3g-antenna-in-fiberglass-robust-5g-antenna-for-boat\/"]}]},{"@type":"ImageObject","inLanguage":"de","@id":"https:\/\/wifi.se\/de\/product\/marine-omnidirectional-5g-4g-3g-antenna-in-fiberglass-robust-5g-antenna-for-boat\/#primaryimage","url":"https:\/\/wifi.se\/de\/wp-content\/uploads\/sites\/7\/2020\/04\/antenn_round.jpg","contentUrl":"https:\/\/wifi.se\/de\/wp-content\/uploads\/sites\/7\/2020\/04\/antenn_round.jpg","width":800,"height":800,"caption":"RUNDSTR\u00c5LANDE 5G ANTENN I GLASFIBER F\u00d6R MARINT BRUK"},{"@type":"BreadcrumbList","@id":"https:\/\/wifi.se\/de\/product\/marine-omnidirectional-5g-4g-3g-antenna-in-fiberglass-robust-5g-antenna-for-boat\/#breadcrumb","itemListElement":[{"@type":"ListItem","position":1,"name":"Hem","item":"https:\/\/wifi.se\/de\/"},{"@type":"ListItem","position":2,"name":"BUTIK","item":"https:\/\/wifi.se\/de\/butik\/"},{"@type":"ListItem","position":3,"name":"Marine omnidirektionale 5g\/4g\/3g Antenne aus Fiberglas &#8211; robuste 5g Antenne f\u00fcr Boote"}]},{"@type":"WebSite","@id":"https:\/\/wifi.se\/de\/#website","url":"https:\/\/wifi.se\/de\/","name":"WIFI.SE\/DE","description":"INTERNET \u00dcBERALL","potentialAction":[{"@type":"SearchAction","target":{"@type":"EntryPoint","urlTemplate":"https:\/\/wifi.se\/de\/?s={search_term_string}"},"query-input":{"@type":"PropertyValueSpecification","valueRequired":true,"valueName":"search_term_string"}}],"inLanguage":"de"}]}},"_links":{"self":[{"href":"https:\/\/wifi.se\/de\/wp-json\/wp\/v2\/product\/7910","targetHints":{"allow":["GET"]}}],"collection":[{"href":"https:\/\/wifi.se\/de\/wp-json\/wp\/v2\/product"}],"about":[{"href":"https:\/\/wifi.se\/de\/wp-json\/wp\/v2\/types\/product"}],"wp:featuredmedia":[{"embeddable":true,"href":"https:\/\/wifi.se\/de\/wp-json\/wp\/v2\/media\/30292"}],"wp:attachment":[{"href":"https:\/\/wifi.se\/de\/wp-json\/wp\/v2\/media?parent=7910"}],"wp:term":[{"taxonomy":"product_brand","embeddable":true,"href":"https:\/\/wifi.se\/de\/wp-json\/wp\/v2\/product_brand?post=7910"},{"taxonomy":"product_cat","embeddable":true,"href":"https:\/\/wifi.se\/de\/wp-json\/wp\/v2\/product_cat?post=7910"},{"taxonomy":"product_tag","embeddable":true,"href":"https:\/\/wifi.se\/de\/wp-json\/wp\/v2\/product_tag?post=7910"}],"curies":[{"name":"wp","href":"https:\/\/api.w.org\/{rel}","templated":true}]}}