{"id":32680,"date":"2026-01-20T12:10:56","date_gmt":"2026-01-20T10:10:56","guid":{"rendered":"https:\/\/wifi.se\/de\/?post_type=product&#038;p=32680"},"modified":"2026-04-10T18:07:57","modified_gmt":"2026-04-10T16:07:57","slug":"roaming-sim-europa-mit-100-gb-datenvolumen-5g-mit-voller-geschwindigkeit-keine-taeglichen-begrenzungen-jederzeit-aktivierbar","status":"publish","type":"product","link":"https:\/\/wifi.se\/de\/product\/roaming-sim-europa-mit-100-gb-datenvolumen-5g-mit-voller-geschwindigkeit-keine-taeglichen-begrenzungen-jederzeit-aktivierbar\/","title":{"rendered":"Roaming-SIM Europa \u2013 5G in voller Geschwindigkeit. Kein Datentarif enthalten. Aktivieren Sie die SIM-Karte und w\u00e4hlen Sie 100 GB Datenvolumen, wann immer Sie m\u00f6chten."},"content":{"rendered":"<p data-start=\"63\" data-end=\"243\">Wenn Sie unsere <strong data-start=\"79\" data-end=\"104\">physische Roaming-SIM<\/strong> bestellen, erhalten Sie <strong data-start=\"129\" data-end=\"148\">zwei SIM-Karten<\/strong> per Post, sodass Sie immer eine Ersatzkarte zur Verf\u00fcgung haben, falls etwas passieren sollte.<\/p>\n<p data-start=\"245\" data-end=\"433\">Bei der Bestellung ist <strong data-start=\"268\" data-end=\"297\">kein Datentarif enthalten<\/strong>. Dadurch m\u00fcssen Sie sich nicht im Voraus binden und k\u00f6nnen die SIM erst dann aktivieren, wenn Sie die Verbindung tats\u00e4chlich ben\u00f6tigen.<\/p>\n<p data-start=\"435\" data-end=\"654\">Sie w\u00e4hlen den Datentarif und die G\u00fcltigkeitsdauer zwischen <strong data-start=\"495\" data-end=\"514\">1 und 6 Monaten<\/strong> \u00fcber <strong data-start=\"520\" data-end=\"532\">My Pages<\/strong>, Ihre pers\u00f6nliche Kundenseite. Dort verwalten Sie die Aktivierung und die Auswahl des Datentarifs in Ihrem eigenen Tempo.<\/p>\n<p data-start=\"656\" data-end=\"854\">Sobald der Datentarif ausgew\u00e4hlt und bezahlt wurde, wird die SIM-Karte <strong data-start=\"727\" data-end=\"759\">noch am selben Tag aktiviert<\/strong> und ist sofort einsatzbereit innerhalb der EU sowie im Vereinigten K\u00f6nigreich und in Norwegen.<\/p>\n<p data-start=\"856\" data-end=\"875\"><strong data-start=\"856\" data-end=\"866\">Preis:<\/strong> <strong data-start=\"867\" data-end=\"875\">59\u20ac<\/strong><\/p>\n<p><strong data-start=\"877\" data-end=\"899\">So funktioniert es:<\/strong><\/p>\n<ul>\n<li>Roaming-SIM bestellen<\/li>\n<li data-start=\"926\" data-end=\"949\">Bei My Pages anmelden<\/li>\n<li data-start=\"951\" data-end=\"1055\">Datentarif ausw\u00e4hlen und bezahlen<br data-start=\"984\" data-end=\"987\" \/>Die Karte wird am selben Tag aktiviert und ist sofort einsatzbereit.<\/li>\n<\/ul>\n","protected":false},"excerpt":{"rendered":"<div class=\"flex flex-col text-sm pb-25\">\n<article class=\"text-token-text-primary w-full focus:outline-none [--shadow-height:45px] has-data-writing-block:pointer-events-none has-data-writing-block:-mt-(--shadow-height) has-data-writing-block:pt-(--shadow-height) [&amp;:has([data-writing-block])&gt;*]:pointer-events-auto scroll-mt-[calc(var(--header-height)+min(200px,max(70px,20svh)))]\" dir=\"auto\" tabindex=\"-1\" data-turn-id=\"086fdfd9-171a-4f1b-a6b6-317e458c729e\" data-testid=\"conversation-turn-72\" data-scroll-anchor=\"true\" data-turn=\"assistant\">\n<div class=\"text-base my-auto mx-auto pb-10 [--thread-content-margin:--spacing(4)] @w-sm\/main:[--thread-content-margin:--spacing(6)] @w-lg\/main:[--thread-content-margin:--spacing(16)] px-(--thread-content-margin)\">\n<div class=\"[--thread-content-max-width:40rem] @w-lg\/main:[--thread-content-max-width:48rem] mx-auto max-w-(--thread-content-max-width) flex-1 group\/turn-messages focus-visible:outline-hidden relative flex w-full min-w-0 flex-col agent-turn\" tabindex=\"-1\">\n<div class=\"flex max-w-full flex-col grow\">\n<div class=\"min-h-8 text-message relative flex w-full flex-col items-end gap-2 text-start break-words whitespace-normal [.text-message+&amp;]:mt-1\" dir=\"auto\" data-message-author-role=\"assistant\" data-message-id=\"ca962361-dc25-43f1-845f-69205a88822a\" data-message-model-slug=\"gpt-5-2\">\n<div class=\"flex w-full flex-col gap-1 empty:hidden first:pt-[1px]\">\n<div class=\"markdown prose dark:prose-invert w-full break-words light markdown-new-styling\">\n<p data-start=\"0\" data-end=\"137\">Roaming-SIM f\u00fcr alle, die eine schnelle und stabile Verbindung innerhalb der EU sowie im Vereinigten K\u00f6nigreich und in Norwegen w\u00fcnschen.<\/p>\n<p data-start=\"139\" data-end=\"283\">Bietet 5G mit voller Geschwindigkeit ohne t\u00e4gliche Begrenzungen und eignet sich f\u00fcr Reisen, Streaming, mobiles Arbeiten und l\u00e4ngere Aufenthalte.<\/p>\n<p data-start=\"285\" data-end=\"532\" data-is-last-node=\"\" data-is-only-node=\"\">Bei einer Zahlung von <strong data-start=\"307\" data-end=\"315\">10 \u20ac<\/strong> erhalten Sie zwei Roaming-SIM-Karten und werden als Kunde bei uns registriert, mit Zugang zu <strong data-start=\"409\" data-end=\"421\">My Pages<\/strong>, Ihrer pers\u00f6nlichen Seite.<br data-start=\"448\" data-end=\"451\" \/>Datentarif und G\u00fcltigkeitsdauer w\u00e4hlen und bezahlen Sie erst bei der Aktivierung.<\/p>\n<\/div>\n<\/div>\n<\/div>\n<\/div>\n<div class=\"z-0 flex min-h-[46px] justify-start\"><\/div>\n<div class=\"mt-3 w-full empty:hidden\">\n<div class=\"text-center\"><\/div>\n<\/div>\n<\/div>\n<\/div>\n<\/article>\n<\/div>\n<div class=\"pointer-events-none h-px w-px absolute bottom-0\" aria-hidden=\"true\" data-edge=\"true\"><\/div>\n","protected":false},"featured_media":32681,"template":"","meta":{"_acf_changed":false},"product_brand":[],"product_cat":[463,472],"product_tag":[290,427],"class_list":{"0":"post-32680","1":"product","2":"type-product","3":"status-publish","4":"has-post-thumbnail","6":"product_cat-sim-kort","7":"product_cat-sim-roaming-europa","8":"product_tag-100-gb","9":"product_tag-5g-sim-kort-for-europa","10":"product_shipping_class-sim-kort","12":"first","13":"instock","14":"taxable","15":"shipping-taxable","16":"purchasable","17":"product-type-simple"},"bundled_by":[],"bundle_stock_status":"instock","bundle_stock_quantity":null,"bundle_virtual":false,"bundle_layout":"","bundle_add_to_cart_form_location":"","bundle_editable_in_cart":false,"bundle_sold_individually_context":"","bundle_item_grouping":"","bundle_min_size":"","bundle_max_size":"","bundle_price":[],"bundled_items":[],"bundle_sell_ids":[],"acf":{"accounting_number":"","accounting_number_kopiera2":"","accounting_number_kopiera3":"","accounting_number_kopiera4":"","accounting_number_kopiera5":"","accounting_number_kopiera6":""},"yoast_head":"<!-- This site is optimized with the Yoast SEO plugin v27.1.1 - https:\/\/yoast.com\/product\/yoast-seo-wordpress\/ -->\n<title>Roaming-SIM Europa \u2013 5G in voller Geschwindigkeit. Kein Datentarif enthalten. Aktivieren Sie die SIM-Karte und w\u00e4hlen Sie 100 GB Datenvolumen, wann immer Sie m\u00f6chten. - WIFI.SE\/DE<\/title>\n<meta name=\"description\" content=\"Ej aktiverat Roaming-SIM - Aktivera vid behov. Perfekt att ha med sig p\u00e5 resan. Du beh\u00f6ver aldrig mer vara orolig att din surf tar slut i Europa.\" \/>\n<meta name=\"robots\" content=\"index, follow, max-snippet:-1, max-image-preview:large, max-video-preview:-1\" \/>\n<link rel=\"canonical\" href=\"https:\/\/wifi.se\/de\/product\/roaming-sim-europa-mit-100-gb-datenvolumen-5g-mit-voller-geschwindigkeit-keine-taeglichen-begrenzungen-jederzeit-aktivierbar\/\" \/>\n<meta property=\"og:locale\" content=\"de_DE\" \/>\n<meta property=\"og:type\" content=\"article\" \/>\n<meta property=\"og:title\" content=\"Roaming-SIM Europa \u2013 5G in voller Geschwindigkeit. Kein Datentarif enthalten. Aktivieren Sie die SIM-Karte und w\u00e4hlen Sie 100 GB Datenvolumen, wann immer Sie m\u00f6chten. - WIFI.SE\/DE\" \/>\n<meta property=\"og:description\" content=\"Ej aktiverat Roaming-SIM - Aktivera vid behov. Perfekt att ha med sig p\u00e5 resan. Du beh\u00f6ver aldrig mer vara orolig att din surf tar slut i Europa.\" \/>\n<meta property=\"og:url\" content=\"https:\/\/wifi.se\/de\/product\/roaming-sim-europa-mit-100-gb-datenvolumen-5g-mit-voller-geschwindigkeit-keine-taeglichen-begrenzungen-jederzeit-aktivierbar\/\" \/>\n<meta property=\"og:site_name\" content=\"WIFI.SE\/DE\" \/>\n<meta property=\"article:modified_time\" content=\"2026-04-10T16:07:57+00:00\" \/>\n<meta property=\"og:image\" content=\"https:\/\/wifi.se\/de\/wp-content\/uploads\/sites\/7\/2026\/01\/100GB_DE.png\" \/>\n\t<meta property=\"og:image:width\" content=\"800\" \/>\n\t<meta property=\"og:image:height\" content=\"709\" \/>\n\t<meta property=\"og:image:type\" content=\"image\/png\" \/>\n<meta name=\"twitter:card\" content=\"summary_large_image\" \/>\n<meta name=\"twitter:label1\" content=\"Gesch\u00e4tzte Lesezeit\" \/>\n\t<meta name=\"twitter:data1\" content=\"1\u00a0Minute\" \/>\n<script type=\"application\/ld+json\" class=\"yoast-schema-graph\">{\"@context\":\"https:\/\/schema.org\",\"@graph\":[{\"@type\":\"WebPage\",\"@id\":\"https:\/\/wifi.se\/de\/product\/roaming-sim-europa-mit-100-gb-datenvolumen-5g-mit-voller-geschwindigkeit-keine-taeglichen-begrenzungen-jederzeit-aktivierbar\/\",\"url\":\"https:\/\/wifi.se\/de\/product\/roaming-sim-europa-mit-100-gb-datenvolumen-5g-mit-voller-geschwindigkeit-keine-taeglichen-begrenzungen-jederzeit-aktivierbar\/\",\"name\":\"Roaming-SIM Europa \u2013 5G in voller Geschwindigkeit. Kein Datentarif enthalten. Aktivieren Sie die SIM-Karte und w\u00e4hlen Sie 100 GB Datenvolumen, wann immer Sie m\u00f6chten. - WIFI.SE\/DE\",\"isPartOf\":{\"@id\":\"https:\/\/wifi.se\/de\/#website\"},\"primaryImageOfPage\":{\"@id\":\"https:\/\/wifi.se\/de\/product\/roaming-sim-europa-mit-100-gb-datenvolumen-5g-mit-voller-geschwindigkeit-keine-taeglichen-begrenzungen-jederzeit-aktivierbar\/#primaryimage\"},\"image\":{\"@id\":\"https:\/\/wifi.se\/de\/product\/roaming-sim-europa-mit-100-gb-datenvolumen-5g-mit-voller-geschwindigkeit-keine-taeglichen-begrenzungen-jederzeit-aktivierbar\/#primaryimage\"},\"thumbnailUrl\":\"https:\/\/wifi.se\/de\/wp-content\/uploads\/sites\/7\/2026\/01\/100GB_DE.png\",\"datePublished\":\"2026-01-20T10:10:56+00:00\",\"dateModified\":\"2026-04-10T16:07:57+00:00\",\"description\":\"Ej aktiverat Roaming-SIM - Aktivera vid behov. Perfekt att ha med sig p\u00e5 resan. Du beh\u00f6ver aldrig mer vara orolig att din surf tar slut i Europa.\",\"breadcrumb\":{\"@id\":\"https:\/\/wifi.se\/de\/product\/roaming-sim-europa-mit-100-gb-datenvolumen-5g-mit-voller-geschwindigkeit-keine-taeglichen-begrenzungen-jederzeit-aktivierbar\/#breadcrumb\"},\"inLanguage\":\"de\",\"potentialAction\":[{\"@type\":\"ReadAction\",\"target\":[\"https:\/\/wifi.se\/de\/product\/roaming-sim-europa-mit-100-gb-datenvolumen-5g-mit-voller-geschwindigkeit-keine-taeglichen-begrenzungen-jederzeit-aktivierbar\/\"]}]},{\"@type\":\"ImageObject\",\"inLanguage\":\"de\",\"@id\":\"https:\/\/wifi.se\/de\/product\/roaming-sim-europa-mit-100-gb-datenvolumen-5g-mit-voller-geschwindigkeit-keine-taeglichen-begrenzungen-jederzeit-aktivierbar\/#primaryimage\",\"url\":\"https:\/\/wifi.se\/de\/wp-content\/uploads\/sites\/7\/2026\/01\/100GB_DE.png\",\"contentUrl\":\"https:\/\/wifi.se\/de\/wp-content\/uploads\/sites\/7\/2026\/01\/100GB_DE.png\",\"width\":800,\"height\":709,\"caption\":\"100 GB\"},{\"@type\":\"BreadcrumbList\",\"@id\":\"https:\/\/wifi.se\/de\/product\/roaming-sim-europa-mit-100-gb-datenvolumen-5g-mit-voller-geschwindigkeit-keine-taeglichen-begrenzungen-jederzeit-aktivierbar\/#breadcrumb\",\"itemListElement\":[{\"@type\":\"ListItem\",\"position\":1,\"name\":\"Hem\",\"item\":\"https:\/\/wifi.se\/de\/\"},{\"@type\":\"ListItem\",\"position\":2,\"name\":\"BUTIK\",\"item\":\"https:\/\/wifi.se\/de\/butik\/\"},{\"@type\":\"ListItem\",\"position\":3,\"name\":\"Roaming-SIM Europa \u2013 5G in voller Geschwindigkeit. Kein Datentarif enthalten. Aktivieren Sie die SIM-Karte und w\u00e4hlen Sie 100 GB Datenvolumen, wann immer Sie m\u00f6chten.\"}]},{\"@type\":\"WebSite\",\"@id\":\"https:\/\/wifi.se\/de\/#website\",\"url\":\"https:\/\/wifi.se\/de\/\",\"name\":\"WIFI.SE\/DE\",\"description\":\"INTERNET \u00dcBERALL\",\"potentialAction\":[{\"@type\":\"SearchAction\",\"target\":{\"@type\":\"EntryPoint\",\"urlTemplate\":\"https:\/\/wifi.se\/de\/?s={search_term_string}\"},\"query-input\":{\"@type\":\"PropertyValueSpecification\",\"valueRequired\":true,\"valueName\":\"search_term_string\"}}],\"inLanguage\":\"de\"}]}<\/script>\n<!-- \/ Yoast SEO plugin. -->","yoast_head_json":{"title":"Roaming-SIM Europa \u2013 5G in voller Geschwindigkeit. Kein Datentarif enthalten. Aktivieren Sie die SIM-Karte und w\u00e4hlen Sie 100 GB Datenvolumen, wann immer Sie m\u00f6chten. - WIFI.SE\/DE","description":"Ej aktiverat Roaming-SIM - Aktivera vid behov. Perfekt att ha med sig p\u00e5 resan. Du beh\u00f6ver aldrig mer vara orolig att din surf tar slut i Europa.","robots":{"index":"index","follow":"follow","max-snippet":"max-snippet:-1","max-image-preview":"max-image-preview:large","max-video-preview":"max-video-preview:-1"},"canonical":"https:\/\/wifi.se\/de\/product\/roaming-sim-europa-mit-100-gb-datenvolumen-5g-mit-voller-geschwindigkeit-keine-taeglichen-begrenzungen-jederzeit-aktivierbar\/","og_locale":"de_DE","og_type":"article","og_title":"Roaming-SIM Europa \u2013 5G in voller Geschwindigkeit. Kein Datentarif enthalten. Aktivieren Sie die SIM-Karte und w\u00e4hlen Sie 100 GB Datenvolumen, wann immer Sie m\u00f6chten. - WIFI.SE\/DE","og_description":"Ej aktiverat Roaming-SIM - Aktivera vid behov. Perfekt att ha med sig p\u00e5 resan. Du beh\u00f6ver aldrig mer vara orolig att din surf tar slut i Europa.","og_url":"https:\/\/wifi.se\/de\/product\/roaming-sim-europa-mit-100-gb-datenvolumen-5g-mit-voller-geschwindigkeit-keine-taeglichen-begrenzungen-jederzeit-aktivierbar\/","og_site_name":"WIFI.SE\/DE","article_modified_time":"2026-04-10T16:07:57+00:00","og_image":[{"width":800,"height":709,"url":"https:\/\/wifi.se\/de\/wp-content\/uploads\/sites\/7\/2026\/01\/100GB_DE.png","type":"image\/png"}],"twitter_card":"summary_large_image","twitter_misc":{"Gesch\u00e4tzte Lesezeit":"1\u00a0Minute"},"schema":{"@context":"https:\/\/schema.org","@graph":[{"@type":"WebPage","@id":"https:\/\/wifi.se\/de\/product\/roaming-sim-europa-mit-100-gb-datenvolumen-5g-mit-voller-geschwindigkeit-keine-taeglichen-begrenzungen-jederzeit-aktivierbar\/","url":"https:\/\/wifi.se\/de\/product\/roaming-sim-europa-mit-100-gb-datenvolumen-5g-mit-voller-geschwindigkeit-keine-taeglichen-begrenzungen-jederzeit-aktivierbar\/","name":"Roaming-SIM Europa \u2013 5G in voller Geschwindigkeit. Kein Datentarif enthalten. Aktivieren Sie die SIM-Karte und w\u00e4hlen Sie 100 GB Datenvolumen, wann immer Sie m\u00f6chten. - WIFI.SE\/DE","isPartOf":{"@id":"https:\/\/wifi.se\/de\/#website"},"primaryImageOfPage":{"@id":"https:\/\/wifi.se\/de\/product\/roaming-sim-europa-mit-100-gb-datenvolumen-5g-mit-voller-geschwindigkeit-keine-taeglichen-begrenzungen-jederzeit-aktivierbar\/#primaryimage"},"image":{"@id":"https:\/\/wifi.se\/de\/product\/roaming-sim-europa-mit-100-gb-datenvolumen-5g-mit-voller-geschwindigkeit-keine-taeglichen-begrenzungen-jederzeit-aktivierbar\/#primaryimage"},"thumbnailUrl":"https:\/\/wifi.se\/de\/wp-content\/uploads\/sites\/7\/2026\/01\/100GB_DE.png","datePublished":"2026-01-20T10:10:56+00:00","dateModified":"2026-04-10T16:07:57+00:00","description":"Ej aktiverat Roaming-SIM - Aktivera vid behov. Perfekt att ha med sig p\u00e5 resan. Du beh\u00f6ver aldrig mer vara orolig att din surf tar slut i Europa.","breadcrumb":{"@id":"https:\/\/wifi.se\/de\/product\/roaming-sim-europa-mit-100-gb-datenvolumen-5g-mit-voller-geschwindigkeit-keine-taeglichen-begrenzungen-jederzeit-aktivierbar\/#breadcrumb"},"inLanguage":"de","potentialAction":[{"@type":"ReadAction","target":["https:\/\/wifi.se\/de\/product\/roaming-sim-europa-mit-100-gb-datenvolumen-5g-mit-voller-geschwindigkeit-keine-taeglichen-begrenzungen-jederzeit-aktivierbar\/"]}]},{"@type":"ImageObject","inLanguage":"de","@id":"https:\/\/wifi.se\/de\/product\/roaming-sim-europa-mit-100-gb-datenvolumen-5g-mit-voller-geschwindigkeit-keine-taeglichen-begrenzungen-jederzeit-aktivierbar\/#primaryimage","url":"https:\/\/wifi.se\/de\/wp-content\/uploads\/sites\/7\/2026\/01\/100GB_DE.png","contentUrl":"https:\/\/wifi.se\/de\/wp-content\/uploads\/sites\/7\/2026\/01\/100GB_DE.png","width":800,"height":709,"caption":"100 GB"},{"@type":"BreadcrumbList","@id":"https:\/\/wifi.se\/de\/product\/roaming-sim-europa-mit-100-gb-datenvolumen-5g-mit-voller-geschwindigkeit-keine-taeglichen-begrenzungen-jederzeit-aktivierbar\/#breadcrumb","itemListElement":[{"@type":"ListItem","position":1,"name":"Hem","item":"https:\/\/wifi.se\/de\/"},{"@type":"ListItem","position":2,"name":"BUTIK","item":"https:\/\/wifi.se\/de\/butik\/"},{"@type":"ListItem","position":3,"name":"Roaming-SIM Europa \u2013 5G in voller Geschwindigkeit. Kein Datentarif enthalten. Aktivieren Sie die SIM-Karte und w\u00e4hlen Sie 100 GB Datenvolumen, wann immer Sie m\u00f6chten."}]},{"@type":"WebSite","@id":"https:\/\/wifi.se\/de\/#website","url":"https:\/\/wifi.se\/de\/","name":"WIFI.SE\/DE","description":"INTERNET \u00dcBERALL","potentialAction":[{"@type":"SearchAction","target":{"@type":"EntryPoint","urlTemplate":"https:\/\/wifi.se\/de\/?s={search_term_string}"},"query-input":{"@type":"PropertyValueSpecification","valueRequired":true,"valueName":"search_term_string"}}],"inLanguage":"de"}]}},"_links":{"self":[{"href":"https:\/\/wifi.se\/de\/wp-json\/wp\/v2\/product\/32680","targetHints":{"allow":["GET"]}}],"collection":[{"href":"https:\/\/wifi.se\/de\/wp-json\/wp\/v2\/product"}],"about":[{"href":"https:\/\/wifi.se\/de\/wp-json\/wp\/v2\/types\/product"}],"wp:featuredmedia":[{"embeddable":true,"href":"https:\/\/wifi.se\/de\/wp-json\/wp\/v2\/media\/32681"}],"wp:attachment":[{"href":"https:\/\/wifi.se\/de\/wp-json\/wp\/v2\/media?parent=32680"}],"wp:term":[{"taxonomy":"product_brand","embeddable":true,"href":"https:\/\/wifi.se\/de\/wp-json\/wp\/v2\/product_brand?post=32680"},{"taxonomy":"product_cat","embeddable":true,"href":"https:\/\/wifi.se\/de\/wp-json\/wp\/v2\/product_cat?post=32680"},{"taxonomy":"product_tag","embeddable":true,"href":"https:\/\/wifi.se\/de\/wp-json\/wp\/v2\/product_tag?post=32680"}],"curies":[{"name":"wp","href":"https:\/\/api.w.org\/{rel}","templated":true}]}}