{"id":32668,"date":"2026-01-15T15:43:21","date_gmt":"2026-01-15T13:43:21","guid":{"rendered":"https:\/\/wifi.se\/de\/?post_type=product&#038;p=32668"},"modified":"2026-04-10T18:06:40","modified_gmt":"2026-04-10T16:06:40","slug":"spanien-spezial-sim-waehlen-sie-zwischen-1-6-monaten-insgesamt-400-gb-sim-davon-100-gb-fuer-europa-und-300-gb-in-spanien","status":"publish","type":"product","link":"https:\/\/wifi.se\/de\/product\/spanien-spezial-sim-waehlen-sie-zwischen-1-6-monaten-insgesamt-400-gb-sim-davon-100-gb-fuer-europa-und-300-gb-in-spanien\/","title":{"rendered":"Roaming-SIM Spanien Spezial. Kein Datentarif enthalten. 5G in voller Geschwindigkeit, keine t\u00e4glichen Limits, Aktivierung jederzeit m\u00f6glich.-Karte und w\u00e4hlen Sie 100 GB Datenvolumen, wann immer Sie m\u00f6chten."},"content":{"rendered":"<p data-start=\"25\" data-end=\"310\">Wifi.se bietet eine einzigartige SIM-Karte f\u00fcr Kunden, die l\u00e4ngere Zeit in Spanien verbringen, aber auch durch Europa reisen. Die SIM umfasst 100 GB zur Nutzung in ganz Europa sowie zus\u00e4tzlich 300 GB ausschlie\u00dflich f\u00fcr Spanien, sodass Ihnen insgesamt 400 GB Daten zur Verf\u00fcgung stehen.<\/p>\n<p data-start=\"312\" data-end=\"590\">Sie k\u00f6nnen die SIM w\u00e4hrend Ihrer Reise durch Europa nutzen und haben bei Ihrer Ankunft in Spanien weiterhin ausreichend Daten zur Verf\u00fcgung. Wenn Sie unterwegs keine Daten verbrauchen, stehen Ihnen bei der Ankunft in Spanien die vollen 300 GB exklusiv f\u00fcr Spanien zur Verf\u00fcgung.<\/p>\n<p data-start=\"592\" data-end=\"772\">Die SIM funktioniert auf Prepaid-Basis. Sie k\u00f6nnen eine Aktivierungsdauer von 1 bis 6 Monaten w\u00e4hlen. Die SIM wird beim Versand nicht aktiviert \u2013 Sie entscheiden, wann sie startet.<\/p>\n<p data-start=\"774\" data-end=\"997\">Nach der Bestellung erhalten Sie Zugang zu \u201eMeine Seiten\u201c, wo Sie Ihren Datentarif und den Aktivierungszeitraum ausw\u00e4hlen. Sobald der Tarif bezahlt ist, wird Ihre SIM aktiviert und ist pro ausgew\u00e4hltem Monat 30 Tage g\u00fcltig.<\/p>\n<p data-start=\"999\" data-end=\"1039\" data-is-last-node=\"\" data-is-only-node=\"\">Die Preise beginnen ab 79 EUR pro Monat.<\/p>\n","protected":false},"excerpt":{"rendered":"<p data-start=\"68\" data-end=\"205\">Roaming-SIM f\u00fcr alle, die eine schnelle und stabile Verbindung innerhalb der EU sowie im Vereinigten K\u00f6nigreich und in Norwegen w\u00fcnschen.<\/p>\n<p data-start=\"207\" data-end=\"351\">Bietet 5G mit voller Geschwindigkeit ohne t\u00e4gliche Begrenzungen und eignet sich f\u00fcr Reisen, Streaming, mobiles Arbeiten und l\u00e4ngere Aufenthalte.<\/p>\n<p data-start=\"353\" data-end=\"606\" data-is-last-node=\"\" data-is-only-node=\"\">Bei einer Zahlung von <strong data-start=\"375\" data-end=\"383\">10 \u20ac<\/strong> erhalten Sie zwei Roaming-SIM-Karten und werden als Kunde bei uns registriert, mit Zugang zu <strong data-start=\"477\" data-end=\"489\">My Pages<\/strong>, Ihrer pers\u00f6nlichen Kundenseite.<br data-start=\"522\" data-end=\"525\" \/>Datentarif und G\u00fcltigkeitsdauer w\u00e4hlen und bezahlen Sie erst bei der Aktivierung.<\/p>\n","protected":false},"featured_media":32669,"template":"","meta":{"_acf_changed":false},"product_brand":[],"product_cat":[463,472],"product_tag":[484,483],"class_list":{"0":"post-32668","1":"product","2":"type-product","3":"status-publish","4":"has-post-thumbnail","6":"product_cat-sim-kort","7":"product_cat-sim-roaming-europa","8":"product_tag-400gbspain","9":"product_tag-spanien-spezial","10":"product_shipping_class-sim-kort","12":"first","13":"instock","14":"taxable","15":"shipping-taxable","16":"purchasable","17":"product-type-simple"},"bundled_by":[],"bundle_stock_status":"instock","bundle_stock_quantity":null,"bundle_virtual":false,"bundle_layout":"","bundle_add_to_cart_form_location":"","bundle_editable_in_cart":false,"bundle_sold_individually_context":"","bundle_item_grouping":"","bundle_min_size":"","bundle_max_size":"","bundle_price":[],"bundled_items":[],"bundle_sell_ids":[],"acf":{"accounting_number":"","accounting_number_kopiera2":"","accounting_number_kopiera3":"","accounting_number_kopiera4":"","accounting_number_kopiera5":"","accounting_number_kopiera6":""},"yoast_head":"<!-- This site is optimized with the Yoast SEO plugin v27.1.1 - https:\/\/yoast.com\/product\/yoast-seo-wordpress\/ -->\n<title>Roaming-SIM Spanien Spezial. Kein Datentarif enthalten. 5G in voller Geschwindigkeit, keine t\u00e4glichen Limits, Aktivierung jederzeit m\u00f6glich.-Karte und w\u00e4hlen Sie 100 GB Datenvolumen, wann immer Sie m\u00f6chten. - WIFI.SE\/DE<\/title>\n<meta name=\"description\" content=\"Ej aktiverat Roaming-SIM - Aktivera vid behov. Perfekt att ha med sig p\u00e5 resan. Du beh\u00f6ver aldrig mer vara orolig att din surf tar slut i Europa.\" \/>\n<meta name=\"robots\" content=\"index, follow, max-snippet:-1, max-image-preview:large, max-video-preview:-1\" \/>\n<link rel=\"canonical\" href=\"https:\/\/wifi.se\/de\/product\/spanien-spezial-sim-waehlen-sie-zwischen-1-6-monaten-insgesamt-400-gb-sim-davon-100-gb-fuer-europa-und-300-gb-in-spanien\/\" \/>\n<meta property=\"og:locale\" content=\"de_DE\" \/>\n<meta property=\"og:type\" content=\"article\" \/>\n<meta property=\"og:title\" content=\"Roaming-SIM Spanien Spezial. Kein Datentarif enthalten. 5G in voller Geschwindigkeit, keine t\u00e4glichen Limits, Aktivierung jederzeit m\u00f6glich.-Karte und w\u00e4hlen Sie 100 GB Datenvolumen, wann immer Sie m\u00f6chten. - WIFI.SE\/DE\" \/>\n<meta property=\"og:description\" content=\"Ej aktiverat Roaming-SIM - Aktivera vid behov. Perfekt att ha med sig p\u00e5 resan. Du beh\u00f6ver aldrig mer vara orolig att din surf tar slut i Europa.\" \/>\n<meta property=\"og:url\" content=\"https:\/\/wifi.se\/de\/product\/spanien-spezial-sim-waehlen-sie-zwischen-1-6-monaten-insgesamt-400-gb-sim-davon-100-gb-fuer-europa-und-300-gb-in-spanien\/\" \/>\n<meta property=\"og:site_name\" content=\"WIFI.SE\/DE\" \/>\n<meta property=\"article:modified_time\" content=\"2026-04-10T16:06:40+00:00\" \/>\n<meta property=\"og:image\" content=\"https:\/\/wifi.se\/de\/wp-content\/uploads\/sites\/7\/2026\/01\/spain_de_01.png\" \/>\n\t<meta property=\"og:image:width\" content=\"800\" \/>\n\t<meta property=\"og:image:height\" content=\"800\" \/>\n\t<meta property=\"og:image:type\" content=\"image\/png\" \/>\n<meta name=\"twitter:card\" content=\"summary_large_image\" \/>\n<meta name=\"twitter:label1\" content=\"Gesch\u00e4tzte Lesezeit\" \/>\n\t<meta name=\"twitter:data1\" content=\"2\u00a0Minuten\" \/>\n<script type=\"application\/ld+json\" class=\"yoast-schema-graph\">{\"@context\":\"https:\/\/schema.org\",\"@graph\":[{\"@type\":\"WebPage\",\"@id\":\"https:\/\/wifi.se\/de\/product\/spanien-spezial-sim-waehlen-sie-zwischen-1-6-monaten-insgesamt-400-gb-sim-davon-100-gb-fuer-europa-und-300-gb-in-spanien\/\",\"url\":\"https:\/\/wifi.se\/de\/product\/spanien-spezial-sim-waehlen-sie-zwischen-1-6-monaten-insgesamt-400-gb-sim-davon-100-gb-fuer-europa-und-300-gb-in-spanien\/\",\"name\":\"Roaming-SIM Spanien Spezial. Kein Datentarif enthalten. 5G in voller Geschwindigkeit, keine t\u00e4glichen Limits, Aktivierung jederzeit m\u00f6glich.-Karte und w\u00e4hlen Sie 100 GB Datenvolumen, wann immer Sie m\u00f6chten. - WIFI.SE\/DE\",\"isPartOf\":{\"@id\":\"https:\/\/wifi.se\/de\/#website\"},\"primaryImageOfPage\":{\"@id\":\"https:\/\/wifi.se\/de\/product\/spanien-spezial-sim-waehlen-sie-zwischen-1-6-monaten-insgesamt-400-gb-sim-davon-100-gb-fuer-europa-und-300-gb-in-spanien\/#primaryimage\"},\"image\":{\"@id\":\"https:\/\/wifi.se\/de\/product\/spanien-spezial-sim-waehlen-sie-zwischen-1-6-monaten-insgesamt-400-gb-sim-davon-100-gb-fuer-europa-und-300-gb-in-spanien\/#primaryimage\"},\"thumbnailUrl\":\"https:\/\/wifi.se\/de\/wp-content\/uploads\/sites\/7\/2026\/01\/spain_de_01.png\",\"datePublished\":\"2026-01-15T13:43:21+00:00\",\"dateModified\":\"2026-04-10T16:06:40+00:00\",\"description\":\"Ej aktiverat Roaming-SIM - Aktivera vid behov. Perfekt att ha med sig p\u00e5 resan. Du beh\u00f6ver aldrig mer vara orolig att din surf tar slut i Europa.\",\"breadcrumb\":{\"@id\":\"https:\/\/wifi.se\/de\/product\/spanien-spezial-sim-waehlen-sie-zwischen-1-6-monaten-insgesamt-400-gb-sim-davon-100-gb-fuer-europa-und-300-gb-in-spanien\/#breadcrumb\"},\"inLanguage\":\"de\",\"potentialAction\":[{\"@type\":\"ReadAction\",\"target\":[\"https:\/\/wifi.se\/de\/product\/spanien-spezial-sim-waehlen-sie-zwischen-1-6-monaten-insgesamt-400-gb-sim-davon-100-gb-fuer-europa-und-300-gb-in-spanien\/\"]}]},{\"@type\":\"ImageObject\",\"inLanguage\":\"de\",\"@id\":\"https:\/\/wifi.se\/de\/product\/spanien-spezial-sim-waehlen-sie-zwischen-1-6-monaten-insgesamt-400-gb-sim-davon-100-gb-fuer-europa-und-300-gb-in-spanien\/#primaryimage\",\"url\":\"https:\/\/wifi.se\/de\/wp-content\/uploads\/sites\/7\/2026\/01\/spain_de_01.png\",\"contentUrl\":\"https:\/\/wifi.se\/de\/wp-content\/uploads\/sites\/7\/2026\/01\/spain_de_01.png\",\"width\":800,\"height\":800},{\"@type\":\"BreadcrumbList\",\"@id\":\"https:\/\/wifi.se\/de\/product\/spanien-spezial-sim-waehlen-sie-zwischen-1-6-monaten-insgesamt-400-gb-sim-davon-100-gb-fuer-europa-und-300-gb-in-spanien\/#breadcrumb\",\"itemListElement\":[{\"@type\":\"ListItem\",\"position\":1,\"name\":\"Hem\",\"item\":\"https:\/\/wifi.se\/de\/\"},{\"@type\":\"ListItem\",\"position\":2,\"name\":\"BUTIK\",\"item\":\"https:\/\/wifi.se\/de\/butik\/\"},{\"@type\":\"ListItem\",\"position\":3,\"name\":\"Roaming-SIM Spanien Spezial. Kein Datentarif enthalten. 5G in voller Geschwindigkeit, keine t\u00e4glichen Limits, Aktivierung jederzeit m\u00f6glich.-Karte und w\u00e4hlen Sie 100 GB Datenvolumen, wann immer Sie m\u00f6chten.\"}]},{\"@type\":\"WebSite\",\"@id\":\"https:\/\/wifi.se\/de\/#website\",\"url\":\"https:\/\/wifi.se\/de\/\",\"name\":\"WIFI.SE\/DE\",\"description\":\"INTERNET \u00dcBERALL\",\"potentialAction\":[{\"@type\":\"SearchAction\",\"target\":{\"@type\":\"EntryPoint\",\"urlTemplate\":\"https:\/\/wifi.se\/de\/?s={search_term_string}\"},\"query-input\":{\"@type\":\"PropertyValueSpecification\",\"valueRequired\":true,\"valueName\":\"search_term_string\"}}],\"inLanguage\":\"de\"}]}<\/script>\n<!-- \/ Yoast SEO plugin. -->","yoast_head_json":{"title":"Roaming-SIM Spanien Spezial. Kein Datentarif enthalten. 5G in voller Geschwindigkeit, keine t\u00e4glichen Limits, Aktivierung jederzeit m\u00f6glich.-Karte und w\u00e4hlen Sie 100 GB Datenvolumen, wann immer Sie m\u00f6chten. - WIFI.SE\/DE","description":"Ej aktiverat Roaming-SIM - Aktivera vid behov. Perfekt att ha med sig p\u00e5 resan. Du beh\u00f6ver aldrig mer vara orolig att din surf tar slut i Europa.","robots":{"index":"index","follow":"follow","max-snippet":"max-snippet:-1","max-image-preview":"max-image-preview:large","max-video-preview":"max-video-preview:-1"},"canonical":"https:\/\/wifi.se\/de\/product\/spanien-spezial-sim-waehlen-sie-zwischen-1-6-monaten-insgesamt-400-gb-sim-davon-100-gb-fuer-europa-und-300-gb-in-spanien\/","og_locale":"de_DE","og_type":"article","og_title":"Roaming-SIM Spanien Spezial. Kein Datentarif enthalten. 5G in voller Geschwindigkeit, keine t\u00e4glichen Limits, Aktivierung jederzeit m\u00f6glich.-Karte und w\u00e4hlen Sie 100 GB Datenvolumen, wann immer Sie m\u00f6chten. - WIFI.SE\/DE","og_description":"Ej aktiverat Roaming-SIM - Aktivera vid behov. Perfekt att ha med sig p\u00e5 resan. Du beh\u00f6ver aldrig mer vara orolig att din surf tar slut i Europa.","og_url":"https:\/\/wifi.se\/de\/product\/spanien-spezial-sim-waehlen-sie-zwischen-1-6-monaten-insgesamt-400-gb-sim-davon-100-gb-fuer-europa-und-300-gb-in-spanien\/","og_site_name":"WIFI.SE\/DE","article_modified_time":"2026-04-10T16:06:40+00:00","og_image":[{"width":800,"height":800,"url":"https:\/\/wifi.se\/de\/wp-content\/uploads\/sites\/7\/2026\/01\/spain_de_01.png","type":"image\/png"}],"twitter_card":"summary_large_image","twitter_misc":{"Gesch\u00e4tzte Lesezeit":"2\u00a0Minuten"},"schema":{"@context":"https:\/\/schema.org","@graph":[{"@type":"WebPage","@id":"https:\/\/wifi.se\/de\/product\/spanien-spezial-sim-waehlen-sie-zwischen-1-6-monaten-insgesamt-400-gb-sim-davon-100-gb-fuer-europa-und-300-gb-in-spanien\/","url":"https:\/\/wifi.se\/de\/product\/spanien-spezial-sim-waehlen-sie-zwischen-1-6-monaten-insgesamt-400-gb-sim-davon-100-gb-fuer-europa-und-300-gb-in-spanien\/","name":"Roaming-SIM Spanien Spezial. Kein Datentarif enthalten. 5G in voller Geschwindigkeit, keine t\u00e4glichen Limits, Aktivierung jederzeit m\u00f6glich.-Karte und w\u00e4hlen Sie 100 GB Datenvolumen, wann immer Sie m\u00f6chten. - WIFI.SE\/DE","isPartOf":{"@id":"https:\/\/wifi.se\/de\/#website"},"primaryImageOfPage":{"@id":"https:\/\/wifi.se\/de\/product\/spanien-spezial-sim-waehlen-sie-zwischen-1-6-monaten-insgesamt-400-gb-sim-davon-100-gb-fuer-europa-und-300-gb-in-spanien\/#primaryimage"},"image":{"@id":"https:\/\/wifi.se\/de\/product\/spanien-spezial-sim-waehlen-sie-zwischen-1-6-monaten-insgesamt-400-gb-sim-davon-100-gb-fuer-europa-und-300-gb-in-spanien\/#primaryimage"},"thumbnailUrl":"https:\/\/wifi.se\/de\/wp-content\/uploads\/sites\/7\/2026\/01\/spain_de_01.png","datePublished":"2026-01-15T13:43:21+00:00","dateModified":"2026-04-10T16:06:40+00:00","description":"Ej aktiverat Roaming-SIM - Aktivera vid behov. Perfekt att ha med sig p\u00e5 resan. Du beh\u00f6ver aldrig mer vara orolig att din surf tar slut i Europa.","breadcrumb":{"@id":"https:\/\/wifi.se\/de\/product\/spanien-spezial-sim-waehlen-sie-zwischen-1-6-monaten-insgesamt-400-gb-sim-davon-100-gb-fuer-europa-und-300-gb-in-spanien\/#breadcrumb"},"inLanguage":"de","potentialAction":[{"@type":"ReadAction","target":["https:\/\/wifi.se\/de\/product\/spanien-spezial-sim-waehlen-sie-zwischen-1-6-monaten-insgesamt-400-gb-sim-davon-100-gb-fuer-europa-und-300-gb-in-spanien\/"]}]},{"@type":"ImageObject","inLanguage":"de","@id":"https:\/\/wifi.se\/de\/product\/spanien-spezial-sim-waehlen-sie-zwischen-1-6-monaten-insgesamt-400-gb-sim-davon-100-gb-fuer-europa-und-300-gb-in-spanien\/#primaryimage","url":"https:\/\/wifi.se\/de\/wp-content\/uploads\/sites\/7\/2026\/01\/spain_de_01.png","contentUrl":"https:\/\/wifi.se\/de\/wp-content\/uploads\/sites\/7\/2026\/01\/spain_de_01.png","width":800,"height":800},{"@type":"BreadcrumbList","@id":"https:\/\/wifi.se\/de\/product\/spanien-spezial-sim-waehlen-sie-zwischen-1-6-monaten-insgesamt-400-gb-sim-davon-100-gb-fuer-europa-und-300-gb-in-spanien\/#breadcrumb","itemListElement":[{"@type":"ListItem","position":1,"name":"Hem","item":"https:\/\/wifi.se\/de\/"},{"@type":"ListItem","position":2,"name":"BUTIK","item":"https:\/\/wifi.se\/de\/butik\/"},{"@type":"ListItem","position":3,"name":"Roaming-SIM Spanien Spezial. Kein Datentarif enthalten. 5G in voller Geschwindigkeit, keine t\u00e4glichen Limits, Aktivierung jederzeit m\u00f6glich.-Karte und w\u00e4hlen Sie 100 GB Datenvolumen, wann immer Sie m\u00f6chten."}]},{"@type":"WebSite","@id":"https:\/\/wifi.se\/de\/#website","url":"https:\/\/wifi.se\/de\/","name":"WIFI.SE\/DE","description":"INTERNET \u00dcBERALL","potentialAction":[{"@type":"SearchAction","target":{"@type":"EntryPoint","urlTemplate":"https:\/\/wifi.se\/de\/?s={search_term_string}"},"query-input":{"@type":"PropertyValueSpecification","valueRequired":true,"valueName":"search_term_string"}}],"inLanguage":"de"}]}},"_links":{"self":[{"href":"https:\/\/wifi.se\/de\/wp-json\/wp\/v2\/product\/32668","targetHints":{"allow":["GET"]}}],"collection":[{"href":"https:\/\/wifi.se\/de\/wp-json\/wp\/v2\/product"}],"about":[{"href":"https:\/\/wifi.se\/de\/wp-json\/wp\/v2\/types\/product"}],"wp:featuredmedia":[{"embeddable":true,"href":"https:\/\/wifi.se\/de\/wp-json\/wp\/v2\/media\/32669"}],"wp:attachment":[{"href":"https:\/\/wifi.se\/de\/wp-json\/wp\/v2\/media?parent=32668"}],"wp:term":[{"taxonomy":"product_brand","embeddable":true,"href":"https:\/\/wifi.se\/de\/wp-json\/wp\/v2\/product_brand?post=32668"},{"taxonomy":"product_cat","embeddable":true,"href":"https:\/\/wifi.se\/de\/wp-json\/wp\/v2\/product_cat?post=32668"},{"taxonomy":"product_tag","embeddable":true,"href":"https:\/\/wifi.se\/de\/wp-json\/wp\/v2\/product_tag?post=32668"}],"curies":[{"name":"wp","href":"https:\/\/api.w.org\/{rel}","templated":true}]}}