{"id":32665,"date":"2026-01-15T15:38:26","date_gmt":"2026-01-15T13:38:26","guid":{"rendered":"https:\/\/wifi.se\/de\/?post_type=product&#038;p=32665"},"modified":"2026-04-10T18:16:13","modified_gmt":"2026-04-10T16:16:13","slug":"roaming-esim-spanien-special-100-gb-roaming-plus-300-gb-in-spanien-oder-400-gb-in-spanien-5g-mit-voller-geschwindigkeit-keine-taeglichen-begrenzungen-jederzeit-aktivierbar","status":"publish","type":"product","link":"https:\/\/wifi.se\/de\/product\/roaming-esim-spanien-special-100-gb-roaming-plus-300-gb-in-spanien-oder-400-gb-in-spanien-5g-mit-voller-geschwindigkeit-keine-taeglichen-begrenzungen-jederzeit-aktivierbar\/","title":{"rendered":"Roaming-eSIM Spanien Special: 100 GB Roaming plus 300 GB in Spanien oder 400 GB in Spanien. 5G mit voller Geschwindigkeit, keine t\u00e4glichen Begrenzungen, jederzeit aktivierbar."},"content":{"rendered":"<p data-start=\"0\" data-end=\"220\">Wenn Sie unser <strong data-start=\"15\" data-end=\"41\">digitales Roaming-eSIM<\/strong> bestellen, erfolgt <strong data-start=\"61\" data-end=\"90\">keine physische Lieferung<\/strong>. Stattdessen erhalten Sie einen <strong data-start=\"123\" data-end=\"145\">QR-Code per E-Mail<\/strong>, der auch auf <strong data-start=\"160\" data-end=\"172\">My Pages<\/strong>, Ihrer pers\u00f6nlichen Kundenseite, verf\u00fcgbar ist.<\/p>\n<p data-start=\"222\" data-end=\"367\">Bei der Bestellung ist <strong data-start=\"245\" data-end=\"274\">kein Datentarif enthalten<\/strong>. So k\u00f6nnen Sie das eSIM erst dann aktivieren, wenn Sie die Verbindung tats\u00e4chlich ben\u00f6tigen.<\/p>\n<p><strong data-start=\"678\" data-end=\"688\">Preis:<\/strong> <strong data-start=\"689\" data-end=\"709\">79 \u20ac f\u00fcr 1 Monat<\/strong><br data-start=\"709\" data-end=\"712\" \/>(Die Laufzeit kann flexibel zwischen <strong data-start=\"749\" data-end=\"768\">1 und 6 Monaten<\/strong> gew\u00e4hlt werden.)<\/p>\n<p data-start=\"369\" data-end=\"467\">Sie w\u00e4hlen den Datentarif und die G\u00fcltigkeitsdauer zwischen <strong data-start=\"429\" data-end=\"448\">1 und 6 Monaten<\/strong> \u00fcber <strong data-start=\"454\" data-end=\"466\">My Pages<\/strong>.<\/p>\n<p data-start=\"469\" data-end=\"648\"><strong data-start=\"469\" data-end=\"498\">Spain Special beinhaltet:<\/strong><br data-start=\"498\" data-end=\"501\" \/>100 GB Roaming innerhalb der EU sowie im Vereinigten K\u00f6nigreich und in Norwegen <strong data-start=\"581\" data-end=\"589\">plus<\/strong> 300 GB Daten in Spanien, <strong data-start=\"615\" data-end=\"623\">oder<\/strong> 400 GB Daten in Spanien.<\/p>\n<p data-start=\"650\" data-end=\"778\">Sobald der Datentarif ausgew\u00e4hlt und bezahlt wurde, wird das eSIM <strong data-start=\"716\" data-end=\"748\">noch am selben Tag aktiviert<\/strong> und ist sofort einsatzbereit.<\/p>\n<p data-start=\"780\" data-end=\"1027\">Bitte beachten Sie, dass ein eSIM an das Ger\u00e4t gebunden ist, auf dem es installiert wird, und nicht auf ein anderes Ger\u00e4t \u00fcbertragen werden kann.<br data-start=\"925\" data-end=\"928\" \/>Im Gegensatz zu einer physischen SIM kann ein eSIM <strong data-start=\"979\" data-end=\"1019\">nur einmal installiert und aktiviert<\/strong> werden.<\/p>\n<p data-start=\"1029\" data-end=\"1165\">Keine Vertragsbindung und keine automatische Verl\u00e4ngerung.<br data-start=\"1087\" data-end=\"1090\" \/>Bei Bedarf steht Ihnen pers\u00f6nlicher Support \u00fcber <strong data-start=\"1139\" data-end=\"1150\">Wifi.se<\/strong> zur Verf\u00fcgung.<\/p>\n<p data-start=\"1167\" data-end=\"1189\"><strong data-start=\"1167\" data-end=\"1189\">So funktioniert es:<\/strong><\/p>\n<ul>\n<li data-start=\"1191\" data-end=\"1207\">eSIM bestellen<\/li>\n<li data-start=\"1191\" data-end=\"1207\">QR-Code per E-Mail erhalten oder \u00fcber My Pages herunterladen<\/li>\n<li data-start=\"1273\" data-end=\"1366\">Aktivieren und bezahlen<\/li>\n<li data-start=\"1273\" data-end=\"1366\">Das eSIM wird am selben Tag aktiviert und ist sofort einsatzbereit.<\/li>\n<\/ul>\n","protected":false},"excerpt":{"rendered":"<p data-start=\"56\" data-end=\"201\">Digitales Roaming-eSIM f\u00fcr alle, die eine schnelle und stabile Internetverbindung innerhalb der EU sowie in Gro\u00dfbritannien und Norwegen w\u00fcnschen.<\/p>\n<p data-start=\"203\" data-end=\"350\">Bietet 5G mit voller Geschwindigkeit ohne t\u00e4gliche Begrenzungen und eignet sich ideal f\u00fcr Reisen, Streaming, Remote-Arbeit und l\u00e4ngere Aufenthalte.<\/p>\n<p data-start=\"352\" data-end=\"634\">Mit der Zahlung von 5 Euro werden Sie als Kunde bei uns registriert und erhalten Zugriff auf \u201eMeine Seiten\u201c, Ihr pers\u00f6nliches Kundenkonto.<br data-start=\"490\" data-end=\"493\" \/>Bitte beachten Sie, dass kein Datenpaket enthalten ist \u2013 Datenvolumen und Laufzeit w\u00e4hlen und bezahlen Sie erst bei der Aktivierung des eSIM.<\/p>\n<p data-start=\"636\" data-end=\"694\">Keine Vertragsbindung und keine automatische Verl\u00e4ngerung.<\/p>\n<p data-start=\"696\" data-end=\"738\" data-is-last-node=\"\" data-is-only-node=\"\">Erfordert ein Ger\u00e4t, das eSIM unterst\u00fctzt.<\/p>\n","protected":false},"featured_media":32666,"template":"","meta":{"_acf_changed":false},"product_brand":[],"product_cat":[472,446],"product_tag":[484,450,483],"class_list":{"0":"post-32665","1":"product","2":"type-product","3":"status-publish","4":"has-post-thumbnail","6":"product_cat-sim-roaming-europa","7":"product_cat-esim","8":"product_tag-400gbspain","9":"product_tag-esim","10":"product_tag-spanien-spezial","12":"first","13":"instock","14":"virtual","15":"taxable","16":"purchasable","17":"product-type-simple"},"bundled_by":[],"bundle_stock_status":"instock","bundle_stock_quantity":null,"bundle_virtual":false,"bundle_layout":"","bundle_add_to_cart_form_location":"","bundle_editable_in_cart":false,"bundle_sold_individually_context":"","bundle_item_grouping":"","bundle_min_size":"","bundle_max_size":"","bundle_price":[],"bundled_items":[],"bundle_sell_ids":[],"acf":{"accounting_number":"","accounting_number_kopiera2":"","accounting_number_kopiera3":"","accounting_number_kopiera4":"","accounting_number_kopiera5":"","accounting_number_kopiera6":""},"yoast_head":"<!-- This site is optimized with the Yoast SEO plugin v27.1.1 - https:\/\/yoast.com\/product\/yoast-seo-wordpress\/ -->\n<title>Roaming-eSIM Spanien Special: 100 GB Roaming plus 300 GB in Spanien oder 400 GB in Spanien. 5G mit voller Geschwindigkeit, keine t\u00e4glichen Begrenzungen, jederzeit aktivierbar. - WIFI.SE\/DE<\/title>\n<meta name=\"robots\" content=\"index, follow, max-snippet:-1, max-image-preview:large, max-video-preview:-1\" \/>\n<link rel=\"canonical\" href=\"https:\/\/wifi.se\/de\/product\/roaming-esim-spanien-special-100-gb-roaming-plus-300-gb-in-spanien-oder-400-gb-in-spanien-5g-mit-voller-geschwindigkeit-keine-taeglichen-begrenzungen-jederzeit-aktivierbar\/\" \/>\n<meta property=\"og:locale\" content=\"de_DE\" \/>\n<meta property=\"og:type\" content=\"article\" \/>\n<meta property=\"og:title\" content=\"Roaming-eSIM Spanien Special: 100 GB Roaming plus 300 GB in Spanien oder 400 GB in Spanien. 5G mit voller Geschwindigkeit, keine t\u00e4glichen Begrenzungen, jederzeit aktivierbar. - WIFI.SE\/DE\" \/>\n<meta property=\"og:description\" content=\"Digitales Roaming-eSIM f\u00fcr alle, die eine schnelle und stabile Internetverbindung innerhalb der EU sowie in Gro\u00dfbritannien und Norwegen w\u00fcnschen. Bietet 5G mit voller Geschwindigkeit ohne t\u00e4gliche Begrenzungen und eignet sich ideal f\u00fcr Reisen, Streaming, Remote-Arbeit und l\u00e4ngere Aufenthalte. Mit der Zahlung von 5 Euro werden Sie als Kunde bei uns registriert und erhalten Zugriff auf \u201eMeine Seiten\u201c, Ihr pers\u00f6nliches Kundenkonto.Bitte beachten Sie, dass kein Datenpaket enthalten ist \u2013 Datenvolumen und Laufzeit w\u00e4hlen und bezahlen Sie erst bei der Aktivierung des eSIM. Keine Vertragsbindung und keine automatische Verl\u00e4ngerung. Erfordert ein Ger\u00e4t, das eSIM unterst\u00fctzt.\" \/>\n<meta property=\"og:url\" content=\"https:\/\/wifi.se\/de\/product\/roaming-esim-spanien-special-100-gb-roaming-plus-300-gb-in-spanien-oder-400-gb-in-spanien-5g-mit-voller-geschwindigkeit-keine-taeglichen-begrenzungen-jederzeit-aktivierbar\/\" \/>\n<meta property=\"og:site_name\" content=\"WIFI.SE\/DE\" \/>\n<meta property=\"article:modified_time\" content=\"2026-04-10T16:16:13+00:00\" \/>\n<meta property=\"og:image\" content=\"https:\/\/wifi.se\/de\/wp-content\/uploads\/sites\/7\/2026\/01\/eSim_Spain_DE.png\" \/>\n\t<meta property=\"og:image:width\" content=\"800\" \/>\n\t<meta property=\"og:image:height\" content=\"800\" \/>\n\t<meta property=\"og:image:type\" content=\"image\/png\" \/>\n<meta name=\"twitter:card\" content=\"summary_large_image\" \/>\n<meta name=\"twitter:label1\" content=\"Gesch\u00e4tzte Lesezeit\" \/>\n\t<meta name=\"twitter:data1\" content=\"2\u00a0Minuten\" \/>\n<script type=\"application\/ld+json\" class=\"yoast-schema-graph\">{\"@context\":\"https:\/\/schema.org\",\"@graph\":[{\"@type\":\"WebPage\",\"@id\":\"https:\/\/wifi.se\/de\/product\/roaming-esim-spanien-special-100-gb-roaming-plus-300-gb-in-spanien-oder-400-gb-in-spanien-5g-mit-voller-geschwindigkeit-keine-taeglichen-begrenzungen-jederzeit-aktivierbar\/\",\"url\":\"https:\/\/wifi.se\/de\/product\/roaming-esim-spanien-special-100-gb-roaming-plus-300-gb-in-spanien-oder-400-gb-in-spanien-5g-mit-voller-geschwindigkeit-keine-taeglichen-begrenzungen-jederzeit-aktivierbar\/\",\"name\":\"Roaming-eSIM Spanien Special: 100 GB Roaming plus 300 GB in Spanien oder 400 GB in Spanien. 5G mit voller Geschwindigkeit, keine t\u00e4glichen Begrenzungen, jederzeit aktivierbar. - WIFI.SE\/DE\",\"isPartOf\":{\"@id\":\"https:\/\/wifi.se\/de\/#website\"},\"primaryImageOfPage\":{\"@id\":\"https:\/\/wifi.se\/de\/product\/roaming-esim-spanien-special-100-gb-roaming-plus-300-gb-in-spanien-oder-400-gb-in-spanien-5g-mit-voller-geschwindigkeit-keine-taeglichen-begrenzungen-jederzeit-aktivierbar\/#primaryimage\"},\"image\":{\"@id\":\"https:\/\/wifi.se\/de\/product\/roaming-esim-spanien-special-100-gb-roaming-plus-300-gb-in-spanien-oder-400-gb-in-spanien-5g-mit-voller-geschwindigkeit-keine-taeglichen-begrenzungen-jederzeit-aktivierbar\/#primaryimage\"},\"thumbnailUrl\":\"https:\/\/wifi.se\/de\/wp-content\/uploads\/sites\/7\/2026\/01\/eSim_Spain_DE.png\",\"datePublished\":\"2026-01-15T13:38:26+00:00\",\"dateModified\":\"2026-04-10T16:16:13+00:00\",\"breadcrumb\":{\"@id\":\"https:\/\/wifi.se\/de\/product\/roaming-esim-spanien-special-100-gb-roaming-plus-300-gb-in-spanien-oder-400-gb-in-spanien-5g-mit-voller-geschwindigkeit-keine-taeglichen-begrenzungen-jederzeit-aktivierbar\/#breadcrumb\"},\"inLanguage\":\"de\",\"potentialAction\":[{\"@type\":\"ReadAction\",\"target\":[\"https:\/\/wifi.se\/de\/product\/roaming-esim-spanien-special-100-gb-roaming-plus-300-gb-in-spanien-oder-400-gb-in-spanien-5g-mit-voller-geschwindigkeit-keine-taeglichen-begrenzungen-jederzeit-aktivierbar\/\"]}]},{\"@type\":\"ImageObject\",\"inLanguage\":\"de\",\"@id\":\"https:\/\/wifi.se\/de\/product\/roaming-esim-spanien-special-100-gb-roaming-plus-300-gb-in-spanien-oder-400-gb-in-spanien-5g-mit-voller-geschwindigkeit-keine-taeglichen-begrenzungen-jederzeit-aktivierbar\/#primaryimage\",\"url\":\"https:\/\/wifi.se\/de\/wp-content\/uploads\/sites\/7\/2026\/01\/eSim_Spain_DE.png\",\"contentUrl\":\"https:\/\/wifi.se\/de\/wp-content\/uploads\/sites\/7\/2026\/01\/eSim_Spain_DE.png\",\"width\":800,\"height\":800},{\"@type\":\"BreadcrumbList\",\"@id\":\"https:\/\/wifi.se\/de\/product\/roaming-esim-spanien-special-100-gb-roaming-plus-300-gb-in-spanien-oder-400-gb-in-spanien-5g-mit-voller-geschwindigkeit-keine-taeglichen-begrenzungen-jederzeit-aktivierbar\/#breadcrumb\",\"itemListElement\":[{\"@type\":\"ListItem\",\"position\":1,\"name\":\"Hem\",\"item\":\"https:\/\/wifi.se\/de\/\"},{\"@type\":\"ListItem\",\"position\":2,\"name\":\"BUTIK\",\"item\":\"https:\/\/wifi.se\/de\/butik\/\"},{\"@type\":\"ListItem\",\"position\":3,\"name\":\"Roaming-eSIM Spanien Special: 100 GB Roaming plus 300 GB in Spanien oder 400 GB in Spanien. 5G mit voller Geschwindigkeit, keine t\u00e4glichen Begrenzungen, jederzeit aktivierbar.\"}]},{\"@type\":\"WebSite\",\"@id\":\"https:\/\/wifi.se\/de\/#website\",\"url\":\"https:\/\/wifi.se\/de\/\",\"name\":\"WIFI.SE\/DE\",\"description\":\"INTERNET \u00dcBERALL\",\"potentialAction\":[{\"@type\":\"SearchAction\",\"target\":{\"@type\":\"EntryPoint\",\"urlTemplate\":\"https:\/\/wifi.se\/de\/?s={search_term_string}\"},\"query-input\":{\"@type\":\"PropertyValueSpecification\",\"valueRequired\":true,\"valueName\":\"search_term_string\"}}],\"inLanguage\":\"de\"}]}<\/script>\n<!-- \/ Yoast SEO plugin. -->","yoast_head_json":{"title":"Roaming-eSIM Spanien Special: 100 GB Roaming plus 300 GB in Spanien oder 400 GB in Spanien. 5G mit voller Geschwindigkeit, keine t\u00e4glichen Begrenzungen, jederzeit aktivierbar. - WIFI.SE\/DE","robots":{"index":"index","follow":"follow","max-snippet":"max-snippet:-1","max-image-preview":"max-image-preview:large","max-video-preview":"max-video-preview:-1"},"canonical":"https:\/\/wifi.se\/de\/product\/roaming-esim-spanien-special-100-gb-roaming-plus-300-gb-in-spanien-oder-400-gb-in-spanien-5g-mit-voller-geschwindigkeit-keine-taeglichen-begrenzungen-jederzeit-aktivierbar\/","og_locale":"de_DE","og_type":"article","og_title":"Roaming-eSIM Spanien Special: 100 GB Roaming plus 300 GB in Spanien oder 400 GB in Spanien. 5G mit voller Geschwindigkeit, keine t\u00e4glichen Begrenzungen, jederzeit aktivierbar. - WIFI.SE\/DE","og_description":"Digitales Roaming-eSIM f\u00fcr alle, die eine schnelle und stabile Internetverbindung innerhalb der EU sowie in Gro\u00dfbritannien und Norwegen w\u00fcnschen. Bietet 5G mit voller Geschwindigkeit ohne t\u00e4gliche Begrenzungen und eignet sich ideal f\u00fcr Reisen, Streaming, Remote-Arbeit und l\u00e4ngere Aufenthalte. Mit der Zahlung von 5 Euro werden Sie als Kunde bei uns registriert und erhalten Zugriff auf \u201eMeine Seiten\u201c, Ihr pers\u00f6nliches Kundenkonto.Bitte beachten Sie, dass kein Datenpaket enthalten ist \u2013 Datenvolumen und Laufzeit w\u00e4hlen und bezahlen Sie erst bei der Aktivierung des eSIM. Keine Vertragsbindung und keine automatische Verl\u00e4ngerung. Erfordert ein Ger\u00e4t, das eSIM unterst\u00fctzt.","og_url":"https:\/\/wifi.se\/de\/product\/roaming-esim-spanien-special-100-gb-roaming-plus-300-gb-in-spanien-oder-400-gb-in-spanien-5g-mit-voller-geschwindigkeit-keine-taeglichen-begrenzungen-jederzeit-aktivierbar\/","og_site_name":"WIFI.SE\/DE","article_modified_time":"2026-04-10T16:16:13+00:00","og_image":[{"width":800,"height":800,"url":"https:\/\/wifi.se\/de\/wp-content\/uploads\/sites\/7\/2026\/01\/eSim_Spain_DE.png","type":"image\/png"}],"twitter_card":"summary_large_image","twitter_misc":{"Gesch\u00e4tzte Lesezeit":"2\u00a0Minuten"},"schema":{"@context":"https:\/\/schema.org","@graph":[{"@type":"WebPage","@id":"https:\/\/wifi.se\/de\/product\/roaming-esim-spanien-special-100-gb-roaming-plus-300-gb-in-spanien-oder-400-gb-in-spanien-5g-mit-voller-geschwindigkeit-keine-taeglichen-begrenzungen-jederzeit-aktivierbar\/","url":"https:\/\/wifi.se\/de\/product\/roaming-esim-spanien-special-100-gb-roaming-plus-300-gb-in-spanien-oder-400-gb-in-spanien-5g-mit-voller-geschwindigkeit-keine-taeglichen-begrenzungen-jederzeit-aktivierbar\/","name":"Roaming-eSIM Spanien Special: 100 GB Roaming plus 300 GB in Spanien oder 400 GB in Spanien. 5G mit voller Geschwindigkeit, keine t\u00e4glichen Begrenzungen, jederzeit aktivierbar. - WIFI.SE\/DE","isPartOf":{"@id":"https:\/\/wifi.se\/de\/#website"},"primaryImageOfPage":{"@id":"https:\/\/wifi.se\/de\/product\/roaming-esim-spanien-special-100-gb-roaming-plus-300-gb-in-spanien-oder-400-gb-in-spanien-5g-mit-voller-geschwindigkeit-keine-taeglichen-begrenzungen-jederzeit-aktivierbar\/#primaryimage"},"image":{"@id":"https:\/\/wifi.se\/de\/product\/roaming-esim-spanien-special-100-gb-roaming-plus-300-gb-in-spanien-oder-400-gb-in-spanien-5g-mit-voller-geschwindigkeit-keine-taeglichen-begrenzungen-jederzeit-aktivierbar\/#primaryimage"},"thumbnailUrl":"https:\/\/wifi.se\/de\/wp-content\/uploads\/sites\/7\/2026\/01\/eSim_Spain_DE.png","datePublished":"2026-01-15T13:38:26+00:00","dateModified":"2026-04-10T16:16:13+00:00","breadcrumb":{"@id":"https:\/\/wifi.se\/de\/product\/roaming-esim-spanien-special-100-gb-roaming-plus-300-gb-in-spanien-oder-400-gb-in-spanien-5g-mit-voller-geschwindigkeit-keine-taeglichen-begrenzungen-jederzeit-aktivierbar\/#breadcrumb"},"inLanguage":"de","potentialAction":[{"@type":"ReadAction","target":["https:\/\/wifi.se\/de\/product\/roaming-esim-spanien-special-100-gb-roaming-plus-300-gb-in-spanien-oder-400-gb-in-spanien-5g-mit-voller-geschwindigkeit-keine-taeglichen-begrenzungen-jederzeit-aktivierbar\/"]}]},{"@type":"ImageObject","inLanguage":"de","@id":"https:\/\/wifi.se\/de\/product\/roaming-esim-spanien-special-100-gb-roaming-plus-300-gb-in-spanien-oder-400-gb-in-spanien-5g-mit-voller-geschwindigkeit-keine-taeglichen-begrenzungen-jederzeit-aktivierbar\/#primaryimage","url":"https:\/\/wifi.se\/de\/wp-content\/uploads\/sites\/7\/2026\/01\/eSim_Spain_DE.png","contentUrl":"https:\/\/wifi.se\/de\/wp-content\/uploads\/sites\/7\/2026\/01\/eSim_Spain_DE.png","width":800,"height":800},{"@type":"BreadcrumbList","@id":"https:\/\/wifi.se\/de\/product\/roaming-esim-spanien-special-100-gb-roaming-plus-300-gb-in-spanien-oder-400-gb-in-spanien-5g-mit-voller-geschwindigkeit-keine-taeglichen-begrenzungen-jederzeit-aktivierbar\/#breadcrumb","itemListElement":[{"@type":"ListItem","position":1,"name":"Hem","item":"https:\/\/wifi.se\/de\/"},{"@type":"ListItem","position":2,"name":"BUTIK","item":"https:\/\/wifi.se\/de\/butik\/"},{"@type":"ListItem","position":3,"name":"Roaming-eSIM Spanien Special: 100 GB Roaming plus 300 GB in Spanien oder 400 GB in Spanien. 5G mit voller Geschwindigkeit, keine t\u00e4glichen Begrenzungen, jederzeit aktivierbar."}]},{"@type":"WebSite","@id":"https:\/\/wifi.se\/de\/#website","url":"https:\/\/wifi.se\/de\/","name":"WIFI.SE\/DE","description":"INTERNET \u00dcBERALL","potentialAction":[{"@type":"SearchAction","target":{"@type":"EntryPoint","urlTemplate":"https:\/\/wifi.se\/de\/?s={search_term_string}"},"query-input":{"@type":"PropertyValueSpecification","valueRequired":true,"valueName":"search_term_string"}}],"inLanguage":"de"}]}},"_links":{"self":[{"href":"https:\/\/wifi.se\/de\/wp-json\/wp\/v2\/product\/32665","targetHints":{"allow":["GET"]}}],"collection":[{"href":"https:\/\/wifi.se\/de\/wp-json\/wp\/v2\/product"}],"about":[{"href":"https:\/\/wifi.se\/de\/wp-json\/wp\/v2\/types\/product"}],"wp:featuredmedia":[{"embeddable":true,"href":"https:\/\/wifi.se\/de\/wp-json\/wp\/v2\/media\/32666"}],"wp:attachment":[{"href":"https:\/\/wifi.se\/de\/wp-json\/wp\/v2\/media?parent=32665"}],"wp:term":[{"taxonomy":"product_brand","embeddable":true,"href":"https:\/\/wifi.se\/de\/wp-json\/wp\/v2\/product_brand?post=32665"},{"taxonomy":"product_cat","embeddable":true,"href":"https:\/\/wifi.se\/de\/wp-json\/wp\/v2\/product_cat?post=32665"},{"taxonomy":"product_tag","embeddable":true,"href":"https:\/\/wifi.se\/de\/wp-json\/wp\/v2\/product_tag?post=32665"}],"curies":[{"name":"wp","href":"https:\/\/api.w.org\/{rel}","templated":true}]}}