{"id":24321,"date":"2024-02-13T15:20:36","date_gmt":"2024-02-13T13:20:36","guid":{"rendered":"https:\/\/wifi.se\/?post_type=product&#038;p=24321"},"modified":"2025-09-27T00:37:58","modified_gmt":"2025-09-26T22:37:58","slug":"1000-gb-mobile-broadband-5g-for-sweden-valid-for-12-months","status":"publish","type":"product","link":"https:\/\/wifi.se\/de\/product\/1000-gb-mobile-broadband-5g-for-sweden-valid-for-12-months\/","title":{"rendered":"1000 GB Mobiles Breitband 5G f\u00fcr Schweden \u2013 12 Monate g\u00fcltig."},"content":{"rendered":"<p><strong>Schnell, g\u00fcnstig und einfach. Keine Abos, keine Bindungsfristen oder K\u00fcndigungsfristen. Die clevere Wahl f\u00fcr Ihr Wohnmobil, Ihren Wohnwagen, Ihr Ferienhaus oder Ihr Zuhause. Nehmen Sie es mit auf Ihre Reise, wenn Sie in Schweden surfen m\u00f6chten.<\/strong><\/p>\n<p>G\u00fcltig in Schweden<br \/>\nNutzen Sie Ihr Datenvolumen 12 Monate lang nach Belieben<br \/>\nKeine monatlichen Kosten, nur eine Rechnung pro Jahr<br \/>\nKeine Abos, keine Bindungsfristen oder Zusatzkosten<br \/>\nAutomatische Deaktivierung in L\u00e4ndern au\u00dferhalb der EU\/des EWR<br \/>\nImmer der gleiche g\u00fcnstige Preis beim Aufladen<br \/>\nSie behalten Ihre SIM-Karte beim Aufladen<br \/>\nPerfekt f\u00fcr TV-Streaming und die Verbindung der ganzen Familie gleichzeitig<br \/>\nSie zahlen nur f\u00fcr die Zeit, in der Sie verbunden sind<br \/>\nUnsere SIM-Karten haben keine monatlichen Limits<br \/>\nEinfacher Einstieg<\/p>\n","protected":false},"excerpt":{"rendered":"<p><strong>1000 GB Datenvolumen g\u00fcltig in Schweden. Nutzen Sie Ihr Datenvolumen 12 Monate lang nach Belieben. Keine Abos, keine Bindungsfristen oder Zusatzkosten.<\/strong><\/p>\n","protected":false},"featured_media":26338,"template":"","meta":{"_acf_changed":false},"product_brand":[],"product_cat":[463,471],"product_tag":[398,421,40],"class_list":{"0":"post-24321","1":"product","2":"type-product","3":"status-publish","4":"has-post-thumbnail","6":"product_cat-sim-kort","7":"product_cat-sim-sweden-365-days","8":"product_tag-1000-gb","9":"product_tag-sim","10":"product_tag-wifi","11":"product_shipping_class-sim-kort","13":"first","14":"instock","15":"taxable","16":"shipping-taxable","17":"purchasable","18":"product-type-variable"},"bundled_by":[],"bundle_stock_status":"instock","bundle_stock_quantity":null,"bundle_virtual":false,"bundle_layout":"","bundle_add_to_cart_form_location":"","bundle_editable_in_cart":false,"bundle_sold_individually_context":"","bundle_item_grouping":"","bundle_min_size":"","bundle_max_size":"","bundle_price":[],"bundled_items":[],"bundle_sell_ids":[],"acf":{"accounting_number":"1940","accounting_number_kopiera2":"2611","accounting_number_kopiera3":"3012","accounting_number_kopiera4":"3520","accounting_number_kopiera5":"","accounting_number_kopiera6":""},"yoast_head":"<!-- This site is optimized with the Yoast SEO plugin v27.1.1 - https:\/\/yoast.com\/product\/yoast-seo-wordpress\/ -->\n<title>1000 GB SIM \u2013 Mobiles Breitband f\u00fcr Schweden \u2013 Speichern Sie Ihr gesamtes Datenvolumen f\u00fcr 12 Monate<\/title>\n<meta name=\"description\" content=\"Prepaid mobiles Internet ohne Vertragslaufzeit oder K\u00fcndigungsfrist.Die smarte Wahl f\u00fcr Wohnmobil, Wohnwagen, Ferienhaus, Auslandsaufenthalt oder Zuhause. Speichern Sie Ihr gesamtes Datenvolumen f\u00fcr 12 Monate.Bei uns erhalten Sie immer viel Datenvolumen f\u00fcr Ihr Geld \u2013 einfach, sicher und g\u00fcnstig.\" \/>\n<meta name=\"robots\" content=\"index, follow, max-snippet:-1, max-image-preview:large, max-video-preview:-1\" \/>\n<link rel=\"canonical\" href=\"https:\/\/wifi.se\/de\/product\/1000-gb-mobile-broadband-5g-for-sweden-valid-for-12-months\/\" \/>\n<meta property=\"og:locale\" content=\"de_DE\" \/>\n<meta property=\"og:type\" content=\"article\" \/>\n<meta property=\"og:title\" content=\"1000 GB SIM \u2013 Mobiles Breitband f\u00fcr Schweden \u2013 Speichern Sie Ihr gesamtes Datenvolumen f\u00fcr 12 Monate\" \/>\n<meta property=\"og:description\" content=\"Prepaid mobiles Internet ohne Vertragslaufzeit oder K\u00fcndigungsfrist.Die smarte Wahl f\u00fcr Wohnmobil, Wohnwagen, Ferienhaus, Auslandsaufenthalt oder Zuhause. Speichern Sie Ihr gesamtes Datenvolumen f\u00fcr 12 Monate.Bei uns erhalten Sie immer viel Datenvolumen f\u00fcr Ihr Geld \u2013 einfach, sicher und g\u00fcnstig.\" \/>\n<meta property=\"og:url\" content=\"https:\/\/wifi.se\/de\/product\/1000-gb-mobile-broadband-5g-for-sweden-valid-for-12-months\/\" \/>\n<meta property=\"og:site_name\" content=\"WIFI.SE\/DE\" \/>\n<meta property=\"article:modified_time\" content=\"2025-09-26T22:37:58+00:00\" \/>\n<meta property=\"og:image\" content=\"https:\/\/wifi.se\/de\/wp-content\/uploads\/sites\/7\/2024\/02\/Sverige1000GB.png\" \/>\n\t<meta property=\"og:image:width\" content=\"1024\" \/>\n\t<meta property=\"og:image:height\" content=\"768\" \/>\n\t<meta property=\"og:image:type\" content=\"image\/png\" \/>\n<meta name=\"twitter:card\" content=\"summary_large_image\" \/>\n<meta name=\"twitter:label1\" content=\"Gesch\u00e4tzte Lesezeit\" \/>\n\t<meta name=\"twitter:data1\" content=\"1\u00a0Minute\" \/>\n<script type=\"application\/ld+json\" class=\"yoast-schema-graph\">{\"@context\":\"https:\/\/schema.org\",\"@graph\":[{\"@type\":\"WebPage\",\"@id\":\"https:\/\/wifi.se\/de\/product\/1000-gb-mobile-broadband-5g-for-sweden-valid-for-12-months\/\",\"url\":\"https:\/\/wifi.se\/de\/product\/1000-gb-mobile-broadband-5g-for-sweden-valid-for-12-months\/\",\"name\":\"1000 GB SIM \u2013 Mobiles Breitband f\u00fcr Schweden \u2013 Speichern Sie Ihr gesamtes Datenvolumen f\u00fcr 12 Monate\",\"isPartOf\":{\"@id\":\"https:\/\/wifi.se\/de\/#website\"},\"primaryImageOfPage\":{\"@id\":\"https:\/\/wifi.se\/de\/product\/1000-gb-mobile-broadband-5g-for-sweden-valid-for-12-months\/#primaryimage\"},\"image\":{\"@id\":\"https:\/\/wifi.se\/de\/product\/1000-gb-mobile-broadband-5g-for-sweden-valid-for-12-months\/#primaryimage\"},\"thumbnailUrl\":\"https:\/\/wifi.se\/de\/wp-content\/uploads\/sites\/7\/2024\/02\/Sverige1000GB.png\",\"datePublished\":\"2024-02-13T13:20:36+00:00\",\"dateModified\":\"2025-09-26T22:37:58+00:00\",\"description\":\"Prepaid mobiles Internet ohne Vertragslaufzeit oder K\u00fcndigungsfrist.Die smarte Wahl f\u00fcr Wohnmobil, Wohnwagen, Ferienhaus, Auslandsaufenthalt oder Zuhause. Speichern Sie Ihr gesamtes Datenvolumen f\u00fcr 12 Monate.Bei uns erhalten Sie immer viel Datenvolumen f\u00fcr Ihr Geld \u2013 einfach, sicher und g\u00fcnstig.\",\"breadcrumb\":{\"@id\":\"https:\/\/wifi.se\/de\/product\/1000-gb-mobile-broadband-5g-for-sweden-valid-for-12-months\/#breadcrumb\"},\"inLanguage\":\"de\",\"potentialAction\":[{\"@type\":\"ReadAction\",\"target\":[\"https:\/\/wifi.se\/de\/product\/1000-gb-mobile-broadband-5g-for-sweden-valid-for-12-months\/\"]}]},{\"@type\":\"ImageObject\",\"inLanguage\":\"de\",\"@id\":\"https:\/\/wifi.se\/de\/product\/1000-gb-mobile-broadband-5g-for-sweden-valid-for-12-months\/#primaryimage\",\"url\":\"https:\/\/wifi.se\/de\/wp-content\/uploads\/sites\/7\/2024\/02\/Sverige1000GB.png\",\"contentUrl\":\"https:\/\/wifi.se\/de\/wp-content\/uploads\/sites\/7\/2024\/02\/Sverige1000GB.png\",\"width\":1024,\"height\":768},{\"@type\":\"BreadcrumbList\",\"@id\":\"https:\/\/wifi.se\/de\/product\/1000-gb-mobile-broadband-5g-for-sweden-valid-for-12-months\/#breadcrumb\",\"itemListElement\":[{\"@type\":\"ListItem\",\"position\":1,\"name\":\"Hem\",\"item\":\"https:\/\/wifi.se\/de\/\"},{\"@type\":\"ListItem\",\"position\":2,\"name\":\"BUTIK\",\"item\":\"https:\/\/wifi.se\/de\/butik\/\"},{\"@type\":\"ListItem\",\"position\":3,\"name\":\"1000 GB Mobiles Breitband 5G f\u00fcr Schweden \u2013 12 Monate g\u00fcltig.\"}]},{\"@type\":\"WebSite\",\"@id\":\"https:\/\/wifi.se\/de\/#website\",\"url\":\"https:\/\/wifi.se\/de\/\",\"name\":\"WIFI.SE\/DE\",\"description\":\"INTERNET \u00dcBERALL\",\"potentialAction\":[{\"@type\":\"SearchAction\",\"target\":{\"@type\":\"EntryPoint\",\"urlTemplate\":\"https:\/\/wifi.se\/de\/?s={search_term_string}\"},\"query-input\":{\"@type\":\"PropertyValueSpecification\",\"valueRequired\":true,\"valueName\":\"search_term_string\"}}],\"inLanguage\":\"de\"}]}<\/script>\n<!-- \/ Yoast SEO plugin. -->","yoast_head_json":{"title":"1000 GB SIM \u2013 Mobiles Breitband f\u00fcr Schweden \u2013 Speichern Sie Ihr gesamtes Datenvolumen f\u00fcr 12 Monate","description":"Prepaid mobiles Internet ohne Vertragslaufzeit oder K\u00fcndigungsfrist.Die smarte Wahl f\u00fcr Wohnmobil, Wohnwagen, Ferienhaus, Auslandsaufenthalt oder Zuhause. Speichern Sie Ihr gesamtes Datenvolumen f\u00fcr 12 Monate.Bei uns erhalten Sie immer viel Datenvolumen f\u00fcr Ihr Geld \u2013 einfach, sicher und g\u00fcnstig.","robots":{"index":"index","follow":"follow","max-snippet":"max-snippet:-1","max-image-preview":"max-image-preview:large","max-video-preview":"max-video-preview:-1"},"canonical":"https:\/\/wifi.se\/de\/product\/1000-gb-mobile-broadband-5g-for-sweden-valid-for-12-months\/","og_locale":"de_DE","og_type":"article","og_title":"1000 GB SIM \u2013 Mobiles Breitband f\u00fcr Schweden \u2013 Speichern Sie Ihr gesamtes Datenvolumen f\u00fcr 12 Monate","og_description":"Prepaid mobiles Internet ohne Vertragslaufzeit oder K\u00fcndigungsfrist.Die smarte Wahl f\u00fcr Wohnmobil, Wohnwagen, Ferienhaus, Auslandsaufenthalt oder Zuhause. Speichern Sie Ihr gesamtes Datenvolumen f\u00fcr 12 Monate.Bei uns erhalten Sie immer viel Datenvolumen f\u00fcr Ihr Geld \u2013 einfach, sicher und g\u00fcnstig.","og_url":"https:\/\/wifi.se\/de\/product\/1000-gb-mobile-broadband-5g-for-sweden-valid-for-12-months\/","og_site_name":"WIFI.SE\/DE","article_modified_time":"2025-09-26T22:37:58+00:00","og_image":[{"width":1024,"height":768,"url":"https:\/\/wifi.se\/de\/wp-content\/uploads\/sites\/7\/2024\/02\/Sverige1000GB.png","type":"image\/png"}],"twitter_card":"summary_large_image","twitter_misc":{"Gesch\u00e4tzte Lesezeit":"1\u00a0Minute"},"schema":{"@context":"https:\/\/schema.org","@graph":[{"@type":"WebPage","@id":"https:\/\/wifi.se\/de\/product\/1000-gb-mobile-broadband-5g-for-sweden-valid-for-12-months\/","url":"https:\/\/wifi.se\/de\/product\/1000-gb-mobile-broadband-5g-for-sweden-valid-for-12-months\/","name":"1000 GB SIM \u2013 Mobiles Breitband f\u00fcr Schweden \u2013 Speichern Sie Ihr gesamtes Datenvolumen f\u00fcr 12 Monate","isPartOf":{"@id":"https:\/\/wifi.se\/de\/#website"},"primaryImageOfPage":{"@id":"https:\/\/wifi.se\/de\/product\/1000-gb-mobile-broadband-5g-for-sweden-valid-for-12-months\/#primaryimage"},"image":{"@id":"https:\/\/wifi.se\/de\/product\/1000-gb-mobile-broadband-5g-for-sweden-valid-for-12-months\/#primaryimage"},"thumbnailUrl":"https:\/\/wifi.se\/de\/wp-content\/uploads\/sites\/7\/2024\/02\/Sverige1000GB.png","datePublished":"2024-02-13T13:20:36+00:00","dateModified":"2025-09-26T22:37:58+00:00","description":"Prepaid mobiles Internet ohne Vertragslaufzeit oder K\u00fcndigungsfrist.Die smarte Wahl f\u00fcr Wohnmobil, Wohnwagen, Ferienhaus, Auslandsaufenthalt oder Zuhause. Speichern Sie Ihr gesamtes Datenvolumen f\u00fcr 12 Monate.Bei uns erhalten Sie immer viel Datenvolumen f\u00fcr Ihr Geld \u2013 einfach, sicher und g\u00fcnstig.","breadcrumb":{"@id":"https:\/\/wifi.se\/de\/product\/1000-gb-mobile-broadband-5g-for-sweden-valid-for-12-months\/#breadcrumb"},"inLanguage":"de","potentialAction":[{"@type":"ReadAction","target":["https:\/\/wifi.se\/de\/product\/1000-gb-mobile-broadband-5g-for-sweden-valid-for-12-months\/"]}]},{"@type":"ImageObject","inLanguage":"de","@id":"https:\/\/wifi.se\/de\/product\/1000-gb-mobile-broadband-5g-for-sweden-valid-for-12-months\/#primaryimage","url":"https:\/\/wifi.se\/de\/wp-content\/uploads\/sites\/7\/2024\/02\/Sverige1000GB.png","contentUrl":"https:\/\/wifi.se\/de\/wp-content\/uploads\/sites\/7\/2024\/02\/Sverige1000GB.png","width":1024,"height":768},{"@type":"BreadcrumbList","@id":"https:\/\/wifi.se\/de\/product\/1000-gb-mobile-broadband-5g-for-sweden-valid-for-12-months\/#breadcrumb","itemListElement":[{"@type":"ListItem","position":1,"name":"Hem","item":"https:\/\/wifi.se\/de\/"},{"@type":"ListItem","position":2,"name":"BUTIK","item":"https:\/\/wifi.se\/de\/butik\/"},{"@type":"ListItem","position":3,"name":"1000 GB Mobiles Breitband 5G f\u00fcr Schweden \u2013 12 Monate g\u00fcltig."}]},{"@type":"WebSite","@id":"https:\/\/wifi.se\/de\/#website","url":"https:\/\/wifi.se\/de\/","name":"WIFI.SE\/DE","description":"INTERNET \u00dcBERALL","potentialAction":[{"@type":"SearchAction","target":{"@type":"EntryPoint","urlTemplate":"https:\/\/wifi.se\/de\/?s={search_term_string}"},"query-input":{"@type":"PropertyValueSpecification","valueRequired":true,"valueName":"search_term_string"}}],"inLanguage":"de"}]}},"_links":{"self":[{"href":"https:\/\/wifi.se\/de\/wp-json\/wp\/v2\/product\/24321","targetHints":{"allow":["GET"]}}],"collection":[{"href":"https:\/\/wifi.se\/de\/wp-json\/wp\/v2\/product"}],"about":[{"href":"https:\/\/wifi.se\/de\/wp-json\/wp\/v2\/types\/product"}],"wp:featuredmedia":[{"embeddable":true,"href":"https:\/\/wifi.se\/de\/wp-json\/wp\/v2\/media\/26338"}],"wp:attachment":[{"href":"https:\/\/wifi.se\/de\/wp-json\/wp\/v2\/media?parent=24321"}],"wp:term":[{"taxonomy":"product_brand","embeddable":true,"href":"https:\/\/wifi.se\/de\/wp-json\/wp\/v2\/product_brand?post=24321"},{"taxonomy":"product_cat","embeddable":true,"href":"https:\/\/wifi.se\/de\/wp-json\/wp\/v2\/product_cat?post=24321"},{"taxonomy":"product_tag","embeddable":true,"href":"https:\/\/wifi.se\/de\/wp-json\/wp\/v2\/product_tag?post=24321"}],"curies":[{"name":"wp","href":"https:\/\/api.w.org\/{rel}","templated":true}]}}