{"id":22462,"date":"2023-08-17T14:43:03","date_gmt":"2023-08-17T12:43:03","guid":{"rendered":"https:\/\/wifi.se\/?post_type=product&#038;p=22462"},"modified":"2025-04-08T15:23:53","modified_gmt":"2025-04-08T13:23:53","slug":"5g-router-for-motorhome-camper-caravan-boat-with-complete-cable-package-and-patch-antennas-without-sim","status":"publish","type":"product","link":"https:\/\/wifi.se\/de\/product\/5g-router-for-motorhome-camper-caravan-boat-with-complete-cable-package-and-patch-antennas-without-sim\/","title":{"rendered":"5G Router f\u00fcr Wohnmobil \/ Camper \/ Caravan \/ Boot mit komplettem Kabelpaket und Patchantennen \u2013 Ohne SIM"},"content":{"rendered":"<p>WiFi Performance 5G bietet sichere Konnektivit\u00e4t und erweiterte Sicherheitsfunktionen. Es unterst\u00fctzt verschiedene VPN-Verbindungen, eine erweiterte Firewall und verschiedene Verschl\u00fcsselungsprotokolle. WiFi Performance 5G verwendet die gleiche Software wie alle anderen Router und Gateways von Teltonika Networks \u2013 RutOS (ein OpenWrt-basiertes Linux-Betriebssystem). Mit zwei gleichzeitig nutzbaren LTE-Modems bietet dieser Router mehr Funktionen als andere Router. Er umfasst Funktionen wie VLAN, Ortungsdienste, Unterst\u00fctzung f\u00fcr Remote-Service-Protokolle, erweiterte Sicherheitsfunktionen wie eine Firewall und Unterst\u00fctzung f\u00fcr mehrere VPN-Dienste.<\/p>\n<p>Der Router bietet einen weiten Spannungsbereich (9\u201350 VDC) und verf\u00fcgt \u00fcber einen robusten Anschluss f\u00fcr den Stromanschluss. Die Stromversorgung erfolgt \u00fcber das mitgelieferte Netzteil oder \u00fcber passives PoE an LAN-Port 1.<\/p>\n<p>WiFi Performance 5G ist ein Router, der mit 5G sehr hohe Geschwindigkeiten von bis zu 3,3 Gbit\/s und mit WiFi 5 schnelles WLAN (bis zu 867 Mbit\/s) erm\u00f6glicht. Die Kommunikation \u00fcber 5G und Dual-SIM-Karten in Kombination mit f\u00fcnf Gigabit-Ethernet-Ports und Dualband-WLAN erm\u00f6glicht zuverl\u00e4ssige Daten\u00fcbertragung mit extrem geringer Latenz.<\/p>\n<ul>\n<li>5G-Unterst\u00fctzung (SA\/NSA)<\/li>\n<li>Gigabit-Switch mit f\u00fcnf Ports<\/li>\n<li>802.11ac (bis zu 867 Mbit\/s)<\/li>\n<li>GPS<br \/>\n<a href=\"https:\/\/wifi.se\/manual-router-med-patchantenn\/\"><strong>Lesen Sie unser Handbuch<\/strong><\/a><\/li>\n<\/ul>\n","protected":false},"excerpt":{"rendered":"<p class=\"\" data-start=\"0\" data-end=\"118\"><strong data-start=\"0\" data-end=\"118\">5G Router f\u00fcr Wohnmobil \/ Camper \/ Wohnwagen \/ Boot mit vollst\u00e4ndigem Kabelkit und Patch-Antennen \u2013 Ohne SIM-Karte<\/strong><\/p>\n<p class=\"\" data-start=\"120\" data-end=\"201\"><span class=\"relative -mx-px my-[-0.2rem] rounded-sm px-px py-[0.2rem]\">Dieser neue 5G-Router ist mit speziell angefertigten Patch-Antennen f\u00fcr 5G und Wi-Fi 6 ausgestattet und wurde f\u00fcr diejenigen entwickelt, die die beste Technologie nutzen m\u00f6chten, ohne L\u00f6cher in das Dach bohren zu m\u00fcssen.<\/span>\u200b<\/p>\n<p class=\"\" data-start=\"203\" data-end=\"246\"><strong data-start=\"203\" data-end=\"246\">Robustes Design f\u00fcr den mobilen Einsatz<\/strong><\/p>\n<p class=\"\" data-start=\"248\" data-end=\"329\"><span class=\"relative -mx-px my-[-0.2rem] rounded-sm px-px py-[0.2rem]\">Der Router verf\u00fcgt \u00fcber ein robustes Aluminiumgeh\u00e4use und h\u00e4lt extremen Temperaturen von -40 bis 75 \u00baC stand, was ihn ideal f\u00fcr den Einsatz in Wohnmobilen, Booten, Ferienh\u00e4usern oder beim Camping macht.<\/span>\u200b<\/p>\n<p class=\"\" data-start=\"331\" data-end=\"383\"><strong data-start=\"331\" data-end=\"383\">Leistungsstarke Funktionen f\u00fcr h\u00f6chste Anspr\u00fcche<\/strong><\/p>\n<ul data-start=\"385\" data-end=\"706\">\n<li class=\"\" data-start=\"385\" data-end=\"490\">\n<p class=\"\" data-start=\"387\" data-end=\"490\"><strong data-start=\"387\" data-end=\"407\">Gigabit-Netzwerk<\/strong>: <span class=\"relative -mx-px my-[-0.2rem] rounded-sm px-px py-[0.2rem]\">Schnelle Daten\u00fcbertragung f\u00fcr anspruchsvolle Anwendungen.<\/span>\u200b<span class=\"ms-1 inline-flex max-w-full items-center relative top-[-0.094rem]\"><a class=\"flex h-6 overflow-hidden rounded-xl px-2.5 text-[0.5625em] font-medium text-token-text-secondary! bg-[#F4F4F4]! dark:bg-[#303030]!\" href=\"https:\/\/womo.blog\/2023\/08\/02\/internet-router-im-smarten-wohnmobil-teltonika-rutx50-5g-mit-vielen-moeglichkeiten\/?utm_source=chatgpt.com\" target=\"_blank\" rel=\"noopener\"><span class=\"relative bottom-0 left-0 flex h-full w-full items-center\"><span class=\"flex h-4 w-full items-center justify-between overflow-hidden\"><span class=\"max-w-full grow truncate overflow-hidden text-center\">womo.blog<\/span><\/span><\/span><\/a><\/span><\/p>\n<\/li>\n<li class=\"\" data-start=\"491\" data-end=\"590\">\n<p class=\"\" data-start=\"493\" data-end=\"590\"><strong data-start=\"493\" data-end=\"507\">Dual-Wi-Fi<\/strong>: <span class=\"relative -mx-px my-[-0.2rem] rounded-sm px-px py-[0.2rem]\">Unterst\u00fctzt zwei Wi-Fi-B\u00e4nder f\u00fcr flexible und schnelle Verbindungen.<\/span>\u200b<\/p>\n<\/li>\n<li class=\"\" data-start=\"591\" data-end=\"706\">\n<p class=\"\" data-start=\"593\" data-end=\"706\"><strong data-start=\"593\" data-end=\"623\">Dual-SIM-Kartensteckpl\u00e4tze<\/strong>: <span class=\"relative -mx-px my-[-0.2rem] rounded-sm px-px py-[0.2rem]\">Erh\u00f6hte Zuverl\u00e4ssigkeit durch die M\u00f6glichkeit, zwei SIM-Karten zu verwenden.<\/span>\u200b<\/p>\n<\/li>\n<\/ul>\n<p class=\"\" data-start=\"708\" data-end=\"756\"><strong data-start=\"708\" data-end=\"756\">Spezialpaket mit Kabelkit und Patch-Antennen<\/strong><\/p>\n<p class=\"\" data-start=\"758\" data-end=\"843\"><span class=\"relative -mx-px my-[-0.2rem] rounded-sm px-px py-[0.2rem]\">Das Paket enth\u00e4lt alles, was f\u00fcr eine einfache Installation erforderlich ist:<\/span>\u200b<\/p>\n<ul data-start=\"845\" data-end=\"1530\">\n<li class=\"\" data-start=\"845\" data-end=\"960\">\n<p class=\"\" data-start=\"847\" data-end=\"960\"><strong data-start=\"847\" data-end=\"873\">Router Wifi Extreme 5G<\/strong>: <span class=\"relative -mx-px my-[-0.2rem] rounded-sm px-px py-[0.2rem]\">Hergestellt in Europa.<\/span>\u200b<\/p>\n<\/li>\n<li class=\"\" data-start=\"961\" data-end=\"1076\">\n<p class=\"\" data-start=\"963\" data-end=\"1076\"><strong data-start=\"963\" data-end=\"989\">Vier 5G-Patch-Antennen<\/strong>: <span class=\"relative -mx-px my-[-0.2rem] rounded-sm px-px py-[0.2rem]\">F\u00fcr optimierten Empfang.<\/span>\u200b<\/p>\n<\/li>\n<li class=\"\" data-start=\"1077\" data-end=\"1201\">\n<p class=\"\" data-start=\"1079\" data-end=\"1201\"><strong data-start=\"1079\" data-end=\"1114\">Zwei Wi-Fi 6 MHz Patch-Antennen<\/strong>: <span class=\"relative -mx-px my-[-0.2rem] rounded-sm px-px py-[0.2rem]\">Verbessern die Wi-Fi-Leistung.<\/span>\u200b<span class=\"\" data-state=\"closed\"><span class=\"ms-1 inline-flex max-w-full items-center relative top-[-0.094rem]\"><a class=\"flex h-6 overflow-hidden rounded-xl px-2.5 text-[0.5625em] font-medium text-token-text-secondary! bg-[#F4F4F4]! dark:bg-[#303030]!\" href=\"https:\/\/teltonika-networks.com\/de\/use-cases\/transportation\/5g-router-for-rv-internet-camping-wi-fi?utm_source=chatgpt.com\" target=\"_blank\" rel=\"noopener\"><span class=\"relative bottom-0 left-0 flex h-full w-full items-center\"><span class=\"flex h-4 w-full items-center justify-between absolute\"><span class=\"max-w-full grow truncate overflow-hidden text-center\">womo.blog<\/span><span class=\"ms-1 -me-1 flex h-full items-center rounded-full px-1 text-[#8F8F8F]\">+2<\/span><\/span><span class=\"flex h-4 w-full items-center justify-between\"><span class=\"max-w-full grow truncate overflow-hidden text-center\">teltonika-networks.com<\/span><span class=\"ms-1 -me-1 flex h-full items-center rounded-full px-1 text-[#8F8F8F]\">+2<\/span><\/span><span class=\"flex h-4 w-full items-center justify-between absolute\"><span class=\"max-w-full grow truncate overflow-hidden text-center\">FTS Hennig<\/span><span class=\"ms-1 -me-1 flex h-full items-center rounded-full px-1 text-[#8F8F8F]\">+2<\/span><\/span><\/span><\/a><\/span><\/span><\/p>\n<\/li>\n<li class=\"\" data-start=\"1202\" data-end=\"1317\">\n<p class=\"\" data-start=\"1204\" data-end=\"1317\"><strong data-start=\"1204\" data-end=\"1230\">Verschiedene Netzkabel<\/strong>: <span class=\"relative -mx-px my-[-0.2rem] rounded-sm px-px py-[0.2rem]\">12V-Kabel f\u00fcr Batterieanschluss und Zigarettenanz\u00fcnder sowie ein 230V-Netzkabel.<\/span>\u200b<\/p>\n<\/li>\n<li class=\"\" data-start=\"1318\" data-end=\"1425\">\n<p class=\"\" data-start=\"1320\" data-end=\"1425\"><strong data-start=\"1320\" data-end=\"1338\">Montagezubeh\u00f6r<\/strong>: <span class=\"relative -mx-px my-[-0.2rem] rounded-sm px-px py-[0.2rem]\">Starke Klettb\u00e4nder von Wurth f\u00fcr die Wandmontage.<\/span>\u200b<\/p>\n<\/li>\n<li class=\"\" data-start=\"1426\" data-end=\"1530\">\n<p class=\"\" data-start=\"1428\" data-end=\"1530\"><strong data-start=\"1428\" data-end=\"1443\">GPS-Antenne<\/strong>: <span class=\"relative -mx-px my-[-0.2rem] rounded-sm px-px py-[0.2rem]\">F\u00fcr Standortbestimmung und Navigation.<\/span>\u200b<\/p>\n<\/li>\n<\/ul>\n<p class=\"\" data-start=\"1532\" data-end=\"1569\"><strong data-start=\"1532\" data-end=\"1569\">Einfache Installation und Nutzung<\/strong><\/p>\n<p class=\"\" data-start=\"1571\" data-end=\"1696\"><span class=\"relative -mx-px my-[-0.2rem] rounded-sm px-px py-[0.2rem]\">Der Router ist so konzipiert, dass keine speziellen Kenntnisse f\u00fcr die Installation erforderlich sind.<\/span> <span class=\"relative -mx-px my-[-0.2rem] rounded-sm px-px py-[0.2rem]\">Schlie\u00dfen Sie ihn einfach an, und Sie sind in weniger als einer Minute online.<\/span>\u200b<\/p>\n<p class=\"\" data-start=\"1698\" data-end=\"1836\"><strong data-start=\"1698\" data-end=\"1709\">Hinweis<\/strong>: <span class=\"relative -mx-px my-[-0.2rem] rounded-sm px-px py-[0.2rem]\">Dieses Produkt wird ohne SIM-Karte geliefert.<\/span> <span class=\"relative -mx-px my-[-0.2rem] rounded-sm px-px py-[0.2rem]\">Sie k\u00f6nnen eine beliebige SIM-Karte Ihrer Wahl verwenden, um den Router mit mobilem Internet zu versorgen.<\/span><\/p>\n","protected":false},"featured_media":32131,"template":"","meta":{"_acf_changed":false},"product_brand":[],"product_cat":[464,254,378],"product_tag":[247,66,245,40],"class_list":{"0":"post-22462","1":"product","2":"type-product","3":"status-publish","4":"has-post-thumbnail","6":"product_cat-router","7":"product_cat-5g-routerpaket-utan-sim-kort","8":"product_cat-wifi-performance-5g","9":"product_tag-eu-ess","10":"product_tag-router","11":"product_tag-roaming","12":"product_tag-wifi","13":"product_shipping_class-sim-kort-med-router","15":"first","16":"instock","17":"taxable","18":"shipping-taxable","19":"purchasable","20":"product-type-simple"},"bundled_by":[],"bundle_stock_status":"instock","bundle_stock_quantity":null,"bundle_virtual":false,"bundle_layout":"","bundle_add_to_cart_form_location":"","bundle_editable_in_cart":false,"bundle_sold_individually_context":"","bundle_item_grouping":"","bundle_min_size":"","bundle_max_size":"","bundle_price":[],"bundled_items":[],"bundle_sell_ids":[],"acf":{"accounting_number":"1940","accounting_number_kopiera2":"2611","accounting_number_kopiera3":"3018","accounting_number_kopiera4":"3520","accounting_number_kopiera5":"1510","accounting_number_kopiera6":"1511"},"yoast_head":"<!-- This site is optimized with the Yoast SEO plugin v27.1.1 - https:\/\/yoast.com\/product\/yoast-seo-wordpress\/ -->\n<title>Wifi Performance 5G med fullt kabelpaket och 5G takantenn \u2013 Utan SiM<\/title>\n<meta name=\"description\" content=\"Ny 5G router med egentillverkad takantenn \u2013 F\u00f6r dig som vill ha det b\u00e4sta. Den nya routern \u00e4r tillverkad av Teltonika, men modifierad av Wifi.se f\u00f6r att erbjuda b\u00e4sta prestanda. M\u00e4tresultaten f\u00f6r routern med denna antenn \u00e4r otroliga, det \u00e4r inte ovanligt att man f\u00e5r nerladdning p\u00e5 \u00f6ver 400 Mbit\/sek.\" \/>\n<meta name=\"robots\" content=\"index, follow, max-snippet:-1, max-image-preview:large, max-video-preview:-1\" \/>\n<link rel=\"canonical\" href=\"https:\/\/wifi.se\/de\/product\/5g-router-for-motorhome-camper-caravan-boat-with-complete-cable-package-and-patch-antennas-without-sim\/\" \/>\n<meta property=\"og:locale\" content=\"de_DE\" \/>\n<meta property=\"og:type\" content=\"article\" \/>\n<meta property=\"og:title\" content=\"Wifi Performance 5G med fullt kabelpaket och 5G takantenn \u2013 Utan SiM\" \/>\n<meta property=\"og:description\" content=\"Ny 5G router med egentillverkad takantenn \u2013 F\u00f6r dig som vill ha det b\u00e4sta. Den nya routern \u00e4r tillverkad av Teltonika, men modifierad av Wifi.se f\u00f6r att erbjuda b\u00e4sta prestanda. M\u00e4tresultaten f\u00f6r routern med denna antenn \u00e4r otroliga, det \u00e4r inte ovanligt att man f\u00e5r nerladdning p\u00e5 \u00f6ver 400 Mbit\/sek.\" \/>\n<meta property=\"og:url\" content=\"https:\/\/wifi.se\/de\/product\/5g-router-for-motorhome-camper-caravan-boat-with-complete-cable-package-and-patch-antennas-without-sim\/\" \/>\n<meta property=\"og:site_name\" content=\"WIFI.SE\/DE\" \/>\n<meta property=\"article:modified_time\" content=\"2025-04-08T13:23:53+00:00\" \/>\n<meta property=\"og:image\" content=\"https:\/\/wifi.se\/de\/wp-content\/uploads\/sites\/7\/2023\/08\/5gAntenn.jpg\" \/>\n\t<meta property=\"og:image:width\" content=\"800\" \/>\n\t<meta property=\"og:image:height\" content=\"800\" \/>\n\t<meta property=\"og:image:type\" content=\"image\/jpeg\" \/>\n<meta name=\"twitter:card\" content=\"summary_large_image\" \/>\n<meta name=\"twitter:label1\" content=\"Gesch\u00e4tzte Lesezeit\" \/>\n\t<meta name=\"twitter:data1\" content=\"2\u00a0Minuten\" \/>\n<script type=\"application\/ld+json\" class=\"yoast-schema-graph\">{\"@context\":\"https:\/\/schema.org\",\"@graph\":[{\"@type\":\"WebPage\",\"@id\":\"https:\/\/wifi.se\/de\/product\/5g-router-for-motorhome-camper-caravan-boat-with-complete-cable-package-and-patch-antennas-without-sim\/\",\"url\":\"https:\/\/wifi.se\/de\/product\/5g-router-for-motorhome-camper-caravan-boat-with-complete-cable-package-and-patch-antennas-without-sim\/\",\"name\":\"Wifi Performance 5G med fullt kabelpaket och 5G takantenn \u2013 Utan SiM\",\"isPartOf\":{\"@id\":\"https:\/\/wifi.se\/de\/#website\"},\"primaryImageOfPage\":{\"@id\":\"https:\/\/wifi.se\/de\/product\/5g-router-for-motorhome-camper-caravan-boat-with-complete-cable-package-and-patch-antennas-without-sim\/#primaryimage\"},\"image\":{\"@id\":\"https:\/\/wifi.se\/de\/product\/5g-router-for-motorhome-camper-caravan-boat-with-complete-cable-package-and-patch-antennas-without-sim\/#primaryimage\"},\"thumbnailUrl\":\"https:\/\/wifi.se\/de\/wp-content\/uploads\/sites\/7\/2023\/08\/5gAntenn.jpg\",\"datePublished\":\"2023-08-17T12:43:03+00:00\",\"dateModified\":\"2025-04-08T13:23:53+00:00\",\"description\":\"Ny 5G router med egentillverkad takantenn \u2013 F\u00f6r dig som vill ha det b\u00e4sta. Den nya routern \u00e4r tillverkad av Teltonika, men modifierad av Wifi.se f\u00f6r att erbjuda b\u00e4sta prestanda. M\u00e4tresultaten f\u00f6r routern med denna antenn \u00e4r otroliga, det \u00e4r inte ovanligt att man f\u00e5r nerladdning p\u00e5 \u00f6ver 400 Mbit\/sek.\",\"breadcrumb\":{\"@id\":\"https:\/\/wifi.se\/de\/product\/5g-router-for-motorhome-camper-caravan-boat-with-complete-cable-package-and-patch-antennas-without-sim\/#breadcrumb\"},\"inLanguage\":\"de\",\"potentialAction\":[{\"@type\":\"ReadAction\",\"target\":[\"https:\/\/wifi.se\/de\/product\/5g-router-for-motorhome-camper-caravan-boat-with-complete-cable-package-and-patch-antennas-without-sim\/\"]}]},{\"@type\":\"ImageObject\",\"inLanguage\":\"de\",\"@id\":\"https:\/\/wifi.se\/de\/product\/5g-router-for-motorhome-camper-caravan-boat-with-complete-cable-package-and-patch-antennas-without-sim\/#primaryimage\",\"url\":\"https:\/\/wifi.se\/de\/wp-content\/uploads\/sites\/7\/2023\/08\/5gAntenn.jpg\",\"contentUrl\":\"https:\/\/wifi.se\/de\/wp-content\/uploads\/sites\/7\/2023\/08\/5gAntenn.jpg\",\"width\":800,\"height\":800},{\"@type\":\"BreadcrumbList\",\"@id\":\"https:\/\/wifi.se\/de\/product\/5g-router-for-motorhome-camper-caravan-boat-with-complete-cable-package-and-patch-antennas-without-sim\/#breadcrumb\",\"itemListElement\":[{\"@type\":\"ListItem\",\"position\":1,\"name\":\"Hem\",\"item\":\"https:\/\/wifi.se\/de\/\"},{\"@type\":\"ListItem\",\"position\":2,\"name\":\"BUTIK\",\"item\":\"https:\/\/wifi.se\/de\/butik\/\"},{\"@type\":\"ListItem\",\"position\":3,\"name\":\"5G Router f\u00fcr Wohnmobil \/ Camper \/ Caravan \/ Boot mit komplettem Kabelpaket und Patchantennen \u2013 Ohne SIM\"}]},{\"@type\":\"WebSite\",\"@id\":\"https:\/\/wifi.se\/de\/#website\",\"url\":\"https:\/\/wifi.se\/de\/\",\"name\":\"WIFI.SE\/DE\",\"description\":\"INTERNET \u00dcBERALL\",\"potentialAction\":[{\"@type\":\"SearchAction\",\"target\":{\"@type\":\"EntryPoint\",\"urlTemplate\":\"https:\/\/wifi.se\/de\/?s={search_term_string}\"},\"query-input\":{\"@type\":\"PropertyValueSpecification\",\"valueRequired\":true,\"valueName\":\"search_term_string\"}}],\"inLanguage\":\"de\"}]}<\/script>\n<!-- \/ Yoast SEO plugin. -->","yoast_head_json":{"title":"Wifi Performance 5G med fullt kabelpaket och 5G takantenn \u2013 Utan SiM","description":"Ny 5G router med egentillverkad takantenn \u2013 F\u00f6r dig som vill ha det b\u00e4sta. Den nya routern \u00e4r tillverkad av Teltonika, men modifierad av Wifi.se f\u00f6r att erbjuda b\u00e4sta prestanda. M\u00e4tresultaten f\u00f6r routern med denna antenn \u00e4r otroliga, det \u00e4r inte ovanligt att man f\u00e5r nerladdning p\u00e5 \u00f6ver 400 Mbit\/sek.","robots":{"index":"index","follow":"follow","max-snippet":"max-snippet:-1","max-image-preview":"max-image-preview:large","max-video-preview":"max-video-preview:-1"},"canonical":"https:\/\/wifi.se\/de\/product\/5g-router-for-motorhome-camper-caravan-boat-with-complete-cable-package-and-patch-antennas-without-sim\/","og_locale":"de_DE","og_type":"article","og_title":"Wifi Performance 5G med fullt kabelpaket och 5G takantenn \u2013 Utan SiM","og_description":"Ny 5G router med egentillverkad takantenn \u2013 F\u00f6r dig som vill ha det b\u00e4sta. Den nya routern \u00e4r tillverkad av Teltonika, men modifierad av Wifi.se f\u00f6r att erbjuda b\u00e4sta prestanda. M\u00e4tresultaten f\u00f6r routern med denna antenn \u00e4r otroliga, det \u00e4r inte ovanligt att man f\u00e5r nerladdning p\u00e5 \u00f6ver 400 Mbit\/sek.","og_url":"https:\/\/wifi.se\/de\/product\/5g-router-for-motorhome-camper-caravan-boat-with-complete-cable-package-and-patch-antennas-without-sim\/","og_site_name":"WIFI.SE\/DE","article_modified_time":"2025-04-08T13:23:53+00:00","og_image":[{"width":800,"height":800,"url":"https:\/\/wifi.se\/de\/wp-content\/uploads\/sites\/7\/2023\/08\/5gAntenn.jpg","type":"image\/jpeg"}],"twitter_card":"summary_large_image","twitter_misc":{"Gesch\u00e4tzte Lesezeit":"2\u00a0Minuten"},"schema":{"@context":"https:\/\/schema.org","@graph":[{"@type":"WebPage","@id":"https:\/\/wifi.se\/de\/product\/5g-router-for-motorhome-camper-caravan-boat-with-complete-cable-package-and-patch-antennas-without-sim\/","url":"https:\/\/wifi.se\/de\/product\/5g-router-for-motorhome-camper-caravan-boat-with-complete-cable-package-and-patch-antennas-without-sim\/","name":"Wifi Performance 5G med fullt kabelpaket och 5G takantenn \u2013 Utan SiM","isPartOf":{"@id":"https:\/\/wifi.se\/de\/#website"},"primaryImageOfPage":{"@id":"https:\/\/wifi.se\/de\/product\/5g-router-for-motorhome-camper-caravan-boat-with-complete-cable-package-and-patch-antennas-without-sim\/#primaryimage"},"image":{"@id":"https:\/\/wifi.se\/de\/product\/5g-router-for-motorhome-camper-caravan-boat-with-complete-cable-package-and-patch-antennas-without-sim\/#primaryimage"},"thumbnailUrl":"https:\/\/wifi.se\/de\/wp-content\/uploads\/sites\/7\/2023\/08\/5gAntenn.jpg","datePublished":"2023-08-17T12:43:03+00:00","dateModified":"2025-04-08T13:23:53+00:00","description":"Ny 5G router med egentillverkad takantenn \u2013 F\u00f6r dig som vill ha det b\u00e4sta. Den nya routern \u00e4r tillverkad av Teltonika, men modifierad av Wifi.se f\u00f6r att erbjuda b\u00e4sta prestanda. M\u00e4tresultaten f\u00f6r routern med denna antenn \u00e4r otroliga, det \u00e4r inte ovanligt att man f\u00e5r nerladdning p\u00e5 \u00f6ver 400 Mbit\/sek.","breadcrumb":{"@id":"https:\/\/wifi.se\/de\/product\/5g-router-for-motorhome-camper-caravan-boat-with-complete-cable-package-and-patch-antennas-without-sim\/#breadcrumb"},"inLanguage":"de","potentialAction":[{"@type":"ReadAction","target":["https:\/\/wifi.se\/de\/product\/5g-router-for-motorhome-camper-caravan-boat-with-complete-cable-package-and-patch-antennas-without-sim\/"]}]},{"@type":"ImageObject","inLanguage":"de","@id":"https:\/\/wifi.se\/de\/product\/5g-router-for-motorhome-camper-caravan-boat-with-complete-cable-package-and-patch-antennas-without-sim\/#primaryimage","url":"https:\/\/wifi.se\/de\/wp-content\/uploads\/sites\/7\/2023\/08\/5gAntenn.jpg","contentUrl":"https:\/\/wifi.se\/de\/wp-content\/uploads\/sites\/7\/2023\/08\/5gAntenn.jpg","width":800,"height":800},{"@type":"BreadcrumbList","@id":"https:\/\/wifi.se\/de\/product\/5g-router-for-motorhome-camper-caravan-boat-with-complete-cable-package-and-patch-antennas-without-sim\/#breadcrumb","itemListElement":[{"@type":"ListItem","position":1,"name":"Hem","item":"https:\/\/wifi.se\/de\/"},{"@type":"ListItem","position":2,"name":"BUTIK","item":"https:\/\/wifi.se\/de\/butik\/"},{"@type":"ListItem","position":3,"name":"5G Router f\u00fcr Wohnmobil \/ Camper \/ Caravan \/ Boot mit komplettem Kabelpaket und Patchantennen \u2013 Ohne SIM"}]},{"@type":"WebSite","@id":"https:\/\/wifi.se\/de\/#website","url":"https:\/\/wifi.se\/de\/","name":"WIFI.SE\/DE","description":"INTERNET \u00dcBERALL","potentialAction":[{"@type":"SearchAction","target":{"@type":"EntryPoint","urlTemplate":"https:\/\/wifi.se\/de\/?s={search_term_string}"},"query-input":{"@type":"PropertyValueSpecification","valueRequired":true,"valueName":"search_term_string"}}],"inLanguage":"de"}]}},"_links":{"self":[{"href":"https:\/\/wifi.se\/de\/wp-json\/wp\/v2\/product\/22462","targetHints":{"allow":["GET"]}}],"collection":[{"href":"https:\/\/wifi.se\/de\/wp-json\/wp\/v2\/product"}],"about":[{"href":"https:\/\/wifi.se\/de\/wp-json\/wp\/v2\/types\/product"}],"wp:featuredmedia":[{"embeddable":true,"href":"https:\/\/wifi.se\/de\/wp-json\/wp\/v2\/media\/32131"}],"wp:attachment":[{"href":"https:\/\/wifi.se\/de\/wp-json\/wp\/v2\/media?parent=22462"}],"wp:term":[{"taxonomy":"product_brand","embeddable":true,"href":"https:\/\/wifi.se\/de\/wp-json\/wp\/v2\/product_brand?post=22462"},{"taxonomy":"product_cat","embeddable":true,"href":"https:\/\/wifi.se\/de\/wp-json\/wp\/v2\/product_cat?post=22462"},{"taxonomy":"product_tag","embeddable":true,"href":"https:\/\/wifi.se\/de\/wp-json\/wp\/v2\/product_tag?post=22462"}],"curies":[{"name":"wp","href":"https:\/\/api.w.org\/{rel}","templated":true}]}}