{"id":21908,"date":"2023-07-21T10:41:46","date_gmt":"2023-07-21T08:41:46","guid":{"rendered":"https:\/\/wifi.se\/?post_type=product&#038;p=21908"},"modified":"2025-04-08T18:35:11","modified_gmt":"2025-04-08T16:35:11","slug":"5g-roof-antenna-for-5g-router-7-cables-4-lte-cables-2-wifi-cables-1-gps-cable","status":"publish","type":"product","link":"https:\/\/wifi.se\/de\/product\/5g-roof-antenna-for-5g-router-7-cables-4-lte-cables-2-wifi-cables-1-gps-cable\/","title":{"rendered":"5G Dachantenne f\u00fcr 5G Router &#8211; 7 Kabel &#8211; 4 LTE-Kabel, 2 WLAN-Kabel, 1 GPS-Kabel"},"content":{"rendered":"<p>Die Antenne hat einen Durchmesser von 19 Zentimetern und eine H\u00f6he von 5 Zentimetern und verf\u00fcgt aufgrund ihrer Gr\u00f6\u00dfe \u00fcber sehr leistungsstarke Antennenelemente. Die Schraube ist jetzt 60 Millimeter lang (vorher waren es 40 Millimeter). Siehe das dazugeh\u00f6rige Diagramm weiter unten auf der Seite.<br \/>\nHier seht ihr, wie Micke die Antenne montiert und wie sie auf dem Dach aussieht.<\/p>\n<p>Eine 5G-Rundstrahl-MIMO-Antenne, die f\u00fcr alle mobilen Bandbreiten (2G\/3G\/4G\/5G) funktioniert und von uns speziell f\u00fcr optimalen Empfang und Geschwindigkeit entwickelt wurde. Diese Antenne ist mit insgesamt 6 Kabeln ausgestattet. 4 LTE-Kabel, die direkt mit dem Router (5G) verbunden werden. Vier LTE- und zwei WLAN-Kabel f\u00fcr minimalen Signalverlust. Sie erhalten WLAN im Fahrzeug und bis zu 50 Meter au\u00dferhalb des Fahrzeugs. Die Antennenelemente sind sehr leistungsstark und bieten eine volle Verst\u00e4rkung von 10 dBi. Eine unglaublich robuste Antenne, die zudem IP 68 zertifiziert ist.<\/p>\n<p>Die Antenne hat einen Durchmesser von 19 Zentimetern und eine H\u00f6he von 5 Zentimetern und verf\u00fcgt aufgrund ihrer Gr\u00f6\u00dfe \u00fcber sehr leistungsstarke Antennenelemente. Die Schraube ist 60 Millimeter gro\u00df. Siehe beigef\u00fcgtes Diagramm.<\/p>\n<p>Die Antenne verf\u00fcgt insgesamt \u00fcber sechs Kabel, vier 5G-Kabel und zwei WLAN-Kabel. Die Messergebnisse f\u00fcr den Router mit dieser Antenne sind unglaublich; Downloadgeschwindigkeiten von \u00fcber 400 Mbit\/s sind keine Seltenheit.<\/p>\n<div><img loading=\"lazy\" decoding=\"async\" class=\"alignnone size-full wp-image-21915\" src=\"https:\/\/wifi.se\/wp-content\/uploads\/2023\/07\/5G-antenn-drawing-6cables-scaled.jpg\" alt=\"\" width=\"2560\" height=\"1809\" srcset=\"https:\/\/wifi.se\/de\/wp-content\/uploads\/sites\/7\/2023\/07\/5G-antenn-drawing-6cables-scaled.jpg 2560w, https:\/\/wifi.se\/de\/wp-content\/uploads\/sites\/7\/2023\/07\/5G-antenn-drawing-6cables-scaled-510x360.jpg 510w, https:\/\/wifi.se\/de\/wp-content\/uploads\/sites\/7\/2023\/07\/5G-antenn-drawing-6cables-scaled-64x45.jpg 64w, https:\/\/wifi.se\/de\/wp-content\/uploads\/sites\/7\/2023\/07\/5G-antenn-drawing-6cables-300x212.jpg 300w, https:\/\/wifi.se\/de\/wp-content\/uploads\/sites\/7\/2023\/07\/5G-antenn-drawing-6cables-1024x724.jpg 1024w, https:\/\/wifi.se\/de\/wp-content\/uploads\/sites\/7\/2023\/07\/5G-antenn-drawing-6cables-768x543.jpg 768w, https:\/\/wifi.se\/de\/wp-content\/uploads\/sites\/7\/2023\/07\/5G-antenn-drawing-6cables-1536x1086.jpg 1536w, https:\/\/wifi.se\/de\/wp-content\/uploads\/sites\/7\/2023\/07\/5G-antenn-drawing-6cables-2048x1447.jpg 2048w, https:\/\/wifi.se\/de\/wp-content\/uploads\/sites\/7\/2023\/07\/5G-antenn-drawing-6cables-200x141.jpg 200w, https:\/\/wifi.se\/de\/wp-content\/uploads\/sites\/7\/2023\/07\/5G-antenn-drawing-6cables-400x283.jpg 400w, https:\/\/wifi.se\/de\/wp-content\/uploads\/sites\/7\/2023\/07\/5G-antenn-drawing-6cables-600x424.jpg 600w, https:\/\/wifi.se\/de\/wp-content\/uploads\/sites\/7\/2023\/07\/5G-antenn-drawing-6cables-800x565.jpg 800w, https:\/\/wifi.se\/de\/wp-content\/uploads\/sites\/7\/2023\/07\/5G-antenn-drawing-6cables-1200x848.jpg 1200w\" sizes=\"auto, (max-width: 2560px) 100vw, 2560px\" \/><\/div>\n","protected":false},"excerpt":{"rendered":"<p>Eine 5G-Rundstrahlantenne f\u00fcr alle Mobilfunkbandbreiten (2G\/3G\/4G\/5G) \u2013 speziell von uns f\u00fcr optimalen Empfang und hohe Geschwindigkeit entwickelt.<\/p>\n<p>Diese Antenne ist mit sieben Kabeln ausgestattet: vier LTE-Kabeln, zwei WLAN-Kabeln und einem GPS-Kabel. Sie erhalten WLAN im Fahrzeug und bis zu 50 Meter au\u00dferhalb des Fahrzeugs. Die Antennenelemente sind sehr leistungsstark und bieten einen vollen Gewinn von 10 dBi. Die Antenne ist \u00e4u\u00dferst robust und IP-68-zertifiziert.<\/p>\n","protected":false},"featured_media":30273,"template":"","meta":{"_acf_changed":false},"product_brand":[],"product_cat":[165,470],"product_tag":[167,400,454],"class_list":{"0":"post-21908","1":"product","2":"type-product","3":"status-publish","4":"has-post-thumbnail","6":"product_cat-antenner","7":"product_cat-roof-antennas","8":"product_tag-antenn","9":"product_tag-takantenn-5g","10":"product_tag-wifipro","11":"product_shipping_class-sim-kort-med-router","13":"first","14":"instock","15":"taxable","16":"shipping-taxable","17":"purchasable","18":"product-type-simple"},"bundled_by":[],"bundle_stock_status":"instock","bundle_stock_quantity":null,"bundle_virtual":false,"bundle_layout":"","bundle_add_to_cart_form_location":"","bundle_editable_in_cart":false,"bundle_sold_individually_context":"","bundle_item_grouping":"","bundle_min_size":"","bundle_max_size":"","bundle_price":[],"bundled_items":[],"bundle_sell_ids":[],"acf":{"accounting_number":"","accounting_number_kopiera2":"","accounting_number_kopiera3":"","accounting_number_kopiera4":"","accounting_number_kopiera5":"","accounting_number_kopiera6":""},"yoast_head":"<!-- This site is optimized with the Yoast SEO plugin v27.1.1 - https:\/\/yoast.com\/product\/yoast-seo-wordpress\/ -->\n<title>5G Dachantenne f\u00fcr 5G Router - 7 Kabel - 4 LTE-Kabel, 2 WLAN-Kabel, 1 GPS-Kabel - WIFI.SE\/DE<\/title>\n<meta name=\"description\" content=\"En 5G rundstr\u00e5lande takantenn som fungerar f\u00f6r alla mobila bandbredder, 2G\/3G\/4G\/5G speciellt framtagen av Wifi.se f\u00f6r optimal mottagning och h\u00f6g hastighet.\" \/>\n<meta name=\"robots\" content=\"index, follow, max-snippet:-1, max-image-preview:large, max-video-preview:-1\" \/>\n<link rel=\"canonical\" href=\"https:\/\/wifi.se\/de\/product\/5g-roof-antenna-for-5g-router-7-cables-4-lte-cables-2-wifi-cables-1-gps-cable\/\" \/>\n<meta property=\"og:locale\" content=\"de_DE\" \/>\n<meta property=\"og:type\" content=\"article\" \/>\n<meta property=\"og:title\" content=\"5G Dachantenne f\u00fcr 5G Router - 7 Kabel - 4 LTE-Kabel, 2 WLAN-Kabel, 1 GPS-Kabel - WIFI.SE\/DE\" \/>\n<meta property=\"og:description\" content=\"En 5G rundstr\u00e5lande takantenn som fungerar f\u00f6r alla mobila bandbredder, 2G\/3G\/4G\/5G speciellt framtagen av Wifi.se f\u00f6r optimal mottagning och h\u00f6g hastighet.\" \/>\n<meta property=\"og:url\" content=\"https:\/\/wifi.se\/de\/product\/5g-roof-antenna-for-5g-router-7-cables-4-lte-cables-2-wifi-cables-1-gps-cable\/\" \/>\n<meta property=\"og:site_name\" content=\"WIFI.SE\/DE\" \/>\n<meta property=\"article:modified_time\" content=\"2025-04-08T16:35:11+00:00\" \/>\n<meta property=\"og:image\" content=\"https:\/\/wifi.se\/de\/wp-content\/uploads\/sites\/7\/2023\/07\/tak002.jpg\" \/>\n\t<meta property=\"og:image:width\" content=\"800\" \/>\n\t<meta property=\"og:image:height\" content=\"800\" \/>\n\t<meta property=\"og:image:type\" content=\"image\/jpeg\" \/>\n<meta name=\"twitter:card\" content=\"summary_large_image\" \/>\n<meta name=\"twitter:label1\" content=\"Gesch\u00e4tzte Lesezeit\" \/>\n\t<meta name=\"twitter:data1\" content=\"2\u00a0Minuten\" \/>\n<script type=\"application\/ld+json\" class=\"yoast-schema-graph\">{\"@context\":\"https:\/\/schema.org\",\"@graph\":[{\"@type\":\"WebPage\",\"@id\":\"https:\/\/wifi.se\/de\/product\/5g-roof-antenna-for-5g-router-7-cables-4-lte-cables-2-wifi-cables-1-gps-cable\/\",\"url\":\"https:\/\/wifi.se\/de\/product\/5g-roof-antenna-for-5g-router-7-cables-4-lte-cables-2-wifi-cables-1-gps-cable\/\",\"name\":\"5G Dachantenne f\u00fcr 5G Router - 7 Kabel - 4 LTE-Kabel, 2 WLAN-Kabel, 1 GPS-Kabel - WIFI.SE\/DE\",\"isPartOf\":{\"@id\":\"https:\/\/wifi.se\/de\/#website\"},\"primaryImageOfPage\":{\"@id\":\"https:\/\/wifi.se\/de\/product\/5g-roof-antenna-for-5g-router-7-cables-4-lte-cables-2-wifi-cables-1-gps-cable\/#primaryimage\"},\"image\":{\"@id\":\"https:\/\/wifi.se\/de\/product\/5g-roof-antenna-for-5g-router-7-cables-4-lte-cables-2-wifi-cables-1-gps-cable\/#primaryimage\"},\"thumbnailUrl\":\"https:\/\/wifi.se\/de\/wp-content\/uploads\/sites\/7\/2023\/07\/tak002.jpg\",\"datePublished\":\"2023-07-21T08:41:46+00:00\",\"dateModified\":\"2025-04-08T16:35:11+00:00\",\"description\":\"En 5G rundstr\u00e5lande takantenn som fungerar f\u00f6r alla mobila bandbredder, 2G\/3G\/4G\/5G speciellt framtagen av Wifi.se f\u00f6r optimal mottagning och h\u00f6g hastighet.\",\"breadcrumb\":{\"@id\":\"https:\/\/wifi.se\/de\/product\/5g-roof-antenna-for-5g-router-7-cables-4-lte-cables-2-wifi-cables-1-gps-cable\/#breadcrumb\"},\"inLanguage\":\"de\",\"potentialAction\":[{\"@type\":\"ReadAction\",\"target\":[\"https:\/\/wifi.se\/de\/product\/5g-roof-antenna-for-5g-router-7-cables-4-lte-cables-2-wifi-cables-1-gps-cable\/\"]}]},{\"@type\":\"ImageObject\",\"inLanguage\":\"de\",\"@id\":\"https:\/\/wifi.se\/de\/product\/5g-roof-antenna-for-5g-router-7-cables-4-lte-cables-2-wifi-cables-1-gps-cable\/#primaryimage\",\"url\":\"https:\/\/wifi.se\/de\/wp-content\/uploads\/sites\/7\/2023\/07\/tak002.jpg\",\"contentUrl\":\"https:\/\/wifi.se\/de\/wp-content\/uploads\/sites\/7\/2023\/07\/tak002.jpg\",\"width\":800,\"height\":800,\"caption\":\"5G takantenn\"},{\"@type\":\"BreadcrumbList\",\"@id\":\"https:\/\/wifi.se\/de\/product\/5g-roof-antenna-for-5g-router-7-cables-4-lte-cables-2-wifi-cables-1-gps-cable\/#breadcrumb\",\"itemListElement\":[{\"@type\":\"ListItem\",\"position\":1,\"name\":\"Hem\",\"item\":\"https:\/\/wifi.se\/de\/\"},{\"@type\":\"ListItem\",\"position\":2,\"name\":\"BUTIK\",\"item\":\"https:\/\/wifi.se\/de\/butik\/\"},{\"@type\":\"ListItem\",\"position\":3,\"name\":\"5G Dachantenne f\u00fcr 5G Router &#8211; 7 Kabel &#8211; 4 LTE-Kabel, 2 WLAN-Kabel, 1 GPS-Kabel\"}]},{\"@type\":\"WebSite\",\"@id\":\"https:\/\/wifi.se\/de\/#website\",\"url\":\"https:\/\/wifi.se\/de\/\",\"name\":\"WIFI.SE\/DE\",\"description\":\"INTERNET \u00dcBERALL\",\"potentialAction\":[{\"@type\":\"SearchAction\",\"target\":{\"@type\":\"EntryPoint\",\"urlTemplate\":\"https:\/\/wifi.se\/de\/?s={search_term_string}\"},\"query-input\":{\"@type\":\"PropertyValueSpecification\",\"valueRequired\":true,\"valueName\":\"search_term_string\"}}],\"inLanguage\":\"de\"}]}<\/script>\n<!-- \/ Yoast SEO plugin. -->","yoast_head_json":{"title":"5G Dachantenne f\u00fcr 5G Router - 7 Kabel - 4 LTE-Kabel, 2 WLAN-Kabel, 1 GPS-Kabel - WIFI.SE\/DE","description":"En 5G rundstr\u00e5lande takantenn som fungerar f\u00f6r alla mobila bandbredder, 2G\/3G\/4G\/5G speciellt framtagen av Wifi.se f\u00f6r optimal mottagning och h\u00f6g hastighet.","robots":{"index":"index","follow":"follow","max-snippet":"max-snippet:-1","max-image-preview":"max-image-preview:large","max-video-preview":"max-video-preview:-1"},"canonical":"https:\/\/wifi.se\/de\/product\/5g-roof-antenna-for-5g-router-7-cables-4-lte-cables-2-wifi-cables-1-gps-cable\/","og_locale":"de_DE","og_type":"article","og_title":"5G Dachantenne f\u00fcr 5G Router - 7 Kabel - 4 LTE-Kabel, 2 WLAN-Kabel, 1 GPS-Kabel - WIFI.SE\/DE","og_description":"En 5G rundstr\u00e5lande takantenn som fungerar f\u00f6r alla mobila bandbredder, 2G\/3G\/4G\/5G speciellt framtagen av Wifi.se f\u00f6r optimal mottagning och h\u00f6g hastighet.","og_url":"https:\/\/wifi.se\/de\/product\/5g-roof-antenna-for-5g-router-7-cables-4-lte-cables-2-wifi-cables-1-gps-cable\/","og_site_name":"WIFI.SE\/DE","article_modified_time":"2025-04-08T16:35:11+00:00","og_image":[{"width":800,"height":800,"url":"https:\/\/wifi.se\/de\/wp-content\/uploads\/sites\/7\/2023\/07\/tak002.jpg","type":"image\/jpeg"}],"twitter_card":"summary_large_image","twitter_misc":{"Gesch\u00e4tzte Lesezeit":"2\u00a0Minuten"},"schema":{"@context":"https:\/\/schema.org","@graph":[{"@type":"WebPage","@id":"https:\/\/wifi.se\/de\/product\/5g-roof-antenna-for-5g-router-7-cables-4-lte-cables-2-wifi-cables-1-gps-cable\/","url":"https:\/\/wifi.se\/de\/product\/5g-roof-antenna-for-5g-router-7-cables-4-lte-cables-2-wifi-cables-1-gps-cable\/","name":"5G Dachantenne f\u00fcr 5G Router - 7 Kabel - 4 LTE-Kabel, 2 WLAN-Kabel, 1 GPS-Kabel - WIFI.SE\/DE","isPartOf":{"@id":"https:\/\/wifi.se\/de\/#website"},"primaryImageOfPage":{"@id":"https:\/\/wifi.se\/de\/product\/5g-roof-antenna-for-5g-router-7-cables-4-lte-cables-2-wifi-cables-1-gps-cable\/#primaryimage"},"image":{"@id":"https:\/\/wifi.se\/de\/product\/5g-roof-antenna-for-5g-router-7-cables-4-lte-cables-2-wifi-cables-1-gps-cable\/#primaryimage"},"thumbnailUrl":"https:\/\/wifi.se\/de\/wp-content\/uploads\/sites\/7\/2023\/07\/tak002.jpg","datePublished":"2023-07-21T08:41:46+00:00","dateModified":"2025-04-08T16:35:11+00:00","description":"En 5G rundstr\u00e5lande takantenn som fungerar f\u00f6r alla mobila bandbredder, 2G\/3G\/4G\/5G speciellt framtagen av Wifi.se f\u00f6r optimal mottagning och h\u00f6g hastighet.","breadcrumb":{"@id":"https:\/\/wifi.se\/de\/product\/5g-roof-antenna-for-5g-router-7-cables-4-lte-cables-2-wifi-cables-1-gps-cable\/#breadcrumb"},"inLanguage":"de","potentialAction":[{"@type":"ReadAction","target":["https:\/\/wifi.se\/de\/product\/5g-roof-antenna-for-5g-router-7-cables-4-lte-cables-2-wifi-cables-1-gps-cable\/"]}]},{"@type":"ImageObject","inLanguage":"de","@id":"https:\/\/wifi.se\/de\/product\/5g-roof-antenna-for-5g-router-7-cables-4-lte-cables-2-wifi-cables-1-gps-cable\/#primaryimage","url":"https:\/\/wifi.se\/de\/wp-content\/uploads\/sites\/7\/2023\/07\/tak002.jpg","contentUrl":"https:\/\/wifi.se\/de\/wp-content\/uploads\/sites\/7\/2023\/07\/tak002.jpg","width":800,"height":800,"caption":"5G takantenn"},{"@type":"BreadcrumbList","@id":"https:\/\/wifi.se\/de\/product\/5g-roof-antenna-for-5g-router-7-cables-4-lte-cables-2-wifi-cables-1-gps-cable\/#breadcrumb","itemListElement":[{"@type":"ListItem","position":1,"name":"Hem","item":"https:\/\/wifi.se\/de\/"},{"@type":"ListItem","position":2,"name":"BUTIK","item":"https:\/\/wifi.se\/de\/butik\/"},{"@type":"ListItem","position":3,"name":"5G Dachantenne f\u00fcr 5G Router &#8211; 7 Kabel &#8211; 4 LTE-Kabel, 2 WLAN-Kabel, 1 GPS-Kabel"}]},{"@type":"WebSite","@id":"https:\/\/wifi.se\/de\/#website","url":"https:\/\/wifi.se\/de\/","name":"WIFI.SE\/DE","description":"INTERNET \u00dcBERALL","potentialAction":[{"@type":"SearchAction","target":{"@type":"EntryPoint","urlTemplate":"https:\/\/wifi.se\/de\/?s={search_term_string}"},"query-input":{"@type":"PropertyValueSpecification","valueRequired":true,"valueName":"search_term_string"}}],"inLanguage":"de"}]}},"_links":{"self":[{"href":"https:\/\/wifi.se\/de\/wp-json\/wp\/v2\/product\/21908","targetHints":{"allow":["GET"]}}],"collection":[{"href":"https:\/\/wifi.se\/de\/wp-json\/wp\/v2\/product"}],"about":[{"href":"https:\/\/wifi.se\/de\/wp-json\/wp\/v2\/types\/product"}],"wp:featuredmedia":[{"embeddable":true,"href":"https:\/\/wifi.se\/de\/wp-json\/wp\/v2\/media\/30273"}],"wp:attachment":[{"href":"https:\/\/wifi.se\/de\/wp-json\/wp\/v2\/media?parent=21908"}],"wp:term":[{"taxonomy":"product_brand","embeddable":true,"href":"https:\/\/wifi.se\/de\/wp-json\/wp\/v2\/product_brand?post=21908"},{"taxonomy":"product_cat","embeddable":true,"href":"https:\/\/wifi.se\/de\/wp-json\/wp\/v2\/product_cat?post=21908"},{"taxonomy":"product_tag","embeddable":true,"href":"https:\/\/wifi.se\/de\/wp-json\/wp\/v2\/product_tag?post=21908"}],"curies":[{"name":"wp","href":"https:\/\/api.w.org\/{rel}","templated":true}]}}