{"id":20822,"date":"2023-05-29T02:15:52","date_gmt":"2023-05-29T00:15:52","guid":{"rendered":"https:\/\/wifi.se\/?post_type=product&#038;p=20822"},"modified":"2025-04-08T18:40:28","modified_gmt":"2025-04-08T16:40:28","slug":"5g-router-for-rv","status":"publish","type":"product","link":"https:\/\/wifi.se\/de\/product\/5g-router-for-rv\/","title":{"rendered":"5G-Router f\u00fcr Wohnmobil \/ Camper \/ Caravan \/ Boot mit komplettem Kabelsatz und 5G-Dachantenne mit integriertem WLAN"},"content":{"rendered":"<div class=\"\">\n<div class=\"\"><\/div>\n<div class=\"\">\n<h3 class=\"\" data-start=\"1382\" data-end=\"1401\"><strong data-start=\"1386\" data-end=\"1401\">Dachantenne<\/strong><\/h3>\n<p class=\"\" data-start=\"1403\" data-end=\"1685\">Im Paket enthalten ist eine 5G-Mehrband-MIMO-Dachantenne, die alle Mobilfunkfrequenzen (2G\/3G\/4G\/5G) unterst\u00fctzt und nahezu 6G-kompatibel ist.<br data-start=\"1545\" data-end=\"1548\" \/>Die Antenne wurde von uns speziell f\u00fcr optimalen Empfang und maximale Geschwindigkeit entwickelt. Sie verf\u00fcgt \u00fcber <strong data-start=\"1663\" data-end=\"1684\">insgesamt 6 Kabel<\/strong>:<\/p>\n<ul data-start=\"1687\" data-end=\"1757\">\n<li class=\"\" data-start=\"1687\" data-end=\"1739\">\n<p class=\"\" data-start=\"1689\" data-end=\"1739\">4x LTE-Kabel (direkt an den Router anschlie\u00dfbar)<\/p>\n<\/li>\n<li class=\"\" data-start=\"1740\" data-end=\"1757\">\n<p class=\"\" data-start=\"1742\" data-end=\"1757\">2x WiFi-Kabel<\/p>\n<\/li>\n<\/ul>\n<p class=\"\" data-start=\"1759\" data-end=\"2148\">Diese sorgen f\u00fcr minimale Signalverluste.<br data-start=\"1800\" data-end=\"1803\" \/>Sie erhalten WLAN im Fahrzeug und bis zu 50 Meter au\u00dferhalb. Die Antennenelemente sind besonders stark und bieten eine Verst\u00e4rkung von <strong data-start=\"1938\" data-end=\"1955\">vollen 10 dBi<\/strong>.<br data-start=\"1956\" data-end=\"1959\" \/>Die Antenne ist extrem robust, IP68-zertifiziert, 19 cm im Durchmesser, 5 cm hoch und besitzt eine Schraubgewindel\u00e4nge von 60 mm \u2013 ideal f\u00fcr die Montage. (Fr\u00fchere Modelle hatten nur 40 mm.)<\/p>\n<hr class=\"\" data-start=\"2150\" data-end=\"2153\" \/>\n<h3 class=\"\" data-start=\"2155\" data-end=\"2176\"><strong data-start=\"2159\" data-end=\"2176\">Lieferumfang:<\/strong><\/h3>\n<ul data-start=\"2178\" data-end=\"3076\">\n<li class=\"\" data-start=\"2178\" data-end=\"2215\">\n<p class=\"\" data-start=\"2180\" data-end=\"2215\"><strong data-start=\"2180\" data-end=\"2213\">Router Wifi Extreme 5G-Router<\/strong><\/p>\n<\/li>\n<li class=\"\" data-start=\"2216\" data-end=\"2255\">\n<p class=\"\" data-start=\"2218\" data-end=\"2255\"><strong data-start=\"2218\" data-end=\"2253\">5G-Dachantenne mit 10dBi-Gewinn<\/strong><\/p>\n<\/li>\n<li class=\"\" data-start=\"2256\" data-end=\"2303\">\n<p class=\"\" data-start=\"2258\" data-end=\"2303\"><strong data-start=\"2258\" data-end=\"2301\">12V-Kabel f\u00fcr Anschluss an die Batterie<\/strong><\/p>\n<\/li>\n<li class=\"\" data-start=\"2304\" data-end=\"2344\">\n<p class=\"\" data-start=\"2306\" data-end=\"2344\"><strong data-start=\"2306\" data-end=\"2342\">12V-Kabel f\u00fcr Zigarettenanz\u00fcnder<\/strong><\/p>\n<\/li>\n<li class=\"\" data-start=\"2345\" data-end=\"2367\">\n<p class=\"\" data-start=\"2347\" data-end=\"2367\"><strong data-start=\"2347\" data-end=\"2365\">230V-Netzkabel<\/strong><\/p>\n<\/li>\n<li class=\"\" data-start=\"2368\" data-end=\"2422\">\n<p class=\"\" data-start=\"2370\" data-end=\"2422\"><strong data-start=\"2370\" data-end=\"2420\">4 starke Klettb\u00e4nder von Wurth zur Wandmontage<\/strong><\/p>\n<\/li>\n<li class=\"\" data-start=\"2423\" data-end=\"2513\">\n<p class=\"\" data-start=\"2425\" data-end=\"2513\"><strong data-start=\"2425\" data-end=\"2455\">F\u00fcr Roaming freigeschaltet<\/strong> \u2013 keine Einstellungen f\u00fcr den Auslandseinsatz notwendig<\/p>\n<\/li>\n<li class=\"\" data-start=\"2514\" data-end=\"2547\">\n<p class=\"\" data-start=\"2516\" data-end=\"2547\"><strong data-start=\"2516\" data-end=\"2545\">5x Gigabit-Ethernet-Ports<\/strong><\/p>\n<\/li>\n<li class=\"\" data-start=\"2548\" data-end=\"2642\">\n<p class=\"\" data-start=\"2550\" data-end=\"2642\"><strong data-start=\"2550\" data-end=\"2567\">Dualband-WiFi<\/strong> (bis zu dreifach h\u00f6here Geschwindigkeit im Vergleich zu Standardroutern)<\/p>\n<\/li>\n<li class=\"\" data-start=\"2643\" data-end=\"2683\">\n<p class=\"\" data-start=\"2645\" data-end=\"2683\"><strong data-start=\"2645\" data-end=\"2681\">4 feste Antennen f\u00fcr 4G und WiFi<\/strong><\/p>\n<\/li>\n<li class=\"\" data-start=\"2684\" data-end=\"2727\">\n<p class=\"\" data-start=\"2686\" data-end=\"2727\"><strong data-start=\"2686\" data-end=\"2725\">Inklusive GPS-Modul und GPS-Antenne<\/strong><\/p>\n<\/li>\n<li class=\"\" data-start=\"2728\" data-end=\"2787\">\n<p class=\"\" data-start=\"2730\" data-end=\"2787\"><strong data-start=\"2730\" data-end=\"2749\">Robustes Design<\/strong> \u2013 Temperaturbereich: -40 bis +75 \u00b0C<\/p>\n<\/li>\n<li class=\"\" data-start=\"2788\" data-end=\"2869\">\n<p class=\"\" data-start=\"2790\" data-end=\"2869\"><strong data-start=\"2790\" data-end=\"2819\">Vorkonfiguriert geliefert<\/strong> \u2013 anschlie\u00dfen und innerhalb einer Minute online<\/p>\n<\/li>\n<li class=\"\" data-start=\"2870\" data-end=\"2898\">\n<p class=\"\" data-start=\"2872\" data-end=\"2898\"><strong data-start=\"2872\" data-end=\"2896\">Dual-SIM-Steckpl\u00e4tze<\/strong><\/p>\n<\/li>\n<li class=\"\" data-start=\"2899\" data-end=\"2934\">\n<p class=\"\" data-start=\"2901\" data-end=\"2934\"><strong data-start=\"2901\" data-end=\"2932\">Betriebsspannung: 9\u201350 V DC<\/strong><\/p>\n<\/li>\n<li class=\"\" data-start=\"2935\" data-end=\"2963\">\n<p class=\"\" data-start=\"2937\" data-end=\"2963\"><strong data-start=\"2937\" data-end=\"2961\">Stromverbrauch: 16 W<\/strong><\/p>\n<\/li>\n<li class=\"\" data-start=\"2964\" data-end=\"2994\">\n<p class=\"\" data-start=\"2966\" data-end=\"2994\"><strong data-start=\"2966\" data-end=\"2992\">Ma\u00dfe: 115 x 95 x 44 mm<\/strong><\/p>\n<\/li>\n<li class=\"\" data-start=\"2995\" data-end=\"3017\">\n<p class=\"\" data-start=\"2997\" data-end=\"3017\"><strong data-start=\"2997\" data-end=\"3015\">Gewicht: 456 g<\/strong><\/p>\n<\/li>\n<li class=\"\" data-start=\"3018\" data-end=\"3076\">\n<p class=\"\" data-start=\"3020\" data-end=\"3076\"><strong data-start=\"3020\" data-end=\"3076\">Vereinfachte Sonderfunktionen f\u00fcr Kunden von Wifi.se<\/strong><\/p>\n<\/li>\n<\/ul>\n<hr class=\"\" data-start=\"3078\" data-end=\"3081\" \/>\n<h3 class=\"\" data-start=\"3083\" data-end=\"3165\"><strong data-start=\"3087\" data-end=\"3165\">Die Zukunft der Konnektivit\u00e4t \u2013 mit unserem 5G-Router und neuen SIM-Karten<\/strong><\/h3>\n<p class=\"\" data-start=\"3167\" data-end=\"3430\">In einer Welt, in der Konnektivit\u00e4t alles bedeutet, bieten wir mehr als nur ein Produkt \u2013 wir liefern eine <strong data-start=\"3274\" data-end=\"3298\">ganzheitliche L\u00f6sung<\/strong>.<br data-start=\"3299\" data-end=\"3302\" \/>Wenn Sie sich f\u00fcr unseren 5G-Router entscheiden, erhalten Sie nicht nur ein Ger\u00e4t, sondern ein <strong data-start=\"3397\" data-end=\"3429\">einzigartiges Nutzererlebnis<\/strong>.<\/p>\n<p class=\"\" data-start=\"3432\" data-end=\"3460\"><strong data-start=\"3432\" data-end=\"3460\">Was uns besonders macht:<\/strong><\/p>\n<ul data-start=\"3462\" data-end=\"3827\">\n<li class=\"\" data-start=\"3462\" data-end=\"3569\">\n<p class=\"\" data-start=\"3464\" data-end=\"3569\"><strong data-start=\"3464\" data-end=\"3493\">Exzellenter Kundensupport<\/strong> \u2013 telefonisch oder per E-Mail erreichbar, wann immer Sie Hilfe ben\u00f6tigen.<\/p>\n<\/li>\n<li class=\"\" data-start=\"3570\" data-end=\"3696\">\n<p class=\"\" data-start=\"3572\" data-end=\"3696\"><strong data-start=\"3572\" data-end=\"3587\">Fernwartung<\/strong> \u2013 Unsere Techniker k\u00f6nnen technische Probleme <strong data-start=\"3634\" data-end=\"3666\">direkt auf Ihrem Ger\u00e4t l\u00f6sen<\/strong>, egal wo Sie sich befinden.<\/p>\n<\/li>\n<li class=\"\" data-start=\"3697\" data-end=\"3827\">\n<p class=\"\" data-start=\"3699\" data-end=\"3827\"><strong data-start=\"3699\" data-end=\"3713\">Eigene App<\/strong> \u2013 f\u00fcr individuelle Einstellungen, Zusatzfunktionen und eine verbesserte Nutzererfahrung direkt \u00fcber Ihren Router.<\/p>\n<\/li>\n<\/ul>\n<p class=\"\" data-start=\"3829\" data-end=\"4019\">Unsere eigens entwickelte <strong data-start=\"3855\" data-end=\"3870\">Dachantenne<\/strong> setzt neue Ma\u00dfst\u00e4be in Sachen Empfang und \u00dcbertragung. Sie liefert eine <strong data-start=\"3943\" data-end=\"3975\">glasfaser\u00e4hnliche Verbindung<\/strong>, sowohl im Innen- als auch im Au\u00dfenbereich.<\/p>\n<hr class=\"\" data-start=\"4021\" data-end=\"4024\" \/>\n<h3 class=\"\" data-start=\"4026\" data-end=\"4087\"><strong data-start=\"4030\" data-end=\"4087\">Europaweit verbunden \u2013 mit unseren SIM-Kartenl\u00f6sungen<\/strong><\/h3>\n<p class=\"\" data-start=\"4089\" data-end=\"4206\">Zus\u00e4tzlich zu unserer Hardware bieten wir auch speziell entwickelte <strong data-start=\"4157\" data-end=\"4179\">SIM-Kartenl\u00f6sungen<\/strong> an.<br data-start=\"4183\" data-end=\"4186\" \/>W\u00e4hlen Sie zwischen:<\/p>\n<ul data-start=\"4208\" data-end=\"4360\">\n<li class=\"\" data-start=\"4208\" data-end=\"4252\">\n<p class=\"\" data-start=\"4210\" data-end=\"4252\"><strong data-start=\"4210\" data-end=\"4252\">SIM-Karten f\u00fcr den Einsatz in Schweden<\/strong><\/p>\n<\/li>\n<li class=\"\" data-start=\"4253\" data-end=\"4360\">\n<p class=\"\" data-start=\"4255\" data-end=\"4360\"><strong data-start=\"4255\" data-end=\"4293\">Roaming-SIM-Karten f\u00fcr ganz Europa<\/strong><br data-start=\"4293\" data-end=\"4296\" \/>\u2013 mit gro\u00dfz\u00fcgigen Datenpaketen von bis zu <strong data-start=\"4340\" data-end=\"4360\">400 GB pro Monat<\/strong><\/p>\n<\/li>\n<\/ul>\n<p class=\"\" data-start=\"4362\" data-end=\"4432\">Damit k\u00f6nnen Sie sorglos durch Europa reisen und sind stets verbunden.<\/p>\n<p class=\"\" data-start=\"4439\" data-end=\"4495\">\n<\/div>\n<\/div>\n","protected":false},"excerpt":{"rendered":"<h3 class=\"\" data-start=\"76\" data-end=\"157\"><strong data-start=\"80\" data-end=\"157\">Wifi Performance 5G \u2013 Der Router f\u00fcr Wohnmobil, Camper, Caravan oder Boot<\/strong><\/h3>\n<p class=\"\" data-start=\"159\" data-end=\"290\"><strong data-start=\"159\" data-end=\"290\">Neuer 5G-Router mit speziell entwickelter Dachantenne \u2013 F\u00fcr alle, die das schnellste und stabilste System auf dem Markt wollen.<\/strong><\/p>\n<p class=\"\" data-start=\"292\" data-end=\"540\">Wifi.se hat einen neuen 5G-Router in Kombination mit einer eigens entwickelten Dachantenne auf den Markt gebracht. Die Antenne ist <strong data-start=\"423\" data-end=\"444\">IP68-zertifiziert<\/strong>, erf\u00fcllt somit die h\u00f6chsten Qualit\u00e4tsstandards und wurde speziell f\u00fcr diesen Router konzipiert.<\/p>\n<p class=\"\" data-start=\"542\" data-end=\"642\">Die <strong data-start=\"546\" data-end=\"595\">5G-Antenne verf\u00fcgt \u00fcber insgesamt sechs Kabel<\/strong>:<br data-start=\"596\" data-end=\"599\" \/>\u2013 <strong data-start=\"601\" data-end=\"618\">vier 5G-Kabel<\/strong><br data-start=\"618\" data-end=\"621\" \/>\u2013 <strong data-start=\"623\" data-end=\"642\">zwei WiFi-Kabel<\/strong><\/p>\n<p class=\"\" data-start=\"644\" data-end=\"809\">Die Leistung dieses Routers in Kombination mit der Antenne ist beeindruckend \u2013 es sind <strong data-start=\"731\" data-end=\"791\">Download-Geschwindigkeiten von \u00fcber 400 Mbit\/s \u00fcber WLAN<\/strong> keine Seltenheit.<\/p>\n<p class=\"\" data-start=\"811\" data-end=\"860\"><strong data-start=\"814\" data-end=\"860\">SIM-Karte nicht im Lieferumfang enthalten!<\/strong><\/p>\n","protected":false},"featured_media":32130,"template":"","meta":{"_acf_changed":false},"product_brand":[],"product_cat":[464,438],"product_tag":[290,247,66,245,40],"class_list":{"0":"post-20822","1":"product","2":"type-product","3":"status-publish","4":"has-post-thumbnail","6":"product_cat-router","7":"product_cat-5g-router-med-5g-takantenn","8":"product_tag-100-gb","9":"product_tag-eu-ess","10":"product_tag-router","11":"product_tag-roaming","12":"product_tag-wifi","13":"product_shipping_class-sim-kort-med-router","15":"first","16":"instock","17":"taxable","18":"shipping-taxable","19":"purchasable","20":"product-type-simple"},"bundled_by":[],"bundle_stock_status":"instock","bundle_stock_quantity":null,"bundle_virtual":false,"bundle_layout":"","bundle_add_to_cart_form_location":"","bundle_editable_in_cart":false,"bundle_sold_individually_context":"","bundle_item_grouping":"","bundle_min_size":"","bundle_max_size":"","bundle_price":[],"bundled_items":[],"bundle_sell_ids":[],"acf":{"accounting_number":"1940","accounting_number_kopiera2":"2611","accounting_number_kopiera3":"3520","accounting_number_kopiera4":"3011","accounting_number_kopiera5":"1510","accounting_number_kopiera6":"1511"},"yoast_head":"<!-- This site is optimized with the Yoast SEO plugin v27.1.1 - https:\/\/yoast.com\/product\/yoast-seo-wordpress\/ -->\n<title>5G Router Wifi Performance med fullt kabelpaket och 5G takantenn med Wifi \u2013 Utan SiM<\/title>\n<meta name=\"description\" content=\"Ny 5G router med egentillverkad takantenn \u2013 F\u00f6r dig som vill ha det snabbaste och mest stabila system som g\u00e5r att k\u00f6pa. M\u00e4tresultaten f\u00f6r routern med denna antenn \u00e4r otroliga, det \u00e4r inte ovanligt att man f\u00e5r nerladdning p\u00e5 \u00f6ver 400 Mbit\/sek.\" \/>\n<meta name=\"robots\" content=\"index, follow, max-snippet:-1, max-image-preview:large, max-video-preview:-1\" \/>\n<link rel=\"canonical\" href=\"https:\/\/wifi.se\/de\/product\/5g-router-for-rv\/\" \/>\n<meta property=\"og:locale\" content=\"de_DE\" \/>\n<meta property=\"og:type\" content=\"article\" \/>\n<meta property=\"og:title\" content=\"5G Router Wifi Performance med fullt kabelpaket och 5G takantenn med Wifi \u2013 Utan SiM\" \/>\n<meta property=\"og:description\" content=\"Ny 5G router med egentillverkad takantenn \u2013 F\u00f6r dig som vill ha det snabbaste och mest stabila system som g\u00e5r att k\u00f6pa. M\u00e4tresultaten f\u00f6r routern med denna antenn \u00e4r otroliga, det \u00e4r inte ovanligt att man f\u00e5r nerladdning p\u00e5 \u00f6ver 400 Mbit\/sek.\" \/>\n<meta property=\"og:url\" content=\"https:\/\/wifi.se\/de\/product\/5g-router-for-rv\/\" \/>\n<meta property=\"og:site_name\" content=\"WIFI.SE\/DE\" \/>\n<meta property=\"article:modified_time\" content=\"2025-04-08T16:40:28+00:00\" \/>\n<meta property=\"og:image\" content=\"https:\/\/wifi.se\/de\/wp-content\/uploads\/sites\/7\/2023\/05\/routerpake.jpg\" \/>\n\t<meta property=\"og:image:width\" content=\"800\" \/>\n\t<meta property=\"og:image:height\" content=\"800\" \/>\n\t<meta property=\"og:image:type\" content=\"image\/jpeg\" \/>\n<meta name=\"twitter:card\" content=\"summary_large_image\" \/>\n<meta name=\"twitter:label1\" content=\"Gesch\u00e4tzte Lesezeit\" \/>\n\t<meta name=\"twitter:data1\" content=\"3\u00a0Minuten\" \/>\n<script type=\"application\/ld+json\" class=\"yoast-schema-graph\">{\"@context\":\"https:\/\/schema.org\",\"@graph\":[{\"@type\":\"WebPage\",\"@id\":\"https:\/\/wifi.se\/de\/product\/5g-router-for-rv\/\",\"url\":\"https:\/\/wifi.se\/de\/product\/5g-router-for-rv\/\",\"name\":\"5G Router Wifi Performance med fullt kabelpaket och 5G takantenn med Wifi \u2013 Utan SiM\",\"isPartOf\":{\"@id\":\"https:\/\/wifi.se\/de\/#website\"},\"primaryImageOfPage\":{\"@id\":\"https:\/\/wifi.se\/de\/product\/5g-router-for-rv\/#primaryimage\"},\"image\":{\"@id\":\"https:\/\/wifi.se\/de\/product\/5g-router-for-rv\/#primaryimage\"},\"thumbnailUrl\":\"https:\/\/wifi.se\/de\/wp-content\/uploads\/sites\/7\/2023\/05\/routerpake.jpg\",\"datePublished\":\"2023-05-29T00:15:52+00:00\",\"dateModified\":\"2025-04-08T16:40:28+00:00\",\"description\":\"Ny 5G router med egentillverkad takantenn \u2013 F\u00f6r dig som vill ha det snabbaste och mest stabila system som g\u00e5r att k\u00f6pa. M\u00e4tresultaten f\u00f6r routern med denna antenn \u00e4r otroliga, det \u00e4r inte ovanligt att man f\u00e5r nerladdning p\u00e5 \u00f6ver 400 Mbit\/sek.\",\"breadcrumb\":{\"@id\":\"https:\/\/wifi.se\/de\/product\/5g-router-for-rv\/#breadcrumb\"},\"inLanguage\":\"de\",\"potentialAction\":[{\"@type\":\"ReadAction\",\"target\":[\"https:\/\/wifi.se\/de\/product\/5g-router-for-rv\/\"]}]},{\"@type\":\"ImageObject\",\"inLanguage\":\"de\",\"@id\":\"https:\/\/wifi.se\/de\/product\/5g-router-for-rv\/#primaryimage\",\"url\":\"https:\/\/wifi.se\/de\/wp-content\/uploads\/sites\/7\/2023\/05\/routerpake.jpg\",\"contentUrl\":\"https:\/\/wifi.se\/de\/wp-content\/uploads\/sites\/7\/2023\/05\/routerpake.jpg\",\"width\":800,\"height\":800},{\"@type\":\"BreadcrumbList\",\"@id\":\"https:\/\/wifi.se\/de\/product\/5g-router-for-rv\/#breadcrumb\",\"itemListElement\":[{\"@type\":\"ListItem\",\"position\":1,\"name\":\"Hem\",\"item\":\"https:\/\/wifi.se\/de\/\"},{\"@type\":\"ListItem\",\"position\":2,\"name\":\"BUTIK\",\"item\":\"https:\/\/wifi.se\/de\/butik\/\"},{\"@type\":\"ListItem\",\"position\":3,\"name\":\"5G-Router f\u00fcr Wohnmobil \/ Camper \/ Caravan \/ Boot mit komplettem Kabelsatz und 5G-Dachantenne mit integriertem WLAN\"}]},{\"@type\":\"WebSite\",\"@id\":\"https:\/\/wifi.se\/de\/#website\",\"url\":\"https:\/\/wifi.se\/de\/\",\"name\":\"WIFI.SE\/DE\",\"description\":\"INTERNET \u00dcBERALL\",\"potentialAction\":[{\"@type\":\"SearchAction\",\"target\":{\"@type\":\"EntryPoint\",\"urlTemplate\":\"https:\/\/wifi.se\/de\/?s={search_term_string}\"},\"query-input\":{\"@type\":\"PropertyValueSpecification\",\"valueRequired\":true,\"valueName\":\"search_term_string\"}}],\"inLanguage\":\"de\"}]}<\/script>\n<!-- \/ Yoast SEO plugin. -->","yoast_head_json":{"title":"5G Router Wifi Performance med fullt kabelpaket och 5G takantenn med Wifi \u2013 Utan SiM","description":"Ny 5G router med egentillverkad takantenn \u2013 F\u00f6r dig som vill ha det snabbaste och mest stabila system som g\u00e5r att k\u00f6pa. M\u00e4tresultaten f\u00f6r routern med denna antenn \u00e4r otroliga, det \u00e4r inte ovanligt att man f\u00e5r nerladdning p\u00e5 \u00f6ver 400 Mbit\/sek.","robots":{"index":"index","follow":"follow","max-snippet":"max-snippet:-1","max-image-preview":"max-image-preview:large","max-video-preview":"max-video-preview:-1"},"canonical":"https:\/\/wifi.se\/de\/product\/5g-router-for-rv\/","og_locale":"de_DE","og_type":"article","og_title":"5G Router Wifi Performance med fullt kabelpaket och 5G takantenn med Wifi \u2013 Utan SiM","og_description":"Ny 5G router med egentillverkad takantenn \u2013 F\u00f6r dig som vill ha det snabbaste och mest stabila system som g\u00e5r att k\u00f6pa. M\u00e4tresultaten f\u00f6r routern med denna antenn \u00e4r otroliga, det \u00e4r inte ovanligt att man f\u00e5r nerladdning p\u00e5 \u00f6ver 400 Mbit\/sek.","og_url":"https:\/\/wifi.se\/de\/product\/5g-router-for-rv\/","og_site_name":"WIFI.SE\/DE","article_modified_time":"2025-04-08T16:40:28+00:00","og_image":[{"width":800,"height":800,"url":"https:\/\/wifi.se\/de\/wp-content\/uploads\/sites\/7\/2023\/05\/routerpake.jpg","type":"image\/jpeg"}],"twitter_card":"summary_large_image","twitter_misc":{"Gesch\u00e4tzte Lesezeit":"3\u00a0Minuten"},"schema":{"@context":"https:\/\/schema.org","@graph":[{"@type":"WebPage","@id":"https:\/\/wifi.se\/de\/product\/5g-router-for-rv\/","url":"https:\/\/wifi.se\/de\/product\/5g-router-for-rv\/","name":"5G Router Wifi Performance med fullt kabelpaket och 5G takantenn med Wifi \u2013 Utan SiM","isPartOf":{"@id":"https:\/\/wifi.se\/de\/#website"},"primaryImageOfPage":{"@id":"https:\/\/wifi.se\/de\/product\/5g-router-for-rv\/#primaryimage"},"image":{"@id":"https:\/\/wifi.se\/de\/product\/5g-router-for-rv\/#primaryimage"},"thumbnailUrl":"https:\/\/wifi.se\/de\/wp-content\/uploads\/sites\/7\/2023\/05\/routerpake.jpg","datePublished":"2023-05-29T00:15:52+00:00","dateModified":"2025-04-08T16:40:28+00:00","description":"Ny 5G router med egentillverkad takantenn \u2013 F\u00f6r dig som vill ha det snabbaste och mest stabila system som g\u00e5r att k\u00f6pa. M\u00e4tresultaten f\u00f6r routern med denna antenn \u00e4r otroliga, det \u00e4r inte ovanligt att man f\u00e5r nerladdning p\u00e5 \u00f6ver 400 Mbit\/sek.","breadcrumb":{"@id":"https:\/\/wifi.se\/de\/product\/5g-router-for-rv\/#breadcrumb"},"inLanguage":"de","potentialAction":[{"@type":"ReadAction","target":["https:\/\/wifi.se\/de\/product\/5g-router-for-rv\/"]}]},{"@type":"ImageObject","inLanguage":"de","@id":"https:\/\/wifi.se\/de\/product\/5g-router-for-rv\/#primaryimage","url":"https:\/\/wifi.se\/de\/wp-content\/uploads\/sites\/7\/2023\/05\/routerpake.jpg","contentUrl":"https:\/\/wifi.se\/de\/wp-content\/uploads\/sites\/7\/2023\/05\/routerpake.jpg","width":800,"height":800},{"@type":"BreadcrumbList","@id":"https:\/\/wifi.se\/de\/product\/5g-router-for-rv\/#breadcrumb","itemListElement":[{"@type":"ListItem","position":1,"name":"Hem","item":"https:\/\/wifi.se\/de\/"},{"@type":"ListItem","position":2,"name":"BUTIK","item":"https:\/\/wifi.se\/de\/butik\/"},{"@type":"ListItem","position":3,"name":"5G-Router f\u00fcr Wohnmobil \/ Camper \/ Caravan \/ Boot mit komplettem Kabelsatz und 5G-Dachantenne mit integriertem WLAN"}]},{"@type":"WebSite","@id":"https:\/\/wifi.se\/de\/#website","url":"https:\/\/wifi.se\/de\/","name":"WIFI.SE\/DE","description":"INTERNET \u00dcBERALL","potentialAction":[{"@type":"SearchAction","target":{"@type":"EntryPoint","urlTemplate":"https:\/\/wifi.se\/de\/?s={search_term_string}"},"query-input":{"@type":"PropertyValueSpecification","valueRequired":true,"valueName":"search_term_string"}}],"inLanguage":"de"}]}},"_links":{"self":[{"href":"https:\/\/wifi.se\/de\/wp-json\/wp\/v2\/product\/20822","targetHints":{"allow":["GET"]}}],"collection":[{"href":"https:\/\/wifi.se\/de\/wp-json\/wp\/v2\/product"}],"about":[{"href":"https:\/\/wifi.se\/de\/wp-json\/wp\/v2\/types\/product"}],"wp:featuredmedia":[{"embeddable":true,"href":"https:\/\/wifi.se\/de\/wp-json\/wp\/v2\/media\/32130"}],"wp:attachment":[{"href":"https:\/\/wifi.se\/de\/wp-json\/wp\/v2\/media?parent=20822"}],"wp:term":[{"taxonomy":"product_brand","embeddable":true,"href":"https:\/\/wifi.se\/de\/wp-json\/wp\/v2\/product_brand?post=20822"},{"taxonomy":"product_cat","embeddable":true,"href":"https:\/\/wifi.se\/de\/wp-json\/wp\/v2\/product_cat?post=20822"},{"taxonomy":"product_tag","embeddable":true,"href":"https:\/\/wifi.se\/de\/wp-json\/wp\/v2\/product_tag?post=20822"}],"curies":[{"name":"wp","href":"https:\/\/api.w.org\/{rel}","templated":true}]}}