{"id":19630,"date":"2023-03-11T09:00:08","date_gmt":"2023-03-11T07:00:08","guid":{"rendered":"https:\/\/wifi.se\/?post_type=product&#038;p=19630"},"modified":"2025-04-08T18:26:57","modified_gmt":"2025-04-08T16:26:57","slug":"chromecast-tv-adapter-for-usb-google-streamer-tv-via-12-volt-works-with-tv-usb","status":"publish","type":"product","link":"https:\/\/wifi.se\/de\/product\/chromecast-tv-adapter-for-usb-google-streamer-tv-via-12-volt-works-with-tv-usb\/","title":{"rendered":"Chromecast TV Adapter f\u00fcr USB \u2013 Google Streamer TV \u00fcber 12 Volt, Funktioniert mit TV USB"},"content":{"rendered":"<p>&nbsp;<\/p>\n<p class=\"\" data-start=\"58\" data-end=\"206\"><strong data-start=\"58\" data-end=\"206\">CHROMECAST-TV-ADAPTER F\u00dcR USB \u2013 CHROMECAST \u00dcBER 12 VOLT MIT DEM USB-ANSCHLUSS DES FERNSEHERS BETREIBEN (KOMPATIBEL MIT NEUEM GOOGLE STREAMER TV)<\/strong><\/p>\n<p class=\"\" data-start=\"208\" data-end=\"561\">Mit diesem smarten Chromecast-TV-Adapter k\u00f6nnen Sie Ihren Chromecast direkt \u00fcber den USB-Anschluss Ihres Fernsehers oder einen anderen USB-Anschluss mit Strom versorgen \u2013 statt \u00fcber eine 230-Volt-Steckdose. Das sorgt f\u00fcr eine sauberere Installation und ist besonders praktisch bei Wandmontage des Fernsehers, wo eine Steckdose oft schwer erreichbar ist.<\/p>\n<p class=\"\" data-start=\"563\" data-end=\"576\"><strong data-start=\"563\" data-end=\"576\">Merkmale:<\/strong><\/p>\n<ul data-start=\"578\" data-end=\"800\">\n<li class=\"\" data-start=\"578\" data-end=\"622\">\n<p class=\"\" data-start=\"580\" data-end=\"622\">Kompatibel mit allen Chromecast-Modellen<\/p>\n<\/li>\n<li class=\"\" data-start=\"623\" data-end=\"712\">\n<p class=\"\" data-start=\"625\" data-end=\"712\">Anschluss \u00fcber USB-Port des Fernsehers oder anderen USB-Anschluss zur Stromversorgung<\/p>\n<\/li>\n<li class=\"\" data-start=\"713\" data-end=\"759\">\n<p class=\"\" data-start=\"715\" data-end=\"759\">Kein zus\u00e4tzlicher Stromanschluss notwendig<\/p>\n<\/li>\n<li class=\"\" data-start=\"760\" data-end=\"800\">\n<p class=\"\" data-start=\"762\" data-end=\"800\">Ideal bei Wandmontage des Fernsehers<\/p>\n<\/li>\n<\/ul>\n<p class=\"\" data-start=\"802\" data-end=\"847\">Ein Video zur Funktionsweise finden Sie hier:<\/p>\n<p class=\"\" data-start=\"849\" data-end=\"1183\"><strong data-start=\"849\" data-end=\"901\">Nur einmal 60 Minuten laden \u2013 danach nie wieder!<\/strong><br data-start=\"901\" data-end=\"904\" \/>Dieses patentierte Produkt ist \u00e4u\u00dferst effizient. Es wird vorgeladen geliefert, aber wir empfehlen, es vor der ersten Nutzung einmal komplett aufzuladen. Danach reicht die Stromversorgung \u00fcber den USB-Anschluss des Fernsehers aus, um das Ger\u00e4t dauerhaft mit Energie zu versorgen.<\/p>\n<p class=\"\" data-start=\"1185\" data-end=\"1340\">Ein Chromecast ben\u00f6tigt 1,5 Ampere zum Betrieb. Unser Adapter erm\u00f6glicht perfektes Streaming, auch wenn der USB-Port des Fernsehers nur 0,5 Ampere liefert.<\/p>\n<p class=\"\" data-start=\"1342\" data-end=\"1559\">Falls Ihr TV-USB-Anschluss nicht genug Strom liefert, k\u00f6nnen Sie alternativ auch ein anderes USB-Ladeger\u00e4t mit 12 Volt verwenden. Mit anderen Worten: Der Adapter l\u00e4sst sich auch \u00fcber 12 Volt per USB-Adapter betreiben.<\/p>\n<p class=\"\" data-start=\"1561\" data-end=\"1590\"><strong data-start=\"1561\" data-end=\"1590\">Vorteile auf einen Blick:<\/strong><\/p>\n<ul data-start=\"1592\" data-end=\"1911\">\n<li class=\"\" data-start=\"1592\" data-end=\"1635\">\n<p class=\"\" data-start=\"1594\" data-end=\"1635\">Kein Netzteil oder Steckdose mehr n\u00f6tig<\/p>\n<\/li>\n<li class=\"\" data-start=\"1636\" data-end=\"1681\">\n<p class=\"\" data-start=\"1638\" data-end=\"1681\">Einmal 60 Minuten laden \u2013 dann nie wieder<\/p>\n<\/li>\n<li class=\"\" data-start=\"1682\" data-end=\"1750\">\n<p class=\"\" data-start=\"1684\" data-end=\"1750\">Chromecast-Adapter, der direkt mit dem TV per USB verbunden wird<\/p>\n<\/li>\n<li class=\"\" data-start=\"1751\" data-end=\"1818\">\n<p class=\"\" data-start=\"1753\" data-end=\"1818\">Universell kompatibel mit allen stromversorgten USB-Anschl\u00fcssen<\/p>\n<\/li>\n<li class=\"\" data-start=\"1819\" data-end=\"1911\">\n<p class=\"\" data-start=\"1821\" data-end=\"1911\">Kompatibel mit allen Chromecast-Versionen \u2013 inklusive Chromecast TV und \u00e4lteren Modellen<\/p>\n<\/li>\n<\/ul>\n<p class=\"\" data-start=\"1913\" data-end=\"1987\"><strong data-start=\"1913\" data-end=\"1987\">SCHAUEN SIE ZU, WIE MICKE \u201eTHE HUB\u201c UNSEREN CHROMECAST-ADAPTER TESTET!<\/strong><\/p>\n<p><iframe loading=\"lazy\" title=\"Chromecast.Litiumbatteri &amp; Inverter\" width=\"1020\" height=\"574\" src=\"https:\/\/www.youtube.com\/embed\/b6FeUqSQuKU?feature=oembed\" frameborder=\"0\" allow=\"accelerometer; autoplay; clipboard-write; encrypted-media; gyroscope; picture-in-picture; web-share\" referrerpolicy=\"strict-origin-when-cross-origin\" allowfullscreen><\/iframe><\/p>\n","protected":false},"excerpt":{"rendered":"<p class=\"\" data-start=\"70\" data-end=\"157\"><strong data-start=\"70\" data-end=\"157\">CHROMECAST-TV-ADAPTER F\u00dcR USB \u2013 CHROMECAST \u00dcBER 12 VOLT MIT TV-USB-BUCHSE BETREIBEN<\/strong><\/p>\n<ul data-start=\"159\" data-end=\"439\">\n<li class=\"\" data-start=\"159\" data-end=\"202\">\n<p class=\"\" data-start=\"161\" data-end=\"202\">Kein Netzteil oder Steckdose mehr n\u00f6tig<\/p>\n<\/li>\n<li class=\"\" data-start=\"203\" data-end=\"270\">\n<p class=\"\" data-start=\"205\" data-end=\"270\">Universell kompatibel mit allen stromversorgten USB-Anschl\u00fcssen<\/p>\n<\/li>\n<li class=\"\" data-start=\"271\" data-end=\"294\">\n<p class=\"\" data-start=\"273\" data-end=\"294\">Patentiertes Design<\/p>\n<\/li>\n<li class=\"\" data-start=\"295\" data-end=\"390\">\n<p class=\"\" data-start=\"297\" data-end=\"390\">Kompatibel mit allen Chromecast-Ger\u00e4ten \u2013 einschlie\u00dflich Chromecast TV und \u00e4lteren Modellen<\/p>\n<\/li>\n<li class=\"\" data-start=\"391\" data-end=\"439\">\n<p class=\"\" data-start=\"393\" data-end=\"439\">Nur einmal aufladen \u2013 60 Minuten reichen aus<\/p>\n<\/li>\n<\/ul>\n<p class=\"\" data-start=\"441\" data-end=\"510\"><strong data-start=\"441\" data-end=\"510\">Lesen Sie den Testbericht von Husbil &amp; Husvagn \u2013 <a href=\"https:\/\/alltomhusbilen.se\/senaste-chromecast-gor-din-tv-smartare\/\">klicken Sie hier<\/a><\/strong><\/p>\n","protected":false},"featured_media":30285,"template":"","meta":{"_acf_changed":false},"product_brand":[],"product_cat":[466,74,465],"product_tag":[417],"class_list":{"0":"post-19630","1":"product","2":"type-product","3":"status-publish","4":"has-post-thumbnail","6":"product_cat-google-chromecast-adapter","7":"product_cat-stromkablar","8":"product_cat-accessories","9":"product_tag-chromecast","10":"product_shipping_class-tillbehor","12":"first","13":"instock","14":"taxable","15":"shipping-taxable","16":"purchasable","17":"product-type-simple"},"bundled_by":[],"bundle_stock_status":"instock","bundle_stock_quantity":null,"bundle_virtual":false,"bundle_layout":"","bundle_add_to_cart_form_location":"","bundle_editable_in_cart":false,"bundle_sold_individually_context":"","bundle_item_grouping":"","bundle_min_size":"","bundle_max_size":"","bundle_price":[],"bundled_items":[],"bundle_sell_ids":[],"acf":{"accounting_number":"1940","accounting_number_kopiera2":"2611","accounting_number_kopiera3":"3017","accounting_number_kopiera4":"3520","accounting_number_kopiera5":"1510","accounting_number_kopiera6":"1511"},"yoast_head":"<!-- This site is optimized with the Yoast SEO plugin v27.1.1 - https:\/\/yoast.com\/product\/yoast-seo-wordpress\/ -->\n<title>Chromecast TV Adapter f\u00fcr USB \u2013 Google Streamer TV \u00fcber 12 Volt, Funktioniert mit TV USB - WIFI.SE\/DE<\/title>\n<meta name=\"description\" content=\"This smart adapter for the new Chromecast TV allows you to power your Chromecast using your TV&#039;s USB port or a 12-volt USB device.\" \/>\n<meta name=\"robots\" content=\"index, follow, max-snippet:-1, max-image-preview:large, max-video-preview:-1\" \/>\n<link rel=\"canonical\" href=\"https:\/\/wifi.se\/de\/product\/chromecast-tv-adapter-for-usb-google-streamer-tv-via-12-volt-works-with-tv-usb\/\" \/>\n<meta property=\"og:locale\" content=\"de_DE\" \/>\n<meta property=\"og:type\" content=\"article\" \/>\n<meta property=\"og:title\" content=\"Chromecast TV Adapter f\u00fcr USB \u2013 Google Streamer TV \u00fcber 12 Volt, Funktioniert mit TV USB - WIFI.SE\/DE\" \/>\n<meta property=\"og:description\" content=\"This smart adapter for the new Chromecast TV allows you to power your Chromecast using your TV&#039;s USB port or a 12-volt USB device.\" \/>\n<meta property=\"og:url\" content=\"https:\/\/wifi.se\/de\/product\/chromecast-tv-adapter-for-usb-google-streamer-tv-via-12-volt-works-with-tv-usb\/\" \/>\n<meta property=\"og:site_name\" content=\"WIFI.SE\/DE\" \/>\n<meta property=\"article:modified_time\" content=\"2025-04-08T16:26:57+00:00\" \/>\n<meta property=\"og:image\" content=\"https:\/\/wifi.se\/de\/wp-content\/uploads\/sites\/7\/2023\/03\/adapter02.jpg\" \/>\n\t<meta property=\"og:image:width\" content=\"800\" \/>\n\t<meta property=\"og:image:height\" content=\"800\" \/>\n\t<meta property=\"og:image:type\" content=\"image\/jpeg\" \/>\n<meta name=\"twitter:card\" content=\"summary_large_image\" \/>\n<meta name=\"twitter:label1\" content=\"Gesch\u00e4tzte Lesezeit\" \/>\n\t<meta name=\"twitter:data1\" content=\"2\u00a0Minuten\" \/>\n<script type=\"application\/ld+json\" class=\"yoast-schema-graph\">{\"@context\":\"https:\/\/schema.org\",\"@graph\":[{\"@type\":\"WebPage\",\"@id\":\"https:\/\/wifi.se\/de\/product\/chromecast-tv-adapter-for-usb-google-streamer-tv-via-12-volt-works-with-tv-usb\/\",\"url\":\"https:\/\/wifi.se\/de\/product\/chromecast-tv-adapter-for-usb-google-streamer-tv-via-12-volt-works-with-tv-usb\/\",\"name\":\"Chromecast TV Adapter f\u00fcr USB \u2013 Google Streamer TV \u00fcber 12 Volt, Funktioniert mit TV USB - WIFI.SE\/DE\",\"isPartOf\":{\"@id\":\"https:\/\/wifi.se\/de\/#website\"},\"primaryImageOfPage\":{\"@id\":\"https:\/\/wifi.se\/de\/product\/chromecast-tv-adapter-for-usb-google-streamer-tv-via-12-volt-works-with-tv-usb\/#primaryimage\"},\"image\":{\"@id\":\"https:\/\/wifi.se\/de\/product\/chromecast-tv-adapter-for-usb-google-streamer-tv-via-12-volt-works-with-tv-usb\/#primaryimage\"},\"thumbnailUrl\":\"https:\/\/wifi.se\/de\/wp-content\/uploads\/sites\/7\/2023\/03\/adapter02.jpg\",\"datePublished\":\"2023-03-11T07:00:08+00:00\",\"dateModified\":\"2025-04-08T16:26:57+00:00\",\"description\":\"This smart adapter for the new Chromecast TV allows you to power your Chromecast using your TV's USB port or a 12-volt USB device.\",\"breadcrumb\":{\"@id\":\"https:\/\/wifi.se\/de\/product\/chromecast-tv-adapter-for-usb-google-streamer-tv-via-12-volt-works-with-tv-usb\/#breadcrumb\"},\"inLanguage\":\"de\",\"potentialAction\":[{\"@type\":\"ReadAction\",\"target\":[\"https:\/\/wifi.se\/de\/product\/chromecast-tv-adapter-for-usb-google-streamer-tv-via-12-volt-works-with-tv-usb\/\"]}]},{\"@type\":\"ImageObject\",\"inLanguage\":\"de\",\"@id\":\"https:\/\/wifi.se\/de\/product\/chromecast-tv-adapter-for-usb-google-streamer-tv-via-12-volt-works-with-tv-usb\/#primaryimage\",\"url\":\"https:\/\/wifi.se\/de\/wp-content\/uploads\/sites\/7\/2023\/03\/adapter02.jpg\",\"contentUrl\":\"https:\/\/wifi.se\/de\/wp-content\/uploads\/sites\/7\/2023\/03\/adapter02.jpg\",\"width\":800,\"height\":800,\"caption\":\"Adapter f\u00f6r Chromecast\"},{\"@type\":\"BreadcrumbList\",\"@id\":\"https:\/\/wifi.se\/de\/product\/chromecast-tv-adapter-for-usb-google-streamer-tv-via-12-volt-works-with-tv-usb\/#breadcrumb\",\"itemListElement\":[{\"@type\":\"ListItem\",\"position\":1,\"name\":\"Hem\",\"item\":\"https:\/\/wifi.se\/de\/\"},{\"@type\":\"ListItem\",\"position\":2,\"name\":\"BUTIK\",\"item\":\"https:\/\/wifi.se\/de\/butik\/\"},{\"@type\":\"ListItem\",\"position\":3,\"name\":\"Chromecast TV Adapter f\u00fcr USB \u2013 Google Streamer TV \u00fcber 12 Volt, Funktioniert mit TV USB\"}]},{\"@type\":\"WebSite\",\"@id\":\"https:\/\/wifi.se\/de\/#website\",\"url\":\"https:\/\/wifi.se\/de\/\",\"name\":\"WIFI.SE\/DE\",\"description\":\"INTERNET \u00dcBERALL\",\"potentialAction\":[{\"@type\":\"SearchAction\",\"target\":{\"@type\":\"EntryPoint\",\"urlTemplate\":\"https:\/\/wifi.se\/de\/?s={search_term_string}\"},\"query-input\":{\"@type\":\"PropertyValueSpecification\",\"valueRequired\":true,\"valueName\":\"search_term_string\"}}],\"inLanguage\":\"de\"}]}<\/script>\n<!-- \/ Yoast SEO plugin. -->","yoast_head_json":{"title":"Chromecast TV Adapter f\u00fcr USB \u2013 Google Streamer TV \u00fcber 12 Volt, Funktioniert mit TV USB - WIFI.SE\/DE","description":"This smart adapter for the new Chromecast TV allows you to power your Chromecast using your TV's USB port or a 12-volt USB device.","robots":{"index":"index","follow":"follow","max-snippet":"max-snippet:-1","max-image-preview":"max-image-preview:large","max-video-preview":"max-video-preview:-1"},"canonical":"https:\/\/wifi.se\/de\/product\/chromecast-tv-adapter-for-usb-google-streamer-tv-via-12-volt-works-with-tv-usb\/","og_locale":"de_DE","og_type":"article","og_title":"Chromecast TV Adapter f\u00fcr USB \u2013 Google Streamer TV \u00fcber 12 Volt, Funktioniert mit TV USB - WIFI.SE\/DE","og_description":"This smart adapter for the new Chromecast TV allows you to power your Chromecast using your TV's USB port or a 12-volt USB device.","og_url":"https:\/\/wifi.se\/de\/product\/chromecast-tv-adapter-for-usb-google-streamer-tv-via-12-volt-works-with-tv-usb\/","og_site_name":"WIFI.SE\/DE","article_modified_time":"2025-04-08T16:26:57+00:00","og_image":[{"width":800,"height":800,"url":"https:\/\/wifi.se\/de\/wp-content\/uploads\/sites\/7\/2023\/03\/adapter02.jpg","type":"image\/jpeg"}],"twitter_card":"summary_large_image","twitter_misc":{"Gesch\u00e4tzte Lesezeit":"2\u00a0Minuten"},"schema":{"@context":"https:\/\/schema.org","@graph":[{"@type":"WebPage","@id":"https:\/\/wifi.se\/de\/product\/chromecast-tv-adapter-for-usb-google-streamer-tv-via-12-volt-works-with-tv-usb\/","url":"https:\/\/wifi.se\/de\/product\/chromecast-tv-adapter-for-usb-google-streamer-tv-via-12-volt-works-with-tv-usb\/","name":"Chromecast TV Adapter f\u00fcr USB \u2013 Google Streamer TV \u00fcber 12 Volt, Funktioniert mit TV USB - WIFI.SE\/DE","isPartOf":{"@id":"https:\/\/wifi.se\/de\/#website"},"primaryImageOfPage":{"@id":"https:\/\/wifi.se\/de\/product\/chromecast-tv-adapter-for-usb-google-streamer-tv-via-12-volt-works-with-tv-usb\/#primaryimage"},"image":{"@id":"https:\/\/wifi.se\/de\/product\/chromecast-tv-adapter-for-usb-google-streamer-tv-via-12-volt-works-with-tv-usb\/#primaryimage"},"thumbnailUrl":"https:\/\/wifi.se\/de\/wp-content\/uploads\/sites\/7\/2023\/03\/adapter02.jpg","datePublished":"2023-03-11T07:00:08+00:00","dateModified":"2025-04-08T16:26:57+00:00","description":"This smart adapter for the new Chromecast TV allows you to power your Chromecast using your TV's USB port or a 12-volt USB device.","breadcrumb":{"@id":"https:\/\/wifi.se\/de\/product\/chromecast-tv-adapter-for-usb-google-streamer-tv-via-12-volt-works-with-tv-usb\/#breadcrumb"},"inLanguage":"de","potentialAction":[{"@type":"ReadAction","target":["https:\/\/wifi.se\/de\/product\/chromecast-tv-adapter-for-usb-google-streamer-tv-via-12-volt-works-with-tv-usb\/"]}]},{"@type":"ImageObject","inLanguage":"de","@id":"https:\/\/wifi.se\/de\/product\/chromecast-tv-adapter-for-usb-google-streamer-tv-via-12-volt-works-with-tv-usb\/#primaryimage","url":"https:\/\/wifi.se\/de\/wp-content\/uploads\/sites\/7\/2023\/03\/adapter02.jpg","contentUrl":"https:\/\/wifi.se\/de\/wp-content\/uploads\/sites\/7\/2023\/03\/adapter02.jpg","width":800,"height":800,"caption":"Adapter f\u00f6r Chromecast"},{"@type":"BreadcrumbList","@id":"https:\/\/wifi.se\/de\/product\/chromecast-tv-adapter-for-usb-google-streamer-tv-via-12-volt-works-with-tv-usb\/#breadcrumb","itemListElement":[{"@type":"ListItem","position":1,"name":"Hem","item":"https:\/\/wifi.se\/de\/"},{"@type":"ListItem","position":2,"name":"BUTIK","item":"https:\/\/wifi.se\/de\/butik\/"},{"@type":"ListItem","position":3,"name":"Chromecast TV Adapter f\u00fcr USB \u2013 Google Streamer TV \u00fcber 12 Volt, Funktioniert mit TV USB"}]},{"@type":"WebSite","@id":"https:\/\/wifi.se\/de\/#website","url":"https:\/\/wifi.se\/de\/","name":"WIFI.SE\/DE","description":"INTERNET \u00dcBERALL","potentialAction":[{"@type":"SearchAction","target":{"@type":"EntryPoint","urlTemplate":"https:\/\/wifi.se\/de\/?s={search_term_string}"},"query-input":{"@type":"PropertyValueSpecification","valueRequired":true,"valueName":"search_term_string"}}],"inLanguage":"de"}]}},"_links":{"self":[{"href":"https:\/\/wifi.se\/de\/wp-json\/wp\/v2\/product\/19630","targetHints":{"allow":["GET"]}}],"collection":[{"href":"https:\/\/wifi.se\/de\/wp-json\/wp\/v2\/product"}],"about":[{"href":"https:\/\/wifi.se\/de\/wp-json\/wp\/v2\/types\/product"}],"wp:featuredmedia":[{"embeddable":true,"href":"https:\/\/wifi.se\/de\/wp-json\/wp\/v2\/media\/30285"}],"wp:attachment":[{"href":"https:\/\/wifi.se\/de\/wp-json\/wp\/v2\/media?parent=19630"}],"wp:term":[{"taxonomy":"product_brand","embeddable":true,"href":"https:\/\/wifi.se\/de\/wp-json\/wp\/v2\/product_brand?post=19630"},{"taxonomy":"product_cat","embeddable":true,"href":"https:\/\/wifi.se\/de\/wp-json\/wp\/v2\/product_cat?post=19630"},{"taxonomy":"product_tag","embeddable":true,"href":"https:\/\/wifi.se\/de\/wp-json\/wp\/v2\/product_tag?post=19630"}],"curies":[{"name":"wp","href":"https:\/\/api.w.org\/{rel}","templated":true}]}}