{"id":19627,"date":"2023-03-11T08:52:37","date_gmt":"2023-03-11T06:52:37","guid":{"rendered":"https:\/\/wifi.se\/?post_type=product&#038;p=19627"},"modified":"2025-04-08T18:41:50","modified_gmt":"2025-04-08T16:41:50","slug":"apple-tv-adapter-for-usb-12-volt","status":"publish","type":"product","link":"https:\/\/wifi.se\/de\/product\/apple-tv-adapter-for-usb-12-volt\/","title":{"rendered":"APPLE TV ADAPTER F\u00dcR USB \/ 12 VOLT &#8211; NEUE VERSION"},"content":{"rendered":"<p><strong>NEUER APPLE TV-ADAPTER F\u00dcR ALLE MODELLE.<\/strong><\/p>\n<p>Besitzen Sie ein Apple TV und nutzen Sie es mit einem Bildschirm oder Fernseher, ben\u00f6tigen Sie zwangsl\u00e4ufig zwei Kabel f\u00fcr den Anschluss der Digitalbox: ein Stromkabel f\u00fcr die Steckdose und ein HDMI-Kabel f\u00fcr Video- und Audiosignale. Dies kann zu einer unsch\u00f6nen Installation f\u00fchren, insbesondere bei wandmontierten Fernsehern.<\/p>\n<p>Mit diesem Adapter k\u00f6nnen Sie den USB-Anschluss Ihres Fernsehers anstelle der 230-Volt-Steckdose nutzen.<\/p>\n<p>Das USB-Stromkabel wird an den AC-Anschluss des Apple TVs und dann direkt an einen beliebigen USB-Anschluss des Fernsehers oder Monitors angeschlossen, um Strom zu beziehen. Der USB-Anschluss muss 900 mA liefern, was von den meisten modernen Fernsehern unterst\u00fctzt wird.<\/p>\n<p>Funktioniert mit allen Apple TV-Modellen!<\/p>\n","protected":false},"excerpt":{"rendered":"<p><strong>NEUE VERSION DES APPLE TV USB-ADAPTERS JETZT ERH\u00c4LTLICH \u2013 FUNKTIONIERT MIT ALLEN MODELLEN!<\/strong><\/p>\n<p>Mit diesem fantastischen Apple TV USB-Adapter, der auch mit 12 Volt funktioniert, k\u00f6nnen Sie Ihr Apple TV \u00fcber den USB-Anschluss Ihres Fernsehers oder einen anderen USB-Anschluss anstatt \u00fcber eine 230-Volt-Steckdose mit Strom versorgen. Alternativ k\u00f6nnen Sie Ihr Apple TV auch \u00fcber eine 12-Volt-USB-Steckdose mit Strom versorgen.<\/p>\n<p>Sollte der USB-Anschluss Ihres Fernsehers nicht die erforderliche Stromst\u00e4rke liefern, k\u00f6nnen Sie ein anderes USB-Ladeger\u00e4t mit 12 Volt verwenden. Anders ausgedr\u00fcckt: Sie k\u00f6nnen diesen Apple TV-Adapter auch \u00fcber einen USB-Adapter an 12 Volt anschlie\u00dfen.<\/p>\n<p>Das Netzteil wird an den AC-Anschluss des Apple TV und dann direkt an einen beliebigen USB-Anschluss angeschlossen. Der USB-Anschluss muss 900 mA liefern, was von den meisten modernen Fernsehern unterst\u00fctzt wird.<\/p>\n<p>JETZT FUNKTIONIERT MIT ALLEN MODELLEN!<\/p>\n<p>BITTE BEACHTEN: VERGESSEN SIE NICHT, DEN ADAPTER VOR DER ERSTEN VERWENDUNG 6 STUNDEN LANG AUFZULADEN.<\/p>\n","protected":false},"featured_media":30929,"template":"","meta":{"_acf_changed":false},"product_brand":[],"product_cat":[467,74,465],"product_tag":[],"class_list":{"0":"post-19627","1":"product","2":"type-product","3":"status-publish","4":"has-post-thumbnail","6":"product_cat-apple-tv-usb-adapter","7":"product_cat-stromkablar","8":"product_cat-accessories","9":"product_shipping_class-tillbehor","11":"first","12":"instock","13":"taxable","14":"shipping-taxable","15":"purchasable","16":"product-type-simple"},"bundled_by":[],"bundle_stock_status":"instock","bundle_stock_quantity":null,"bundle_virtual":false,"bundle_layout":"","bundle_add_to_cart_form_location":"","bundle_editable_in_cart":false,"bundle_sold_individually_context":"","bundle_item_grouping":"","bundle_min_size":"","bundle_max_size":"","bundle_price":[],"bundled_items":[],"bundle_sell_ids":[],"acf":{"accounting_number":"1940","accounting_number_kopiera2":"2611","accounting_number_kopiera3":"3017","accounting_number_kopiera4":"3520","accounting_number_kopiera5":"1510","accounting_number_kopiera6":"1511"},"yoast_head":"<!-- This site is optimized with the Yoast SEO plugin v27.1.1 - https:\/\/yoast.com\/product\/yoast-seo-wordpress\/ -->\n<title>APPLE TV ADAPTER F\u00dcR USB \/ 12 VOLT - NEUE VERSION - WIFI.SE\/DE<\/title>\n<meta name=\"description\" content=\"APPPLE TV ADAPTER USB\/12 VOLT F\u00d6R F\u00d6R TVN:S USB UTTAG. DU BEH\u00d6VER INTE APPLE TV 12 VOLT ELLER 230 VOLT.\" \/>\n<meta name=\"robots\" content=\"index, follow, max-snippet:-1, max-image-preview:large, max-video-preview:-1\" \/>\n<link rel=\"canonical\" href=\"https:\/\/wifi.se\/de\/product\/apple-tv-adapter-for-usb-12-volt\/\" \/>\n<meta property=\"og:locale\" content=\"de_DE\" \/>\n<meta property=\"og:type\" content=\"article\" \/>\n<meta property=\"og:title\" content=\"APPLE TV ADAPTER F\u00dcR USB \/ 12 VOLT - NEUE VERSION - WIFI.SE\/DE\" \/>\n<meta property=\"og:description\" content=\"APPPLE TV ADAPTER USB\/12 VOLT F\u00d6R F\u00d6R TVN:S USB UTTAG. DU BEH\u00d6VER INTE APPLE TV 12 VOLT ELLER 230 VOLT.\" \/>\n<meta property=\"og:url\" content=\"https:\/\/wifi.se\/de\/product\/apple-tv-adapter-for-usb-12-volt\/\" \/>\n<meta property=\"og:site_name\" content=\"WIFI.SE\/DE\" \/>\n<meta property=\"article:modified_time\" content=\"2025-04-08T16:41:50+00:00\" \/>\n<meta property=\"og:image\" content=\"https:\/\/wifi.se\/de\/wp-content\/uploads\/sites\/7\/2023\/03\/apple01.jpg\" \/>\n\t<meta property=\"og:image:width\" content=\"800\" \/>\n\t<meta property=\"og:image:height\" content=\"800\" \/>\n\t<meta property=\"og:image:type\" content=\"image\/jpeg\" \/>\n<meta name=\"twitter:card\" content=\"summary_large_image\" \/>\n<meta name=\"twitter:label1\" content=\"Gesch\u00e4tzte Lesezeit\" \/>\n\t<meta name=\"twitter:data1\" content=\"1\u00a0Minute\" \/>\n<script type=\"application\/ld+json\" class=\"yoast-schema-graph\">{\"@context\":\"https:\/\/schema.org\",\"@graph\":[{\"@type\":\"WebPage\",\"@id\":\"https:\/\/wifi.se\/de\/product\/apple-tv-adapter-for-usb-12-volt\/\",\"url\":\"https:\/\/wifi.se\/de\/product\/apple-tv-adapter-for-usb-12-volt\/\",\"name\":\"APPLE TV ADAPTER F\u00dcR USB \/ 12 VOLT - NEUE VERSION - WIFI.SE\/DE\",\"isPartOf\":{\"@id\":\"https:\/\/wifi.se\/de\/#website\"},\"primaryImageOfPage\":{\"@id\":\"https:\/\/wifi.se\/de\/product\/apple-tv-adapter-for-usb-12-volt\/#primaryimage\"},\"image\":{\"@id\":\"https:\/\/wifi.se\/de\/product\/apple-tv-adapter-for-usb-12-volt\/#primaryimage\"},\"thumbnailUrl\":\"https:\/\/wifi.se\/de\/wp-content\/uploads\/sites\/7\/2023\/03\/apple01.jpg\",\"datePublished\":\"2023-03-11T06:52:37+00:00\",\"dateModified\":\"2025-04-08T16:41:50+00:00\",\"description\":\"APPPLE TV ADAPTER USB\/12 VOLT F\u00d6R F\u00d6R TVN:S USB UTTAG. DU BEH\u00d6VER INTE APPLE TV 12 VOLT ELLER 230 VOLT.\",\"breadcrumb\":{\"@id\":\"https:\/\/wifi.se\/de\/product\/apple-tv-adapter-for-usb-12-volt\/#breadcrumb\"},\"inLanguage\":\"de\",\"potentialAction\":[{\"@type\":\"ReadAction\",\"target\":[\"https:\/\/wifi.se\/de\/product\/apple-tv-adapter-for-usb-12-volt\/\"]}]},{\"@type\":\"ImageObject\",\"inLanguage\":\"de\",\"@id\":\"https:\/\/wifi.se\/de\/product\/apple-tv-adapter-for-usb-12-volt\/#primaryimage\",\"url\":\"https:\/\/wifi.se\/de\/wp-content\/uploads\/sites\/7\/2023\/03\/apple01.jpg\",\"contentUrl\":\"https:\/\/wifi.se\/de\/wp-content\/uploads\/sites\/7\/2023\/03\/apple01.jpg\",\"width\":800,\"height\":800},{\"@type\":\"BreadcrumbList\",\"@id\":\"https:\/\/wifi.se\/de\/product\/apple-tv-adapter-for-usb-12-volt\/#breadcrumb\",\"itemListElement\":[{\"@type\":\"ListItem\",\"position\":1,\"name\":\"Hem\",\"item\":\"https:\/\/wifi.se\/de\/\"},{\"@type\":\"ListItem\",\"position\":2,\"name\":\"BUTIK\",\"item\":\"https:\/\/wifi.se\/de\/butik\/\"},{\"@type\":\"ListItem\",\"position\":3,\"name\":\"APPLE TV ADAPTER F\u00dcR USB \/ 12 VOLT &#8211; NEUE VERSION\"}]},{\"@type\":\"WebSite\",\"@id\":\"https:\/\/wifi.se\/de\/#website\",\"url\":\"https:\/\/wifi.se\/de\/\",\"name\":\"WIFI.SE\/DE\",\"description\":\"INTERNET \u00dcBERALL\",\"potentialAction\":[{\"@type\":\"SearchAction\",\"target\":{\"@type\":\"EntryPoint\",\"urlTemplate\":\"https:\/\/wifi.se\/de\/?s={search_term_string}\"},\"query-input\":{\"@type\":\"PropertyValueSpecification\",\"valueRequired\":true,\"valueName\":\"search_term_string\"}}],\"inLanguage\":\"de\"}]}<\/script>\n<!-- \/ Yoast SEO plugin. -->","yoast_head_json":{"title":"APPLE TV ADAPTER F\u00dcR USB \/ 12 VOLT - NEUE VERSION - WIFI.SE\/DE","description":"APPPLE TV ADAPTER USB\/12 VOLT F\u00d6R F\u00d6R TVN:S USB UTTAG. DU BEH\u00d6VER INTE APPLE TV 12 VOLT ELLER 230 VOLT.","robots":{"index":"index","follow":"follow","max-snippet":"max-snippet:-1","max-image-preview":"max-image-preview:large","max-video-preview":"max-video-preview:-1"},"canonical":"https:\/\/wifi.se\/de\/product\/apple-tv-adapter-for-usb-12-volt\/","og_locale":"de_DE","og_type":"article","og_title":"APPLE TV ADAPTER F\u00dcR USB \/ 12 VOLT - NEUE VERSION - WIFI.SE\/DE","og_description":"APPPLE TV ADAPTER USB\/12 VOLT F\u00d6R F\u00d6R TVN:S USB UTTAG. DU BEH\u00d6VER INTE APPLE TV 12 VOLT ELLER 230 VOLT.","og_url":"https:\/\/wifi.se\/de\/product\/apple-tv-adapter-for-usb-12-volt\/","og_site_name":"WIFI.SE\/DE","article_modified_time":"2025-04-08T16:41:50+00:00","og_image":[{"width":800,"height":800,"url":"https:\/\/wifi.se\/de\/wp-content\/uploads\/sites\/7\/2023\/03\/apple01.jpg","type":"image\/jpeg"}],"twitter_card":"summary_large_image","twitter_misc":{"Gesch\u00e4tzte Lesezeit":"1\u00a0Minute"},"schema":{"@context":"https:\/\/schema.org","@graph":[{"@type":"WebPage","@id":"https:\/\/wifi.se\/de\/product\/apple-tv-adapter-for-usb-12-volt\/","url":"https:\/\/wifi.se\/de\/product\/apple-tv-adapter-for-usb-12-volt\/","name":"APPLE TV ADAPTER F\u00dcR USB \/ 12 VOLT - NEUE VERSION - WIFI.SE\/DE","isPartOf":{"@id":"https:\/\/wifi.se\/de\/#website"},"primaryImageOfPage":{"@id":"https:\/\/wifi.se\/de\/product\/apple-tv-adapter-for-usb-12-volt\/#primaryimage"},"image":{"@id":"https:\/\/wifi.se\/de\/product\/apple-tv-adapter-for-usb-12-volt\/#primaryimage"},"thumbnailUrl":"https:\/\/wifi.se\/de\/wp-content\/uploads\/sites\/7\/2023\/03\/apple01.jpg","datePublished":"2023-03-11T06:52:37+00:00","dateModified":"2025-04-08T16:41:50+00:00","description":"APPPLE TV ADAPTER USB\/12 VOLT F\u00d6R F\u00d6R TVN:S USB UTTAG. DU BEH\u00d6VER INTE APPLE TV 12 VOLT ELLER 230 VOLT.","breadcrumb":{"@id":"https:\/\/wifi.se\/de\/product\/apple-tv-adapter-for-usb-12-volt\/#breadcrumb"},"inLanguage":"de","potentialAction":[{"@type":"ReadAction","target":["https:\/\/wifi.se\/de\/product\/apple-tv-adapter-for-usb-12-volt\/"]}]},{"@type":"ImageObject","inLanguage":"de","@id":"https:\/\/wifi.se\/de\/product\/apple-tv-adapter-for-usb-12-volt\/#primaryimage","url":"https:\/\/wifi.se\/de\/wp-content\/uploads\/sites\/7\/2023\/03\/apple01.jpg","contentUrl":"https:\/\/wifi.se\/de\/wp-content\/uploads\/sites\/7\/2023\/03\/apple01.jpg","width":800,"height":800},{"@type":"BreadcrumbList","@id":"https:\/\/wifi.se\/de\/product\/apple-tv-adapter-for-usb-12-volt\/#breadcrumb","itemListElement":[{"@type":"ListItem","position":1,"name":"Hem","item":"https:\/\/wifi.se\/de\/"},{"@type":"ListItem","position":2,"name":"BUTIK","item":"https:\/\/wifi.se\/de\/butik\/"},{"@type":"ListItem","position":3,"name":"APPLE TV ADAPTER F\u00dcR USB \/ 12 VOLT &#8211; NEUE VERSION"}]},{"@type":"WebSite","@id":"https:\/\/wifi.se\/de\/#website","url":"https:\/\/wifi.se\/de\/","name":"WIFI.SE\/DE","description":"INTERNET \u00dcBERALL","potentialAction":[{"@type":"SearchAction","target":{"@type":"EntryPoint","urlTemplate":"https:\/\/wifi.se\/de\/?s={search_term_string}"},"query-input":{"@type":"PropertyValueSpecification","valueRequired":true,"valueName":"search_term_string"}}],"inLanguage":"de"}]}},"_links":{"self":[{"href":"https:\/\/wifi.se\/de\/wp-json\/wp\/v2\/product\/19627","targetHints":{"allow":["GET"]}}],"collection":[{"href":"https:\/\/wifi.se\/de\/wp-json\/wp\/v2\/product"}],"about":[{"href":"https:\/\/wifi.se\/de\/wp-json\/wp\/v2\/types\/product"}],"wp:featuredmedia":[{"embeddable":true,"href":"https:\/\/wifi.se\/de\/wp-json\/wp\/v2\/media\/30929"}],"wp:attachment":[{"href":"https:\/\/wifi.se\/de\/wp-json\/wp\/v2\/media?parent=19627"}],"wp:term":[{"taxonomy":"product_brand","embeddable":true,"href":"https:\/\/wifi.se\/de\/wp-json\/wp\/v2\/product_brand?post=19627"},{"taxonomy":"product_cat","embeddable":true,"href":"https:\/\/wifi.se\/de\/wp-json\/wp\/v2\/product_cat?post=19627"},{"taxonomy":"product_tag","embeddable":true,"href":"https:\/\/wifi.se\/de\/wp-json\/wp\/v2\/product_tag?post=19627"}],"curies":[{"name":"wp","href":"https:\/\/api.w.org\/{rel}","templated":true}]}}