{"id":19626,"date":"2021-03-11T01:18:32","date_gmt":"2021-03-10T23:18:32","guid":{"rendered":"https:\/\/wifi.se\/?post_type=product&#038;p=19626"},"modified":"2025-04-08T18:51:24","modified_gmt":"2025-04-08T16:51:24","slug":"self-adhesive-5g-antenna-patch-antenna-3g-4g-5g-sma-male","status":"publish","type":"product","link":"https:\/\/wifi.se\/de\/product\/self-adhesive-5g-antenna-patch-antenna-3g-4g-5g-sma-male\/","title":{"rendered":"Selbstklebende 5G-Antenne \/ Patchantenne 3G\/4G\/5G &#8211; SMA-Stecker"},"content":{"rendered":"<p>Bei dieser Patchantenne handelt es sich um eine selbstklebende Antenne, die brandneu und mit dem 5G-Netz kompatibel ist. Nat\u00fcrlich funktioniert es auch f\u00fcr 3G- und 4G-Netzwerke. Es verf\u00fcgt \u00fcber ein sehr breites Frequenzband kombiniert mit einer hervorragenden Signalverst\u00e4rkung.<\/p>\n<p>SELBSTKLEBENDE ANTENNE MIT 2,5 M KABEL<br \/>\nBei der Antenne handelt es sich um eine unauff\u00e4llige, selbstklebende Antenne mit 2,5 Meter Antennenkabel und SMA-Stecker. Es ist speziell f\u00fcr die Unterst\u00fctzung von 5G konzipiert, was f\u00fcr diese Art von Antennen ungew\u00f6hnlich ist. Es kann sowohl im Innen- als auch im Au\u00dfenbereich montiert werden und l\u00e4sst sich f\u00fcr eine diskrete Installation schnell an der Oberfl\u00e4che befestigen. Ein Tipp: Befestigen Sie die Antenne zun\u00e4chst lose an der Oberfl\u00e4che, um sicherzustellen, dass Sie den gew\u00fcnschten Effekt erzielen, bevor Sie sie dauerhaft befestigen.<\/p>\n<p>Wir empfehlen diese 5G-Antenne jedem, der sie mit seinem Router im Innenbereich nutzen m\u00f6chte.<\/p>\n","protected":false},"excerpt":{"rendered":"<p>Eine selbstklebende 5G-Antenne, preisgekr\u00f6nt f\u00fcr alle Mobilfunknetze. Es haftet auf den meisten Oberfl\u00e4chen. Die Antenne wird mit einem 2,5 Meter langen Kabel und einem SMA-Stecker geliefert. Beim Test von 4G-Antennen durch \u201ePC f\u00fcr alle\u201c wurde diese Antenne mit der Auszeichnung \u201eTestsieger\u201c ausgezeichnet. Es unterst\u00fctzt auch 5G und ist unglaublich schnell. (Beachten Sie, dass Sie f\u00fcr jeden Router zwei davon ben\u00f6tigen). Es l\u00e4sst sich sehr leicht verstecken und wir empfehlen es f\u00fcr Fahrzeuge und Boote.<\/p>\n","protected":false},"featured_media":30281,"template":"","meta":{"_acf_changed":false},"product_brand":[],"product_cat":[165,258],"product_tag":[167,243,352],"class_list":{"0":"post-19626","1":"product","2":"type-product","3":"status-publish","4":"has-post-thumbnail","6":"product_cat-antenner","7":"product_cat-patchantenn","8":"product_tag-antenn","9":"product_tag-patchantenn","10":"product_tag-white_week","11":"product_shipping_class-antenner","13":"first","14":"instock","15":"taxable","16":"shipping-taxable","17":"purchasable","18":"product-type-simple"},"bundled_by":[],"bundle_stock_status":"instock","bundle_stock_quantity":null,"bundle_virtual":false,"bundle_layout":"","bundle_add_to_cart_form_location":"","bundle_editable_in_cart":false,"bundle_sold_individually_context":"","bundle_item_grouping":"","bundle_min_size":"","bundle_max_size":"","bundle_price":[],"bundled_items":[],"bundle_sell_ids":[],"acf":{"accounting_number":"1940","accounting_number_kopiera2":"2611","accounting_number_kopiera3":"3014","accounting_number_kopiera4":"3520","accounting_number_kopiera5":"1510","accounting_number_kopiera6":"1511"},"yoast_head":"<!-- This site is optimized with the Yoast SEO plugin v27.1.1 - https:\/\/yoast.com\/product\/yoast-seo-wordpress\/ -->\n<title>Self-adhesive antenna \/ patch antenna 3G\/4G\/5G - SMA Male<\/title>\n<meta name=\"description\" content=\"Self-adhesive antenna \/ patch antenna 5G - SMA Male. A brand new self-adhesive antenna for all frequencies, including 5G network support.\" \/>\n<meta name=\"robots\" content=\"index, follow, max-snippet:-1, max-image-preview:large, max-video-preview:-1\" \/>\n<link rel=\"canonical\" href=\"https:\/\/wifi.se\/de\/product\/self-adhesive-5g-antenna-patch-antenna-3g-4g-5g-sma-male\/\" \/>\n<meta property=\"og:locale\" content=\"de_DE\" \/>\n<meta property=\"og:type\" content=\"article\" \/>\n<meta property=\"og:title\" content=\"Self-adhesive antenna \/ patch antenna 3G\/4G\/5G - SMA Male\" \/>\n<meta property=\"og:description\" content=\"Self-adhesive antenna \/ patch antenna 5G - SMA Male. A brand new self-adhesive antenna for all frequencies, including 5G network support.\" \/>\n<meta property=\"og:url\" content=\"https:\/\/wifi.se\/de\/product\/self-adhesive-5g-antenna-patch-antenna-3g-4g-5g-sma-male\/\" \/>\n<meta property=\"og:site_name\" content=\"WIFI.SE\/DE\" \/>\n<meta property=\"article:modified_time\" content=\"2025-04-08T16:51:24+00:00\" \/>\n<meta property=\"og:image\" content=\"https:\/\/wifi.se\/de\/wp-content\/uploads\/sites\/7\/2021\/03\/patch_hon01.jpg\" \/>\n\t<meta property=\"og:image:width\" content=\"800\" \/>\n\t<meta property=\"og:image:height\" content=\"800\" \/>\n\t<meta property=\"og:image:type\" content=\"image\/jpeg\" \/>\n<meta name=\"twitter:card\" content=\"summary_large_image\" \/>\n<meta name=\"twitter:label1\" content=\"Gesch\u00e4tzte Lesezeit\" \/>\n\t<meta name=\"twitter:data1\" content=\"1\u00a0Minute\" \/>\n<script type=\"application\/ld+json\" class=\"yoast-schema-graph\">{\"@context\":\"https:\/\/schema.org\",\"@graph\":[{\"@type\":\"WebPage\",\"@id\":\"https:\/\/wifi.se\/de\/product\/self-adhesive-5g-antenna-patch-antenna-3g-4g-5g-sma-male\/\",\"url\":\"https:\/\/wifi.se\/de\/product\/self-adhesive-5g-antenna-patch-antenna-3g-4g-5g-sma-male\/\",\"name\":\"Self-adhesive antenna \/ patch antenna 3G\/4G\/5G - SMA Male\",\"isPartOf\":{\"@id\":\"https:\/\/wifi.se\/de\/#website\"},\"primaryImageOfPage\":{\"@id\":\"https:\/\/wifi.se\/de\/product\/self-adhesive-5g-antenna-patch-antenna-3g-4g-5g-sma-male\/#primaryimage\"},\"image\":{\"@id\":\"https:\/\/wifi.se\/de\/product\/self-adhesive-5g-antenna-patch-antenna-3g-4g-5g-sma-male\/#primaryimage\"},\"thumbnailUrl\":\"https:\/\/wifi.se\/de\/wp-content\/uploads\/sites\/7\/2021\/03\/patch_hon01.jpg\",\"datePublished\":\"2021-03-10T23:18:32+00:00\",\"dateModified\":\"2025-04-08T16:51:24+00:00\",\"description\":\"Self-adhesive antenna \/ patch antenna 5G - SMA Male. A brand new self-adhesive antenna for all frequencies, including 5G network support.\",\"breadcrumb\":{\"@id\":\"https:\/\/wifi.se\/de\/product\/self-adhesive-5g-antenna-patch-antenna-3g-4g-5g-sma-male\/#breadcrumb\"},\"inLanguage\":\"de\",\"potentialAction\":[{\"@type\":\"ReadAction\",\"target\":[\"https:\/\/wifi.se\/de\/product\/self-adhesive-5g-antenna-patch-antenna-3g-4g-5g-sma-male\/\"]}]},{\"@type\":\"ImageObject\",\"inLanguage\":\"de\",\"@id\":\"https:\/\/wifi.se\/de\/product\/self-adhesive-5g-antenna-patch-antenna-3g-4g-5g-sma-male\/#primaryimage\",\"url\":\"https:\/\/wifi.se\/de\/wp-content\/uploads\/sites\/7\/2021\/03\/patch_hon01.jpg\",\"contentUrl\":\"https:\/\/wifi.se\/de\/wp-content\/uploads\/sites\/7\/2021\/03\/patch_hon01.jpg\",\"width\":800,\"height\":800,\"caption\":\"PATCHANTENN 3G\/4G\/5G \u2013 SMA HANE\"},{\"@type\":\"BreadcrumbList\",\"@id\":\"https:\/\/wifi.se\/de\/product\/self-adhesive-5g-antenna-patch-antenna-3g-4g-5g-sma-male\/#breadcrumb\",\"itemListElement\":[{\"@type\":\"ListItem\",\"position\":1,\"name\":\"Hem\",\"item\":\"https:\/\/wifi.se\/de\/\"},{\"@type\":\"ListItem\",\"position\":2,\"name\":\"BUTIK\",\"item\":\"https:\/\/wifi.se\/de\/butik\/\"},{\"@type\":\"ListItem\",\"position\":3,\"name\":\"Selbstklebende 5G-Antenne \/ Patchantenne 3G\/4G\/5G &#8211; SMA-Stecker\"}]},{\"@type\":\"WebSite\",\"@id\":\"https:\/\/wifi.se\/de\/#website\",\"url\":\"https:\/\/wifi.se\/de\/\",\"name\":\"WIFI.SE\/DE\",\"description\":\"INTERNET \u00dcBERALL\",\"potentialAction\":[{\"@type\":\"SearchAction\",\"target\":{\"@type\":\"EntryPoint\",\"urlTemplate\":\"https:\/\/wifi.se\/de\/?s={search_term_string}\"},\"query-input\":{\"@type\":\"PropertyValueSpecification\",\"valueRequired\":true,\"valueName\":\"search_term_string\"}}],\"inLanguage\":\"de\"}]}<\/script>\n<!-- \/ Yoast SEO plugin. -->","yoast_head_json":{"title":"Self-adhesive antenna \/ patch antenna 3G\/4G\/5G - SMA Male","description":"Self-adhesive antenna \/ patch antenna 5G - SMA Male. A brand new self-adhesive antenna for all frequencies, including 5G network support.","robots":{"index":"index","follow":"follow","max-snippet":"max-snippet:-1","max-image-preview":"max-image-preview:large","max-video-preview":"max-video-preview:-1"},"canonical":"https:\/\/wifi.se\/de\/product\/self-adhesive-5g-antenna-patch-antenna-3g-4g-5g-sma-male\/","og_locale":"de_DE","og_type":"article","og_title":"Self-adhesive antenna \/ patch antenna 3G\/4G\/5G - SMA Male","og_description":"Self-adhesive antenna \/ patch antenna 5G - SMA Male. A brand new self-adhesive antenna for all frequencies, including 5G network support.","og_url":"https:\/\/wifi.se\/de\/product\/self-adhesive-5g-antenna-patch-antenna-3g-4g-5g-sma-male\/","og_site_name":"WIFI.SE\/DE","article_modified_time":"2025-04-08T16:51:24+00:00","og_image":[{"width":800,"height":800,"url":"https:\/\/wifi.se\/de\/wp-content\/uploads\/sites\/7\/2021\/03\/patch_hon01.jpg","type":"image\/jpeg"}],"twitter_card":"summary_large_image","twitter_misc":{"Gesch\u00e4tzte Lesezeit":"1\u00a0Minute"},"schema":{"@context":"https:\/\/schema.org","@graph":[{"@type":"WebPage","@id":"https:\/\/wifi.se\/de\/product\/self-adhesive-5g-antenna-patch-antenna-3g-4g-5g-sma-male\/","url":"https:\/\/wifi.se\/de\/product\/self-adhesive-5g-antenna-patch-antenna-3g-4g-5g-sma-male\/","name":"Self-adhesive antenna \/ patch antenna 3G\/4G\/5G - SMA Male","isPartOf":{"@id":"https:\/\/wifi.se\/de\/#website"},"primaryImageOfPage":{"@id":"https:\/\/wifi.se\/de\/product\/self-adhesive-5g-antenna-patch-antenna-3g-4g-5g-sma-male\/#primaryimage"},"image":{"@id":"https:\/\/wifi.se\/de\/product\/self-adhesive-5g-antenna-patch-antenna-3g-4g-5g-sma-male\/#primaryimage"},"thumbnailUrl":"https:\/\/wifi.se\/de\/wp-content\/uploads\/sites\/7\/2021\/03\/patch_hon01.jpg","datePublished":"2021-03-10T23:18:32+00:00","dateModified":"2025-04-08T16:51:24+00:00","description":"Self-adhesive antenna \/ patch antenna 5G - SMA Male. A brand new self-adhesive antenna for all frequencies, including 5G network support.","breadcrumb":{"@id":"https:\/\/wifi.se\/de\/product\/self-adhesive-5g-antenna-patch-antenna-3g-4g-5g-sma-male\/#breadcrumb"},"inLanguage":"de","potentialAction":[{"@type":"ReadAction","target":["https:\/\/wifi.se\/de\/product\/self-adhesive-5g-antenna-patch-antenna-3g-4g-5g-sma-male\/"]}]},{"@type":"ImageObject","inLanguage":"de","@id":"https:\/\/wifi.se\/de\/product\/self-adhesive-5g-antenna-patch-antenna-3g-4g-5g-sma-male\/#primaryimage","url":"https:\/\/wifi.se\/de\/wp-content\/uploads\/sites\/7\/2021\/03\/patch_hon01.jpg","contentUrl":"https:\/\/wifi.se\/de\/wp-content\/uploads\/sites\/7\/2021\/03\/patch_hon01.jpg","width":800,"height":800,"caption":"PATCHANTENN 3G\/4G\/5G \u2013 SMA HANE"},{"@type":"BreadcrumbList","@id":"https:\/\/wifi.se\/de\/product\/self-adhesive-5g-antenna-patch-antenna-3g-4g-5g-sma-male\/#breadcrumb","itemListElement":[{"@type":"ListItem","position":1,"name":"Hem","item":"https:\/\/wifi.se\/de\/"},{"@type":"ListItem","position":2,"name":"BUTIK","item":"https:\/\/wifi.se\/de\/butik\/"},{"@type":"ListItem","position":3,"name":"Selbstklebende 5G-Antenne \/ Patchantenne 3G\/4G\/5G &#8211; SMA-Stecker"}]},{"@type":"WebSite","@id":"https:\/\/wifi.se\/de\/#website","url":"https:\/\/wifi.se\/de\/","name":"WIFI.SE\/DE","description":"INTERNET \u00dcBERALL","potentialAction":[{"@type":"SearchAction","target":{"@type":"EntryPoint","urlTemplate":"https:\/\/wifi.se\/de\/?s={search_term_string}"},"query-input":{"@type":"PropertyValueSpecification","valueRequired":true,"valueName":"search_term_string"}}],"inLanguage":"de"}]}},"_links":{"self":[{"href":"https:\/\/wifi.se\/de\/wp-json\/wp\/v2\/product\/19626","targetHints":{"allow":["GET"]}}],"collection":[{"href":"https:\/\/wifi.se\/de\/wp-json\/wp\/v2\/product"}],"about":[{"href":"https:\/\/wifi.se\/de\/wp-json\/wp\/v2\/types\/product"}],"wp:featuredmedia":[{"embeddable":true,"href":"https:\/\/wifi.se\/de\/wp-json\/wp\/v2\/media\/30281"}],"wp:attachment":[{"href":"https:\/\/wifi.se\/de\/wp-json\/wp\/v2\/media?parent=19626"}],"wp:term":[{"taxonomy":"product_brand","embeddable":true,"href":"https:\/\/wifi.se\/de\/wp-json\/wp\/v2\/product_brand?post=19626"},{"taxonomy":"product_cat","embeddable":true,"href":"https:\/\/wifi.se\/de\/wp-json\/wp\/v2\/product_cat?post=19626"},{"taxonomy":"product_tag","embeddable":true,"href":"https:\/\/wifi.se\/de\/wp-json\/wp\/v2\/product_tag?post=19626"}],"curies":[{"name":"wp","href":"https:\/\/api.w.org\/{rel}","templated":true}]}}