{"id":16789,"date":"2022-05-11T22:44:55","date_gmt":"2022-05-11T20:44:55","guid":{"rendered":"https:\/\/wifi.se\/?post_type=product&#038;p=16789"},"modified":"2025-04-08T18:45:13","modified_gmt":"2025-04-08T16:45:13","slug":"5g-roof-antenna-for-permanent-mounting-on-rv-caravan-2g-3g-4g-5g-2-cables","status":"publish","type":"product","link":"https:\/\/wifi.se\/de\/product\/5g-roof-antenna-for-permanent-mounting-on-rv-caravan-2g-3g-4g-5g-2-cables\/","title":{"rendered":"5G Dachantenne zur Festmontage auf Wohnmobil\/Caravan (2G\/3G\/4G\/5G) \u2013 2 Kabel"},"content":{"rendered":"<h3 class=\"\" data-start=\"100\" data-end=\"184\"><strong data-start=\"104\" data-end=\"184\">5G Rundstrahl-MIMO-Antenne \u2013 Speziell entwickelt f\u00fcr Wohnmobile und Caravans<\/strong><\/h3>\n<p class=\"\" data-start=\"186\" data-end=\"383\">Diese <strong data-start=\"192\" data-end=\"222\">5G-Rundstrahl-MIMO-Antenne<\/strong> ist mit <strong data-start=\"231\" data-end=\"260\">allen Mobilfunkfrequenzen<\/strong> kompatibel: <strong data-start=\"273\" data-end=\"294\">2G, 3G, 4G und 5G<\/strong>. Sie wurde speziell von uns f\u00fcr den Einsatz in <strong data-start=\"342\" data-end=\"371\">Wohnmobilen und Wohnwagen<\/strong> entwickelt.<\/p>\n<p class=\"\" data-start=\"385\" data-end=\"489\">Die Antenne ist mit <strong data-start=\"405\" data-end=\"424\">zwei LTE-Kabeln<\/strong> ausgestattet, die <strong data-start=\"443\" data-end=\"467\">direkt an den Router<\/strong> angeschlossen werden.<\/p>\n<p class=\"\" data-start=\"491\" data-end=\"795\">Dank der <strong data-start=\"500\" data-end=\"523\">IP68-Zertifizierung<\/strong> ist die Antenne <strong data-start=\"540\" data-end=\"567\">vollst\u00e4ndig wasserdicht<\/strong> \u2013 eine Eigenschaft, die nur wenige Antennen bieten. Sie kann <strong data-start=\"629\" data-end=\"655\">komplett untergetaucht<\/strong> werden und funktioniert dennoch einwandfrei. Zudem ist sie <strong data-start=\"715\" data-end=\"732\">extrem robust<\/strong> und h\u00e4lt sowohl <strong data-start=\"749\" data-end=\"788\">gro\u00dfer Hitze als auch starker K\u00e4lte<\/strong> stand.<\/p>\n<p class=\"\" data-start=\"797\" data-end=\"910\">Da die Antenne bereits <strong data-start=\"820\" data-end=\"837\">5G-kompatibel<\/strong> ist, muss sie <strong data-start=\"852\" data-end=\"902\">beim Umstieg auf einen 5G-Router nicht ersetzt<\/strong> werden.<\/p>\n<p class=\"\" data-start=\"912\" data-end=\"1037\">Mit dieser Antenne sind Sie stets mit einer <strong data-start=\"956\" data-end=\"999\">starken und stabilen Internetverbindung<\/strong> ausgestattet \u2013 perfekt f\u00fcr unterwegs.<\/p>\n<p class=\"\" data-start=\"1039\" data-end=\"1229\">Die Antenne wird mit einer <strong data-start=\"1066\" data-end=\"1116\">80 mm langen Durchgangsschraube aus Kunststoff<\/strong> geliefert, die sich <strong data-start=\"1137\" data-end=\"1179\">leicht auf die gew\u00fcnschte L\u00e4nge k\u00fcrzen<\/strong> l\u00e4sst.<br data-start=\"1186\" data-end=\"1189\" \/><strong data-start=\"1189\" data-end=\"1198\">Gr\u00f6\u00dfe<\/strong>: 13 cm Durchmesser, 5 cm H\u00f6he.<\/p>\n<p class=\"\" data-start=\"1231\" data-end=\"1395\"><strong data-start=\"1231\" data-end=\"1395\">Diese Antenne ist die ideale Wahl f\u00fcr alle, die mit dem Wohnmobil oder Caravan unterwegs sind und keine Kompromisse bei der Internetverbindung eingehen m\u00f6chten.<\/strong><\/p>\n<hr class=\"\" data-start=\"1397\" data-end=\"1400\" \/>\n<h3 class=\"\" data-start=\"1402\" data-end=\"1426\"><strong data-start=\"1406\" data-end=\"1426\">Technische Daten<\/strong><\/h3>\n<ul data-start=\"1428\" data-end=\"1732\">\n<li class=\"\" data-start=\"1428\" data-end=\"1480\">\n<p class=\"\" data-start=\"1430\" data-end=\"1480\"><strong data-start=\"1430\" data-end=\"1450\">Frequenzbereich:<\/strong> 2600~6000 MHz (2G\/3G\/4G\/5G)<\/p>\n<\/li>\n<li class=\"\" data-start=\"1481\" data-end=\"1505\">\n<p class=\"\" data-start=\"1483\" data-end=\"1505\"><strong data-start=\"1483\" data-end=\"1496\">Impedanz:<\/strong> 50 Ohm<\/p>\n<\/li>\n<li class=\"\" data-start=\"1506\" data-end=\"1534\">\n<p class=\"\" data-start=\"1508\" data-end=\"1534\"><strong data-start=\"1508\" data-end=\"1526\">Gewinn (Gain):<\/strong> 8 dBi<\/p>\n<\/li>\n<li class=\"\" data-start=\"1535\" data-end=\"1565\">\n<p class=\"\" data-start=\"1537\" data-end=\"1565\"><strong data-start=\"1537\" data-end=\"1547\">Kabel:<\/strong> LMR 200 f\u00fcr LTE<\/p>\n<\/li>\n<li class=\"\" data-start=\"1566\" data-end=\"1597\">\n<p class=\"\" data-start=\"1568\" data-end=\"1597\"><strong data-start=\"1568\" data-end=\"1583\">Anschl\u00fcsse:<\/strong> SMA-Stecker<\/p>\n<\/li>\n<li class=\"\" data-start=\"1598\" data-end=\"1636\">\n<p class=\"\" data-start=\"1600\" data-end=\"1636\"><strong data-start=\"1600\" data-end=\"1616\">Abmessungen:<\/strong> 130 x 130 x 50 mm<\/p>\n<\/li>\n<li class=\"\" data-start=\"1637\" data-end=\"1681\">\n<p class=\"\" data-start=\"1639\" data-end=\"1681\"><strong data-start=\"1639\" data-end=\"1661\">Temperaturbereich:<\/strong> -40 \u00b0C bis +85 \u00b0C<\/p>\n<\/li>\n<li class=\"\" data-start=\"1682\" data-end=\"1732\">\n<p class=\"\" data-start=\"1684\" data-end=\"1732\"><strong data-start=\"1684\" data-end=\"1701\">Schutzklasse:<\/strong> IP68 \u2013 vollst\u00e4ndig wasserdicht<\/p>\n<\/li>\n<\/ul>\n<p>.<\/p>\n<p><img loading=\"lazy\" decoding=\"async\" class=\"alignnone size-full wp-image-16807\" src=\"https:\/\/wifi.se\/wp-content\/uploads\/2022\/05\/5G-2-in-1-Antenna-80MM-screw-installation.jpeg\" alt=\"\" width=\"1243\" height=\"961\" srcset=\"https:\/\/wifi.se\/de\/wp-content\/uploads\/sites\/7\/2022\/05\/5G-2-in-1-Antenna-80MM-screw-installation.jpeg 1243w, https:\/\/wifi.se\/de\/wp-content\/uploads\/sites\/7\/2022\/05\/5G-2-in-1-Antenna-80MM-screw-installation-510x394.jpeg 510w, https:\/\/wifi.se\/de\/wp-content\/uploads\/sites\/7\/2022\/05\/5G-2-in-1-Antenna-80MM-screw-installation-64x49.jpeg 64w, https:\/\/wifi.se\/de\/wp-content\/uploads\/sites\/7\/2022\/05\/5G-2-in-1-Antenna-80MM-screw-installation-300x232.jpeg 300w, https:\/\/wifi.se\/de\/wp-content\/uploads\/sites\/7\/2022\/05\/5G-2-in-1-Antenna-80MM-screw-installation-1024x792.jpeg 1024w, https:\/\/wifi.se\/de\/wp-content\/uploads\/sites\/7\/2022\/05\/5G-2-in-1-Antenna-80MM-screw-installation-768x594.jpeg 768w, https:\/\/wifi.se\/de\/wp-content\/uploads\/sites\/7\/2022\/05\/5G-2-in-1-Antenna-80MM-screw-installation-200x155.jpeg 200w, https:\/\/wifi.se\/de\/wp-content\/uploads\/sites\/7\/2022\/05\/5G-2-in-1-Antenna-80MM-screw-installation-400x309.jpeg 400w, https:\/\/wifi.se\/de\/wp-content\/uploads\/sites\/7\/2022\/05\/5G-2-in-1-Antenna-80MM-screw-installation-600x464.jpeg 600w, https:\/\/wifi.se\/de\/wp-content\/uploads\/sites\/7\/2022\/05\/5G-2-in-1-Antenna-80MM-screw-installation-800x619.jpeg 800w, https:\/\/wifi.se\/de\/wp-content\/uploads\/sites\/7\/2022\/05\/5G-2-in-1-Antenna-80MM-screw-installation-1200x928.jpeg 1200w, https:\/\/wifi.se\/de\/wp-content\/uploads\/sites\/7\/2022\/05\/5G-2-in-1-Antenna-80MM-screw-installation-500x387.jpeg 500w, https:\/\/wifi.se\/de\/wp-content\/uploads\/sites\/7\/2022\/05\/5G-2-in-1-Antenna-80MM-screw-installation-700x541.jpeg 700w\" sizes=\"auto, (max-width: 1243px) 100vw, 1243px\" \/><\/p>\n<p>&nbsp;<\/p>\n<p>&nbsp;<\/p>\n","protected":false},"excerpt":{"rendered":"<h3 class=\"\" data-start=\"92\" data-end=\"181\"><strong data-start=\"96\" data-end=\"181\">5G Rundstrahl-MIMO-Dachantenne \u2013 Speziell f\u00fcr Wohnmobile und Wohnwagen entwickelt<\/strong><\/h3>\n<p class=\"\" data-start=\"183\" data-end=\"383\">Diese <strong data-start=\"189\" data-end=\"223\">5G Rundstrahl-MIMO-Dachantenne<\/strong> ist mit <strong data-start=\"232\" data-end=\"261\">allen Mobilfunkfrequenzen<\/strong> kompatibel: <strong data-start=\"274\" data-end=\"295\">2G, 3G, 4G und 5G<\/strong>. Sie wurde <strong data-start=\"307\" data-end=\"371\">speziell von uns f\u00fcr den Einsatz in Wohnmobilen und Caravans<\/strong> entwickelt.<\/p>\n<p class=\"\" data-start=\"385\" data-end=\"541\">Die Antenne ist mit <strong data-start=\"405\" data-end=\"424\">zwei LTE-Kabeln<\/strong> ausgestattet, die <strong data-start=\"443\" data-end=\"491\">direkt an die Antennenanschl\u00fcsse des Routers<\/strong> angeschlossen werden (<strong data-start=\"514\" data-end=\"539\">SMA-Stecker, m\u00e4nnlich<\/strong>).<\/p>\n<p class=\"\" data-start=\"543\" data-end=\"936\">Dank der <strong data-start=\"552\" data-end=\"575\">IP68-Zertifizierung<\/strong> ist die Antenne <strong data-start=\"592\" data-end=\"619\">vollst\u00e4ndig wasserdicht<\/strong> \u2013 eine Eigenschaft, die nur sehr wenige Antennen bieten. Sie kann <strong data-start=\"686\" data-end=\"720\">komplett unter Wasser getaucht<\/strong> werden und funktioniert trotzdem <strong data-start=\"754\" data-end=\"769\">einwandfrei<\/strong>. Die Konstruktion ist <strong data-start=\"792\" data-end=\"810\">\u00e4u\u00dferst robust<\/strong> und h\u00e4lt sowohl <strong data-start=\"827\" data-end=\"867\">gro\u00dfer Hitze als auch extremer K\u00e4lte<\/strong> stand \u2013 von Spaniens Sonne bis zu den eisigen Wintern Nordschwedens.<\/p>\n<p class=\"\" data-start=\"938\" data-end=\"1057\">Da die Antenne bereits <strong data-start=\"961\" data-end=\"979\">5G unterst\u00fctzt<\/strong>, ist ein Austausch bei einem <strong data-start=\"1009\" data-end=\"1056\">Upgrade auf einen 5G-Router nicht notwendig<\/strong>.<\/p>\n<p class=\"\" data-start=\"1059\" data-end=\"1162\">Mit dieser Antenne haben Sie immer eine <strong data-start=\"1099\" data-end=\"1134\">zuverl\u00e4ssige Internetverbindung<\/strong>, egal wo Sie sich befinden.<\/p>\n<p class=\"\" data-start=\"1164\" data-end=\"1349\">Die Antenne wird mit einer <strong data-start=\"1191\" data-end=\"1237\">80 mm langen Kunststoff-Durchgangsschraube<\/strong> geliefert, die sich <strong data-start=\"1258\" data-end=\"1300\">leicht auf die gew\u00fcnschte L\u00e4nge k\u00fcrzen<\/strong> l\u00e4sst.<br data-start=\"1307\" data-end=\"1310\" \/><strong data-start=\"1310\" data-end=\"1319\">Ma\u00dfe:<\/strong> 13 cm Durchmesser, 5 cm H\u00f6he.<\/p>\n<p class=\"\" data-start=\"1351\" data-end=\"1491\"><strong data-start=\"1351\" data-end=\"1491\">Diese Antenne ist die optimale Wahl f\u00fcr alle, die mit dem Wohnmobil oder Caravan unterwegs sind und das Beste an Konnektivit\u00e4t w\u00fcnschen.<\/strong><\/p>\n","protected":false},"featured_media":16794,"template":"","meta":{"_acf_changed":false},"product_brand":[],"product_cat":[165,470],"product_tag":[249,167,352],"class_list":{"0":"post-16789","1":"product","2":"type-product","3":"status-publish","4":"has-post-thumbnail","6":"product_cat-antenner","7":"product_cat-roof-antennas","8":"product_tag-4g-antenn","9":"product_tag-antenn","10":"product_tag-white_week","11":"product_shipping_class-sim-kort-med-router","13":"first","14":"instock","15":"taxable","16":"shipping-taxable","17":"purchasable","18":"product-type-simple"},"bundled_by":[],"bundle_stock_status":"instock","bundle_stock_quantity":null,"bundle_virtual":false,"bundle_layout":"","bundle_add_to_cart_form_location":"","bundle_editable_in_cart":false,"bundle_sold_individually_context":"","bundle_item_grouping":"","bundle_min_size":"","bundle_max_size":"","bundle_price":[],"bundled_items":[],"bundle_sell_ids":[],"acf":{"accounting_number":"1940","accounting_number_kopiera2":"2611","accounting_number_kopiera3":"3014","accounting_number_kopiera4":"3520","accounting_number_kopiera5":"1510","accounting_number_kopiera6":"1511"},"yoast_head":"<!-- This site is optimized with the Yoast SEO plugin v27.1.1 - https:\/\/yoast.com\/product\/yoast-seo-wordpress\/ -->\n<title>5G Roof Antenna for Permanent Mounting on RV\/Caravan \u2013 2 Cables<\/title>\n<meta name=\"description\" content=\"This 5G MIMO roof antenna (works for all mobile bandwidths. If you install this antenna, you won&#039;t need to replace it if you later upgrade to a 5G router.\" \/>\n<meta name=\"robots\" content=\"index, follow, max-snippet:-1, max-image-preview:large, max-video-preview:-1\" \/>\n<link rel=\"canonical\" href=\"https:\/\/wifi.se\/de\/product\/5g-roof-antenna-for-permanent-mounting-on-rv-caravan-2g-3g-4g-5g-2-cables\/\" \/>\n<meta property=\"og:locale\" content=\"de_DE\" \/>\n<meta property=\"og:type\" content=\"article\" \/>\n<meta property=\"og:title\" content=\"5G Roof Antenna for Permanent Mounting on RV\/Caravan \u2013 2 Cables\" \/>\n<meta property=\"og:description\" content=\"This 5G MIMO roof antenna (works for all mobile bandwidths. If you install this antenna, you won&#039;t need to replace it if you later upgrade to a 5G router.\" \/>\n<meta property=\"og:url\" content=\"https:\/\/wifi.se\/de\/product\/5g-roof-antenna-for-permanent-mounting-on-rv-caravan-2g-3g-4g-5g-2-cables\/\" \/>\n<meta property=\"og:site_name\" content=\"WIFI.SE\/DE\" \/>\n<meta property=\"article:modified_time\" content=\"2025-04-08T16:45:13+00:00\" \/>\n<meta property=\"og:image\" content=\"https:\/\/wifi.se\/de\/wp-content\/uploads\/sites\/7\/2022\/05\/antenn01.png\" \/>\n\t<meta property=\"og:image:width\" content=\"800\" \/>\n\t<meta property=\"og:image:height\" content=\"600\" \/>\n\t<meta property=\"og:image:type\" content=\"image\/png\" \/>\n<meta name=\"twitter:card\" content=\"summary_large_image\" \/>\n<meta name=\"twitter:label1\" content=\"Gesch\u00e4tzte Lesezeit\" \/>\n\t<meta name=\"twitter:data1\" content=\"2\u00a0Minuten\" \/>\n<script type=\"application\/ld+json\" class=\"yoast-schema-graph\">{\"@context\":\"https:\/\/schema.org\",\"@graph\":[{\"@type\":\"WebPage\",\"@id\":\"https:\/\/wifi.se\/de\/product\/5g-roof-antenna-for-permanent-mounting-on-rv-caravan-2g-3g-4g-5g-2-cables\/\",\"url\":\"https:\/\/wifi.se\/de\/product\/5g-roof-antenna-for-permanent-mounting-on-rv-caravan-2g-3g-4g-5g-2-cables\/\",\"name\":\"5G Roof Antenna for Permanent Mounting on RV\/Caravan \u2013 2 Cables\",\"isPartOf\":{\"@id\":\"https:\/\/wifi.se\/de\/#website\"},\"primaryImageOfPage\":{\"@id\":\"https:\/\/wifi.se\/de\/product\/5g-roof-antenna-for-permanent-mounting-on-rv-caravan-2g-3g-4g-5g-2-cables\/#primaryimage\"},\"image\":{\"@id\":\"https:\/\/wifi.se\/de\/product\/5g-roof-antenna-for-permanent-mounting-on-rv-caravan-2g-3g-4g-5g-2-cables\/#primaryimage\"},\"thumbnailUrl\":\"https:\/\/wifi.se\/de\/wp-content\/uploads\/sites\/7\/2022\/05\/antenn01.png\",\"datePublished\":\"2022-05-11T20:44:55+00:00\",\"dateModified\":\"2025-04-08T16:45:13+00:00\",\"description\":\"This 5G MIMO roof antenna (works for all mobile bandwidths. If you install this antenna, you won't need to replace it if you later upgrade to a 5G router.\",\"breadcrumb\":{\"@id\":\"https:\/\/wifi.se\/de\/product\/5g-roof-antenna-for-permanent-mounting-on-rv-caravan-2g-3g-4g-5g-2-cables\/#breadcrumb\"},\"inLanguage\":\"de\",\"potentialAction\":[{\"@type\":\"ReadAction\",\"target\":[\"https:\/\/wifi.se\/de\/product\/5g-roof-antenna-for-permanent-mounting-on-rv-caravan-2g-3g-4g-5g-2-cables\/\"]}]},{\"@type\":\"ImageObject\",\"inLanguage\":\"de\",\"@id\":\"https:\/\/wifi.se\/de\/product\/5g-roof-antenna-for-permanent-mounting-on-rv-caravan-2g-3g-4g-5g-2-cables\/#primaryimage\",\"url\":\"https:\/\/wifi.se\/de\/wp-content\/uploads\/sites\/7\/2022\/05\/antenn01.png\",\"contentUrl\":\"https:\/\/wifi.se\/de\/wp-content\/uploads\/sites\/7\/2022\/05\/antenn01.png\",\"width\":800,\"height\":600},{\"@type\":\"BreadcrumbList\",\"@id\":\"https:\/\/wifi.se\/de\/product\/5g-roof-antenna-for-permanent-mounting-on-rv-caravan-2g-3g-4g-5g-2-cables\/#breadcrumb\",\"itemListElement\":[{\"@type\":\"ListItem\",\"position\":1,\"name\":\"Hem\",\"item\":\"https:\/\/wifi.se\/de\/\"},{\"@type\":\"ListItem\",\"position\":2,\"name\":\"BUTIK\",\"item\":\"https:\/\/wifi.se\/de\/butik\/\"},{\"@type\":\"ListItem\",\"position\":3,\"name\":\"5G Dachantenne zur Festmontage auf Wohnmobil\/Caravan (2G\/3G\/4G\/5G) \u2013 2 Kabel\"}]},{\"@type\":\"WebSite\",\"@id\":\"https:\/\/wifi.se\/de\/#website\",\"url\":\"https:\/\/wifi.se\/de\/\",\"name\":\"WIFI.SE\/DE\",\"description\":\"INTERNET \u00dcBERALL\",\"potentialAction\":[{\"@type\":\"SearchAction\",\"target\":{\"@type\":\"EntryPoint\",\"urlTemplate\":\"https:\/\/wifi.se\/de\/?s={search_term_string}\"},\"query-input\":{\"@type\":\"PropertyValueSpecification\",\"valueRequired\":true,\"valueName\":\"search_term_string\"}}],\"inLanguage\":\"de\"}]}<\/script>\n<!-- \/ Yoast SEO plugin. -->","yoast_head_json":{"title":"5G Roof Antenna for Permanent Mounting on RV\/Caravan \u2013 2 Cables","description":"This 5G MIMO roof antenna (works for all mobile bandwidths. If you install this antenna, you won't need to replace it if you later upgrade to a 5G router.","robots":{"index":"index","follow":"follow","max-snippet":"max-snippet:-1","max-image-preview":"max-image-preview:large","max-video-preview":"max-video-preview:-1"},"canonical":"https:\/\/wifi.se\/de\/product\/5g-roof-antenna-for-permanent-mounting-on-rv-caravan-2g-3g-4g-5g-2-cables\/","og_locale":"de_DE","og_type":"article","og_title":"5G Roof Antenna for Permanent Mounting on RV\/Caravan \u2013 2 Cables","og_description":"This 5G MIMO roof antenna (works for all mobile bandwidths. If you install this antenna, you won't need to replace it if you later upgrade to a 5G router.","og_url":"https:\/\/wifi.se\/de\/product\/5g-roof-antenna-for-permanent-mounting-on-rv-caravan-2g-3g-4g-5g-2-cables\/","og_site_name":"WIFI.SE\/DE","article_modified_time":"2025-04-08T16:45:13+00:00","og_image":[{"width":800,"height":600,"url":"https:\/\/wifi.se\/de\/wp-content\/uploads\/sites\/7\/2022\/05\/antenn01.png","type":"image\/png"}],"twitter_card":"summary_large_image","twitter_misc":{"Gesch\u00e4tzte Lesezeit":"2\u00a0Minuten"},"schema":{"@context":"https:\/\/schema.org","@graph":[{"@type":"WebPage","@id":"https:\/\/wifi.se\/de\/product\/5g-roof-antenna-for-permanent-mounting-on-rv-caravan-2g-3g-4g-5g-2-cables\/","url":"https:\/\/wifi.se\/de\/product\/5g-roof-antenna-for-permanent-mounting-on-rv-caravan-2g-3g-4g-5g-2-cables\/","name":"5G Roof Antenna for Permanent Mounting on RV\/Caravan \u2013 2 Cables","isPartOf":{"@id":"https:\/\/wifi.se\/de\/#website"},"primaryImageOfPage":{"@id":"https:\/\/wifi.se\/de\/product\/5g-roof-antenna-for-permanent-mounting-on-rv-caravan-2g-3g-4g-5g-2-cables\/#primaryimage"},"image":{"@id":"https:\/\/wifi.se\/de\/product\/5g-roof-antenna-for-permanent-mounting-on-rv-caravan-2g-3g-4g-5g-2-cables\/#primaryimage"},"thumbnailUrl":"https:\/\/wifi.se\/de\/wp-content\/uploads\/sites\/7\/2022\/05\/antenn01.png","datePublished":"2022-05-11T20:44:55+00:00","dateModified":"2025-04-08T16:45:13+00:00","description":"This 5G MIMO roof antenna (works for all mobile bandwidths. If you install this antenna, you won't need to replace it if you later upgrade to a 5G router.","breadcrumb":{"@id":"https:\/\/wifi.se\/de\/product\/5g-roof-antenna-for-permanent-mounting-on-rv-caravan-2g-3g-4g-5g-2-cables\/#breadcrumb"},"inLanguage":"de","potentialAction":[{"@type":"ReadAction","target":["https:\/\/wifi.se\/de\/product\/5g-roof-antenna-for-permanent-mounting-on-rv-caravan-2g-3g-4g-5g-2-cables\/"]}]},{"@type":"ImageObject","inLanguage":"de","@id":"https:\/\/wifi.se\/de\/product\/5g-roof-antenna-for-permanent-mounting-on-rv-caravan-2g-3g-4g-5g-2-cables\/#primaryimage","url":"https:\/\/wifi.se\/de\/wp-content\/uploads\/sites\/7\/2022\/05\/antenn01.png","contentUrl":"https:\/\/wifi.se\/de\/wp-content\/uploads\/sites\/7\/2022\/05\/antenn01.png","width":800,"height":600},{"@type":"BreadcrumbList","@id":"https:\/\/wifi.se\/de\/product\/5g-roof-antenna-for-permanent-mounting-on-rv-caravan-2g-3g-4g-5g-2-cables\/#breadcrumb","itemListElement":[{"@type":"ListItem","position":1,"name":"Hem","item":"https:\/\/wifi.se\/de\/"},{"@type":"ListItem","position":2,"name":"BUTIK","item":"https:\/\/wifi.se\/de\/butik\/"},{"@type":"ListItem","position":3,"name":"5G Dachantenne zur Festmontage auf Wohnmobil\/Caravan (2G\/3G\/4G\/5G) \u2013 2 Kabel"}]},{"@type":"WebSite","@id":"https:\/\/wifi.se\/de\/#website","url":"https:\/\/wifi.se\/de\/","name":"WIFI.SE\/DE","description":"INTERNET \u00dcBERALL","potentialAction":[{"@type":"SearchAction","target":{"@type":"EntryPoint","urlTemplate":"https:\/\/wifi.se\/de\/?s={search_term_string}"},"query-input":{"@type":"PropertyValueSpecification","valueRequired":true,"valueName":"search_term_string"}}],"inLanguage":"de"}]}},"_links":{"self":[{"href":"https:\/\/wifi.se\/de\/wp-json\/wp\/v2\/product\/16789","targetHints":{"allow":["GET"]}}],"collection":[{"href":"https:\/\/wifi.se\/de\/wp-json\/wp\/v2\/product"}],"about":[{"href":"https:\/\/wifi.se\/de\/wp-json\/wp\/v2\/types\/product"}],"wp:featuredmedia":[{"embeddable":true,"href":"https:\/\/wifi.se\/de\/wp-json\/wp\/v2\/media\/16794"}],"wp:attachment":[{"href":"https:\/\/wifi.se\/de\/wp-json\/wp\/v2\/media?parent=16789"}],"wp:term":[{"taxonomy":"product_brand","embeddable":true,"href":"https:\/\/wifi.se\/de\/wp-json\/wp\/v2\/product_brand?post=16789"},{"taxonomy":"product_cat","embeddable":true,"href":"https:\/\/wifi.se\/de\/wp-json\/wp\/v2\/product_cat?post=16789"},{"taxonomy":"product_tag","embeddable":true,"href":"https:\/\/wifi.se\/de\/wp-json\/wp\/v2\/product_tag?post=16789"}],"curies":[{"name":"wp","href":"https:\/\/api.w.org\/{rel}","templated":true}]}}