{"id":16787,"date":"2022-05-11T22:29:34","date_gmt":"2022-05-11T20:29:34","guid":{"rendered":"https:\/\/wifi.se\/?post_type=product&#038;p=16787"},"modified":"2025-04-08T18:54:26","modified_gmt":"2025-04-08T16:54:26","slug":"5g-roof-antenna-for-permanent-mounting-on-motorhome-caravan","status":"publish","type":"product","link":"https:\/\/wifi.se\/de\/product\/5g-roof-antenna-for-permanent-mounting-on-motorhome-caravan\/","title":{"rendered":"5G Dachantenne zur Festmontage am Wohnmobil\/Caravan (2G\/3G\/4G\/5G) &#8211; 4 Kabel"},"content":{"rendered":"<h3 class=\"\" data-start=\"126\" data-end=\"204\"><strong data-start=\"130\" data-end=\"204\">5G Rundstrahl-MIMO-Antenne \u2013 F\u00fcr alle Mobilfunkfrequenzen: 2G\/3G\/4G\/5G<\/strong><\/h3>\n<p class=\"\" data-start=\"206\" data-end=\"411\">Diese <strong data-start=\"212\" data-end=\"242\">5G-Rundstrahl-MIMO-Antenne<\/strong> wurde <strong data-start=\"249\" data-end=\"314\">speziell von uns f\u00fcr den Einsatz in Wohnmobilen und Wohnwagen<\/strong> entwickelt. Sie ist mit <strong data-start=\"339\" data-end=\"387\">allen g\u00e4ngigen Mobilfunkstandards kompatibel<\/strong>: <strong data-start=\"389\" data-end=\"410\">2G, 3G, 4G und 5G<\/strong>.<\/p>\n<p class=\"\" data-start=\"413\" data-end=\"588\">Die Antenne ist mit <strong data-start=\"433\" data-end=\"448\">vier Kabeln<\/strong> ausgestattet:<br data-start=\"462\" data-end=\"465\" \/>\u2013 <strong data-start=\"467\" data-end=\"482\">2 LTE-Kabel<\/strong> (f\u00fcr 4G\/5G)<br data-start=\"494\" data-end=\"497\" \/>\u2013 <strong data-start=\"499\" data-end=\"515\">2 WLAN-Kabel<\/strong><br data-start=\"515\" data-end=\"518\" \/>Diese werden <strong data-start=\"531\" data-end=\"555\">direkt an den Router<\/strong> angeschlossen (<strong data-start=\"571\" data-end=\"586\">SMA-Stecker<\/strong>).<\/p>\n<p class=\"\" data-start=\"590\" data-end=\"872\">Die Antenne ist <strong data-start=\"606\" data-end=\"627\">IP68-zertifiziert<\/strong> und damit <strong data-start=\"638\" data-end=\"665\">vollst\u00e4ndig wasserdicht<\/strong> \u2013 eine Seltenheit unter Antennen. Sie kann <strong data-start=\"709\" data-end=\"735\">komplett untergetaucht<\/strong> werden und liefert dennoch <strong data-start=\"763\" data-end=\"781\">beste Leistung<\/strong>. Dank ihrer <strong data-start=\"794\" data-end=\"815\">robusten Bauweise<\/strong> h\u00e4lt sie sowohl <strong data-start=\"832\" data-end=\"865\">extremer Hitze als auch K\u00e4lte<\/strong> stand.<\/p>\n<p class=\"\" data-start=\"874\" data-end=\"971\">Da die Antenne <strong data-start=\"889\" data-end=\"906\">5G-kompatibel<\/strong> ist, <strong data-start=\"912\" data-end=\"970\">muss sie bei einem Router-Upgrade nicht ersetzt werden<\/strong>.<\/p>\n<p class=\"\" data-start=\"973\" data-end=\"1109\">Mit dieser Antenne k\u00f6nnen Sie sicher sein, dass Sie <strong data-start=\"1025\" data-end=\"1073\">eine stabile und schnelle Internetverbindung<\/strong> haben \u2013 egal wo Sie unterwegs sind.<\/p>\n<p class=\"\" data-start=\"1111\" data-end=\"1297\">Die Antenne wird mit einer <strong data-start=\"1138\" data-end=\"1184\">80 mm langen Kunststoff-Durchgangsschraube<\/strong> geliefert, die sich einfach <strong data-start=\"1213\" data-end=\"1248\">auf die gew\u00fcnschte L\u00e4nge k\u00fcrzen<\/strong> l\u00e4sst.<br data-start=\"1255\" data-end=\"1258\" \/><strong data-start=\"1258\" data-end=\"1267\">Ma\u00dfe:<\/strong> Durchmesser 13 cm, H\u00f6he 5 cm.<\/p>\n<p class=\"\" data-start=\"1299\" data-end=\"1419\"><strong data-start=\"1299\" data-end=\"1419\">Die ideale Antenne f\u00fcr alle, die mit Wohnmobil oder Caravan reisen und h\u00f6chste Anspr\u00fcche an die Konnektivit\u00e4t haben.<\/strong><\/p>\n<hr class=\"\" data-start=\"1421\" data-end=\"1424\" \/>\n<h3 class=\"\" data-start=\"1426\" data-end=\"1450\"><strong data-start=\"1430\" data-end=\"1450\">TECHNISCHE DATEN<\/strong><\/h3>\n<ul data-start=\"1452\" data-end=\"1785\">\n<li class=\"\" data-start=\"1452\" data-end=\"1504\">\n<p class=\"\" data-start=\"1454\" data-end=\"1504\"><strong data-start=\"1454\" data-end=\"1474\">Frequenzbereich:<\/strong> 2600\u20136000 MHz (2G\/3G\/4G\/5G)<\/p>\n<\/li>\n<li class=\"\" data-start=\"1505\" data-end=\"1529\">\n<p class=\"\" data-start=\"1507\" data-end=\"1529\"><strong data-start=\"1507\" data-end=\"1520\">Impedanz:<\/strong> 50 Ohm<\/p>\n<\/li>\n<li class=\"\" data-start=\"1530\" data-end=\"1570\">\n<p class=\"\" data-start=\"1532\" data-end=\"1570\"><strong data-start=\"1532\" data-end=\"1550\">Gewinn (Gain):<\/strong> 5G-Antenne: 8 dBi<\/p>\n<\/li>\n<li class=\"\" data-start=\"1571\" data-end=\"1636\">\n<p class=\"\" data-start=\"1573\" data-end=\"1636\"><strong data-start=\"1573\" data-end=\"1583\">Kabel:<\/strong><br data-start=\"1583\" data-end=\"1586\" \/>\u2003\u2013 <strong data-start=\"1589\" data-end=\"1600\">LMR 200<\/strong> f\u00fcr LTE<br data-start=\"1608\" data-end=\"1611\" \/>\u2003\u2013 <strong data-start=\"1614\" data-end=\"1625\">LMR 100<\/strong> f\u00fcr WLAN<\/p>\n<\/li>\n<li class=\"\" data-start=\"1637\" data-end=\"1668\">\n<p class=\"\" data-start=\"1639\" data-end=\"1668\"><strong data-start=\"1639\" data-end=\"1654\">Anschl\u00fcsse:<\/strong> SMA-Stecker<\/p>\n<\/li>\n<li class=\"\" data-start=\"1669\" data-end=\"1705\">\n<p class=\"\" data-start=\"1671\" data-end=\"1705\"><strong data-start=\"1671\" data-end=\"1685\">Ma\u00dfe (mm):<\/strong> 130 \u00d7 130 \u00d7 50 mm<\/p>\n<\/li>\n<li class=\"\" data-start=\"1706\" data-end=\"1748\">\n<p class=\"\" data-start=\"1708\" data-end=\"1748\"><strong data-start=\"1708\" data-end=\"1731\">Betriebstemperatur:<\/strong> -40 bis +85 \u00b0C<\/p>\n<\/li>\n<li class=\"\" data-start=\"1749\" data-end=\"1785\">\n<p class=\"\" data-start=\"1751\" data-end=\"1785\"><strong data-start=\"1751\" data-end=\"1785\">Wasserdicht nach IP68-Standard<\/strong><\/p>\n<\/li>\n<\/ul>\n","protected":false},"excerpt":{"rendered":"<h3 class=\"\" data-start=\"78\" data-end=\"156\"><strong data-start=\"82\" data-end=\"156\">5G Rundstrahl-MIMO-Antenne \u2013 F\u00fcr alle Mobilfunkfrequenzen: 2G\/3G\/4G\/5G<\/strong><\/h3>\n<p class=\"\" data-start=\"158\" data-end=\"355\">Diese <strong data-start=\"164\" data-end=\"194\">5G-Rundstrahl-MIMO-Antenne<\/strong> wurde <strong data-start=\"201\" data-end=\"266\">speziell von uns f\u00fcr den Einsatz in Wohnmobilen und Wohnwagen<\/strong> entwickelt. Sie ist mit <strong data-start=\"291\" data-end=\"320\">allen Mobilfunkfrequenzen<\/strong> kompatibel: <strong data-start=\"333\" data-end=\"354\">2G, 3G, 4G und 5G<\/strong>.<\/p>\n<p class=\"\" data-start=\"357\" data-end=\"502\">Die Antenne ist mit <strong data-start=\"377\" data-end=\"392\">vier Kabeln<\/strong> ausgestattet:<br data-start=\"406\" data-end=\"409\" \/>\u2013 <strong data-start=\"411\" data-end=\"426\">2 LTE-Kabel<\/strong><br data-start=\"426\" data-end=\"429\" \/>\u2013 <strong data-start=\"431\" data-end=\"447\">2 WLAN-Kabel<\/strong><br data-start=\"447\" data-end=\"450\" \/>Diese werden <strong data-start=\"463\" data-end=\"487\">direkt an den Router<\/strong> angeschlossen.<\/p>\n<p class=\"\" data-start=\"504\" data-end=\"861\">Die Antenne ist <strong data-start=\"520\" data-end=\"541\">IP68-zertifiziert<\/strong>, was bedeutet, dass sie <strong data-start=\"566\" data-end=\"593\">vollst\u00e4ndig wasserdicht<\/strong> ist \u2013 ein Merkmal, das nur wenige Antennen aufweisen. Sie kann <strong data-start=\"657\" data-end=\"683\">komplett untergetaucht<\/strong> werden und funktioniert dennoch <strong data-start=\"716\" data-end=\"731\">einwandfrei<\/strong>.<br data-start=\"732\" data-end=\"735\" \/>Dank ihrer <strong data-start=\"746\" data-end=\"767\">robusten Bauweise<\/strong> h\u00e4lt sie sowohl der <strong data-start=\"788\" data-end=\"808\">spanischen Sonne<\/strong> als auch den <strong data-start=\"822\" data-end=\"854\">kalten Wintern Nordschwedens<\/strong> stand.<\/p>\n<p class=\"\" data-start=\"863\" data-end=\"984\">Da die Antenne mit <strong data-start=\"882\" data-end=\"906\">5G-Netzen kompatibel<\/strong> ist, <strong data-start=\"912\" data-end=\"983\">muss sie beim Umstieg auf einen 5G-Router nicht ausgetauscht werden<\/strong>.<\/p>\n<p class=\"\" data-start=\"986\" data-end=\"1113\">Mit dieser Antenne k\u00f6nnen Sie sicher sein, dass Sie <strong data-start=\"1038\" data-end=\"1078\">eine zuverl\u00e4ssige Internetverbindung<\/strong> haben \u2013 egal wo Sie sich befinden.<\/p>\n<p>The antenna comes with an 80mm through screw made of plastic, allowing you to easily trim the screw to the length you need. The antenna is 13 centimeters in diameter and 5 centimeters high.<\/p>\n<p>This antenna is the optimal choice for anyone with a motorhome or caravan who wants the best.<\/p>\n","protected":false},"featured_media":30294,"template":"","meta":{"_acf_changed":false},"product_brand":[],"product_cat":[165,470],"product_tag":[249,167,352],"class_list":{"0":"post-16787","1":"product","2":"type-product","3":"status-publish","4":"has-post-thumbnail","6":"product_cat-antenner","7":"product_cat-roof-antennas","8":"product_tag-4g-antenn","9":"product_tag-antenn","10":"product_tag-white_week","11":"product_shipping_class-sim-kort-med-router","13":"first","14":"instock","15":"taxable","16":"shipping-taxable","17":"purchasable","18":"product-type-simple"},"bundled_by":[],"bundle_stock_status":"instock","bundle_stock_quantity":null,"bundle_virtual":false,"bundle_layout":"","bundle_add_to_cart_form_location":"","bundle_editable_in_cart":false,"bundle_sold_individually_context":"","bundle_item_grouping":"","bundle_min_size":"","bundle_max_size":"","bundle_price":[],"bundled_items":[],"bundle_sell_ids":[],"acf":{"accounting_number":"1940","accounting_number_kopiera2":"2611","accounting_number_kopiera3":"3014","accounting_number_kopiera4":"3520","accounting_number_kopiera5":"1510","accounting_number_kopiera6":"1511"},"yoast_head":"<!-- This site is optimized with the Yoast SEO plugin v27.1.1 - https:\/\/yoast.com\/product\/yoast-seo-wordpress\/ -->\n<title>Roof Antenna for Permanent Mounting on Motorhomes\/Caravans<\/title>\n<meta name=\"description\" content=\"This 5G roof antenna works for all mobile bandwidths, including 2G, 3G, 4G, and 5G. It&#039;s an incredibly good antenna if you always want the best possible coverage.\" \/>\n<meta name=\"robots\" content=\"index, follow, max-snippet:-1, max-image-preview:large, max-video-preview:-1\" \/>\n<link rel=\"canonical\" href=\"https:\/\/wifi.se\/de\/product\/5g-roof-antenna-for-permanent-mounting-on-motorhome-caravan\/\" \/>\n<meta property=\"og:locale\" content=\"de_DE\" \/>\n<meta property=\"og:type\" content=\"article\" \/>\n<meta property=\"og:title\" content=\"Roof Antenna for Permanent Mounting on Motorhomes\/Caravans\" \/>\n<meta property=\"og:description\" content=\"This 5G roof antenna works for all mobile bandwidths, including 2G, 3G, 4G, and 5G. It&#039;s an incredibly good antenna if you always want the best possible coverage.\" \/>\n<meta property=\"og:url\" content=\"https:\/\/wifi.se\/de\/product\/5g-roof-antenna-for-permanent-mounting-on-motorhome-caravan\/\" \/>\n<meta property=\"og:site_name\" content=\"WIFI.SE\/DE\" \/>\n<meta property=\"article:modified_time\" content=\"2025-04-08T16:54:26+00:00\" \/>\n<meta property=\"og:image\" content=\"https:\/\/wifi.se\/de\/wp-content\/uploads\/sites\/7\/2022\/07\/PUCK01.jpg\" \/>\n\t<meta property=\"og:image:width\" content=\"800\" \/>\n\t<meta property=\"og:image:height\" content=\"800\" \/>\n\t<meta property=\"og:image:type\" content=\"image\/jpeg\" \/>\n<meta name=\"twitter:card\" content=\"summary_large_image\" \/>\n<meta name=\"twitter:label1\" content=\"Gesch\u00e4tzte Lesezeit\" \/>\n\t<meta name=\"twitter:data1\" content=\"2\u00a0Minuten\" \/>\n<script type=\"application\/ld+json\" class=\"yoast-schema-graph\">{\"@context\":\"https:\/\/schema.org\",\"@graph\":[{\"@type\":\"WebPage\",\"@id\":\"https:\/\/wifi.se\/de\/product\/5g-roof-antenna-for-permanent-mounting-on-motorhome-caravan\/\",\"url\":\"https:\/\/wifi.se\/de\/product\/5g-roof-antenna-for-permanent-mounting-on-motorhome-caravan\/\",\"name\":\"Roof Antenna for Permanent Mounting on Motorhomes\/Caravans\",\"isPartOf\":{\"@id\":\"https:\/\/wifi.se\/de\/#website\"},\"primaryImageOfPage\":{\"@id\":\"https:\/\/wifi.se\/de\/product\/5g-roof-antenna-for-permanent-mounting-on-motorhome-caravan\/#primaryimage\"},\"image\":{\"@id\":\"https:\/\/wifi.se\/de\/product\/5g-roof-antenna-for-permanent-mounting-on-motorhome-caravan\/#primaryimage\"},\"thumbnailUrl\":\"https:\/\/wifi.se\/de\/wp-content\/uploads\/sites\/7\/2022\/07\/PUCK01.jpg\",\"datePublished\":\"2022-05-11T20:29:34+00:00\",\"dateModified\":\"2025-04-08T16:54:26+00:00\",\"description\":\"This 5G roof antenna works for all mobile bandwidths, including 2G, 3G, 4G, and 5G. It's an incredibly good antenna if you always want the best possible coverage.\",\"breadcrumb\":{\"@id\":\"https:\/\/wifi.se\/de\/product\/5g-roof-antenna-for-permanent-mounting-on-motorhome-caravan\/#breadcrumb\"},\"inLanguage\":\"de\",\"potentialAction\":[{\"@type\":\"ReadAction\",\"target\":[\"https:\/\/wifi.se\/de\/product\/5g-roof-antenna-for-permanent-mounting-on-motorhome-caravan\/\"]}]},{\"@type\":\"ImageObject\",\"inLanguage\":\"de\",\"@id\":\"https:\/\/wifi.se\/de\/product\/5g-roof-antenna-for-permanent-mounting-on-motorhome-caravan\/#primaryimage\",\"url\":\"https:\/\/wifi.se\/de\/wp-content\/uploads\/sites\/7\/2022\/07\/PUCK01.jpg\",\"contentUrl\":\"https:\/\/wifi.se\/de\/wp-content\/uploads\/sites\/7\/2022\/07\/PUCK01.jpg\",\"width\":800,\"height\":800,\"caption\":\"5G takantenn platt f\u00f6r fast montering p\u00e5 husbil\/husvagn (2G\/3G\/4G\/5G) 4 Kablar\"},{\"@type\":\"BreadcrumbList\",\"@id\":\"https:\/\/wifi.se\/de\/product\/5g-roof-antenna-for-permanent-mounting-on-motorhome-caravan\/#breadcrumb\",\"itemListElement\":[{\"@type\":\"ListItem\",\"position\":1,\"name\":\"Hem\",\"item\":\"https:\/\/wifi.se\/de\/\"},{\"@type\":\"ListItem\",\"position\":2,\"name\":\"BUTIK\",\"item\":\"https:\/\/wifi.se\/de\/butik\/\"},{\"@type\":\"ListItem\",\"position\":3,\"name\":\"5G Dachantenne zur Festmontage am Wohnmobil\/Caravan (2G\/3G\/4G\/5G) &#8211; 4 Kabel\"}]},{\"@type\":\"WebSite\",\"@id\":\"https:\/\/wifi.se\/de\/#website\",\"url\":\"https:\/\/wifi.se\/de\/\",\"name\":\"WIFI.SE\/DE\",\"description\":\"INTERNET \u00dcBERALL\",\"potentialAction\":[{\"@type\":\"SearchAction\",\"target\":{\"@type\":\"EntryPoint\",\"urlTemplate\":\"https:\/\/wifi.se\/de\/?s={search_term_string}\"},\"query-input\":{\"@type\":\"PropertyValueSpecification\",\"valueRequired\":true,\"valueName\":\"search_term_string\"}}],\"inLanguage\":\"de\"}]}<\/script>\n<!-- \/ Yoast SEO plugin. -->","yoast_head_json":{"title":"Roof Antenna for Permanent Mounting on Motorhomes\/Caravans","description":"This 5G roof antenna works for all mobile bandwidths, including 2G, 3G, 4G, and 5G. It's an incredibly good antenna if you always want the best possible coverage.","robots":{"index":"index","follow":"follow","max-snippet":"max-snippet:-1","max-image-preview":"max-image-preview:large","max-video-preview":"max-video-preview:-1"},"canonical":"https:\/\/wifi.se\/de\/product\/5g-roof-antenna-for-permanent-mounting-on-motorhome-caravan\/","og_locale":"de_DE","og_type":"article","og_title":"Roof Antenna for Permanent Mounting on Motorhomes\/Caravans","og_description":"This 5G roof antenna works for all mobile bandwidths, including 2G, 3G, 4G, and 5G. It's an incredibly good antenna if you always want the best possible coverage.","og_url":"https:\/\/wifi.se\/de\/product\/5g-roof-antenna-for-permanent-mounting-on-motorhome-caravan\/","og_site_name":"WIFI.SE\/DE","article_modified_time":"2025-04-08T16:54:26+00:00","og_image":[{"width":800,"height":800,"url":"https:\/\/wifi.se\/de\/wp-content\/uploads\/sites\/7\/2022\/07\/PUCK01.jpg","type":"image\/jpeg"}],"twitter_card":"summary_large_image","twitter_misc":{"Gesch\u00e4tzte Lesezeit":"2\u00a0Minuten"},"schema":{"@context":"https:\/\/schema.org","@graph":[{"@type":"WebPage","@id":"https:\/\/wifi.se\/de\/product\/5g-roof-antenna-for-permanent-mounting-on-motorhome-caravan\/","url":"https:\/\/wifi.se\/de\/product\/5g-roof-antenna-for-permanent-mounting-on-motorhome-caravan\/","name":"Roof Antenna for Permanent Mounting on Motorhomes\/Caravans","isPartOf":{"@id":"https:\/\/wifi.se\/de\/#website"},"primaryImageOfPage":{"@id":"https:\/\/wifi.se\/de\/product\/5g-roof-antenna-for-permanent-mounting-on-motorhome-caravan\/#primaryimage"},"image":{"@id":"https:\/\/wifi.se\/de\/product\/5g-roof-antenna-for-permanent-mounting-on-motorhome-caravan\/#primaryimage"},"thumbnailUrl":"https:\/\/wifi.se\/de\/wp-content\/uploads\/sites\/7\/2022\/07\/PUCK01.jpg","datePublished":"2022-05-11T20:29:34+00:00","dateModified":"2025-04-08T16:54:26+00:00","description":"This 5G roof antenna works for all mobile bandwidths, including 2G, 3G, 4G, and 5G. It's an incredibly good antenna if you always want the best possible coverage.","breadcrumb":{"@id":"https:\/\/wifi.se\/de\/product\/5g-roof-antenna-for-permanent-mounting-on-motorhome-caravan\/#breadcrumb"},"inLanguage":"de","potentialAction":[{"@type":"ReadAction","target":["https:\/\/wifi.se\/de\/product\/5g-roof-antenna-for-permanent-mounting-on-motorhome-caravan\/"]}]},{"@type":"ImageObject","inLanguage":"de","@id":"https:\/\/wifi.se\/de\/product\/5g-roof-antenna-for-permanent-mounting-on-motorhome-caravan\/#primaryimage","url":"https:\/\/wifi.se\/de\/wp-content\/uploads\/sites\/7\/2022\/07\/PUCK01.jpg","contentUrl":"https:\/\/wifi.se\/de\/wp-content\/uploads\/sites\/7\/2022\/07\/PUCK01.jpg","width":800,"height":800,"caption":"5G takantenn platt f\u00f6r fast montering p\u00e5 husbil\/husvagn (2G\/3G\/4G\/5G) 4 Kablar"},{"@type":"BreadcrumbList","@id":"https:\/\/wifi.se\/de\/product\/5g-roof-antenna-for-permanent-mounting-on-motorhome-caravan\/#breadcrumb","itemListElement":[{"@type":"ListItem","position":1,"name":"Hem","item":"https:\/\/wifi.se\/de\/"},{"@type":"ListItem","position":2,"name":"BUTIK","item":"https:\/\/wifi.se\/de\/butik\/"},{"@type":"ListItem","position":3,"name":"5G Dachantenne zur Festmontage am Wohnmobil\/Caravan (2G\/3G\/4G\/5G) &#8211; 4 Kabel"}]},{"@type":"WebSite","@id":"https:\/\/wifi.se\/de\/#website","url":"https:\/\/wifi.se\/de\/","name":"WIFI.SE\/DE","description":"INTERNET \u00dcBERALL","potentialAction":[{"@type":"SearchAction","target":{"@type":"EntryPoint","urlTemplate":"https:\/\/wifi.se\/de\/?s={search_term_string}"},"query-input":{"@type":"PropertyValueSpecification","valueRequired":true,"valueName":"search_term_string"}}],"inLanguage":"de"}]}},"_links":{"self":[{"href":"https:\/\/wifi.se\/de\/wp-json\/wp\/v2\/product\/16787","targetHints":{"allow":["GET"]}}],"collection":[{"href":"https:\/\/wifi.se\/de\/wp-json\/wp\/v2\/product"}],"about":[{"href":"https:\/\/wifi.se\/de\/wp-json\/wp\/v2\/types\/product"}],"wp:featuredmedia":[{"embeddable":true,"href":"https:\/\/wifi.se\/de\/wp-json\/wp\/v2\/media\/30294"}],"wp:attachment":[{"href":"https:\/\/wifi.se\/de\/wp-json\/wp\/v2\/media?parent=16787"}],"wp:term":[{"taxonomy":"product_brand","embeddable":true,"href":"https:\/\/wifi.se\/de\/wp-json\/wp\/v2\/product_brand?post=16787"},{"taxonomy":"product_cat","embeddable":true,"href":"https:\/\/wifi.se\/de\/wp-json\/wp\/v2\/product_cat?post=16787"},{"taxonomy":"product_tag","embeddable":true,"href":"https:\/\/wifi.se\/de\/wp-json\/wp\/v2\/product_tag?post=16787"}],"curies":[{"name":"wp","href":"https:\/\/api.w.org\/{rel}","templated":true}]}}