{"id":14135,"date":"2022-07-24T21:25:07","date_gmt":"2022-07-24T19:25:07","guid":{"rendered":"https:\/\/wifi.se\/?post_type=product&#038;p=14135"},"modified":"2025-04-08T18:43:25","modified_gmt":"2025-04-08T16:43:25","slug":"5g-roof-antenna-flat-for-permanent-mounting-on-rv-caravan","status":"publish","type":"product","link":"https:\/\/wifi.se\/de\/product\/5g-roof-antenna-flat-for-permanent-mounting-on-rv-caravan\/","title":{"rendered":"5G Dachantenne flach zur Festmontage am Wohnmobil\/Caravan (2G\/3G\/4G\/5G) mit 4 Kabeln"},"content":{"rendered":"<h3 class=\"\" data-start=\"153\" data-end=\"238\"><strong data-start=\"157\" data-end=\"238\">5G Rundstrahl-MIMO-Antenne \u2013 Speziell f\u00fcr Wohnmobile und Wohnwagen entwickelt<\/strong><\/h3>\n<p class=\"\" data-start=\"240\" data-end=\"428\">Diese <strong data-start=\"246\" data-end=\"276\">5G-Rundstrahl-MIMO-Antenne<\/strong> ist mit allen Mobilfunknetzen kompatibel: <strong data-start=\"319\" data-end=\"340\">2G, 3G, 4G und 5G<\/strong>. Sie wurde speziell von uns f\u00fcr den Einsatz in <strong data-start=\"388\" data-end=\"416\">Wohnmobilen und Caravans<\/strong> entwickelt.<\/p>\n<p class=\"\" data-start=\"430\" data-end=\"568\">Die Antenne ist mit <strong data-start=\"450\" data-end=\"478\">vier Kabeln ausgestattet<\/strong> \u2013 <strong data-start=\"481\" data-end=\"499\">zwei LTE-Kabel<\/strong> und <strong data-start=\"504\" data-end=\"523\">zwei WiFi-Kabel<\/strong>, die direkt mit dem Router verbunden werden.<\/p>\n<p class=\"\" data-start=\"570\" data-end=\"878\">Dank der <strong data-start=\"579\" data-end=\"602\">IP68-Zertifizierung<\/strong> ist die Antenne vollst\u00e4ndig wasserdicht \u2013 im Gegensatz zu vielen anderen Antennen auf dem Markt. Sie kann komplett untergetaucht werden und funktioniert dennoch einwandfrei. Die Bauweise ist \u00e4u\u00dferst <strong data-start=\"802\" data-end=\"812\">robust<\/strong> und widersteht sowohl hohen Temperaturen als auch extremer K\u00e4lte.<\/p>\n<p class=\"\" data-start=\"880\" data-end=\"991\">Da die Antenne das <strong data-start=\"899\" data-end=\"910\">5G-Netz<\/strong> unterst\u00fctzt, muss sie beim Wechsel auf einen 5G-Router <strong data-start=\"966\" data-end=\"983\">nicht ersetzt<\/strong> werden.<\/p>\n<p class=\"\" data-start=\"993\" data-end=\"1099\">Mit dieser Antenne sind Sie stets zuverl\u00e4ssig mit dem Internet verbunden \u2013 <strong data-start=\"1068\" data-end=\"1098\">egal, wo Sie sich befinden<\/strong>.<\/p>\n<p class=\"\" data-start=\"1101\" data-end=\"1304\">Die Antenne wird mit <strong data-start=\"1122\" data-end=\"1143\">3M-Superklebepads<\/strong> geliefert. Da jedoch nicht alle Oberfl\u00e4chen vollst\u00e4ndig eben sind, empfehlen wir, die Antenne zus\u00e4tzlich zu verkleben.<br data-start=\"1262\" data-end=\"1265\" \/><strong data-start=\"1265\" data-end=\"1273\">Ma\u00dfe<\/strong>: 13 cm Durchmesser, 5 cm H\u00f6he.<\/p>\n<p class=\"\" data-start=\"1306\" data-end=\"1438\">Diese Antenne ist die <strong data-start=\"1328\" data-end=\"1354\">optimale Wahl f\u00fcr alle<\/strong>, die ein <strong data-start=\"1364\" data-end=\"1407\">Wohnmobil oder einen Wohnwagen besitzen<\/strong> und h\u00f6chste Leistung erwarten.<\/p>\n<hr class=\"\" data-start=\"1440\" data-end=\"1443\" \/>\n<h3 class=\"\" data-start=\"1445\" data-end=\"1469\"><strong data-start=\"1449\" data-end=\"1469\">Technische Daten<\/strong><\/h3>\n<ul data-start=\"1471\" data-end=\"1846\">\n<li class=\"\" data-start=\"1471\" data-end=\"1523\">\n<p class=\"\" data-start=\"1473\" data-end=\"1523\"><strong data-start=\"1473\" data-end=\"1492\">Frequenzbereich<\/strong>: 2600\u20136000 MHz (2G\/3G\/4G\/5G)<\/p>\n<\/li>\n<li class=\"\" data-start=\"1524\" data-end=\"1548\">\n<p class=\"\" data-start=\"1526\" data-end=\"1548\"><strong data-start=\"1526\" data-end=\"1538\">Impedanz<\/strong>: 50 Ohm<\/p>\n<\/li>\n<li class=\"\" data-start=\"1549\" data-end=\"1604\">\n<p class=\"\" data-start=\"1551\" data-end=\"1604\"><strong data-start=\"1551\" data-end=\"1573\">Verst\u00e4rkung (Gain)<\/strong>:<br data-start=\"1574\" data-end=\"1577\" \/>\u2013 5G-Antenne: <strong data-start=\"1593\" data-end=\"1602\">8 dBi<\/strong><\/p>\n<\/li>\n<li class=\"\" data-start=\"1605\" data-end=\"1678\">\n<p class=\"\" data-start=\"1607\" data-end=\"1678\"><strong data-start=\"1607\" data-end=\"1621\">Kabeltypen<\/strong>:<br data-start=\"1622\" data-end=\"1625\" \/>\u2013 <strong data-start=\"1629\" data-end=\"1640\">LMR-200<\/strong> f\u00fcr LTE<br data-start=\"1648\" data-end=\"1651\" \/>\u2013 <strong data-start=\"1655\" data-end=\"1666\">LMR-100<\/strong> f\u00fcr Wi-Fi<\/p>\n<\/li>\n<li class=\"\" data-start=\"1679\" data-end=\"1714\">\n<p class=\"\" data-start=\"1681\" data-end=\"1714\"><strong data-start=\"1681\" data-end=\"1695\">Anschl\u00fcsse<\/strong>: <strong data-start=\"1697\" data-end=\"1712\">SMA-Stecker<\/strong><\/p>\n<\/li>\n<li class=\"\" data-start=\"1715\" data-end=\"1753\">\n<p class=\"\" data-start=\"1717\" data-end=\"1753\"><strong data-start=\"1717\" data-end=\"1732\">Abmessungen<\/strong>: 130 x 130 x 50 mm<\/p>\n<\/li>\n<li class=\"\" data-start=\"1754\" data-end=\"1795\">\n<p class=\"\" data-start=\"1756\" data-end=\"1795\"><strong data-start=\"1756\" data-end=\"1777\">Temperaturbereich<\/strong>: -40 bis +85 \u00b0C<\/p>\n<\/li>\n<li class=\"\" data-start=\"1796\" data-end=\"1846\">\n<p class=\"\" data-start=\"1798\" data-end=\"1846\"><strong data-start=\"1798\" data-end=\"1814\">Schutzklasse<\/strong>: IP68 \u2013 vollst\u00e4ndig wasserdicht<\/p>\n<\/li>\n<\/ul>\n<p><img loading=\"lazy\" decoding=\"async\" class=\"alignnone size-full wp-image-16814\" src=\"https:\/\/wifi.se\/wp-content\/uploads\/2021\/08\/4_02.jpeg\" alt=\"\" width=\"1243\" height=\"961\" srcset=\"https:\/\/wifi.se\/de\/wp-content\/uploads\/sites\/7\/2021\/08\/4_02.jpeg 1243w, https:\/\/wifi.se\/de\/wp-content\/uploads\/sites\/7\/2021\/08\/4_02-510x394.jpeg 510w, https:\/\/wifi.se\/de\/wp-content\/uploads\/sites\/7\/2021\/08\/4_02-64x49.jpeg 64w, https:\/\/wifi.se\/de\/wp-content\/uploads\/sites\/7\/2021\/08\/4_02-300x232.jpeg 300w, https:\/\/wifi.se\/de\/wp-content\/uploads\/sites\/7\/2021\/08\/4_02-1024x792.jpeg 1024w, https:\/\/wifi.se\/de\/wp-content\/uploads\/sites\/7\/2021\/08\/4_02-768x594.jpeg 768w, https:\/\/wifi.se\/de\/wp-content\/uploads\/sites\/7\/2021\/08\/4_02-200x155.jpeg 200w, https:\/\/wifi.se\/de\/wp-content\/uploads\/sites\/7\/2021\/08\/4_02-400x309.jpeg 400w, https:\/\/wifi.se\/de\/wp-content\/uploads\/sites\/7\/2021\/08\/4_02-600x464.jpeg 600w, https:\/\/wifi.se\/de\/wp-content\/uploads\/sites\/7\/2021\/08\/4_02-800x619.jpeg 800w, https:\/\/wifi.se\/de\/wp-content\/uploads\/sites\/7\/2021\/08\/4_02-1200x928.jpeg 1200w, https:\/\/wifi.se\/de\/wp-content\/uploads\/sites\/7\/2021\/08\/4_02-500x387.jpeg 500w, https:\/\/wifi.se\/de\/wp-content\/uploads\/sites\/7\/2021\/08\/4_02-700x541.jpeg 700w\" sizes=\"auto, (max-width: 1243px) 100vw, 1243px\" \/><\/p>\n","protected":false},"excerpt":{"rendered":"<h3 class=\"\" data-start=\"148\" data-end=\"224\"><strong data-start=\"152\" data-end=\"224\">5G Rundstrahl-MIMO-Antenne \u2013 Entwickelt f\u00fcr Wohnmobile und Wohnwagen<\/strong><\/h3>\n<p class=\"\" data-start=\"226\" data-end=\"423\">Diese <strong data-start=\"232\" data-end=\"262\">5G-Rundstrahl-MIMO-Antenne<\/strong> ist mit <strong data-start=\"271\" data-end=\"299\">allen Mobilfunkstandards<\/strong> kompatibel \u2013 <strong data-start=\"313\" data-end=\"334\">2G, 3G, 4G und 5G<\/strong> \u2013 und wurde speziell von uns f\u00fcr den Einsatz in <strong data-start=\"383\" data-end=\"411\">Wohnmobilen und Caravans<\/strong> entwickelt.<\/p>\n<p class=\"\" data-start=\"425\" data-end=\"583\">Die Antenne verf\u00fcgt \u00fcber <strong data-start=\"450\" data-end=\"464\">vier Kabel<\/strong>:<br data-start=\"465\" data-end=\"468\" \/>\u2013 <strong data-start=\"470\" data-end=\"488\">Zwei LTE-Kabel<\/strong> (f\u00fcr 4G und 5G)<br data-start=\"504\" data-end=\"507\" \/>\u2013 <strong data-start=\"509\" data-end=\"528\">Zwei WiFi-Kabel<\/strong><br data-start=\"528\" data-end=\"531\" \/>Diese werden <strong data-start=\"544\" data-end=\"582\">direkt an den Router angeschlossen<\/strong>.<\/p>\n<p class=\"\" data-start=\"585\" data-end=\"951\">Dank der <strong data-start=\"594\" data-end=\"617\">IP68-Zertifizierung<\/strong> ist die Antenne <strong data-start=\"634\" data-end=\"661\">vollst\u00e4ndig wasserdicht<\/strong> \u2013 eine Eigenschaft, die nur wenige Antennen bieten. Sie kann vollst\u00e4ndig untergetaucht werden und funktioniert trotzdem einwandfrei. Die Antenne ist <strong data-start=\"811\" data-end=\"828\">extrem robust<\/strong> und h\u00e4lt sowohl <strong data-start=\"845\" data-end=\"884\">gro\u00dfer Hitze als auch starker K\u00e4lte<\/strong> stand \u2013 von der Hitze Spaniens bis hin zum Winter in Skandinavien.<\/p>\n<p class=\"\" data-start=\"953\" data-end=\"1063\">Da die Antenne <strong data-start=\"968\" data-end=\"985\">5G-kompatibel<\/strong> ist, muss sie beim Umstieg auf einen 5G-Router <strong data-start=\"1033\" data-end=\"1055\">nicht ausgetauscht<\/strong> werden.<\/p>\n<p class=\"\" data-start=\"1065\" data-end=\"1191\">Mit dieser Antenne haben Sie die Gewissheit, <strong data-start=\"1110\" data-end=\"1164\">stets eine stabile und schnelle Internetverbindung<\/strong> zu haben \u2013 auch unterwegs.<\/p>\n<p class=\"\" data-start=\"1193\" data-end=\"1401\">Die Antenne wird mit <strong data-start=\"1214\" data-end=\"1235\">3M-Superklebepads<\/strong> geliefert. Da jedoch nicht alle Oberfl\u00e4chen vollst\u00e4ndig eben sind, empfehlen wir, die Antenne zus\u00e4tzlich zu <strong data-start=\"1344\" data-end=\"1357\">verkleben<\/strong>.<br data-start=\"1358\" data-end=\"1361\" \/><strong data-start=\"1361\" data-end=\"1370\">Gr\u00f6\u00dfe<\/strong>: 13 cm Durchmesser, 5 cm H\u00f6he.<\/p>\n<p class=\"\" data-start=\"1403\" data-end=\"1583\"><strong data-start=\"1403\" data-end=\"1412\">Fazit<\/strong>: Diese Antenne ist die <strong data-start=\"1436\" data-end=\"1450\">beste Wahl<\/strong> f\u00fcr alle, die ein <strong data-start=\"1469\" data-end=\"1512\">Wohnmobil oder einen Wohnwagen besitzen<\/strong> und bei der Internetverbindung <strong data-start=\"1544\" data-end=\"1565\">keine Kompromisse<\/strong> eingehen m\u00f6chten.<\/p>\n","protected":false},"featured_media":30294,"template":"","meta":{"_acf_changed":false},"product_brand":[],"product_cat":[165,470],"product_tag":[249,167],"class_list":{"0":"post-14135","1":"product","2":"type-product","3":"status-publish","4":"has-post-thumbnail","6":"product_cat-antenner","7":"product_cat-roof-antennas","8":"product_tag-4g-antenn","9":"product_tag-antenn","10":"product_shipping_class-sim-kort-med-router","12":"first","13":"instock","14":"taxable","15":"shipping-taxable","16":"purchasable","17":"product-type-simple"},"bundled_by":[],"bundle_stock_status":"instock","bundle_stock_quantity":null,"bundle_virtual":false,"bundle_layout":"","bundle_add_to_cart_form_location":"","bundle_editable_in_cart":false,"bundle_sold_individually_context":"","bundle_item_grouping":"","bundle_min_size":"","bundle_max_size":"","bundle_price":[],"bundled_items":[],"bundle_sell_ids":[],"acf":{"accounting_number":"1940","accounting_number_kopiera2":"2611","accounting_number_kopiera3":"3014","accounting_number_kopiera4":"3520","accounting_number_kopiera5":"1510","accounting_number_kopiera6":"1511"},"yoast_head":"<!-- This site is optimized with the Yoast SEO plugin v27.1.1 - https:\/\/yoast.com\/product\/yoast-seo-wordpress\/ -->\n<title>5G Roof Antenna Flat for Permanent Mounting on RV\/Caravan<\/title>\n<meta name=\"description\" content=\"This 5G omnidirectional roof antenna works for all mobile bandwidths. If you always want a good connection wherever you are, this is the antenna you need.\" \/>\n<meta name=\"robots\" content=\"index, follow, max-snippet:-1, max-image-preview:large, max-video-preview:-1\" \/>\n<link rel=\"canonical\" href=\"https:\/\/wifi.se\/de\/product\/5g-roof-antenna-flat-for-permanent-mounting-on-rv-caravan\/\" \/>\n<meta property=\"og:locale\" content=\"de_DE\" \/>\n<meta property=\"og:type\" content=\"article\" \/>\n<meta property=\"og:title\" content=\"5G Roof Antenna Flat for Permanent Mounting on RV\/Caravan\" \/>\n<meta property=\"og:description\" content=\"This 5G omnidirectional roof antenna works for all mobile bandwidths. If you always want a good connection wherever you are, this is the antenna you need.\" \/>\n<meta property=\"og:url\" content=\"https:\/\/wifi.se\/de\/product\/5g-roof-antenna-flat-for-permanent-mounting-on-rv-caravan\/\" \/>\n<meta property=\"og:site_name\" content=\"WIFI.SE\/DE\" \/>\n<meta property=\"article:modified_time\" content=\"2025-04-08T16:43:25+00:00\" \/>\n<meta property=\"og:image\" content=\"https:\/\/wifi.se\/de\/wp-content\/uploads\/sites\/7\/2022\/07\/PUCK01.jpg\" \/>\n\t<meta property=\"og:image:width\" content=\"800\" \/>\n\t<meta property=\"og:image:height\" content=\"800\" \/>\n\t<meta property=\"og:image:type\" content=\"image\/jpeg\" \/>\n<meta name=\"twitter:card\" content=\"summary_large_image\" \/>\n<meta name=\"twitter:label1\" content=\"Gesch\u00e4tzte Lesezeit\" \/>\n\t<meta name=\"twitter:data1\" content=\"2\u00a0Minuten\" \/>\n<script type=\"application\/ld+json\" class=\"yoast-schema-graph\">{\"@context\":\"https:\/\/schema.org\",\"@graph\":[{\"@type\":\"WebPage\",\"@id\":\"https:\/\/wifi.se\/de\/product\/5g-roof-antenna-flat-for-permanent-mounting-on-rv-caravan\/\",\"url\":\"https:\/\/wifi.se\/de\/product\/5g-roof-antenna-flat-for-permanent-mounting-on-rv-caravan\/\",\"name\":\"5G Roof Antenna Flat for Permanent Mounting on RV\/Caravan\",\"isPartOf\":{\"@id\":\"https:\/\/wifi.se\/de\/#website\"},\"primaryImageOfPage\":{\"@id\":\"https:\/\/wifi.se\/de\/product\/5g-roof-antenna-flat-for-permanent-mounting-on-rv-caravan\/#primaryimage\"},\"image\":{\"@id\":\"https:\/\/wifi.se\/de\/product\/5g-roof-antenna-flat-for-permanent-mounting-on-rv-caravan\/#primaryimage\"},\"thumbnailUrl\":\"https:\/\/wifi.se\/de\/wp-content\/uploads\/sites\/7\/2022\/07\/PUCK01.jpg\",\"datePublished\":\"2022-07-24T19:25:07+00:00\",\"dateModified\":\"2025-04-08T16:43:25+00:00\",\"description\":\"This 5G omnidirectional roof antenna works for all mobile bandwidths. If you always want a good connection wherever you are, this is the antenna you need.\",\"breadcrumb\":{\"@id\":\"https:\/\/wifi.se\/de\/product\/5g-roof-antenna-flat-for-permanent-mounting-on-rv-caravan\/#breadcrumb\"},\"inLanguage\":\"de\",\"potentialAction\":[{\"@type\":\"ReadAction\",\"target\":[\"https:\/\/wifi.se\/de\/product\/5g-roof-antenna-flat-for-permanent-mounting-on-rv-caravan\/\"]}]},{\"@type\":\"ImageObject\",\"inLanguage\":\"de\",\"@id\":\"https:\/\/wifi.se\/de\/product\/5g-roof-antenna-flat-for-permanent-mounting-on-rv-caravan\/#primaryimage\",\"url\":\"https:\/\/wifi.se\/de\/wp-content\/uploads\/sites\/7\/2022\/07\/PUCK01.jpg\",\"contentUrl\":\"https:\/\/wifi.se\/de\/wp-content\/uploads\/sites\/7\/2022\/07\/PUCK01.jpg\",\"width\":800,\"height\":800,\"caption\":\"5G takantenn platt f\u00f6r fast montering p\u00e5 husbil\/husvagn (2G\/3G\/4G\/5G) 4 Kablar\"},{\"@type\":\"BreadcrumbList\",\"@id\":\"https:\/\/wifi.se\/de\/product\/5g-roof-antenna-flat-for-permanent-mounting-on-rv-caravan\/#breadcrumb\",\"itemListElement\":[{\"@type\":\"ListItem\",\"position\":1,\"name\":\"Hem\",\"item\":\"https:\/\/wifi.se\/de\/\"},{\"@type\":\"ListItem\",\"position\":2,\"name\":\"BUTIK\",\"item\":\"https:\/\/wifi.se\/de\/butik\/\"},{\"@type\":\"ListItem\",\"position\":3,\"name\":\"5G Dachantenne flach zur Festmontage am Wohnmobil\/Caravan (2G\/3G\/4G\/5G) mit 4 Kabeln\"}]},{\"@type\":\"WebSite\",\"@id\":\"https:\/\/wifi.se\/de\/#website\",\"url\":\"https:\/\/wifi.se\/de\/\",\"name\":\"WIFI.SE\/DE\",\"description\":\"INTERNET \u00dcBERALL\",\"potentialAction\":[{\"@type\":\"SearchAction\",\"target\":{\"@type\":\"EntryPoint\",\"urlTemplate\":\"https:\/\/wifi.se\/de\/?s={search_term_string}\"},\"query-input\":{\"@type\":\"PropertyValueSpecification\",\"valueRequired\":true,\"valueName\":\"search_term_string\"}}],\"inLanguage\":\"de\"}]}<\/script>\n<!-- \/ Yoast SEO plugin. -->","yoast_head_json":{"title":"5G Roof Antenna Flat for Permanent Mounting on RV\/Caravan","description":"This 5G omnidirectional roof antenna works for all mobile bandwidths. If you always want a good connection wherever you are, this is the antenna you need.","robots":{"index":"index","follow":"follow","max-snippet":"max-snippet:-1","max-image-preview":"max-image-preview:large","max-video-preview":"max-video-preview:-1"},"canonical":"https:\/\/wifi.se\/de\/product\/5g-roof-antenna-flat-for-permanent-mounting-on-rv-caravan\/","og_locale":"de_DE","og_type":"article","og_title":"5G Roof Antenna Flat for Permanent Mounting on RV\/Caravan","og_description":"This 5G omnidirectional roof antenna works for all mobile bandwidths. If you always want a good connection wherever you are, this is the antenna you need.","og_url":"https:\/\/wifi.se\/de\/product\/5g-roof-antenna-flat-for-permanent-mounting-on-rv-caravan\/","og_site_name":"WIFI.SE\/DE","article_modified_time":"2025-04-08T16:43:25+00:00","og_image":[{"width":800,"height":800,"url":"https:\/\/wifi.se\/de\/wp-content\/uploads\/sites\/7\/2022\/07\/PUCK01.jpg","type":"image\/jpeg"}],"twitter_card":"summary_large_image","twitter_misc":{"Gesch\u00e4tzte Lesezeit":"2\u00a0Minuten"},"schema":{"@context":"https:\/\/schema.org","@graph":[{"@type":"WebPage","@id":"https:\/\/wifi.se\/de\/product\/5g-roof-antenna-flat-for-permanent-mounting-on-rv-caravan\/","url":"https:\/\/wifi.se\/de\/product\/5g-roof-antenna-flat-for-permanent-mounting-on-rv-caravan\/","name":"5G Roof Antenna Flat for Permanent Mounting on RV\/Caravan","isPartOf":{"@id":"https:\/\/wifi.se\/de\/#website"},"primaryImageOfPage":{"@id":"https:\/\/wifi.se\/de\/product\/5g-roof-antenna-flat-for-permanent-mounting-on-rv-caravan\/#primaryimage"},"image":{"@id":"https:\/\/wifi.se\/de\/product\/5g-roof-antenna-flat-for-permanent-mounting-on-rv-caravan\/#primaryimage"},"thumbnailUrl":"https:\/\/wifi.se\/de\/wp-content\/uploads\/sites\/7\/2022\/07\/PUCK01.jpg","datePublished":"2022-07-24T19:25:07+00:00","dateModified":"2025-04-08T16:43:25+00:00","description":"This 5G omnidirectional roof antenna works for all mobile bandwidths. If you always want a good connection wherever you are, this is the antenna you need.","breadcrumb":{"@id":"https:\/\/wifi.se\/de\/product\/5g-roof-antenna-flat-for-permanent-mounting-on-rv-caravan\/#breadcrumb"},"inLanguage":"de","potentialAction":[{"@type":"ReadAction","target":["https:\/\/wifi.se\/de\/product\/5g-roof-antenna-flat-for-permanent-mounting-on-rv-caravan\/"]}]},{"@type":"ImageObject","inLanguage":"de","@id":"https:\/\/wifi.se\/de\/product\/5g-roof-antenna-flat-for-permanent-mounting-on-rv-caravan\/#primaryimage","url":"https:\/\/wifi.se\/de\/wp-content\/uploads\/sites\/7\/2022\/07\/PUCK01.jpg","contentUrl":"https:\/\/wifi.se\/de\/wp-content\/uploads\/sites\/7\/2022\/07\/PUCK01.jpg","width":800,"height":800,"caption":"5G takantenn platt f\u00f6r fast montering p\u00e5 husbil\/husvagn (2G\/3G\/4G\/5G) 4 Kablar"},{"@type":"BreadcrumbList","@id":"https:\/\/wifi.se\/de\/product\/5g-roof-antenna-flat-for-permanent-mounting-on-rv-caravan\/#breadcrumb","itemListElement":[{"@type":"ListItem","position":1,"name":"Hem","item":"https:\/\/wifi.se\/de\/"},{"@type":"ListItem","position":2,"name":"BUTIK","item":"https:\/\/wifi.se\/de\/butik\/"},{"@type":"ListItem","position":3,"name":"5G Dachantenne flach zur Festmontage am Wohnmobil\/Caravan (2G\/3G\/4G\/5G) mit 4 Kabeln"}]},{"@type":"WebSite","@id":"https:\/\/wifi.se\/de\/#website","url":"https:\/\/wifi.se\/de\/","name":"WIFI.SE\/DE","description":"INTERNET \u00dcBERALL","potentialAction":[{"@type":"SearchAction","target":{"@type":"EntryPoint","urlTemplate":"https:\/\/wifi.se\/de\/?s={search_term_string}"},"query-input":{"@type":"PropertyValueSpecification","valueRequired":true,"valueName":"search_term_string"}}],"inLanguage":"de"}]}},"_links":{"self":[{"href":"https:\/\/wifi.se\/de\/wp-json\/wp\/v2\/product\/14135","targetHints":{"allow":["GET"]}}],"collection":[{"href":"https:\/\/wifi.se\/de\/wp-json\/wp\/v2\/product"}],"about":[{"href":"https:\/\/wifi.se\/de\/wp-json\/wp\/v2\/types\/product"}],"wp:featuredmedia":[{"embeddable":true,"href":"https:\/\/wifi.se\/de\/wp-json\/wp\/v2\/media\/30294"}],"wp:attachment":[{"href":"https:\/\/wifi.se\/de\/wp-json\/wp\/v2\/media?parent=14135"}],"wp:term":[{"taxonomy":"product_brand","embeddable":true,"href":"https:\/\/wifi.se\/de\/wp-json\/wp\/v2\/product_brand?post=14135"},{"taxonomy":"product_cat","embeddable":true,"href":"https:\/\/wifi.se\/de\/wp-json\/wp\/v2\/product_cat?post=14135"},{"taxonomy":"product_tag","embeddable":true,"href":"https:\/\/wifi.se\/de\/wp-json\/wp\/v2\/product_tag?post=14135"}],"curies":[{"name":"wp","href":"https:\/\/api.w.org\/{rel}","templated":true}]}}