{"id":13328,"date":"2021-04-29T21:10:04","date_gmt":"2021-04-29T19:10:04","guid":{"rendered":"https:\/\/wifi.se\/?post_type=product&#038;p=13328"},"modified":"2025-04-08T18:46:58","modified_gmt":"2025-04-08T16:46:58","slug":"self-adhesive-antenna-patch-antenna-for-wifi-rp-sma-connector","status":"publish","type":"product","link":"https:\/\/wifi.se\/de\/product\/self-adhesive-antenna-patch-antenna-for-wifi-rp-sma-connector\/","title":{"rendered":"Selbstklebende Antenne \/ Patchantenne f\u00fcr WLAN &#8211; RP SMA Anschluss"},"content":{"rendered":"<p>Diese selbstklebende Patchantenne verst\u00e4rkt das WLAN-Signal und verf\u00fcgt \u00fcber einen Reverse-SMA-Stecker. Sie bietet einen sehr breiten Frequenzbereich und eine gute Verst\u00e4rkung.<\/p>\n<p>SELBSTKLEBENDE ANTENNE MIT 2,5-M-KABEL Die selbstklebende Antenne mit 2,5-m-Kabel und Reverse-SMA-Stecker ist unauff\u00e4llig und mit Routern mit externen WLAN-Antennen kompatibel. Sie unterst\u00fctzt sieben Frequenzb\u00e4nder und ist f\u00fcr GSM, GPRS, 3G, WLAN und 4G geeignet. Sie kann sowohl im Innen- als auch im Au\u00dfenbereich montiert werden und l\u00e4sst sich schnell und unauff\u00e4llig anbringen. Tipp: Fixieren Sie die Antenne vor der endg\u00fcltigen Befestigung zun\u00e4chst locker, um den gew\u00fcnschten Effekt zu erzielen.<\/p>\n","protected":false},"excerpt":{"rendered":"<p>Diese selbstklebende Patchantenne verst\u00e4rkt das WLAN-Signal und verf\u00fcgt \u00fcber einen Reverse-SMA-Stecker (RP, passend f\u00fcr den WLAN-Anschluss des Routers). Sie bietet einen sehr breiten Frequenzbereich und eine hervorragende Verst\u00e4rkung.<\/p>\n<p>SELBSTKLEBENDE ANTENNE MIT 2,5-M-KABEL Die selbstklebende Antenne ist unauff\u00e4llig und verf\u00fcgt \u00fcber ein 2,5-m-Kabel mit Reverse-SMA-Stecker. Sie ist kompatibel mit Routern mit externen WLAN-Antennen. Sie unterst\u00fctzt sieben Frequenzb\u00e4nder und ist f\u00fcr GSM, GPRS, 3G, WLAN und 4G geeignet. Sie kann sowohl im Innen- als auch im Au\u00dfenbereich montiert werden, haftet schnell und ist unauff\u00e4llig. Tipp: Befestigen Sie die Antenne vor der dauerhaften Befestigung zun\u00e4chst lose an der Oberfl\u00e4che, um den gew\u00fcnschten Effekt zu erzielen.<\/p>\n<p>(Beachten Sie, dass Sie pro Router zwei Antennen ben\u00f6tigen.) Die Antenne l\u00e4sst sich leicht verstecken und ist besonders f\u00fcr Fahrzeuge und Boote geeignet.<\/p>\n","protected":false},"featured_media":30277,"template":"","meta":{"_acf_changed":false},"product_brand":[],"product_cat":[165,258],"product_tag":[167,243,352],"class_list":{"0":"post-13328","1":"product","2":"type-product","3":"status-publish","4":"has-post-thumbnail","6":"product_cat-antenner","7":"product_cat-patchantenn","8":"product_tag-antenn","9":"product_tag-patchantenn","10":"product_tag-white_week","11":"product_shipping_class-antenner","13":"first","14":"instock","15":"taxable","16":"shipping-taxable","17":"purchasable","18":"product-type-simple"},"bundled_by":[],"bundle_stock_status":"instock","bundle_stock_quantity":null,"bundle_virtual":false,"bundle_layout":"","bundle_add_to_cart_form_location":"","bundle_editable_in_cart":false,"bundle_sold_individually_context":"","bundle_item_grouping":"","bundle_min_size":"","bundle_max_size":"","bundle_price":[],"bundled_items":[],"bundle_sell_ids":[],"acf":{"accounting_number":"1940","accounting_number_kopiera2":"2611","accounting_number_kopiera3":"3014","accounting_number_kopiera4":"3520","accounting_number_kopiera5":"1510","accounting_number_kopiera6":"1511"},"yoast_head":"<!-- This site is optimized with the Yoast SEO plugin v27.1.1 - https:\/\/yoast.com\/product\/yoast-seo-wordpress\/ -->\n<title>Self-adhesive antenna<\/title>\n<meta name=\"robots\" content=\"index, follow, max-snippet:-1, max-image-preview:large, max-video-preview:-1\" \/>\n<link rel=\"canonical\" href=\"https:\/\/wifi.se\/de\/product\/self-adhesive-antenna-patch-antenna-for-wifi-rp-sma-connector\/\" \/>\n<meta property=\"og:locale\" content=\"de_DE\" \/>\n<meta property=\"og:type\" content=\"article\" \/>\n<meta property=\"og:title\" content=\"Self-adhesive antenna\" \/>\n<meta property=\"og:description\" content=\"Diese selbstklebende Patchantenne verst\u00e4rkt das WLAN-Signal und verf\u00fcgt \u00fcber einen Reverse-SMA-Stecker (RP, passend f\u00fcr den WLAN-Anschluss des Routers). Sie bietet einen sehr breiten Frequenzbereich und eine hervorragende Verst\u00e4rkung.  SELBSTKLEBENDE ANTENNE MIT 2,5-M-KABEL Die selbstklebende Antenne ist unauff\u00e4llig und verf\u00fcgt \u00fcber ein 2,5-m-Kabel mit Reverse-SMA-Stecker. Sie ist kompatibel mit Routern mit externen WLAN-Antennen. Sie unterst\u00fctzt sieben Frequenzb\u00e4nder und ist f\u00fcr GSM, GPRS, 3G, WLAN und 4G geeignet. Sie kann sowohl im Innen- als auch im Au\u00dfenbereich montiert werden, haftet schnell und ist unauff\u00e4llig. Tipp: Befestigen Sie die Antenne vor der dauerhaften Befestigung zun\u00e4chst lose an der Oberfl\u00e4che, um den gew\u00fcnschten Effekt zu erzielen.  (Beachten Sie, dass Sie pro Router zwei Antennen ben\u00f6tigen.) Die Antenne l\u00e4sst sich leicht verstecken und ist besonders f\u00fcr Fahrzeuge und Boote geeignet.\" \/>\n<meta property=\"og:url\" content=\"https:\/\/wifi.se\/de\/product\/self-adhesive-antenna-patch-antenna-for-wifi-rp-sma-connector\/\" \/>\n<meta property=\"og:site_name\" content=\"WIFI.SE\/DE\" \/>\n<meta property=\"article:modified_time\" content=\"2025-04-08T16:46:58+00:00\" \/>\n<meta property=\"og:image\" content=\"https:\/\/wifi.se\/de\/wp-content\/uploads\/sites\/7\/2021\/04\/patch_sma2.jpg\" \/>\n\t<meta property=\"og:image:width\" content=\"800\" \/>\n\t<meta property=\"og:image:height\" content=\"800\" \/>\n\t<meta property=\"og:image:type\" content=\"image\/jpeg\" \/>\n<meta name=\"twitter:card\" content=\"summary_large_image\" \/>\n<meta name=\"twitter:label1\" content=\"Gesch\u00e4tzte Lesezeit\" \/>\n\t<meta name=\"twitter:data1\" content=\"1\u00a0Minute\" \/>\n<script type=\"application\/ld+json\" class=\"yoast-schema-graph\">{\"@context\":\"https:\/\/schema.org\",\"@graph\":[{\"@type\":\"WebPage\",\"@id\":\"https:\/\/wifi.se\/de\/product\/self-adhesive-antenna-patch-antenna-for-wifi-rp-sma-connector\/\",\"url\":\"https:\/\/wifi.se\/de\/product\/self-adhesive-antenna-patch-antenna-for-wifi-rp-sma-connector\/\",\"name\":\"Self-adhesive antenna\",\"isPartOf\":{\"@id\":\"https:\/\/wifi.se\/de\/#website\"},\"primaryImageOfPage\":{\"@id\":\"https:\/\/wifi.se\/de\/product\/self-adhesive-antenna-patch-antenna-for-wifi-rp-sma-connector\/#primaryimage\"},\"image\":{\"@id\":\"https:\/\/wifi.se\/de\/product\/self-adhesive-antenna-patch-antenna-for-wifi-rp-sma-connector\/#primaryimage\"},\"thumbnailUrl\":\"https:\/\/wifi.se\/de\/wp-content\/uploads\/sites\/7\/2021\/04\/patch_sma2.jpg\",\"datePublished\":\"2021-04-29T19:10:04+00:00\",\"dateModified\":\"2025-04-08T16:46:58+00:00\",\"breadcrumb\":{\"@id\":\"https:\/\/wifi.se\/de\/product\/self-adhesive-antenna-patch-antenna-for-wifi-rp-sma-connector\/#breadcrumb\"},\"inLanguage\":\"de\",\"potentialAction\":[{\"@type\":\"ReadAction\",\"target\":[\"https:\/\/wifi.se\/de\/product\/self-adhesive-antenna-patch-antenna-for-wifi-rp-sma-connector\/\"]}]},{\"@type\":\"ImageObject\",\"inLanguage\":\"de\",\"@id\":\"https:\/\/wifi.se\/de\/product\/self-adhesive-antenna-patch-antenna-for-wifi-rp-sma-connector\/#primaryimage\",\"url\":\"https:\/\/wifi.se\/de\/wp-content\/uploads\/sites\/7\/2021\/04\/patch_sma2.jpg\",\"contentUrl\":\"https:\/\/wifi.se\/de\/wp-content\/uploads\/sites\/7\/2021\/04\/patch_sma2.jpg\",\"width\":800,\"height\":800,\"caption\":\"SJ\u00c4LVH\u00c4FTANDE ANTENN \/ PATCHANTENN F\u00d6R WIFI \u2013 RP SMA KONTAKT\"},{\"@type\":\"BreadcrumbList\",\"@id\":\"https:\/\/wifi.se\/de\/product\/self-adhesive-antenna-patch-antenna-for-wifi-rp-sma-connector\/#breadcrumb\",\"itemListElement\":[{\"@type\":\"ListItem\",\"position\":1,\"name\":\"Hem\",\"item\":\"https:\/\/wifi.se\/de\/\"},{\"@type\":\"ListItem\",\"position\":2,\"name\":\"BUTIK\",\"item\":\"https:\/\/wifi.se\/de\/butik\/\"},{\"@type\":\"ListItem\",\"position\":3,\"name\":\"Selbstklebende Antenne \/ Patchantenne f\u00fcr WLAN &#8211; RP SMA Anschluss\"}]},{\"@type\":\"WebSite\",\"@id\":\"https:\/\/wifi.se\/de\/#website\",\"url\":\"https:\/\/wifi.se\/de\/\",\"name\":\"WIFI.SE\/DE\",\"description\":\"INTERNET \u00dcBERALL\",\"potentialAction\":[{\"@type\":\"SearchAction\",\"target\":{\"@type\":\"EntryPoint\",\"urlTemplate\":\"https:\/\/wifi.se\/de\/?s={search_term_string}\"},\"query-input\":{\"@type\":\"PropertyValueSpecification\",\"valueRequired\":true,\"valueName\":\"search_term_string\"}}],\"inLanguage\":\"de\"}]}<\/script>\n<!-- \/ Yoast SEO plugin. -->","yoast_head_json":{"title":"Self-adhesive antenna","robots":{"index":"index","follow":"follow","max-snippet":"max-snippet:-1","max-image-preview":"max-image-preview:large","max-video-preview":"max-video-preview:-1"},"canonical":"https:\/\/wifi.se\/de\/product\/self-adhesive-antenna-patch-antenna-for-wifi-rp-sma-connector\/","og_locale":"de_DE","og_type":"article","og_title":"Self-adhesive antenna","og_description":"Diese selbstklebende Patchantenne verst\u00e4rkt das WLAN-Signal und verf\u00fcgt \u00fcber einen Reverse-SMA-Stecker (RP, passend f\u00fcr den WLAN-Anschluss des Routers). Sie bietet einen sehr breiten Frequenzbereich und eine hervorragende Verst\u00e4rkung.  SELBSTKLEBENDE ANTENNE MIT 2,5-M-KABEL Die selbstklebende Antenne ist unauff\u00e4llig und verf\u00fcgt \u00fcber ein 2,5-m-Kabel mit Reverse-SMA-Stecker. Sie ist kompatibel mit Routern mit externen WLAN-Antennen. Sie unterst\u00fctzt sieben Frequenzb\u00e4nder und ist f\u00fcr GSM, GPRS, 3G, WLAN und 4G geeignet. Sie kann sowohl im Innen- als auch im Au\u00dfenbereich montiert werden, haftet schnell und ist unauff\u00e4llig. Tipp: Befestigen Sie die Antenne vor der dauerhaften Befestigung zun\u00e4chst lose an der Oberfl\u00e4che, um den gew\u00fcnschten Effekt zu erzielen.  (Beachten Sie, dass Sie pro Router zwei Antennen ben\u00f6tigen.) Die Antenne l\u00e4sst sich leicht verstecken und ist besonders f\u00fcr Fahrzeuge und Boote geeignet.","og_url":"https:\/\/wifi.se\/de\/product\/self-adhesive-antenna-patch-antenna-for-wifi-rp-sma-connector\/","og_site_name":"WIFI.SE\/DE","article_modified_time":"2025-04-08T16:46:58+00:00","og_image":[{"width":800,"height":800,"url":"https:\/\/wifi.se\/de\/wp-content\/uploads\/sites\/7\/2021\/04\/patch_sma2.jpg","type":"image\/jpeg"}],"twitter_card":"summary_large_image","twitter_misc":{"Gesch\u00e4tzte Lesezeit":"1\u00a0Minute"},"schema":{"@context":"https:\/\/schema.org","@graph":[{"@type":"WebPage","@id":"https:\/\/wifi.se\/de\/product\/self-adhesive-antenna-patch-antenna-for-wifi-rp-sma-connector\/","url":"https:\/\/wifi.se\/de\/product\/self-adhesive-antenna-patch-antenna-for-wifi-rp-sma-connector\/","name":"Self-adhesive antenna","isPartOf":{"@id":"https:\/\/wifi.se\/de\/#website"},"primaryImageOfPage":{"@id":"https:\/\/wifi.se\/de\/product\/self-adhesive-antenna-patch-antenna-for-wifi-rp-sma-connector\/#primaryimage"},"image":{"@id":"https:\/\/wifi.se\/de\/product\/self-adhesive-antenna-patch-antenna-for-wifi-rp-sma-connector\/#primaryimage"},"thumbnailUrl":"https:\/\/wifi.se\/de\/wp-content\/uploads\/sites\/7\/2021\/04\/patch_sma2.jpg","datePublished":"2021-04-29T19:10:04+00:00","dateModified":"2025-04-08T16:46:58+00:00","breadcrumb":{"@id":"https:\/\/wifi.se\/de\/product\/self-adhesive-antenna-patch-antenna-for-wifi-rp-sma-connector\/#breadcrumb"},"inLanguage":"de","potentialAction":[{"@type":"ReadAction","target":["https:\/\/wifi.se\/de\/product\/self-adhesive-antenna-patch-antenna-for-wifi-rp-sma-connector\/"]}]},{"@type":"ImageObject","inLanguage":"de","@id":"https:\/\/wifi.se\/de\/product\/self-adhesive-antenna-patch-antenna-for-wifi-rp-sma-connector\/#primaryimage","url":"https:\/\/wifi.se\/de\/wp-content\/uploads\/sites\/7\/2021\/04\/patch_sma2.jpg","contentUrl":"https:\/\/wifi.se\/de\/wp-content\/uploads\/sites\/7\/2021\/04\/patch_sma2.jpg","width":800,"height":800,"caption":"SJ\u00c4LVH\u00c4FTANDE ANTENN \/ PATCHANTENN F\u00d6R WIFI \u2013 RP SMA KONTAKT"},{"@type":"BreadcrumbList","@id":"https:\/\/wifi.se\/de\/product\/self-adhesive-antenna-patch-antenna-for-wifi-rp-sma-connector\/#breadcrumb","itemListElement":[{"@type":"ListItem","position":1,"name":"Hem","item":"https:\/\/wifi.se\/de\/"},{"@type":"ListItem","position":2,"name":"BUTIK","item":"https:\/\/wifi.se\/de\/butik\/"},{"@type":"ListItem","position":3,"name":"Selbstklebende Antenne \/ Patchantenne f\u00fcr WLAN &#8211; RP SMA Anschluss"}]},{"@type":"WebSite","@id":"https:\/\/wifi.se\/de\/#website","url":"https:\/\/wifi.se\/de\/","name":"WIFI.SE\/DE","description":"INTERNET \u00dcBERALL","potentialAction":[{"@type":"SearchAction","target":{"@type":"EntryPoint","urlTemplate":"https:\/\/wifi.se\/de\/?s={search_term_string}"},"query-input":{"@type":"PropertyValueSpecification","valueRequired":true,"valueName":"search_term_string"}}],"inLanguage":"de"}]}},"_links":{"self":[{"href":"https:\/\/wifi.se\/de\/wp-json\/wp\/v2\/product\/13328","targetHints":{"allow":["GET"]}}],"collection":[{"href":"https:\/\/wifi.se\/de\/wp-json\/wp\/v2\/product"}],"about":[{"href":"https:\/\/wifi.se\/de\/wp-json\/wp\/v2\/types\/product"}],"wp:featuredmedia":[{"embeddable":true,"href":"https:\/\/wifi.se\/de\/wp-json\/wp\/v2\/media\/30277"}],"wp:attachment":[{"href":"https:\/\/wifi.se\/de\/wp-json\/wp\/v2\/media?parent=13328"}],"wp:term":[{"taxonomy":"product_brand","embeddable":true,"href":"https:\/\/wifi.se\/de\/wp-json\/wp\/v2\/product_brand?post=13328"},{"taxonomy":"product_cat","embeddable":true,"href":"https:\/\/wifi.se\/de\/wp-json\/wp\/v2\/product_cat?post=13328"},{"taxonomy":"product_tag","embeddable":true,"href":"https:\/\/wifi.se\/de\/wp-json\/wp\/v2\/product_tag?post=13328"}],"curies":[{"name":"wp","href":"https:\/\/api.w.org\/{rel}","templated":true}]}}