{"id":851,"date":"2019-09-05T18:29:08","date_gmt":"2019-09-05T18:29:08","guid":{"rendered":"https:\/\/wifi.se\/?page_id=851"},"modified":"2025-04-08T21:48:15","modified_gmt":"2025-04-08T19:48:15","slug":"activate-sim","status":"publish","type":"page","link":"https:\/\/wifi.se\/de\/activate-sim\/","title":{"rendered":"SIM AKTIVIEREN"},"content":{"rendered":"\n\t<section class=\"section\" id=\"section_1448685928\">\n\t\t<div class=\"section-bg fill\" >\n\t\t\t\t\t\t\t\t\t\n\t\t\t\n\n\t\t<\/div>\n\n\t\t\n\n\t\t<div class=\"section-content relative\">\n\t\t\t\n<div class=\"row\"  id=\"row-1169763638\">\n\n\t<div id=\"col-1992249799\" class=\"col small-12 large-12\"  >\n\t\t\t\t<div class=\"col-inner\"  >\n\t\t\t\n\t\t\t\n\t<div id=\"text-2610614635\" class=\"text\">\n\t\t\n<h1>AKTIVIEREN SIE IHRE EUROPA-SIM-KARTE<\/h1>\n\t\t\n<style>\n#text-2610614635 {\n  text-align: center;\n}\n<\/style>\n\t<\/div>\n\t\n\t\t<\/div>\n\t\t\t\t\t<\/div>\n\n\t\n<\/div>\n<div class=\"row\"  id=\"row-934845723\">\n\n\t<div id=\"col-1767510457\" class=\"col medium-6 small-12 large-6\"  >\n\t\t\t\t<div class=\"col-inner\"  >\n\t\t\t\n\t<div class=\"is-border\"\n\t\tstyle=\"border-color:rgb(0, 0, 0);border-radius:10px;border-width:1px 1px 1px 1px;\">\n\t<\/div>\n\t\t\t\n<p class=\"\" data-start=\"55\" data-end=\"157\"><strong data-start=\"55\" data-end=\"157\">Aktivieren Sie Ihre SIM-Karte hier. Melden Sie sich bei \u201eMeine Seiten\u201c an, indem Sie hier klicken.<\/strong><\/p>\n<p class=\"\" data-start=\"159\" data-end=\"342\">Sie k\u00f6nnen zwischen <strong data-start=\"179\" data-end=\"211\">200 GB oder 400 GB pro Monat<\/strong> oder dem <strong data-start=\"221\" data-end=\"250\">Sonderangebot f\u00fcr Spanien<\/strong> w\u00e4hlen. W\u00e4hlen Sie anschlie\u00dfend den gew\u00fcnschten Nutzungszeitraum (von 1 bis 6 Monaten) aus.<\/p>\n<p class=\"\" data-start=\"344\" data-end=\"610\">Wenn Sie Ihre Karte weiterhin nutzen m\u00f6chten, w\u00e4hrend sich das Ende des gew\u00e4hlten Zeitraums n\u00e4hert, k\u00f6nnen Sie Ihr Abonnement verl\u00e4ngern. Dies muss <strong data-start=\"492\" data-end=\"524\">sp\u00e4testens 4 Tage vor Ablauf<\/strong> des Zeitraums erfolgen. Zus\u00e4tzliche Monate k\u00f6nnen Sie \u00fcber \u201eMeine Seiten\u201c hinzuf\u00fcgen.<\/p>\n<p class=\"\" data-start=\"612\" data-end=\"768\">Die Karte wird <strong data-start=\"627\" data-end=\"654\">automatisch deaktiviert<\/strong>, sobald der gew\u00e4hlte Zeitraum abgelaufen ist \u2013 <strong data-start=\"702\" data-end=\"768\">eine Kontaktaufnahme zur Deaktivierung ist nicht erforderlich.<\/strong><\/p>\n<a href=\"https:\/\/my.wifi.se\/login?next=\/\" class=\"button primary https:\/\/mywifise.com\/\" >\n\t\t<span>SIM-Karte aktivieren<\/span>\n\t<\/a>\n\n\t\t<\/div>\n\t\t\t\t\n<style>\n#col-1767510457 > .col-inner {\n  padding: 15px 15px 15px 15px;\n}\n<\/style>\n\t<\/div>\n\n\t\n\n\t<div id=\"col-1382061849\" class=\"col medium-6 small-12 large-6\"  >\n\t\t\t\t<div class=\"col-inner\"  >\n\t\t\t\n\t\t\t\n\t<div class=\"img has-hover x md-x lg-x y md-y lg-y\" id=\"image_1353334510\">\n\t\t\t\t\t\t\t\t<div class=\"img-inner dark\" >\n\t\t\t<img loading=\"lazy\" decoding=\"async\" width=\"1200\" height=\"848\" src=\"https:\/\/wifi.se\/de\/wp-content\/uploads\/sites\/7\/2023\/10\/Projekt1-kopiera.jpg\" class=\"attachment-original size-original\" alt=\"SIM-tips f\u00f6r Europaresan\" srcset=\"https:\/\/wifi.se\/de\/wp-content\/uploads\/sites\/7\/2023\/10\/Projekt1-kopiera.jpg 1200w, https:\/\/wifi.se\/de\/wp-content\/uploads\/sites\/7\/2023\/10\/Projekt1-kopiera-510x360.jpg 510w, https:\/\/wifi.se\/de\/wp-content\/uploads\/sites\/7\/2023\/10\/Projekt1-kopiera-64x45.jpg 64w, https:\/\/wifi.se\/de\/wp-content\/uploads\/sites\/7\/2023\/10\/Projekt1-kopiera-300x212.jpg 300w, https:\/\/wifi.se\/de\/wp-content\/uploads\/sites\/7\/2023\/10\/Projekt1-kopiera-1024x724.jpg 1024w, https:\/\/wifi.se\/de\/wp-content\/uploads\/sites\/7\/2023\/10\/Projekt1-kopiera-768x543.jpg 768w, https:\/\/wifi.se\/de\/wp-content\/uploads\/sites\/7\/2023\/10\/Projekt1-kopiera-200x141.jpg 200w, https:\/\/wifi.se\/de\/wp-content\/uploads\/sites\/7\/2023\/10\/Projekt1-kopiera-400x283.jpg 400w, https:\/\/wifi.se\/de\/wp-content\/uploads\/sites\/7\/2023\/10\/Projekt1-kopiera-600x424.jpg 600w, https:\/\/wifi.se\/de\/wp-content\/uploads\/sites\/7\/2023\/10\/Projekt1-kopiera-800x565.jpg 800w\" sizes=\"auto, (max-width: 1200px) 100vw, 1200px\" \/>\t\t\t\t\t\t\n\t\t\t\t\t<\/div>\n\t\t\t\t\t\t\t\t\n<style>\n#image_1353334510 {\n  width: 100%;\n}\n<\/style>\n\t<\/div>\n\t\n\t\t<\/div>\n\t\t\t\t\t<\/div>\n\n\t\n<\/div>\n\t\t<\/div>\n\n\t\t\n<style>\n#section_1448685928 {\n  padding-top: 30px;\n  padding-bottom: 30px;\n}\n<\/style>\n\t<\/section>\n\t\n","protected":false},"excerpt":{"rendered":"","protected":false},"author":1,"featured_media":0,"parent":0,"menu_order":0,"comment_status":"closed","ping_status":"closed","template":"","meta":{"_acf_changed":false,"footnotes":""},"class_list":["post-851","page","type-page","status-publish","hentry"],"acf":[],"yoast_head":"<!-- This site is optimized with the Yoast SEO plugin v27.1.1 - https:\/\/yoast.com\/product\/yoast-seo-wordpress\/ -->\n<title>Activate your SIM - Wifi.se<\/title>\n<meta name=\"description\" content=\"Wifi.se offers a unique broadband solution for boats, cars, motorhomes, caravans, and vacation homes, which also replaces satellite dishes and TV antennas. Just as convenient as at home.\" \/>\n<meta name=\"robots\" content=\"index, follow, max-snippet:-1, max-image-preview:large, max-video-preview:-1\" \/>\n<link rel=\"canonical\" href=\"https:\/\/wifi.se\/de\/activate-sim\/\" \/>\n<meta property=\"og:locale\" content=\"de_DE\" \/>\n<meta property=\"og:type\" content=\"article\" \/>\n<meta property=\"og:title\" content=\"Activate your SIM - Wifi.se\" \/>\n<meta property=\"og:description\" content=\"Wifi.se offers a unique broadband solution for boats, cars, motorhomes, caravans, and vacation homes, which also replaces satellite dishes and TV antennas. Just as convenient as at home.\" \/>\n<meta property=\"og:url\" content=\"https:\/\/wifi.se\/de\/activate-sim\/\" \/>\n<meta property=\"og:site_name\" content=\"WIFI.SE\/DE\" \/>\n<meta property=\"article:modified_time\" content=\"2025-04-08T19:48:15+00:00\" \/>\n<meta name=\"twitter:card\" content=\"summary_large_image\" \/>\n<meta name=\"twitter:label1\" content=\"Gesch\u00e4tzte Lesezeit\" \/>\n\t<meta name=\"twitter:data1\" content=\"1\u00a0Minute\" \/>\n<script type=\"application\/ld+json\" class=\"yoast-schema-graph\">{\"@context\":\"https:\/\/schema.org\",\"@graph\":[{\"@type\":\"WebPage\",\"@id\":\"https:\/\/wifi.se\/de\/activate-sim\/\",\"url\":\"https:\/\/wifi.se\/de\/activate-sim\/\",\"name\":\"Activate your SIM - Wifi.se\",\"isPartOf\":{\"@id\":\"https:\/\/wifi.se\/de\/#website\"},\"datePublished\":\"2019-09-05T18:29:08+00:00\",\"dateModified\":\"2025-04-08T19:48:15+00:00\",\"description\":\"Wifi.se offers a unique broadband solution for boats, cars, motorhomes, caravans, and vacation homes, which also replaces satellite dishes and TV antennas. Just as convenient as at home.\",\"breadcrumb\":{\"@id\":\"https:\/\/wifi.se\/de\/activate-sim\/#breadcrumb\"},\"inLanguage\":\"de\",\"potentialAction\":[{\"@type\":\"ReadAction\",\"target\":[\"https:\/\/wifi.se\/de\/activate-sim\/\"]}]},{\"@type\":\"BreadcrumbList\",\"@id\":\"https:\/\/wifi.se\/de\/activate-sim\/#breadcrumb\",\"itemListElement\":[{\"@type\":\"ListItem\",\"position\":1,\"name\":\"Hem\",\"item\":\"https:\/\/wifi.se\/de\/\"},{\"@type\":\"ListItem\",\"position\":2,\"name\":\"SIM AKTIVIEREN\"}]},{\"@type\":\"WebSite\",\"@id\":\"https:\/\/wifi.se\/de\/#website\",\"url\":\"https:\/\/wifi.se\/de\/\",\"name\":\"WIFI.SE\/DE\",\"description\":\"INTERNET \u00dcBERALL\",\"potentialAction\":[{\"@type\":\"SearchAction\",\"target\":{\"@type\":\"EntryPoint\",\"urlTemplate\":\"https:\/\/wifi.se\/de\/?s={search_term_string}\"},\"query-input\":{\"@type\":\"PropertyValueSpecification\",\"valueRequired\":true,\"valueName\":\"search_term_string\"}}],\"inLanguage\":\"de\"}]}<\/script>\n<!-- \/ Yoast SEO plugin. -->","yoast_head_json":{"title":"Activate your SIM - Wifi.se","description":"Wifi.se offers a unique broadband solution for boats, cars, motorhomes, caravans, and vacation homes, which also replaces satellite dishes and TV antennas. Just as convenient as at home.","robots":{"index":"index","follow":"follow","max-snippet":"max-snippet:-1","max-image-preview":"max-image-preview:large","max-video-preview":"max-video-preview:-1"},"canonical":"https:\/\/wifi.se\/de\/activate-sim\/","og_locale":"de_DE","og_type":"article","og_title":"Activate your SIM - Wifi.se","og_description":"Wifi.se offers a unique broadband solution for boats, cars, motorhomes, caravans, and vacation homes, which also replaces satellite dishes and TV antennas. Just as convenient as at home.","og_url":"https:\/\/wifi.se\/de\/activate-sim\/","og_site_name":"WIFI.SE\/DE","article_modified_time":"2025-04-08T19:48:15+00:00","twitter_card":"summary_large_image","twitter_misc":{"Gesch\u00e4tzte Lesezeit":"1\u00a0Minute"},"schema":{"@context":"https:\/\/schema.org","@graph":[{"@type":"WebPage","@id":"https:\/\/wifi.se\/de\/activate-sim\/","url":"https:\/\/wifi.se\/de\/activate-sim\/","name":"Activate your SIM - Wifi.se","isPartOf":{"@id":"https:\/\/wifi.se\/de\/#website"},"datePublished":"2019-09-05T18:29:08+00:00","dateModified":"2025-04-08T19:48:15+00:00","description":"Wifi.se offers a unique broadband solution for boats, cars, motorhomes, caravans, and vacation homes, which also replaces satellite dishes and TV antennas. Just as convenient as at home.","breadcrumb":{"@id":"https:\/\/wifi.se\/de\/activate-sim\/#breadcrumb"},"inLanguage":"de","potentialAction":[{"@type":"ReadAction","target":["https:\/\/wifi.se\/de\/activate-sim\/"]}]},{"@type":"BreadcrumbList","@id":"https:\/\/wifi.se\/de\/activate-sim\/#breadcrumb","itemListElement":[{"@type":"ListItem","position":1,"name":"Hem","item":"https:\/\/wifi.se\/de\/"},{"@type":"ListItem","position":2,"name":"SIM AKTIVIEREN"}]},{"@type":"WebSite","@id":"https:\/\/wifi.se\/de\/#website","url":"https:\/\/wifi.se\/de\/","name":"WIFI.SE\/DE","description":"INTERNET \u00dcBERALL","potentialAction":[{"@type":"SearchAction","target":{"@type":"EntryPoint","urlTemplate":"https:\/\/wifi.se\/de\/?s={search_term_string}"},"query-input":{"@type":"PropertyValueSpecification","valueRequired":true,"valueName":"search_term_string"}}],"inLanguage":"de"}]}},"_links":{"self":[{"href":"https:\/\/wifi.se\/de\/wp-json\/wp\/v2\/pages\/851","targetHints":{"allow":["GET"]}}],"collection":[{"href":"https:\/\/wifi.se\/de\/wp-json\/wp\/v2\/pages"}],"about":[{"href":"https:\/\/wifi.se\/de\/wp-json\/wp\/v2\/types\/page"}],"author":[{"embeddable":true,"href":"https:\/\/wifi.se\/de\/wp-json\/wp\/v2\/users\/1"}],"replies":[{"embeddable":true,"href":"https:\/\/wifi.se\/de\/wp-json\/wp\/v2\/comments?post=851"}],"version-history":[{"count":10,"href":"https:\/\/wifi.se\/de\/wp-json\/wp\/v2\/pages\/851\/revisions"}],"predecessor-version":[{"id":32333,"href":"https:\/\/wifi.se\/de\/wp-json\/wp\/v2\/pages\/851\/revisions\/32333"}],"wp:attachment":[{"href":"https:\/\/wifi.se\/de\/wp-json\/wp\/v2\/media?parent=851"}],"curies":[{"name":"wp","href":"https:\/\/api.w.org\/{rel}","templated":true}]}}