{"id":662,"date":"2019-09-02T06:43:00","date_gmt":"2019-09-02T06:43:00","guid":{"rendered":"https:\/\/wifi.se\/?page_id=662"},"modified":"2025-04-09T11:00:25","modified_gmt":"2025-04-09T09:00:25","slug":"retail","status":"publish","type":"page","link":"https:\/\/wifi.se\/de\/retail\/","title":{"rendered":"Einzelhandel"},"content":{"rendered":"\n\t<section class=\"section\" id=\"section_754358550\">\n\t\t<div class=\"section-bg fill\" >\n\t\t\t\t\t\t\t\t\t\n\t\t\t\n\n\t\t<\/div>\n\n\t\t\n\n\t\t<div class=\"section-content relative\">\n\t\t\t\n<div class=\"row\"  id=\"row-35067867\">\n\n\t<div id=\"col-1291678602\" class=\"col small-12 large-12\"  >\n\t\t\t\t<div class=\"col-inner\"  >\n\t\t\t\n\t\t\t\n\t<div id=\"text-3784388602\" class=\"text\">\n\t\t\n<h1>INTERESSENBEWERBUNGSFORMULAR &#8211; WIEDERVERK\u00c4UFER<\/h1>\n<p>Haben Sie Interesse an einem unserer Produkte?<br \/>\nF\u00fcllen Sie das Formular aus und wir melden uns schnellstm\u00f6glich bei Ihnen.<\/p>\n\t\t\n<style>\n#text-3784388602 {\n  text-align: center;\n}\n<\/style>\n\t<\/div>\n\t\n\t\t<\/div>\n\t\t\t\t\t<\/div>\n\n\t\n<\/div>\n<div class=\"row\"  id=\"row-2055756837\">\n\n\t<div id=\"col-1577527955\" class=\"col small-12 large-12\"  >\n\t\t\t\t<div class=\"col-inner\"  >\n\t\t\t\n\t\t\t\n\n<div class=\"frm_forms  with_frm_style frm_style_formidables-stilmall\" id=\"frm_form_3_container\" data-token=\"40554fd34616f8f635312241e8401998\">\n<form enctype=\"multipart\/form-data\" method=\"post\" class=\"frm-show-form \" id=\"form_aterforsaljar\" data-token=\"40554fd34616f8f635312241e8401998\">\n<div class=\"frm_form_fields \">\n<fieldset>\n<legend class=\"frm_screen_reader\">\u00c5terf\u00f6rs\u00e4ljar<\/legend>\r\n\r\n<div class=\"frm_fields_container\">\n<input type=\"hidden\" name=\"frm_action\" value=\"create\" \/>\n<input type=\"hidden\" name=\"form_id\" value=\"3\" \/>\n<input type=\"hidden\" name=\"frm_hide_fields_3\" id=\"frm_hide_fields_3\" value=\"\" \/>\n<input type=\"hidden\" name=\"form_key\" value=\"aterforsaljar\" \/>\n<input type=\"hidden\" name=\"item_meta[0]\" value=\"\" \/>\n<input type=\"hidden\" id=\"frm_submit_entry_3\" name=\"frm_submit_entry_3\" value=\"f429468247\" \/><input type=\"hidden\" name=\"_wp_http_referer\" value=\"\/de\/wp-json\/wp\/v2\/pages\/662\" \/><div id=\"frm_field_19_container\" class=\"frm_form_field form-field  frm_top_container frm12 frm_first\">\r\n\t<label for=\"field_7yx7w\" id=\"field_7yx7w_label\" class=\"frm_primary_label\">Name\r\n\t\t<span class=\"frm_required\" aria-hidden=\"true\"><\/span>\r\n\t<\/label>\r\n\t<input type=\"text\" id=\"field_7yx7w\" name=\"item_meta[19]\" value=\"\"  data-invmsg=\"Name \u00e4r ogiltigt\" aria-invalid=\"false\"  \/>\r\n\t\r\n\t\r\n<\/div>\n<div id=\"frm_field_14_container\" class=\"frm_form_field form-field  frm_top_container\">\r\n\t<label for=\"field_mx28j\" id=\"field_mx28j_label\" class=\"frm_primary_label\">Telefon\r\n\t\t<span class=\"frm_required\" aria-hidden=\"true\"><\/span>\r\n\t<\/label>\r\n\t<input type=\"tel\" id=\"field_mx28j\" name=\"item_meta[14]\" value=\"\"  data-invmsg=\"Telefon \u00e4r ogiltigt\" aria-invalid=\"false\" pattern=\"((\\+\\d{1,3}(-|.| )?\\(?\\d\\)?(-| |.)?\\d{1,5})|(\\(?\\d{2,6}\\)?))(-|.| )?(\\d{3,4})(-|.| )?(\\d{4})(( x| ext)\\d{1,5}){0,1}$\"  \/>\r\n\t\r\n\t\r\n<\/div>\n<div id=\"frm_field_15_container\" class=\"frm_form_field form-field  frm_top_container\">\r\n\t<label for=\"field_8bqvv\" id=\"field_8bqvv_label\" class=\"frm_primary_label\">E-mail\r\n\t\t<span class=\"frm_required\" aria-hidden=\"true\"><\/span>\r\n\t<\/label>\r\n\t<input type=\"email\" id=\"field_8bqvv\" name=\"item_meta[15]\" value=\"\"  data-invmsg=\"E-mail \u00e4r ogiltigt\" aria-invalid=\"false\"  \/>\r\n\t\r\n\t\r\n<\/div>\n<div id=\"frm_field_16_container\" class=\"frm_form_field form-field  frm_top_container\">\r\n\t<label for=\"field_z6tm1\" id=\"field_z6tm1_label\" class=\"frm_primary_label\">Ihre Nachricht\r\n\t\t<span class=\"frm_required\" aria-hidden=\"true\"><\/span>\r\n\t<\/label>\r\n\t<textarea name=\"item_meta[16]\" id=\"field_z6tm1\" rows=\"5\"  data-invmsg=\"Ihre Nachricht ist ung\u00fcltig\" aria-invalid=\"false\"  ><\/textarea>\r\n\t\r\n\t\r\n<\/div>\n<div id=\"frm_field_20_container\" class=\"frm_form_field form-field  frm_none_container\">\r\n\t<label for=\"g-recaptcha-response\" id=\"field_k7kyl_label\" class=\"frm_primary_label\">Captcha\r\n\t\t<span class=\"frm_required\" aria-hidden=\"true\"><\/span>\r\n\t<\/label>\r\n\t<div  id=\"field_k7kyl\" class=\"frm-g-recaptcha\" data-sitekey=\"6LdLBPgqAAAAAExDCN60bGPttmVGo-geEToeA4GB\" data-size=\"normal\" data-theme=\"light\"><\/div>\r\n\t\r\n\t\r\n<\/div>\n<div id=\"frm_field_17_container\" class=\"frm_form_field form-field \">\r\n\t<div class=\"frm_submit frm_flex\">\r\n<button class=\"frm_button_submit\" type=\"submit\"  >Schicken<\/button>\r\n\r\n\r\n\r\n<\/div>\r\n<\/div>\n\t<input type=\"hidden\" name=\"item_key\" value=\"\" \/>\n\t\t\t<div id=\"frm_field_29_container\">\n\t\t\t<label for=\"field_1eerb\" >\n\t\t\t\tFalls Du menschlich bist, lasse dieses Feld leer.\t\t\t<\/label>\n\t\t\t<input  id=\"field_1eerb\" type=\"text\" class=\"frm_form_field form-field frm_verify\" name=\"item_meta[29]\" value=\"\"  \/>\n\t\t<\/div>\n\t\t<input name=\"frm_state\" type=\"hidden\" value=\"rCk7\/oEuHFgES\/R9V5oBH9tXfJQCh7FMO\/z\/XfhGZsc=\" \/><\/div>\n<\/fieldset>\n<\/div>\n\n<\/form>\n<\/div>\n\n\n\t\t<\/div>\n\t\t\t\t\t<\/div>\n\n\t\n<\/div>\n\t\t<\/div>\n\n\t\t\n<style>\n#section_754358550 {\n  padding-top: 30px;\n  padding-bottom: 30px;\n}\n<\/style>\n\t<\/section>\n\t\n","protected":false},"excerpt":{"rendered":"","protected":false},"author":1,"featured_media":0,"parent":0,"menu_order":0,"comment_status":"closed","ping_status":"closed","template":"","meta":{"_acf_changed":false,"footnotes":""},"class_list":["post-662","page","type-page","status-publish","hentry"],"acf":[],"yoast_head":"<!-- This site is optimized with the Yoast SEO plugin v27.1.1 - https:\/\/yoast.com\/product\/yoast-seo-wordpress\/ -->\n<title>Make a request as a retailer - wifi.se<\/title>\n<meta name=\"description\" content=\"Wifi.se offers a unique broadband solution for boats, cars, motorhomes, caravans, and holiday homes. Just as easy as at home. Fast and convenient at a low cost.\" \/>\n<meta name=\"robots\" content=\"index, follow, max-snippet:-1, max-image-preview:large, max-video-preview:-1\" \/>\n<link rel=\"canonical\" href=\"https:\/\/wifi.se\/de\/retail\/\" \/>\n<meta property=\"og:locale\" content=\"de_DE\" \/>\n<meta property=\"og:type\" content=\"article\" \/>\n<meta property=\"og:title\" content=\"Make a request as a retailer - wifi.se\" \/>\n<meta property=\"og:description\" content=\"Wifi.se offers a unique broadband solution for boats, cars, motorhomes, caravans, and holiday homes. Just as easy as at home. Fast and convenient at a low cost.\" \/>\n<meta property=\"og:url\" content=\"https:\/\/wifi.se\/de\/retail\/\" \/>\n<meta property=\"og:site_name\" content=\"WIFI.SE\/DE\" \/>\n<meta property=\"article:modified_time\" content=\"2025-04-09T09:00:25+00:00\" \/>\n<meta name=\"twitter:card\" content=\"summary_large_image\" \/>\n<meta name=\"twitter:label1\" content=\"Gesch\u00e4tzte Lesezeit\" \/>\n\t<meta name=\"twitter:data1\" content=\"1\u00a0Minute\" \/>\n<script type=\"application\/ld+json\" class=\"yoast-schema-graph\">{\"@context\":\"https:\/\/schema.org\",\"@graph\":[{\"@type\":\"WebPage\",\"@id\":\"https:\/\/wifi.se\/de\/retail\/\",\"url\":\"https:\/\/wifi.se\/de\/retail\/\",\"name\":\"Make a request as a retailer - wifi.se\",\"isPartOf\":{\"@id\":\"https:\/\/wifi.se\/de\/#website\"},\"datePublished\":\"2019-09-02T06:43:00+00:00\",\"dateModified\":\"2025-04-09T09:00:25+00:00\",\"description\":\"Wifi.se offers a unique broadband solution for boats, cars, motorhomes, caravans, and holiday homes. Just as easy as at home. Fast and convenient at a low cost.\",\"breadcrumb\":{\"@id\":\"https:\/\/wifi.se\/de\/retail\/#breadcrumb\"},\"inLanguage\":\"de\",\"potentialAction\":[{\"@type\":\"ReadAction\",\"target\":[\"https:\/\/wifi.se\/de\/retail\/\"]}]},{\"@type\":\"BreadcrumbList\",\"@id\":\"https:\/\/wifi.se\/de\/retail\/#breadcrumb\",\"itemListElement\":[{\"@type\":\"ListItem\",\"position\":1,\"name\":\"Hem\",\"item\":\"https:\/\/wifi.se\/de\/\"},{\"@type\":\"ListItem\",\"position\":2,\"name\":\"Einzelhandel\"}]},{\"@type\":\"WebSite\",\"@id\":\"https:\/\/wifi.se\/de\/#website\",\"url\":\"https:\/\/wifi.se\/de\/\",\"name\":\"WIFI.SE\/DE\",\"description\":\"INTERNET \u00dcBERALL\",\"potentialAction\":[{\"@type\":\"SearchAction\",\"target\":{\"@type\":\"EntryPoint\",\"urlTemplate\":\"https:\/\/wifi.se\/de\/?s={search_term_string}\"},\"query-input\":{\"@type\":\"PropertyValueSpecification\",\"valueRequired\":true,\"valueName\":\"search_term_string\"}}],\"inLanguage\":\"de\"}]}<\/script>\n<!-- \/ Yoast SEO plugin. -->","yoast_head_json":{"title":"Make a request as a retailer - wifi.se","description":"Wifi.se offers a unique broadband solution for boats, cars, motorhomes, caravans, and holiday homes. Just as easy as at home. Fast and convenient at a low cost.","robots":{"index":"index","follow":"follow","max-snippet":"max-snippet:-1","max-image-preview":"max-image-preview:large","max-video-preview":"max-video-preview:-1"},"canonical":"https:\/\/wifi.se\/de\/retail\/","og_locale":"de_DE","og_type":"article","og_title":"Make a request as a retailer - wifi.se","og_description":"Wifi.se offers a unique broadband solution for boats, cars, motorhomes, caravans, and holiday homes. Just as easy as at home. Fast and convenient at a low cost.","og_url":"https:\/\/wifi.se\/de\/retail\/","og_site_name":"WIFI.SE\/DE","article_modified_time":"2025-04-09T09:00:25+00:00","twitter_card":"summary_large_image","twitter_misc":{"Gesch\u00e4tzte Lesezeit":"1\u00a0Minute"},"schema":{"@context":"https:\/\/schema.org","@graph":[{"@type":"WebPage","@id":"https:\/\/wifi.se\/de\/retail\/","url":"https:\/\/wifi.se\/de\/retail\/","name":"Make a request as a retailer - wifi.se","isPartOf":{"@id":"https:\/\/wifi.se\/de\/#website"},"datePublished":"2019-09-02T06:43:00+00:00","dateModified":"2025-04-09T09:00:25+00:00","description":"Wifi.se offers a unique broadband solution for boats, cars, motorhomes, caravans, and holiday homes. Just as easy as at home. Fast and convenient at a low cost.","breadcrumb":{"@id":"https:\/\/wifi.se\/de\/retail\/#breadcrumb"},"inLanguage":"de","potentialAction":[{"@type":"ReadAction","target":["https:\/\/wifi.se\/de\/retail\/"]}]},{"@type":"BreadcrumbList","@id":"https:\/\/wifi.se\/de\/retail\/#breadcrumb","itemListElement":[{"@type":"ListItem","position":1,"name":"Hem","item":"https:\/\/wifi.se\/de\/"},{"@type":"ListItem","position":2,"name":"Einzelhandel"}]},{"@type":"WebSite","@id":"https:\/\/wifi.se\/de\/#website","url":"https:\/\/wifi.se\/de\/","name":"WIFI.SE\/DE","description":"INTERNET \u00dcBERALL","potentialAction":[{"@type":"SearchAction","target":{"@type":"EntryPoint","urlTemplate":"https:\/\/wifi.se\/de\/?s={search_term_string}"},"query-input":{"@type":"PropertyValueSpecification","valueRequired":true,"valueName":"search_term_string"}}],"inLanguage":"de"}]}},"_links":{"self":[{"href":"https:\/\/wifi.se\/de\/wp-json\/wp\/v2\/pages\/662","targetHints":{"allow":["GET"]}}],"collection":[{"href":"https:\/\/wifi.se\/de\/wp-json\/wp\/v2\/pages"}],"about":[{"href":"https:\/\/wifi.se\/de\/wp-json\/wp\/v2\/types\/page"}],"author":[{"embeddable":true,"href":"https:\/\/wifi.se\/de\/wp-json\/wp\/v2\/users\/1"}],"replies":[{"embeddable":true,"href":"https:\/\/wifi.se\/de\/wp-json\/wp\/v2\/comments?post=662"}],"version-history":[{"count":6,"href":"https:\/\/wifi.se\/de\/wp-json\/wp\/v2\/pages\/662\/revisions"}],"predecessor-version":[{"id":32377,"href":"https:\/\/wifi.se\/de\/wp-json\/wp\/v2\/pages\/662\/revisions\/32377"}],"wp:attachment":[{"href":"https:\/\/wifi.se\/de\/wp-json\/wp\/v2\/media?parent=662"}],"curies":[{"name":"wp","href":"https:\/\/api.w.org\/{rel}","templated":true}]}}