{"id":493,"date":"2019-08-31T08:57:09","date_gmt":"2019-08-31T08:57:09","guid":{"rendered":"https:\/\/wifi.se\/?page_id=493"},"modified":"2025-04-09T10:59:23","modified_gmt":"2025-04-09T08:59:23","slug":"about-us","status":"publish","type":"page","link":"https:\/\/wifi.se\/de\/about-us\/","title":{"rendered":"\u00dcber wifi.se"},"content":{"rendered":"\n\t<section class=\"section\" id=\"section_1820779277\">\n\t\t<div class=\"section-bg fill\" >\n\t\t\t\t\t\t\t\t\t\n\t\t\t\n\n\t\t<\/div>\n\n\t\t\n\n\t\t<div class=\"section-content relative\">\n\t\t\t\n<div class=\"row\"  id=\"row-1683445950\">\n\n\t<div id=\"col-1114569001\" class=\"col small-12 large-12\"  >\n\t\t\t\t<div class=\"col-inner\"  >\n\t\t\t\n\t\t\t\n<h1>\u00dcber uns<\/h1>\n<p>Wir von <strong>WiFi.se<\/strong> sind Innovatoren und f\u00fchrende Unternehmen der Telekommunikationsbranche. Wir sind spezialisiert auf leistungsstarke Technologieprodukte und -dienstleistungen f\u00fcr moderne Reisende. Unsere Mission ist es, bahnbrechende L\u00f6sungen anzubieten, die nahtlose Konnektivit\u00e4t gew\u00e4hrleisten \u2013 egal, wo Sie sich in Europa befinden.<\/p>\n\t\t<\/div>\n\t\t\t\t\t<\/div>\n\n\t\n<\/div>\n<div class=\"row\"  id=\"row-1079997420\">\n\n\t<div id=\"col-931723306\" class=\"col small-12 large-12\"  >\n\t\t\t\t<div class=\"col-inner\"  >\n\t\t\t\n\t\t\t\n<div class=\"row\"  id=\"row-903398799\">\n\n\t<div id=\"col-1738170907\" class=\"col small-12 large-12\"  >\n\t\t\t\t<div class=\"col-inner\"  >\n\t\t\t\n\t\t\t\n<div class=\"is-divider divider clearfix\" style=\"max-width:100%;height:1px;\"><\/div>\n\t\t<\/div>\n\t\t\t\t\t<\/div>\n\n\t\n<\/div>\n<h2>Wir sind stolz darauf, unsere eigene Palette hochwertiger Produkte zu entwerfen und herzustellen, darunter:<\/h2>\n\t<div id=\"gap-1448072731\" class=\"gap-element clearfix\" style=\"display:block; height:auto;\">\n\t\t\n<style>\n#gap-1448072731 {\n  padding-top: 30px;\n}\n<\/style>\n\t<\/div>\n\t\n\t\t<\/div>\n\t\t\t\t\t<\/div>\n\n\t\n<\/div>\n<div class=\"row\"  id=\"row-2095013608\">\n\n\t<div id=\"col-1410828736\" class=\"col medium-6 small-12 large-6\"  >\n\t\t\t\t<div class=\"col-inner\"  >\n\t\t\t\n\t\t\t\n<div class=\"row\"  id=\"row-1080657049\">\n\n\t<div id=\"col-752357517\" class=\"col small-12 large-12\"  >\n\t\t\t\t<div class=\"col-inner\"  >\n\t\t\t\n\t\t\t\n\n\t\t<div class=\"icon-box featured-box icon-box-left text-left\"  >\n\t\t\t\t\t<div class=\"icon-box-img\" style=\"width: 20px\">\n\t\t\t\t<div class=\"icon\">\n\t\t\t\t\t<div class=\"icon-inner\" >\n\t\t\t\t\t\t<?xml version=\"1.0\" encoding=\"UTF-8\"?> <svg xmlns=\"http:\/\/www.w3.org\/2000\/svg\" viewBox=\"0 0 448 512\"><path fill=\"#286092\" d=\"M443.3 100.7c6.2 6.2 6.2 16.4 0 22.6l-272 272c-6.2 6.2-16.4 6.2-22.6 0l-144-144c-6.2-6.2-6.2-16.4 0-22.6s16.4-6.2 22.6 0L160 361.4 420.7 100.7c6.2-6.2 16.4-6.2 22.6 0z\"><\/path><\/svg> \t\t\t\t\t<\/div>\n\t\t\t\t<\/div>\n\t\t\t<\/div>\n\t\t\t\t<div class=\"icon-box-text last-reset\">\n\t\t\t\t\t\t\t\t\t\n<p><strong>Benutzerdefinierte Router:<\/strong> Unsere Router sind auf Geschwindigkeit, Sicherheit und Zuverl\u00e4ssigkeit ausgelegt und erf\u00fcllen die Anforderungen der vernetzten Welt von heute, egal ob Sie zu Hause, im B\u00fcro oder unterwegs sind.<\/p>\n\t\t<\/div>\n\t<\/div>\n\t\n\t\n\t<div id=\"gap-707892704\" class=\"gap-element clearfix\" style=\"display:block; height:auto;\">\n\t\t\n<style>\n#gap-707892704 {\n  padding-top: 15px;\n}\n<\/style>\n\t<\/div>\n\t\n\n\t\t<div class=\"icon-box featured-box icon-box-left text-left\"  >\n\t\t\t\t\t<div class=\"icon-box-img\" style=\"width: 20px\">\n\t\t\t\t<div class=\"icon\">\n\t\t\t\t\t<div class=\"icon-inner\" >\n\t\t\t\t\t\t<?xml version=\"1.0\" encoding=\"UTF-8\"?> <svg xmlns=\"http:\/\/www.w3.org\/2000\/svg\" viewBox=\"0 0 448 512\"><path fill=\"#286092\" d=\"M443.3 100.7c6.2 6.2 6.2 16.4 0 22.6l-272 272c-6.2 6.2-16.4 6.2-22.6 0l-144-144c-6.2-6.2-6.2-16.4 0-22.6s16.4-6.2 22.6 0L160 361.4 420.7 100.7c6.2-6.2 16.4-6.2 22.6 0z\"><\/path><\/svg> \t\t\t\t\t<\/div>\n\t\t\t\t<\/div>\n\t\t\t<\/div>\n\t\t\t\t<div class=\"icon-box-text last-reset\">\n\t\t\t\t\t\t\t\t\t\n<p><strong>Advanced Antennas:<\/strong> Our antennas are designed to deliver superior signal strength and clarity, ensuring you stay connected even in challenging environments.<\/p>\n\t\t<\/div>\n\t<\/div>\n\t\n\t\n\t<div id=\"gap-458978327\" class=\"gap-element clearfix\" style=\"display:block; height:auto;\">\n\t\t\n<style>\n#gap-458978327 {\n  padding-top: 15px;\n}\n<\/style>\n\t<\/div>\n\t\n\n\t\t<div class=\"icon-box featured-box icon-box-left text-left\"  >\n\t\t\t\t\t<div class=\"icon-box-img\" style=\"width: 20px\">\n\t\t\t\t<div class=\"icon\">\n\t\t\t\t\t<div class=\"icon-inner\" >\n\t\t\t\t\t\t<?xml version=\"1.0\" encoding=\"UTF-8\"?> <svg xmlns=\"http:\/\/www.w3.org\/2000\/svg\" viewBox=\"0 0 448 512\"><path fill=\"#286092\" d=\"M443.3 100.7c6.2 6.2 6.2 16.4 0 22.6l-272 272c-6.2 6.2-16.4 6.2-22.6 0l-144-144c-6.2-6.2-6.2-16.4 0-22.6s16.4-6.2 22.6 0L160 361.4 420.7 100.7c6.2-6.2 16.4-6.2 22.6 0z\"><\/path><\/svg> \t\t\t\t\t<\/div>\n\t\t\t\t<\/div>\n\t\t\t<\/div>\n\t\t\t\t<div class=\"icon-box-text last-reset\">\n\t\t\t\t\t\t\t\t\t\n<p><strong>Premium-Kabel und speziell entwickelte Adapter:<\/strong> Unsere Premium-Kabel sind langlebig und bieten au\u00dfergew\u00f6hnliche Haltbarkeit und Leistung. Damit sind sie der perfekte Begleiter f\u00fcr all Ihre elektronischen Ger\u00e4te. Wir sind au\u00dferdem auf fortschrittliche Kabel und Adapter f\u00fcr Reisende spezialisiert, die keine 230 Volt ben\u00f6tigen. Zu unseren einzigartigen Produkten geh\u00f6ren ein speziell entwickelter Chromecast-Adapter, der in Zusammenarbeit mit Mission in den USA entwickelt wurde, und ein Adapter f\u00fcr Apple TV, der direkt mit dem Fernseher funktioniert.<\/p>\n\t\t<\/div>\n\t<\/div>\n\t\n\t\n\t<div id=\"gap-652077518\" class=\"gap-element clearfix\" style=\"display:block; height:auto;\">\n\t\t\n<style>\n#gap-652077518 {\n  padding-top: 15px;\n}\n<\/style>\n\t<\/div>\n\t\n\n\t\t<div class=\"icon-box featured-box icon-box-left text-left\"  >\n\t\t\t\t\t<div class=\"icon-box-img\" style=\"width: 20px\">\n\t\t\t\t<div class=\"icon\">\n\t\t\t\t\t<div class=\"icon-inner\" >\n\t\t\t\t\t\t<?xml version=\"1.0\" encoding=\"UTF-8\"?> <svg xmlns=\"http:\/\/www.w3.org\/2000\/svg\" viewBox=\"0 0 448 512\"><path fill=\"#286092\" d=\"M443.3 100.7c6.2 6.2 6.2 16.4 0 22.6l-272 272c-6.2 6.2-16.4 6.2-22.6 0l-144-144c-6.2-6.2-6.2-16.4 0-22.6s16.4-6.2 22.6 0L160 361.4 420.7 100.7c6.2-6.2 16.4-6.2 22.6 0z\"><\/path><\/svg> \t\t\t\t\t<\/div>\n\t\t\t\t<\/div>\n\t\t\t<\/div>\n\t\t\t\t<div class=\"icon-box-text last-reset\">\n\t\t\t\t\t\t\t\t\t\n<p><strong>USB-Anschluss:<\/strong> Diese Produkte sind speziell daf\u00fcr konzipiert, ein verbessertes Benutzererlebnis zu bieten, ohne dass externe Stromquellen erforderlich sind.<\/p>\n\t\t<\/div>\n\t<\/div>\n\t\n\t\n\t\t<\/div>\n\t\t\t\t\t<\/div>\n\n\t\n<\/div>\n<p>Alle unsere Produkte werden unter Ber\u00fccksichtigung h\u00f6chster Qualit\u00e4tsstandards entwickelt, um sicherzustellen, dass unsere Kunden nur das Beste erhalten.<\/p>\n\t\t<\/div>\n\t\t\t\t\n<style>\n#col-1410828736 > .col-inner {\n  margin: -25px 0px 0px 0px;\n}\n<\/style>\n\t<\/div>\n\n\t\n\n\t<div id=\"col-853020864\" class=\"col medium-6 small-12 large-6\"  >\n\t\t\t\t<div class=\"col-inner\"  >\n\t\t\t\n\t\t\t\n<div class=\"row\"  id=\"row-1064766692\">\n\n\t<div id=\"col-2093035571\" class=\"col small-12 large-12\"  >\n\t\t\t\t<div class=\"col-inner\"  >\n\t\t\t\n\t\t\t\n\n  <div class=\"banner has-hover\" id=\"banner-1409546892\">\n          <div class=\"banner-inner fill\">\n        <div class=\"banner-bg fill\" >\n            <img loading=\"lazy\" decoding=\"async\" width=\"1200\" height=\"800\" src=\"https:\/\/wifi.se\/de\/wp-content\/uploads\/sites\/7\/2024\/09\/01_01.jpg\" class=\"bg attachment-original size-original\" alt=\"5G takantenn f\u00f6r 5G router\" \/>                                    \n                    <\/div>\n\t\t\n        <div class=\"banner-layers container\">\n            <div class=\"fill banner-link\"><\/div>            \n   <div id=\"text-box-760122152\" class=\"text-box banner-layer x50 md-x50 lg-x50 y50 md-y50 lg-y50 res-text\">\n                                <div class=\"text-box-content text dark\">\n              \n              <div class=\"text-inner text-center\">\n                  \n              <\/div>\n           <\/div>\n                            \n<style>\n#text-box-760122152 {\n  width: 60%;\n}\n#text-box-760122152 .text-box-content {\n  font-size: 100%;\n}\n@media (min-width:550px) {\n  #text-box-760122152 {\n    width: 60%;\n  }\n}\n<\/style>\n    <\/div>\n \n        <\/div>\n      <\/div>\n\n            \n<style>\n#banner-1409546892 {\n  padding-top: 375px;\n}\n@media (min-width:550px) {\n  #banner-1409546892 {\n    padding-top: 641px;\n  }\n}\n<\/style>\n  <\/div>\n\n\n\t\t<\/div>\n\t\t\t\t\n<style>\n#col-2093035571 > .col-inner {\n  margin: -25px 0px 0px 0px;\n}\n<\/style>\n\t<\/div>\n\n\t\n<\/div>\n\t\t<\/div>\n\t\t\t\t\t<\/div>\n\n\t\n<\/div>\n\t\t<\/div>\n\n\t\t\n<style>\n#section_1820779277 {\n  padding-top: 30px;\n  padding-bottom: 30px;\n}\n<\/style>\n\t<\/section>\n\t\n\n\t<section class=\"section bg_gradient\" id=\"section_1180236675\">\n\t\t<div class=\"section-bg fill\" >\n\t\t\t\t\t\t\t\t\t\n\t\t\t\n\n\t\t<\/div>\n\n\t\t\n\n\t\t<div class=\"section-content relative\">\n\t\t\t\n<div class=\"row row-large\"  id=\"row-1217942529\">\n\n\t<div id=\"col-1892290230\" class=\"col medium-7 small-12 large-7\"  >\n\t\t\t\t<div class=\"col-inner\"  >\n\t\t\t\n\t\t\t\n\t<div id=\"text-2097455104\" class=\"text\">\n\t\t\n<h3>Exklusiver Distributor &#038; Autorisierter Wiederverk\u00e4ufer<\/h3>\n<p>Wir sind der exklusive Distributor und der einzige autorisierte Wiederverk\u00e4ufer des Chromecast-Adapters in Europa. Das bedeutet, dass wir die Exklusivrechte f\u00fcr den Vertrieb dieses Produkts in allen europ\u00e4ischen M\u00e4rkten besitzen.<\/p>\n<p>Unser Chromecast-Adapter wird bereits von namhaften H\u00e4ndlern wie Clas Ohlson, Teknikproffset und Campingvaruhuset vertrieben. Dies sind nur einige der ausgew\u00e4hlten Wiederverk\u00e4ufer, doch unser Adapter hat sich in Schweden und Europa bereits zu einem Bestseller entwickelt.<\/p>\n<p>Ob Distributor, Wiederverk\u00e4ufer oder Einzelh\u00e4ndler: Um Originalit\u00e4t, Qualit\u00e4t und umfassenden Herstellersupport zu gew\u00e4hrleisten, m\u00fcssen Sie Ihre Chromecast-Adapter direkt bei uns erwerben. Unsere Exklusivvereinbarung garantiert Ihnen Originalprodukte mit vollem Kundenservice und Garantie.<\/p>\n<p>F\u00fcr Partnerschaftsm\u00f6glichkeiten oder um Wiederverk\u00e4ufer zu werden, kontaktieren Sie bitte unser Vertriebsteam.<\/p>\n\t\t\n<style>\n#text-2097455104 {\n  color: rgb(255,255,255);\n}\n#text-2097455104 > * {\n  color: rgb(255,255,255);\n}\n<\/style>\n\t<\/div>\n\t\n<div class=\"row\"  id=\"row-728368907\">\n\n\t<div id=\"col-905428631\" class=\"col small-12 large-12\"  >\n\t\t\t\t<div class=\"col-inner\"  >\n\t\t\t\n\t\t\t\n<a href=\"https:\/\/wifi.se\/en\/product-category\/router\/\" class=\"button white\" >\n\t\t<span>Produkte anzeigen<\/span>\n\t<\/a>\n\n\t\t<\/div>\n\t\t\t\t\t<\/div>\n\n\t\n<\/div>\n\t\t<\/div>\n\t\t\t\t\t<\/div>\n\n\t\n\n\t<div id=\"col-1398860460\" class=\"col medium-4 small-12 large-4\"  >\n\t\t\t\t<div class=\"col-inner text-left\" style=\"background-color:rgb(255,255,255);\" >\n\t\t\t\n\t<div class=\"is-border\"\n\t\tstyle=\"border-color:rgb(0, 0, 0);border-radius:10px;border-width:1px 1px 1px 1px;\">\n\t<\/div>\n\t\t\t\n\n\t\t<div class=\"icon-box featured-box icon-box-center text-center\"  >\n\t\t\t\t\t<div class=\"icon-box-img\" style=\"width: 60px\">\n\t\t\t\t<div class=\"icon\">\n\t\t\t\t\t<div class=\"icon-inner\" >\n\t\t\t\t\t\t\t\t\t\t\t<\/div>\n\t\t\t\t<\/div>\n\t\t\t<\/div>\n\t\t\t\t<div class=\"icon-box-text last-reset\">\n\t\t\t\t\t\t\t\t\t\n\t<div id=\"text-3561570175\" class=\"text\">\n\t\t\n<h4>M\u00f6chten Sie mit uns zusammenarbeiten?<\/h4>\n<p>Oder haben Sie etwas Spannendes zu pr\u00e4sentieren? Kontaktieren Sie uns \u2013 wir helfen Ihnen gerne weiter!<\/p>\n\t\t\n<style>\n#text-3561570175 {\n  text-align: center;\n}\n<\/style>\n\t<\/div>\n\t\n\t<div id=\"gap-1835622509\" class=\"gap-element clearfix\" style=\"display:block; height:auto;\">\n\t\t\n<style>\n#gap-1835622509 {\n  padding-top: 30px;\n}\n<\/style>\n\t<\/div>\n\t\n<a href=\"https:\/\/wifi.se\/en\/retail\/\" class=\"button primary\" >\n\t\t<span>Kontaktieren Sie uns<\/span>\n\t<\/a>\n\n\t\t<\/div>\n\t<\/div>\n\t\n\t\n\t\t<\/div>\n\t\t\t\t\n<style>\n#col-1398860460 > .col-inner {\n  padding: 15px 15px 15px 15px;\n  border-radius: 10px;\n}\n<\/style>\n\t<\/div>\n\n\t\n<\/div>\n\t\t<\/div>\n\n\t\t\n<style>\n#section_1180236675 {\n  padding-top: 76px;\n  padding-bottom: 76px;\n}\n<\/style>\n\t<\/section>\n\t\n\n\t<section class=\"section\" id=\"section_1846520118\">\n\t\t<div class=\"section-bg fill\" >\n\t\t\t\t\t\t\t\t\t\n\t\t\t\n\n\t\t<\/div>\n\n\t\t\n\n\t\t<div class=\"section-content relative\">\n\t\t\t\n<div class=\"row\"  id=\"row-11482501\">\n\n\t<div id=\"col-2111513188\" class=\"col medium-6 small-12 large-6\"  >\n\t\t\t\t<div class=\"col-inner\"  >\n\t\t\t\n\t\t\t\n<h2>Die Zukunft ist da \u2013 mit unserer eSIM<\/h2>\n<p>Wir bei WiFi.se sind mit unseren eSIM-Angeboten Vorreiter der mobilen Konnektivit\u00e4t der n\u00e4chsten Generation. Da die Welt immer mehr nahtlose und flexible L\u00f6sungen vorantreibt, sind wir stolz darauf, eine eSIM anbieten zu k\u00f6nnen, die Reisenden in ganz Europa unvergleichlichen Komfort und zuverl\u00e4ssige Datentarife bietet.<\/p>\n\n\t\t<div class=\"icon-box featured-box icon-box-left text-left\"  >\n\t\t\t\t\t<div class=\"icon-box-img\" style=\"width: 20px\">\n\t\t\t\t<div class=\"icon\">\n\t\t\t\t\t<div class=\"icon-inner\" >\n\t\t\t\t\t\t<?xml version=\"1.0\" encoding=\"UTF-8\"?> <svg xmlns=\"http:\/\/www.w3.org\/2000\/svg\" viewBox=\"0 0 448 512\"><path fill=\"#286092\" d=\"M443.3 100.7c6.2 6.2 6.2 16.4 0 22.6l-272 272c-6.2 6.2-16.4 6.2-22.6 0l-144-144c-6.2-6.2-6.2-16.4 0-22.6s16.4-6.2 22.6 0L160 361.4 420.7 100.7c6.2-6.2 16.4-6.2 22.6 0z\"><\/path><\/svg> \t\t\t\t\t<\/div>\n\t\t\t\t<\/div>\n\t\t\t<\/div>\n\t\t\t\t<div class=\"icon-box-text last-reset\">\n\t\t\t\t\t\t\t\t\t\n<p><strong>Was ist eine eSIM?<\/strong> Eine eSIM (Embedded SIM) ist eine digitale SIM-Karte, die direkt in Ihr Mobilger\u00e4t integriert ist. Im Gegensatz zu herk\u00f6mmlichen physischen SIM-Karten kann eine eSIM per Fernzugriff aktiviert werden. So k\u00f6nnen Sie zwischen verschiedenen Mobilfunknetzen und Datentarifen wechseln, ohne eine neue Karte einlegen zu m\u00fcssen. Mit nur einem einfachen QR-Code aktivieren Sie Ihre eSIM und genie\u00dfen sofort die Verbindung.<\/p>\n\t\t<\/div>\n\t<\/div>\n\t\n\t\n\t<div id=\"gap-708927793\" class=\"gap-element clearfix\" style=\"display:block; height:auto;\">\n\t\t\n<style>\n#gap-708927793 {\n  padding-top: 15px;\n}\n<\/style>\n\t<\/div>\n\t\n\n\t\t<div class=\"icon-box featured-box icon-box-left text-left\"  >\n\t\t\t\t\t<div class=\"icon-box-img\" style=\"width: 20px\">\n\t\t\t\t<div class=\"icon\">\n\t\t\t\t\t<div class=\"icon-inner\" >\n\t\t\t\t\t\t<?xml version=\"1.0\" encoding=\"UTF-8\"?> <svg xmlns=\"http:\/\/www.w3.org\/2000\/svg\" viewBox=\"0 0 448 512\"><path fill=\"#286092\" d=\"M443.3 100.7c6.2 6.2 6.2 16.4 0 22.6l-272 272c-6.2 6.2-16.4 6.2-22.6 0l-144-144c-6.2-6.2-6.2-16.4 0-22.6s16.4-6.2 22.6 0L160 361.4 420.7 100.7c6.2-6.2 16.4-6.2 22.6 0z\"><\/path><\/svg> \t\t\t\t\t<\/div>\n\t\t\t\t<\/div>\n\t\t\t<\/div>\n\t\t\t\t<div class=\"icon-box-text last-reset\">\n\t\t\t\t\t\t\t\t\t\n<p><strong>Unsere eSIM f\u00fcr Europa:<\/strong> Unsere eSIM ist mit unseren speziellen Roaming-SIM-Tarifen verkn\u00fcpft und bietet dieselben gro\u00dfz\u00fcgigen Datenpakete mit 200 GB und 400 GB pro Monat. Sie ist die perfekte L\u00f6sung f\u00fcr alle, die auf Reisen durch Europa zuverl\u00e4ssiges Highspeed-Datenvolumen ben\u00f6tigen. Ob Sie beruflich unterwegs sind, Europa mit dem Wohnmobil erkunden oder h\u00e4ufig Grenzen \u00fcberschreiten \u2013 unsere eSIM bietet Ihnen maximale Flexibilit\u00e4t. Aktivieren Sie sie einfach per QR-Code und schon k\u00f6nnen Sie Ihr mobiles Datenvolumen mit nahezu unbegrenztem Surfen nutzen.<\/p>\n\t\t<\/div>\n\t<\/div>\n\t\n\t\n\t\t<\/div>\n\t\t\t\t\t<\/div>\n\n\t\n\n\t<div id=\"col-1942248782\" class=\"col medium-6 small-12 large-6\"  >\n\t\t\t\t<div class=\"col-inner\"  >\n\t\t\t\n\t\t\t\n\n  <div class=\"banner has-hover\" id=\"banner-171366790\">\n          <div class=\"banner-inner fill\">\n        <div class=\"banner-bg fill\" >\n            <img loading=\"lazy\" decoding=\"async\" width=\"1000\" height=\"1000\" src=\"https:\/\/wifi.se\/de\/wp-content\/uploads\/sites\/7\/2024\/08\/eSIM.jpg\" class=\"bg attachment-original size-original\" alt=\"eSIM\" \/>                                    \n                    <\/div>\n\t\t\n        <div class=\"banner-layers container\">\n            <div class=\"fill banner-link\"><\/div>            \n   <div id=\"text-box-348179923\" class=\"text-box banner-layer x50 md-x50 lg-x50 y50 md-y50 lg-y50 res-text\">\n                                <div class=\"text-box-content text dark\">\n              \n              <div class=\"text-inner text-center\">\n                  \n              <\/div>\n           <\/div>\n                            \n<style>\n#text-box-348179923 {\n  width: 60%;\n}\n#text-box-348179923 .text-box-content {\n  font-size: 100%;\n}\n@media (min-width:550px) {\n  #text-box-348179923 {\n    width: 60%;\n  }\n}\n<\/style>\n    <\/div>\n \n        <\/div>\n      <\/div>\n\n            \n<style>\n#banner-171366790 {\n  padding-top: 548px;\n}\n<\/style>\n  <\/div>\n\n\n\t\t<\/div>\n\t\t\t\t\t<\/div>\n\n\t\n<\/div>\n<div class=\"row\"  id=\"row-1781233144\">\n\n\t<div id=\"col-1487126519\" class=\"col medium-6 small-12 large-6\"  >\n\t\t\t\t<div class=\"col-inner\"  >\n\t\t\t\n\t\t\t\n<p>Die eSIM-Technologie repr\u00e4sentiert die Zukunft der mobilen Konnektivit\u00e4t und bietet herausragenden Komfort und Flexibilit\u00e4t. Da keine physische SIM-Karte mehr ben\u00f6tigt wird, er\u00f6ffnet eSIM v\u00f6llig neue M\u00f6glichkeiten. Sie ben\u00f6tigen keine physische Adresse und m\u00fcssen nicht auf die Zustellung einer Karte warten \u2013 scannen Sie einfach einen QR-Code, der direkt an Ihre E-Mail-Adresse gesendet wird. In nur wenigen Sekunden sind Sie verbunden, egal wo Sie sind.<\/p>\n\t\t<\/div>\n\t\t\t\t\t<\/div>\n\n\t\n\n\t<div id=\"col-176378995\" class=\"col medium-6 small-12 large-6\"  >\n\t\t\t\t<div class=\"col-inner\"  >\n\t\t\t\n\t\t\t\n<p>Deshalb sind unsere Roaming-SIMs die perfekte L\u00f6sung f\u00fcr Reisende mit hohem Datenvolumen. Unsere Roaming-SIMs sind speziell auf die eSIM-Technologie zugeschnitten und bieten ein au\u00dfergew\u00f6hnliches Nutzererlebnis mit umfangreichen Datenpaketen und nahezu unbegrenztem Surfen in ganz Europa. Mit den eSIM-L\u00f6sungen von WiFi.se sind Sie immer bereit f\u00fcr Ihr n\u00e4chstes Abenteuer, egal wo auf der Welt Sie sich befinden.<\/p>\n\t\t<\/div>\n\t\t\t\t\t<\/div>\n\n\t\n<\/div>\n<div class=\"row\"  id=\"row-130965702\">\n\n\t<div id=\"col-1399037385\" class=\"col small-12 large-12\"  >\n\t\t\t\t<div class=\"col-inner\"  >\n\t\t\t\n\t\t\t\n<h2>Zusammenfassung<\/h2>\n<p>Wir bei WiFi.se sind stolz darauf, ein f\u00fchrender Anbieter in der Telekommunikationsbranche zu sein. Unser Fokus liegt auf der Bereitstellung hochwertiger und innovativer Produkte, die den Bed\u00fcrfnissen moderner Reisender gerecht werden. Ob ma\u00dfgeschneiderte Router, Antennen, Premium-Kabel oder unsere einzigartigen Adapter f\u00fcr Chromecast und Apple TV \u2013 wir sind stets bestrebt, L\u00f6sungen anzubieten, die unseren Kunden das Leben einfacher und vernetzter machen.<\/p>\n<p>Dar\u00fcber hinaus bieten wir erstklassige Mobilfunkdienste mit unseren speziellen SIM-Karten und eSIM-L\u00f6sungen an, die Ihnen weltweit maximale Flexibilit\u00e4t und Komfort bieten.<\/p>\n<p>Wenn Sie mehr \u00fcber unsere Produkte und Dienstleistungen erfahren oder unser Vertriebspartner werden m\u00f6chten, kontaktieren Sie uns gerne. Bei Interesse an unseren internationalen Aktivit\u00e4ten, bei denen wir mit \u00fcber 35 Betreibern weltweit zusammenarbeiten, erreichen Sie uns auch per E-Mail unter info@wifi.se. Teilen Sie uns mit, wer Sie sind und was Sie ben\u00f6tigen. Wir stellen sicher, dass Sie mit der richtigen Abteilung und Person in Kontakt treten.<\/p>\n<p>Wir bei WiFi.se sind immer offen f\u00fcr neue und spannende Partnerschaften und freuen uns auf Ihre Kontaktaufnahme. Kontaktieren Sie uns unter info@wifi.se.<\/p>\n\t\t<\/div>\n\t\t\t\t\t<\/div>\n\n\t\n<\/div>\n<div class=\"row\"  id=\"row-174595904\">\n\n\n\t<div id=\"col-513215851\" class=\"col small-12 large-12\"  >\n\t\t\t\t<div class=\"col-inner\"  >\n\t\t\t\n\t\t\t\n\n\n\n<!-- TrustBox widget - Slider -->\n<div class=\"trustpilot-widget\" data-locale=\"sv-SE\" data-template-id=\"54ad5defc6454f065c28af8b\" data-businessunit-id=\"5de41f5dea571100015ba917\" data-style-height=\"240px\" data-style-width=\"100%\" data-theme=\"light\" data-stars=\"4,5\" data-review-languages=\"sv\">\n  <a href=\"https:\/\/se.trustpilot.com\/review\/wifi.se\" target=\"_blank\" rel=\"noopener\">Trustpilot<\/a>\n<\/div>\n<!-- End TrustBox widget -->\n\n\n\t\t<\/div>\n\t\t\t\t\t<\/div>\n\n\t\n\n<\/div>\n\t\t<\/div>\n\n\t\t\n<style>\n#section_1846520118 {\n  padding-top: 100px;\n  padding-bottom: 100px;\n}\n<\/style>\n\t<\/section>\n\t\n","protected":false},"excerpt":{"rendered":"","protected":false},"author":1,"featured_media":0,"parent":0,"menu_order":0,"comment_status":"closed","ping_status":"closed","template":"","meta":{"_acf_changed":false,"footnotes":""},"class_list":["post-493","page","type-page","status-publish","hentry"],"acf":[],"yoast_head":"<!-- This site is optimized with the Yoast SEO plugin v27.1.1 - https:\/\/yoast.com\/product\/yoast-seo-wordpress\/ -->\n<title>About us - Wifi.se<\/title>\n<meta name=\"robots\" content=\"index, follow, max-snippet:-1, max-image-preview:large, max-video-preview:-1\" \/>\n<link rel=\"canonical\" href=\"https:\/\/wifi.se\/de\/about-us\/\" \/>\n<meta property=\"og:locale\" content=\"de_DE\" \/>\n<meta property=\"og:type\" content=\"article\" \/>\n<meta property=\"og:title\" content=\"About us - Wifi.se\" \/>\n<meta property=\"og:url\" content=\"https:\/\/wifi.se\/de\/about-us\/\" \/>\n<meta property=\"og:site_name\" content=\"WIFI.SE\/DE\" \/>\n<meta property=\"article:modified_time\" content=\"2025-04-09T08:59:23+00:00\" \/>\n<meta name=\"twitter:card\" content=\"summary_large_image\" \/>\n<meta name=\"twitter:label1\" content=\"Gesch\u00e4tzte Lesezeit\" \/>\n\t<meta name=\"twitter:data1\" content=\"6\u00a0Minuten\" \/>\n<script type=\"application\/ld+json\" class=\"yoast-schema-graph\">{\"@context\":\"https:\/\/schema.org\",\"@graph\":[{\"@type\":\"WebPage\",\"@id\":\"https:\/\/wifi.se\/de\/about-us\/\",\"url\":\"https:\/\/wifi.se\/de\/about-us\/\",\"name\":\"About us - Wifi.se\",\"isPartOf\":{\"@id\":\"https:\/\/wifi.se\/de\/#website\"},\"datePublished\":\"2019-08-31T08:57:09+00:00\",\"dateModified\":\"2025-04-09T08:59:23+00:00\",\"breadcrumb\":{\"@id\":\"https:\/\/wifi.se\/de\/about-us\/#breadcrumb\"},\"inLanguage\":\"de\",\"potentialAction\":[{\"@type\":\"ReadAction\",\"target\":[\"https:\/\/wifi.se\/de\/about-us\/\"]}]},{\"@type\":\"BreadcrumbList\",\"@id\":\"https:\/\/wifi.se\/de\/about-us\/#breadcrumb\",\"itemListElement\":[{\"@type\":\"ListItem\",\"position\":1,\"name\":\"Hem\",\"item\":\"https:\/\/wifi.se\/de\/\"},{\"@type\":\"ListItem\",\"position\":2,\"name\":\"\u00dcber wifi.se\"}]},{\"@type\":\"WebSite\",\"@id\":\"https:\/\/wifi.se\/de\/#website\",\"url\":\"https:\/\/wifi.se\/de\/\",\"name\":\"WIFI.SE\/DE\",\"description\":\"INTERNET \u00dcBERALL\",\"potentialAction\":[{\"@type\":\"SearchAction\",\"target\":{\"@type\":\"EntryPoint\",\"urlTemplate\":\"https:\/\/wifi.se\/de\/?s={search_term_string}\"},\"query-input\":{\"@type\":\"PropertyValueSpecification\",\"valueRequired\":true,\"valueName\":\"search_term_string\"}}],\"inLanguage\":\"de\"}]}<\/script>\n<!-- \/ Yoast SEO plugin. -->","yoast_head_json":{"title":"About us - Wifi.se","robots":{"index":"index","follow":"follow","max-snippet":"max-snippet:-1","max-image-preview":"max-image-preview:large","max-video-preview":"max-video-preview:-1"},"canonical":"https:\/\/wifi.se\/de\/about-us\/","og_locale":"de_DE","og_type":"article","og_title":"About us - Wifi.se","og_url":"https:\/\/wifi.se\/de\/about-us\/","og_site_name":"WIFI.SE\/DE","article_modified_time":"2025-04-09T08:59:23+00:00","twitter_card":"summary_large_image","twitter_misc":{"Gesch\u00e4tzte Lesezeit":"6\u00a0Minuten"},"schema":{"@context":"https:\/\/schema.org","@graph":[{"@type":"WebPage","@id":"https:\/\/wifi.se\/de\/about-us\/","url":"https:\/\/wifi.se\/de\/about-us\/","name":"About us - Wifi.se","isPartOf":{"@id":"https:\/\/wifi.se\/de\/#website"},"datePublished":"2019-08-31T08:57:09+00:00","dateModified":"2025-04-09T08:59:23+00:00","breadcrumb":{"@id":"https:\/\/wifi.se\/de\/about-us\/#breadcrumb"},"inLanguage":"de","potentialAction":[{"@type":"ReadAction","target":["https:\/\/wifi.se\/de\/about-us\/"]}]},{"@type":"BreadcrumbList","@id":"https:\/\/wifi.se\/de\/about-us\/#breadcrumb","itemListElement":[{"@type":"ListItem","position":1,"name":"Hem","item":"https:\/\/wifi.se\/de\/"},{"@type":"ListItem","position":2,"name":"\u00dcber wifi.se"}]},{"@type":"WebSite","@id":"https:\/\/wifi.se\/de\/#website","url":"https:\/\/wifi.se\/de\/","name":"WIFI.SE\/DE","description":"INTERNET \u00dcBERALL","potentialAction":[{"@type":"SearchAction","target":{"@type":"EntryPoint","urlTemplate":"https:\/\/wifi.se\/de\/?s={search_term_string}"},"query-input":{"@type":"PropertyValueSpecification","valueRequired":true,"valueName":"search_term_string"}}],"inLanguage":"de"}]}},"_links":{"self":[{"href":"https:\/\/wifi.se\/de\/wp-json\/wp\/v2\/pages\/493","targetHints":{"allow":["GET"]}}],"collection":[{"href":"https:\/\/wifi.se\/de\/wp-json\/wp\/v2\/pages"}],"about":[{"href":"https:\/\/wifi.se\/de\/wp-json\/wp\/v2\/types\/page"}],"author":[{"embeddable":true,"href":"https:\/\/wifi.se\/de\/wp-json\/wp\/v2\/users\/1"}],"replies":[{"embeddable":true,"href":"https:\/\/wifi.se\/de\/wp-json\/wp\/v2\/comments?post=493"}],"version-history":[{"count":18,"href":"https:\/\/wifi.se\/de\/wp-json\/wp\/v2\/pages\/493\/revisions"}],"predecessor-version":[{"id":32376,"href":"https:\/\/wifi.se\/de\/wp-json\/wp\/v2\/pages\/493\/revisions\/32376"}],"wp:attachment":[{"href":"https:\/\/wifi.se\/de\/wp-json\/wp\/v2\/media?parent=493"}],"curies":[{"name":"wp","href":"https:\/\/api.w.org\/{rel}","templated":true}]}}