{"id":484,"date":"2019-08-30T18:38:11","date_gmt":"2019-08-30T18:38:11","guid":{"rendered":"https:\/\/wifi.se\/?page_id=484"},"modified":"2025-04-08T21:49:48","modified_gmt":"2025-04-08T19:49:48","slug":"arbeitsumgebungspolitik","status":"publish","type":"page","link":"https:\/\/wifi.se\/de\/arbeitsumgebungspolitik\/","title":{"rendered":"Arbeitsumgebungspolitik"},"content":{"rendered":"<h3 data-start=\"114\" data-end=\"177\">Arbeitsumweltrichtlinie 2020 \u2013 Wifi.se (Wifi.se Sverige AB)<\/h3>\n<p class=\"\" data-start=\"179\" data-end=\"281\"><strong data-start=\"179\" data-end=\"211\">Arbeitsumweltrichtlinie 2020<\/strong><br data-start=\"211\" data-end=\"214\" \/>G\u00fcltig f\u00fcr <a class=\"\" href=\"http:\/\/www.wifi.se\" target=\"_new\" rel=\"noopener\" data-start=\"225\" data-end=\"236\">www.wifi.se<\/a> (Wifi.se Sverige AB) (Org.-Nr. 556421121611)<\/p>\n<p class=\"\" data-start=\"283\" data-end=\"737\">Die Arbeitsumgebung soll sicher und gesch\u00fctzt sein und M\u00f6glichkeiten zur Zusammenarbeit sowie zum sozialen Austausch mit Kunden und Kollegen bieten.<br data-start=\"431\" data-end=\"434\" \/>Wir streben nach Vielfalt, um mehr Personen die Teilnahme an einem breiteren Aufgabenspektrum zu erm\u00f6glichen und so das Verst\u00e4ndnis f\u00fcr die Verantwortlichkeiten des Unternehmens und der Kollegen zu f\u00f6rdern.<br data-start=\"640\" data-end=\"643\" \/>Die Arbeitsumgebung bei Bj\u00f6rkmans Bil umfasst sowohl physische als auch psychosoziale Aspekte.<\/p>\n<p class=\"\" data-start=\"739\" data-end=\"1322\">Wifi.se (Wifi.se Sverige AB) erf\u00fcllt mindestens die Anforderungen der geltenden Vorschriften, Richtlinien und Regeln im Bereich der Arbeitsumgebung.<br data-start=\"887\" data-end=\"890\" \/>Dazu geh\u00f6ren das Arbeitsumgebungsgesetz (Arbetsmilj\u00f6lagen \u2013 AML), die Arbeitsumgebungsverordnung (Arbetsmilj\u00f6f\u00f6rordningen \u2013 AMF), die Verordnung \u00fcber das systematische Arbeitsumgebungsmanagement (Systematiskt Arbetsmilj\u00f6arbete \u2013 SAM), das systematische Brandschutzmanagement (Systematiskt Brandskyddsarbete \u2013 SBA) sowie weitere Richtlinien und allgemeine Empfehlungen der Schwedischen Arbeitsumweltbeh\u00f6rde (Arbetsmilj\u00f6verket \u2013 AMV).<\/p>\n<p class=\"\" data-start=\"1324\" data-end=\"1760\">Jeder Mitarbeiter tr\u00e4gt eine pers\u00f6nliche Verantwortung f\u00fcr seine Gesundheit und f\u00fcr die Arbeitsumgebung.<br data-start=\"1428\" data-end=\"1431\" \/>Alle Mitarbeiter m\u00fcssen aktiv an der t\u00e4glichen Arbeit zur Verbesserung der Arbeitsumgebung teilnehmen. Sie m\u00fcssen die Sicherheitsanweisungen sowie geltende Regeln und Routinen bei der Arbeitsausf\u00fchrung einhalten.<br data-start=\"1643\" data-end=\"1646\" \/>Es ist die Pflicht jedes Mitarbeiters, Risiken oder Gef\u00e4hrdungen f\u00fcr eine gute Arbeitsumgebung umgehend zu melden.<\/p>\n<p class=\"\" data-start=\"1762\" data-end=\"2150\">Das Unternehmen arbeitet pr\u00e4ventiv und proaktiv in Rehabilitationsf\u00e4llen, um sicherzustellen, dass Mitarbeiter so schnell wie m\u00f6glich an den Arbeitsplatz zur\u00fcckkehren k\u00f6nnen.<br data-start=\"1936\" data-end=\"1939\" \/>Durch enge Zusammenarbeit mit dem Arbeitsgesundheitsdienst sowie durch aktive Gesundheitsf\u00f6rderung streben wir eine gute Arbeitsumgebung, ges\u00fcnderes Personal und eine kontinuierlich sinkende Abwesenheitsrate an.<\/p>\n<p class=\"\" data-start=\"2152\" data-end=\"2184\"><strong data-start=\"2152\" data-end=\"2184\">Wifi.se (Wifi.se Sverige AB)<\/strong><\/p>\n","protected":false},"excerpt":{"rendered":"<p>Arbeitsumweltrichtlinie 2020 \u2013 Wifi.se (Wifi.se Sverige AB) Arbeitsumweltrichtlinie 2020G\u00fcltig f\u00fcr www.wifi.se (Wifi.se Sverige AB) (Org.-Nr. 556421121611) Die Arbeitsumgebung soll sicher und gesch\u00fctzt sein und M\u00f6glichkeiten zur Zusammenarbeit sowie zum sozialen Austausch mit Kunden und Kollegen bieten.Wir streben nach Vielfalt, um mehr Personen die Teilnahme an einem breiteren Aufgabenspektrum zu erm\u00f6glichen und so das Verst\u00e4ndnis f\u00fcr [&#8230;]\n","protected":false},"author":1,"featured_media":0,"parent":0,"menu_order":0,"comment_status":"closed","ping_status":"closed","template":"","meta":{"_acf_changed":false,"footnotes":""},"class_list":["post-484","page","type-page","status-publish","hentry"],"acf":[],"yoast_head":"<!-- This site is optimized with the Yoast SEO plugin v27.1.1 - https:\/\/yoast.com\/product\/yoast-seo-wordpress\/ -->\n<title>Work Environment Policy - Wifi.se<\/title>\n<meta name=\"robots\" content=\"index, follow, max-snippet:-1, max-image-preview:large, max-video-preview:-1\" \/>\n<link rel=\"canonical\" href=\"https:\/\/wifi.se\/de\/arbeitsumgebungspolitik\/\" \/>\n<meta property=\"og:locale\" content=\"de_DE\" \/>\n<meta property=\"og:type\" content=\"article\" \/>\n<meta property=\"og:title\" content=\"Work Environment Policy - Wifi.se\" \/>\n<meta property=\"og:description\" content=\"Arbeitsumweltrichtlinie 2020 \u2013 Wifi.se (Wifi.se Sverige AB) Arbeitsumweltrichtlinie 2020G\u00fcltig f\u00fcr www.wifi.se (Wifi.se Sverige AB) (Org.-Nr. 556421121611) Die Arbeitsumgebung soll sicher und gesch\u00fctzt sein und M\u00f6glichkeiten zur Zusammenarbeit sowie zum sozialen Austausch mit Kunden und Kollegen bieten.Wir streben nach Vielfalt, um mehr Personen die Teilnahme an einem breiteren Aufgabenspektrum zu erm\u00f6glichen und so das Verst\u00e4ndnis f\u00fcr [...]\" \/>\n<meta property=\"og:url\" content=\"https:\/\/wifi.se\/de\/arbeitsumgebungspolitik\/\" \/>\n<meta property=\"og:site_name\" content=\"WIFI.SE\/DE\" \/>\n<meta property=\"article:modified_time\" content=\"2025-04-08T19:49:48+00:00\" \/>\n<meta name=\"twitter:card\" content=\"summary_large_image\" \/>\n<meta name=\"twitter:label1\" content=\"Gesch\u00e4tzte Lesezeit\" \/>\n\t<meta name=\"twitter:data1\" content=\"2\u00a0Minuten\" \/>\n<script type=\"application\/ld+json\" class=\"yoast-schema-graph\">{\"@context\":\"https:\/\/schema.org\",\"@graph\":[{\"@type\":\"WebPage\",\"@id\":\"https:\/\/wifi.se\/de\/arbeitsumgebungspolitik\/\",\"url\":\"https:\/\/wifi.se\/de\/arbeitsumgebungspolitik\/\",\"name\":\"Work Environment Policy - Wifi.se\",\"isPartOf\":{\"@id\":\"https:\/\/wifi.se\/de\/#website\"},\"datePublished\":\"2019-08-30T18:38:11+00:00\",\"dateModified\":\"2025-04-08T19:49:48+00:00\",\"breadcrumb\":{\"@id\":\"https:\/\/wifi.se\/de\/arbeitsumgebungspolitik\/#breadcrumb\"},\"inLanguage\":\"de\",\"potentialAction\":[{\"@type\":\"ReadAction\",\"target\":[\"https:\/\/wifi.se\/de\/arbeitsumgebungspolitik\/\"]}]},{\"@type\":\"BreadcrumbList\",\"@id\":\"https:\/\/wifi.se\/de\/arbeitsumgebungspolitik\/#breadcrumb\",\"itemListElement\":[{\"@type\":\"ListItem\",\"position\":1,\"name\":\"Hem\",\"item\":\"https:\/\/wifi.se\/de\/\"},{\"@type\":\"ListItem\",\"position\":2,\"name\":\"Arbeitsumgebungspolitik\"}]},{\"@type\":\"WebSite\",\"@id\":\"https:\/\/wifi.se\/de\/#website\",\"url\":\"https:\/\/wifi.se\/de\/\",\"name\":\"WIFI.SE\/DE\",\"description\":\"INTERNET \u00dcBERALL\",\"potentialAction\":[{\"@type\":\"SearchAction\",\"target\":{\"@type\":\"EntryPoint\",\"urlTemplate\":\"https:\/\/wifi.se\/de\/?s={search_term_string}\"},\"query-input\":{\"@type\":\"PropertyValueSpecification\",\"valueRequired\":true,\"valueName\":\"search_term_string\"}}],\"inLanguage\":\"de\"}]}<\/script>\n<!-- \/ Yoast SEO plugin. -->","yoast_head_json":{"title":"Work Environment Policy - Wifi.se","robots":{"index":"index","follow":"follow","max-snippet":"max-snippet:-1","max-image-preview":"max-image-preview:large","max-video-preview":"max-video-preview:-1"},"canonical":"https:\/\/wifi.se\/de\/arbeitsumgebungspolitik\/","og_locale":"de_DE","og_type":"article","og_title":"Work Environment Policy - Wifi.se","og_description":"Arbeitsumweltrichtlinie 2020 \u2013 Wifi.se (Wifi.se Sverige AB) Arbeitsumweltrichtlinie 2020G\u00fcltig f\u00fcr www.wifi.se (Wifi.se Sverige AB) (Org.-Nr. 556421121611) Die Arbeitsumgebung soll sicher und gesch\u00fctzt sein und M\u00f6glichkeiten zur Zusammenarbeit sowie zum sozialen Austausch mit Kunden und Kollegen bieten.Wir streben nach Vielfalt, um mehr Personen die Teilnahme an einem breiteren Aufgabenspektrum zu erm\u00f6glichen und so das Verst\u00e4ndnis f\u00fcr [...]","og_url":"https:\/\/wifi.se\/de\/arbeitsumgebungspolitik\/","og_site_name":"WIFI.SE\/DE","article_modified_time":"2025-04-08T19:49:48+00:00","twitter_card":"summary_large_image","twitter_misc":{"Gesch\u00e4tzte Lesezeit":"2\u00a0Minuten"},"schema":{"@context":"https:\/\/schema.org","@graph":[{"@type":"WebPage","@id":"https:\/\/wifi.se\/de\/arbeitsumgebungspolitik\/","url":"https:\/\/wifi.se\/de\/arbeitsumgebungspolitik\/","name":"Work Environment Policy - Wifi.se","isPartOf":{"@id":"https:\/\/wifi.se\/de\/#website"},"datePublished":"2019-08-30T18:38:11+00:00","dateModified":"2025-04-08T19:49:48+00:00","breadcrumb":{"@id":"https:\/\/wifi.se\/de\/arbeitsumgebungspolitik\/#breadcrumb"},"inLanguage":"de","potentialAction":[{"@type":"ReadAction","target":["https:\/\/wifi.se\/de\/arbeitsumgebungspolitik\/"]}]},{"@type":"BreadcrumbList","@id":"https:\/\/wifi.se\/de\/arbeitsumgebungspolitik\/#breadcrumb","itemListElement":[{"@type":"ListItem","position":1,"name":"Hem","item":"https:\/\/wifi.se\/de\/"},{"@type":"ListItem","position":2,"name":"Arbeitsumgebungspolitik"}]},{"@type":"WebSite","@id":"https:\/\/wifi.se\/de\/#website","url":"https:\/\/wifi.se\/de\/","name":"WIFI.SE\/DE","description":"INTERNET \u00dcBERALL","potentialAction":[{"@type":"SearchAction","target":{"@type":"EntryPoint","urlTemplate":"https:\/\/wifi.se\/de\/?s={search_term_string}"},"query-input":{"@type":"PropertyValueSpecification","valueRequired":true,"valueName":"search_term_string"}}],"inLanguage":"de"}]}},"_links":{"self":[{"href":"https:\/\/wifi.se\/de\/wp-json\/wp\/v2\/pages\/484","targetHints":{"allow":["GET"]}}],"collection":[{"href":"https:\/\/wifi.se\/de\/wp-json\/wp\/v2\/pages"}],"about":[{"href":"https:\/\/wifi.se\/de\/wp-json\/wp\/v2\/types\/page"}],"author":[{"embeddable":true,"href":"https:\/\/wifi.se\/de\/wp-json\/wp\/v2\/users\/1"}],"replies":[{"embeddable":true,"href":"https:\/\/wifi.se\/de\/wp-json\/wp\/v2\/comments?post=484"}],"version-history":[{"count":5,"href":"https:\/\/wifi.se\/de\/wp-json\/wp\/v2\/pages\/484\/revisions"}],"predecessor-version":[{"id":32218,"href":"https:\/\/wifi.se\/de\/wp-json\/wp\/v2\/pages\/484\/revisions\/32218"}],"wp:attachment":[{"href":"https:\/\/wifi.se\/de\/wp-json\/wp\/v2\/media?parent=484"}],"curies":[{"name":"wp","href":"https:\/\/api.w.org\/{rel}","templated":true}]}}