{"id":482,"date":"2019-08-30T18:37:48","date_gmt":"2019-08-30T18:37:48","guid":{"rendered":"https:\/\/wifi.se\/?page_id=482"},"modified":"2025-04-08T14:36:59","modified_gmt":"2025-04-08T12:36:59","slug":"datenschutzrichtlinie","status":"publish","type":"page","link":"https:\/\/wifi.se\/de\/datenschutzrichtlinie\/","title":{"rendered":"Datenschutzrichtlinie"},"content":{"rendered":"<div class=\"post-content\">\n<div class=\"flex flex-1 grow basis-auto flex-col overflow-hidden\">\n<div class=\"relative h-full\">\n<div class=\"flex h-full flex-col overflow-y-auto [scrollbar-gutter:stable]\">\n<div class=\"@thread-xl\/thread:pt-header-height mt-1.5 flex flex-col text-sm md:pb-9\">\n<article class=\"text-token-text-primary w-full\" dir=\"auto\" data-testid=\"conversation-turn-166\" data-scroll-anchor=\"true\">\n<div class=\"text-base my-auto mx-auto py-5 px-6\">\n<div class=\"mx-auto flex flex-1 text-base gap-4 md:gap-5 lg:gap-6 md:max-w-3xl lg:max-w-[40rem] xl:max-w-[48rem] group\/turn-messages focus-visible:outline-hidden\" tabindex=\"-1\">\n<div class=\"group\/conversation-turn relative flex w-full min-w-0 flex-col agent-turn @xs\/thread:px-0 @sm\/thread:px-1.5 @md\/thread:px-4\">\n<div class=\"relative flex-col gap-1 md:gap-3\">\n<div class=\"flex max-w-full flex-col grow\">\n<div class=\"min-h-8 text-message relative flex w-full flex-col items-end gap-2 text-start break-words whitespace-normal [.text-message+&amp;]:mt-5\" dir=\"auto\" data-message-author-role=\"assistant\" data-message-id=\"d91a17f9-1a8f-461f-aa6a-d68bb9465ecb\" data-message-model-slug=\"gpt-4o-mini\">\n<div class=\"flex w-full flex-col gap-1 empty:hidden first:pt-[3px]\">\n<div class=\"markdown prose dark:prose-invert w-full break-words light\">\n<p class=\"\" data-start=\"0\" data-end=\"56\"><strong data-start=\"0\" data-end=\"56\">Information zur Verarbeitung personenbezogener Daten<\/strong><\/p>\n<p class=\"\" data-start=\"58\" data-end=\"273\">Mit diesem Dokument erhalten Sie Informationen dar\u00fcber, wie Ihre personenbezogenen Daten von wifi.se (Wifi.se Sverige AB SE556421121611) mit Hauptsitz in der Wifi.se &#8211; Box 24206, 104 51 Stockholm verarbeitet werden.<\/p>\n<p class=\"\" data-start=\"275\" data-end=\"1054\">Ihre Privatsph\u00e4re ist uns wichtig, und wir bem\u00fchen uns, Ihre personenbezogenen Daten bestm\u00f6glich zu sch\u00fctzen. In diesem Dokument finden Sie Informationen dar\u00fcber, wie wir als Verantwortliche f\u00fcr die Datenverarbeitung alle personenbezogenen Daten verarbeiten, die \u00fcber Sie gesammelt werden, wenn Sie oder das Unternehmen, das Sie vertreten, einen Kauf t\u00e4tigen, ein Fahrzeug zur Wartung oder Reparatur einreichen, wenn wir ein Fahrzeug von Ihnen kaufen oder wenn Sie einen Vertrag f\u00fcr die Reifeneinlagerung, bekannt als \u201eReifenhotels\u201c, an unserem Standort abschlie\u00dfen. Wenn Sie Fragen zu unserer Verarbeitung Ihrer personenbezogenen Daten haben oder eines Ihrer unten beschriebenen Rechte aus\u00fcben m\u00f6chten, kontaktieren Sie uns bitte unter den oben angegebenen Kontaktinformationen.<\/p>\n<p class=\"\" data-start=\"1056\" data-end=\"1408\"><strong data-start=\"1056\" data-end=\"1097\">Verarbeitete personenbezogene Daten \u2013<\/strong> Bezieht sich auf Autoh\u00e4user, Werkst\u00e4tten, Reifenhotels und andere Serviceunternehmen der Automobilbranche, die Mitglieder der MRF sind. Die personenbezogenen Daten, die wir verarbeiten, beinhalten Informationen, die Sie uns zur Verf\u00fcgung gestellt haben oder die wir von Ihnen oder einem Dritten erhalten haben.<\/p>\n<p class=\"\" data-start=\"1410\" data-end=\"1954\"><strong data-start=\"1410\" data-end=\"1479\">Personenbezogene Daten, die Sie uns zur Verf\u00fcgung gestellt haben:<\/strong><br data-start=\"1479\" data-end=\"1482\" \/>Wenn Sie mit uns als Kunde einen Vertrag abschlie\u00dfen, stellen Sie bestimmte Informationen \u00fcber sich zur Verf\u00fcgung. Die von Ihnen bereitgestellten Informationen k\u00f6nnen Ihren Namen, die Fahrzeug-Registrierungsnummer, Ihre pers\u00f6nliche ID-Nummer, Ihre Kundennummer, Ihre Fahrzeughalternummer, Ihre Kontakt- und Adressdaten sowie Ihre Kartennummer umfassen. Wir k\u00f6nnen auch andere personenbezogene Daten \u00fcber Sie verarbeiten, die Sie uns als Kunde zur Verf\u00fcgung gestellt haben.<\/p>\n<p class=\"\" data-start=\"1956\" data-end=\"2460\"><strong data-start=\"1956\" data-end=\"2035\">Personenbezogene Daten, die wir von Ihnen oder einem Dritten erhoben haben:<\/strong><br data-start=\"2035\" data-end=\"2038\" \/>Wenn Sie uns ein Fahrzeug zur Wartung oder Reparatur \u00fcbergeben, k\u00f6nnen wir die Registrierungsnummer und Informationen aus dem Fahrzeugcomputer erheben. Diese Informationen sind \u00fcberwiegend technischer Natur, wie Fehlercodes und Servicehistorie im Zusammenhang mit Ihrem Fahrzeug. Wir k\u00f6nnen auch Daten zu durchgef\u00fchrten Diagnosen und Arbeiten verarbeiten, einschlie\u00dflich reparierter, ersetzter oder installierter Produkte.<\/p>\n<p class=\"\" data-start=\"2462\" data-end=\"2733\">Wenn Sie einen Vertrag \u00fcber den Kauf eines Fahrzeugs oder eine Dienstleistung mit uns abschlie\u00dfen, k\u00f6nnen wir auch Informationen \u00fcber Ihren Kauf, die Dienstleistung oder Reparatur, die Zahlung und Informationen zur Fahrgestellnummer oder VIN-Nummer des Fahrzeugs sammeln.<\/p>\n<p class=\"\" data-start=\"2735\" data-end=\"2946\">Wir k\u00f6nnen auch Ihre personenbezogenen Daten verarbeiten, die wir durch Suchen im Stra\u00dfenverkehrsregister der schwedischen Transportbeh\u00f6rde erhalten, haupts\u00e4chlich Kontaktinformationen und Registrierungsnummern.<\/p>\n<p class=\"\" data-start=\"2948\" data-end=\"3257\">Die oben genannten personenbezogenen Daten k\u00f6nnen auch verarbeitet werden, wenn jemand anders Ihr Fahrzeug in unserem Auftrag zur Reparatur oder Wartung einreicht. Wenn Sie ein Fahrzeug im Namen eines anderen oder als Vertreter eines Unternehmens einreichen, verarbeiten wir Ihren Namen und Ihre Kontaktdaten.<\/p>\n<p class=\"\" data-start=\"3259\" data-end=\"3542\"><strong data-start=\"3259\" data-end=\"3346\">Zweck und rechtliche Grundlage f\u00fcr die Verarbeitung Ihrer personenbezogenen Daten \u2013<\/strong><br data-start=\"3346\" data-end=\"3349\" \/>F\u00fcr die folgenden Zwecke verarbeiten wir Ihre personenbezogenen Daten, um unsere Vereinbarung zu erf\u00fcllen oder Ma\u00dfnahmen auf Ihre Anfrage hin zu ergreifen, bevor ein Vertrag abgeschlossen wird:<\/p>\n<ul data-start=\"3544\" data-end=\"4997\">\n<li class=\"\" data-start=\"3544\" data-end=\"4059\">\n<p class=\"\" data-start=\"3546\" data-end=\"4059\">Wenn Sie als Kunde oder als Vertreter eines Unternehmens einen Kauf t\u00e4tigen, ein Fahrzeug zur Wartung oder Reparatur einreichen, wenn wir ein Fahrzeug von Ihnen kaufen oder einen Vertrag f\u00fcr ein Reifenhotel abschlie\u00dfen, verarbeiten wir Ihren Namen, Ihre pers\u00f6nliche ID-Nummer, Fahrzeugregistrierungsnummer oder eine andere Identifikationsnummer, Kundennummer, Fahrzeughalternummer, Kontakt- und Adressdaten sowie Kartennummer, um unsere Kundenbeziehung zu verwalten, einschlie\u00dflich der Verwaltung Ihrer Zahlungen.<\/p>\n<\/li>\n<li class=\"\" data-start=\"4060\" data-end=\"4310\">\n<p class=\"\" data-start=\"4062\" data-end=\"4310\">Wenn Sie ein Angebot bei uns anfordern, verarbeiten wir Ihren Namen, Kontaktinformationen und Angebotsdetails w\u00e4hrend der G\u00fcltigkeitsdauer des Angebots, um auf Ihre Anfrage hin Ma\u00dfnahmen zu ergreifen, bevor ein m\u00f6glicher Vertrag abgeschlossen wird.<\/p>\n<\/li>\n<li class=\"\" data-start=\"4311\" data-end=\"4530\">\n<p class=\"\" data-start=\"4313\" data-end=\"4530\">Zur Bearbeitung m\u00f6glicher Beschwerden oder zur Erf\u00fcllung von Garantieverpflichtungen verarbeiten wir Ihren Namen, Ihre Kontaktinformationen, Registrierungsnummer, Kaufinformationen, Diagnosen und ausgef\u00fchrte Arbeiten.<\/p>\n<\/li>\n<li class=\"\" data-start=\"4531\" data-end=\"4696\">\n<p class=\"\" data-start=\"4533\" data-end=\"4696\">Um Ihre Identit\u00e4t zu \u00fcberpr\u00fcfen und bei Bedarf eine Bonit\u00e4tspr\u00fcfung durchzuf\u00fchren, verarbeiten wir Ihren Namen, Ihre pers\u00f6nliche ID-Nummer und Finanzinformationen.<\/p>\n<\/li>\n<li class=\"\" data-start=\"4697\" data-end=\"4997\">\n<p class=\"\" data-start=\"4699\" data-end=\"4997\">Wenn Sie eine Probefahrt mit einem Fahrzeug durchf\u00fchren, verarbeiten wir Ihren Namen, Ihre Kontaktinformationen, Ihren F\u00fchrerschein und Ihre pers\u00f6nliche ID-Nummer, um Ihre Identit\u00e4t zu best\u00e4tigen, F\u00fchrerscheine zu \u00fcberpr\u00fcfen und Geb\u00fchren oder Kosten im Zusammenhang mit der Probefahrt zu verwalten.<\/p>\n<\/li>\n<\/ul>\n<p class=\"\" data-start=\"4999\" data-end=\"5215\">F\u00fcr bestimmte Zwecke verarbeiten wir Ihre personenbezogenen Daten auf der Grundlage einer Interessenabw\u00e4gung als rechtliche Grundlage. Wenn Sie mehr \u00fcber unsere Bewertung erfahren m\u00f6chten, kontaktieren Sie uns bitte.<\/p>\n<p class=\"\" data-start=\"5217\" data-end=\"5548\"><strong data-start=\"5217\" data-end=\"5273\">Wer kann auf Ihre personenbezogenen Daten zugreifen?<\/strong><br data-start=\"5273\" data-end=\"5276\" \/>Ihre personenbezogenen Daten werden haupts\u00e4chlich von uns verarbeitet. Wir teilen sie jedoch mit Generalvertretungen, Herstellern, Versicherungen und IT-Dienstleistern, wenn dies erforderlich ist, um Vereinbarungen zu erf\u00fcllen oder gesetzlichen Anforderungen nachzukommen.<\/p>\n<p class=\"\" data-start=\"5550\" data-end=\"5774\"><strong data-start=\"5550\" data-end=\"5610\">Wie lange bewahren wir Ihre personenbezogenen Daten auf?<\/strong><br data-start=\"5610\" data-end=\"5613\" \/>Wir verarbeiten Ihre personenbezogenen Daten nur so lange, wie es f\u00fcr die in diesem Dokument beschriebenen Zwecke oder gesetzlich erforderlich ist. Zum Beispiel:<\/p>\n<ul data-start=\"5776\" data-end=\"6242\">\n<li class=\"\" data-start=\"5776\" data-end=\"5887\">\n<p class=\"\" data-start=\"5778\" data-end=\"5887\">Zu Buchhaltungszwecken werden Daten sieben Jahre lang gem\u00e4\u00df den schwedischen Buchhaltungsgesetzen aufbewahrt.<\/p>\n<\/li>\n<li class=\"\" data-start=\"5888\" data-end=\"6076\">\n<p class=\"\" data-start=\"5890\" data-end=\"6076\">Kontaktinformationen f\u00fcr Direktmarketing-Zwecke k\u00f6nnen f\u00fcr einen Zeitraum nach einem Kauf oder Ablauf eines Vertrages aufbewahrt werden, wie es die geltenden Datenschutzgesetze zulassen.<\/p>\n<\/li>\n<li class=\"\" data-start=\"6077\" data-end=\"6242\">\n<p class=\"\" data-start=\"6079\" data-end=\"6242\">Daten im Zusammenhang mit Reparaturen, Dienstleistungen oder Probefahrten werden f\u00fcr spezifische Zeitr\u00e4ume aufbewahrt, die vom jeweiligen Transaktionstyp abh\u00e4ngen.<\/p>\n<\/li>\n<\/ul>\n<p class=\"\" data-start=\"6244\" data-end=\"6397\"><strong data-start=\"6244\" data-end=\"6261\">Ihre Rechte \u2013<\/strong><br data-start=\"6261\" data-end=\"6264\" \/>Nach der Datenschutz-Grundverordnung (DSGVO) haben Sie verschiedene Rechte in Bezug auf Ihre personenbezogenen Daten, einschlie\u00dflich:<\/p>\n<ul data-start=\"6399\" data-end=\"6852\">\n<li class=\"\" data-start=\"6399\" data-end=\"6487\">\n<p class=\"\" data-start=\"6401\" data-end=\"6487\">Das Recht auf Auskunft und Anforderung von Informationen zur Verarbeitung Ihrer Daten.<\/p>\n<\/li>\n<li class=\"\" data-start=\"6488\" data-end=\"6537\">\n<p class=\"\" data-start=\"6490\" data-end=\"6537\">Das Recht auf Berichtigung von ungenauen Daten.<\/p>\n<\/li>\n<li class=\"\" data-start=\"6538\" data-end=\"6602\">\n<p class=\"\" data-start=\"6540\" data-end=\"6602\">Das Recht auf L\u00f6schung von Daten unter bestimmten Bedingungen.<\/p>\n<\/li>\n<li class=\"\" data-start=\"6603\" data-end=\"6662\">\n<p class=\"\" data-start=\"6605\" data-end=\"6662\">Das Recht auf Einschr\u00e4nkung der Verarbeitung Ihrer Daten.<\/p>\n<\/li>\n<li class=\"\" data-start=\"6663\" data-end=\"6732\">\n<p class=\"\" data-start=\"6665\" data-end=\"6732\">Das Recht, bestimmten Arten der Datenverarbeitung zu widersprechen.<\/p>\n<\/li>\n<li class=\"\" data-start=\"6733\" data-end=\"6852\">\n<p class=\"\" data-start=\"6735\" data-end=\"6852\">Das Recht auf Daten\u00fcbertragbarkeit, d.h. die M\u00f6glichkeit, Ihre Daten an einen anderen Verantwortlichen zu \u00fcbertragen.<\/p>\n<\/li>\n<\/ul>\n<p class=\"\" data-start=\"6854\" data-end=\"6976\">Wenn Sie Ihre Rechte aus\u00fcben oder Fragen haben, kontaktieren Sie uns bitte unter den Kontaktinformationen auf <a class=\"\" href=\"http:\/\/www.wifi.se\" target=\"_new\" rel=\"noopener\" data-start=\"6964\" data-end=\"6975\">www.wifi.se<\/a>.<\/p>\n<p class=\"\" data-start=\"6978\" data-end=\"7037\">Dieses Dokument wurde zuletzt am 21. Mai 2018 aktualisiert.<\/p>\n<p class=\"\" data-start=\"7039\" data-end=\"7071\"><strong data-start=\"7039\" data-end=\"7071\" data-is-last-node=\"\">wifi.se (Wifi.se Sverige AB)<\/strong><\/p>\n<\/div>\n<\/div>\n<\/div>\n<\/div>\n<div class=\"flex justify-start\">\n<div class=\"touch:-me-2 touch:-ms-3.5 -ms-2.5 -me-1 flex items-center p-1 select-none -mt-1 duration-[1.5s] focus-within:transition-none hover:transition-none pointer-events-none [mask-image:linear-gradient(to_right,black_33%,transparent_66%)] [mask-position:100%_0%] [mask-size:300%_100%] motion-safe:transition-[mask-position] group-hover\/turn-messages:pointer-events-auto group-hover\/turn-messages:[mask-position:0_0] group-focus-within\/turn-messages:pointer-events-auto group-focus-within\/turn-messages:[mask-position:0_0] has-data-[state=open]:pointer-events-auto has-data-[state=open]:[mask-position:0_0]\"><button class=\"text-token-text-secondary hover:bg-token-main-surface-secondary rounded-lg\" aria-label=\"Copy\" data-testid=\"copy-turn-action-button\"><\/button><button class=\"text-token-text-secondary hover:bg-token-main-surface-secondary rounded-lg\" aria-label=\"Good response\" data-testid=\"good-response-turn-action-button\"><\/button><button class=\"text-token-text-secondary hover:bg-token-main-surface-secondary rounded-lg\" aria-label=\"Bad response\" data-testid=\"bad-response-turn-action-button\"><\/button><button class=\"text-token-text-secondary hover:bg-token-main-surface-secondary rounded-lg\" aria-label=\"Read aloud\" data-testid=\"voice-play-turn-action-button\"><\/button><button class=\"text-token-text-secondary hover:bg-token-main-surface-secondary rounded-lg\" aria-label=\"Edit in canvas\"><\/button><\/p>\n<div class=\"flex items-center pb-0\"><span class=\"overflow-hidden text-sm text-clip whitespace-nowrap\">4o mini<\/span><\/div>\n<\/div>\n<\/div>\n<div class=\"mt-3 w-full empty:hidden\">\n<div class=\"text-center\">\u00a0<\/div>\n<\/div>\n<\/div>\n<div class=\"absolute\">\n<div class=\"flex items-center justify-center\">\u00a0<\/div>\n<\/div>\n<\/div>\n<\/div>\n<\/div>\n<\/article>\n<div class=\"pointer-events-none h-px w-px\" aria-hidden=\"true\" data-edge=\"true\">\u00a0<\/div>\n<div>\u00a0<\/div>\n<\/div>\n<\/div>\n<\/div>\n<\/div>\n<div class=\"isolate w-full basis-auto has-data-has-thread-error:pt-2 has-data-has-thread-error:[box-shadow:var(--sharp-edge-bottom-shadow)] md:border-transparent md:pt-0 dark:border-white\/20 md:dark:border-transparent flex flex-col\">\n<div>\n<div class=\"text-base mx-auto px-3 md:px-4 w-full md:px-5 lg:px-4 xl:px-5\">\n<div class=\"mx-auto flex flex-1 text-base gap-4 md:gap-5 lg:gap-6 md:max-w-3xl lg:max-w-[40rem] xl:max-w-[48rem]\">\n<div class=\"flex justify-center empty:hidden\">\u00a0<\/div>\n<div class=\"relative z-1 flex max-w-full flex-1 flex-col h-full max-xs:[--force-hide-label:none]\" aria-haspopup=\"dialog\" aria-expanded=\"false\" aria-controls=\"radix-:R7khioukkt995j5:\" data-state=\"closed\">\n<div class=\"absolute right-0 bottom-full left-0 z-20\">\u00a0<\/div>\n<form class=\"w-full [view-transition-name:var(--vt-composer)]\" data-type=\"unified-composer\">\n<div class=\"border-token-border-xlight flex w-full cursor-text flex-col items-center justify-center rounded-[28px] border bg-clip-padding contain-inline-size overflow-clip shadow-sm sm:shadow-lg dark:shadow-none! bg-token-main-surface-primary dark:bg-[#303030]\">\n<div class=\"relative flex w-full items-end px-3 py-3\">\n<div class=\"relative flex w-full flex-auto flex-col\">\n<div class=\"relative ms-1.5 grid grid-cols-[auto_minmax(0,1fr)]\">\n<div class=\"items-top flex justify-center\">\n<div>\u00a0<\/div>\n<\/div>\n<\/div>\n<\/div>\n<\/div>\n<\/div>\n<\/form>\n<\/div>\n<\/div>\n<\/div>\n<\/div>\n<\/div>\n<\/div>\n","protected":false},"excerpt":{"rendered":"<p>Information zur Verarbeitung personenbezogener Daten Mit diesem Dokument erhalten Sie Informationen dar\u00fcber, wie Ihre personenbezogenen Daten von wifi.se (Wifi.se Sverige AB SE556421121611) mit Hauptsitz in der Wifi.se &#8211; Box 24206, 104 51 Stockholm verarbeitet werden. Ihre Privatsph\u00e4re ist uns wichtig, und wir bem\u00fchen uns, Ihre personenbezogenen Daten bestm\u00f6glich zu sch\u00fctzen. In diesem Dokument finden Sie [&#8230;]\n","protected":false},"author":153,"featured_media":0,"parent":0,"menu_order":0,"comment_status":"closed","ping_status":"closed","template":"","meta":{"_acf_changed":false,"footnotes":""},"class_list":["post-482","page","type-page","status-publish","hentry"],"acf":[],"yoast_head":"<!-- This site is optimized with the Yoast SEO plugin v27.1.1 - https:\/\/yoast.com\/product\/yoast-seo-wordpress\/ -->\n<title>Privacy Policy - Wifi.se<\/title>\n<meta name=\"robots\" content=\"index, follow, max-snippet:-1, max-image-preview:large, max-video-preview:-1\" \/>\n<link rel=\"canonical\" href=\"https:\/\/wifi.se\/de\/datenschutzrichtlinie\/\" \/>\n<meta property=\"og:locale\" content=\"de_DE\" \/>\n<meta property=\"og:type\" content=\"article\" \/>\n<meta property=\"og:title\" content=\"Privacy Policy - Wifi.se\" \/>\n<meta property=\"og:description\" content=\"Information zur Verarbeitung personenbezogener Daten Mit diesem Dokument erhalten Sie Informationen dar\u00fcber, wie Ihre personenbezogenen Daten von wifi.se (Wifi.se Sverige AB SE556421121611) mit Hauptsitz in der Wifi.se &#8211; Box 24206, 104 51 Stockholm verarbeitet werden. Ihre Privatsph\u00e4re ist uns wichtig, und wir bem\u00fchen uns, Ihre personenbezogenen Daten bestm\u00f6glich zu sch\u00fctzen. In diesem Dokument finden Sie [...]\" \/>\n<meta property=\"og:url\" content=\"https:\/\/wifi.se\/de\/datenschutzrichtlinie\/\" \/>\n<meta property=\"og:site_name\" content=\"WIFI.SE\/DE\" \/>\n<meta property=\"article:modified_time\" content=\"2025-04-08T12:36:59+00:00\" \/>\n<meta name=\"twitter:card\" content=\"summary_large_image\" \/>\n<meta name=\"twitter:label1\" content=\"Gesch\u00e4tzte Lesezeit\" \/>\n\t<meta name=\"twitter:data1\" content=\"6\u00a0Minuten\" \/>\n<script type=\"application\/ld+json\" class=\"yoast-schema-graph\">{\"@context\":\"https:\/\/schema.org\",\"@graph\":[{\"@type\":\"WebPage\",\"@id\":\"https:\/\/wifi.se\/de\/datenschutzrichtlinie\/\",\"url\":\"https:\/\/wifi.se\/de\/datenschutzrichtlinie\/\",\"name\":\"Privacy Policy - Wifi.se\",\"isPartOf\":{\"@id\":\"https:\/\/wifi.se\/de\/#website\"},\"datePublished\":\"2019-08-30T18:37:48+00:00\",\"dateModified\":\"2025-04-08T12:36:59+00:00\",\"breadcrumb\":{\"@id\":\"https:\/\/wifi.se\/de\/datenschutzrichtlinie\/#breadcrumb\"},\"inLanguage\":\"de\",\"potentialAction\":[{\"@type\":\"ReadAction\",\"target\":[\"https:\/\/wifi.se\/de\/datenschutzrichtlinie\/\"]}]},{\"@type\":\"BreadcrumbList\",\"@id\":\"https:\/\/wifi.se\/de\/datenschutzrichtlinie\/#breadcrumb\",\"itemListElement\":[{\"@type\":\"ListItem\",\"position\":1,\"name\":\"Hem\",\"item\":\"https:\/\/wifi.se\/de\/\"},{\"@type\":\"ListItem\",\"position\":2,\"name\":\"Datenschutzrichtlinie\"}]},{\"@type\":\"WebSite\",\"@id\":\"https:\/\/wifi.se\/de\/#website\",\"url\":\"https:\/\/wifi.se\/de\/\",\"name\":\"WIFI.SE\/DE\",\"description\":\"INTERNET \u00dcBERALL\",\"potentialAction\":[{\"@type\":\"SearchAction\",\"target\":{\"@type\":\"EntryPoint\",\"urlTemplate\":\"https:\/\/wifi.se\/de\/?s={search_term_string}\"},\"query-input\":{\"@type\":\"PropertyValueSpecification\",\"valueRequired\":true,\"valueName\":\"search_term_string\"}}],\"inLanguage\":\"de\"}]}<\/script>\n<!-- \/ Yoast SEO plugin. -->","yoast_head_json":{"title":"Privacy Policy - Wifi.se","robots":{"index":"index","follow":"follow","max-snippet":"max-snippet:-1","max-image-preview":"max-image-preview:large","max-video-preview":"max-video-preview:-1"},"canonical":"https:\/\/wifi.se\/de\/datenschutzrichtlinie\/","og_locale":"de_DE","og_type":"article","og_title":"Privacy Policy - Wifi.se","og_description":"Information zur Verarbeitung personenbezogener Daten Mit diesem Dokument erhalten Sie Informationen dar\u00fcber, wie Ihre personenbezogenen Daten von wifi.se (Wifi.se Sverige AB SE556421121611) mit Hauptsitz in der Wifi.se &#8211; Box 24206, 104 51 Stockholm verarbeitet werden. Ihre Privatsph\u00e4re ist uns wichtig, und wir bem\u00fchen uns, Ihre personenbezogenen Daten bestm\u00f6glich zu sch\u00fctzen. In diesem Dokument finden Sie [...]","og_url":"https:\/\/wifi.se\/de\/datenschutzrichtlinie\/","og_site_name":"WIFI.SE\/DE","article_modified_time":"2025-04-08T12:36:59+00:00","twitter_card":"summary_large_image","twitter_misc":{"Gesch\u00e4tzte Lesezeit":"6\u00a0Minuten"},"schema":{"@context":"https:\/\/schema.org","@graph":[{"@type":"WebPage","@id":"https:\/\/wifi.se\/de\/datenschutzrichtlinie\/","url":"https:\/\/wifi.se\/de\/datenschutzrichtlinie\/","name":"Privacy Policy - Wifi.se","isPartOf":{"@id":"https:\/\/wifi.se\/de\/#website"},"datePublished":"2019-08-30T18:37:48+00:00","dateModified":"2025-04-08T12:36:59+00:00","breadcrumb":{"@id":"https:\/\/wifi.se\/de\/datenschutzrichtlinie\/#breadcrumb"},"inLanguage":"de","potentialAction":[{"@type":"ReadAction","target":["https:\/\/wifi.se\/de\/datenschutzrichtlinie\/"]}]},{"@type":"BreadcrumbList","@id":"https:\/\/wifi.se\/de\/datenschutzrichtlinie\/#breadcrumb","itemListElement":[{"@type":"ListItem","position":1,"name":"Hem","item":"https:\/\/wifi.se\/de\/"},{"@type":"ListItem","position":2,"name":"Datenschutzrichtlinie"}]},{"@type":"WebSite","@id":"https:\/\/wifi.se\/de\/#website","url":"https:\/\/wifi.se\/de\/","name":"WIFI.SE\/DE","description":"INTERNET \u00dcBERALL","potentialAction":[{"@type":"SearchAction","target":{"@type":"EntryPoint","urlTemplate":"https:\/\/wifi.se\/de\/?s={search_term_string}"},"query-input":{"@type":"PropertyValueSpecification","valueRequired":true,"valueName":"search_term_string"}}],"inLanguage":"de"}]}},"_links":{"self":[{"href":"https:\/\/wifi.se\/de\/wp-json\/wp\/v2\/pages\/482","targetHints":{"allow":["GET"]}}],"collection":[{"href":"https:\/\/wifi.se\/de\/wp-json\/wp\/v2\/pages"}],"about":[{"href":"https:\/\/wifi.se\/de\/wp-json\/wp\/v2\/types\/page"}],"author":[{"embeddable":true,"href":"https:\/\/wifi.se\/de\/wp-json\/wp\/v2\/users\/153"}],"replies":[{"embeddable":true,"href":"https:\/\/wifi.se\/de\/wp-json\/wp\/v2\/comments?post=482"}],"version-history":[{"count":5,"href":"https:\/\/wifi.se\/de\/wp-json\/wp\/v2\/pages\/482\/revisions"}],"predecessor-version":[{"id":32230,"href":"https:\/\/wifi.se\/de\/wp-json\/wp\/v2\/pages\/482\/revisions\/32230"}],"wp:attachment":[{"href":"https:\/\/wifi.se\/de\/wp-json\/wp\/v2\/media?parent=482"}],"curies":[{"name":"wp","href":"https:\/\/api.w.org\/{rel}","templated":true}]}}