{"id":480,"date":"2019-08-30T18:37:08","date_gmt":"2019-08-30T18:37:08","guid":{"rendered":"https:\/\/wifi.se\/?page_id=480"},"modified":"2025-04-08T14:38:13","modified_gmt":"2025-04-08T12:38:13","slug":"allgemeine-geschaftsbedingung","status":"publish","type":"page","link":"https:\/\/wifi.se\/de\/allgemeine-geschaftsbedingung\/","title":{"rendered":"Allgemeine Gesch\u00e4ftsbedingungen"},"content":{"rendered":"<h3 data-start=\"80\" data-end=\"99\">Kaufbedingungen<\/h3>\n<p class=\"\" data-start=\"101\" data-end=\"357\"><strong data-start=\"101\" data-end=\"130\">Unternehmensinformationen<\/strong><br data-start=\"130\" data-end=\"133\" \/>F\u00fcr Eink\u00e4ufe auf <a class=\"\" href=\"http:\/\/www.wifi.se\" target=\"_new\" rel=\"noopener\" data-start=\"150\" data-end=\"161\">www.wifi.se<\/a> ist die Firma Wifi.se Sverige AB verantwortlich, mit der Organisationsnummer 556421-1216 und der internationalen USt-IdNr. SE556421121601.<br data-start=\"300\" data-end=\"303\" \/>Adresse:<br data-start=\"311\" data-end=\"314\" \/>Wifi.se, Artillerigatan 6, 114 51 Stockholm<\/p>\n<p class=\"\" data-start=\"359\" data-end=\"696\"><strong data-start=\"359\" data-end=\"369\">Preise<\/strong><br data-start=\"369\" data-end=\"372\" \/>Alle Preise sind in schwedischen Kronen (SEK) angegeben und beinhalten die Mehrwertsteuer sowie sonstige Geb\u00fchren. Die Gesamtkosten des Kaufs werden vor dem endg\u00fcltigen Abschluss der Bestellung deutlich angezeigt und beinhalten alle mit dem Kauf verbundenen Kosten, einschlie\u00dflich etwaiger Versand- und Bearbeitungsgeb\u00fchren.<\/p>\n<p class=\"\" data-start=\"698\" data-end=\"964\"><strong data-start=\"698\" data-end=\"724\">Versand \/ Lieferzeiten<\/strong><br data-start=\"724\" data-end=\"727\" \/>In der Regel wird das Produkt sp\u00e4testens 3 Werktage nach Eingang der Bestellung versendet. Wenn Produkte nicht auf Lager sind, k\u00f6nnen die Lieferzeiten variieren. In diesem Fall informieren wir Sie \u00fcber den voraussichtlichen Liefertermin.<\/p>\n<p class=\"\" data-start=\"966\" data-end=\"1091\">F\u00fcr den Versand innerhalb und au\u00dferhalb Schwedens nutzen wir Postnord oder DHL. Die Versandkosten werden beim Kauf angegeben.<\/p>\n<p class=\"\" data-start=\"1093\" data-end=\"1491\">Sobald Ihre Bestellung versendet wurde, erhalten Sie eine Best\u00e4tigungs-E-Mail mit einer Sendungsverfolgungsnummer, damit Sie Ihr Paket verfolgen k\u00f6nnen. Diese wird an die bei der Bestellung angegebene Mobilnummer oder E-Mail-Adresse gesendet. F\u00fcr vorr\u00e4tige Produkte erfolgt die Lieferung in der Regel sp\u00e4testens am zweiten Werktag nach Bestellbest\u00e4tigung \u2013 ausgenommen Feiertage oder Urlaubszeiten.<\/p>\n<p class=\"\" data-start=\"1493\" data-end=\"1802\">Wifi.se Sverige AB beh\u00e4lt sich das Recht auf Lagerfehler vor, die zu Verz\u00f6gerungen f\u00fchren k\u00f6nnen. Sollte ein Produkt nicht auf Lager sein, werden wir Sie \u00fcber das fr\u00fchestm\u00f6gliche Lieferdatum informieren. Wifi.se Sverige AB haftet nicht f\u00fcr etwaige Sch\u00e4den, die dem Kunden durch solche Verz\u00f6gerungen entstehen.<\/p>\n<p class=\"\" data-start=\"1804\" data-end=\"2010\"><strong data-start=\"1804\" data-end=\"1830\">Nicht abgeholte Pakete<\/strong><br data-start=\"1830\" data-end=\"1833\" \/>F\u00fcr nicht abgeholte Bestellungen, die an uns zur\u00fcckgesendet werden, behalten wir uns das Recht vor, eine Geb\u00fchr von 20\u202f% des Bestellwerts, jedoch mindestens 300 SEK, zu erheben.<\/p>\n<p class=\"\" data-start=\"2012\" data-end=\"2371\"><strong data-start=\"2012\" data-end=\"2041\">Widerrufsrecht \/ R\u00fcckgabe<\/strong><br data-start=\"2041\" data-end=\"2044\" \/>Beim Fernabsatz (z.\u202fB. Online- oder Telefonbestellung) haben Sie ein 14-t\u00e4giges Widerrufsrecht. Sie k\u00f6nnen den Kauf widerrufen, indem Sie uns kontaktieren. Um vom Widerrufsrecht Gebrauch zu machen, muss die Verpackung unge\u00f6ffnet sein und kein Dienst darf bereits begonnen haben. Wir \u00fcbernehmen die Versandkosten in diesem Fall.<\/p>\n<p class=\"\" data-start=\"2373\" data-end=\"2615\">Das Widerrufsrecht entf\u00e4llt, wenn der Dienst mit Ihrer ausdr\u00fccklichen Zustimmung vollst\u00e4ndig erbracht wurde oder wenn das Produktsiegel besch\u00e4digt wurde. Mit anderen Worten: Wurde das Produkt bereits genutzt, besteht kein Widerrufsrecht mehr.<\/p>\n<p class=\"\" data-start=\"2617\" data-end=\"2882\"><strong data-start=\"2617\" data-end=\"2631\">Vorbehalte<\/strong><br data-start=\"2631\" data-end=\"2634\" \/>Wir behalten uns das Recht vor, Preise bei erheblichen \u00c4nderungen seitens unserer Lieferanten, bei Tippfehlern oder bei anderen Umst\u00e4nden au\u00dferhalb unserer Kontrolle anzupassen. Mehr zu unvorhersehbaren Ereignissen finden Sie unter &#8220;H\u00f6here Gewalt&#8221;.<\/p>\n<p class=\"\" data-start=\"2884\" data-end=\"3362\"><strong data-start=\"2884\" data-end=\"2899\">Reparaturen<\/strong><br data-start=\"2899\" data-end=\"2902\" \/>Sollten wir das Problem nicht direkt beheben k\u00f6nnen, wird das Produkt zur Fehlerdiagnose an unseren Lieferanten gesendet. Der Prozess beginnt, sobald das defekte Produkt bei Wifi.se Sverige AB eingetroffen ist und das Problem verifiziert wurde. Die Standardbearbeitungszeit f\u00fcr die Fehlerdiagnose betr\u00e4gt 7 Werktage. Falls eine Reparatur nicht m\u00f6glich ist, wird das Produkt an den Lieferanten weitergeleitet, was zu einer l\u00e4ngeren Bearbeitungszeit f\u00fchren kann.<\/p>\n<p class=\"\" data-start=\"3364\" data-end=\"3498\">Die R\u00fccksendung defekter Produkte erfolgt auf Kosten des K\u00e4ufers. Reparierte Produkte werden auf Kosten des Verk\u00e4ufers zur\u00fcckgesendet.<\/p>\n<p class=\"\" data-start=\"3500\" data-end=\"3904\"><strong data-start=\"3500\" data-end=\"3536\">Abonnementlaufzeit und K\u00fcndigung<\/strong><br data-start=\"3536\" data-end=\"3539\" \/>Das Abonnement l\u00e4uft unbefristet ohne feste K\u00fcndigungsfrist. Die Mindestlaufzeit betr\u00e4gt 4 oder 12 Monate und ist als wiederkehrender Dienst gestaltet.<br data-start=\"3690\" data-end=\"3693\" \/>Die K\u00fcndigung muss sp\u00e4testens 30 Tage vor Ablauf des aktuellen Abrechnungszeitraums erfolgen. Andernfalls wird eine neue Rechnung gestellt oder der Betrag f\u00fcr den n\u00e4chsten 30-Tage-Zeitraum automatisch abgebucht.<\/p>\n<p class=\"\" data-start=\"3906\" data-end=\"4201\"><strong data-start=\"3906\" data-end=\"3952\">Zahlung und personenbezogene Daten (DSGVO)<\/strong><br data-start=\"3952\" data-end=\"3955\" \/>Die Zahlungen werden \u00fcber Klarna AB abgewickelt, eine sichere schwedische L\u00f6sung f\u00fcr den elektronischen Handel. Kartendaten werden stets per SSL\/TLS verschl\u00fcsselt. Alle Zahlungsinformationen werden gem\u00e4\u00df den PCI-DSS-Level-1-Standards gespeichert.<\/p>\n<p class=\"\" data-start=\"4203\" data-end=\"4875\">Wir verarbeiten personenbezogene Daten gem\u00e4\u00df der Datenschutz-Grundverordnung (DSGVO). Mit dem Kauf erkl\u00e4ren Sie sich einverstanden, dass wir Ihre Daten speichern und verarbeiten. Wir speichern nur die notwendigen Daten, um den Vertrag zu erf\u00fcllen und unseren Betrieb zu f\u00fchren. Laut DSGVO haben Sie das Recht, Auskunft \u00fcber Ihre gespeicherten Daten zu verlangen. Sollten die gespeicherten Informationen falsch, unvollst\u00e4ndig oder irrelevant sein, k\u00f6nnen Sie eine Korrektur, Einschr\u00e4nkung oder L\u00f6schung verlangen \u2013 soweit gesetzlich zul\u00e4ssig (z.\u202fB. nach Buchf\u00fchrungsgesetz). Weitere Informationen finden Sie in unserer Datenschutzerkl\u00e4rung (auch unten auf unserer Website).<\/p>\n<p class=\"\" data-start=\"4877\" data-end=\"5331\"><strong data-start=\"4877\" data-end=\"4907\">Garantie und Reklamationen<\/strong><br data-start=\"4907\" data-end=\"4910\" \/>F\u00fcr Router, Routerpakete, Antennen und weiteres Zubeh\u00f6r gilt eine Garantie von 1 Jahr.<br data-start=\"4996\" data-end=\"4999\" \/>M\u00e4ngel oder Fehler an gelieferten Waren m\u00fcssen innerhalb einer angemessenen Frist nach deren Entdeckung oder dem Zeitpunkt, an dem sie h\u00e4tten entdeckt werden m\u00fcssen, gemeldet werden. Die Reklamation muss innerhalb von 3 Jahren nach Erhalt der Ware erfolgen, sofern nicht durch Garantie oder gesetzliche Bestimmungen anders geregelt.<\/p>\n<p class=\"\" data-start=\"5333\" data-end=\"5630\"><strong data-start=\"5333\" data-end=\"5352\">Fair Use Policy<\/strong><br data-start=\"5352\" data-end=\"5355\" \/>F\u00fcr unsere SIM-Karten mit einer Laufzeit von 365 Tagen gilt: Mindestens 50\u202f% der Datennutzung muss in Schweden erfolgen. Diese Karten m\u00fcssen au\u00dferdem in Schweden gekauft werden. Bei Missbrauch au\u00dferhalb Schwedens behalten wir uns das Recht vor, die SIM-Karte zu deaktivieren.<\/p>\n<p class=\"\" data-start=\"5632\" data-end=\"5966\"><strong data-start=\"5632\" data-end=\"5665\">H\u00f6here Gewalt (Force Majeure)<\/strong><br data-start=\"5665\" data-end=\"5668\" \/>Keine Partei haftet f\u00fcr die Nichterf\u00fcllung ihrer Pflichten aufgrund unvorhersehbarer Ereignisse au\u00dferhalb ihrer Kontrolle (z.\u202fB. Naturkatastrophen, Streiks). Sollte ein solcher Zustand l\u00e4nger als einen (1) Monat andauern, ist jede Partei berechtigt, das Abkommen mit sofortiger Wirkung zu k\u00fcndigen.<\/p>\n<p class=\"\" data-start=\"5968\" data-end=\"6215\"><strong data-start=\"5968\" data-end=\"5983\">Streitf\u00e4lle<\/strong><br data-start=\"5983\" data-end=\"5986\" \/>Streitigkeiten sollen zun\u00e4chst durch Verhandlungen gel\u00f6st werden. Kommt keine Einigung zustande, kann der Fall an die Allgemeine Reklamationsstelle (Allm\u00e4nna reklamationsn\u00e4mnden) oder an ein ordentliches Gericht verwiesen werden.<\/p>\n","protected":false},"excerpt":{"rendered":"<p>Kaufbedingungen UnternehmensinformationenF\u00fcr Eink\u00e4ufe auf www.wifi.se ist die Firma Wifi.se Sverige AB verantwortlich, mit der Organisationsnummer 556421-1216 und der internationalen USt-IdNr. SE556421121601.Adresse:Wifi.se, Artillerigatan 6, 114 51 Stockholm PreiseAlle Preise sind in schwedischen Kronen (SEK) angegeben und beinhalten die Mehrwertsteuer sowie sonstige Geb\u00fchren. Die Gesamtkosten des Kaufs werden vor dem endg\u00fcltigen Abschluss der Bestellung deutlich angezeigt und [&#8230;]\n","protected":false},"author":153,"featured_media":0,"parent":0,"menu_order":0,"comment_status":"closed","ping_status":"closed","template":"","meta":{"_acf_changed":false,"footnotes":""},"class_list":["post-480","page","type-page","status-publish","hentry"],"acf":[],"yoast_head":"<!-- This site is optimized with the Yoast SEO plugin v27.1.1 - https:\/\/yoast.com\/product\/yoast-seo-wordpress\/ -->\n<title>K\u00d6PVILLKOR - Wifi.se<\/title>\n<meta name=\"robots\" content=\"index, follow, max-snippet:-1, max-image-preview:large, max-video-preview:-1\" \/>\n<link rel=\"canonical\" href=\"https:\/\/wifi.se\/de\/allgemeine-geschaftsbedingung\/\" \/>\n<meta property=\"og:locale\" content=\"de_DE\" \/>\n<meta property=\"og:type\" content=\"article\" \/>\n<meta property=\"og:title\" content=\"K\u00d6PVILLKOR - Wifi.se\" \/>\n<meta property=\"og:description\" content=\"Kaufbedingungen UnternehmensinformationenF\u00fcr Eink\u00e4ufe auf www.wifi.se ist die Firma Wifi.se Sverige AB verantwortlich, mit der Organisationsnummer 556421-1216 und der internationalen USt-IdNr. SE556421121601.Adresse:Wifi.se, Artillerigatan 6, 114 51 Stockholm PreiseAlle Preise sind in schwedischen Kronen (SEK) angegeben und beinhalten die Mehrwertsteuer sowie sonstige Geb\u00fchren. Die Gesamtkosten des Kaufs werden vor dem endg\u00fcltigen Abschluss der Bestellung deutlich angezeigt und [...]\" \/>\n<meta property=\"og:url\" content=\"https:\/\/wifi.se\/de\/allgemeine-geschaftsbedingung\/\" \/>\n<meta property=\"og:site_name\" content=\"WIFI.SE\/DE\" \/>\n<meta property=\"article:modified_time\" content=\"2025-04-08T12:38:13+00:00\" \/>\n<meta name=\"twitter:card\" content=\"summary_large_image\" \/>\n<meta name=\"twitter:label1\" content=\"Gesch\u00e4tzte Lesezeit\" \/>\n\t<meta name=\"twitter:data1\" content=\"5\u00a0Minuten\" \/>\n<script type=\"application\/ld+json\" class=\"yoast-schema-graph\">{\"@context\":\"https:\/\/schema.org\",\"@graph\":[{\"@type\":\"WebPage\",\"@id\":\"https:\/\/wifi.se\/de\/allgemeine-geschaftsbedingung\/\",\"url\":\"https:\/\/wifi.se\/de\/allgemeine-geschaftsbedingung\/\",\"name\":\"K\u00d6PVILLKOR - Wifi.se\",\"isPartOf\":{\"@id\":\"https:\/\/wifi.se\/de\/#website\"},\"datePublished\":\"2019-08-30T18:37:08+00:00\",\"dateModified\":\"2025-04-08T12:38:13+00:00\",\"breadcrumb\":{\"@id\":\"https:\/\/wifi.se\/de\/allgemeine-geschaftsbedingung\/#breadcrumb\"},\"inLanguage\":\"de\",\"potentialAction\":[{\"@type\":\"ReadAction\",\"target\":[\"https:\/\/wifi.se\/de\/allgemeine-geschaftsbedingung\/\"]}]},{\"@type\":\"BreadcrumbList\",\"@id\":\"https:\/\/wifi.se\/de\/allgemeine-geschaftsbedingung\/#breadcrumb\",\"itemListElement\":[{\"@type\":\"ListItem\",\"position\":1,\"name\":\"Hem\",\"item\":\"https:\/\/wifi.se\/de\/\"},{\"@type\":\"ListItem\",\"position\":2,\"name\":\"Allgemeine Gesch\u00e4ftsbedingungen\"}]},{\"@type\":\"WebSite\",\"@id\":\"https:\/\/wifi.se\/de\/#website\",\"url\":\"https:\/\/wifi.se\/de\/\",\"name\":\"WIFI.SE\/DE\",\"description\":\"INTERNET \u00dcBERALL\",\"potentialAction\":[{\"@type\":\"SearchAction\",\"target\":{\"@type\":\"EntryPoint\",\"urlTemplate\":\"https:\/\/wifi.se\/de\/?s={search_term_string}\"},\"query-input\":{\"@type\":\"PropertyValueSpecification\",\"valueRequired\":true,\"valueName\":\"search_term_string\"}}],\"inLanguage\":\"de\"}]}<\/script>\n<!-- \/ Yoast SEO plugin. -->","yoast_head_json":{"title":"K\u00d6PVILLKOR - Wifi.se","robots":{"index":"index","follow":"follow","max-snippet":"max-snippet:-1","max-image-preview":"max-image-preview:large","max-video-preview":"max-video-preview:-1"},"canonical":"https:\/\/wifi.se\/de\/allgemeine-geschaftsbedingung\/","og_locale":"de_DE","og_type":"article","og_title":"K\u00d6PVILLKOR - Wifi.se","og_description":"Kaufbedingungen UnternehmensinformationenF\u00fcr Eink\u00e4ufe auf www.wifi.se ist die Firma Wifi.se Sverige AB verantwortlich, mit der Organisationsnummer 556421-1216 und der internationalen USt-IdNr. SE556421121601.Adresse:Wifi.se, Artillerigatan 6, 114 51 Stockholm PreiseAlle Preise sind in schwedischen Kronen (SEK) angegeben und beinhalten die Mehrwertsteuer sowie sonstige Geb\u00fchren. Die Gesamtkosten des Kaufs werden vor dem endg\u00fcltigen Abschluss der Bestellung deutlich angezeigt und [...]","og_url":"https:\/\/wifi.se\/de\/allgemeine-geschaftsbedingung\/","og_site_name":"WIFI.SE\/DE","article_modified_time":"2025-04-08T12:38:13+00:00","twitter_card":"summary_large_image","twitter_misc":{"Gesch\u00e4tzte Lesezeit":"5\u00a0Minuten"},"schema":{"@context":"https:\/\/schema.org","@graph":[{"@type":"WebPage","@id":"https:\/\/wifi.se\/de\/allgemeine-geschaftsbedingung\/","url":"https:\/\/wifi.se\/de\/allgemeine-geschaftsbedingung\/","name":"K\u00d6PVILLKOR - Wifi.se","isPartOf":{"@id":"https:\/\/wifi.se\/de\/#website"},"datePublished":"2019-08-30T18:37:08+00:00","dateModified":"2025-04-08T12:38:13+00:00","breadcrumb":{"@id":"https:\/\/wifi.se\/de\/allgemeine-geschaftsbedingung\/#breadcrumb"},"inLanguage":"de","potentialAction":[{"@type":"ReadAction","target":["https:\/\/wifi.se\/de\/allgemeine-geschaftsbedingung\/"]}]},{"@type":"BreadcrumbList","@id":"https:\/\/wifi.se\/de\/allgemeine-geschaftsbedingung\/#breadcrumb","itemListElement":[{"@type":"ListItem","position":1,"name":"Hem","item":"https:\/\/wifi.se\/de\/"},{"@type":"ListItem","position":2,"name":"Allgemeine Gesch\u00e4ftsbedingungen"}]},{"@type":"WebSite","@id":"https:\/\/wifi.se\/de\/#website","url":"https:\/\/wifi.se\/de\/","name":"WIFI.SE\/DE","description":"INTERNET \u00dcBERALL","potentialAction":[{"@type":"SearchAction","target":{"@type":"EntryPoint","urlTemplate":"https:\/\/wifi.se\/de\/?s={search_term_string}"},"query-input":{"@type":"PropertyValueSpecification","valueRequired":true,"valueName":"search_term_string"}}],"inLanguage":"de"}]}},"_links":{"self":[{"href":"https:\/\/wifi.se\/de\/wp-json\/wp\/v2\/pages\/480","targetHints":{"allow":["GET"]}}],"collection":[{"href":"https:\/\/wifi.se\/de\/wp-json\/wp\/v2\/pages"}],"about":[{"href":"https:\/\/wifi.se\/de\/wp-json\/wp\/v2\/types\/page"}],"author":[{"embeddable":true,"href":"https:\/\/wifi.se\/de\/wp-json\/wp\/v2\/users\/153"}],"replies":[{"embeddable":true,"href":"https:\/\/wifi.se\/de\/wp-json\/wp\/v2\/comments?post=480"}],"version-history":[{"count":4,"href":"https:\/\/wifi.se\/de\/wp-json\/wp\/v2\/pages\/480\/revisions"}],"predecessor-version":[{"id":32217,"href":"https:\/\/wifi.se\/de\/wp-json\/wp\/v2\/pages\/480\/revisions\/32217"}],"wp:attachment":[{"href":"https:\/\/wifi.se\/de\/wp-json\/wp\/v2\/media?parent=480"}],"curies":[{"name":"wp","href":"https:\/\/api.w.org\/{rel}","templated":true}]}}