{"id":32223,"date":"2025-04-08T14:26:26","date_gmt":"2025-04-08T12:26:26","guid":{"rendered":"https:\/\/wifi.se\/de\/?page_id=32223"},"modified":"2025-04-08T14:28:13","modified_gmt":"2025-04-08T12:28:13","slug":"einkaufsbedingungen","status":"publish","type":"page","link":"https:\/\/wifi.se\/de\/einkaufsbedingungen\/","title":{"rendered":"Einkaufsbedingungen"},"content":{"rendered":"<div class=\"flex flex-1 grow basis-auto flex-col overflow-hidden\">\n<div class=\"relative h-full\">\n<div class=\"flex h-full flex-col overflow-y-auto [scrollbar-gutter:stable]\">\n<div class=\"@thread-xl\/thread:pt-header-height mt-1.5 flex flex-col text-sm md:pb-9\">\n<article class=\"text-token-text-primary w-full\" dir=\"auto\" data-testid=\"conversation-turn-152\" data-scroll-anchor=\"true\">\n<div class=\"text-base my-auto mx-auto py-5 px-6\">\n<div class=\"mx-auto flex flex-1 text-base gap-4 md:gap-5 lg:gap-6 md:max-w-3xl lg:max-w-[40rem] xl:max-w-[48rem] group\/turn-messages focus-visible:outline-hidden\" tabindex=\"-1\">\n<div class=\"group\/conversation-turn relative flex w-full min-w-0 flex-col agent-turn @xs\/thread:px-0 @sm\/thread:px-1.5 @md\/thread:px-4\">\n<div class=\"relative flex-col gap-1 md:gap-3\">\n<div class=\"flex max-w-full flex-col grow\">\n<div class=\"min-h-8 text-message relative flex w-full flex-col items-end gap-2 text-start break-words whitespace-normal [.text-message+&amp;]:mt-5\" dir=\"auto\" data-message-author-role=\"assistant\" data-message-id=\"04bd7531-b4f3-4879-8f3e-ffc7041a3abb\" data-message-model-slug=\"gpt-4o\">\n<div class=\"flex w-full flex-col gap-1 empty:hidden first:pt-[3px]\">\n<div class=\"markdown prose dark:prose-invert w-full break-words light\">\n<h3 class=\"\" data-start=\"99\" data-end=\"118\">KAUFBEDINGUNGEN<\/h3>\n<h4 class=\"\" data-start=\"120\" data-end=\"150\">UNTERNEHMENSINFORMATION<\/h4>\n<p class=\"\" data-start=\"151\" data-end=\"372\">F\u00fcr K\u00e4ufe \u00fcber <a class=\"\" href=\"http:\/\/www.wifi.se\" target=\"_new\" rel=\"noopener\" data-start=\"166\" data-end=\"177\">www.wifi.se<\/a> ist die Firma Wifi.se Sverige AB verantwortlich, Organisationsnummer: 556421-1216, mit internationaler USt.-ID: SE556421121601.<br data-start=\"305\" data-end=\"308\" \/>Adresse:<br data-start=\"316\" data-end=\"319\" \/>Wifi.se, Artillerigatan 6, 114 51 Stockholm, Schweden<\/p>\n<hr class=\"\" data-start=\"374\" data-end=\"377\" \/>\n<h3 class=\"\" data-start=\"379\" data-end=\"391\">PREISE<\/h3>\n<p class=\"\" data-start=\"392\" data-end=\"702\">Alle Preise sind in schwedischen Kronen (SEK) angegeben und enthalten Mehrwertsteuer sowie sonstige Geb\u00fchren. Die Gesamtkosten f\u00fcr den Kauf werden deutlich angezeigt, bevor die Bestellung abgeschlossen wird, und beinhalten alle mit dem Kauf verbundenen Kosten, einschlie\u00dflich etwaiger Porto- und Versandkosten.<\/p>\n<hr class=\"\" data-start=\"704\" data-end=\"707\" \/>\n<h3 class=\"\" data-start=\"709\" data-end=\"737\">VERSAND \/ LIEFERZEITEN<\/h3>\n<p class=\"\" data-start=\"738\" data-end=\"1139\">In der Regel wird die Ware sp\u00e4testens drei Werktage nach Eingang der Bestellung versendet. Sollte ein Produkt nicht auf Lager sein, kann sich die Lieferzeit \u00e4ndern. In diesem Fall wird \u00fcber den voraussichtlichen Liefertermin informiert.<br data-start=\"974\" data-end=\"977\" \/>Wir liefern mit Postnord oder DHL, die auch f\u00fcr den Versand innerhalb und au\u00dferhalb Schwedens verantwortlich sind. Die Versandkosten werden beim Kauf angegeben.<\/p>\n<p class=\"\" data-start=\"1141\" data-end=\"1505\">Sobald Ihre Bestellung versendet wurde, erhalten Sie eine Best\u00e4tigung per E-Mail mit einer Sendungsverfolgungsnummer. Diese wird an die bei der Bestellung angegebene Telefonnummer oder E-Mail-Adresse gesendet. F\u00fcr lagernde Artikel erfolgt die Lieferung in der Regel sp\u00e4testens am zweiten Werktag nach Bestellbest\u00e4tigung \u2013 ausgenommen Br\u00fcckentage oder Ferienzeiten.<\/p>\n<p class=\"\" data-start=\"1507\" data-end=\"1804\">Wifi.se Sverige AB beh\u00e4lt sich das Recht vor, bei Bestandsfehlern eine versp\u00e4tete Lieferung vorzunehmen. Sollte ein Artikel nicht lieferbar sein, informieren wir Sie \u00fcber den fr\u00fchestm\u00f6glichen Liefertermin. Eine Haftung f\u00fcr eventuelle Sch\u00e4den, die dem Kunden dadurch entstehen, wird ausgeschlossen.<\/p>\n<hr class=\"\" data-start=\"1806\" data-end=\"1809\" \/>\n<h3 class=\"\" data-start=\"1811\" data-end=\"1839\">NICHT ABGEHOLTE PAKETE<\/h3>\n<p class=\"\" data-start=\"1840\" data-end=\"2024\">F\u00fcr nicht abgeholte Bestellungen, die an uns zur\u00fcckgesendet werden, behalten wir uns das Recht vor, eine Geb\u00fchr in H\u00f6he von 20\u202f% des Warenwerts, jedoch mindestens 300\u202fSEK zu berechnen.<\/p>\n<hr class=\"\" data-start=\"2026\" data-end=\"2029\" \/>\n<h3 class=\"\" data-start=\"2031\" data-end=\"2067\">WIDERRUFSRECHT \/ R\u00dcCKSENDUNGEN<\/h3>\n<p class=\"\" data-start=\"2068\" data-end=\"2358\">Beim Kauf \u00fcber das Internet oder den Kundenservice gilt ein 14-t\u00e4giges Widerrufsrecht. Um vom Kauf zur\u00fcckzutreten, kontaktieren Sie uns bitte. Das Widerrufsrecht gilt nur, wenn die Verpackung unversehrt ist und die Dienstleistung nicht begonnen wurde. Versandkosten werden ggf. erstattet.<\/p>\n<p class=\"\" data-start=\"2360\" data-end=\"2658\">Ein Widerrufsrecht besteht nicht, wenn die Dienstleistung vollst\u00e4ndig erbracht wurde und Sie ausdr\u00fccklich zugestimmt haben, dass die Dienstleistung vor Ablauf der Widerrufsfrist beginnt, oder wenn das Siegel gebrochen wurde. Mit anderen Worten: Bei Nutzung des Produkts besteht kein Widerrufsrecht.<\/p>\n<hr class=\"\" data-start=\"2660\" data-end=\"2663\" \/>\n<h3 class=\"\" data-start=\"2665\" data-end=\"2681\">VORBEHALTE<\/h3>\n<p class=\"\" data-start=\"2682\" data-end=\"2900\">Wir behalten uns Preis\u00e4nderungen aufgrund von erheblichen Preisabweichungen seitens unserer Lieferanten, Tippfehlern oder Umst\u00e4nden au\u00dferhalb unserer Kontrolle vor. Siehe auch Abschnitt \u201eH\u00f6here Gewalt (Force Majeure)\u201c.<\/p>\n<hr class=\"\" data-start=\"2902\" data-end=\"2905\" \/>\n<h3 class=\"\" data-start=\"2907\" data-end=\"2924\">REPARATUREN<\/h3>\n<p class=\"\" data-start=\"2925\" data-end=\"3360\">Prim\u00e4r wird das Produkt an unseren Lieferanten zur Fehleranalyse gesendet, wenn wir es nicht selbst reparieren k\u00f6nnen. Die Bearbeitung beginnt erst, wenn das defekte Produkt bei Wifi.se eingegangen ist und der beschriebene Fehler best\u00e4tigt wurde. Die Bearbeitungszeit betr\u00e4gt i.d.R. 7 Werktage. Kann der Schaden nicht behoben werden, wird das Produkt an den Lieferanten weitergeleitet, was zu l\u00e4ngeren Bearbeitungszeiten f\u00fchren kann.<\/p>\n<p class=\"\" data-start=\"3362\" data-end=\"3492\">R\u00fccksendungen defekter Ware an uns erfolgen auf Kosten des K\u00e4ufers. Reparierte Ware wird auf Kosten des Verk\u00e4ufers zur\u00fcckgesendet.<\/p>\n<hr class=\"\" data-start=\"3494\" data-end=\"3497\" \/>\n<h3 class=\"\" data-start=\"3499\" data-end=\"3532\">VERTRAGSDAUER UND K\u00dcNDIGUNG<\/h3>\n<p class=\"\" data-start=\"3533\" data-end=\"3659\">Das Abonnement l\u00e4uft auf unbestimmte Zeit. Die Mindestlaufzeit betr\u00e4gt 4 oder 12 Monate und funktioniert wie ein Abonnement.<\/p>\n<p class=\"\" data-start=\"3661\" data-end=\"3857\">Die K\u00fcndigung muss 30 Tage vor Ablauf der Abonnementslaufzeit erfolgen. Erfolgt keine K\u00fcndigung, wird automatisch eine Rechnung erstellt oder der Betrag f\u00fcr weitere 30 Tage automatisch eingezogen.<\/p>\n<p class=\"\" data-start=\"3859\" data-end=\"4076\">Zahlungen werden \u00fcber Klarna AB abgewickelt, eine sichere elektronische Zahlungsplattform. Karteninformationen werden verschl\u00fcsselt \u00fcber SSL\/TLS \u00fcbertragen. Alle Daten werden gem\u00e4\u00df den PCI DSS-Richtlinien gespeichert.<\/p>\n<hr class=\"\" data-start=\"4078\" data-end=\"4081\" \/>\n<h3 class=\"\" data-start=\"4083\" data-end=\"4110\">DATENSCHUTZ UND DSGVO<\/h3>\n<p class=\"\" data-start=\"4111\" data-end=\"4534\">Wir verarbeiten personenbezogene Daten gem\u00e4\u00df der Datenschutz-Grundverordnung (DSGVO). Mit dem Kauf stimmen Sie der Speicherung und Verarbeitung Ihrer Daten zu. Diese dienen zur Vertragserf\u00fcllung und zum Gesch\u00e4ftsbetrieb. Sie haben das Recht auf Auskunft, Berichtigung, Einschr\u00e4nkung und L\u00f6schung Ihrer Daten, soweit gesetzlich zul\u00e4ssig. Weitere Informationen finden Sie in unserer Datenschutzerkl\u00e4rung auf unserer Webseite.<\/p>\n<hr class=\"\" data-start=\"4536\" data-end=\"4539\" \/>\n<h3 class=\"\" data-start=\"4541\" data-end=\"4568\">ABONNEMENT \u2013 LAUFZEIT<\/h3>\n<p class=\"\" data-start=\"4569\" data-end=\"4685\">Alle Abonnements laufen f\u00fcr 365 Tage (1 Jahr). Im zweiten Jahr erfolgt eine automatische Verl\u00e4ngerung und Abbuchung.<\/p>\n<hr class=\"\" data-start=\"4687\" data-end=\"4690\" \/>\n<h3 class=\"\" data-start=\"4692\" data-end=\"4724\">GARANTIE UND REKLAMATIONEN<\/h3>\n<p class=\"\" data-start=\"4725\" data-end=\"4801\">Router, Routerpakete, Antennen und Zubeh\u00f6r haben eine Garantie von 1 Jahr.<\/p>\n<p class=\"\" data-start=\"4803\" data-end=\"5037\">Fehler und M\u00e4ngel m\u00fcssen innerhalb einer angemessenen Frist nach Feststellung gemeldet werden. Sp\u00e4testens jedoch innerhalb von 3 Jahren nach Erhalt der Ware \u2013 sofern keine abweichende Garantie, Zusage oder gesetzliche Regelung gilt.<\/p>\n<p class=\"\" data-start=\"5039\" data-end=\"5227\">Wenn nach einer Fehleranalyse kein urspr\u00fcnglicher Mangel festgestellt wird, beh\u00e4lt sich Wifi.se das Recht vor, eine Analysegeb\u00fchr von derzeit mindestens 500\u202fSEK (inkl. MwSt.) zu berechnen.<\/p>\n<hr class=\"\" data-start=\"5229\" data-end=\"5232\" \/>\n<h3 class=\"\" data-start=\"5234\" data-end=\"5257\">FAIR USAGE POLICY<\/h3>\n<p class=\"\" data-start=\"5258\" data-end=\"5585\">F\u00fcr unsere SIM-Karten, bei denen das Datenvolumen 365 Tage lang gespeichert werden kann, muss mindestens 50\u202f% der Datenmenge in Schweden verbraucht werden. Die SIM-Karte muss auch in Schweden gekauft worden sein. Bei Missbrauch (z.\u202fB. ausschlie\u00dfliche Nutzung im Ausland) behalten wir uns das Recht vor, das SIM-Kart zu sperren.<\/p>\n<hr class=\"\" data-start=\"5587\" data-end=\"5590\" \/>\n<h3 class=\"\" data-start=\"5592\" data-end=\"5620\">ALLGEMEINE BEDINGUNGEN<\/h3>\n<p class=\"\" data-start=\"5621\" data-end=\"5828\">(Der Text \u00fcber Vertr\u00e4ge, Dienstleistungsinhalte, Kundendaten, technische Einschr\u00e4nkungen, Missbrauch, Geb\u00fchren und \u00c4nderungen ist sehr umfangreich. M\u00f6chtest du, dass ich auch diesen Teil komplett \u00fcbersetze?)<\/p>\n<hr class=\"\" data-start=\"5830\" data-end=\"5833\" \/>\n<p class=\"\" data-start=\"5835\" data-end=\"6051\">Wenn du magst, kann ich den <strong data-start=\"5863\" data-end=\"5882\">restlichen Text<\/strong>, also den Teil zu <strong data-start=\"5901\" data-end=\"5992\">Vertragsbedingungen, Nutzungspflichten, technischer Ausstattung und Zahlungsmodalit\u00e4ten<\/strong>, auch gerne ins Deutsche \u00fcbersetzen. Sag einfach Bescheid!<\/p>\n<\/div>\n<\/div>\n<\/div>\n<\/div>\n<\/div>\n<\/div>\n<\/div>\n<\/div>\n<\/article>\n<\/div>\n<\/div>\n<\/div>\n<\/div>\n<div class=\"isolate w-full basis-auto has-data-has-thread-error:pt-2 has-data-has-thread-error:[box-shadow:var(--sharp-edge-bottom-shadow)] md:border-transparent md:pt-0 dark:border-white\/20 md:dark:border-transparent flex flex-col\">\n<div>\n<div class=\"text-base mx-auto px-3 md:px-4 w-full md:px-5 lg:px-4 xl:px-5\">\n<div class=\"mx-auto flex flex-1 text-base gap-4 md:gap-5 lg:gap-6 md:max-w-3xl lg:max-w-[40rem] xl:max-w-[48rem]\">\n<div class=\"relative z-1 flex max-w-full flex-1 flex-col h-full max-xs:[--force-hide-label:none]\" aria-haspopup=\"dialog\" aria-expanded=\"false\" aria-controls=\"radix-:R7khioukkt995j5:\" data-state=\"closed\">\n<form class=\"w-full [view-transition-name:var(--vt-composer)]\" data-type=\"unified-composer\">\n<div class=\"border-token-border-xlight flex w-full cursor-text flex-col items-center justify-center rounded-[28px] border bg-clip-padding contain-inline-size overflow-clip shadow-sm sm:shadow-lg dark:shadow-none! bg-token-main-surface-primary dark:bg-[#303030]\">\n<div class=\"relative flex w-full items-end px-3 py-3\">\n<div class=\"relative flex w-full flex-auto flex-col\">\n<div class=\"justify-content-end relative ms-2 flex w-full flex-auto flex-col\">\n<div class=\"flex-auto\">\u00a0<\/div>\n<\/div>\n<div>\u00a0<\/div>\n<\/div>\n<\/div>\n<\/div>\n<\/form>\n<\/div>\n<\/div>\n<\/div>\n<\/div>\n<\/div>\n","protected":false},"excerpt":{"rendered":"<p>KAUFBEDINGUNGEN UNTERNEHMENSINFORMATION F\u00fcr K\u00e4ufe \u00fcber www.wifi.se ist die Firma Wifi.se Sverige AB verantwortlich, Organisationsnummer: 556421-1216, mit internationaler USt.-ID: SE556421121601.Adresse:Wifi.se, Artillerigatan 6, 114 51 Stockholm, Schweden PREISE Alle Preise sind in schwedischen Kronen (SEK) angegeben und enthalten Mehrwertsteuer sowie sonstige Geb\u00fchren. Die Gesamtkosten f\u00fcr den Kauf werden deutlich angezeigt, bevor die Bestellung abgeschlossen wird, und beinhalten [&#8230;]\n","protected":false},"author":153,"featured_media":0,"parent":0,"menu_order":0,"comment_status":"closed","ping_status":"closed","template":"","meta":{"_acf_changed":false,"footnotes":""},"class_list":["post-32223","page","type-page","status-publish","hentry"],"acf":[],"yoast_head":"<!-- This site is optimized with the Yoast SEO plugin v27.1.1 - https:\/\/yoast.com\/product\/yoast-seo-wordpress\/ -->\n<title>Einkaufsbedingungen - WIFI.SE\/DE<\/title>\n<meta name=\"robots\" content=\"index, follow, max-snippet:-1, max-image-preview:large, max-video-preview:-1\" \/>\n<link rel=\"canonical\" href=\"https:\/\/wifi.se\/de\/einkaufsbedingungen\/\" \/>\n<meta property=\"og:locale\" content=\"de_DE\" \/>\n<meta property=\"og:type\" content=\"article\" \/>\n<meta property=\"og:title\" content=\"Einkaufsbedingungen - WIFI.SE\/DE\" \/>\n<meta property=\"og:description\" content=\"KAUFBEDINGUNGEN UNTERNEHMENSINFORMATION F\u00fcr K\u00e4ufe \u00fcber www.wifi.se ist die Firma Wifi.se Sverige AB verantwortlich, Organisationsnummer: 556421-1216, mit internationaler USt.-ID: SE556421121601.Adresse:Wifi.se, Artillerigatan 6, 114 51 Stockholm, Schweden PREISE Alle Preise sind in schwedischen Kronen (SEK) angegeben und enthalten Mehrwertsteuer sowie sonstige Geb\u00fchren. Die Gesamtkosten f\u00fcr den Kauf werden deutlich angezeigt, bevor die Bestellung abgeschlossen wird, und beinhalten [...]\" \/>\n<meta property=\"og:url\" content=\"https:\/\/wifi.se\/de\/einkaufsbedingungen\/\" \/>\n<meta property=\"og:site_name\" content=\"WIFI.SE\/DE\" \/>\n<meta property=\"article:modified_time\" content=\"2025-04-08T12:28:13+00:00\" \/>\n<meta name=\"twitter:card\" content=\"summary_large_image\" \/>\n<script type=\"application\/ld+json\" class=\"yoast-schema-graph\">{\"@context\":\"https:\/\/schema.org\",\"@graph\":[{\"@type\":\"WebPage\",\"@id\":\"https:\/\/wifi.se\/de\/einkaufsbedingungen\/\",\"url\":\"https:\/\/wifi.se\/de\/einkaufsbedingungen\/\",\"name\":\"Einkaufsbedingungen - WIFI.SE\/DE\",\"isPartOf\":{\"@id\":\"https:\/\/wifi.se\/de\/#website\"},\"datePublished\":\"2025-04-08T12:26:26+00:00\",\"dateModified\":\"2025-04-08T12:28:13+00:00\",\"breadcrumb\":{\"@id\":\"https:\/\/wifi.se\/de\/einkaufsbedingungen\/#breadcrumb\"},\"inLanguage\":\"de\",\"potentialAction\":[{\"@type\":\"ReadAction\",\"target\":[\"https:\/\/wifi.se\/de\/einkaufsbedingungen\/\"]}]},{\"@type\":\"BreadcrumbList\",\"@id\":\"https:\/\/wifi.se\/de\/einkaufsbedingungen\/#breadcrumb\",\"itemListElement\":[{\"@type\":\"ListItem\",\"position\":1,\"name\":\"Hem\",\"item\":\"https:\/\/wifi.se\/de\/\"},{\"@type\":\"ListItem\",\"position\":2,\"name\":\"Einkaufsbedingungen\"}]},{\"@type\":\"WebSite\",\"@id\":\"https:\/\/wifi.se\/de\/#website\",\"url\":\"https:\/\/wifi.se\/de\/\",\"name\":\"WIFI.SE\/DE\",\"description\":\"INTERNET \u00dcBERALL\",\"potentialAction\":[{\"@type\":\"SearchAction\",\"target\":{\"@type\":\"EntryPoint\",\"urlTemplate\":\"https:\/\/wifi.se\/de\/?s={search_term_string}\"},\"query-input\":{\"@type\":\"PropertyValueSpecification\",\"valueRequired\":true,\"valueName\":\"search_term_string\"}}],\"inLanguage\":\"de\"}]}<\/script>\n<!-- \/ Yoast SEO plugin. -->","yoast_head_json":{"title":"Einkaufsbedingungen - WIFI.SE\/DE","robots":{"index":"index","follow":"follow","max-snippet":"max-snippet:-1","max-image-preview":"max-image-preview:large","max-video-preview":"max-video-preview:-1"},"canonical":"https:\/\/wifi.se\/de\/einkaufsbedingungen\/","og_locale":"de_DE","og_type":"article","og_title":"Einkaufsbedingungen - WIFI.SE\/DE","og_description":"KAUFBEDINGUNGEN UNTERNEHMENSINFORMATION F\u00fcr K\u00e4ufe \u00fcber www.wifi.se ist die Firma Wifi.se Sverige AB verantwortlich, Organisationsnummer: 556421-1216, mit internationaler USt.-ID: SE556421121601.Adresse:Wifi.se, Artillerigatan 6, 114 51 Stockholm, Schweden PREISE Alle Preise sind in schwedischen Kronen (SEK) angegeben und enthalten Mehrwertsteuer sowie sonstige Geb\u00fchren. Die Gesamtkosten f\u00fcr den Kauf werden deutlich angezeigt, bevor die Bestellung abgeschlossen wird, und beinhalten [...]","og_url":"https:\/\/wifi.se\/de\/einkaufsbedingungen\/","og_site_name":"WIFI.SE\/DE","article_modified_time":"2025-04-08T12:28:13+00:00","twitter_card":"summary_large_image","schema":{"@context":"https:\/\/schema.org","@graph":[{"@type":"WebPage","@id":"https:\/\/wifi.se\/de\/einkaufsbedingungen\/","url":"https:\/\/wifi.se\/de\/einkaufsbedingungen\/","name":"Einkaufsbedingungen - WIFI.SE\/DE","isPartOf":{"@id":"https:\/\/wifi.se\/de\/#website"},"datePublished":"2025-04-08T12:26:26+00:00","dateModified":"2025-04-08T12:28:13+00:00","breadcrumb":{"@id":"https:\/\/wifi.se\/de\/einkaufsbedingungen\/#breadcrumb"},"inLanguage":"de","potentialAction":[{"@type":"ReadAction","target":["https:\/\/wifi.se\/de\/einkaufsbedingungen\/"]}]},{"@type":"BreadcrumbList","@id":"https:\/\/wifi.se\/de\/einkaufsbedingungen\/#breadcrumb","itemListElement":[{"@type":"ListItem","position":1,"name":"Hem","item":"https:\/\/wifi.se\/de\/"},{"@type":"ListItem","position":2,"name":"Einkaufsbedingungen"}]},{"@type":"WebSite","@id":"https:\/\/wifi.se\/de\/#website","url":"https:\/\/wifi.se\/de\/","name":"WIFI.SE\/DE","description":"INTERNET \u00dcBERALL","potentialAction":[{"@type":"SearchAction","target":{"@type":"EntryPoint","urlTemplate":"https:\/\/wifi.se\/de\/?s={search_term_string}"},"query-input":{"@type":"PropertyValueSpecification","valueRequired":true,"valueName":"search_term_string"}}],"inLanguage":"de"}]}},"_links":{"self":[{"href":"https:\/\/wifi.se\/de\/wp-json\/wp\/v2\/pages\/32223","targetHints":{"allow":["GET"]}}],"collection":[{"href":"https:\/\/wifi.se\/de\/wp-json\/wp\/v2\/pages"}],"about":[{"href":"https:\/\/wifi.se\/de\/wp-json\/wp\/v2\/types\/page"}],"author":[{"embeddable":true,"href":"https:\/\/wifi.se\/de\/wp-json\/wp\/v2\/users\/153"}],"replies":[{"embeddable":true,"href":"https:\/\/wifi.se\/de\/wp-json\/wp\/v2\/comments?post=32223"}],"version-history":[{"count":2,"href":"https:\/\/wifi.se\/de\/wp-json\/wp\/v2\/pages\/32223\/revisions"}],"predecessor-version":[{"id":32225,"href":"https:\/\/wifi.se\/de\/wp-json\/wp\/v2\/pages\/32223\/revisions\/32225"}],"wp:attachment":[{"href":"https:\/\/wifi.se\/de\/wp-json\/wp\/v2\/media?parent=32223"}],"curies":[{"name":"wp","href":"https:\/\/api.w.org\/{rel}","templated":true}]}}