{"id":11906,"date":"2021-02-23T22:32:50","date_gmt":"2021-02-23T22:32:50","guid":{"rendered":"https:\/\/wifi.se\/?page_id=11906"},"modified":"2025-04-10T12:56:42","modified_gmt":"2025-04-10T10:56:42","slug":"partners","status":"publish","type":"page","link":"https:\/\/wifi.se\/de\/partners\/","title":{"rendered":"Partner"},"content":{"rendered":"\n\t<section class=\"section\" id=\"section_1463745958\">\n\t\t<div class=\"section-bg fill\" >\n\t\t\t\t\t\t\t\t\t\n\t\t\t\n\n\t\t<\/div>\n\n\t\t\n\n\t\t<div class=\"section-content relative\">\n\t\t\t\n<div class=\"row\"  id=\"row-1737910424\">\n\n\t<div id=\"col-435141785\" class=\"col small-12 large-12\"  >\n\t\t\t\t<div class=\"col-inner\"  >\n\t\t\t\n\t\t\t\n\t<div id=\"gap-1979164468\" class=\"gap-element clearfix\" style=\"display:block; height:auto;\">\n\t\t\n<style>\n#gap-1979164468 {\n  padding-top: 30px;\n}\n<\/style>\n\t<\/div>\n\t\n<h1>PARTNER<\/h1>\n\t\t<\/div>\n\t\t\t\t\t<\/div>\n\n\t\n<\/div>\n\t\t<\/div>\n\n\t\t\n<style>\n#section_1463745958 {\n  padding-top: 0px;\n  padding-bottom: 0px;\n}\n@media (min-width:550px) {\n  #section_1463745958 {\n    padding-top: 0px;\n    padding-bottom: 0px;\n  }\n}\n<\/style>\n\t<\/section>\n\t\n\n\t<section class=\"section\" id=\"section_1654549774\">\n\t\t<div class=\"section-bg fill\" >\n\t\t\t\t\t\t\t\t\t\n\t\t\t\n\n\t\t<\/div>\n\n\t\t\n\n\t\t<div class=\"section-content relative\">\n\t\t\t\n<div class=\"row\"  id=\"row-2145856203\">\n\n\t<div id=\"col-315328535\" class=\"col small-12 large-12\"  >\n\t\t\t\t<div class=\"col-inner\"  >\n\t\t\t\n\t\t\t\n\n\t\t<div class=\"tabbed-content\">\n\t\t\t\n\t\t\t<ul class=\"nav nav-outline nav-normal nav-size-large nav-left\" role=\"tablist\"><li id=\"tab-husbilsskolan\" class=\"tab active has-icon\" role=\"presentation\"><a href=\"#tab_husbilsskolan\" role=\"tab\" aria-selected=\"true\" aria-controls=\"tab_husbilsskolan\"><span>Husbilsskolan<\/span><\/a><\/li>\n<li id=\"tab-allt-om-husbilen\" class=\"tab has-icon\" role=\"presentation\"><a href=\"#tab_allt-om-husbilen\" tabindex=\"-1\" role=\"tab\" aria-selected=\"false\" aria-controls=\"tab_allt-om-husbilen\"><span>Allt om husbilen<\/span><\/a><\/li>\n<li id=\"tab-caravan-club\" class=\"tab has-icon\" role=\"presentation\"><a href=\"#tab_caravan-club\" tabindex=\"-1\" role=\"tab\" aria-selected=\"false\" aria-controls=\"tab_caravan-club\"><span>Caravan Club<\/span><\/a><\/li>\n<li id=\"tab-husbilsklubben.se\" class=\"tab has-icon\" role=\"presentation\"><a href=\"#tab_husbilsklubben.se\" tabindex=\"-1\" role=\"tab\" aria-selected=\"false\" aria-controls=\"tab_husbilsklubben.se\"><span>Husbilsklubben.se<\/span><\/a><\/li>\n<li id=\"tab-camping-key-europe\" class=\"tab has-icon\" role=\"presentation\"><a href=\"#tab_camping-key-europe\" tabindex=\"-1\" role=\"tab\" aria-selected=\"false\" aria-controls=\"tab_camping-key-europe\"><span>Camping Key Europe<\/span><\/a><\/li><\/ul><div class=\"tab-panels\"><div id=\"tab_husbilsskolan\" class=\"panel active entry-content\" role=\"tabpanel\" aria-labelledby=\"tab-husbilsskolan\">\n<div class=\"row\"  id=\"row-2142258202\">\n\n\t<div id=\"col-1926600127\" class=\"col medium-4 small-12 large-4\"  >\n\t\t\t\t<div class=\"col-inner\" style=\"background-color:#21517c;\" >\n\t\t\t\n\t\t\t\n\t<div class=\"img has-hover x md-x lg-x y md-y lg-y\" id=\"image_1695556632\">\n\t\t<a class=\"\" href=\"https:\/\/husbilsskolan.se\/\" >\t\t\t\t\t\t<div class=\"img-inner dark\" >\n\t\t\t<img loading=\"lazy\" decoding=\"async\" width=\"904\" height=\"258\" src=\"https:\/\/wifi.se\/de\/wp-content\/uploads\/sites\/7\/2021\/02\/Picture-1.png\" class=\"attachment-original size-original\" alt=\"Husbilsskolan\" srcset=\"https:\/\/wifi.se\/de\/wp-content\/uploads\/sites\/7\/2021\/02\/Picture-1.png 904w, https:\/\/wifi.se\/de\/wp-content\/uploads\/sites\/7\/2021\/02\/Picture-1-510x146.png 510w, https:\/\/wifi.se\/de\/wp-content\/uploads\/sites\/7\/2021\/02\/Picture-1-64x18.png 64w, https:\/\/wifi.se\/de\/wp-content\/uploads\/sites\/7\/2021\/02\/Picture-1-300x86.png 300w, https:\/\/wifi.se\/de\/wp-content\/uploads\/sites\/7\/2021\/02\/Picture-1-768x219.png 768w, https:\/\/wifi.se\/de\/wp-content\/uploads\/sites\/7\/2021\/02\/Picture-1-200x57.png 200w, https:\/\/wifi.se\/de\/wp-content\/uploads\/sites\/7\/2021\/02\/Picture-1-400x114.png 400w, https:\/\/wifi.se\/de\/wp-content\/uploads\/sites\/7\/2021\/02\/Picture-1-600x171.png 600w, https:\/\/wifi.se\/de\/wp-content\/uploads\/sites\/7\/2021\/02\/Picture-1-800x228.png 800w, https:\/\/wifi.se\/de\/wp-content\/uploads\/sites\/7\/2021\/02\/Picture-1-500x143.png 500w, https:\/\/wifi.se\/de\/wp-content\/uploads\/sites\/7\/2021\/02\/Picture-1-700x200.png 700w\" sizes=\"auto, (max-width: 904px) 100vw, 904px\" \/>\t\t\t\t\t\t\n\t\t\t\t\t<\/div>\n\t\t\t\t\t\t<\/a>\t\t\n<style>\n#image_1695556632 {\n  width: 100%;\n}\n<\/style>\n\t<\/div>\n\t\n\t\t<\/div>\n\t\t\t\t\n<style>\n#col-1926600127 > .col-inner {\n  padding: 10px 10px 10px 10px;\n  border-radius: 10px;\n}\n<\/style>\n\t<\/div>\n\n\t\n<\/div>\n<p>Seit sechs Jahren ist die <a href=\"https:\/\/husbilsskolan.se\/\"><span style=\"text-decoration: underline;\">Husbilsskolan<\/span><\/a> ein fester Bestandteil einiger Campingmessen des Landes.<br \/>Das Konzept ist einfach: Experten f\u00fcr verschiedene Aspekte des Wohnmobillebens stehen am Stand bereit, um die Fragen der Besucher zu beantworten.<br \/>Dabei kann es um Unterschiede zwischen Wohnmobilen, das Laden von Batterien, Vorschriften in den Ziell\u00e4ndern, Gesetze, Steuern \u2013 alles, was Sie interessiert \u2013 gehen.<br \/>Auf den Messen haben wir festgestellt, dass der Wissensbedarf enorm gro\u00df ist. Um auch au\u00dferhalb der Messe helfen zu k\u00f6nnen, haben wir einen internetbasierten Service entwickelt, der denselben Zweck erf\u00fcllt.<\/p>\n<p>Sie k\u00f6nnen entweder eine einzelne Frage stellen oder eine Mitgliedschaft erwerben und ein Jahr lang kostenlos auf unser Fachwissen zugreifen. Um die Seite mit n\u00fctzlichen Informationen zu bereichern, ver\u00f6ffentlichen wir Reiseberichte aus Schweden und Europa.<\/p>\n<p>Nicht irgendwelche Reiseberichte!<br \/>Die Artikel werden von erfahrenen Wohnmobilreisenden geschrieben, die die Reise immer selbst unternommen haben!<br \/>Wir werden auch nach und nach technische Artikel zu verschiedenen Themen wie Bordelektrik, Sanit\u00e4ranlagen und einige Heimwerkerartikel ver\u00f6ffentlichen.<\/p>\n<p>Die Wohnmobilschule ist ein unabh\u00e4ngiger, unparteiischer Service f\u00fcr Sie als Verbraucher. Wir m\u00f6chten Ihnen helfen, das Beste aus Ihrem Wohnmobilleben herauszuholen.<\/p>\n<p>Wir k\u00f6nnen auch f\u00fcr technische Besprechungen und Seminare gebucht werden.<\/p>\n<\/div>\n<div id=\"tab_allt-om-husbilen\" class=\"panel entry-content\" role=\"tabpanel\" aria-labelledby=\"tab-allt-om-husbilen\">\n<div class=\"row\"  id=\"row-681466906\">\n\n\t<div id=\"col-846700463\" class=\"col medium-3 small-12 large-3\"  >\n\t\t\t\t<div class=\"col-inner text-left\"  >\n\t\t\t\n\t\t\t\n\t<div class=\"img has-hover x md-x lg-x y md-y lg-y\" id=\"image_224152455\">\n\t\t<a class=\"\" href=\"https:\/\/alltomhusbilen.se\/\" >\t\t\t\t\t\t<div class=\"img-inner dark\" >\n\t\t\t<img loading=\"lazy\" decoding=\"async\" width=\"904\" height=\"606\" src=\"https:\/\/wifi.se\/de\/wp-content\/uploads\/sites\/7\/2021\/02\/Picture2.png\" class=\"attachment-original size-original\" alt=\"\" srcset=\"https:\/\/wifi.se\/de\/wp-content\/uploads\/sites\/7\/2021\/02\/Picture2.png 904w, https:\/\/wifi.se\/de\/wp-content\/uploads\/sites\/7\/2021\/02\/Picture2-510x342.png 510w, https:\/\/wifi.se\/de\/wp-content\/uploads\/sites\/7\/2021\/02\/Picture2-64x43.png 64w, https:\/\/wifi.se\/de\/wp-content\/uploads\/sites\/7\/2021\/02\/Picture2-300x201.png 300w, https:\/\/wifi.se\/de\/wp-content\/uploads\/sites\/7\/2021\/02\/Picture2-768x515.png 768w, https:\/\/wifi.se\/de\/wp-content\/uploads\/sites\/7\/2021\/02\/Picture2-200x134.png 200w, https:\/\/wifi.se\/de\/wp-content\/uploads\/sites\/7\/2021\/02\/Picture2-400x268.png 400w, https:\/\/wifi.se\/de\/wp-content\/uploads\/sites\/7\/2021\/02\/Picture2-600x402.png 600w, https:\/\/wifi.se\/de\/wp-content\/uploads\/sites\/7\/2021\/02\/Picture2-800x536.png 800w, https:\/\/wifi.se\/de\/wp-content\/uploads\/sites\/7\/2021\/02\/Picture2-500x335.png 500w, https:\/\/wifi.se\/de\/wp-content\/uploads\/sites\/7\/2021\/02\/Picture2-700x469.png 700w\" sizes=\"auto, (max-width: 904px) 100vw, 904px\" \/>\t\t\t\t\t\t\n\t\t\t\t\t<\/div>\n\t\t\t\t\t\t<\/a>\t\t\n<style>\n#image_224152455 {\n  width: 100%;\n}\n<\/style>\n\t<\/div>\n\t\n\t\t<\/div>\n\t\t\t\t\n<style>\n#col-846700463 > .col-inner {\n  padding: 0px 0px 0px 0px;\n  border-radius: 10px;\n}\n<\/style>\n\t<\/div>\n\n\t\n<\/div>\n<p>Ein zauberhaft tolles Konzept<\/p>\n<p>alltomhusbilen.se ist ein Portal f\u00fcr alle Wohnmobil-Enthusiasten. F\u00fcr alle, die ein Wohnmobil besitzen, alle, die umsteigen m\u00f6chten, alle, die ihr erstes Wohnmobil kaufen m\u00f6chten, und alle, die einfach neugierig sind und mehr erfahren m\u00f6chten. Alles kostenlos, ohne Mitgliedschaft oder andere Umst\u00e4nde.<\/p>\n<p>Wir testen neue und gebrauchte Wohnmobile und Zubeh\u00f6r. Unsere Testbibliothek ist die umfangreichste in Schweden. Sie k\u00f6nnen mit nur einem Klick darauf zugreifen.<\/p>\n<p>Wir besuchen auch Messen, Fabriken und reisen zu interessanten Orten \u2013 alles, um Sie auf dem Laufenden zu halten und zu inspirieren.<\/p>\n<p>alltomhusbilen.se verbringt auch viel Zeit in Werkst\u00e4tten, um Wohnmobilreparaturen, Zubeh\u00f6rinstallationen und Fahrwerksverbesserungen f\u00fcr mehr Fahrkomfort zu beobachten.<\/p>\n<p>Wir, die Betreiber von alltomhusbilen.se, sind von Neugier und dem Wunsch getrieben, Wissen zu verbreiten. Wir alle verf\u00fcgen \u00fcber umfassende Erfahrung mit Wohnmobilen und der Wohnmobilbranche. Keine andere Redaktion, ob online oder offline, verf\u00fcgt \u00fcber mehr gesammelte Erfahrung und Wissen. Das versprechen wir Ihnen!<\/p>\n<p>Wir w\u00fcnschen Ihnen viele lange und interessante Momente vor Ihrem Computer, Tablet oder Handy, ob zu Hause oder im Wohnmobil.<\/p>\n<\/div>\n<div id=\"tab_caravan-club\" class=\"panel entry-content\" role=\"tabpanel\" aria-labelledby=\"tab-caravan-club\">\n<div class=\"row\"  id=\"row-1467091882\">\n\n\t<div id=\"col-1284257088\" class=\"col medium-3 small-12 large-3\"  >\n\t\t\t\t<div class=\"col-inner text-left\"  >\n\t\t\t\n\t\t\t\n\t<div class=\"img has-hover x md-x lg-x y md-y lg-y\" id=\"image_1678757346\">\n\t\t<a class=\"\" href=\"https:\/\/caravanclub.se\/\" >\t\t\t\t\t\t<div class=\"img-inner dark\" >\n\t\t\t<img loading=\"lazy\" decoding=\"async\" width=\"270\" height=\"187\" src=\"https:\/\/wifi.se\/de\/wp-content\/uploads\/sites\/7\/2021\/03\/caravanclub.png\" class=\"attachment-original size-original\" alt=\"\" srcset=\"https:\/\/wifi.se\/de\/wp-content\/uploads\/sites\/7\/2021\/03\/caravanclub.png 270w, https:\/\/wifi.se\/de\/wp-content\/uploads\/sites\/7\/2021\/03\/caravanclub-64x44.png 64w, https:\/\/wifi.se\/de\/wp-content\/uploads\/sites\/7\/2021\/03\/caravanclub-200x139.png 200w\" sizes=\"auto, (max-width: 270px) 100vw, 270px\" \/>\t\t\t\t\t\t\n\t\t\t\t\t<\/div>\n\t\t\t\t\t\t<\/a>\t\t\n<style>\n#image_1678757346 {\n  width: 100%;\n}\n<\/style>\n\t<\/div>\n\t\n\t\t<\/div>\n\t\t\t\t\n<style>\n#col-1284257088 > .col-inner {\n  padding: 0px 0px 0px 0px;\n  border-radius: 10px;\n}\n<\/style>\n\t<\/div>\n\n\t\n<\/div>\n<p>WILLKOMMEN IM CARAVAN CLUB OF SWEDEN<\/p>\n<p>Der Caravan Club ist ein gemeinn\u00fctziger Verein f\u00fcr alle, die das Campingleben lieben. Gegr\u00fcndet 1958, z\u00e4hlt der Club heute \u00fcber 28.000 Mitgliedsfamilien. Der Caravan Club stellt die Familie in den Mittelpunkt und bietet ma\u00dfgeschneiderte Aktivit\u00e4ten f\u00fcr jeden Geschmack und jedes Bed\u00fcrfnis. Grundlage unserer Aktivit\u00e4ten ist ein aktives Freizeit- und Outdoor-Leben mit zahlreichen Veranstaltungen, umfangreichen Treffen, Schulungen, technischer Beratung und vielem mehr. Wir investieren au\u00dferdem erhebliche Mittel in die Verbesserung der Verkehrssicherheit und die Entwicklung des Campinglebens. Wir engagieren uns stark f\u00fcr die Umwelt und legen dabei Wert auf unsere eigene und die Lebenswelt zuk\u00fcnftiger Generationen. Der Caravan Club ist Schwedens gr\u00f6\u00dfter privater Campingplatzbetreiber mit 34 Stellpl\u00e4tzen von Vindeln in V\u00e4sterbotten bis Iv\u00f6n in Sk\u00e5ne. Die Arbeit des Clubs basiert haupts\u00e4chlich auf dem ehrenamtlichen Engagement unserer Mitglieder. Viele von ihnen engagieren sich Tausende von Stunden im Club, darunter rund 800 gew\u00e4hlte Vertreter in verschiedenen Funktionen.<\/p>\n<\/div>\n<div id=\"tab_husbilsklubben.se\" class=\"panel entry-content\" role=\"tabpanel\" aria-labelledby=\"tab-husbilsklubben.se\">\n<div class=\"row\"  id=\"row-656283576\">\n\n\t<div id=\"col-1287947320\" class=\"col medium-3 small-12 large-3\"  >\n\t\t\t\t<div class=\"col-inner text-left\"  >\n\t\t\t\n\t\t\t\n\t<div class=\"img has-hover x md-x lg-x y md-y lg-y\" id=\"image_471006657\">\n\t\t<a class=\"\" href=\"https:\/\/husbilsklubben.se\/\" >\t\t\t\t\t\t<div class=\"img-inner dark\" >\n\t\t\t<img loading=\"lazy\" decoding=\"async\" width=\"373\" height=\"135\" src=\"https:\/\/wifi.se\/de\/wp-content\/uploads\/sites\/7\/2020\/12\/husbilsklubben.png\" class=\"attachment-original size-original\" alt=\"husbilsklubben.se\" srcset=\"https:\/\/wifi.se\/de\/wp-content\/uploads\/sites\/7\/2020\/12\/husbilsklubben.png 373w, https:\/\/wifi.se\/de\/wp-content\/uploads\/sites\/7\/2020\/12\/husbilsklubben-64x23.png 64w, https:\/\/wifi.se\/de\/wp-content\/uploads\/sites\/7\/2020\/12\/husbilsklubben-300x109.png 300w, https:\/\/wifi.se\/de\/wp-content\/uploads\/sites\/7\/2020\/12\/husbilsklubben-200x72.png 200w\" sizes=\"auto, (max-width: 373px) 100vw, 373px\" \/>\t\t\t\t\t\t\n\t\t\t\t\t<\/div>\n\t\t\t\t\t\t<\/a>\t\t\n<style>\n#image_471006657 {\n  width: 100%;\n}\n<\/style>\n\t<\/div>\n\t\n\t\t<\/div>\n\t\t\t\t\n<style>\n#col-1287947320 > .col-inner {\n  padding: 0px 0px 0px 0px;\n  border-radius: 10px;\n}\n<\/style>\n\t<\/div>\n\n\t\n<\/div>\n<p>Willkommen bei Husbilsklubben.se\u200b<\/p>\n<p>Ob Sie ein Wohnmobil kaufen m\u00f6chten, ein neuer oder erfahrener Wohnmobilbesitzer sind \u2013 wir bieten Ihnen ein Forum zum Erfahrungsaustausch, angenehme Kameradschaft, Wohnmobilstellpl\u00e4tze, Zugang zu Mitgliedervorteilen und vieles mehr.<\/p>\n<p>Ohne Registrierung k\u00f6nnen Sie HBK-Gast sein und Themen und Beitr\u00e4ge im offenen Teil unseres Forums lesen. Geben Sie in Ihrem Browser husbilsklubben.se ein, um zu unserem Forum zu gelangen.<\/p>\n<p>Registrieren Sie sich kostenlos als HBK-Interessierter und verfassen Sie anschlie\u00dfend Beitr\u00e4ge zu Wohnmobilthemen. Erhalten Sie schnell Antworten von unseren rund 15.000 Mitgliedern und ebenso vielen HBK-Interessierten.<\/p>\n<p>Um HBK-Mitglied zu werden, zahlen Sie eine Aufnahme- und Jahresgeb\u00fchr. Die Aufnahmegeb\u00fchr betr\u00e4gt 150 SEK, die Jahresgeb\u00fchr 100 SEK. Insgesamt betr\u00e4gt die Geb\u00fchr im ersten Jahr 250 SEK. In den Folgejahren betr\u00e4gt die Jahresgeb\u00fchr nur noch 100 SEK.<\/p>\n<p>Als Mitglied erhalten Sie Zugriff auf:<\/p>\n<ul>\n<li>unser Forum mit \u00fcber 85.000 Thementhreads und mehr als 915.000 Beitr\u00e4gen unserer Mitglieder seit 2006.<\/li>\n<li>ein Register mit \u00fcber 5.200 Wohnmobilstellpl\u00e4tzen und \u00fcber 1.400 Entsorgungsstationen in Schweden und Europa. W\u00e4hlen Sie auf Ihrem PC, Laptop, Tablet oder Smartphone einen Ort auf der Karte aus, um mehr dar\u00fcber zu erfahren, und klicken Sie dann auf \u201eHierher navigieren\u201c, um die Navigation zu starten.<\/li>\n<li>Treffen unserer Mitglieder, darunter Themenveranstaltungen wie Mittsommerfeiern, Treffen mit fermentiertem Hering, Flusskrebspartys, Wohnmobiltreffen und mehr. Unsere kostenlose Jahresversammlung, die am Himmelfahrtswochenende stattfindet, ist unsere beliebteste und meistbesuchte Veranstaltung. Sie bietet drei Tage lang Wohnmobilmessen, Produktausstellungen, Gebrauchtwagenverk\u00e4ufe, Fragen und Antworten mit dem HBK-Vorstand, Unterhaltung und angenehme Kameradschaft.<\/li>\n<li>Mehr als 75 Mitgliedervorteile in Kategorien wie Literatur, Inspektionen, F\u00e4hren, Kommunikation, Elektronik, Reifen, Propan, Kraftstoff, Versicherungen, erm\u00e4\u00dfigtes Parken, Wohnmobil- und Campingzubeh\u00f6r sowie Service mit Rabatten von 10\u201325 %.<\/li>\n<li>Kauf oder Verkauf von Artikeln, die andere Mitglieder anbieten.<br \/>Lesen Sie Reiseberichte, Besuchstipps und Artikel zu interessanten und relevanten Themen.<\/li>\n<li>Zugang zur Husbilsklubben.se-Gruppe auf Facebook.<\/li>\n<\/ul>\n<\/div>\n<div id=\"tab_camping-key-europe\" class=\"panel entry-content\" role=\"tabpanel\" aria-labelledby=\"tab-camping-key-europe\">\n<div class=\"row\"  id=\"row-511703975\">\n\n\t<div id=\"col-1339125652\" class=\"col medium-3 small-12 large-3\"  >\n\t\t\t\t<div class=\"col-inner text-left\"  >\n\t\t\t\n\t\t\t\n\t<div class=\"img has-hover x md-x lg-x y md-y lg-y\" id=\"image_1837396592\">\n\t\t<a class=\"\" href=\"https:\/\/www.campingkeyeurope.se\/en\" >\t\t\t\t\t\t<div class=\"img-inner dark\" >\n\t\t\t<img loading=\"lazy\" decoding=\"async\" width=\"179\" height=\"96\" src=\"https:\/\/wifi.se\/de\/wp-content\/uploads\/sites\/7\/2021\/02\/CAMPINGlogo.png\" class=\"attachment-original size-original\" alt=\"\" srcset=\"https:\/\/wifi.se\/de\/wp-content\/uploads\/sites\/7\/2021\/02\/CAMPINGlogo.png 179w, https:\/\/wifi.se\/de\/wp-content\/uploads\/sites\/7\/2021\/02\/CAMPINGlogo-64x34.png 64w, https:\/\/wifi.se\/de\/wp-content\/uploads\/sites\/7\/2021\/02\/CAMPINGlogo-177x96.png 177w\" sizes=\"auto, (max-width: 179px) 100vw, 179px\" \/>\t\t\t\t\t\t\n\t\t\t\t\t<\/div>\n\t\t\t\t\t\t<\/a>\t\t\n<style>\n#image_1837396592 {\n  width: 100%;\n}\n<\/style>\n\t<\/div>\n\t\n\t\t<\/div>\n\t\t\t\t\n<style>\n#col-1339125652 > .col-inner {\n  padding: 0px 0px 0px 0px;\n  border-radius: 10px;\n}\n<\/style>\n\t<\/div>\n\n\t\n<\/div>\n<p>Camping Key Europe<\/p>\n<p>Camping Key Europe ist die Vorteilskarte f\u00fcr alle Campingg\u00e4ste. Camping Key Europe ist eine europ\u00e4ische Kooperation mit \u00fcber 700.000 Karteninhabern. Die Karte bietet \u00fcber 3.000 Erm\u00e4\u00dfigungen auf Unterk\u00fcnfte in Schweden und Europa, eine Unfallversicherung sowie zahlreiche Vorteile und Angebote. Seit 2019 ist die Karte vollst\u00e4ndig digital und als App zum Download auf Ihr Smartphone verf\u00fcgbar.<\/p>\n<p>F\u00fcr Sie als Gast<\/p>\n<p>Sie k\u00f6nnen Camping Key Europe online unter <a href=\"https:\/\/www.campingkeyeurope.se\/\"><span style=\"text-decoration: underline;\">Campingkeyeurope.se<\/span><\/a> und auf vielen Campingplatz-Websites erwerben. Sie k\u00f6nnen die Karte auch direkt an der Rezeption aller Campingpl\u00e4tze erwerben, die Mitglied des SCR Svensk Camping sind. Informieren Sie sich \u00fcber die schwedischen Rabatte und kaufen Sie Ihren <a href=\"https:\/\/www.campingkeyeurope.se\/\"><span style=\"text-decoration: underline;\">Camping Key Europe&#8221; auf Campingkeyeurope.se.<\/span><\/a> Bei Fragen erreichen Sie uns unter campingkeyeurope@scr.se.<\/p>\n<p>Schneller einchecken mit Camping Key Europe oder Camping-ID<\/p>\n<p>G\u00e4ste, die auf SCR Svensk Camping angeschlossenen Campingpl\u00e4tzen einchecken, ben\u00f6tigen ab 2019 eine Camping-ID oder einen Camping Key Europe. Mit beiden k\u00f6nnen Sie auf allen Campingpl\u00e4tzen, die Mitglied des Verbands SCR Svensk Camping sind, schneller einchecken. Zeigen Sie Ihre ID in der My Camping Key App vor. Beim Check-in scannt die Rezeption schnell und einfach den QR-Code und spart Ihnen so Zeit.<\/p>\n<p>Vorteile von Camping Key Europe<\/p>\n<ul>\n<li>Schnelleres Ein- und Auschecken<\/li>\n<li>Unterkunftsrabatte auf \u00fcber 3.000 Campingpl\u00e4tzen in Schweden und Europa<\/li>\n<li>Rabatte und Angebote<\/li>\n<li>Internationale Haftpflicht- und Unfallversicherung<\/li>\n<li>G\u00fcltig auf schwedischen und europ\u00e4ischen Campingpl\u00e4tzen<\/li>\n<li>Qualit\u00e4tsgesicherter Urlaub<\/li>\n<li>Der Svensk Camping-Katalog wird j\u00e4hrlich im Februar und M\u00e4rz an schwedische Haushalte ausgeliefert<\/li>\n<\/ul>\n<p>Kartenpartner werden<\/p>\n<p>Als Kartenpartner erreichen Sie alle Camping Key Europe-Karteninhaber \u00fcber verschiedene digitale Kan\u00e4le. <a href=\"mailto:info@scr.se\"><span style=\"text-decoration: underline;\">Kontaktieren Sie uns<\/span><\/a> f\u00fcr weitere Informationen.<\/p>\n<p>Europ\u00e4ische Zusammenarbeit<\/p>\n<p>Camping Key Europe ist eine europ\u00e4ische Zusammenarbeit zwischen Verbraucherorganisationen und Campingplatzvertretern. Der Vertrieb von Camping Key Europe in Schweden wird von SCR Svensk Camping verwaltet.<\/p>\n<\/div><\/div><\/div>\n\t\t<\/div>\n\t\t\t\t\t<\/div>\n\n\t\n<\/div>\n\t\t<\/div>\n\n\t\t\n<style>\n#section_1654549774 {\n  padding-top: 0px;\n  padding-bottom: 0px;\n}\n@media (min-width:550px) {\n  #section_1654549774 {\n    padding-top: 0px;\n    padding-bottom: 0px;\n  }\n}\n@media (min-width:850px) {\n  #section_1654549774 {\n    padding-top: 0px;\n    padding-bottom: 0px;\n  }\n}\n<\/style>\n\t<\/section>\n\t\n","protected":false},"excerpt":{"rendered":"","protected":false},"author":1,"featured_media":0,"parent":0,"menu_order":0,"comment_status":"closed","ping_status":"closed","template":"","meta":{"_acf_changed":false,"footnotes":""},"class_list":["post-11906","page","type-page","status-publish","hentry"],"acf":[],"yoast_head":"<!-- This site is optimized with the Yoast SEO plugin v27.1.1 - https:\/\/yoast.com\/product\/yoast-seo-wordpress\/ -->\n<title>Partners - Wifi.se<\/title>\n<meta name=\"robots\" content=\"index, follow, max-snippet:-1, max-image-preview:large, max-video-preview:-1\" \/>\n<link rel=\"canonical\" href=\"https:\/\/wifi.se\/de\/partners\/\" \/>\n<meta property=\"og:locale\" content=\"de_DE\" \/>\n<meta property=\"og:type\" content=\"article\" \/>\n<meta property=\"og:title\" content=\"Partners - Wifi.se\" \/>\n<meta property=\"og:url\" content=\"https:\/\/wifi.se\/de\/partners\/\" \/>\n<meta property=\"og:site_name\" content=\"WIFI.SE\/DE\" \/>\n<meta property=\"article:modified_time\" content=\"2025-04-10T10:56:42+00:00\" \/>\n<meta name=\"twitter:card\" content=\"summary_large_image\" \/>\n<meta name=\"twitter:label1\" content=\"Gesch\u00e4tzte Lesezeit\" \/>\n\t<meta name=\"twitter:data1\" content=\"8\u00a0Minuten\" \/>\n<script type=\"application\/ld+json\" class=\"yoast-schema-graph\">{\"@context\":\"https:\/\/schema.org\",\"@graph\":[{\"@type\":\"WebPage\",\"@id\":\"https:\/\/wifi.se\/de\/partners\/\",\"url\":\"https:\/\/wifi.se\/de\/partners\/\",\"name\":\"Partners - Wifi.se\",\"isPartOf\":{\"@id\":\"https:\/\/wifi.se\/de\/#website\"},\"datePublished\":\"2021-02-23T22:32:50+00:00\",\"dateModified\":\"2025-04-10T10:56:42+00:00\",\"breadcrumb\":{\"@id\":\"https:\/\/wifi.se\/de\/partners\/#breadcrumb\"},\"inLanguage\":\"de\",\"potentialAction\":[{\"@type\":\"ReadAction\",\"target\":[\"https:\/\/wifi.se\/de\/partners\/\"]}]},{\"@type\":\"BreadcrumbList\",\"@id\":\"https:\/\/wifi.se\/de\/partners\/#breadcrumb\",\"itemListElement\":[{\"@type\":\"ListItem\",\"position\":1,\"name\":\"Hem\",\"item\":\"https:\/\/wifi.se\/de\/\"},{\"@type\":\"ListItem\",\"position\":2,\"name\":\"Partner\"}]},{\"@type\":\"WebSite\",\"@id\":\"https:\/\/wifi.se\/de\/#website\",\"url\":\"https:\/\/wifi.se\/de\/\",\"name\":\"WIFI.SE\/DE\",\"description\":\"INTERNET \u00dcBERALL\",\"potentialAction\":[{\"@type\":\"SearchAction\",\"target\":{\"@type\":\"EntryPoint\",\"urlTemplate\":\"https:\/\/wifi.se\/de\/?s={search_term_string}\"},\"query-input\":{\"@type\":\"PropertyValueSpecification\",\"valueRequired\":true,\"valueName\":\"search_term_string\"}}],\"inLanguage\":\"de\"}]}<\/script>\n<!-- \/ Yoast SEO plugin. -->","yoast_head_json":{"title":"Partners - Wifi.se","robots":{"index":"index","follow":"follow","max-snippet":"max-snippet:-1","max-image-preview":"max-image-preview:large","max-video-preview":"max-video-preview:-1"},"canonical":"https:\/\/wifi.se\/de\/partners\/","og_locale":"de_DE","og_type":"article","og_title":"Partners - Wifi.se","og_url":"https:\/\/wifi.se\/de\/partners\/","og_site_name":"WIFI.SE\/DE","article_modified_time":"2025-04-10T10:56:42+00:00","twitter_card":"summary_large_image","twitter_misc":{"Gesch\u00e4tzte Lesezeit":"8\u00a0Minuten"},"schema":{"@context":"https:\/\/schema.org","@graph":[{"@type":"WebPage","@id":"https:\/\/wifi.se\/de\/partners\/","url":"https:\/\/wifi.se\/de\/partners\/","name":"Partners - Wifi.se","isPartOf":{"@id":"https:\/\/wifi.se\/de\/#website"},"datePublished":"2021-02-23T22:32:50+00:00","dateModified":"2025-04-10T10:56:42+00:00","breadcrumb":{"@id":"https:\/\/wifi.se\/de\/partners\/#breadcrumb"},"inLanguage":"de","potentialAction":[{"@type":"ReadAction","target":["https:\/\/wifi.se\/de\/partners\/"]}]},{"@type":"BreadcrumbList","@id":"https:\/\/wifi.se\/de\/partners\/#breadcrumb","itemListElement":[{"@type":"ListItem","position":1,"name":"Hem","item":"https:\/\/wifi.se\/de\/"},{"@type":"ListItem","position":2,"name":"Partner"}]},{"@type":"WebSite","@id":"https:\/\/wifi.se\/de\/#website","url":"https:\/\/wifi.se\/de\/","name":"WIFI.SE\/DE","description":"INTERNET \u00dcBERALL","potentialAction":[{"@type":"SearchAction","target":{"@type":"EntryPoint","urlTemplate":"https:\/\/wifi.se\/de\/?s={search_term_string}"},"query-input":{"@type":"PropertyValueSpecification","valueRequired":true,"valueName":"search_term_string"}}],"inLanguage":"de"}]}},"_links":{"self":[{"href":"https:\/\/wifi.se\/de\/wp-json\/wp\/v2\/pages\/11906","targetHints":{"allow":["GET"]}}],"collection":[{"href":"https:\/\/wifi.se\/de\/wp-json\/wp\/v2\/pages"}],"about":[{"href":"https:\/\/wifi.se\/de\/wp-json\/wp\/v2\/types\/page"}],"author":[{"embeddable":true,"href":"https:\/\/wifi.se\/de\/wp-json\/wp\/v2\/users\/1"}],"replies":[{"embeddable":true,"href":"https:\/\/wifi.se\/de\/wp-json\/wp\/v2\/comments?post=11906"}],"version-history":[{"count":9,"href":"https:\/\/wifi.se\/de\/wp-json\/wp\/v2\/pages\/11906\/revisions"}],"predecessor-version":[{"id":32362,"href":"https:\/\/wifi.se\/de\/wp-json\/wp\/v2\/pages\/11906\/revisions\/32362"}],"wp:attachment":[{"href":"https:\/\/wifi.se\/de\/wp-json\/wp\/v2\/media?parent=11906"}],"curies":[{"name":"wp","href":"https:\/\/api.w.org\/{rel}","templated":true}]}}